{"id":9831,"date":"2023-05-03T13:51:49","date_gmt":"2023-05-03T13:51:49","guid":{"rendered":"https:\/\/kind.ee\/?post_type=product&#038;p=9831"},"modified":"2025-06-10T10:00:15","modified_gmt":"2025-06-10T10:00:15","slug":"klopsuga-menuualus","status":"publish","type":"product","link":"https:\/\/kind.ee\/et\/toode\/klopsuga-menuualus\/","title":{"rendered":"kl\u00f5psuga men\u00fc\u00fcalus"},"content":{"rendered":"","protected":false},"excerpt":{"rendered":"","protected":false},"featured_media":9838,"template":"","meta":[],"product_brand":[],"product_cat":[620,616],"product_tag":[],"class_list":{"0":"post-9831","1":"product","2":"type-product","3":"status-publish","4":"has-post-thumbnail","6":"product_cat-kontor","7":"product_cat-meened","9":"first","10":"instock","11":"shipping-taxable","12":"purchasable","13":"product-type-simple"},"acf":{"muugi_argumendid":[],"sertifikaadid":[],"season":[],"loige":"","suuruste_tabel":false,"paksus":"","min_kogus":"5","kangas":"","kanga-info":"","toote_pildid_varvide_kaupa":[{"pildid":[{"ID":9840,"id":9840,"title":"AP845182__DG1(2)","filename":"AP845182__DG12.jpg","filesize":563771,"url":"https:\/\/kind.ee\/wp-content\/uploads\/2023\/05\/AP845182__DG12.jpg","link":"https:\/\/kind.ee\/et\/?attachment_id=9840","alt":"","author":"1","description":"","caption":"","name":"ap845182__dg12","status":"inherit","uploaded_to":9831,"date":"2023-05-03 13:50:07","modified":"2023-05-03 13:50:07","menu_order":0,"mime_type":"image\/jpeg","type":"image","subtype":"jpeg","icon":"https:\/\/kind.ee\/wp-includes\/images\/media\/default.png","width":2000,"height":1333,"sizes":{"thumbnail":"https:\/\/kind.ee\/wp-content\/uploads\/2023\/05\/AP845182__DG12-150x150.jpg","thumbnail-width":150,"thumbnail-height":150,"medium":"https:\/\/kind.ee\/wp-content\/uploads\/2023\/05\/AP845182__DG12-300x200.jpg","medium-width":300,"medium-height":200,"medium_large":"https:\/\/kind.ee\/wp-content\/uploads\/2023\/05\/AP845182__DG12-768x512.jpg","medium_large-width":768,"medium_large-height":512,"large":"https:\/\/kind.ee\/wp-content\/uploads\/2023\/05\/AP845182__DG12-1024x682.jpg","large-width":1024,"large-height":682,"1536x1536":"https:\/\/kind.ee\/wp-content\/uploads\/2023\/05\/AP845182__DG12-1536x1024.jpg","1536x1536-width":1536,"1536x1536-height":1024,"2048x2048":"https:\/\/kind.ee\/wp-content\/uploads\/2023\/05\/AP845182__DG12.jpg","2048x2048-width":2000,"2048x2048-height":1333,"galerii_large":"https:\/\/kind.ee\/wp-content\/uploads\/2023\/05\/AP845182__DG12-800x533.jpg","galerii_large-width":800,"galerii_large-height":533,"galerii_large_retina":"https:\/\/kind.ee\/wp-content\/uploads\/2023\/05\/AP845182__DG12-1600x1066.jpg","galerii_large_retina-width":1600,"galerii_large_retina-height":1066,"woocommerce_thumbnail":"https:\/\/kind.ee\/wp-content\/uploads\/2023\/05\/AP845182__DG12-300x300.jpg","woocommerce_thumbnail-width":300,"woocommerce_thumbnail-height":300,"woocommerce_single":"https:\/\/kind.ee\/wp-content\/uploads\/2023\/05\/AP845182__DG12-600x400.jpg","woocommerce_single-width":600,"woocommerce_single-height":400,"woocommerce_gallery_thumbnail":"https:\/\/kind.ee\/wp-content\/uploads\/2023\/05\/AP845182__DG12-100x100.jpg","woocommerce_gallery_thumbnail-width":100,"woocommerce_gallery_thumbnail-height":100}},{"ID":9838,"id":9838,"title":"AP845182-1","filename":"AP845182-1.jpg","filesize":467854,"url":"https:\/\/kind.ee\/wp-content\/uploads\/2023\/05\/AP845182-1.jpg","link":"https:\/\/kind.ee\/et\/?attachment_id=9838","alt":"","author":"1","description":"","caption":"","name":"ap845182-1","status":"inherit","uploaded_to":9831,"date":"2023-05-03 13:48:57","modified":"2023-10-03 08:35:01","menu_order":0,"mime_type":"image\/jpeg","type":"image","subtype":"jpeg","icon":"https:\/\/kind.ee\/wp-includes\/images\/media\/default.png","width":1438,"height":2000,"sizes":{"thumbnail":"https:\/\/kind.ee\/wp-content\/uploads\/2023\/05\/AP845182-1-150x150.jpg","thumbnail-width":150,"thumbnail-height":150,"medium":"https:\/\/kind.ee\/wp-content\/uploads\/2023\/05\/AP845182-1-216x300.jpg","medium-width":216,"medium-height":300,"medium_large":"https:\/\/kind.ee\/wp-content\/uploads\/2023\/05\/AP845182-1-768x1068.jpg","medium_large-width":768,"medium_large-height":1068,"large":"https:\/\/kind.ee\/wp-content\/uploads\/2023\/05\/AP845182-1-736x1024.jpg","large-width":736,"large-height":1024,"1536x1536":"https:\/\/kind.ee\/wp-content\/uploads\/2023\/05\/AP845182-1-1104x1536.jpg","1536x1536-width":1104,"1536x1536-height":1536,"2048x2048":"https:\/\/kind.ee\/wp-content\/uploads\/2023\/05\/AP845182-1.jpg","2048x2048-width":1438,"2048x2048-height":2000,"galerii_large":"https:\/\/kind.ee\/wp-content\/uploads\/2023\/05\/AP845182-1-800x1113.jpg","galerii_large-width":800,"galerii_large-height":1113,"galerii_large_retina":"https:\/\/kind.ee\/wp-content\/uploads\/2023\/05\/AP845182-1.jpg","galerii_large_retina-width":1438,"galerii_large_retina-height":2000,"woocommerce_thumbnail":"https:\/\/kind.ee\/wp-content\/uploads\/2023\/05\/AP845182-1-300x300.jpg","woocommerce_thumbnail-width":300,"woocommerce_thumbnail-height":300,"woocommerce_single":"https:\/\/kind.ee\/wp-content\/uploads\/2023\/05\/AP845182-1-600x834.jpg","woocommerce_single-width":600,"woocommerce_single-height":834,"woocommerce_gallery_thumbnail":"https:\/\/kind.ee\/wp-content\/uploads\/2023\/05\/AP845182-1-100x100.jpg","woocommerce_gallery_thumbnail-width":100,"woocommerce_gallery_thumbnail-height":100}}],"varvikood":false,"varvid-native":false,"varvid-stedman":false,"varvikood-neutral":false,"varvid-sols":false,"midoceani_varvid":false,"purewaste":false,"beechfield-varvid":false,"bagbase":false,"mepal":false}],"tooteinfo":"Toekas metallist kl\u00f5psuga alus, mis aitab organiseerida kontorit\u00f6\u00f6d. See on ka mugav lahendus restoranidele men\u00fc\u00fc alusena. Lihtsalt saab personaliseerida logoga nii metallist kl\u00f5psu kui ka bambusest alust. ","mootmed":"Laius: 22.4 cm<br \/>\r\nPikkus: 32.7 cm<br \/>\r\nKaal: 327 g","materjal":"Bambus","varvus":""},"_links":{"self":[{"href":"https:\/\/kind.ee\/et\/wp-json\/wp\/v2\/product\/9831","targetHints":{"allow":["GET"]}}],"collection":[{"href":"https:\/\/kind.ee\/et\/wp-json\/wp\/v2\/product"}],"about":[{"href":"https:\/\/kind.ee\/et\/wp-json\/wp\/v2\/types\/product"}],"wp:featuredmedia":[{"embeddable":true,"href":"https:\/\/kind.ee\/et\/wp-json\/wp\/v2\/media\/9838"}],"wp:attachment":[{"href":"https:\/\/kind.ee\/et\/wp-json\/wp\/v2\/media?parent=9831"}],"wp:term":[{"taxonomy":"product_brand","embeddable":true,"href":"https:\/\/kind.ee\/et\/wp-json\/wp\/v2\/product_brand?post=9831"},{"taxonomy":"product_cat","embeddable":true,"href":"https:\/\/kind.ee\/et\/wp-json\/wp\/v2\/product_cat?post=9831"},{"taxonomy":"product_tag","embeddable":true,"href":"https:\/\/kind.ee\/et\/wp-json\/wp\/v2\/product_tag?post=9831"}],"curies":[{"name":"wp","href":"https:\/\/api.w.org\/{rel}","templated":true}]}}