{"id":9799,"date":"2023-05-03T12:38:09","date_gmt":"2023-05-03T12:38:09","guid":{"rendered":"https:\/\/kind.ee\/?post_type=product&#038;p=9799"},"modified":"2025-06-10T10:00:15","modified_gmt":"2025-06-10T10:00:15","slug":"3-osaline-markmepaberi-komplekt","status":"publish","type":"product","link":"https:\/\/kind.ee\/et\/toode\/3-osaline-markmepaberi-komplekt\/","title":{"rendered":"3-osaline m\u00e4rkmepaberi komplekt"},"content":{"rendered":"","protected":false},"excerpt":{"rendered":"","protected":false},"featured_media":9800,"template":"","meta":[],"product_brand":[],"product_cat":[620,616],"product_tag":[],"class_list":{"0":"post-9799","1":"product","2":"type-product","3":"status-publish","4":"has-post-thumbnail","6":"product_cat-kontor","7":"product_cat-meened","9":"first","10":"instock","11":"shipping-taxable","12":"purchasable","13":"product-type-simple"},"acf":{"muugi_argumendid":[],"sertifikaadid":[],"season":[],"loige":"","suuruste_tabel":false,"paksus":"","min_kogus":"5","kangas":"","kanga-info":"","toote_pildid_varvide_kaupa":[{"pildid":[{"ID":9802,"id":9802,"title":"mo6913-13-side","filename":"mo6913-13-side.jpg","filesize":23845,"url":"https:\/\/kind.ee\/wp-content\/uploads\/2023\/05\/mo6913-13-side.jpg","link":"https:\/\/kind.ee\/et\/?attachment_id=9802","alt":"","author":"1","description":"","caption":"","name":"mo6913-13-side","status":"inherit","uploaded_to":9799,"date":"2023-05-03 12:34:16","modified":"2023-05-03 12:34:16","menu_order":0,"mime_type":"image\/jpeg","type":"image","subtype":"jpeg","icon":"https:\/\/kind.ee\/wp-includes\/images\/media\/default.png","width":700,"height":700,"sizes":{"thumbnail":"https:\/\/kind.ee\/wp-content\/uploads\/2023\/05\/mo6913-13-side-150x150.jpg","thumbnail-width":150,"thumbnail-height":150,"medium":"https:\/\/kind.ee\/wp-content\/uploads\/2023\/05\/mo6913-13-side-300x300.jpg","medium-width":300,"medium-height":300,"medium_large":"https:\/\/kind.ee\/wp-content\/uploads\/2023\/05\/mo6913-13-side.jpg","medium_large-width":700,"medium_large-height":700,"large":"https:\/\/kind.ee\/wp-content\/uploads\/2023\/05\/mo6913-13-side.jpg","large-width":700,"large-height":700,"1536x1536":"https:\/\/kind.ee\/wp-content\/uploads\/2023\/05\/mo6913-13-side.jpg","1536x1536-width":700,"1536x1536-height":700,"2048x2048":"https:\/\/kind.ee\/wp-content\/uploads\/2023\/05\/mo6913-13-side.jpg","2048x2048-width":700,"2048x2048-height":700,"galerii_large":"https:\/\/kind.ee\/wp-content\/uploads\/2023\/05\/mo6913-13-side.jpg","galerii_large-width":700,"galerii_large-height":700,"galerii_large_retina":"https:\/\/kind.ee\/wp-content\/uploads\/2023\/05\/mo6913-13-side.jpg","galerii_large_retina-width":700,"galerii_large_retina-height":700,"woocommerce_thumbnail":"https:\/\/kind.ee\/wp-content\/uploads\/2023\/05\/mo6913-13-side-300x300.jpg","woocommerce_thumbnail-width":300,"woocommerce_thumbnail-height":300,"woocommerce_single":"https:\/\/kind.ee\/wp-content\/uploads\/2023\/05\/mo6913-13-side-600x600.jpg","woocommerce_single-width":600,"woocommerce_single-height":600,"woocommerce_gallery_thumbnail":"https:\/\/kind.ee\/wp-content\/uploads\/2023\/05\/mo6913-13-side-100x100.jpg","woocommerce_gallery_thumbnail-width":100,"woocommerce_gallery_thumbnail-height":100}},{"ID":9800,"id":9800,"title":"mo6913-13","filename":"mo6913-13.jpg","filesize":30224,"url":"https:\/\/kind.ee\/wp-content\/uploads\/2023\/05\/mo6913-13.jpg","link":"https:\/\/kind.ee\/et\/?attachment_id=9800","alt":"","author":"1","description":"","caption":"","name":"mo6913-13","status":"inherit","uploaded_to":9799,"date":"2023-05-03 12:34:14","modified":"2023-10-03 08:36:38","menu_order":0,"mime_type":"image\/jpeg","type":"image","subtype":"jpeg","icon":"https:\/\/kind.ee\/wp-includes\/images\/media\/default.png","width":700,"height":700,"sizes":{"thumbnail":"https:\/\/kind.ee\/wp-content\/uploads\/2023\/05\/mo6913-13-150x150.jpg","thumbnail-width":150,"thumbnail-height":150,"medium":"https:\/\/kind.ee\/wp-content\/uploads\/2023\/05\/mo6913-13-300x300.jpg","medium-width":300,"medium-height":300,"medium_large":"https:\/\/kind.ee\/wp-content\/uploads\/2023\/05\/mo6913-13.jpg","medium_large-width":700,"medium_large-height":700,"large":"https:\/\/kind.ee\/wp-content\/uploads\/2023\/05\/mo6913-13.jpg","large-width":700,"large-height":700,"1536x1536":"https:\/\/kind.ee\/wp-content\/uploads\/2023\/05\/mo6913-13.jpg","1536x1536-width":700,"1536x1536-height":700,"2048x2048":"https:\/\/kind.ee\/wp-content\/uploads\/2023\/05\/mo6913-13.jpg","2048x2048-width":700,"2048x2048-height":700,"galerii_large":"https:\/\/kind.ee\/wp-content\/uploads\/2023\/05\/mo6913-13.jpg","galerii_large-width":700,"galerii_large-height":700,"galerii_large_retina":"https:\/\/kind.ee\/wp-content\/uploads\/2023\/05\/mo6913-13.jpg","galerii_large_retina-width":700,"galerii_large_retina-height":700,"woocommerce_thumbnail":"https:\/\/kind.ee\/wp-content\/uploads\/2023\/05\/mo6913-13-300x300.jpg","woocommerce_thumbnail-width":300,"woocommerce_thumbnail-height":300,"woocommerce_single":"https:\/\/kind.ee\/wp-content\/uploads\/2023\/05\/mo6913-13-600x600.jpg","woocommerce_single-width":600,"woocommerce_single-height":600,"woocommerce_gallery_thumbnail":"https:\/\/kind.ee\/wp-content\/uploads\/2023\/05\/mo6913-13-100x100.jpg","woocommerce_gallery_thumbnail-width":100,"woocommerce_gallery_thumbnail-height":100}}],"varvikood":false,"varvid-native":false,"varvid-stedman":false,"varvikood-neutral":false,"varvid-sols":false,"midoceani_varvid":false,"purewaste":false,"beechfield-varvid":false,"bagbase":false,"mepal":false}],"tooteinfo":"3-osaline taaskasutatud paberist kleepuv m\u00e4rkmepaberi komplekt suurte ja v\u00e4ikeste lehtedega ning viie eri v\u00e4rvi lehek\u00fclje m\u00e4rgistajatega. Toodetud EL-is.","mootmed":"K\u00f5rgus: 2 cm <br \/>\r\nPikkus: 10 cm <br \/>\r\nLaius: 8 cm  <br \/>\r\nKaal: 35 g","materjal":"Taaskasutatud paber","varvus":""},"_links":{"self":[{"href":"https:\/\/kind.ee\/et\/wp-json\/wp\/v2\/product\/9799","targetHints":{"allow":["GET"]}}],"collection":[{"href":"https:\/\/kind.ee\/et\/wp-json\/wp\/v2\/product"}],"about":[{"href":"https:\/\/kind.ee\/et\/wp-json\/wp\/v2\/types\/product"}],"wp:featuredmedia":[{"embeddable":true,"href":"https:\/\/kind.ee\/et\/wp-json\/wp\/v2\/media\/9800"}],"wp:attachment":[{"href":"https:\/\/kind.ee\/et\/wp-json\/wp\/v2\/media?parent=9799"}],"wp:term":[{"taxonomy":"product_brand","embeddable":true,"href":"https:\/\/kind.ee\/et\/wp-json\/wp\/v2\/product_brand?post=9799"},{"taxonomy":"product_cat","embeddable":true,"href":"https:\/\/kind.ee\/et\/wp-json\/wp\/v2\/product_cat?post=9799"},{"taxonomy":"product_tag","embeddable":true,"href":"https:\/\/kind.ee\/et\/wp-json\/wp\/v2\/product_tag?post=9799"}],"curies":[{"name":"wp","href":"https:\/\/api.w.org\/{rel}","templated":true}]}}