{"id":9785,"date":"2023-05-03T09:01:41","date_gmt":"2023-05-03T09:01:41","guid":{"rendered":"https:\/\/kind.ee\/?post_type=product&#038;p=9785"},"modified":"2025-06-10T10:00:15","modified_gmt":"2025-06-10T10:00:15","slug":"puidust-tapsusviskemang-king","status":"publish","type":"product","link":"https:\/\/kind.ee\/et\/toode\/puidust-tapsusviskemang-king\/","title":{"rendered":"puidust t\u00e4psusviskem\u00e4ng King"},"content":{"rendered":"","protected":false},"excerpt":{"rendered":"","protected":false},"featured_media":9790,"template":"","meta":[],"product_brand":[],"product_cat":[626,616],"product_tag":[],"class_list":{"0":"post-9785","1":"product","2":"type-product","3":"status-publish","4":"has-post-thumbnail","6":"product_cat-mangud","7":"product_cat-meened","9":"first","10":"instock","11":"shipping-taxable","12":"purchasable","13":"product-type-simple"},"acf":{"muugi_argumendid":[],"sertifikaadid":[],"season":[],"loige":"","suuruste_tabel":false,"paksus":"","min_kogus":"5","kangas":"","kanga-info":"","toote_pildid_varvide_kaupa":[{"pildid":[{"ID":9790,"id":9790,"title":"mo6396-40-side","filename":"mo6396-40-side.jpg","filesize":36705,"url":"https:\/\/kind.ee\/wp-content\/uploads\/2023\/05\/mo6396-40-side.jpg","link":"https:\/\/kind.ee\/et\/?attachment_id=9790","alt":"","author":"1","description":"","caption":"","name":"mo6396-40-side","status":"inherit","uploaded_to":9785,"date":"2023-05-03 08:55:25","modified":"2023-05-03 08:55:25","menu_order":0,"mime_type":"image\/jpeg","type":"image","subtype":"jpeg","icon":"https:\/\/kind.ee\/wp-includes\/images\/media\/default.png","width":700,"height":700,"sizes":{"thumbnail":"https:\/\/kind.ee\/wp-content\/uploads\/2023\/05\/mo6396-40-side-150x150.jpg","thumbnail-width":150,"thumbnail-height":150,"medium":"https:\/\/kind.ee\/wp-content\/uploads\/2023\/05\/mo6396-40-side-300x300.jpg","medium-width":300,"medium-height":300,"medium_large":"https:\/\/kind.ee\/wp-content\/uploads\/2023\/05\/mo6396-40-side.jpg","medium_large-width":700,"medium_large-height":700,"large":"https:\/\/kind.ee\/wp-content\/uploads\/2023\/05\/mo6396-40-side.jpg","large-width":700,"large-height":700,"1536x1536":"https:\/\/kind.ee\/wp-content\/uploads\/2023\/05\/mo6396-40-side.jpg","1536x1536-width":700,"1536x1536-height":700,"2048x2048":"https:\/\/kind.ee\/wp-content\/uploads\/2023\/05\/mo6396-40-side.jpg","2048x2048-width":700,"2048x2048-height":700,"galerii_large":"https:\/\/kind.ee\/wp-content\/uploads\/2023\/05\/mo6396-40-side.jpg","galerii_large-width":700,"galerii_large-height":700,"galerii_large_retina":"https:\/\/kind.ee\/wp-content\/uploads\/2023\/05\/mo6396-40-side.jpg","galerii_large_retina-width":700,"galerii_large_retina-height":700,"woocommerce_thumbnail":"https:\/\/kind.ee\/wp-content\/uploads\/2023\/05\/mo6396-40-side-300x300.jpg","woocommerce_thumbnail-width":300,"woocommerce_thumbnail-height":300,"woocommerce_single":"https:\/\/kind.ee\/wp-content\/uploads\/2023\/05\/mo6396-40-side-600x600.jpg","woocommerce_single-width":600,"woocommerce_single-height":600,"woocommerce_gallery_thumbnail":"https:\/\/kind.ee\/wp-content\/uploads\/2023\/05\/mo6396-40-side-100x100.jpg","woocommerce_gallery_thumbnail-width":100,"woocommerce_gallery_thumbnail-height":100}},{"ID":9786,"id":9786,"title":"mo6396-40-open","filename":"mo6396-40-open.jpg","filesize":29940,"url":"https:\/\/kind.ee\/wp-content\/uploads\/2023\/05\/mo6396-40-open.jpg","link":"https:\/\/kind.ee\/et\/?attachment_id=9786","alt":"","author":"1","description":"","caption":"","name":"mo6396-40-open","status":"inherit","uploaded_to":9785,"date":"2023-05-03 08:55:21","modified":"2023-11-02 07:52:41","menu_order":0,"mime_type":"image\/jpeg","type":"image","subtype":"jpeg","icon":"https:\/\/kind.ee\/wp-includes\/images\/media\/default.png","width":700,"height":700,"sizes":{"thumbnail":"https:\/\/kind.ee\/wp-content\/uploads\/2023\/05\/mo6396-40-open-150x150.jpg","thumbnail-width":150,"thumbnail-height":150,"medium":"https:\/\/kind.ee\/wp-content\/uploads\/2023\/05\/mo6396-40-open-300x300.jpg","medium-width":300,"medium-height":300,"medium_large":"https:\/\/kind.ee\/wp-content\/uploads\/2023\/05\/mo6396-40-open.jpg","medium_large-width":700,"medium_large-height":700,"large":"https:\/\/kind.ee\/wp-content\/uploads\/2023\/05\/mo6396-40-open.jpg","large-width":700,"large-height":700,"1536x1536":"https:\/\/kind.ee\/wp-content\/uploads\/2023\/05\/mo6396-40-open.jpg","1536x1536-width":700,"1536x1536-height":700,"2048x2048":"https:\/\/kind.ee\/wp-content\/uploads\/2023\/05\/mo6396-40-open.jpg","2048x2048-width":700,"2048x2048-height":700,"galerii_large":"https:\/\/kind.ee\/wp-content\/uploads\/2023\/05\/mo6396-40-open.jpg","galerii_large-width":700,"galerii_large-height":700,"galerii_large_retina":"https:\/\/kind.ee\/wp-content\/uploads\/2023\/05\/mo6396-40-open.jpg","galerii_large_retina-width":700,"galerii_large_retina-height":700,"woocommerce_thumbnail":"https:\/\/kind.ee\/wp-content\/uploads\/2023\/05\/mo6396-40-open-300x300.jpg","woocommerce_thumbnail-width":300,"woocommerce_thumbnail-height":300,"woocommerce_single":"https:\/\/kind.ee\/wp-content\/uploads\/2023\/05\/mo6396-40-open-600x600.jpg","woocommerce_single-width":600,"woocommerce_single-height":600,"woocommerce_gallery_thumbnail":"https:\/\/kind.ee\/wp-content\/uploads\/2023\/05\/mo6396-40-open-100x100.jpg","woocommerce_gallery_thumbnail-width":100,"woocommerce_gallery_thumbnail-height":100}},{"ID":9788,"id":9788,"title":"mo6396-40-print","filename":"mo6396-40-print.jpg","filesize":35113,"url":"https:\/\/kind.ee\/wp-content\/uploads\/2023\/05\/mo6396-40-print.jpg","link":"https:\/\/kind.ee\/et\/?attachment_id=9788","alt":"","author":"1","description":"","caption":"","name":"mo6396-40-print","status":"inherit","uploaded_to":9785,"date":"2023-05-03 08:55:23","modified":"2023-05-03 08:55:23","menu_order":0,"mime_type":"image\/jpeg","type":"image","subtype":"jpeg","icon":"https:\/\/kind.ee\/wp-includes\/images\/media\/default.png","width":700,"height":700,"sizes":{"thumbnail":"https:\/\/kind.ee\/wp-content\/uploads\/2023\/05\/mo6396-40-print-150x150.jpg","thumbnail-width":150,"thumbnail-height":150,"medium":"https:\/\/kind.ee\/wp-content\/uploads\/2023\/05\/mo6396-40-print-300x300.jpg","medium-width":300,"medium-height":300,"medium_large":"https:\/\/kind.ee\/wp-content\/uploads\/2023\/05\/mo6396-40-print.jpg","medium_large-width":700,"medium_large-height":700,"large":"https:\/\/kind.ee\/wp-content\/uploads\/2023\/05\/mo6396-40-print.jpg","large-width":700,"large-height":700,"1536x1536":"https:\/\/kind.ee\/wp-content\/uploads\/2023\/05\/mo6396-40-print.jpg","1536x1536-width":700,"1536x1536-height":700,"2048x2048":"https:\/\/kind.ee\/wp-content\/uploads\/2023\/05\/mo6396-40-print.jpg","2048x2048-width":700,"2048x2048-height":700,"galerii_large":"https:\/\/kind.ee\/wp-content\/uploads\/2023\/05\/mo6396-40-print.jpg","galerii_large-width":700,"galerii_large-height":700,"galerii_large_retina":"https:\/\/kind.ee\/wp-content\/uploads\/2023\/05\/mo6396-40-print.jpg","galerii_large_retina-width":700,"galerii_large_retina-height":700,"woocommerce_thumbnail":"https:\/\/kind.ee\/wp-content\/uploads\/2023\/05\/mo6396-40-print-300x300.jpg","woocommerce_thumbnail-width":300,"woocommerce_thumbnail-height":300,"woocommerce_single":"https:\/\/kind.ee\/wp-content\/uploads\/2023\/05\/mo6396-40-print-600x600.jpg","woocommerce_single-width":600,"woocommerce_single-height":600,"woocommerce_gallery_thumbnail":"https:\/\/kind.ee\/wp-content\/uploads\/2023\/05\/mo6396-40-print-100x100.jpg","woocommerce_gallery_thumbnail-width":100,"woocommerce_gallery_thumbnail-height":100}}],"varvikood":false,"varvid-native":false,"varvid-stedman":false,"varvikood-neutral":false,"varvid-sols":false,"midoceani_varvid":false,"purewaste":false,"beechfield-varvid":false,"bagbase":false,"mepal":false}],"tooteinfo":"M\u00e4nnipuidust viskem\u00e4ng puuvillases n\u00f6\u00f6rkotis. Skandinaavia p\u00e4ritolu m\u00e4ngu eesm\u00e4rk on v\u00e4iksemaid pulkasid loopides saada suuremad pikali. Keskel olev kuninga pulk visatakse viimasena pikali. V\u00f5idab see, kes saab esimesena k\u00f5ik pulgad pikali. Komplekt sisaldab 10 l\u00fchikest, pulka, 4 teravat pulka, 6 \u00fcmmargust pulka ja \u00fchte kuningat.","mootmed":"Pikkus: 34.3 cm <br \/>\r\nLaius: 34 cm <br \/>\r\nKaal: 1.66 kg","materjal":"M\u00e4nnipuu","varvus":""},"_links":{"self":[{"href":"https:\/\/kind.ee\/et\/wp-json\/wp\/v2\/product\/9785","targetHints":{"allow":["GET"]}}],"collection":[{"href":"https:\/\/kind.ee\/et\/wp-json\/wp\/v2\/product"}],"about":[{"href":"https:\/\/kind.ee\/et\/wp-json\/wp\/v2\/types\/product"}],"wp:featuredmedia":[{"embeddable":true,"href":"https:\/\/kind.ee\/et\/wp-json\/wp\/v2\/media\/9790"}],"wp:attachment":[{"href":"https:\/\/kind.ee\/et\/wp-json\/wp\/v2\/media?parent=9785"}],"wp:term":[{"taxonomy":"product_brand","embeddable":true,"href":"https:\/\/kind.ee\/et\/wp-json\/wp\/v2\/product_brand?post=9785"},{"taxonomy":"product_cat","embeddable":true,"href":"https:\/\/kind.ee\/et\/wp-json\/wp\/v2\/product_cat?post=9785"},{"taxonomy":"product_tag","embeddable":true,"href":"https:\/\/kind.ee\/et\/wp-json\/wp\/v2\/product_tag?post=9785"}],"curies":[{"name":"wp","href":"https:\/\/api.w.org\/{rel}","templated":true}]}}