{"id":9679,"date":"2023-05-02T09:07:11","date_gmt":"2023-05-02T09:07:11","guid":{"rendered":"https:\/\/kind.ee\/?post_type=product&#038;p=9679"},"modified":"2025-06-10T10:00:16","modified_gmt":"2025-06-10T10:00:16","slug":"magnetiga-telefonihoidja","status":"publish","type":"product","link":"https:\/\/kind.ee\/et\/toode\/magnetiga-telefonihoidja\/","title":{"rendered":"magnetiga telefonihoidja"},"content":{"rendered":"","protected":false},"excerpt":{"rendered":"","protected":false},"featured_media":9682,"template":"","meta":[],"product_brand":[],"product_cat":[616,625],"product_tag":[],"class_list":{"0":"post-9679","1":"product","2":"type-product","3":"status-publish","4":"has-post-thumbnail","6":"product_cat-meened","7":"product_cat-tehnika","9":"first","10":"instock","11":"shipping-taxable","12":"purchasable","13":"product-type-simple"},"acf":{"muugi_argumendid":[],"sertifikaadid":[],"season":[],"loige":"","suuruste_tabel":false,"paksus":"","min_kogus":"5","kangas":"","kanga-info":"","toote_pildid_varvide_kaupa":[{"pildid":[{"ID":9680,"id":9680,"title":"mo6864-40-ambiant","filename":"mo6864-40-ambiant.jpg","filesize":52038,"url":"https:\/\/kind.ee\/wp-content\/uploads\/2023\/05\/mo6864-40-ambiant.jpg","link":"https:\/\/kind.ee\/et\/?attachment_id=9680","alt":"","author":"1","description":"","caption":"","name":"mo6864-40-ambiant","status":"inherit","uploaded_to":9679,"date":"2023-05-02 09:04:11","modified":"2023-05-02 09:04:11","menu_order":0,"mime_type":"image\/jpeg","type":"image","subtype":"jpeg","icon":"https:\/\/kind.ee\/wp-includes\/images\/media\/default.png","width":700,"height":467,"sizes":{"thumbnail":"https:\/\/kind.ee\/wp-content\/uploads\/2023\/05\/mo6864-40-ambiant-150x150.jpg","thumbnail-width":150,"thumbnail-height":150,"medium":"https:\/\/kind.ee\/wp-content\/uploads\/2023\/05\/mo6864-40-ambiant-300x200.jpg","medium-width":300,"medium-height":200,"medium_large":"https:\/\/kind.ee\/wp-content\/uploads\/2023\/05\/mo6864-40-ambiant.jpg","medium_large-width":700,"medium_large-height":467,"large":"https:\/\/kind.ee\/wp-content\/uploads\/2023\/05\/mo6864-40-ambiant.jpg","large-width":700,"large-height":467,"1536x1536":"https:\/\/kind.ee\/wp-content\/uploads\/2023\/05\/mo6864-40-ambiant.jpg","1536x1536-width":700,"1536x1536-height":467,"2048x2048":"https:\/\/kind.ee\/wp-content\/uploads\/2023\/05\/mo6864-40-ambiant.jpg","2048x2048-width":700,"2048x2048-height":467,"galerii_large":"https:\/\/kind.ee\/wp-content\/uploads\/2023\/05\/mo6864-40-ambiant.jpg","galerii_large-width":700,"galerii_large-height":467,"galerii_large_retina":"https:\/\/kind.ee\/wp-content\/uploads\/2023\/05\/mo6864-40-ambiant.jpg","galerii_large_retina-width":700,"galerii_large_retina-height":467,"woocommerce_thumbnail":"https:\/\/kind.ee\/wp-content\/uploads\/2023\/05\/mo6864-40-ambiant-300x300.jpg","woocommerce_thumbnail-width":300,"woocommerce_thumbnail-height":300,"woocommerce_single":"https:\/\/kind.ee\/wp-content\/uploads\/2023\/05\/mo6864-40-ambiant-600x400.jpg","woocommerce_single-width":600,"woocommerce_single-height":400,"woocommerce_gallery_thumbnail":"https:\/\/kind.ee\/wp-content\/uploads\/2023\/05\/mo6864-40-ambiant-100x100.jpg","woocommerce_gallery_thumbnail-width":100,"woocommerce_gallery_thumbnail-height":100}},{"ID":9682,"id":9682,"title":"mo6864-40","filename":"mo6864-40.jpg","filesize":21991,"url":"https:\/\/kind.ee\/wp-content\/uploads\/2023\/05\/mo6864-40.jpg","link":"https:\/\/kind.ee\/et\/?attachment_id=9682","alt":"","author":"1","description":"","caption":"","name":"mo6864-40","status":"inherit","uploaded_to":9679,"date":"2023-05-02 09:04:14","modified":"2023-05-02 09:04:14","menu_order":0,"mime_type":"image\/jpeg","type":"image","subtype":"jpeg","icon":"https:\/\/kind.ee\/wp-includes\/images\/media\/default.png","width":700,"height":700,"sizes":{"thumbnail":"https:\/\/kind.ee\/wp-content\/uploads\/2023\/05\/mo6864-40-150x150.jpg","thumbnail-width":150,"thumbnail-height":150,"medium":"https:\/\/kind.ee\/wp-content\/uploads\/2023\/05\/mo6864-40-300x300.jpg","medium-width":300,"medium-height":300,"medium_large":"https:\/\/kind.ee\/wp-content\/uploads\/2023\/05\/mo6864-40.jpg","medium_large-width":700,"medium_large-height":700,"large":"https:\/\/kind.ee\/wp-content\/uploads\/2023\/05\/mo6864-40.jpg","large-width":700,"large-height":700,"1536x1536":"https:\/\/kind.ee\/wp-content\/uploads\/2023\/05\/mo6864-40.jpg","1536x1536-width":700,"1536x1536-height":700,"2048x2048":"https:\/\/kind.ee\/wp-content\/uploads\/2023\/05\/mo6864-40.jpg","2048x2048-width":700,"2048x2048-height":700,"galerii_large":"https:\/\/kind.ee\/wp-content\/uploads\/2023\/05\/mo6864-40.jpg","galerii_large-width":700,"galerii_large-height":700,"galerii_large_retina":"https:\/\/kind.ee\/wp-content\/uploads\/2023\/05\/mo6864-40.jpg","galerii_large_retina-width":700,"galerii_large_retina-height":700,"woocommerce_thumbnail":"https:\/\/kind.ee\/wp-content\/uploads\/2023\/05\/mo6864-40-300x300.jpg","woocommerce_thumbnail-width":300,"woocommerce_thumbnail-height":300,"woocommerce_single":"https:\/\/kind.ee\/wp-content\/uploads\/2023\/05\/mo6864-40-600x600.jpg","woocommerce_single-width":600,"woocommerce_single-height":600,"woocommerce_gallery_thumbnail":"https:\/\/kind.ee\/wp-content\/uploads\/2023\/05\/mo6864-40-100x100.jpg","woocommerce_gallery_thumbnail-width":100,"woocommerce_gallery_thumbnail-height":100}},{"ID":9684,"id":9684,"title":"mo6864-40-back","filename":"mo6864-40-back.jpg","filesize":23404,"url":"https:\/\/kind.ee\/wp-content\/uploads\/2023\/05\/mo6864-40-back.jpg","link":"https:\/\/kind.ee\/et\/?attachment_id=9684","alt":"","author":"1","description":"","caption":"","name":"mo6864-40-back","status":"inherit","uploaded_to":9679,"date":"2023-05-02 09:04:16","modified":"2023-11-02 08:02:41","menu_order":0,"mime_type":"image\/jpeg","type":"image","subtype":"jpeg","icon":"https:\/\/kind.ee\/wp-includes\/images\/media\/default.png","width":700,"height":700,"sizes":{"thumbnail":"https:\/\/kind.ee\/wp-content\/uploads\/2023\/05\/mo6864-40-back-150x150.jpg","thumbnail-width":150,"thumbnail-height":150,"medium":"https:\/\/kind.ee\/wp-content\/uploads\/2023\/05\/mo6864-40-back-300x300.jpg","medium-width":300,"medium-height":300,"medium_large":"https:\/\/kind.ee\/wp-content\/uploads\/2023\/05\/mo6864-40-back.jpg","medium_large-width":700,"medium_large-height":700,"large":"https:\/\/kind.ee\/wp-content\/uploads\/2023\/05\/mo6864-40-back.jpg","large-width":700,"large-height":700,"1536x1536":"https:\/\/kind.ee\/wp-content\/uploads\/2023\/05\/mo6864-40-back.jpg","1536x1536-width":700,"1536x1536-height":700,"2048x2048":"https:\/\/kind.ee\/wp-content\/uploads\/2023\/05\/mo6864-40-back.jpg","2048x2048-width":700,"2048x2048-height":700,"galerii_large":"https:\/\/kind.ee\/wp-content\/uploads\/2023\/05\/mo6864-40-back.jpg","galerii_large-width":700,"galerii_large-height":700,"galerii_large_retina":"https:\/\/kind.ee\/wp-content\/uploads\/2023\/05\/mo6864-40-back.jpg","galerii_large_retina-width":700,"galerii_large_retina-height":700,"woocommerce_thumbnail":"https:\/\/kind.ee\/wp-content\/uploads\/2023\/05\/mo6864-40-back-300x300.jpg","woocommerce_thumbnail-width":300,"woocommerce_thumbnail-height":300,"woocommerce_single":"https:\/\/kind.ee\/wp-content\/uploads\/2023\/05\/mo6864-40-back-600x600.jpg","woocommerce_single-width":600,"woocommerce_single-height":600,"woocommerce_gallery_thumbnail":"https:\/\/kind.ee\/wp-content\/uploads\/2023\/05\/mo6864-40-back-100x100.jpg","woocommerce_gallery_thumbnail-width":100,"woocommerce_gallery_thumbnail-height":100}}],"varvikood":false,"varvid-native":false,"varvid-stedman":false,"varvikood-neutral":false,"varvid-sols":false,"midoceani_varvid":false,"purewaste":false,"beechfield-varvid":false,"bagbase":false,"mepal":false}],"tooteinfo":"Magnetkinnitusega telefonihoidja autosse, mis omakorda kinnitub \u00f5huava k\u00fclge.","mootmed":"K\u00f5rgus: 3.3 cm <br \/>\r\nPikkus: 4 cm <br \/>\r\nLaius: 5.8 cm <br \/>\r\nKaal: 32 g","materjal":"Bambus","varvus":""},"_links":{"self":[{"href":"https:\/\/kind.ee\/et\/wp-json\/wp\/v2\/product\/9679","targetHints":{"allow":["GET"]}}],"collection":[{"href":"https:\/\/kind.ee\/et\/wp-json\/wp\/v2\/product"}],"about":[{"href":"https:\/\/kind.ee\/et\/wp-json\/wp\/v2\/types\/product"}],"wp:featuredmedia":[{"embeddable":true,"href":"https:\/\/kind.ee\/et\/wp-json\/wp\/v2\/media\/9682"}],"wp:attachment":[{"href":"https:\/\/kind.ee\/et\/wp-json\/wp\/v2\/media?parent=9679"}],"wp:term":[{"taxonomy":"product_brand","embeddable":true,"href":"https:\/\/kind.ee\/et\/wp-json\/wp\/v2\/product_brand?post=9679"},{"taxonomy":"product_cat","embeddable":true,"href":"https:\/\/kind.ee\/et\/wp-json\/wp\/v2\/product_cat?post=9679"},{"taxonomy":"product_tag","embeddable":true,"href":"https:\/\/kind.ee\/et\/wp-json\/wp\/v2\/product_tag?post=9679"}],"curies":[{"name":"wp","href":"https:\/\/api.w.org\/{rel}","templated":true}]}}