{"id":9672,"date":"2023-05-02T07:45:37","date_gmt":"2023-05-02T07:45:37","guid":{"rendered":"https:\/\/kind.ee\/?post_type=product&#038;p=9672"},"modified":"2025-06-10T10:00:16","modified_gmt":"2025-06-10T10:00:16","slug":"kokkuvolditav-moodupulk","status":"publish","type":"product","link":"https:\/\/kind.ee\/et\/toode\/kokkuvolditav-moodupulk\/","title":{"rendered":"kokkuvolditav m\u00f5\u00f5dupulk"},"content":{"rendered":"","protected":false},"excerpt":{"rendered":"","protected":false},"featured_media":9677,"template":"","meta":[],"product_brand":[],"product_cat":[616,627],"product_tag":[],"class_list":{"0":"post-9672","1":"product","2":"type-product","3":"status-publish","4":"has-post-thumbnail","6":"product_cat-meened","7":"product_cat-tooriistad","9":"first","10":"instock","11":"shipping-taxable","12":"purchasable","13":"product-type-simple"},"acf":{"muugi_argumendid":[],"sertifikaadid":[],"season":[],"loige":"","suuruste_tabel":false,"paksus":"","min_kogus":"5","kangas":"","kanga-info":"","toote_pildid_varvide_kaupa":[{"pildid":[{"ID":9673,"id":9673,"title":"mo6904-40-back","filename":"mo6904-40-back.jpg","filesize":12362,"url":"https:\/\/kind.ee\/wp-content\/uploads\/2023\/05\/mo6904-40-back.jpg","link":"https:\/\/kind.ee\/et\/?attachment_id=9673","alt":"","author":"1","description":"","caption":"","name":"mo6904-40-back","status":"inherit","uploaded_to":9672,"date":"2023-05-02 07:41:26","modified":"2023-05-02 07:41:26","menu_order":0,"mime_type":"image\/jpeg","type":"image","subtype":"jpeg","icon":"https:\/\/kind.ee\/wp-includes\/images\/media\/default.png","width":700,"height":700,"sizes":{"thumbnail":"https:\/\/kind.ee\/wp-content\/uploads\/2023\/05\/mo6904-40-back-150x150.jpg","thumbnail-width":150,"thumbnail-height":150,"medium":"https:\/\/kind.ee\/wp-content\/uploads\/2023\/05\/mo6904-40-back-300x300.jpg","medium-width":300,"medium-height":300,"medium_large":"https:\/\/kind.ee\/wp-content\/uploads\/2023\/05\/mo6904-40-back.jpg","medium_large-width":700,"medium_large-height":700,"large":"https:\/\/kind.ee\/wp-content\/uploads\/2023\/05\/mo6904-40-back.jpg","large-width":700,"large-height":700,"1536x1536":"https:\/\/kind.ee\/wp-content\/uploads\/2023\/05\/mo6904-40-back.jpg","1536x1536-width":700,"1536x1536-height":700,"2048x2048":"https:\/\/kind.ee\/wp-content\/uploads\/2023\/05\/mo6904-40-back.jpg","2048x2048-width":700,"2048x2048-height":700,"galerii_large":"https:\/\/kind.ee\/wp-content\/uploads\/2023\/05\/mo6904-40-back.jpg","galerii_large-width":700,"galerii_large-height":700,"galerii_large_retina":"https:\/\/kind.ee\/wp-content\/uploads\/2023\/05\/mo6904-40-back.jpg","galerii_large_retina-width":700,"galerii_large_retina-height":700,"woocommerce_thumbnail":"https:\/\/kind.ee\/wp-content\/uploads\/2023\/05\/mo6904-40-back-300x300.jpg","woocommerce_thumbnail-width":300,"woocommerce_thumbnail-height":300,"woocommerce_single":"https:\/\/kind.ee\/wp-content\/uploads\/2023\/05\/mo6904-40-back-600x600.jpg","woocommerce_single-width":600,"woocommerce_single-height":600,"woocommerce_gallery_thumbnail":"https:\/\/kind.ee\/wp-content\/uploads\/2023\/05\/mo6904-40-back-100x100.jpg","woocommerce_gallery_thumbnail-width":100,"woocommerce_gallery_thumbnail-height":100}},{"ID":9675,"id":9675,"title":"mo6904-40-print","filename":"mo6904-40-print.jpg","filesize":20499,"url":"https:\/\/kind.ee\/wp-content\/uploads\/2023\/05\/mo6904-40-print.jpg","link":"https:\/\/kind.ee\/et\/?attachment_id=9675","alt":"","author":"1","description":"","caption":"","name":"mo6904-40-print","status":"inherit","uploaded_to":9672,"date":"2023-05-02 07:41:28","modified":"2023-11-02 08:03:33","menu_order":0,"mime_type":"image\/jpeg","type":"image","subtype":"jpeg","icon":"https:\/\/kind.ee\/wp-includes\/images\/media\/default.png","width":700,"height":700,"sizes":{"thumbnail":"https:\/\/kind.ee\/wp-content\/uploads\/2023\/05\/mo6904-40-print-150x150.jpg","thumbnail-width":150,"thumbnail-height":150,"medium":"https:\/\/kind.ee\/wp-content\/uploads\/2023\/05\/mo6904-40-print-300x300.jpg","medium-width":300,"medium-height":300,"medium_large":"https:\/\/kind.ee\/wp-content\/uploads\/2023\/05\/mo6904-40-print.jpg","medium_large-width":700,"medium_large-height":700,"large":"https:\/\/kind.ee\/wp-content\/uploads\/2023\/05\/mo6904-40-print.jpg","large-width":700,"large-height":700,"1536x1536":"https:\/\/kind.ee\/wp-content\/uploads\/2023\/05\/mo6904-40-print.jpg","1536x1536-width":700,"1536x1536-height":700,"2048x2048":"https:\/\/kind.ee\/wp-content\/uploads\/2023\/05\/mo6904-40-print.jpg","2048x2048-width":700,"2048x2048-height":700,"galerii_large":"https:\/\/kind.ee\/wp-content\/uploads\/2023\/05\/mo6904-40-print.jpg","galerii_large-width":700,"galerii_large-height":700,"galerii_large_retina":"https:\/\/kind.ee\/wp-content\/uploads\/2023\/05\/mo6904-40-print.jpg","galerii_large_retina-width":700,"galerii_large_retina-height":700,"woocommerce_thumbnail":"https:\/\/kind.ee\/wp-content\/uploads\/2023\/05\/mo6904-40-print-300x300.jpg","woocommerce_thumbnail-width":300,"woocommerce_thumbnail-height":300,"woocommerce_single":"https:\/\/kind.ee\/wp-content\/uploads\/2023\/05\/mo6904-40-print-600x600.jpg","woocommerce_single-width":600,"woocommerce_single-height":600,"woocommerce_gallery_thumbnail":"https:\/\/kind.ee\/wp-content\/uploads\/2023\/05\/mo6904-40-print-100x100.jpg","woocommerce_gallery_thumbnail-width":100,"woocommerce_gallery_thumbnail-height":100}},{"ID":9677,"id":9677,"title":"mo6904-40-side","filename":"mo6904-40-side-e1699024545707.jpg","filesize":29603,"url":"https:\/\/kind.ee\/wp-content\/uploads\/2023\/05\/mo6904-40-side-e1699024545707.jpg","link":"https:\/\/kind.ee\/et\/?attachment_id=9677","alt":"","author":"1","description":"","caption":"","name":"mo6904-40-side","status":"inherit","uploaded_to":9672,"date":"2023-05-02 07:41:31","modified":"2023-05-02 07:41:31","menu_order":0,"mime_type":"image\/jpeg","type":"image","subtype":"jpeg","icon":"https:\/\/kind.ee\/wp-includes\/images\/media\/default.png","width":617,"height":527,"sizes":{"thumbnail":"https:\/\/kind.ee\/wp-content\/uploads\/2023\/05\/mo6904-40-side-e1699024545707-150x150.jpg","thumbnail-width":150,"thumbnail-height":150,"medium":"https:\/\/kind.ee\/wp-content\/uploads\/2023\/05\/mo6904-40-side-e1699024545707-300x256.jpg","medium-width":300,"medium-height":256,"medium_large":"https:\/\/kind.ee\/wp-content\/uploads\/2023\/05\/mo6904-40-side-e1699024545707.jpg","medium_large-width":617,"medium_large-height":527,"large":"https:\/\/kind.ee\/wp-content\/uploads\/2023\/05\/mo6904-40-side-e1699024545707.jpg","large-width":617,"large-height":527,"1536x1536":"https:\/\/kind.ee\/wp-content\/uploads\/2023\/05\/mo6904-40-side-e1699024545707.jpg","1536x1536-width":617,"1536x1536-height":527,"2048x2048":"https:\/\/kind.ee\/wp-content\/uploads\/2023\/05\/mo6904-40-side-e1699024545707.jpg","2048x2048-width":617,"2048x2048-height":527,"galerii_large":"https:\/\/kind.ee\/wp-content\/uploads\/2023\/05\/mo6904-40-side-e1699024545707.jpg","galerii_large-width":617,"galerii_large-height":527,"galerii_large_retina":"https:\/\/kind.ee\/wp-content\/uploads\/2023\/05\/mo6904-40-side-e1699024545707.jpg","galerii_large_retina-width":617,"galerii_large_retina-height":527,"woocommerce_thumbnail":"https:\/\/kind.ee\/wp-content\/uploads\/2023\/05\/mo6904-40-side-e1699024545707-300x300.jpg","woocommerce_thumbnail-width":300,"woocommerce_thumbnail-height":300,"woocommerce_single":"https:\/\/kind.ee\/wp-content\/uploads\/2023\/05\/mo6904-40-side-e1699024545707-600x512.jpg","woocommerce_single-width":600,"woocommerce_single-height":512,"woocommerce_gallery_thumbnail":"https:\/\/kind.ee\/wp-content\/uploads\/2023\/05\/mo6904-40-side-e1699024545707-100x100.jpg","woocommerce_gallery_thumbnail-width":100,"woocommerce_gallery_thumbnail-height":100}}],"varvikood":false,"varvid-native":false,"varvid-stedman":false,"varvikood-neutral":false,"varvid-sols":false,"midoceani_varvid":false,"purewaste":false,"beechfield-varvid":false,"bagbase":false,"mepal":false}],"tooteinfo":"Kokkuvolditav 2-meetrine kasepuust m\u00f5\u00f5dupulk, mis on abimees nii kodus kui ka t\u00f6\u00f6l.","mootmed":"K\u00f5rgus: 1.6 cm <br \/>\r\nPikkus: 24 cm <br \/>\r\nLaius: 3 cm <br \/>\r\nKaal: 72 g","materjal":"Kask","varvus":""},"_links":{"self":[{"href":"https:\/\/kind.ee\/et\/wp-json\/wp\/v2\/product\/9672","targetHints":{"allow":["GET"]}}],"collection":[{"href":"https:\/\/kind.ee\/et\/wp-json\/wp\/v2\/product"}],"about":[{"href":"https:\/\/kind.ee\/et\/wp-json\/wp\/v2\/types\/product"}],"wp:featuredmedia":[{"embeddable":true,"href":"https:\/\/kind.ee\/et\/wp-json\/wp\/v2\/media\/9677"}],"wp:attachment":[{"href":"https:\/\/kind.ee\/et\/wp-json\/wp\/v2\/media?parent=9672"}],"wp:term":[{"taxonomy":"product_brand","embeddable":true,"href":"https:\/\/kind.ee\/et\/wp-json\/wp\/v2\/product_brand?post=9672"},{"taxonomy":"product_cat","embeddable":true,"href":"https:\/\/kind.ee\/et\/wp-json\/wp\/v2\/product_cat?post=9672"},{"taxonomy":"product_tag","embeddable":true,"href":"https:\/\/kind.ee\/et\/wp-json\/wp\/v2\/product_tag?post=9672"}],"curies":[{"name":"wp","href":"https:\/\/api.w.org\/{rel}","templated":true}]}}