{"id":9658,"date":"2023-05-02T07:29:51","date_gmt":"2023-05-02T07:29:51","guid":{"rendered":"https:\/\/kind.ee\/?post_type=product&#038;p=9658"},"modified":"2025-06-10T10:00:16","modified_gmt":"2025-06-10T10:00:16","slug":"vaniljelohnaline-kuunal-ancient","status":"publish","type":"product","link":"https:\/\/kind.ee\/et\/toode\/vaniljelohnaline-kuunal-ancient\/","title":{"rendered":"vaniljel\u00f5hnaline k\u00fc\u00fcnal Ancient"},"content":{"rendered":"","protected":false},"excerpt":{"rendered":"","protected":false},"featured_media":9663,"template":"","meta":[],"product_brand":[],"product_cat":[619,616],"product_tag":[],"class_list":{"0":"post-9658","1":"product","2":"type-product","3":"status-publish","4":"has-post-thumbnail","6":"product_cat-kodu","7":"product_cat-meened","9":"first","10":"instock","11":"shipping-taxable","12":"purchasable","13":"product-type-simple"},"acf":{"muugi_argumendid":[],"sertifikaadid":[],"season":[],"loige":"","suuruste_tabel":false,"paksus":"","min_kogus":"5","kangas":"","kanga-info":"","toote_pildid_varvide_kaupa":[{"pildid":[{"ID":9659,"id":9659,"title":"mo6316-22-detail","filename":"mo6316-22-detail.jpg","filesize":10361,"url":"https:\/\/kind.ee\/wp-content\/uploads\/2023\/05\/mo6316-22-detail.jpg","link":"https:\/\/kind.ee\/et\/?attachment_id=9659","alt":"","author":"1","description":"","caption":"","name":"mo6316-22-detail","status":"inherit","uploaded_to":9658,"date":"2023-05-02 07:26:36","modified":"2023-05-02 07:26:36","menu_order":0,"mime_type":"image\/jpeg","type":"image","subtype":"jpeg","icon":"https:\/\/kind.ee\/wp-includes\/images\/media\/default.png","width":700,"height":470,"sizes":{"thumbnail":"https:\/\/kind.ee\/wp-content\/uploads\/2023\/05\/mo6316-22-detail-150x150.jpg","thumbnail-width":150,"thumbnail-height":150,"medium":"https:\/\/kind.ee\/wp-content\/uploads\/2023\/05\/mo6316-22-detail-300x201.jpg","medium-width":300,"medium-height":201,"medium_large":"https:\/\/kind.ee\/wp-content\/uploads\/2023\/05\/mo6316-22-detail.jpg","medium_large-width":700,"medium_large-height":470,"large":"https:\/\/kind.ee\/wp-content\/uploads\/2023\/05\/mo6316-22-detail.jpg","large-width":700,"large-height":470,"1536x1536":"https:\/\/kind.ee\/wp-content\/uploads\/2023\/05\/mo6316-22-detail.jpg","1536x1536-width":700,"1536x1536-height":470,"2048x2048":"https:\/\/kind.ee\/wp-content\/uploads\/2023\/05\/mo6316-22-detail.jpg","2048x2048-width":700,"2048x2048-height":470,"galerii_large":"https:\/\/kind.ee\/wp-content\/uploads\/2023\/05\/mo6316-22-detail.jpg","galerii_large-width":700,"galerii_large-height":470,"galerii_large_retina":"https:\/\/kind.ee\/wp-content\/uploads\/2023\/05\/mo6316-22-detail.jpg","galerii_large_retina-width":700,"galerii_large_retina-height":470,"woocommerce_thumbnail":"https:\/\/kind.ee\/wp-content\/uploads\/2023\/05\/mo6316-22-detail-300x300.jpg","woocommerce_thumbnail-width":300,"woocommerce_thumbnail-height":300,"woocommerce_single":"https:\/\/kind.ee\/wp-content\/uploads\/2023\/05\/mo6316-22-detail-600x403.jpg","woocommerce_single-width":600,"woocommerce_single-height":403,"woocommerce_gallery_thumbnail":"https:\/\/kind.ee\/wp-content\/uploads\/2023\/05\/mo6316-22-detail-100x100.jpg","woocommerce_gallery_thumbnail-width":100,"woocommerce_gallery_thumbnail-height":100}},{"ID":9663,"id":9663,"title":"mo6316-22-side","filename":"mo6316-22-side.jpg","filesize":12880,"url":"https:\/\/kind.ee\/wp-content\/uploads\/2023\/05\/mo6316-22-side.jpg","link":"https:\/\/kind.ee\/et\/?attachment_id=9663","alt":"","author":"1","description":"","caption":"","name":"mo6316-22-side","status":"inherit","uploaded_to":9658,"date":"2023-05-02 07:26:41","modified":"2023-11-02 08:05:52","menu_order":0,"mime_type":"image\/jpeg","type":"image","subtype":"jpeg","icon":"https:\/\/kind.ee\/wp-includes\/images\/media\/default.png","width":700,"height":700,"sizes":{"thumbnail":"https:\/\/kind.ee\/wp-content\/uploads\/2023\/05\/mo6316-22-side-150x150.jpg","thumbnail-width":150,"thumbnail-height":150,"medium":"https:\/\/kind.ee\/wp-content\/uploads\/2023\/05\/mo6316-22-side-300x300.jpg","medium-width":300,"medium-height":300,"medium_large":"https:\/\/kind.ee\/wp-content\/uploads\/2023\/05\/mo6316-22-side.jpg","medium_large-width":700,"medium_large-height":700,"large":"https:\/\/kind.ee\/wp-content\/uploads\/2023\/05\/mo6316-22-side.jpg","large-width":700,"large-height":700,"1536x1536":"https:\/\/kind.ee\/wp-content\/uploads\/2023\/05\/mo6316-22-side.jpg","1536x1536-width":700,"1536x1536-height":700,"2048x2048":"https:\/\/kind.ee\/wp-content\/uploads\/2023\/05\/mo6316-22-side.jpg","2048x2048-width":700,"2048x2048-height":700,"galerii_large":"https:\/\/kind.ee\/wp-content\/uploads\/2023\/05\/mo6316-22-side.jpg","galerii_large-width":700,"galerii_large-height":700,"galerii_large_retina":"https:\/\/kind.ee\/wp-content\/uploads\/2023\/05\/mo6316-22-side.jpg","galerii_large_retina-width":700,"galerii_large_retina-height":700,"woocommerce_thumbnail":"https:\/\/kind.ee\/wp-content\/uploads\/2023\/05\/mo6316-22-side-300x300.jpg","woocommerce_thumbnail-width":300,"woocommerce_thumbnail-height":300,"woocommerce_single":"https:\/\/kind.ee\/wp-content\/uploads\/2023\/05\/mo6316-22-side-600x600.jpg","woocommerce_single-width":600,"woocommerce_single-height":600,"woocommerce_gallery_thumbnail":"https:\/\/kind.ee\/wp-content\/uploads\/2023\/05\/mo6316-22-side-100x100.jpg","woocommerce_gallery_thumbnail-width":100,"woocommerce_gallery_thumbnail-height":100}},{"ID":9661,"id":9661,"title":"mo6316-22-print","filename":"mo6316-22-print.jpg","filesize":12464,"url":"https:\/\/kind.ee\/wp-content\/uploads\/2023\/05\/mo6316-22-print.jpg","link":"https:\/\/kind.ee\/et\/?attachment_id=9661","alt":"","author":"1","description":"","caption":"","name":"mo6316-22-print","status":"inherit","uploaded_to":9658,"date":"2023-05-02 07:26:39","modified":"2023-05-02 07:26:39","menu_order":0,"mime_type":"image\/jpeg","type":"image","subtype":"jpeg","icon":"https:\/\/kind.ee\/wp-includes\/images\/media\/default.png","width":700,"height":700,"sizes":{"thumbnail":"https:\/\/kind.ee\/wp-content\/uploads\/2023\/05\/mo6316-22-print-150x150.jpg","thumbnail-width":150,"thumbnail-height":150,"medium":"https:\/\/kind.ee\/wp-content\/uploads\/2023\/05\/mo6316-22-print-300x300.jpg","medium-width":300,"medium-height":300,"medium_large":"https:\/\/kind.ee\/wp-content\/uploads\/2023\/05\/mo6316-22-print.jpg","medium_large-width":700,"medium_large-height":700,"large":"https:\/\/kind.ee\/wp-content\/uploads\/2023\/05\/mo6316-22-print.jpg","large-width":700,"large-height":700,"1536x1536":"https:\/\/kind.ee\/wp-content\/uploads\/2023\/05\/mo6316-22-print.jpg","1536x1536-width":700,"1536x1536-height":700,"2048x2048":"https:\/\/kind.ee\/wp-content\/uploads\/2023\/05\/mo6316-22-print.jpg","2048x2048-width":700,"2048x2048-height":700,"galerii_large":"https:\/\/kind.ee\/wp-content\/uploads\/2023\/05\/mo6316-22-print.jpg","galerii_large-width":700,"galerii_large-height":700,"galerii_large_retina":"https:\/\/kind.ee\/wp-content\/uploads\/2023\/05\/mo6316-22-print.jpg","galerii_large_retina-width":700,"galerii_large_retina-height":700,"woocommerce_thumbnail":"https:\/\/kind.ee\/wp-content\/uploads\/2023\/05\/mo6316-22-print-300x300.jpg","woocommerce_thumbnail-width":300,"woocommerce_thumbnail-height":300,"woocommerce_single":"https:\/\/kind.ee\/wp-content\/uploads\/2023\/05\/mo6316-22-print-600x600.jpg","woocommerce_single-width":600,"woocommerce_single-height":600,"woocommerce_gallery_thumbnail":"https:\/\/kind.ee\/wp-content\/uploads\/2023\/05\/mo6316-22-print-100x100.jpg","woocommerce_gallery_thumbnail-width":100,"woocommerce_gallery_thumbnail-height":100}}],"varvikood":false,"varvid-native":false,"varvid-stedman":false,"varvikood-neutral":false,"varvid-sols":false,"midoceani_varvid":false,"purewaste":false,"beechfield-varvid":false,"bagbase":false,"mepal":false}],"tooteinfo":"Vaniljel\u00f5hnaline vahak\u00fc\u00fcnal, mis on klaasist anumas koos bambusest kaanega. K\u00fc\u00fcnal on pakendatud paberist kinkekarpi. P\u00f5lemisaeg kuni 40 tundi.","mootmed":"K\u00f5rgus: 10.5 cm <br \/>\r\nDiameeter: 8 cm <br \/>\r\nKaal: 557 g","materjal":"Klaas","varvus":""},"_links":{"self":[{"href":"https:\/\/kind.ee\/et\/wp-json\/wp\/v2\/product\/9658","targetHints":{"allow":["GET"]}}],"collection":[{"href":"https:\/\/kind.ee\/et\/wp-json\/wp\/v2\/product"}],"about":[{"href":"https:\/\/kind.ee\/et\/wp-json\/wp\/v2\/types\/product"}],"wp:featuredmedia":[{"embeddable":true,"href":"https:\/\/kind.ee\/et\/wp-json\/wp\/v2\/media\/9663"}],"wp:attachment":[{"href":"https:\/\/kind.ee\/et\/wp-json\/wp\/v2\/media?parent=9658"}],"wp:term":[{"taxonomy":"product_brand","embeddable":true,"href":"https:\/\/kind.ee\/et\/wp-json\/wp\/v2\/product_brand?post=9658"},{"taxonomy":"product_cat","embeddable":true,"href":"https:\/\/kind.ee\/et\/wp-json\/wp\/v2\/product_cat?post=9658"},{"taxonomy":"product_tag","embeddable":true,"href":"https:\/\/kind.ee\/et\/wp-json\/wp\/v2\/product_tag?post=9658"}],"curies":[{"name":"wp","href":"https:\/\/api.w.org\/{rel}","templated":true}]}}