{"id":9650,"date":"2023-05-02T07:23:31","date_gmt":"2023-05-02T07:23:31","guid":{"rendered":"https:\/\/kind.ee\/?post_type=product&#038;p=9650"},"modified":"2025-06-10T10:00:16","modified_gmt":"2025-06-10T10:00:16","slug":"kompaktne-kirjatarvete-komplekt","status":"publish","type":"product","link":"https:\/\/kind.ee\/et\/toode\/kompaktne-kirjatarvete-komplekt\/","title":{"rendered":"kompaktne kirjatarvete komplekt"},"content":{"rendered":"","protected":false},"excerpt":{"rendered":"","protected":false},"featured_media":9653,"template":"","meta":[],"product_brand":[],"product_cat":[620,616],"product_tag":[],"class_list":{"0":"post-9650","1":"product","2":"type-product","3":"status-publish","4":"has-post-thumbnail","6":"product_cat-kontor","7":"product_cat-meened","9":"first","10":"instock","11":"shipping-taxable","12":"purchasable","13":"product-type-simple"},"acf":{"muugi_argumendid":[],"sertifikaadid":[],"season":[],"loige":"","suuruste_tabel":false,"paksus":"","min_kogus":"5","kangas":"","kanga-info":"","toote_pildid_varvide_kaupa":[{"pildid":[{"ID":9651,"id":9651,"title":"mo9836-40-ambiant","filename":"mo9836-40-ambiant.jpg","filesize":39356,"url":"https:\/\/kind.ee\/wp-content\/uploads\/2023\/05\/mo9836-40-ambiant.jpg","link":"https:\/\/kind.ee\/et\/?attachment_id=9651","alt":"","author":"1","description":"","caption":"","name":"mo9836-40-ambiant","status":"inherit","uploaded_to":9650,"date":"2023-05-02 07:15:49","modified":"2023-11-02 08:06:38","menu_order":0,"mime_type":"image\/jpeg","type":"image","subtype":"jpeg","icon":"https:\/\/kind.ee\/wp-includes\/images\/media\/default.png","width":700,"height":474,"sizes":{"thumbnail":"https:\/\/kind.ee\/wp-content\/uploads\/2023\/05\/mo9836-40-ambiant-150x150.jpg","thumbnail-width":150,"thumbnail-height":150,"medium":"https:\/\/kind.ee\/wp-content\/uploads\/2023\/05\/mo9836-40-ambiant-300x203.jpg","medium-width":300,"medium-height":203,"medium_large":"https:\/\/kind.ee\/wp-content\/uploads\/2023\/05\/mo9836-40-ambiant.jpg","medium_large-width":700,"medium_large-height":474,"large":"https:\/\/kind.ee\/wp-content\/uploads\/2023\/05\/mo9836-40-ambiant.jpg","large-width":700,"large-height":474,"1536x1536":"https:\/\/kind.ee\/wp-content\/uploads\/2023\/05\/mo9836-40-ambiant.jpg","1536x1536-width":700,"1536x1536-height":474,"2048x2048":"https:\/\/kind.ee\/wp-content\/uploads\/2023\/05\/mo9836-40-ambiant.jpg","2048x2048-width":700,"2048x2048-height":474,"galerii_large":"https:\/\/kind.ee\/wp-content\/uploads\/2023\/05\/mo9836-40-ambiant.jpg","galerii_large-width":700,"galerii_large-height":474,"galerii_large_retina":"https:\/\/kind.ee\/wp-content\/uploads\/2023\/05\/mo9836-40-ambiant.jpg","galerii_large_retina-width":700,"galerii_large_retina-height":474,"woocommerce_thumbnail":"https:\/\/kind.ee\/wp-content\/uploads\/2023\/05\/mo9836-40-ambiant-300x300.jpg","woocommerce_thumbnail-width":300,"woocommerce_thumbnail-height":300,"woocommerce_single":"https:\/\/kind.ee\/wp-content\/uploads\/2023\/05\/mo9836-40-ambiant-600x406.jpg","woocommerce_single-width":600,"woocommerce_single-height":406,"woocommerce_gallery_thumbnail":"https:\/\/kind.ee\/wp-content\/uploads\/2023\/05\/mo9836-40-ambiant-100x100.jpg","woocommerce_gallery_thumbnail-width":100,"woocommerce_gallery_thumbnail-height":100}},{"ID":9655,"id":9655,"title":"mo9836-40-back","filename":"mo9836-40-back.jpg","filesize":16221,"url":"https:\/\/kind.ee\/wp-content\/uploads\/2023\/05\/mo9836-40-back.jpg","link":"https:\/\/kind.ee\/et\/?attachment_id=9655","alt":"","author":"1","description":"","caption":"","name":"mo9836-40-back","status":"inherit","uploaded_to":9650,"date":"2023-05-02 07:15:54","modified":"2023-05-02 07:15:54","menu_order":0,"mime_type":"image\/jpeg","type":"image","subtype":"jpeg","icon":"https:\/\/kind.ee\/wp-includes\/images\/media\/default.png","width":700,"height":700,"sizes":{"thumbnail":"https:\/\/kind.ee\/wp-content\/uploads\/2023\/05\/mo9836-40-back-150x150.jpg","thumbnail-width":150,"thumbnail-height":150,"medium":"https:\/\/kind.ee\/wp-content\/uploads\/2023\/05\/mo9836-40-back-300x300.jpg","medium-width":300,"medium-height":300,"medium_large":"https:\/\/kind.ee\/wp-content\/uploads\/2023\/05\/mo9836-40-back.jpg","medium_large-width":700,"medium_large-height":700,"large":"https:\/\/kind.ee\/wp-content\/uploads\/2023\/05\/mo9836-40-back.jpg","large-width":700,"large-height":700,"1536x1536":"https:\/\/kind.ee\/wp-content\/uploads\/2023\/05\/mo9836-40-back.jpg","1536x1536-width":700,"1536x1536-height":700,"2048x2048":"https:\/\/kind.ee\/wp-content\/uploads\/2023\/05\/mo9836-40-back.jpg","2048x2048-width":700,"2048x2048-height":700,"galerii_large":"https:\/\/kind.ee\/wp-content\/uploads\/2023\/05\/mo9836-40-back.jpg","galerii_large-width":700,"galerii_large-height":700,"galerii_large_retina":"https:\/\/kind.ee\/wp-content\/uploads\/2023\/05\/mo9836-40-back.jpg","galerii_large_retina-width":700,"galerii_large_retina-height":700,"woocommerce_thumbnail":"https:\/\/kind.ee\/wp-content\/uploads\/2023\/05\/mo9836-40-back-300x300.jpg","woocommerce_thumbnail-width":300,"woocommerce_thumbnail-height":300,"woocommerce_single":"https:\/\/kind.ee\/wp-content\/uploads\/2023\/05\/mo9836-40-back-600x600.jpg","woocommerce_single-width":600,"woocommerce_single-height":600,"woocommerce_gallery_thumbnail":"https:\/\/kind.ee\/wp-content\/uploads\/2023\/05\/mo9836-40-back-100x100.jpg","woocommerce_gallery_thumbnail-width":100,"woocommerce_gallery_thumbnail-height":100}},{"ID":9653,"id":9653,"title":"mo9836-40","filename":"mo9836-40.jpg","filesize":30432,"url":"https:\/\/kind.ee\/wp-content\/uploads\/2023\/05\/mo9836-40.jpg","link":"https:\/\/kind.ee\/et\/?attachment_id=9653","alt":"","author":"1","description":"","caption":"","name":"mo9836-40","status":"inherit","uploaded_to":9650,"date":"2023-05-02 07:15:52","modified":"2023-05-02 07:15:52","menu_order":0,"mime_type":"image\/jpeg","type":"image","subtype":"jpeg","icon":"https:\/\/kind.ee\/wp-includes\/images\/media\/default.png","width":700,"height":700,"sizes":{"thumbnail":"https:\/\/kind.ee\/wp-content\/uploads\/2023\/05\/mo9836-40-150x150.jpg","thumbnail-width":150,"thumbnail-height":150,"medium":"https:\/\/kind.ee\/wp-content\/uploads\/2023\/05\/mo9836-40-300x300.jpg","medium-width":300,"medium-height":300,"medium_large":"https:\/\/kind.ee\/wp-content\/uploads\/2023\/05\/mo9836-40.jpg","medium_large-width":700,"medium_large-height":700,"large":"https:\/\/kind.ee\/wp-content\/uploads\/2023\/05\/mo9836-40.jpg","large-width":700,"large-height":700,"1536x1536":"https:\/\/kind.ee\/wp-content\/uploads\/2023\/05\/mo9836-40.jpg","1536x1536-width":700,"1536x1536-height":700,"2048x2048":"https:\/\/kind.ee\/wp-content\/uploads\/2023\/05\/mo9836-40.jpg","2048x2048-width":700,"2048x2048-height":700,"galerii_large":"https:\/\/kind.ee\/wp-content\/uploads\/2023\/05\/mo9836-40.jpg","galerii_large-width":700,"galerii_large-height":700,"galerii_large_retina":"https:\/\/kind.ee\/wp-content\/uploads\/2023\/05\/mo9836-40.jpg","galerii_large_retina-width":700,"galerii_large_retina-height":700,"woocommerce_thumbnail":"https:\/\/kind.ee\/wp-content\/uploads\/2023\/05\/mo9836-40-300x300.jpg","woocommerce_thumbnail-width":300,"woocommerce_thumbnail-height":300,"woocommerce_single":"https:\/\/kind.ee\/wp-content\/uploads\/2023\/05\/mo9836-40-600x600.jpg","woocommerce_single-width":600,"woocommerce_single-height":600,"woocommerce_gallery_thumbnail":"https:\/\/kind.ee\/wp-content\/uploads\/2023\/05\/mo9836-40-100x100.jpg","woocommerce_gallery_thumbnail-width":100,"woocommerce_gallery_thumbnail-height":100}}],"varvikood":false,"varvid-native":false,"varvid-stedman":false,"varvikood-neutral":false,"varvid-sols":false,"midoceani_varvid":false,"purewaste":false,"beechfield-varvid":false,"bagbase":false,"mepal":false}],"tooteinfo":"12-osaline kompaktne kirjatarvete komplekt, mis sisaldab 2 harilikku pliiatsit, 6 v\u00e4rvipliiatsit, teritajat, kustutuskummi ja joonlauda. Joonlaud t\u00e4itab ka karbi kaane rolli.","mootmed":"K\u00f5rgus: 2.3 cm <br \/>\r\nPikkus: 20.5 cm <br \/>\r\nLaius: 4.2 cm <br \/>\r\nKaal: 90 g","materjal":"Puit","varvus":""},"_links":{"self":[{"href":"https:\/\/kind.ee\/et\/wp-json\/wp\/v2\/product\/9650","targetHints":{"allow":["GET"]}}],"collection":[{"href":"https:\/\/kind.ee\/et\/wp-json\/wp\/v2\/product"}],"about":[{"href":"https:\/\/kind.ee\/et\/wp-json\/wp\/v2\/types\/product"}],"wp:featuredmedia":[{"embeddable":true,"href":"https:\/\/kind.ee\/et\/wp-json\/wp\/v2\/media\/9653"}],"wp:attachment":[{"href":"https:\/\/kind.ee\/et\/wp-json\/wp\/v2\/media?parent=9650"}],"wp:term":[{"taxonomy":"product_brand","embeddable":true,"href":"https:\/\/kind.ee\/et\/wp-json\/wp\/v2\/product_brand?post=9650"},{"taxonomy":"product_cat","embeddable":true,"href":"https:\/\/kind.ee\/et\/wp-json\/wp\/v2\/product_cat?post=9650"},{"taxonomy":"product_tag","embeddable":true,"href":"https:\/\/kind.ee\/et\/wp-json\/wp\/v2\/product_tag?post=9650"}],"curies":[{"name":"wp","href":"https:\/\/api.w.org\/{rel}","templated":true}]}}