{"id":9643,"date":"2023-05-02T07:11:38","date_gmt":"2023-05-02T07:11:38","guid":{"rendered":"https:\/\/kind.ee\/?post_type=product&#038;p=9643"},"modified":"2025-06-10T10:00:16","modified_gmt":"2025-06-10T10:00:16","slug":"puidust-sudokulaud","status":"publish","type":"product","link":"https:\/\/kind.ee\/et\/toode\/puidust-sudokulaud\/","title":{"rendered":"puidust sudokulaud"},"content":{"rendered":"","protected":false},"excerpt":{"rendered":"","protected":false},"featured_media":9646,"template":"","meta":[],"product_brand":[],"product_cat":[626,616],"product_tag":[],"class_list":{"0":"post-9643","1":"product","2":"type-product","3":"status-publish","4":"has-post-thumbnail","6":"product_cat-mangud","7":"product_cat-meened","9":"first","10":"instock","11":"shipping-taxable","12":"purchasable","13":"product-type-simple"},"acf":{"muugi_argumendid":[],"sertifikaadid":[],"season":[],"loige":"","suuruste_tabel":false,"paksus":"","min_kogus":"5","kangas":"","kanga-info":"","toote_pildid_varvide_kaupa":[{"pildid":[{"ID":9646,"id":9646,"title":"mo6793-40","filename":"mo6793-40-e1699024529123.jpg","filesize":46152,"url":"https:\/\/kind.ee\/wp-content\/uploads\/2023\/05\/mo6793-40-e1699024529123.jpg","link":"https:\/\/kind.ee\/et\/?attachment_id=9646","alt":"","author":"1","description":"","caption":"","name":"mo6793-40","status":"inherit","uploaded_to":9643,"date":"2023-05-02 07:07:44","modified":"2023-05-02 07:07:44","menu_order":0,"mime_type":"image\/jpeg","type":"image","subtype":"jpeg","icon":"https:\/\/kind.ee\/wp-includes\/images\/media\/default.png","width":652,"height":563,"sizes":{"thumbnail":"https:\/\/kind.ee\/wp-content\/uploads\/2023\/05\/mo6793-40-e1699024529123-150x150.jpg","thumbnail-width":150,"thumbnail-height":150,"medium":"https:\/\/kind.ee\/wp-content\/uploads\/2023\/05\/mo6793-40-e1699024529123-300x259.jpg","medium-width":300,"medium-height":259,"medium_large":"https:\/\/kind.ee\/wp-content\/uploads\/2023\/05\/mo6793-40-e1699024529123.jpg","medium_large-width":652,"medium_large-height":563,"large":"https:\/\/kind.ee\/wp-content\/uploads\/2023\/05\/mo6793-40-e1699024529123.jpg","large-width":652,"large-height":563,"1536x1536":"https:\/\/kind.ee\/wp-content\/uploads\/2023\/05\/mo6793-40-e1699024529123.jpg","1536x1536-width":652,"1536x1536-height":563,"2048x2048":"https:\/\/kind.ee\/wp-content\/uploads\/2023\/05\/mo6793-40-e1699024529123.jpg","2048x2048-width":652,"2048x2048-height":563,"galerii_large":"https:\/\/kind.ee\/wp-content\/uploads\/2023\/05\/mo6793-40-e1699024529123.jpg","galerii_large-width":652,"galerii_large-height":563,"galerii_large_retina":"https:\/\/kind.ee\/wp-content\/uploads\/2023\/05\/mo6793-40-e1699024529123.jpg","galerii_large_retina-width":652,"galerii_large_retina-height":563,"woocommerce_thumbnail":"https:\/\/kind.ee\/wp-content\/uploads\/2023\/05\/mo6793-40-e1699024529123-300x300.jpg","woocommerce_thumbnail-width":300,"woocommerce_thumbnail-height":300,"woocommerce_single":"https:\/\/kind.ee\/wp-content\/uploads\/2023\/05\/mo6793-40-e1699024529123-600x518.jpg","woocommerce_single-width":600,"woocommerce_single-height":518,"woocommerce_gallery_thumbnail":"https:\/\/kind.ee\/wp-content\/uploads\/2023\/05\/mo6793-40-e1699024529123-100x100.jpg","woocommerce_gallery_thumbnail-width":100,"woocommerce_gallery_thumbnail-height":100}},{"ID":9648,"id":9648,"title":"mo6793-40-top","filename":"mo6793-40-top.jpg","filesize":41296,"url":"https:\/\/kind.ee\/wp-content\/uploads\/2023\/05\/mo6793-40-top.jpg","link":"https:\/\/kind.ee\/et\/?attachment_id=9648","alt":"","author":"1","description":"","caption":"","name":"mo6793-40-top","status":"inherit","uploaded_to":9643,"date":"2023-05-02 07:07:46","modified":"2023-05-02 07:07:46","menu_order":0,"mime_type":"image\/jpeg","type":"image","subtype":"jpeg","icon":"https:\/\/kind.ee\/wp-includes\/images\/media\/default.png","width":700,"height":700,"sizes":{"thumbnail":"https:\/\/kind.ee\/wp-content\/uploads\/2023\/05\/mo6793-40-top-150x150.jpg","thumbnail-width":150,"thumbnail-height":150,"medium":"https:\/\/kind.ee\/wp-content\/uploads\/2023\/05\/mo6793-40-top-300x300.jpg","medium-width":300,"medium-height":300,"medium_large":"https:\/\/kind.ee\/wp-content\/uploads\/2023\/05\/mo6793-40-top.jpg","medium_large-width":700,"medium_large-height":700,"large":"https:\/\/kind.ee\/wp-content\/uploads\/2023\/05\/mo6793-40-top.jpg","large-width":700,"large-height":700,"1536x1536":"https:\/\/kind.ee\/wp-content\/uploads\/2023\/05\/mo6793-40-top.jpg","1536x1536-width":700,"1536x1536-height":700,"2048x2048":"https:\/\/kind.ee\/wp-content\/uploads\/2023\/05\/mo6793-40-top.jpg","2048x2048-width":700,"2048x2048-height":700,"galerii_large":"https:\/\/kind.ee\/wp-content\/uploads\/2023\/05\/mo6793-40-top.jpg","galerii_large-width":700,"galerii_large-height":700,"galerii_large_retina":"https:\/\/kind.ee\/wp-content\/uploads\/2023\/05\/mo6793-40-top.jpg","galerii_large_retina-width":700,"galerii_large_retina-height":700,"woocommerce_thumbnail":"https:\/\/kind.ee\/wp-content\/uploads\/2023\/05\/mo6793-40-top-300x300.jpg","woocommerce_thumbnail-width":300,"woocommerce_thumbnail-height":300,"woocommerce_single":"https:\/\/kind.ee\/wp-content\/uploads\/2023\/05\/mo6793-40-top-600x600.jpg","woocommerce_single-width":600,"woocommerce_single-height":600,"woocommerce_gallery_thumbnail":"https:\/\/kind.ee\/wp-content\/uploads\/2023\/05\/mo6793-40-top-100x100.jpg","woocommerce_gallery_thumbnail-width":100,"woocommerce_gallery_thumbnail-height":100}},{"ID":9644,"id":9644,"title":"mo6793-40-open","filename":"mo6793-40-open.jpg","filesize":30258,"url":"https:\/\/kind.ee\/wp-content\/uploads\/2023\/05\/mo6793-40-open.jpg","link":"https:\/\/kind.ee\/et\/?attachment_id=9644","alt":"","author":"1","description":"","caption":"","name":"mo6793-40-open","status":"inherit","uploaded_to":9643,"date":"2023-05-02 07:07:41","modified":"2023-11-02 08:07:56","menu_order":0,"mime_type":"image\/jpeg","type":"image","subtype":"jpeg","icon":"https:\/\/kind.ee\/wp-includes\/images\/media\/default.png","width":700,"height":462,"sizes":{"thumbnail":"https:\/\/kind.ee\/wp-content\/uploads\/2023\/05\/mo6793-40-open-150x150.jpg","thumbnail-width":150,"thumbnail-height":150,"medium":"https:\/\/kind.ee\/wp-content\/uploads\/2023\/05\/mo6793-40-open-300x198.jpg","medium-width":300,"medium-height":198,"medium_large":"https:\/\/kind.ee\/wp-content\/uploads\/2023\/05\/mo6793-40-open.jpg","medium_large-width":700,"medium_large-height":462,"large":"https:\/\/kind.ee\/wp-content\/uploads\/2023\/05\/mo6793-40-open.jpg","large-width":700,"large-height":462,"1536x1536":"https:\/\/kind.ee\/wp-content\/uploads\/2023\/05\/mo6793-40-open.jpg","1536x1536-width":700,"1536x1536-height":462,"2048x2048":"https:\/\/kind.ee\/wp-content\/uploads\/2023\/05\/mo6793-40-open.jpg","2048x2048-width":700,"2048x2048-height":462,"galerii_large":"https:\/\/kind.ee\/wp-content\/uploads\/2023\/05\/mo6793-40-open.jpg","galerii_large-width":700,"galerii_large-height":462,"galerii_large_retina":"https:\/\/kind.ee\/wp-content\/uploads\/2023\/05\/mo6793-40-open.jpg","galerii_large_retina-width":700,"galerii_large_retina-height":462,"woocommerce_thumbnail":"https:\/\/kind.ee\/wp-content\/uploads\/2023\/05\/mo6793-40-open-300x300.jpg","woocommerce_thumbnail-width":300,"woocommerce_thumbnail-height":300,"woocommerce_single":"https:\/\/kind.ee\/wp-content\/uploads\/2023\/05\/mo6793-40-open-600x396.jpg","woocommerce_single-width":600,"woocommerce_single-height":396,"woocommerce_gallery_thumbnail":"https:\/\/kind.ee\/wp-content\/uploads\/2023\/05\/mo6793-40-open-100x100.jpg","woocommerce_gallery_thumbnail-width":100,"woocommerce_gallery_thumbnail-height":100}}],"varvikood":false,"varvid-native":false,"varvid-stedman":false,"varvikood-neutral":false,"varvid-sols":false,"midoceani_varvid":false,"purewaste":false,"beechfield-varvid":false,"bagbase":false,"mepal":false}],"tooteinfo":"Puidust sudoku kokkuk\u00e4ivas karbis, mis tuleb koos 99 nummerdatud m\u00e4ngunupuga. Komplekt sisaldab manuaali koos juhiste, m\u00f5istatuste ja lahendustega.","mootmed":"K\u00f5rgus: 3.1 cm <br \/>\r\nPikkus: 22.5 cm <br \/>\r\nLaius: 23.5 cm  <br \/>\r\nKaal: 535 g","materjal":"P\u00f6\u00f6gipuu","varvus":""},"_links":{"self":[{"href":"https:\/\/kind.ee\/et\/wp-json\/wp\/v2\/product\/9643","targetHints":{"allow":["GET"]}}],"collection":[{"href":"https:\/\/kind.ee\/et\/wp-json\/wp\/v2\/product"}],"about":[{"href":"https:\/\/kind.ee\/et\/wp-json\/wp\/v2\/types\/product"}],"wp:featuredmedia":[{"embeddable":true,"href":"https:\/\/kind.ee\/et\/wp-json\/wp\/v2\/media\/9646"}],"wp:attachment":[{"href":"https:\/\/kind.ee\/et\/wp-json\/wp\/v2\/media?parent=9643"}],"wp:term":[{"taxonomy":"product_brand","embeddable":true,"href":"https:\/\/kind.ee\/et\/wp-json\/wp\/v2\/product_brand?post=9643"},{"taxonomy":"product_cat","embeddable":true,"href":"https:\/\/kind.ee\/et\/wp-json\/wp\/v2\/product_cat?post=9643"},{"taxonomy":"product_tag","embeddable":true,"href":"https:\/\/kind.ee\/et\/wp-json\/wp\/v2\/product_tag?post=9643"}],"curies":[{"name":"wp","href":"https:\/\/api.w.org\/{rel}","templated":true}]}}