{"id":9622,"date":"2023-05-01T13:46:00","date_gmt":"2023-05-01T13:46:00","guid":{"rendered":"https:\/\/kind.ee\/?post_type=product&#038;p=9622"},"modified":"2025-06-10T10:00:16","modified_gmt":"2025-06-10T10:00:16","slug":"urdiseemnetega-savist-potid","status":"publish","type":"product","link":"https:\/\/kind.ee\/et\/toode\/urdiseemnetega-savist-potid\/","title":{"rendered":"\u00fcrdiseemnetega savist potid"},"content":{"rendered":"","protected":false},"excerpt":{"rendered":"","protected":false},"featured_media":9623,"template":"","meta":[],"product_brand":[],"product_cat":[619,616],"product_tag":[],"class_list":{"0":"post-9622","1":"product","2":"type-product","3":"status-publish","4":"has-post-thumbnail","6":"product_cat-kodu","7":"product_cat-meened","9":"first","10":"instock","11":"shipping-taxable","12":"purchasable","13":"product-type-simple"},"acf":{"muugi_argumendid":[],"sertifikaadid":[],"season":[],"loige":"","suuruste_tabel":false,"paksus":"","min_kogus":"5","kangas":"","kanga-info":"","toote_pildid_varvide_kaupa":[{"pildid":[{"ID":9623,"id":9623,"title":"mo6145-40","filename":"mo6145-40.jpg","filesize":52401,"url":"https:\/\/kind.ee\/wp-content\/uploads\/2023\/05\/mo6145-40.jpg","link":"https:\/\/kind.ee\/et\/?attachment_id=9623","alt":"","author":"1","description":"","caption":"","name":"mo6145-40","status":"inherit","uploaded_to":9622,"date":"2023-05-01 13:39:44","modified":"2023-05-01 13:39:44","menu_order":0,"mime_type":"image\/jpeg","type":"image","subtype":"jpeg","icon":"https:\/\/kind.ee\/wp-includes\/images\/media\/default.png","width":700,"height":700,"sizes":{"thumbnail":"https:\/\/kind.ee\/wp-content\/uploads\/2023\/05\/mo6145-40-150x150.jpg","thumbnail-width":150,"thumbnail-height":150,"medium":"https:\/\/kind.ee\/wp-content\/uploads\/2023\/05\/mo6145-40-300x300.jpg","medium-width":300,"medium-height":300,"medium_large":"https:\/\/kind.ee\/wp-content\/uploads\/2023\/05\/mo6145-40.jpg","medium_large-width":700,"medium_large-height":700,"large":"https:\/\/kind.ee\/wp-content\/uploads\/2023\/05\/mo6145-40.jpg","large-width":700,"large-height":700,"1536x1536":"https:\/\/kind.ee\/wp-content\/uploads\/2023\/05\/mo6145-40.jpg","1536x1536-width":700,"1536x1536-height":700,"2048x2048":"https:\/\/kind.ee\/wp-content\/uploads\/2023\/05\/mo6145-40.jpg","2048x2048-width":700,"2048x2048-height":700,"galerii_large":"https:\/\/kind.ee\/wp-content\/uploads\/2023\/05\/mo6145-40.jpg","galerii_large-width":700,"galerii_large-height":700,"galerii_large_retina":"https:\/\/kind.ee\/wp-content\/uploads\/2023\/05\/mo6145-40.jpg","galerii_large_retina-width":700,"galerii_large_retina-height":700,"woocommerce_thumbnail":"https:\/\/kind.ee\/wp-content\/uploads\/2023\/05\/mo6145-40-300x300.jpg","woocommerce_thumbnail-width":300,"woocommerce_thumbnail-height":300,"woocommerce_single":"https:\/\/kind.ee\/wp-content\/uploads\/2023\/05\/mo6145-40-600x600.jpg","woocommerce_single-width":600,"woocommerce_single-height":600,"woocommerce_gallery_thumbnail":"https:\/\/kind.ee\/wp-content\/uploads\/2023\/05\/mo6145-40-100x100.jpg","woocommerce_gallery_thumbnail-width":100,"woocommerce_gallery_thumbnail-height":100}},{"ID":9625,"id":9625,"title":"mo6145-40c","filename":"mo6145-40c.jpg","filesize":34310,"url":"https:\/\/kind.ee\/wp-content\/uploads\/2023\/05\/mo6145-40c.jpg","link":"https:\/\/kind.ee\/et\/?attachment_id=9625","alt":"","author":"1","description":"","caption":"","name":"mo6145-40c","status":"inherit","uploaded_to":9622,"date":"2023-05-01 13:39:46","modified":"2023-05-01 13:39:46","menu_order":0,"mime_type":"image\/jpeg","type":"image","subtype":"jpeg","icon":"https:\/\/kind.ee\/wp-includes\/images\/media\/default.png","width":700,"height":700,"sizes":{"thumbnail":"https:\/\/kind.ee\/wp-content\/uploads\/2023\/05\/mo6145-40c-150x150.jpg","thumbnail-width":150,"thumbnail-height":150,"medium":"https:\/\/kind.ee\/wp-content\/uploads\/2023\/05\/mo6145-40c-300x300.jpg","medium-width":300,"medium-height":300,"medium_large":"https:\/\/kind.ee\/wp-content\/uploads\/2023\/05\/mo6145-40c.jpg","medium_large-width":700,"medium_large-height":700,"large":"https:\/\/kind.ee\/wp-content\/uploads\/2023\/05\/mo6145-40c.jpg","large-width":700,"large-height":700,"1536x1536":"https:\/\/kind.ee\/wp-content\/uploads\/2023\/05\/mo6145-40c.jpg","1536x1536-width":700,"1536x1536-height":700,"2048x2048":"https:\/\/kind.ee\/wp-content\/uploads\/2023\/05\/mo6145-40c.jpg","2048x2048-width":700,"2048x2048-height":700,"galerii_large":"https:\/\/kind.ee\/wp-content\/uploads\/2023\/05\/mo6145-40c.jpg","galerii_large-width":700,"galerii_large-height":700,"galerii_large_retina":"https:\/\/kind.ee\/wp-content\/uploads\/2023\/05\/mo6145-40c.jpg","galerii_large_retina-width":700,"galerii_large_retina-height":700,"woocommerce_thumbnail":"https:\/\/kind.ee\/wp-content\/uploads\/2023\/05\/mo6145-40c-300x300.jpg","woocommerce_thumbnail-width":300,"woocommerce_thumbnail-height":300,"woocommerce_single":"https:\/\/kind.ee\/wp-content\/uploads\/2023\/05\/mo6145-40c-600x600.jpg","woocommerce_single-width":600,"woocommerce_single-height":600,"woocommerce_gallery_thumbnail":"https:\/\/kind.ee\/wp-content\/uploads\/2023\/05\/mo6145-40c-100x100.jpg","woocommerce_gallery_thumbnail-width":100,"woocommerce_gallery_thumbnail-height":100}},{"ID":9627,"id":9627,"title":"mo6145-40d","filename":"mo6145-40d.jpg","filesize":19921,"url":"https:\/\/kind.ee\/wp-content\/uploads\/2023\/05\/mo6145-40d.jpg","link":"https:\/\/kind.ee\/et\/?attachment_id=9627","alt":"","author":"1","description":"","caption":"","name":"mo6145-40d","status":"inherit","uploaded_to":9622,"date":"2023-05-01 13:39:49","modified":"2023-11-02 08:09:39","menu_order":0,"mime_type":"image\/jpeg","type":"image","subtype":"jpeg","icon":"https:\/\/kind.ee\/wp-includes\/images\/media\/default.png","width":700,"height":700,"sizes":{"thumbnail":"https:\/\/kind.ee\/wp-content\/uploads\/2023\/05\/mo6145-40d-150x150.jpg","thumbnail-width":150,"thumbnail-height":150,"medium":"https:\/\/kind.ee\/wp-content\/uploads\/2023\/05\/mo6145-40d-300x300.jpg","medium-width":300,"medium-height":300,"medium_large":"https:\/\/kind.ee\/wp-content\/uploads\/2023\/05\/mo6145-40d.jpg","medium_large-width":700,"medium_large-height":700,"large":"https:\/\/kind.ee\/wp-content\/uploads\/2023\/05\/mo6145-40d.jpg","large-width":700,"large-height":700,"1536x1536":"https:\/\/kind.ee\/wp-content\/uploads\/2023\/05\/mo6145-40d.jpg","1536x1536-width":700,"1536x1536-height":700,"2048x2048":"https:\/\/kind.ee\/wp-content\/uploads\/2023\/05\/mo6145-40d.jpg","2048x2048-width":700,"2048x2048-height":700,"galerii_large":"https:\/\/kind.ee\/wp-content\/uploads\/2023\/05\/mo6145-40d.jpg","galerii_large-width":700,"galerii_large-height":700,"galerii_large_retina":"https:\/\/kind.ee\/wp-content\/uploads\/2023\/05\/mo6145-40d.jpg","galerii_large_retina-width":700,"galerii_large_retina-height":700,"woocommerce_thumbnail":"https:\/\/kind.ee\/wp-content\/uploads\/2023\/05\/mo6145-40d-300x300.jpg","woocommerce_thumbnail-width":300,"woocommerce_thumbnail-height":300,"woocommerce_single":"https:\/\/kind.ee\/wp-content\/uploads\/2023\/05\/mo6145-40d-600x600.jpg","woocommerce_single-width":600,"woocommerce_single-height":600,"woocommerce_gallery_thumbnail":"https:\/\/kind.ee\/wp-content\/uploads\/2023\/05\/mo6145-40d-100x100.jpg","woocommerce_gallery_thumbnail-width":100,"woocommerce_gallery_thumbnail-height":100}}],"varvikood":false,"varvid-native":false,"varvid-stedman":false,"varvikood-neutral":false,"varvid-sols":false,"midoceani_varvid":false,"purewaste":false,"beechfield-varvid":false,"bagbase":false,"mepal":false}],"tooteinfo":"Praktiline kingitus inimesele, kellele meeldib kokata ja kasvatada oma v\u00e4ikest \u00fcrdiaeda. Komplektis on kolm erinevat \u00fcrti: piparm\u00fcnt, petersell ja basiilik. Valmistatud EL-is.","mootmed":"K\u00f5rgus: 5 cm <br \/>\r\nPikkus: 6 cm <br \/>\r\nLaius: 19 cm <br \/>\r\nKaal: 0.16 kg","materjal":"Terracotta savi","varvus":""},"_links":{"self":[{"href":"https:\/\/kind.ee\/et\/wp-json\/wp\/v2\/product\/9622","targetHints":{"allow":["GET"]}}],"collection":[{"href":"https:\/\/kind.ee\/et\/wp-json\/wp\/v2\/product"}],"about":[{"href":"https:\/\/kind.ee\/et\/wp-json\/wp\/v2\/types\/product"}],"wp:featuredmedia":[{"embeddable":true,"href":"https:\/\/kind.ee\/et\/wp-json\/wp\/v2\/media\/9623"}],"wp:attachment":[{"href":"https:\/\/kind.ee\/et\/wp-json\/wp\/v2\/media?parent=9622"}],"wp:term":[{"taxonomy":"product_brand","embeddable":true,"href":"https:\/\/kind.ee\/et\/wp-json\/wp\/v2\/product_brand?post=9622"},{"taxonomy":"product_cat","embeddable":true,"href":"https:\/\/kind.ee\/et\/wp-json\/wp\/v2\/product_cat?post=9622"},{"taxonomy":"product_tag","embeddable":true,"href":"https:\/\/kind.ee\/et\/wp-json\/wp\/v2\/product_tag?post=9622"}],"curies":[{"name":"wp","href":"https:\/\/api.w.org\/{rel}","templated":true}]}}