{"id":9551,"date":"2023-05-01T09:57:43","date_gmt":"2023-05-01T09:57:43","guid":{"rendered":"https:\/\/kind.ee\/?post_type=product&#038;p=9551"},"modified":"2025-06-10T10:00:17","modified_gmt":"2025-06-10T10:00:17","slug":"tugevast-materjalist-reisikott","status":"publish","type":"product","link":"https:\/\/kind.ee\/et\/toode\/tugevast-materjalist-reisikott\/","title":{"rendered":"tugevast materjalist reisikott"},"content":{"rendered":"","protected":false},"excerpt":{"rendered":"","protected":false},"featured_media":9556,"template":"","meta":[],"product_brand":[],"product_cat":[598],"product_tag":[],"class_list":{"0":"post-9551","1":"product","2":"type-product","3":"status-publish","4":"has-post-thumbnail","6":"product_cat-kotid","8":"first","9":"instock","10":"shipping-taxable","11":"purchasable","12":"product-type-simple"},"acf":{"muugi_argumendid":[],"sertifikaadid":[],"season":[],"loige":"","suuruste_tabel":false,"paksus":"","min_kogus":"5","kangas":"","kanga-info":"","toote_pildid_varvide_kaupa":[{"pildid":[{"ID":9556,"id":9556,"title":"mo6279-03","filename":"mo6279-03.jpg","filesize":31326,"url":"https:\/\/kind.ee\/wp-content\/uploads\/2023\/05\/mo6279-03.jpg","link":"https:\/\/kind.ee\/et\/?attachment_id=9556","alt":"","author":"1","description":"","caption":"","name":"mo6279-03","status":"inherit","uploaded_to":9551,"date":"2023-05-01 09:48:14","modified":"2023-05-01 09:48:14","menu_order":0,"mime_type":"image\/jpeg","type":"image","subtype":"jpeg","icon":"https:\/\/kind.ee\/wp-includes\/images\/media\/default.png","width":700,"height":700,"sizes":{"thumbnail":"https:\/\/kind.ee\/wp-content\/uploads\/2023\/05\/mo6279-03-150x150.jpg","thumbnail-width":150,"thumbnail-height":150,"medium":"https:\/\/kind.ee\/wp-content\/uploads\/2023\/05\/mo6279-03-300x300.jpg","medium-width":300,"medium-height":300,"medium_large":"https:\/\/kind.ee\/wp-content\/uploads\/2023\/05\/mo6279-03.jpg","medium_large-width":700,"medium_large-height":700,"large":"https:\/\/kind.ee\/wp-content\/uploads\/2023\/05\/mo6279-03.jpg","large-width":700,"large-height":700,"1536x1536":"https:\/\/kind.ee\/wp-content\/uploads\/2023\/05\/mo6279-03.jpg","1536x1536-width":700,"1536x1536-height":700,"2048x2048":"https:\/\/kind.ee\/wp-content\/uploads\/2023\/05\/mo6279-03.jpg","2048x2048-width":700,"2048x2048-height":700,"galerii_large":"https:\/\/kind.ee\/wp-content\/uploads\/2023\/05\/mo6279-03.jpg","galerii_large-width":700,"galerii_large-height":700,"galerii_large_retina":"https:\/\/kind.ee\/wp-content\/uploads\/2023\/05\/mo6279-03.jpg","galerii_large_retina-width":700,"galerii_large_retina-height":700,"woocommerce_thumbnail":"https:\/\/kind.ee\/wp-content\/uploads\/2023\/05\/mo6279-03-300x300.jpg","woocommerce_thumbnail-width":300,"woocommerce_thumbnail-height":300,"woocommerce_single":"https:\/\/kind.ee\/wp-content\/uploads\/2023\/05\/mo6279-03-600x600.jpg","woocommerce_single-width":600,"woocommerce_single-height":600,"woocommerce_gallery_thumbnail":"https:\/\/kind.ee\/wp-content\/uploads\/2023\/05\/mo6279-03-100x100.jpg","woocommerce_gallery_thumbnail-width":100,"woocommerce_gallery_thumbnail-height":100}},{"ID":9552,"id":9552,"title":"mo6279-03-ambiant","filename":"mo6279-03-ambiant.jpg","filesize":42078,"url":"https:\/\/kind.ee\/wp-content\/uploads\/2023\/05\/mo6279-03-ambiant.jpg","link":"https:\/\/kind.ee\/et\/?attachment_id=9552","alt":"","author":"1","description":"","caption":"","name":"mo6279-03-ambiant","status":"inherit","uploaded_to":9551,"date":"2023-05-01 09:48:09","modified":"2023-11-02 07:35:48","menu_order":0,"mime_type":"image\/jpeg","type":"image","subtype":"jpeg","icon":"https:\/\/kind.ee\/wp-includes\/images\/media\/default.png","width":539,"height":700,"sizes":{"thumbnail":"https:\/\/kind.ee\/wp-content\/uploads\/2023\/05\/mo6279-03-ambiant-150x150.jpg","thumbnail-width":150,"thumbnail-height":150,"medium":"https:\/\/kind.ee\/wp-content\/uploads\/2023\/05\/mo6279-03-ambiant-231x300.jpg","medium-width":231,"medium-height":300,"medium_large":"https:\/\/kind.ee\/wp-content\/uploads\/2023\/05\/mo6279-03-ambiant.jpg","medium_large-width":539,"medium_large-height":700,"large":"https:\/\/kind.ee\/wp-content\/uploads\/2023\/05\/mo6279-03-ambiant.jpg","large-width":539,"large-height":700,"1536x1536":"https:\/\/kind.ee\/wp-content\/uploads\/2023\/05\/mo6279-03-ambiant.jpg","1536x1536-width":539,"1536x1536-height":700,"2048x2048":"https:\/\/kind.ee\/wp-content\/uploads\/2023\/05\/mo6279-03-ambiant.jpg","2048x2048-width":539,"2048x2048-height":700,"galerii_large":"https:\/\/kind.ee\/wp-content\/uploads\/2023\/05\/mo6279-03-ambiant.jpg","galerii_large-width":539,"galerii_large-height":700,"galerii_large_retina":"https:\/\/kind.ee\/wp-content\/uploads\/2023\/05\/mo6279-03-ambiant.jpg","galerii_large_retina-width":539,"galerii_large_retina-height":700,"woocommerce_thumbnail":"https:\/\/kind.ee\/wp-content\/uploads\/2023\/05\/mo6279-03-ambiant-300x300.jpg","woocommerce_thumbnail-width":300,"woocommerce_thumbnail-height":300,"woocommerce_single":"https:\/\/kind.ee\/wp-content\/uploads\/2023\/05\/mo6279-03-ambiant.jpg","woocommerce_single-width":539,"woocommerce_single-height":700,"woocommerce_gallery_thumbnail":"https:\/\/kind.ee\/wp-content\/uploads\/2023\/05\/mo6279-03-ambiant-100x100.jpg","woocommerce_gallery_thumbnail-width":100,"woocommerce_gallery_thumbnail-height":100}},{"ID":9554,"id":9554,"title":"mo6279-03-detail","filename":"mo6279-03-detail.jpg","filesize":49315,"url":"https:\/\/kind.ee\/wp-content\/uploads\/2023\/05\/mo6279-03-detail.jpg","link":"https:\/\/kind.ee\/et\/?attachment_id=9554","alt":"","author":"1","description":"","caption":"","name":"mo6279-03-detail","status":"inherit","uploaded_to":9551,"date":"2023-05-01 09:48:11","modified":"2023-05-01 09:48:11","menu_order":0,"mime_type":"image\/jpeg","type":"image","subtype":"jpeg","icon":"https:\/\/kind.ee\/wp-includes\/images\/media\/default.png","width":700,"height":464,"sizes":{"thumbnail":"https:\/\/kind.ee\/wp-content\/uploads\/2023\/05\/mo6279-03-detail-150x150.jpg","thumbnail-width":150,"thumbnail-height":150,"medium":"https:\/\/kind.ee\/wp-content\/uploads\/2023\/05\/mo6279-03-detail-300x199.jpg","medium-width":300,"medium-height":199,"medium_large":"https:\/\/kind.ee\/wp-content\/uploads\/2023\/05\/mo6279-03-detail.jpg","medium_large-width":700,"medium_large-height":464,"large":"https:\/\/kind.ee\/wp-content\/uploads\/2023\/05\/mo6279-03-detail.jpg","large-width":700,"large-height":464,"1536x1536":"https:\/\/kind.ee\/wp-content\/uploads\/2023\/05\/mo6279-03-detail.jpg","1536x1536-width":700,"1536x1536-height":464,"2048x2048":"https:\/\/kind.ee\/wp-content\/uploads\/2023\/05\/mo6279-03-detail.jpg","2048x2048-width":700,"2048x2048-height":464,"galerii_large":"https:\/\/kind.ee\/wp-content\/uploads\/2023\/05\/mo6279-03-detail.jpg","galerii_large-width":700,"galerii_large-height":464,"galerii_large_retina":"https:\/\/kind.ee\/wp-content\/uploads\/2023\/05\/mo6279-03-detail.jpg","galerii_large_retina-width":700,"galerii_large_retina-height":464,"woocommerce_thumbnail":"https:\/\/kind.ee\/wp-content\/uploads\/2023\/05\/mo6279-03-detail-300x300.jpg","woocommerce_thumbnail-width":300,"woocommerce_thumbnail-height":300,"woocommerce_single":"https:\/\/kind.ee\/wp-content\/uploads\/2023\/05\/mo6279-03-detail-600x398.jpg","woocommerce_single-width":600,"woocommerce_single-height":398,"woocommerce_gallery_thumbnail":"https:\/\/kind.ee\/wp-content\/uploads\/2023\/05\/mo6279-03-detail-100x100.jpg","woocommerce_gallery_thumbnail-width":100,"woocommerce_gallery_thumbnail-height":100}}],"varvikood":false,"varvid-native":false,"varvid-stedman":false,"varvikood-neutral":false,"varvid-sols":false,"midoceani_varvid":false,"purewaste":false,"beechfield-varvid":false,"bagbase":false,"mepal":false}],"tooteinfo":"Luksusliku v\u00e4limusega reisikott, mis on ideaalne l\u00fchikeseks puhkuseks v\u00f5i n\u00e4dalavahetuse linnareisiks. Kotis on spetsiaalne jalan\u00f5utasku, et v\u00e4ltida riiete m\u00e4\u00e4rdumist. Kotti on v\u00f5imalik kanda k\u00e4epidemest hoides v\u00f5i kasutada selleks \u00f5larihma, mida on v\u00f5imalik ka eemaldada.","mootmed":"K\u00f5rgus: 36 cm <br \/>\r\nPikkus: 55 cm <br \/>\r\nLaius: 24.5 cm  <br \/>\r\nKaal: 1.066 kg","materjal":"Puuvill","varvus":""},"_links":{"self":[{"href":"https:\/\/kind.ee\/et\/wp-json\/wp\/v2\/product\/9551","targetHints":{"allow":["GET"]}}],"collection":[{"href":"https:\/\/kind.ee\/et\/wp-json\/wp\/v2\/product"}],"about":[{"href":"https:\/\/kind.ee\/et\/wp-json\/wp\/v2\/types\/product"}],"wp:featuredmedia":[{"embeddable":true,"href":"https:\/\/kind.ee\/et\/wp-json\/wp\/v2\/media\/9556"}],"wp:attachment":[{"href":"https:\/\/kind.ee\/et\/wp-json\/wp\/v2\/media?parent=9551"}],"wp:term":[{"taxonomy":"product_brand","embeddable":true,"href":"https:\/\/kind.ee\/et\/wp-json\/wp\/v2\/product_brand?post=9551"},{"taxonomy":"product_cat","embeddable":true,"href":"https:\/\/kind.ee\/et\/wp-json\/wp\/v2\/product_cat?post=9551"},{"taxonomy":"product_tag","embeddable":true,"href":"https:\/\/kind.ee\/et\/wp-json\/wp\/v2\/product_tag?post=9551"}],"curies":[{"name":"wp","href":"https:\/\/api.w.org\/{rel}","templated":true}]}}