{"id":9543,"date":"2023-05-01T09:19:41","date_gmt":"2023-05-01T09:19:41","guid":{"rendered":"https:\/\/kind.ee\/?post_type=product&#038;p=9543"},"modified":"2025-06-10T10:00:17","modified_gmt":"2025-06-10T10:00:17","slug":"tehnikasobra-seljakott","status":"publish","type":"product","link":"https:\/\/kind.ee\/et\/toode\/tehnikasobra-seljakott\/","title":{"rendered":"tehnikas\u00f5bra seljakott"},"content":{"rendered":"","protected":false},"excerpt":{"rendered":"","protected":false},"featured_media":9546,"template":"","meta":[],"product_brand":[],"product_cat":[598],"product_tag":[],"class_list":{"0":"post-9543","1":"product","2":"type-product","3":"status-publish","4":"has-post-thumbnail","6":"product_cat-kotid","8":"first","9":"instock","10":"shipping-taxable","11":"purchasable","12":"product-type-simple"},"acf":{"muugi_argumendid":[],"sertifikaadid":[],"season":[],"loige":"","suuruste_tabel":false,"paksus":"","min_kogus":"5","kangas":"","kanga-info":"","toote_pildid_varvide_kaupa":[{"pildid":[{"ID":9546,"id":9546,"title":"mo6901-03","filename":"mo6901-03.jpg","filesize":19792,"url":"https:\/\/kind.ee\/wp-content\/uploads\/2023\/05\/mo6901-03.jpg","link":"https:\/\/kind.ee\/et\/?attachment_id=9546","alt":"","author":"1","description":"","caption":"","name":"mo6901-03","status":"inherit","uploaded_to":9543,"date":"2023-05-01 09:12:39","modified":"2023-05-01 09:12:39","menu_order":0,"mime_type":"image\/jpeg","type":"image","subtype":"jpeg","icon":"https:\/\/kind.ee\/wp-includes\/images\/media\/default.png","width":700,"height":700,"sizes":{"thumbnail":"https:\/\/kind.ee\/wp-content\/uploads\/2023\/05\/mo6901-03-150x150.jpg","thumbnail-width":150,"thumbnail-height":150,"medium":"https:\/\/kind.ee\/wp-content\/uploads\/2023\/05\/mo6901-03-300x300.jpg","medium-width":300,"medium-height":300,"medium_large":"https:\/\/kind.ee\/wp-content\/uploads\/2023\/05\/mo6901-03.jpg","medium_large-width":700,"medium_large-height":700,"large":"https:\/\/kind.ee\/wp-content\/uploads\/2023\/05\/mo6901-03.jpg","large-width":700,"large-height":700,"1536x1536":"https:\/\/kind.ee\/wp-content\/uploads\/2023\/05\/mo6901-03.jpg","1536x1536-width":700,"1536x1536-height":700,"2048x2048":"https:\/\/kind.ee\/wp-content\/uploads\/2023\/05\/mo6901-03.jpg","2048x2048-width":700,"2048x2048-height":700,"galerii_large":"https:\/\/kind.ee\/wp-content\/uploads\/2023\/05\/mo6901-03.jpg","galerii_large-width":700,"galerii_large-height":700,"galerii_large_retina":"https:\/\/kind.ee\/wp-content\/uploads\/2023\/05\/mo6901-03.jpg","galerii_large_retina-width":700,"galerii_large_retina-height":700,"woocommerce_thumbnail":"https:\/\/kind.ee\/wp-content\/uploads\/2023\/05\/mo6901-03-300x300.jpg","woocommerce_thumbnail-width":300,"woocommerce_thumbnail-height":300,"woocommerce_single":"https:\/\/kind.ee\/wp-content\/uploads\/2023\/05\/mo6901-03-600x600.jpg","woocommerce_single-width":600,"woocommerce_single-height":600,"woocommerce_gallery_thumbnail":"https:\/\/kind.ee\/wp-content\/uploads\/2023\/05\/mo6901-03-100x100.jpg","woocommerce_gallery_thumbnail-width":100,"woocommerce_gallery_thumbnail-height":100}},{"ID":9548,"id":9548,"title":"mo6901-03-back","filename":"mo6901-03-back.jpg","filesize":17552,"url":"https:\/\/kind.ee\/wp-content\/uploads\/2023\/05\/mo6901-03-back.jpg","link":"https:\/\/kind.ee\/et\/?attachment_id=9548","alt":"","author":"1","description":"","caption":"","name":"mo6901-03-back","status":"inherit","uploaded_to":9543,"date":"2023-05-01 09:12:43","modified":"2023-05-01 09:12:43","menu_order":0,"mime_type":"image\/jpeg","type":"image","subtype":"jpeg","icon":"https:\/\/kind.ee\/wp-includes\/images\/media\/default.png","width":700,"height":700,"sizes":{"thumbnail":"https:\/\/kind.ee\/wp-content\/uploads\/2023\/05\/mo6901-03-back-150x150.jpg","thumbnail-width":150,"thumbnail-height":150,"medium":"https:\/\/kind.ee\/wp-content\/uploads\/2023\/05\/mo6901-03-back-300x300.jpg","medium-width":300,"medium-height":300,"medium_large":"https:\/\/kind.ee\/wp-content\/uploads\/2023\/05\/mo6901-03-back.jpg","medium_large-width":700,"medium_large-height":700,"large":"https:\/\/kind.ee\/wp-content\/uploads\/2023\/05\/mo6901-03-back.jpg","large-width":700,"large-height":700,"1536x1536":"https:\/\/kind.ee\/wp-content\/uploads\/2023\/05\/mo6901-03-back.jpg","1536x1536-width":700,"1536x1536-height":700,"2048x2048":"https:\/\/kind.ee\/wp-content\/uploads\/2023\/05\/mo6901-03-back.jpg","2048x2048-width":700,"2048x2048-height":700,"galerii_large":"https:\/\/kind.ee\/wp-content\/uploads\/2023\/05\/mo6901-03-back.jpg","galerii_large-width":700,"galerii_large-height":700,"galerii_large_retina":"https:\/\/kind.ee\/wp-content\/uploads\/2023\/05\/mo6901-03-back.jpg","galerii_large_retina-width":700,"galerii_large_retina-height":700,"woocommerce_thumbnail":"https:\/\/kind.ee\/wp-content\/uploads\/2023\/05\/mo6901-03-back-300x300.jpg","woocommerce_thumbnail-width":300,"woocommerce_thumbnail-height":300,"woocommerce_single":"https:\/\/kind.ee\/wp-content\/uploads\/2023\/05\/mo6901-03-back-600x600.jpg","woocommerce_single-width":600,"woocommerce_single-height":600,"woocommerce_gallery_thumbnail":"https:\/\/kind.ee\/wp-content\/uploads\/2023\/05\/mo6901-03-back-100x100.jpg","woocommerce_gallery_thumbnail-width":100,"woocommerce_gallery_thumbnail-height":100}},{"ID":9544,"id":9544,"title":"mo6901-03-ambiant","filename":"mo6901-03-ambiant.jpg","filesize":61767,"url":"https:\/\/kind.ee\/wp-content\/uploads\/2023\/05\/mo6901-03-ambiant.jpg","link":"https:\/\/kind.ee\/et\/?attachment_id=9544","alt":"","author":"1","description":"","caption":"","name":"mo6901-03-ambiant","status":"inherit","uploaded_to":9543,"date":"2023-05-01 09:12:36","modified":"2023-11-02 07:37:12","menu_order":0,"mime_type":"image\/jpeg","type":"image","subtype":"jpeg","icon":"https:\/\/kind.ee\/wp-includes\/images\/media\/default.png","width":700,"height":634,"sizes":{"thumbnail":"https:\/\/kind.ee\/wp-content\/uploads\/2023\/05\/mo6901-03-ambiant-150x150.jpg","thumbnail-width":150,"thumbnail-height":150,"medium":"https:\/\/kind.ee\/wp-content\/uploads\/2023\/05\/mo6901-03-ambiant-300x272.jpg","medium-width":300,"medium-height":272,"medium_large":"https:\/\/kind.ee\/wp-content\/uploads\/2023\/05\/mo6901-03-ambiant.jpg","medium_large-width":700,"medium_large-height":634,"large":"https:\/\/kind.ee\/wp-content\/uploads\/2023\/05\/mo6901-03-ambiant.jpg","large-width":700,"large-height":634,"1536x1536":"https:\/\/kind.ee\/wp-content\/uploads\/2023\/05\/mo6901-03-ambiant.jpg","1536x1536-width":700,"1536x1536-height":634,"2048x2048":"https:\/\/kind.ee\/wp-content\/uploads\/2023\/05\/mo6901-03-ambiant.jpg","2048x2048-width":700,"2048x2048-height":634,"galerii_large":"https:\/\/kind.ee\/wp-content\/uploads\/2023\/05\/mo6901-03-ambiant.jpg","galerii_large-width":700,"galerii_large-height":634,"galerii_large_retina":"https:\/\/kind.ee\/wp-content\/uploads\/2023\/05\/mo6901-03-ambiant.jpg","galerii_large_retina-width":700,"galerii_large_retina-height":634,"woocommerce_thumbnail":"https:\/\/kind.ee\/wp-content\/uploads\/2023\/05\/mo6901-03-ambiant-300x300.jpg","woocommerce_thumbnail-width":300,"woocommerce_thumbnail-height":300,"woocommerce_single":"https:\/\/kind.ee\/wp-content\/uploads\/2023\/05\/mo6901-03-ambiant-600x543.jpg","woocommerce_single-width":600,"woocommerce_single-height":543,"woocommerce_gallery_thumbnail":"https:\/\/kind.ee\/wp-content\/uploads\/2023\/05\/mo6901-03-ambiant-100x100.jpg","woocommerce_gallery_thumbnail-width":100,"woocommerce_gallery_thumbnail-height":100}}],"varvikood":false,"varvid-native":false,"varvid-stedman":false,"varvikood-neutral":false,"varvid-sols":false,"midoceani_varvid":false,"purewaste":false,"beechfield-varvid":false,"bagbase":false,"mepal":false}],"tooteinfo":"Multifunktsionaalne reisikott tehnikas\u00f5brale, millel on mitmeid erinevaid taskuid ja sektsioone, mahutades k\u00f5ik vajaliku \u00e4ra. \u00dchel k\u00fcljel saab hoida joogipudelit, teisel USB teel laadida oma seadet.","mootmed":"K\u00f5rgus: 48 cm <br \/>\r\nPikkus: 33 cm <br \/>\r\nLaius: 18 cm <br \/>\r\nKaal: 1.015 kg","materjal":"rPET pol\u00fcester","varvus":""},"_links":{"self":[{"href":"https:\/\/kind.ee\/et\/wp-json\/wp\/v2\/product\/9543","targetHints":{"allow":["GET"]}}],"collection":[{"href":"https:\/\/kind.ee\/et\/wp-json\/wp\/v2\/product"}],"about":[{"href":"https:\/\/kind.ee\/et\/wp-json\/wp\/v2\/types\/product"}],"wp:featuredmedia":[{"embeddable":true,"href":"https:\/\/kind.ee\/et\/wp-json\/wp\/v2\/media\/9546"}],"wp:attachment":[{"href":"https:\/\/kind.ee\/et\/wp-json\/wp\/v2\/media?parent=9543"}],"wp:term":[{"taxonomy":"product_brand","embeddable":true,"href":"https:\/\/kind.ee\/et\/wp-json\/wp\/v2\/product_brand?post=9543"},{"taxonomy":"product_cat","embeddable":true,"href":"https:\/\/kind.ee\/et\/wp-json\/wp\/v2\/product_cat?post=9543"},{"taxonomy":"product_tag","embeddable":true,"href":"https:\/\/kind.ee\/et\/wp-json\/wp\/v2\/product_tag?post=9543"}],"curies":[{"name":"wp","href":"https:\/\/api.w.org\/{rel}","templated":true}]}}