{"id":9523,"date":"2023-05-01T08:12:37","date_gmt":"2023-05-01T08:12:37","guid":{"rendered":"https:\/\/kind.ee\/?post_type=product&#038;p=9523"},"modified":"2025-06-10T10:00:17","modified_gmt":"2025-06-10T10:00:17","slug":"vildist-poekott","status":"publish","type":"product","link":"https:\/\/kind.ee\/et\/toode\/vildist-poekott\/","title":{"rendered":"vildist poekott"},"content":{"rendered":"","protected":false},"excerpt":{"rendered":"","protected":false},"featured_media":9528,"template":"","meta":[],"product_brand":[],"product_cat":[598],"product_tag":[],"class_list":{"0":"post-9523","1":"product","2":"type-product","3":"status-publish","4":"has-post-thumbnail","6":"product_cat-kotid","8":"first","9":"instock","10":"shipping-taxable","11":"purchasable","12":"product-type-simple"},"acf":{"muugi_argumendid":[],"sertifikaadid":[],"season":[],"loige":"","suuruste_tabel":false,"paksus":"","min_kogus":"5","kangas":"","kanga-info":"","toote_pildid_varvide_kaupa":[{"pildid":[{"ID":9528,"id":9528,"title":"mo6185-07","filename":"mo6185-07.jpg","filesize":40131,"url":"https:\/\/kind.ee\/wp-content\/uploads\/2023\/05\/mo6185-07.jpg","link":"https:\/\/kind.ee\/et\/?attachment_id=9528","alt":"","author":"1","description":"","caption":"","name":"mo6185-07","status":"inherit","uploaded_to":9523,"date":"2023-05-01 08:03:52","modified":"2023-05-01 08:03:52","menu_order":0,"mime_type":"image\/jpeg","type":"image","subtype":"jpeg","icon":"https:\/\/kind.ee\/wp-includes\/images\/media\/default.png","width":700,"height":700,"sizes":{"thumbnail":"https:\/\/kind.ee\/wp-content\/uploads\/2023\/05\/mo6185-07-150x150.jpg","thumbnail-width":150,"thumbnail-height":150,"medium":"https:\/\/kind.ee\/wp-content\/uploads\/2023\/05\/mo6185-07-300x300.jpg","medium-width":300,"medium-height":300,"medium_large":"https:\/\/kind.ee\/wp-content\/uploads\/2023\/05\/mo6185-07.jpg","medium_large-width":700,"medium_large-height":700,"large":"https:\/\/kind.ee\/wp-content\/uploads\/2023\/05\/mo6185-07.jpg","large-width":700,"large-height":700,"1536x1536":"https:\/\/kind.ee\/wp-content\/uploads\/2023\/05\/mo6185-07.jpg","1536x1536-width":700,"1536x1536-height":700,"2048x2048":"https:\/\/kind.ee\/wp-content\/uploads\/2023\/05\/mo6185-07.jpg","2048x2048-width":700,"2048x2048-height":700,"galerii_large":"https:\/\/kind.ee\/wp-content\/uploads\/2023\/05\/mo6185-07.jpg","galerii_large-width":700,"galerii_large-height":700,"galerii_large_retina":"https:\/\/kind.ee\/wp-content\/uploads\/2023\/05\/mo6185-07.jpg","galerii_large_retina-width":700,"galerii_large_retina-height":700,"woocommerce_thumbnail":"https:\/\/kind.ee\/wp-content\/uploads\/2023\/05\/mo6185-07-300x300.jpg","woocommerce_thumbnail-width":300,"woocommerce_thumbnail-height":300,"woocommerce_single":"https:\/\/kind.ee\/wp-content\/uploads\/2023\/05\/mo6185-07-600x600.jpg","woocommerce_single-width":600,"woocommerce_single-height":600,"woocommerce_gallery_thumbnail":"https:\/\/kind.ee\/wp-content\/uploads\/2023\/05\/mo6185-07-100x100.jpg","woocommerce_gallery_thumbnail-width":100,"woocommerce_gallery_thumbnail-height":100}},{"ID":9530,"id":9530,"title":"mo6185-07-back","filename":"mo6185-07-back.jpg","filesize":60781,"url":"https:\/\/kind.ee\/wp-content\/uploads\/2023\/05\/mo6185-07-back.jpg","link":"https:\/\/kind.ee\/et\/?attachment_id=9530","alt":"","author":"1","description":"","caption":"","name":"mo6185-07-back","status":"inherit","uploaded_to":9523,"date":"2023-05-01 08:03:55","modified":"2023-05-01 08:03:55","menu_order":0,"mime_type":"image\/jpeg","type":"image","subtype":"jpeg","icon":"https:\/\/kind.ee\/wp-includes\/images\/media\/default.png","width":700,"height":700,"sizes":{"thumbnail":"https:\/\/kind.ee\/wp-content\/uploads\/2023\/05\/mo6185-07-back-150x150.jpg","thumbnail-width":150,"thumbnail-height":150,"medium":"https:\/\/kind.ee\/wp-content\/uploads\/2023\/05\/mo6185-07-back-300x300.jpg","medium-width":300,"medium-height":300,"medium_large":"https:\/\/kind.ee\/wp-content\/uploads\/2023\/05\/mo6185-07-back.jpg","medium_large-width":700,"medium_large-height":700,"large":"https:\/\/kind.ee\/wp-content\/uploads\/2023\/05\/mo6185-07-back.jpg","large-width":700,"large-height":700,"1536x1536":"https:\/\/kind.ee\/wp-content\/uploads\/2023\/05\/mo6185-07-back.jpg","1536x1536-width":700,"1536x1536-height":700,"2048x2048":"https:\/\/kind.ee\/wp-content\/uploads\/2023\/05\/mo6185-07-back.jpg","2048x2048-width":700,"2048x2048-height":700,"galerii_large":"https:\/\/kind.ee\/wp-content\/uploads\/2023\/05\/mo6185-07-back.jpg","galerii_large-width":700,"galerii_large-height":700,"galerii_large_retina":"https:\/\/kind.ee\/wp-content\/uploads\/2023\/05\/mo6185-07-back.jpg","galerii_large_retina-width":700,"galerii_large_retina-height":700,"woocommerce_thumbnail":"https:\/\/kind.ee\/wp-content\/uploads\/2023\/05\/mo6185-07-back-300x300.jpg","woocommerce_thumbnail-width":300,"woocommerce_thumbnail-height":300,"woocommerce_single":"https:\/\/kind.ee\/wp-content\/uploads\/2023\/05\/mo6185-07-back-600x600.jpg","woocommerce_single-width":600,"woocommerce_single-height":600,"woocommerce_gallery_thumbnail":"https:\/\/kind.ee\/wp-content\/uploads\/2023\/05\/mo6185-07-back-100x100.jpg","woocommerce_gallery_thumbnail-width":100,"woocommerce_gallery_thumbnail-height":100}},{"ID":9526,"id":9526,"title":"mo6185-07-detail","filename":"mo6185-07-detail.jpg","filesize":50808,"url":"https:\/\/kind.ee\/wp-content\/uploads\/2023\/05\/mo6185-07-detail.jpg","link":"https:\/\/kind.ee\/et\/?attachment_id=9526","alt":"","author":"1","description":"","caption":"","name":"mo6185-07-detail","status":"inherit","uploaded_to":9523,"date":"2023-05-01 08:03:49","modified":"2023-05-01 08:11:56","menu_order":0,"mime_type":"image\/jpeg","type":"image","subtype":"jpeg","icon":"https:\/\/kind.ee\/wp-includes\/images\/media\/default.png","width":700,"height":566,"sizes":{"thumbnail":"https:\/\/kind.ee\/wp-content\/uploads\/2023\/05\/mo6185-07-detail-150x150.jpg","thumbnail-width":150,"thumbnail-height":150,"medium":"https:\/\/kind.ee\/wp-content\/uploads\/2023\/05\/mo6185-07-detail-300x243.jpg","medium-width":300,"medium-height":243,"medium_large":"https:\/\/kind.ee\/wp-content\/uploads\/2023\/05\/mo6185-07-detail.jpg","medium_large-width":700,"medium_large-height":566,"large":"https:\/\/kind.ee\/wp-content\/uploads\/2023\/05\/mo6185-07-detail.jpg","large-width":700,"large-height":566,"1536x1536":"https:\/\/kind.ee\/wp-content\/uploads\/2023\/05\/mo6185-07-detail.jpg","1536x1536-width":700,"1536x1536-height":566,"2048x2048":"https:\/\/kind.ee\/wp-content\/uploads\/2023\/05\/mo6185-07-detail.jpg","2048x2048-width":700,"2048x2048-height":566,"galerii_large":"https:\/\/kind.ee\/wp-content\/uploads\/2023\/05\/mo6185-07-detail.jpg","galerii_large-width":700,"galerii_large-height":566,"galerii_large_retina":"https:\/\/kind.ee\/wp-content\/uploads\/2023\/05\/mo6185-07-detail.jpg","galerii_large_retina-width":700,"galerii_large_retina-height":566,"woocommerce_thumbnail":"https:\/\/kind.ee\/wp-content\/uploads\/2023\/05\/mo6185-07-detail-300x300.jpg","woocommerce_thumbnail-width":300,"woocommerce_thumbnail-height":300,"woocommerce_single":"https:\/\/kind.ee\/wp-content\/uploads\/2023\/05\/mo6185-07-detail-600x485.jpg","woocommerce_single-width":600,"woocommerce_single-height":485,"woocommerce_gallery_thumbnail":"https:\/\/kind.ee\/wp-content\/uploads\/2023\/05\/mo6185-07-detail-100x100.jpg","woocommerce_gallery_thumbnail-width":100,"woocommerce_gallery_thumbnail-height":100}}],"varvikood":348,"varvid-native":false,"varvid-stedman":false,"varvikood-neutral":false,"varvid-sols":false,"midoceani_varvid":false,"purewaste":false,"beechfield-varvid":false,"bagbase":false,"mepal":false},{"pildid":[{"ID":11891,"id":11891,"title":"mo6185-15","filename":"mo6185-15.jpeg","filesize":35952,"url":"https:\/\/kind.ee\/wp-content\/uploads\/2023\/05\/mo6185-15.jpeg","link":"https:\/\/kind.ee\/et\/?attachment_id=11891","alt":"","author":"4","description":"","caption":"","name":"mo6185-15-2","status":"inherit","uploaded_to":9523,"date":"2023-10-31 14:56:14","modified":"2023-10-31 14:56:18","menu_order":0,"mime_type":"image\/jpeg","type":"image","subtype":"jpeg","icon":"https:\/\/kind.ee\/wp-includes\/images\/media\/default.png","width":700,"height":700,"sizes":{"thumbnail":"https:\/\/kind.ee\/wp-content\/uploads\/2023\/05\/mo6185-15-150x150.jpeg","thumbnail-width":150,"thumbnail-height":150,"medium":"https:\/\/kind.ee\/wp-content\/uploads\/2023\/05\/mo6185-15-300x300.jpeg","medium-width":300,"medium-height":300,"medium_large":"https:\/\/kind.ee\/wp-content\/uploads\/2023\/05\/mo6185-15.jpeg","medium_large-width":700,"medium_large-height":700,"large":"https:\/\/kind.ee\/wp-content\/uploads\/2023\/05\/mo6185-15.jpeg","large-width":700,"large-height":700,"1536x1536":"https:\/\/kind.ee\/wp-content\/uploads\/2023\/05\/mo6185-15.jpeg","1536x1536-width":700,"1536x1536-height":700,"2048x2048":"https:\/\/kind.ee\/wp-content\/uploads\/2023\/05\/mo6185-15.jpeg","2048x2048-width":700,"2048x2048-height":700,"galerii_large":"https:\/\/kind.ee\/wp-content\/uploads\/2023\/05\/mo6185-15.jpeg","galerii_large-width":700,"galerii_large-height":700,"galerii_large_retina":"https:\/\/kind.ee\/wp-content\/uploads\/2023\/05\/mo6185-15.jpeg","galerii_large_retina-width":700,"galerii_large_retina-height":700,"woocommerce_thumbnail":"https:\/\/kind.ee\/wp-content\/uploads\/2023\/05\/mo6185-15-300x300.jpeg","woocommerce_thumbnail-width":300,"woocommerce_thumbnail-height":300,"woocommerce_single":"https:\/\/kind.ee\/wp-content\/uploads\/2023\/05\/mo6185-15-600x600.jpeg","woocommerce_single-width":600,"woocommerce_single-height":600,"woocommerce_gallery_thumbnail":"https:\/\/kind.ee\/wp-content\/uploads\/2023\/05\/mo6185-15-100x100.jpeg","woocommerce_gallery_thumbnail-width":100,"woocommerce_gallery_thumbnail-height":100}},{"ID":9534,"id":9534,"title":"mo6185-15-back","filename":"mo6185-15-back.jpg","filesize":58634,"url":"https:\/\/kind.ee\/wp-content\/uploads\/2023\/05\/mo6185-15-back.jpg","link":"https:\/\/kind.ee\/et\/?attachment_id=9534","alt":"","author":"1","description":"","caption":"","name":"mo6185-15-back","status":"inherit","uploaded_to":9523,"date":"2023-05-01 08:04:03","modified":"2023-05-01 08:04:03","menu_order":0,"mime_type":"image\/jpeg","type":"image","subtype":"jpeg","icon":"https:\/\/kind.ee\/wp-includes\/images\/media\/default.png","width":700,"height":700,"sizes":{"thumbnail":"https:\/\/kind.ee\/wp-content\/uploads\/2023\/05\/mo6185-15-back-150x150.jpg","thumbnail-width":150,"thumbnail-height":150,"medium":"https:\/\/kind.ee\/wp-content\/uploads\/2023\/05\/mo6185-15-back-300x300.jpg","medium-width":300,"medium-height":300,"medium_large":"https:\/\/kind.ee\/wp-content\/uploads\/2023\/05\/mo6185-15-back.jpg","medium_large-width":700,"medium_large-height":700,"large":"https:\/\/kind.ee\/wp-content\/uploads\/2023\/05\/mo6185-15-back.jpg","large-width":700,"large-height":700,"1536x1536":"https:\/\/kind.ee\/wp-content\/uploads\/2023\/05\/mo6185-15-back.jpg","1536x1536-width":700,"1536x1536-height":700,"2048x2048":"https:\/\/kind.ee\/wp-content\/uploads\/2023\/05\/mo6185-15-back.jpg","2048x2048-width":700,"2048x2048-height":700,"galerii_large":"https:\/\/kind.ee\/wp-content\/uploads\/2023\/05\/mo6185-15-back.jpg","galerii_large-width":700,"galerii_large-height":700,"galerii_large_retina":"https:\/\/kind.ee\/wp-content\/uploads\/2023\/05\/mo6185-15-back.jpg","galerii_large_retina-width":700,"galerii_large_retina-height":700,"woocommerce_thumbnail":"https:\/\/kind.ee\/wp-content\/uploads\/2023\/05\/mo6185-15-back-300x300.jpg","woocommerce_thumbnail-width":300,"woocommerce_thumbnail-height":300,"woocommerce_single":"https:\/\/kind.ee\/wp-content\/uploads\/2023\/05\/mo6185-15-back-600x600.jpg","woocommerce_single-width":600,"woocommerce_single-height":600,"woocommerce_gallery_thumbnail":"https:\/\/kind.ee\/wp-content\/uploads\/2023\/05\/mo6185-15-back-100x100.jpg","woocommerce_gallery_thumbnail-width":100,"woocommerce_gallery_thumbnail-height":100}},{"ID":9524,"id":9524,"title":"mo6185-15-detail","filename":"mo6185-15-detail.jpg","filesize":47535,"url":"https:\/\/kind.ee\/wp-content\/uploads\/2023\/05\/mo6185-15-detail.jpg","link":"https:\/\/kind.ee\/et\/?attachment_id=9524","alt":"","author":"1","description":"","caption":"","name":"mo6185-15-detail","status":"inherit","uploaded_to":9523,"date":"2023-05-01 08:03:46","modified":"2023-05-01 08:12:13","menu_order":0,"mime_type":"image\/jpeg","type":"image","subtype":"jpeg","icon":"https:\/\/kind.ee\/wp-includes\/images\/media\/default.png","width":700,"height":567,"sizes":{"thumbnail":"https:\/\/kind.ee\/wp-content\/uploads\/2023\/05\/mo6185-15-detail-150x150.jpg","thumbnail-width":150,"thumbnail-height":150,"medium":"https:\/\/kind.ee\/wp-content\/uploads\/2023\/05\/mo6185-15-detail-300x243.jpg","medium-width":300,"medium-height":243,"medium_large":"https:\/\/kind.ee\/wp-content\/uploads\/2023\/05\/mo6185-15-detail.jpg","medium_large-width":700,"medium_large-height":567,"large":"https:\/\/kind.ee\/wp-content\/uploads\/2023\/05\/mo6185-15-detail.jpg","large-width":700,"large-height":567,"1536x1536":"https:\/\/kind.ee\/wp-content\/uploads\/2023\/05\/mo6185-15-detail.jpg","1536x1536-width":700,"1536x1536-height":567,"2048x2048":"https:\/\/kind.ee\/wp-content\/uploads\/2023\/05\/mo6185-15-detail.jpg","2048x2048-width":700,"2048x2048-height":567,"galerii_large":"https:\/\/kind.ee\/wp-content\/uploads\/2023\/05\/mo6185-15-detail.jpg","galerii_large-width":700,"galerii_large-height":567,"galerii_large_retina":"https:\/\/kind.ee\/wp-content\/uploads\/2023\/05\/mo6185-15-detail.jpg","galerii_large_retina-width":700,"galerii_large_retina-height":567,"woocommerce_thumbnail":"https:\/\/kind.ee\/wp-content\/uploads\/2023\/05\/mo6185-15-detail-300x300.jpg","woocommerce_thumbnail-width":300,"woocommerce_thumbnail-height":300,"woocommerce_single":"https:\/\/kind.ee\/wp-content\/uploads\/2023\/05\/mo6185-15-detail-600x486.jpg","woocommerce_single-width":600,"woocommerce_single-height":486,"woocommerce_gallery_thumbnail":"https:\/\/kind.ee\/wp-content\/uploads\/2023\/05\/mo6185-15-detail-100x100.jpg","woocommerce_gallery_thumbnail-width":100,"woocommerce_gallery_thumbnail-height":100}}],"varvikood":347,"varvid-native":false,"varvid-stedman":false,"varvikood-neutral":false,"varvid-sols":false,"midoceani_varvid":false,"purewaste":false,"beechfield-varvid":false,"bagbase":false,"mepal":false},{"pildid":false,"varvikood":false,"varvid-native":false,"varvid-stedman":false,"varvikood-neutral":false,"varvid-sols":false,"midoceani_varvid":false,"purewaste":false,"beechfield-varvid":false,"bagbase":false,"mepal":false}],"tooteinfo":"Vildist poekott pikkade sangade ja p\u00f5hjavoldiga, mis suurendab koti mahtu. Kotti on lihtne kanda nii k\u00e4es kui ka \u00fcle \u00f5la. ","mootmed":"K\u00f5rgus: 42 cm <br \/>\r\nPikkus: 40 cm <br \/>\r\nLaius: 15 cm <br \/>\r\nKaal: 172 g","materjal":"rPET vildist","varvus":"Hall\/Tumehall"},"_links":{"self":[{"href":"https:\/\/kind.ee\/et\/wp-json\/wp\/v2\/product\/9523","targetHints":{"allow":["GET"]}}],"collection":[{"href":"https:\/\/kind.ee\/et\/wp-json\/wp\/v2\/product"}],"about":[{"href":"https:\/\/kind.ee\/et\/wp-json\/wp\/v2\/types\/product"}],"wp:featuredmedia":[{"embeddable":true,"href":"https:\/\/kind.ee\/et\/wp-json\/wp\/v2\/media\/9528"}],"wp:attachment":[{"href":"https:\/\/kind.ee\/et\/wp-json\/wp\/v2\/media?parent=9523"}],"wp:term":[{"taxonomy":"product_brand","embeddable":true,"href":"https:\/\/kind.ee\/et\/wp-json\/wp\/v2\/product_brand?post=9523"},{"taxonomy":"product_cat","embeddable":true,"href":"https:\/\/kind.ee\/et\/wp-json\/wp\/v2\/product_cat?post=9523"},{"taxonomy":"product_tag","embeddable":true,"href":"https:\/\/kind.ee\/et\/wp-json\/wp\/v2\/product_tag?post=9523"}],"curies":[{"name":"wp","href":"https:\/\/api.w.org\/{rel}","templated":true}]}}