{"id":9516,"date":"2023-05-01T07:37:05","date_gmt":"2023-05-01T07:37:05","guid":{"rendered":"https:\/\/kind.ee\/?post_type=product&#038;p=9516"},"modified":"2025-06-10T10:00:17","modified_gmt":"2025-06-10T10:00:17","slug":"jahutusega-lounakott","status":"publish","type":"product","link":"https:\/\/kind.ee\/et\/toode\/jahutusega-lounakott\/","title":{"rendered":"jahutusega l\u00f5unakott"},"content":{"rendered":"","protected":false},"excerpt":{"rendered":"","protected":false},"featured_media":9519,"template":"","meta":[],"product_brand":[],"product_cat":[598],"product_tag":[],"class_list":{"0":"post-9516","1":"product","2":"type-product","3":"status-publish","4":"has-post-thumbnail","6":"product_cat-kotid","8":"first","9":"instock","10":"shipping-taxable","11":"purchasable","12":"product-type-simple"},"acf":{"muugi_argumendid":[],"sertifikaadid":[],"season":[],"loige":"","suuruste_tabel":false,"paksus":"","min_kogus":"5","kangas":"","kanga-info":"","toote_pildid_varvide_kaupa":[{"pildid":[{"ID":9519,"id":9519,"title":"mo6751-13-print","filename":"mo6751-13-print.jpg","filesize":24138,"url":"https:\/\/kind.ee\/wp-content\/uploads\/2023\/05\/mo6751-13-print.jpg","link":"https:\/\/kind.ee\/et\/?attachment_id=9519","alt":"","author":"1","description":"","caption":"","name":"mo6751-13-print","status":"inherit","uploaded_to":9516,"date":"2023-05-01 07:33:10","modified":"2023-05-01 07:33:10","menu_order":0,"mime_type":"image\/jpeg","type":"image","subtype":"jpeg","icon":"https:\/\/kind.ee\/wp-includes\/images\/media\/default.png","width":700,"height":700,"sizes":{"thumbnail":"https:\/\/kind.ee\/wp-content\/uploads\/2023\/05\/mo6751-13-print-150x150.jpg","thumbnail-width":150,"thumbnail-height":150,"medium":"https:\/\/kind.ee\/wp-content\/uploads\/2023\/05\/mo6751-13-print-300x300.jpg","medium-width":300,"medium-height":300,"medium_large":"https:\/\/kind.ee\/wp-content\/uploads\/2023\/05\/mo6751-13-print.jpg","medium_large-width":700,"medium_large-height":700,"large":"https:\/\/kind.ee\/wp-content\/uploads\/2023\/05\/mo6751-13-print.jpg","large-width":700,"large-height":700,"1536x1536":"https:\/\/kind.ee\/wp-content\/uploads\/2023\/05\/mo6751-13-print.jpg","1536x1536-width":700,"1536x1536-height":700,"2048x2048":"https:\/\/kind.ee\/wp-content\/uploads\/2023\/05\/mo6751-13-print.jpg","2048x2048-width":700,"2048x2048-height":700,"galerii_large":"https:\/\/kind.ee\/wp-content\/uploads\/2023\/05\/mo6751-13-print.jpg","galerii_large-width":700,"galerii_large-height":700,"galerii_large_retina":"https:\/\/kind.ee\/wp-content\/uploads\/2023\/05\/mo6751-13-print.jpg","galerii_large_retina-width":700,"galerii_large_retina-height":700,"woocommerce_thumbnail":"https:\/\/kind.ee\/wp-content\/uploads\/2023\/05\/mo6751-13-print-300x300.jpg","woocommerce_thumbnail-width":300,"woocommerce_thumbnail-height":300,"woocommerce_single":"https:\/\/kind.ee\/wp-content\/uploads\/2023\/05\/mo6751-13-print-600x600.jpg","woocommerce_single-width":600,"woocommerce_single-height":600,"woocommerce_gallery_thumbnail":"https:\/\/kind.ee\/wp-content\/uploads\/2023\/05\/mo6751-13-print-100x100.jpg","woocommerce_gallery_thumbnail-width":100,"woocommerce_gallery_thumbnail-height":100}},{"ID":9521,"id":9521,"title":"mo6751-13-side","filename":"mo6751-13-side.jpg","filesize":26962,"url":"https:\/\/kind.ee\/wp-content\/uploads\/2023\/05\/mo6751-13-side.jpg","link":"https:\/\/kind.ee\/et\/?attachment_id=9521","alt":"","author":"1","description":"","caption":"","name":"mo6751-13-side","status":"inherit","uploaded_to":9516,"date":"2023-05-01 07:33:12","modified":"2023-05-01 07:33:12","menu_order":0,"mime_type":"image\/jpeg","type":"image","subtype":"jpeg","icon":"https:\/\/kind.ee\/wp-includes\/images\/media\/default.png","width":700,"height":700,"sizes":{"thumbnail":"https:\/\/kind.ee\/wp-content\/uploads\/2023\/05\/mo6751-13-side-150x150.jpg","thumbnail-width":150,"thumbnail-height":150,"medium":"https:\/\/kind.ee\/wp-content\/uploads\/2023\/05\/mo6751-13-side-300x300.jpg","medium-width":300,"medium-height":300,"medium_large":"https:\/\/kind.ee\/wp-content\/uploads\/2023\/05\/mo6751-13-side.jpg","medium_large-width":700,"medium_large-height":700,"large":"https:\/\/kind.ee\/wp-content\/uploads\/2023\/05\/mo6751-13-side.jpg","large-width":700,"large-height":700,"1536x1536":"https:\/\/kind.ee\/wp-content\/uploads\/2023\/05\/mo6751-13-side.jpg","1536x1536-width":700,"1536x1536-height":700,"2048x2048":"https:\/\/kind.ee\/wp-content\/uploads\/2023\/05\/mo6751-13-side.jpg","2048x2048-width":700,"2048x2048-height":700,"galerii_large":"https:\/\/kind.ee\/wp-content\/uploads\/2023\/05\/mo6751-13-side.jpg","galerii_large-width":700,"galerii_large-height":700,"galerii_large_retina":"https:\/\/kind.ee\/wp-content\/uploads\/2023\/05\/mo6751-13-side.jpg","galerii_large_retina-width":700,"galerii_large_retina-height":700,"woocommerce_thumbnail":"https:\/\/kind.ee\/wp-content\/uploads\/2023\/05\/mo6751-13-side-300x300.jpg","woocommerce_thumbnail-width":300,"woocommerce_thumbnail-height":300,"woocommerce_single":"https:\/\/kind.ee\/wp-content\/uploads\/2023\/05\/mo6751-13-side-600x600.jpg","woocommerce_single-width":600,"woocommerce_single-height":600,"woocommerce_gallery_thumbnail":"https:\/\/kind.ee\/wp-content\/uploads\/2023\/05\/mo6751-13-side-100x100.jpg","woocommerce_gallery_thumbnail-width":100,"woocommerce_gallery_thumbnail-height":100}},{"ID":9517,"id":9517,"title":"mo6751-13-detail","filename":"mo6751-13-detail.jpg","filesize":35419,"url":"https:\/\/kind.ee\/wp-content\/uploads\/2023\/05\/mo6751-13-detail.jpg","link":"https:\/\/kind.ee\/et\/?attachment_id=9517","alt":"","author":"1","description":"","caption":"","name":"mo6751-13-detail","status":"inherit","uploaded_to":9516,"date":"2023-05-01 07:33:07","modified":"2023-11-02 07:38:21","menu_order":0,"mime_type":"image\/jpeg","type":"image","subtype":"jpeg","icon":"https:\/\/kind.ee\/wp-includes\/images\/media\/default.png","width":700,"height":591,"sizes":{"thumbnail":"https:\/\/kind.ee\/wp-content\/uploads\/2023\/05\/mo6751-13-detail-150x150.jpg","thumbnail-width":150,"thumbnail-height":150,"medium":"https:\/\/kind.ee\/wp-content\/uploads\/2023\/05\/mo6751-13-detail-300x253.jpg","medium-width":300,"medium-height":253,"medium_large":"https:\/\/kind.ee\/wp-content\/uploads\/2023\/05\/mo6751-13-detail.jpg","medium_large-width":700,"medium_large-height":591,"large":"https:\/\/kind.ee\/wp-content\/uploads\/2023\/05\/mo6751-13-detail.jpg","large-width":700,"large-height":591,"1536x1536":"https:\/\/kind.ee\/wp-content\/uploads\/2023\/05\/mo6751-13-detail.jpg","1536x1536-width":700,"1536x1536-height":591,"2048x2048":"https:\/\/kind.ee\/wp-content\/uploads\/2023\/05\/mo6751-13-detail.jpg","2048x2048-width":700,"2048x2048-height":591,"galerii_large":"https:\/\/kind.ee\/wp-content\/uploads\/2023\/05\/mo6751-13-detail.jpg","galerii_large-width":700,"galerii_large-height":591,"galerii_large_retina":"https:\/\/kind.ee\/wp-content\/uploads\/2023\/05\/mo6751-13-detail.jpg","galerii_large_retina-width":700,"galerii_large_retina-height":591,"woocommerce_thumbnail":"https:\/\/kind.ee\/wp-content\/uploads\/2023\/05\/mo6751-13-detail-300x300.jpg","woocommerce_thumbnail-width":300,"woocommerce_thumbnail-height":300,"woocommerce_single":"https:\/\/kind.ee\/wp-content\/uploads\/2023\/05\/mo6751-13-detail-600x507.jpg","woocommerce_single-width":600,"woocommerce_single-height":507,"woocommerce_gallery_thumbnail":"https:\/\/kind.ee\/wp-content\/uploads\/2023\/05\/mo6751-13-detail-100x100.jpg","woocommerce_gallery_thumbnail-width":100,"woocommerce_gallery_thumbnail-height":100}}],"varvikood":false,"varvid-native":false,"varvid-stedman":false,"varvikood-neutral":false,"varvid-sols":false,"midoceani_varvid":false,"purewaste":false,"beechfield-varvid":false,"bagbase":false,"mepal":false}],"tooteinfo":"Paki l\u00f5unas\u00f6\u00f6k stiilsesse isoleeritud l\u00f5unakotti. Ees olevasse v\u00e4iksemasse sahtlisse saab panna n\u00e4iteks s\u00f6\u00f6giriistad.","mootmed":"K\u00f5rgus: 30 cm <br \/>\r\nPikkus: 18 cm <br \/>\r\nLaius: 14 cm  <br \/>\r\nKaal: 191 g","materjal":"70% taaskasutatud puuvill, 30% taaskasutatud pol\u00fcester","varvus":""},"_links":{"self":[{"href":"https:\/\/kind.ee\/et\/wp-json\/wp\/v2\/product\/9516","targetHints":{"allow":["GET"]}}],"collection":[{"href":"https:\/\/kind.ee\/et\/wp-json\/wp\/v2\/product"}],"about":[{"href":"https:\/\/kind.ee\/et\/wp-json\/wp\/v2\/types\/product"}],"wp:featuredmedia":[{"embeddable":true,"href":"https:\/\/kind.ee\/et\/wp-json\/wp\/v2\/media\/9519"}],"wp:attachment":[{"href":"https:\/\/kind.ee\/et\/wp-json\/wp\/v2\/media?parent=9516"}],"wp:term":[{"taxonomy":"product_brand","embeddable":true,"href":"https:\/\/kind.ee\/et\/wp-json\/wp\/v2\/product_brand?post=9516"},{"taxonomy":"product_cat","embeddable":true,"href":"https:\/\/kind.ee\/et\/wp-json\/wp\/v2\/product_cat?post=9516"},{"taxonomy":"product_tag","embeddable":true,"href":"https:\/\/kind.ee\/et\/wp-json\/wp\/v2\/product_tag?post=9516"}],"curies":[{"name":"wp","href":"https:\/\/api.w.org\/{rel}","templated":true}]}}