{"id":9449,"date":"2023-04-28T10:43:47","date_gmt":"2023-04-28T10:43:47","guid":{"rendered":"https:\/\/kind.ee\/?post_type=product&#038;p=9449"},"modified":"2025-06-10T10:00:18","modified_gmt":"2025-06-10T10:00:18","slug":"kaepidemega-veepudel-ameland","status":"publish","type":"product","link":"https:\/\/kind.ee\/et\/toode\/kaepidemega-veepudel-ameland\/","title":{"rendered":"k\u00e4epidemega veepudel Ameland"},"content":{"rendered":"","protected":false},"excerpt":{"rendered":"","protected":false},"featured_media":9450,"template":"","meta":[],"product_brand":[],"product_cat":[616,624],"product_tag":[722],"class_list":{"0":"post-9449","1":"product","2":"type-product","3":"status-publish","4":"has-post-thumbnail","6":"product_cat-meened","7":"product_cat-noud","8":"product_tag-joogipudel","10":"first","11":"instock","12":"shipping-taxable","13":"purchasable","14":"product-type-simple"},"acf":{"muugi_argumendid":[],"sertifikaadid":[],"season":[],"loige":"","suuruste_tabel":false,"paksus":"","min_kogus":"5","kangas":"","kanga-info":"","toote_pildid_varvide_kaupa":[{"pildid":[{"ID":9450,"id":9450,"title":"mo6413-22","filename":"mo6413-22.jpg","filesize":12480,"url":"https:\/\/kind.ee\/wp-content\/uploads\/2023\/04\/mo6413-22.jpg","link":"https:\/\/kind.ee\/et\/?attachment_id=9450","alt":"","author":"1","description":"","caption":"","name":"mo6413-22","status":"inherit","uploaded_to":9449,"date":"2023-04-28 10:40:58","modified":"2023-11-02 08:14:48","menu_order":0,"mime_type":"image\/jpeg","type":"image","subtype":"jpeg","icon":"https:\/\/kind.ee\/wp-includes\/images\/media\/default.png","width":700,"height":700,"sizes":{"thumbnail":"https:\/\/kind.ee\/wp-content\/uploads\/2023\/04\/mo6413-22-150x150.jpg","thumbnail-width":150,"thumbnail-height":150,"medium":"https:\/\/kind.ee\/wp-content\/uploads\/2023\/04\/mo6413-22-300x300.jpg","medium-width":300,"medium-height":300,"medium_large":"https:\/\/kind.ee\/wp-content\/uploads\/2023\/04\/mo6413-22.jpg","medium_large-width":700,"medium_large-height":700,"large":"https:\/\/kind.ee\/wp-content\/uploads\/2023\/04\/mo6413-22.jpg","large-width":700,"large-height":700,"1536x1536":"https:\/\/kind.ee\/wp-content\/uploads\/2023\/04\/mo6413-22.jpg","1536x1536-width":700,"1536x1536-height":700,"2048x2048":"https:\/\/kind.ee\/wp-content\/uploads\/2023\/04\/mo6413-22.jpg","2048x2048-width":700,"2048x2048-height":700,"galerii_large":"https:\/\/kind.ee\/wp-content\/uploads\/2023\/04\/mo6413-22.jpg","galerii_large-width":700,"galerii_large-height":700,"galerii_large_retina":"https:\/\/kind.ee\/wp-content\/uploads\/2023\/04\/mo6413-22.jpg","galerii_large_retina-width":700,"galerii_large_retina-height":700,"woocommerce_thumbnail":"https:\/\/kind.ee\/wp-content\/uploads\/2023\/04\/mo6413-22-300x300.jpg","woocommerce_thumbnail-width":300,"woocommerce_thumbnail-height":300,"woocommerce_single":"https:\/\/kind.ee\/wp-content\/uploads\/2023\/04\/mo6413-22-600x600.jpg","woocommerce_single-width":600,"woocommerce_single-height":600,"woocommerce_gallery_thumbnail":"https:\/\/kind.ee\/wp-content\/uploads\/2023\/04\/mo6413-22-100x100.jpg","woocommerce_gallery_thumbnail-width":100,"woocommerce_gallery_thumbnail-height":100}},{"ID":9452,"id":9452,"title":"mo6413-22-open","filename":"mo6413-22-open.jpg","filesize":14956,"url":"https:\/\/kind.ee\/wp-content\/uploads\/2023\/04\/mo6413-22-open.jpg","link":"https:\/\/kind.ee\/et\/?attachment_id=9452","alt":"","author":"1","description":"","caption":"","name":"mo6413-22-open","status":"inherit","uploaded_to":9449,"date":"2023-04-28 10:41:01","modified":"2023-04-28 10:41:01","menu_order":0,"mime_type":"image\/jpeg","type":"image","subtype":"jpeg","icon":"https:\/\/kind.ee\/wp-includes\/images\/media\/default.png","width":700,"height":700,"sizes":{"thumbnail":"https:\/\/kind.ee\/wp-content\/uploads\/2023\/04\/mo6413-22-open-150x150.jpg","thumbnail-width":150,"thumbnail-height":150,"medium":"https:\/\/kind.ee\/wp-content\/uploads\/2023\/04\/mo6413-22-open-300x300.jpg","medium-width":300,"medium-height":300,"medium_large":"https:\/\/kind.ee\/wp-content\/uploads\/2023\/04\/mo6413-22-open.jpg","medium_large-width":700,"medium_large-height":700,"large":"https:\/\/kind.ee\/wp-content\/uploads\/2023\/04\/mo6413-22-open.jpg","large-width":700,"large-height":700,"1536x1536":"https:\/\/kind.ee\/wp-content\/uploads\/2023\/04\/mo6413-22-open.jpg","1536x1536-width":700,"1536x1536-height":700,"2048x2048":"https:\/\/kind.ee\/wp-content\/uploads\/2023\/04\/mo6413-22-open.jpg","2048x2048-width":700,"2048x2048-height":700,"galerii_large":"https:\/\/kind.ee\/wp-content\/uploads\/2023\/04\/mo6413-22-open.jpg","galerii_large-width":700,"galerii_large-height":700,"galerii_large_retina":"https:\/\/kind.ee\/wp-content\/uploads\/2023\/04\/mo6413-22-open.jpg","galerii_large_retina-width":700,"galerii_large_retina-height":700,"woocommerce_thumbnail":"https:\/\/kind.ee\/wp-content\/uploads\/2023\/04\/mo6413-22-open-300x300.jpg","woocommerce_thumbnail-width":300,"woocommerce_thumbnail-height":300,"woocommerce_single":"https:\/\/kind.ee\/wp-content\/uploads\/2023\/04\/mo6413-22-open-600x600.jpg","woocommerce_single-width":600,"woocommerce_single-height":600,"woocommerce_gallery_thumbnail":"https:\/\/kind.ee\/wp-content\/uploads\/2023\/04\/mo6413-22-open-100x100.jpg","woocommerce_gallery_thumbnail-width":100,"woocommerce_gallery_thumbnail-height":100}},{"ID":9454,"id":9454,"title":"mo6413-22-print","filename":"mo6413-22-print.jpg","filesize":14635,"url":"https:\/\/kind.ee\/wp-content\/uploads\/2023\/04\/mo6413-22-print.jpg","link":"https:\/\/kind.ee\/et\/?attachment_id=9454","alt":"","author":"1","description":"","caption":"","name":"mo6413-22-print","status":"inherit","uploaded_to":9449,"date":"2023-04-28 10:41:05","modified":"2023-04-28 10:41:05","menu_order":0,"mime_type":"image\/jpeg","type":"image","subtype":"jpeg","icon":"https:\/\/kind.ee\/wp-includes\/images\/media\/default.png","width":700,"height":700,"sizes":{"thumbnail":"https:\/\/kind.ee\/wp-content\/uploads\/2023\/04\/mo6413-22-print-150x150.jpg","thumbnail-width":150,"thumbnail-height":150,"medium":"https:\/\/kind.ee\/wp-content\/uploads\/2023\/04\/mo6413-22-print-300x300.jpg","medium-width":300,"medium-height":300,"medium_large":"https:\/\/kind.ee\/wp-content\/uploads\/2023\/04\/mo6413-22-print.jpg","medium_large-width":700,"medium_large-height":700,"large":"https:\/\/kind.ee\/wp-content\/uploads\/2023\/04\/mo6413-22-print.jpg","large-width":700,"large-height":700,"1536x1536":"https:\/\/kind.ee\/wp-content\/uploads\/2023\/04\/mo6413-22-print.jpg","1536x1536-width":700,"1536x1536-height":700,"2048x2048":"https:\/\/kind.ee\/wp-content\/uploads\/2023\/04\/mo6413-22-print.jpg","2048x2048-width":700,"2048x2048-height":700,"galerii_large":"https:\/\/kind.ee\/wp-content\/uploads\/2023\/04\/mo6413-22-print.jpg","galerii_large-width":700,"galerii_large-height":700,"galerii_large_retina":"https:\/\/kind.ee\/wp-content\/uploads\/2023\/04\/mo6413-22-print.jpg","galerii_large_retina-width":700,"galerii_large_retina-height":700,"woocommerce_thumbnail":"https:\/\/kind.ee\/wp-content\/uploads\/2023\/04\/mo6413-22-print-300x300.jpg","woocommerce_thumbnail-width":300,"woocommerce_thumbnail-height":300,"woocommerce_single":"https:\/\/kind.ee\/wp-content\/uploads\/2023\/04\/mo6413-22-print-600x600.jpg","woocommerce_single-width":600,"woocommerce_single-height":600,"woocommerce_gallery_thumbnail":"https:\/\/kind.ee\/wp-content\/uploads\/2023\/04\/mo6413-22-print-100x100.jpg","woocommerce_gallery_thumbnail-width":100,"woocommerce_gallery_thumbnail-height":100}}],"varvikood":false,"varvid-native":false,"varvid-stedman":false,"varvikood-neutral":false,"varvid-sols":false,"midoceani_varvid":false,"purewaste":false,"beechfield-varvid":false,"bagbase":false,"mepal":false}],"tooteinfo":"K\u00e4epidemega klaasist joogipudel, millel on lekkevaba kork. T\u00e4nu k\u00e4epidemele on seda mugav k\u00f5ikjale kaasa v\u00f5tta ning v\u00f5imalik ka koti k\u00fclge kinnitada.","mootmed":"Mahutavus: 500 ml<br \/>\r\nK\u00f5rgus: 20.5 cm <br \/>\r\nDiameeter: 6.5 cm   <br \/>\r\nKaal: 307 g","materjal":"Klaas<br \/>\r\nBambus","varvus":""},"_links":{"self":[{"href":"https:\/\/kind.ee\/et\/wp-json\/wp\/v2\/product\/9449","targetHints":{"allow":["GET"]}}],"collection":[{"href":"https:\/\/kind.ee\/et\/wp-json\/wp\/v2\/product"}],"about":[{"href":"https:\/\/kind.ee\/et\/wp-json\/wp\/v2\/types\/product"}],"wp:featuredmedia":[{"embeddable":true,"href":"https:\/\/kind.ee\/et\/wp-json\/wp\/v2\/media\/9450"}],"wp:attachment":[{"href":"https:\/\/kind.ee\/et\/wp-json\/wp\/v2\/media?parent=9449"}],"wp:term":[{"taxonomy":"product_brand","embeddable":true,"href":"https:\/\/kind.ee\/et\/wp-json\/wp\/v2\/product_brand?post=9449"},{"taxonomy":"product_cat","embeddable":true,"href":"https:\/\/kind.ee\/et\/wp-json\/wp\/v2\/product_cat?post=9449"},{"taxonomy":"product_tag","embeddable":true,"href":"https:\/\/kind.ee\/et\/wp-json\/wp\/v2\/product_tag?post=9449"}],"curies":[{"name":"wp","href":"https:\/\/api.w.org\/{rel}","templated":true}]}}