{"id":9326,"date":"2023-04-27T10:12:07","date_gmt":"2023-04-27T10:12:07","guid":{"rendered":"https:\/\/kind.ee\/?post_type=product&#038;p=9326"},"modified":"2025-06-10T10:01:09","modified_gmt":"2025-06-10T10:01:09","slug":"kahekorruseline-lounakarp","status":"publish","type":"product","link":"https:\/\/kind.ee\/et\/toode\/kahekorruseline-lounakarp\/","title":{"rendered":"kahekorruseline l\u00f5unakarp"},"content":{"rendered":"","protected":false},"excerpt":{"rendered":"","protected":false},"featured_media":9329,"template":"","meta":[],"product_brand":[],"product_cat":[616,624],"product_tag":[],"class_list":{"0":"post-9326","1":"product","2":"type-product","3":"status-publish","4":"has-post-thumbnail","6":"product_cat-meened","7":"product_cat-noud","9":"first","10":"instock","11":"shipping-taxable","12":"purchasable","13":"product-type-simple"},"acf":{"muugi_argumendid":[],"sertifikaadid":[],"season":[],"loige":"","suuruste_tabel":false,"paksus":"","min_kogus":"5","kangas":"","kanga-info":"","toote_pildid_varvide_kaupa":[{"pildid":[{"ID":9329,"id":9329,"title":"mo6212-16","filename":"mo6212-16.jpg","filesize":25449,"url":"https:\/\/kind.ee\/wp-content\/uploads\/2023\/04\/mo6212-16.jpg","link":"https:\/\/kind.ee\/et\/?attachment_id=9329","alt":"","author":"1","description":"","caption":"","name":"mo6212-16","status":"inherit","uploaded_to":9326,"date":"2023-04-27 10:07:13","modified":"2023-04-27 10:07:13","menu_order":0,"mime_type":"image\/jpeg","type":"image","subtype":"jpeg","icon":"https:\/\/kind.ee\/wp-includes\/images\/media\/default.png","width":700,"height":700,"sizes":{"thumbnail":"https:\/\/kind.ee\/wp-content\/uploads\/2023\/04\/mo6212-16-150x150.jpg","thumbnail-width":150,"thumbnail-height":150,"medium":"https:\/\/kind.ee\/wp-content\/uploads\/2023\/04\/mo6212-16-300x300.jpg","medium-width":300,"medium-height":300,"medium_large":"https:\/\/kind.ee\/wp-content\/uploads\/2023\/04\/mo6212-16.jpg","medium_large-width":700,"medium_large-height":700,"large":"https:\/\/kind.ee\/wp-content\/uploads\/2023\/04\/mo6212-16.jpg","large-width":700,"large-height":700,"1536x1536":"https:\/\/kind.ee\/wp-content\/uploads\/2023\/04\/mo6212-16.jpg","1536x1536-width":700,"1536x1536-height":700,"2048x2048":"https:\/\/kind.ee\/wp-content\/uploads\/2023\/04\/mo6212-16.jpg","2048x2048-width":700,"2048x2048-height":700,"galerii_large":"https:\/\/kind.ee\/wp-content\/uploads\/2023\/04\/mo6212-16.jpg","galerii_large-width":700,"galerii_large-height":700,"galerii_large_retina":"https:\/\/kind.ee\/wp-content\/uploads\/2023\/04\/mo6212-16.jpg","galerii_large_retina-width":700,"galerii_large_retina-height":700,"woocommerce_thumbnail":"https:\/\/kind.ee\/wp-content\/uploads\/2023\/04\/mo6212-16-300x300.jpg","woocommerce_thumbnail-width":300,"woocommerce_thumbnail-height":300,"woocommerce_single":"https:\/\/kind.ee\/wp-content\/uploads\/2023\/04\/mo6212-16-600x600.jpg","woocommerce_single-width":600,"woocommerce_single-height":600,"woocommerce_gallery_thumbnail":"https:\/\/kind.ee\/wp-content\/uploads\/2023\/04\/mo6212-16-100x100.jpg","woocommerce_gallery_thumbnail-width":100,"woocommerce_gallery_thumbnail-height":100}},{"ID":9331,"id":9331,"title":"mo6212-16-open","filename":"mo6212-16-open.jpg","filesize":21742,"url":"https:\/\/kind.ee\/wp-content\/uploads\/2023\/04\/mo6212-16-open.jpg","link":"https:\/\/kind.ee\/et\/?attachment_id=9331","alt":"","author":"1","description":"","caption":"","name":"mo6212-16-open","status":"inherit","uploaded_to":9326,"date":"2023-04-27 10:07:16","modified":"2023-04-27 10:07:16","menu_order":0,"mime_type":"image\/jpeg","type":"image","subtype":"jpeg","icon":"https:\/\/kind.ee\/wp-includes\/images\/media\/default.png","width":700,"height":700,"sizes":{"thumbnail":"https:\/\/kind.ee\/wp-content\/uploads\/2023\/04\/mo6212-16-open-150x150.jpg","thumbnail-width":150,"thumbnail-height":150,"medium":"https:\/\/kind.ee\/wp-content\/uploads\/2023\/04\/mo6212-16-open-300x300.jpg","medium-width":300,"medium-height":300,"medium_large":"https:\/\/kind.ee\/wp-content\/uploads\/2023\/04\/mo6212-16-open.jpg","medium_large-width":700,"medium_large-height":700,"large":"https:\/\/kind.ee\/wp-content\/uploads\/2023\/04\/mo6212-16-open.jpg","large-width":700,"large-height":700,"1536x1536":"https:\/\/kind.ee\/wp-content\/uploads\/2023\/04\/mo6212-16-open.jpg","1536x1536-width":700,"1536x1536-height":700,"2048x2048":"https:\/\/kind.ee\/wp-content\/uploads\/2023\/04\/mo6212-16-open.jpg","2048x2048-width":700,"2048x2048-height":700,"galerii_large":"https:\/\/kind.ee\/wp-content\/uploads\/2023\/04\/mo6212-16-open.jpg","galerii_large-width":700,"galerii_large-height":700,"galerii_large_retina":"https:\/\/kind.ee\/wp-content\/uploads\/2023\/04\/mo6212-16-open.jpg","galerii_large_retina-width":700,"galerii_large_retina-height":700,"woocommerce_thumbnail":"https:\/\/kind.ee\/wp-content\/uploads\/2023\/04\/mo6212-16-open-300x300.jpg","woocommerce_thumbnail-width":300,"woocommerce_thumbnail-height":300,"woocommerce_single":"https:\/\/kind.ee\/wp-content\/uploads\/2023\/04\/mo6212-16-open-600x600.jpg","woocommerce_single-width":600,"woocommerce_single-height":600,"woocommerce_gallery_thumbnail":"https:\/\/kind.ee\/wp-content\/uploads\/2023\/04\/mo6212-16-open-100x100.jpg","woocommerce_gallery_thumbnail-width":100,"woocommerce_gallery_thumbnail-height":100}},{"ID":9327,"id":9327,"title":"mo6212-16-print","filename":"mo6212-16-print.jpg","filesize":56162,"url":"https:\/\/kind.ee\/wp-content\/uploads\/2023\/04\/mo6212-16-print.jpg","link":"https:\/\/kind.ee\/et\/?attachment_id=9327","alt":"","author":"1","description":"","caption":"","name":"mo6212-16-print","status":"inherit","uploaded_to":9326,"date":"2023-04-27 10:07:10","modified":"2023-11-02 08:15:59","menu_order":0,"mime_type":"image\/jpeg","type":"image","subtype":"jpeg","icon":"https:\/\/kind.ee\/wp-includes\/images\/media\/default.png","width":700,"height":450,"sizes":{"thumbnail":"https:\/\/kind.ee\/wp-content\/uploads\/2023\/04\/mo6212-16-print-150x150.jpg","thumbnail-width":150,"thumbnail-height":150,"medium":"https:\/\/kind.ee\/wp-content\/uploads\/2023\/04\/mo6212-16-print-300x193.jpg","medium-width":300,"medium-height":193,"medium_large":"https:\/\/kind.ee\/wp-content\/uploads\/2023\/04\/mo6212-16-print.jpg","medium_large-width":700,"medium_large-height":450,"large":"https:\/\/kind.ee\/wp-content\/uploads\/2023\/04\/mo6212-16-print.jpg","large-width":700,"large-height":450,"1536x1536":"https:\/\/kind.ee\/wp-content\/uploads\/2023\/04\/mo6212-16-print.jpg","1536x1536-width":700,"1536x1536-height":450,"2048x2048":"https:\/\/kind.ee\/wp-content\/uploads\/2023\/04\/mo6212-16-print.jpg","2048x2048-width":700,"2048x2048-height":450,"galerii_large":"https:\/\/kind.ee\/wp-content\/uploads\/2023\/04\/mo6212-16-print.jpg","galerii_large-width":700,"galerii_large-height":450,"galerii_large_retina":"https:\/\/kind.ee\/wp-content\/uploads\/2023\/04\/mo6212-16-print.jpg","galerii_large_retina-width":700,"galerii_large_retina-height":450,"woocommerce_thumbnail":"https:\/\/kind.ee\/wp-content\/uploads\/2023\/04\/mo6212-16-print-300x300.jpg","woocommerce_thumbnail-width":300,"woocommerce_thumbnail-height":300,"woocommerce_single":"https:\/\/kind.ee\/wp-content\/uploads\/2023\/04\/mo6212-16-print-600x386.jpg","woocommerce_single-width":600,"woocommerce_single-height":386,"woocommerce_gallery_thumbnail":"https:\/\/kind.ee\/wp-content\/uploads\/2023\/04\/mo6212-16-print-100x100.jpg","woocommerce_gallery_thumbnail-width":100,"woocommerce_gallery_thumbnail-height":100}}],"varvikood":false,"varvid-native":false,"varvid-stedman":false,"varvikood-neutral":false,"varvid-sols":false,"midoceani_varvid":false,"purewaste":false,"beechfield-varvid":false,"bagbase":false,"mepal":false}],"tooteinfo":"Lekkevaba kahekorruseline l\u00f5unakarp, mida hoiavad kinni tugevad k\u00fcljepandlad. L\u00f5unas\u00f6\u00f6giks on v\u00f5imalik kaasa v\u00f5tta kahte erinevat toitu.","mootmed":"Kogumahutavus: kuni 1200 ml<br \/>\r\nK\u00f5rgus: 8 cm <br \/>\r\nPikkus: 16 cm <br \/>\r\nLaius: 11.5 cm <br \/>\r\nKaal: 0.35 kg","materjal":"Roostevaba teras","varvus":""},"_links":{"self":[{"href":"https:\/\/kind.ee\/et\/wp-json\/wp\/v2\/product\/9326","targetHints":{"allow":["GET"]}}],"collection":[{"href":"https:\/\/kind.ee\/et\/wp-json\/wp\/v2\/product"}],"about":[{"href":"https:\/\/kind.ee\/et\/wp-json\/wp\/v2\/types\/product"}],"wp:featuredmedia":[{"embeddable":true,"href":"https:\/\/kind.ee\/et\/wp-json\/wp\/v2\/media\/9329"}],"wp:attachment":[{"href":"https:\/\/kind.ee\/et\/wp-json\/wp\/v2\/media?parent=9326"}],"wp:term":[{"taxonomy":"product_brand","embeddable":true,"href":"https:\/\/kind.ee\/et\/wp-json\/wp\/v2\/product_brand?post=9326"},{"taxonomy":"product_cat","embeddable":true,"href":"https:\/\/kind.ee\/et\/wp-json\/wp\/v2\/product_cat?post=9326"},{"taxonomy":"product_tag","embeddable":true,"href":"https:\/\/kind.ee\/et\/wp-json\/wp\/v2\/product_tag?post=9326"}],"curies":[{"name":"wp","href":"https:\/\/api.w.org\/{rel}","templated":true}]}}