{"id":9297,"date":"2023-04-26T13:48:40","date_gmt":"2023-04-26T13:48:40","guid":{"rendered":"https:\/\/kind.ee\/?post_type=product&#038;p=9297"},"modified":"2025-06-10T10:01:09","modified_gmt":"2025-06-10T10:01:09","slug":"soogiriistade-komplekt-viis","status":"publish","type":"product","link":"https:\/\/kind.ee\/et\/toode\/soogiriistade-komplekt-viis\/","title":{"rendered":"s\u00f6\u00f6giriistade komplekt Viis"},"content":{"rendered":"","protected":false},"excerpt":{"rendered":"","protected":false},"featured_media":10984,"template":"","meta":[],"product_brand":[],"product_cat":[616,624],"product_tag":[],"class_list":{"0":"post-9297","1":"product","2":"type-product","3":"status-publish","4":"has-post-thumbnail","6":"product_cat-meened","7":"product_cat-noud","9":"first","10":"instock","11":"shipping-taxable","12":"purchasable","13":"product-type-simple"},"acf":{"muugi_argumendid":[],"sertifikaadid":[],"season":[],"loige":"","suuruste_tabel":false,"paksus":"","min_kogus":"5","kangas":"","kanga-info":"","toote_pildid_varvide_kaupa":[{"pildid":[{"ID":9298,"id":9298,"title":"mo6149-03-ambiant","filename":"mo6149-03-ambiant.jpg","filesize":100455,"url":"https:\/\/kind.ee\/wp-content\/uploads\/2023\/04\/mo6149-03-ambiant.jpg","link":"https:\/\/kind.ee\/et\/?attachment_id=9298","alt":"","author":"1","description":"","caption":"","name":"mo6149-03-ambiant","status":"inherit","uploaded_to":9297,"date":"2023-04-26 13:41:39","modified":"2023-10-31 13:23:12","menu_order":0,"mime_type":"image\/jpeg","type":"image","subtype":"jpeg","icon":"https:\/\/kind.ee\/wp-includes\/images\/media\/default.png","width":700,"height":470,"sizes":{"thumbnail":"https:\/\/kind.ee\/wp-content\/uploads\/2023\/04\/mo6149-03-ambiant-150x150.jpg","thumbnail-width":150,"thumbnail-height":150,"medium":"https:\/\/kind.ee\/wp-content\/uploads\/2023\/04\/mo6149-03-ambiant-300x201.jpg","medium-width":300,"medium-height":201,"medium_large":"https:\/\/kind.ee\/wp-content\/uploads\/2023\/04\/mo6149-03-ambiant.jpg","medium_large-width":700,"medium_large-height":470,"large":"https:\/\/kind.ee\/wp-content\/uploads\/2023\/04\/mo6149-03-ambiant.jpg","large-width":700,"large-height":470,"1536x1536":"https:\/\/kind.ee\/wp-content\/uploads\/2023\/04\/mo6149-03-ambiant.jpg","1536x1536-width":700,"1536x1536-height":470,"2048x2048":"https:\/\/kind.ee\/wp-content\/uploads\/2023\/04\/mo6149-03-ambiant.jpg","2048x2048-width":700,"2048x2048-height":470,"galerii_large":"https:\/\/kind.ee\/wp-content\/uploads\/2023\/04\/mo6149-03-ambiant.jpg","galerii_large-width":700,"galerii_large-height":470,"galerii_large_retina":"https:\/\/kind.ee\/wp-content\/uploads\/2023\/04\/mo6149-03-ambiant.jpg","galerii_large_retina-width":700,"galerii_large_retina-height":470,"woocommerce_thumbnail":"https:\/\/kind.ee\/wp-content\/uploads\/2023\/04\/mo6149-03-ambiant-300x300.jpg","woocommerce_thumbnail-width":300,"woocommerce_thumbnail-height":300,"woocommerce_single":"https:\/\/kind.ee\/wp-content\/uploads\/2023\/04\/mo6149-03-ambiant-600x403.jpg","woocommerce_single-width":600,"woocommerce_single-height":403,"woocommerce_gallery_thumbnail":"https:\/\/kind.ee\/wp-content\/uploads\/2023\/04\/mo6149-03-ambiant-100x100.jpg","woocommerce_gallery_thumbnail-width":100,"woocommerce_gallery_thumbnail-height":100}},{"ID":9302,"id":9302,"title":"mo6149-03-print","filename":"mo6149-03-print.jpg","filesize":28515,"url":"https:\/\/kind.ee\/wp-content\/uploads\/2023\/04\/mo6149-03-print.jpg","link":"https:\/\/kind.ee\/et\/?attachment_id=9302","alt":"","author":"1","description":"","caption":"","name":"mo6149-03-print","status":"inherit","uploaded_to":9297,"date":"2023-04-26 13:41:44","modified":"2023-04-26 13:47:43","menu_order":0,"mime_type":"image\/jpeg","type":"image","subtype":"jpeg","icon":"https:\/\/kind.ee\/wp-includes\/images\/media\/default.png","width":700,"height":700,"sizes":{"thumbnail":"https:\/\/kind.ee\/wp-content\/uploads\/2023\/04\/mo6149-03-print-150x150.jpg","thumbnail-width":150,"thumbnail-height":150,"medium":"https:\/\/kind.ee\/wp-content\/uploads\/2023\/04\/mo6149-03-print-300x300.jpg","medium-width":300,"medium-height":300,"medium_large":"https:\/\/kind.ee\/wp-content\/uploads\/2023\/04\/mo6149-03-print.jpg","medium_large-width":700,"medium_large-height":700,"large":"https:\/\/kind.ee\/wp-content\/uploads\/2023\/04\/mo6149-03-print.jpg","large-width":700,"large-height":700,"1536x1536":"https:\/\/kind.ee\/wp-content\/uploads\/2023\/04\/mo6149-03-print.jpg","1536x1536-width":700,"1536x1536-height":700,"2048x2048":"https:\/\/kind.ee\/wp-content\/uploads\/2023\/04\/mo6149-03-print.jpg","2048x2048-width":700,"2048x2048-height":700,"galerii_large":"https:\/\/kind.ee\/wp-content\/uploads\/2023\/04\/mo6149-03-print.jpg","galerii_large-width":700,"galerii_large-height":700,"galerii_large_retina":"https:\/\/kind.ee\/wp-content\/uploads\/2023\/04\/mo6149-03-print.jpg","galerii_large_retina-width":700,"galerii_large_retina-height":700,"woocommerce_thumbnail":"https:\/\/kind.ee\/wp-content\/uploads\/2023\/04\/mo6149-03-print-300x300.jpg","woocommerce_thumbnail-width":300,"woocommerce_thumbnail-height":300,"woocommerce_single":"https:\/\/kind.ee\/wp-content\/uploads\/2023\/04\/mo6149-03-print-600x600.jpg","woocommerce_single-width":600,"woocommerce_single-height":600,"woocommerce_gallery_thumbnail":"https:\/\/kind.ee\/wp-content\/uploads\/2023\/04\/mo6149-03-print-100x100.jpg","woocommerce_gallery_thumbnail-width":100,"woocommerce_gallery_thumbnail-height":100}}],"varvikood":274,"varvid-native":false,"varvid-stedman":false,"varvikood-neutral":false,"varvid-sols":false,"midoceani_varvid":false,"purewaste":false,"beechfield-varvid":false,"bagbase":false,"mepal":false},{"pildid":[{"ID":11816,"id":11816,"title":"Golden yellow","filename":"mo6149-98.jpeg","filesize":22215,"url":"https:\/\/kind.ee\/wp-content\/uploads\/2023\/04\/mo6149-98.jpeg","link":"https:\/\/kind.ee\/et\/?attachment_id=11816","alt":"","author":"4","description":"","caption":"","name":"mo6149-98-2","status":"inherit","uploaded_to":9297,"date":"2023-10-31 13:22:06","modified":"2023-10-31 13:22:14","menu_order":0,"mime_type":"image\/jpeg","type":"image","subtype":"jpeg","icon":"https:\/\/kind.ee\/wp-includes\/images\/media\/default.png","width":700,"height":700,"sizes":{"thumbnail":"https:\/\/kind.ee\/wp-content\/uploads\/2023\/04\/mo6149-98-150x150.jpeg","thumbnail-width":150,"thumbnail-height":150,"medium":"https:\/\/kind.ee\/wp-content\/uploads\/2023\/04\/mo6149-98-300x300.jpeg","medium-width":300,"medium-height":300,"medium_large":"https:\/\/kind.ee\/wp-content\/uploads\/2023\/04\/mo6149-98.jpeg","medium_large-width":700,"medium_large-height":700,"large":"https:\/\/kind.ee\/wp-content\/uploads\/2023\/04\/mo6149-98.jpeg","large-width":700,"large-height":700,"1536x1536":"https:\/\/kind.ee\/wp-content\/uploads\/2023\/04\/mo6149-98.jpeg","1536x1536-width":700,"1536x1536-height":700,"2048x2048":"https:\/\/kind.ee\/wp-content\/uploads\/2023\/04\/mo6149-98.jpeg","2048x2048-width":700,"2048x2048-height":700,"galerii_large":"https:\/\/kind.ee\/wp-content\/uploads\/2023\/04\/mo6149-98.jpeg","galerii_large-width":700,"galerii_large-height":700,"galerii_large_retina":"https:\/\/kind.ee\/wp-content\/uploads\/2023\/04\/mo6149-98.jpeg","galerii_large_retina-width":700,"galerii_large_retina-height":700,"woocommerce_thumbnail":"https:\/\/kind.ee\/wp-content\/uploads\/2023\/04\/mo6149-98-300x300.jpeg","woocommerce_thumbnail-width":300,"woocommerce_thumbnail-height":300,"woocommerce_single":"https:\/\/kind.ee\/wp-content\/uploads\/2023\/04\/mo6149-98-600x600.jpeg","woocommerce_single-width":600,"woocommerce_single-height":600,"woocommerce_gallery_thumbnail":"https:\/\/kind.ee\/wp-content\/uploads\/2023\/04\/mo6149-98-100x100.jpeg","woocommerce_gallery_thumbnail-width":100,"woocommerce_gallery_thumbnail-height":100}},{"ID":9300,"id":9300,"title":"images (3)","filename":"images-3.jpg","filesize":12898,"url":"https:\/\/kind.ee\/wp-content\/uploads\/2023\/04\/images-3.jpg","link":"https:\/\/kind.ee\/et\/?attachment_id=9300","alt":"","author":"1","description":"","caption":"","name":"images-3-2","status":"inherit","uploaded_to":9297,"date":"2023-04-26 13:41:42","modified":"2023-10-31 13:23:28","menu_order":0,"mime_type":"image\/jpeg","type":"image","subtype":"jpeg","icon":"https:\/\/kind.ee\/wp-includes\/images\/media\/default.png","width":700,"height":700,"sizes":{"thumbnail":"https:\/\/kind.ee\/wp-content\/uploads\/2023\/04\/images-3-150x150.jpg","thumbnail-width":150,"thumbnail-height":150,"medium":"https:\/\/kind.ee\/wp-content\/uploads\/2023\/04\/images-3-300x300.jpg","medium-width":300,"medium-height":300,"medium_large":"https:\/\/kind.ee\/wp-content\/uploads\/2023\/04\/images-3.jpg","medium_large-width":700,"medium_large-height":700,"large":"https:\/\/kind.ee\/wp-content\/uploads\/2023\/04\/images-3.jpg","large-width":700,"large-height":700,"1536x1536":"https:\/\/kind.ee\/wp-content\/uploads\/2023\/04\/images-3.jpg","1536x1536-width":700,"1536x1536-height":700,"2048x2048":"https:\/\/kind.ee\/wp-content\/uploads\/2023\/04\/images-3.jpg","2048x2048-width":700,"2048x2048-height":700,"galerii_large":"https:\/\/kind.ee\/wp-content\/uploads\/2023\/04\/images-3.jpg","galerii_large-width":700,"galerii_large-height":700,"galerii_large_retina":"https:\/\/kind.ee\/wp-content\/uploads\/2023\/04\/images-3.jpg","galerii_large_retina-width":700,"galerii_large_retina-height":700,"woocommerce_thumbnail":"https:\/\/kind.ee\/wp-content\/uploads\/2023\/04\/images-3-300x300.jpg","woocommerce_thumbnail-width":300,"woocommerce_thumbnail-height":300,"woocommerce_single":"https:\/\/kind.ee\/wp-content\/uploads\/2023\/04\/images-3-600x600.jpg","woocommerce_single-width":600,"woocommerce_single-height":600,"woocommerce_gallery_thumbnail":"https:\/\/kind.ee\/wp-content\/uploads\/2023\/04\/images-3-100x100.jpg","woocommerce_gallery_thumbnail-width":100,"woocommerce_gallery_thumbnail-height":100}}],"varvikood":299,"varvid-native":false,"varvid-stedman":false,"varvikood-neutral":false,"varvid-sols":false,"midoceani_varvid":false,"purewaste":false,"beechfield-varvid":false,"bagbase":false,"mepal":false}],"tooteinfo":"Taskup\u00e4rane korduvkasutatav roostevabast terasest s\u00f6\u00f6giriistade komplekt, mida saab h\u00f5lpsasti k\u00f5ikjale kaasa v\u00f5tta. Komplektis on nuga, kahvel, lusikas, k\u00f5rs ning selle puhastushari. K\u00f5ik esemed mahuvad neopreenist kotti, mis on lukuga suletav.","mootmed":"Pikkus: 21 cm <br \/>\r\nLaius: 6 cm <br \/>\r\nKaal: 106 g","materjal":"Teras<br \/>\r\nNeopreen","varvus":"V\u00e4rvitu\/Kuldne"},"_links":{"self":[{"href":"https:\/\/kind.ee\/et\/wp-json\/wp\/v2\/product\/9297","targetHints":{"allow":["GET"]}}],"collection":[{"href":"https:\/\/kind.ee\/et\/wp-json\/wp\/v2\/product"}],"about":[{"href":"https:\/\/kind.ee\/et\/wp-json\/wp\/v2\/types\/product"}],"wp:featuredmedia":[{"embeddable":true,"href":"https:\/\/kind.ee\/et\/wp-json\/wp\/v2\/media\/10984"}],"wp:attachment":[{"href":"https:\/\/kind.ee\/et\/wp-json\/wp\/v2\/media?parent=9297"}],"wp:term":[{"taxonomy":"product_brand","embeddable":true,"href":"https:\/\/kind.ee\/et\/wp-json\/wp\/v2\/product_brand?post=9297"},{"taxonomy":"product_cat","embeddable":true,"href":"https:\/\/kind.ee\/et\/wp-json\/wp\/v2\/product_cat?post=9297"},{"taxonomy":"product_tag","embeddable":true,"href":"https:\/\/kind.ee\/et\/wp-json\/wp\/v2\/product_tag?post=9297"}],"curies":[{"name":"wp","href":"https:\/\/api.w.org\/{rel}","templated":true}]}}