{"id":9262,"date":"2023-04-26T10:51:38","date_gmt":"2023-04-26T10:51:38","guid":{"rendered":"https:\/\/kind.ee\/?post_type=product&#038;p=9262"},"modified":"2025-06-10T10:01:10","modified_gmt":"2025-06-10T10:01:10","slug":"telefonilaadijaga-kolar","status":"publish","type":"product","link":"https:\/\/kind.ee\/et\/toode\/telefonilaadijaga-kolar\/","title":{"rendered":"telefonilaadijaga k\u00f5lar"},"content":{"rendered":"","protected":false},"excerpt":{"rendered":"","protected":false},"featured_media":9265,"template":"","meta":[],"product_brand":[],"product_cat":[616,625],"product_tag":[],"class_list":{"0":"post-9262","1":"product","2":"type-product","3":"status-publish","4":"has-post-thumbnail","6":"product_cat-meened","7":"product_cat-tehnika","9":"first","10":"instock","11":"shipping-taxable","12":"purchasable","13":"product-type-simple"},"acf":{"muugi_argumendid":[],"sertifikaadid":[],"season":[],"loige":"","suuruste_tabel":false,"paksus":"","min_kogus":"5","kangas":"","kanga-info":"","toote_pildid_varvide_kaupa":[{"pildid":[{"ID":9265,"id":9265,"title":"mo6887-03","filename":"mo6887-03.jpg","filesize":49050,"url":"https:\/\/kind.ee\/wp-content\/uploads\/2023\/04\/mo6887-03.jpg","link":"https:\/\/kind.ee\/et\/?attachment_id=9265","alt":"","author":"1","description":"","caption":"","name":"mo6887-03","status":"inherit","uploaded_to":9262,"date":"2023-04-26 10:46:44","modified":"2023-04-26 10:46:44","menu_order":0,"mime_type":"image\/jpeg","type":"image","subtype":"jpeg","icon":"https:\/\/kind.ee\/wp-includes\/images\/media\/default.png","width":700,"height":700,"sizes":{"thumbnail":"https:\/\/kind.ee\/wp-content\/uploads\/2023\/04\/mo6887-03-150x150.jpg","thumbnail-width":150,"thumbnail-height":150,"medium":"https:\/\/kind.ee\/wp-content\/uploads\/2023\/04\/mo6887-03-300x300.jpg","medium-width":300,"medium-height":300,"medium_large":"https:\/\/kind.ee\/wp-content\/uploads\/2023\/04\/mo6887-03.jpg","medium_large-width":700,"medium_large-height":700,"large":"https:\/\/kind.ee\/wp-content\/uploads\/2023\/04\/mo6887-03.jpg","large-width":700,"large-height":700,"1536x1536":"https:\/\/kind.ee\/wp-content\/uploads\/2023\/04\/mo6887-03.jpg","1536x1536-width":700,"1536x1536-height":700,"2048x2048":"https:\/\/kind.ee\/wp-content\/uploads\/2023\/04\/mo6887-03.jpg","2048x2048-width":700,"2048x2048-height":700,"galerii_large":"https:\/\/kind.ee\/wp-content\/uploads\/2023\/04\/mo6887-03.jpg","galerii_large-width":700,"galerii_large-height":700,"galerii_large_retina":"https:\/\/kind.ee\/wp-content\/uploads\/2023\/04\/mo6887-03.jpg","galerii_large_retina-width":700,"galerii_large_retina-height":700,"woocommerce_thumbnail":"https:\/\/kind.ee\/wp-content\/uploads\/2023\/04\/mo6887-03-300x300.jpg","woocommerce_thumbnail-width":300,"woocommerce_thumbnail-height":300,"woocommerce_single":"https:\/\/kind.ee\/wp-content\/uploads\/2023\/04\/mo6887-03-600x600.jpg","woocommerce_single-width":600,"woocommerce_single-height":600,"woocommerce_gallery_thumbnail":"https:\/\/kind.ee\/wp-content\/uploads\/2023\/04\/mo6887-03-100x100.jpg","woocommerce_gallery_thumbnail-width":100,"woocommerce_gallery_thumbnail-height":100}},{"ID":9267,"id":9267,"title":"mo6887-03-side","filename":"mo6887-03-side.jpg","filesize":29896,"url":"https:\/\/kind.ee\/wp-content\/uploads\/2023\/04\/mo6887-03-side.jpg","link":"https:\/\/kind.ee\/et\/?attachment_id=9267","alt":"","author":"1","description":"","caption":"","name":"mo6887-03-side","status":"inherit","uploaded_to":9262,"date":"2023-04-26 10:46:51","modified":"2023-04-26 10:46:51","menu_order":0,"mime_type":"image\/jpeg","type":"image","subtype":"jpeg","icon":"https:\/\/kind.ee\/wp-includes\/images\/media\/default.png","width":700,"height":700,"sizes":{"thumbnail":"https:\/\/kind.ee\/wp-content\/uploads\/2023\/04\/mo6887-03-side-150x150.jpg","thumbnail-width":150,"thumbnail-height":150,"medium":"https:\/\/kind.ee\/wp-content\/uploads\/2023\/04\/mo6887-03-side-300x300.jpg","medium-width":300,"medium-height":300,"medium_large":"https:\/\/kind.ee\/wp-content\/uploads\/2023\/04\/mo6887-03-side.jpg","medium_large-width":700,"medium_large-height":700,"large":"https:\/\/kind.ee\/wp-content\/uploads\/2023\/04\/mo6887-03-side.jpg","large-width":700,"large-height":700,"1536x1536":"https:\/\/kind.ee\/wp-content\/uploads\/2023\/04\/mo6887-03-side.jpg","1536x1536-width":700,"1536x1536-height":700,"2048x2048":"https:\/\/kind.ee\/wp-content\/uploads\/2023\/04\/mo6887-03-side.jpg","2048x2048-width":700,"2048x2048-height":700,"galerii_large":"https:\/\/kind.ee\/wp-content\/uploads\/2023\/04\/mo6887-03-side.jpg","galerii_large-width":700,"galerii_large-height":700,"galerii_large_retina":"https:\/\/kind.ee\/wp-content\/uploads\/2023\/04\/mo6887-03-side.jpg","galerii_large_retina-width":700,"galerii_large_retina-height":700,"woocommerce_thumbnail":"https:\/\/kind.ee\/wp-content\/uploads\/2023\/04\/mo6887-03-side-300x300.jpg","woocommerce_thumbnail-width":300,"woocommerce_thumbnail-height":300,"woocommerce_single":"https:\/\/kind.ee\/wp-content\/uploads\/2023\/04\/mo6887-03-side-600x600.jpg","woocommerce_single-width":600,"woocommerce_single-height":600,"woocommerce_gallery_thumbnail":"https:\/\/kind.ee\/wp-content\/uploads\/2023\/04\/mo6887-03-side-100x100.jpg","woocommerce_gallery_thumbnail-width":100,"woocommerce_gallery_thumbnail-height":100}},{"ID":9263,"id":9263,"title":"mo6887-03-ambiant","filename":"mo6887-03-ambiant.jpg","filesize":83421,"url":"https:\/\/kind.ee\/wp-content\/uploads\/2023\/04\/mo6887-03-ambiant.jpg","link":"https:\/\/kind.ee\/et\/?attachment_id=9263","alt":"","author":"1","description":"","caption":"","name":"mo6887-03-ambiant","status":"inherit","uploaded_to":9262,"date":"2023-04-26 10:46:41","modified":"2023-11-02 08:23:38","menu_order":0,"mime_type":"image\/jpeg","type":"image","subtype":"jpeg","icon":"https:\/\/kind.ee\/wp-includes\/images\/media\/default.png","width":700,"height":617,"sizes":{"thumbnail":"https:\/\/kind.ee\/wp-content\/uploads\/2023\/04\/mo6887-03-ambiant-150x150.jpg","thumbnail-width":150,"thumbnail-height":150,"medium":"https:\/\/kind.ee\/wp-content\/uploads\/2023\/04\/mo6887-03-ambiant-300x264.jpg","medium-width":300,"medium-height":264,"medium_large":"https:\/\/kind.ee\/wp-content\/uploads\/2023\/04\/mo6887-03-ambiant.jpg","medium_large-width":700,"medium_large-height":617,"large":"https:\/\/kind.ee\/wp-content\/uploads\/2023\/04\/mo6887-03-ambiant.jpg","large-width":700,"large-height":617,"1536x1536":"https:\/\/kind.ee\/wp-content\/uploads\/2023\/04\/mo6887-03-ambiant.jpg","1536x1536-width":700,"1536x1536-height":617,"2048x2048":"https:\/\/kind.ee\/wp-content\/uploads\/2023\/04\/mo6887-03-ambiant.jpg","2048x2048-width":700,"2048x2048-height":617,"galerii_large":"https:\/\/kind.ee\/wp-content\/uploads\/2023\/04\/mo6887-03-ambiant.jpg","galerii_large-width":700,"galerii_large-height":617,"galerii_large_retina":"https:\/\/kind.ee\/wp-content\/uploads\/2023\/04\/mo6887-03-ambiant.jpg","galerii_large_retina-width":700,"galerii_large_retina-height":617,"woocommerce_thumbnail":"https:\/\/kind.ee\/wp-content\/uploads\/2023\/04\/mo6887-03-ambiant-300x300.jpg","woocommerce_thumbnail-width":300,"woocommerce_thumbnail-height":300,"woocommerce_single":"https:\/\/kind.ee\/wp-content\/uploads\/2023\/04\/mo6887-03-ambiant-600x529.jpg","woocommerce_single-width":600,"woocommerce_single-height":529,"woocommerce_gallery_thumbnail":"https:\/\/kind.ee\/wp-content\/uploads\/2023\/04\/mo6887-03-ambiant-100x100.jpg","woocommerce_gallery_thumbnail-width":100,"woocommerce_gallery_thumbnail-height":100}}],"varvikood":false,"varvid-native":false,"varvid-stedman":false,"varvikood-neutral":false,"varvid-sols":false,"midoceani_varvid":false,"purewaste":false,"beechfield-varvid":false,"bagbase":false,"mepal":false}],"tooteinfo":"Hea heliulatusega k\u00f5lar, mille peal on v\u00f5imalik ka juhtmevabalt telefoni laadida.","mootmed":"K\u00f5rgus: 11.8 cm <br \/>\r\nPikkus: 13.2 cm <br \/>\r\nDiameeter: 11.4 cm <br \/>\r\nLaius: 4.5 cm <br \/>\r\nKaal: 316 g","materjal":"T\u00f6\u00f6tlemata ABS plastik<br \/>\r\nBambusest detailidega","varvus":"Must"},"_links":{"self":[{"href":"https:\/\/kind.ee\/et\/wp-json\/wp\/v2\/product\/9262","targetHints":{"allow":["GET"]}}],"collection":[{"href":"https:\/\/kind.ee\/et\/wp-json\/wp\/v2\/product"}],"about":[{"href":"https:\/\/kind.ee\/et\/wp-json\/wp\/v2\/types\/product"}],"wp:featuredmedia":[{"embeddable":true,"href":"https:\/\/kind.ee\/et\/wp-json\/wp\/v2\/media\/9265"}],"wp:attachment":[{"href":"https:\/\/kind.ee\/et\/wp-json\/wp\/v2\/media?parent=9262"}],"wp:term":[{"taxonomy":"product_brand","embeddable":true,"href":"https:\/\/kind.ee\/et\/wp-json\/wp\/v2\/product_brand?post=9262"},{"taxonomy":"product_cat","embeddable":true,"href":"https:\/\/kind.ee\/et\/wp-json\/wp\/v2\/product_cat?post=9262"},{"taxonomy":"product_tag","embeddable":true,"href":"https:\/\/kind.ee\/et\/wp-json\/wp\/v2\/product_tag?post=9262"}],"curies":[{"name":"wp","href":"https:\/\/api.w.org\/{rel}","templated":true}]}}