{"id":9234,"date":"2023-04-25T13:23:02","date_gmt":"2023-04-25T13:23:02","guid":{"rendered":"https:\/\/kind.ee\/?post_type=product&#038;p=9234"},"modified":"2025-06-10T10:01:10","modified_gmt":"2025-06-10T10:01:10","slug":"koogipoll-neutral","status":"publish","type":"product","link":"https:\/\/kind.ee\/et\/toode\/koogipoll-neutral\/","title":{"rendered":"k\u00f6\u00f6gip\u00f5ll Neutral"},"content":{"rendered":"","protected":false},"excerpt":{"rendered":"","protected":false},"featured_media":11042,"template":"","meta":[],"product_brand":[],"product_cat":[615,263],"product_tag":[],"class_list":{"0":"post-9234","1":"product","2":"type-product","3":"status-publish","4":"has-post-thumbnail","6":"product_cat-muu","7":"product_cat-riided","9":"first","10":"instock","11":"shipping-taxable","12":"purchasable","13":"product-type-simple"},"acf":{"muugi_argumendid":[],"sertifikaadid":["Orgaaniline materjal","Fairtrade","EU Ecolabel","OEKO-Tex","Taastuvenergial toodetud"],"season":[],"loige":"","suuruste_tabel":{"ID":11403,"id":11403,"title":"K\u00f6\u00f6gip\u00f5ll","filename":"Koogipoll.jpeg","filesize":5792,"url":"https:\/\/kind.ee\/wp-content\/uploads\/2023\/04\/Koogipoll.jpeg","link":"https:\/\/kind.ee\/et\/?attachment_id=11403","alt":"","author":"1","description":"","caption":"","name":"koogipoll","status":"inherit","uploaded_to":9234,"date":"2023-08-02 12:29:35","modified":"2023-08-02 12:29:35","menu_order":0,"mime_type":"image\/jpeg","type":"image","subtype":"jpeg","icon":"https:\/\/kind.ee\/wp-includes\/images\/media\/default.png","width":500,"height":85,"sizes":{"thumbnail":"https:\/\/kind.ee\/wp-content\/uploads\/2023\/04\/Koogipoll-150x85.jpeg","thumbnail-width":150,"thumbnail-height":85,"medium":"https:\/\/kind.ee\/wp-content\/uploads\/2023\/04\/Koogipoll-300x51.jpeg","medium-width":300,"medium-height":51,"medium_large":"https:\/\/kind.ee\/wp-content\/uploads\/2023\/04\/Koogipoll.jpeg","medium_large-width":500,"medium_large-height":85,"large":"https:\/\/kind.ee\/wp-content\/uploads\/2023\/04\/Koogipoll.jpeg","large-width":500,"large-height":85,"1536x1536":"https:\/\/kind.ee\/wp-content\/uploads\/2023\/04\/Koogipoll.jpeg","1536x1536-width":500,"1536x1536-height":85,"2048x2048":"https:\/\/kind.ee\/wp-content\/uploads\/2023\/04\/Koogipoll.jpeg","2048x2048-width":500,"2048x2048-height":85,"galerii_large":"https:\/\/kind.ee\/wp-content\/uploads\/2023\/04\/Koogipoll.jpeg","galerii_large-width":500,"galerii_large-height":85,"galerii_large_retina":"https:\/\/kind.ee\/wp-content\/uploads\/2023\/04\/Koogipoll.jpeg","galerii_large_retina-width":500,"galerii_large_retina-height":85,"woocommerce_thumbnail":"https:\/\/kind.ee\/wp-content\/uploads\/2023\/04\/Koogipoll-300x85.jpeg","woocommerce_thumbnail-width":300,"woocommerce_thumbnail-height":85,"woocommerce_single":"https:\/\/kind.ee\/wp-content\/uploads\/2023\/04\/Koogipoll.jpeg","woocommerce_single-width":500,"woocommerce_single-height":85,"woocommerce_gallery_thumbnail":"https:\/\/kind.ee\/wp-content\/uploads\/2023\/04\/Koogipoll-100x85.jpeg","woocommerce_gallery_thumbnail-width":100,"woocommerce_gallery_thumbnail-height":85}},"paksus":"210","min_kogus":"5","kangas":"","kanga-info":"80% orgaaniline puuvill, 20% taaskasutatud pol\u00fcester, kanga pikkus 210 g\/m2","toote_pildid_varvide_kaupa":[{"pildid":[{"ID":9237,"id":9237,"title":"O92021_BLA","filename":"O92021_BLA-e1701170725200.jpg","filesize":179087,"url":"https:\/\/kind.ee\/wp-content\/uploads\/2023\/04\/O92021_BLA-e1701170725200.jpg","link":"https:\/\/kind.ee\/et\/?attachment_id=9237","alt":"","author":"1","description":"","caption":"","name":"o92021_bla","status":"inherit","uploaded_to":9234,"date":"2023-04-25 13:01:55","modified":"2023-11-28 11:25:30","menu_order":0,"mime_type":"image\/jpeg","type":"image","subtype":"jpeg","icon":"https:\/\/kind.ee\/wp-includes\/images\/media\/default.png","width":1599,"height":1977,"sizes":{"thumbnail":"https:\/\/kind.ee\/wp-content\/uploads\/2023\/04\/O92021_BLA-e1701170725200-150x150.jpg","thumbnail-width":150,"thumbnail-height":150,"medium":"https:\/\/kind.ee\/wp-content\/uploads\/2023\/04\/O92021_BLA-e1701170725200-243x300.jpg","medium-width":243,"medium-height":300,"medium_large":"https:\/\/kind.ee\/wp-content\/uploads\/2023\/04\/O92021_BLA-e1701170725200-768x950.jpg","medium_large-width":768,"medium_large-height":950,"large":"https:\/\/kind.ee\/wp-content\/uploads\/2023\/04\/O92021_BLA-e1701170725200-828x1024.jpg","large-width":828,"large-height":1024,"1536x1536":"https:\/\/kind.ee\/wp-content\/uploads\/2023\/04\/O92021_BLA-e1701170725200-1242x1536.jpg","1536x1536-width":1242,"1536x1536-height":1536,"2048x2048":"https:\/\/kind.ee\/wp-content\/uploads\/2023\/04\/O92021_BLA-e1701170725200.jpg","2048x2048-width":1599,"2048x2048-height":1977,"galerii_large":"https:\/\/kind.ee\/wp-content\/uploads\/2023\/04\/O92021_BLA-e1701170725200-800x989.jpg","galerii_large-width":800,"galerii_large-height":989,"galerii_large_retina":"https:\/\/kind.ee\/wp-content\/uploads\/2023\/04\/O92021_BLA-e1701170725200.jpg","galerii_large_retina-width":1599,"galerii_large_retina-height":1977,"woocommerce_thumbnail":"https:\/\/kind.ee\/wp-content\/uploads\/2023\/04\/O92021_BLA-e1701170725200-300x300.jpg","woocommerce_thumbnail-width":300,"woocommerce_thumbnail-height":300,"woocommerce_single":"https:\/\/kind.ee\/wp-content\/uploads\/2023\/04\/O92021_BLA-e1701170725200-600x742.jpg","woocommerce_single-width":600,"woocommerce_single-height":742,"woocommerce_gallery_thumbnail":"https:\/\/kind.ee\/wp-content\/uploads\/2023\/04\/O92021_BLA-e1701170725200-100x100.jpg","woocommerce_gallery_thumbnail-width":100,"woocommerce_gallery_thumbnail-height":100}},{"ID":9241,"id":9241,"title":"O92021_BLA(1)","filename":"O92021_BLA1-scaled.jpg","filesize":70116,"url":"https:\/\/kind.ee\/wp-content\/uploads\/2023\/04\/O92021_BLA1-scaled.jpg","link":"https:\/\/kind.ee\/et\/?attachment_id=9241","alt":"","author":"1","description":"","caption":"","name":"o92021_bla1","status":"inherit","uploaded_to":9234,"date":"2023-04-25 13:02:05","modified":"2023-04-25 13:22:22","menu_order":0,"mime_type":"image\/jpeg","type":"image","subtype":"jpeg","icon":"https:\/\/kind.ee\/wp-includes\/images\/media\/default.png","width":1969,"height":2560,"sizes":{"thumbnail":"https:\/\/kind.ee\/wp-content\/uploads\/2023\/04\/O92021_BLA1-150x150.jpg","thumbnail-width":150,"thumbnail-height":150,"medium":"https:\/\/kind.ee\/wp-content\/uploads\/2023\/04\/O92021_BLA1-231x300.jpg","medium-width":231,"medium-height":300,"medium_large":"https:\/\/kind.ee\/wp-content\/uploads\/2023\/04\/O92021_BLA1-768x998.jpg","medium_large-width":768,"medium_large-height":998,"large":"https:\/\/kind.ee\/wp-content\/uploads\/2023\/04\/O92021_BLA1-788x1024.jpg","large-width":788,"large-height":1024,"1536x1536":"https:\/\/kind.ee\/wp-content\/uploads\/2023\/04\/O92021_BLA1-1182x1536.jpg","1536x1536-width":1182,"1536x1536-height":1536,"2048x2048":"https:\/\/kind.ee\/wp-content\/uploads\/2023\/04\/O92021_BLA1-1575x2048.jpg","2048x2048-width":1575,"2048x2048-height":2048,"galerii_large":"https:\/\/kind.ee\/wp-content\/uploads\/2023\/04\/O92021_BLA1-800x1040.jpg","galerii_large-width":800,"galerii_large-height":1040,"galerii_large_retina":"https:\/\/kind.ee\/wp-content\/uploads\/2023\/04\/O92021_BLA1-1600x2080.jpg","galerii_large_retina-width":1600,"galerii_large_retina-height":2080,"woocommerce_thumbnail":"https:\/\/kind.ee\/wp-content\/uploads\/2023\/04\/O92021_BLA1-300x300.jpg","woocommerce_thumbnail-width":300,"woocommerce_thumbnail-height":300,"woocommerce_single":"https:\/\/kind.ee\/wp-content\/uploads\/2023\/04\/O92021_BLA1-600x780.jpg","woocommerce_single-width":600,"woocommerce_single-height":780,"woocommerce_gallery_thumbnail":"https:\/\/kind.ee\/wp-content\/uploads\/2023\/04\/O92021_BLA1-100x100.jpg","woocommerce_gallery_thumbnail-width":100,"woocommerce_gallery_thumbnail-height":100}}],"varvikood":false,"varvid-native":false,"varvid-stedman":false,"varvikood-neutral":581,"varvid-sols":false,"midoceani_varvid":false,"purewaste":false,"beechfield-varvid":false,"bagbase":false,"mepal":false},{"pildid":[{"ID":9235,"id":9235,"title":"O92021_NAV","filename":"O92021_NAV-e1701170743612.jpg","filesize":192365,"url":"https:\/\/kind.ee\/wp-content\/uploads\/2023\/04\/O92021_NAV-e1701170743612.jpg","link":"https:\/\/kind.ee\/et\/?attachment_id=9235","alt":"","author":"1","description":"","caption":"","name":"o92021_nav","status":"inherit","uploaded_to":9234,"date":"2023-04-25 13:01:50","modified":"2023-11-28 11:25:49","menu_order":0,"mime_type":"image\/jpeg","type":"image","subtype":"jpeg","icon":"https:\/\/kind.ee\/wp-includes\/images\/media\/default.png","width":1598,"height":1984,"sizes":{"thumbnail":"https:\/\/kind.ee\/wp-content\/uploads\/2023\/04\/O92021_NAV-e1701170743612-150x150.jpg","thumbnail-width":150,"thumbnail-height":150,"medium":"https:\/\/kind.ee\/wp-content\/uploads\/2023\/04\/O92021_NAV-e1701170743612-242x300.jpg","medium-width":242,"medium-height":300,"medium_large":"https:\/\/kind.ee\/wp-content\/uploads\/2023\/04\/O92021_NAV-e1701170743612-768x954.jpg","medium_large-width":768,"medium_large-height":954,"large":"https:\/\/kind.ee\/wp-content\/uploads\/2023\/04\/O92021_NAV-e1701170743612-825x1024.jpg","large-width":825,"large-height":1024,"1536x1536":"https:\/\/kind.ee\/wp-content\/uploads\/2023\/04\/O92021_NAV-e1701170743612-1237x1536.jpg","1536x1536-width":1237,"1536x1536-height":1536,"2048x2048":"https:\/\/kind.ee\/wp-content\/uploads\/2023\/04\/O92021_NAV-e1701170743612.jpg","2048x2048-width":1598,"2048x2048-height":1984,"galerii_large":"https:\/\/kind.ee\/wp-content\/uploads\/2023\/04\/O92021_NAV-e1701170743612-800x993.jpg","galerii_large-width":800,"galerii_large-height":993,"galerii_large_retina":"https:\/\/kind.ee\/wp-content\/uploads\/2023\/04\/O92021_NAV-e1701170743612.jpg","galerii_large_retina-width":1598,"galerii_large_retina-height":1984,"woocommerce_thumbnail":"https:\/\/kind.ee\/wp-content\/uploads\/2023\/04\/O92021_NAV-e1701170743612-300x300.jpg","woocommerce_thumbnail-width":300,"woocommerce_thumbnail-height":300,"woocommerce_single":"https:\/\/kind.ee\/wp-content\/uploads\/2023\/04\/O92021_NAV-e1701170743612-600x745.jpg","woocommerce_single-width":600,"woocommerce_single-height":745,"woocommerce_gallery_thumbnail":"https:\/\/kind.ee\/wp-content\/uploads\/2023\/04\/O92021_NAV-e1701170743612-100x100.jpg","woocommerce_gallery_thumbnail-width":100,"woocommerce_gallery_thumbnail-height":100}},{"ID":9239,"id":9239,"title":"O92021_NAV(1)","filename":"O92021_NAV1-scaled.jpg","filesize":76660,"url":"https:\/\/kind.ee\/wp-content\/uploads\/2023\/04\/O92021_NAV1-scaled.jpg","link":"https:\/\/kind.ee\/et\/?attachment_id=9239","alt":"","author":"1","description":"","caption":"","name":"o92021_nav1","status":"inherit","uploaded_to":9234,"date":"2023-04-25 13:01:59","modified":"2023-04-25 13:22:42","menu_order":0,"mime_type":"image\/jpeg","type":"image","subtype":"jpeg","icon":"https:\/\/kind.ee\/wp-includes\/images\/media\/default.png","width":1969,"height":2560,"sizes":{"thumbnail":"https:\/\/kind.ee\/wp-content\/uploads\/2023\/04\/O92021_NAV1-150x150.jpg","thumbnail-width":150,"thumbnail-height":150,"medium":"https:\/\/kind.ee\/wp-content\/uploads\/2023\/04\/O92021_NAV1-231x300.jpg","medium-width":231,"medium-height":300,"medium_large":"https:\/\/kind.ee\/wp-content\/uploads\/2023\/04\/O92021_NAV1-768x998.jpg","medium_large-width":768,"medium_large-height":998,"large":"https:\/\/kind.ee\/wp-content\/uploads\/2023\/04\/O92021_NAV1-788x1024.jpg","large-width":788,"large-height":1024,"1536x1536":"https:\/\/kind.ee\/wp-content\/uploads\/2023\/04\/O92021_NAV1-1182x1536.jpg","1536x1536-width":1182,"1536x1536-height":1536,"2048x2048":"https:\/\/kind.ee\/wp-content\/uploads\/2023\/04\/O92021_NAV1-1575x2048.jpg","2048x2048-width":1575,"2048x2048-height":2048,"galerii_large":"https:\/\/kind.ee\/wp-content\/uploads\/2023\/04\/O92021_NAV1-800x1040.jpg","galerii_large-width":800,"galerii_large-height":1040,"galerii_large_retina":"https:\/\/kind.ee\/wp-content\/uploads\/2023\/04\/O92021_NAV1-1600x2080.jpg","galerii_large_retina-width":1600,"galerii_large_retina-height":2080,"woocommerce_thumbnail":"https:\/\/kind.ee\/wp-content\/uploads\/2023\/04\/O92021_NAV1-300x300.jpg","woocommerce_thumbnail-width":300,"woocommerce_thumbnail-height":300,"woocommerce_single":"https:\/\/kind.ee\/wp-content\/uploads\/2023\/04\/O92021_NAV1-600x780.jpg","woocommerce_single-width":600,"woocommerce_single-height":780,"woocommerce_gallery_thumbnail":"https:\/\/kind.ee\/wp-content\/uploads\/2023\/04\/O92021_NAV1-100x100.jpg","woocommerce_gallery_thumbnail-width":100,"woocommerce_gallery_thumbnail-height":100}}],"varvikood":false,"varvid-native":false,"varvid-stedman":false,"varvikood-neutral":585,"varvid-sols":false,"midoceani_varvid":false,"purewaste":false,"beechfield-varvid":false,"bagbase":false,"mepal":false},{"pildid":[{"ID":9243,"id":9243,"title":"O92021_BGRE","filename":"O92021_BGRE-scaled.jpg","filesize":93674,"url":"https:\/\/kind.ee\/wp-content\/uploads\/2023\/04\/O92021_BGRE-scaled.jpg","link":"https:\/\/kind.ee\/et\/?attachment_id=9243","alt":"","author":"1","description":"","caption":"","name":"o92021_bgre","status":"inherit","uploaded_to":9234,"date":"2023-04-25 13:02:11","modified":"2023-04-25 13:22:57","menu_order":0,"mime_type":"image\/jpeg","type":"image","subtype":"jpeg","icon":"https:\/\/kind.ee\/wp-includes\/images\/media\/default.png","width":1969,"height":2560,"sizes":{"thumbnail":"https:\/\/kind.ee\/wp-content\/uploads\/2023\/04\/O92021_BGRE-150x150.jpg","thumbnail-width":150,"thumbnail-height":150,"medium":"https:\/\/kind.ee\/wp-content\/uploads\/2023\/04\/O92021_BGRE-231x300.jpg","medium-width":231,"medium-height":300,"medium_large":"https:\/\/kind.ee\/wp-content\/uploads\/2023\/04\/O92021_BGRE-768x998.jpg","medium_large-width":768,"medium_large-height":998,"large":"https:\/\/kind.ee\/wp-content\/uploads\/2023\/04\/O92021_BGRE-788x1024.jpg","large-width":788,"large-height":1024,"1536x1536":"https:\/\/kind.ee\/wp-content\/uploads\/2023\/04\/O92021_BGRE-1182x1536.jpg","1536x1536-width":1182,"1536x1536-height":1536,"2048x2048":"https:\/\/kind.ee\/wp-content\/uploads\/2023\/04\/O92021_BGRE-1575x2048.jpg","2048x2048-width":1575,"2048x2048-height":2048,"galerii_large":"https:\/\/kind.ee\/wp-content\/uploads\/2023\/04\/O92021_BGRE-800x1040.jpg","galerii_large-width":800,"galerii_large-height":1040,"galerii_large_retina":"https:\/\/kind.ee\/wp-content\/uploads\/2023\/04\/O92021_BGRE-1600x2080.jpg","galerii_large_retina-width":1600,"galerii_large_retina-height":2080,"woocommerce_thumbnail":"https:\/\/kind.ee\/wp-content\/uploads\/2023\/04\/O92021_BGRE-300x300.jpg","woocommerce_thumbnail-width":300,"woocommerce_thumbnail-height":300,"woocommerce_single":"https:\/\/kind.ee\/wp-content\/uploads\/2023\/04\/O92021_BGRE-600x780.jpg","woocommerce_single-width":600,"woocommerce_single-height":780,"woocommerce_gallery_thumbnail":"https:\/\/kind.ee\/wp-content\/uploads\/2023\/04\/O92021_BGRE-100x100.jpg","woocommerce_gallery_thumbnail-width":100,"woocommerce_gallery_thumbnail-height":100}}],"varvikood":false,"varvid-native":false,"varvid-stedman":false,"varvikood-neutral":574,"varvid-sols":false,"midoceani_varvid":false,"purewaste":false,"beechfield-varvid":false,"bagbase":false,"mepal":false}],"tooteinfo":"Vastupidavast materjalist p\u00f5ll, millel on kaks esitaskut ja mugav rihm r\u00e4tiku hoidmiseks. Suurust on lihtne reguleerida kaelapaelast ja v\u00f6\u00f6kohal oleval paelaga.","mootmed":"","materjal":"","varvus":""},"_links":{"self":[{"href":"https:\/\/kind.ee\/et\/wp-json\/wp\/v2\/product\/9234","targetHints":{"allow":["GET"]}}],"collection":[{"href":"https:\/\/kind.ee\/et\/wp-json\/wp\/v2\/product"}],"about":[{"href":"https:\/\/kind.ee\/et\/wp-json\/wp\/v2\/types\/product"}],"wp:featuredmedia":[{"embeddable":true,"href":"https:\/\/kind.ee\/et\/wp-json\/wp\/v2\/media\/11042"}],"wp:attachment":[{"href":"https:\/\/kind.ee\/et\/wp-json\/wp\/v2\/media?parent=9234"}],"wp:term":[{"taxonomy":"product_brand","embeddable":true,"href":"https:\/\/kind.ee\/et\/wp-json\/wp\/v2\/product_brand?post=9234"},{"taxonomy":"product_cat","embeddable":true,"href":"https:\/\/kind.ee\/et\/wp-json\/wp\/v2\/product_cat?post=9234"},{"taxonomy":"product_tag","embeddable":true,"href":"https:\/\/kind.ee\/et\/wp-json\/wp\/v2\/product_tag?post=9234"}],"curies":[{"name":"wp","href":"https:\/\/api.w.org\/{rel}","templated":true}]}}