{"id":9223,"date":"2023-04-25T12:55:52","date_gmt":"2023-04-25T12:55:52","guid":{"rendered":"https:\/\/kind.ee\/?post_type=product&#038;p=9223"},"modified":"2025-06-10T10:01:10","modified_gmt":"2025-06-10T10:01:10","slug":"kohvikupoll-neutral","status":"publish","type":"product","link":"https:\/\/kind.ee\/et\/toode\/kohvikupoll-neutral\/","title":{"rendered":"kohvikup\u00f5ll Neutral"},"content":{"rendered":"","protected":false},"excerpt":{"rendered":"","protected":false},"featured_media":11040,"template":"","meta":[],"product_brand":[],"product_cat":[615,263],"product_tag":[],"class_list":{"0":"post-9223","1":"product","2":"type-product","3":"status-publish","4":"has-post-thumbnail","6":"product_cat-muu","7":"product_cat-riided","9":"first","10":"instock","11":"shipping-taxable","12":"purchasable","13":"product-type-simple"},"acf":{"muugi_argumendid":[],"sertifikaadid":["Orgaaniline materjal","EU Ecolabel","Fairtrade","Taastuvenergial toodetud","OEKO-Tex"],"season":[],"loige":"","suuruste_tabel":{"ID":9232,"id":9232,"title":"O92002_SIZE_600x600","filename":"O92002_SIZE_600x600.jpg","filesize":6284,"url":"https:\/\/kind.ee\/wp-content\/uploads\/2023\/04\/O92002_SIZE_600x600.jpg","link":"https:\/\/kind.ee\/et\/?attachment_id=9232","alt":"","author":"1","description":"","caption":"","name":"o92002_size_600x600","status":"inherit","uploaded_to":9223,"date":"2023-04-25 12:53:19","modified":"2023-04-25 12:53:19","menu_order":0,"mime_type":"image\/jpeg","type":"image","subtype":"jpeg","icon":"https:\/\/kind.ee\/wp-includes\/images\/media\/default.png","width":500,"height":85,"sizes":{"thumbnail":"https:\/\/kind.ee\/wp-content\/uploads\/2023\/04\/O92002_SIZE_600x600-150x85.jpg","thumbnail-width":150,"thumbnail-height":85,"medium":"https:\/\/kind.ee\/wp-content\/uploads\/2023\/04\/O92002_SIZE_600x600-300x51.jpg","medium-width":300,"medium-height":51,"medium_large":"https:\/\/kind.ee\/wp-content\/uploads\/2023\/04\/O92002_SIZE_600x600.jpg","medium_large-width":500,"medium_large-height":85,"large":"https:\/\/kind.ee\/wp-content\/uploads\/2023\/04\/O92002_SIZE_600x600.jpg","large-width":500,"large-height":85,"1536x1536":"https:\/\/kind.ee\/wp-content\/uploads\/2023\/04\/O92002_SIZE_600x600.jpg","1536x1536-width":500,"1536x1536-height":85,"2048x2048":"https:\/\/kind.ee\/wp-content\/uploads\/2023\/04\/O92002_SIZE_600x600.jpg","2048x2048-width":500,"2048x2048-height":85,"galerii_large":"https:\/\/kind.ee\/wp-content\/uploads\/2023\/04\/O92002_SIZE_600x600.jpg","galerii_large-width":500,"galerii_large-height":85,"galerii_large_retina":"https:\/\/kind.ee\/wp-content\/uploads\/2023\/04\/O92002_SIZE_600x600.jpg","galerii_large_retina-width":500,"galerii_large_retina-height":85,"woocommerce_thumbnail":"https:\/\/kind.ee\/wp-content\/uploads\/2023\/04\/O92002_SIZE_600x600-300x85.jpg","woocommerce_thumbnail-width":300,"woocommerce_thumbnail-height":85,"woocommerce_single":"https:\/\/kind.ee\/wp-content\/uploads\/2023\/04\/O92002_SIZE_600x600.jpg","woocommerce_single-width":500,"woocommerce_single-height":85,"woocommerce_gallery_thumbnail":"https:\/\/kind.ee\/wp-content\/uploads\/2023\/04\/O92002_SIZE_600x600-100x85.jpg","woocommerce_gallery_thumbnail-width":100,"woocommerce_gallery_thumbnail-height":85}},"paksus":"210","min_kogus":"5","kangas":"","kanga-info":"100% orgaaniline puuvill, kanga paksus 210 g\/m2","toote_pildid_varvide_kaupa":[{"pildid":[{"ID":9228,"id":9228,"title":"O92002_WHI","filename":"O92002_WHI-e1701170783647.jpg","filesize":160292,"url":"https:\/\/kind.ee\/wp-content\/uploads\/2023\/04\/O92002_WHI-e1701170783647.jpg","link":"https:\/\/kind.ee\/et\/?attachment_id=9228","alt":"","author":"1","description":"","caption":"","name":"o92002_whi","status":"inherit","uploaded_to":9223,"date":"2023-04-25 12:48:19","modified":"2023-11-28 11:26:27","menu_order":0,"mime_type":"image\/jpeg","type":"image","subtype":"jpeg","icon":"https:\/\/kind.ee\/wp-includes\/images\/media\/default.png","width":1600,"height":1909,"sizes":{"thumbnail":"https:\/\/kind.ee\/wp-content\/uploads\/2023\/04\/O92002_WHI-e1701170783647-150x150.jpg","thumbnail-width":150,"thumbnail-height":150,"medium":"https:\/\/kind.ee\/wp-content\/uploads\/2023\/04\/O92002_WHI-e1701170783647-251x300.jpg","medium-width":251,"medium-height":300,"medium_large":"https:\/\/kind.ee\/wp-content\/uploads\/2023\/04\/O92002_WHI-e1701170783647-768x916.jpg","medium_large-width":768,"medium_large-height":916,"large":"https:\/\/kind.ee\/wp-content\/uploads\/2023\/04\/O92002_WHI-e1701170783647-858x1024.jpg","large-width":858,"large-height":1024,"1536x1536":"https:\/\/kind.ee\/wp-content\/uploads\/2023\/04\/O92002_WHI-e1701170783647-1287x1536.jpg","1536x1536-width":1287,"1536x1536-height":1536,"2048x2048":"https:\/\/kind.ee\/wp-content\/uploads\/2023\/04\/O92002_WHI-e1701170783647.jpg","2048x2048-width":1600,"2048x2048-height":1909,"galerii_large":"https:\/\/kind.ee\/wp-content\/uploads\/2023\/04\/O92002_WHI-e1701170783647-800x955.jpg","galerii_large-width":800,"galerii_large-height":955,"galerii_large_retina":"https:\/\/kind.ee\/wp-content\/uploads\/2023\/04\/O92002_WHI-e1701170783647.jpg","galerii_large_retina-width":1600,"galerii_large_retina-height":1909,"woocommerce_thumbnail":"https:\/\/kind.ee\/wp-content\/uploads\/2023\/04\/O92002_WHI-e1701170783647-300x300.jpg","woocommerce_thumbnail-width":300,"woocommerce_thumbnail-height":300,"woocommerce_single":"https:\/\/kind.ee\/wp-content\/uploads\/2023\/04\/O92002_WHI-e1701170783647-600x716.jpg","woocommerce_single-width":600,"woocommerce_single-height":716,"woocommerce_gallery_thumbnail":"https:\/\/kind.ee\/wp-content\/uploads\/2023\/04\/O92002_WHI-e1701170783647-100x100.jpg","woocommerce_gallery_thumbnail-width":100,"woocommerce_gallery_thumbnail-height":100}},{"ID":9230,"id":9230,"title":"O92002_WHI(1)","filename":"O92002_WHI1.jpg","filesize":723739,"url":"https:\/\/kind.ee\/wp-content\/uploads\/2023\/04\/O92002_WHI1.jpg","link":"https:\/\/kind.ee\/et\/?attachment_id=9230","alt":"","author":"1","description":"","caption":"","name":"o92002_whi1","status":"inherit","uploaded_to":9223,"date":"2023-04-25 12:48:23","modified":"2023-04-25 12:54:59","menu_order":0,"mime_type":"image\/jpeg","type":"image","subtype":"jpeg","icon":"https:\/\/kind.ee\/wp-includes\/images\/media\/default.png","width":1600,"height":2400,"sizes":{"thumbnail":"https:\/\/kind.ee\/wp-content\/uploads\/2023\/04\/O92002_WHI1-150x150.jpg","thumbnail-width":150,"thumbnail-height":150,"medium":"https:\/\/kind.ee\/wp-content\/uploads\/2023\/04\/O92002_WHI1-200x300.jpg","medium-width":200,"medium-height":300,"medium_large":"https:\/\/kind.ee\/wp-content\/uploads\/2023\/04\/O92002_WHI1-768x1152.jpg","medium_large-width":768,"medium_large-height":1152,"large":"https:\/\/kind.ee\/wp-content\/uploads\/2023\/04\/O92002_WHI1-683x1024.jpg","large-width":683,"large-height":1024,"1536x1536":"https:\/\/kind.ee\/wp-content\/uploads\/2023\/04\/O92002_WHI1-1024x1536.jpg","1536x1536-width":1024,"1536x1536-height":1536,"2048x2048":"https:\/\/kind.ee\/wp-content\/uploads\/2023\/04\/O92002_WHI1-1365x2048.jpg","2048x2048-width":1365,"2048x2048-height":2048,"galerii_large":"https:\/\/kind.ee\/wp-content\/uploads\/2023\/04\/O92002_WHI1-800x1200.jpg","galerii_large-width":800,"galerii_large-height":1200,"galerii_large_retina":"https:\/\/kind.ee\/wp-content\/uploads\/2023\/04\/O92002_WHI1.jpg","galerii_large_retina-width":1600,"galerii_large_retina-height":2400,"woocommerce_thumbnail":"https:\/\/kind.ee\/wp-content\/uploads\/2023\/04\/O92002_WHI1-300x300.jpg","woocommerce_thumbnail-width":300,"woocommerce_thumbnail-height":300,"woocommerce_single":"https:\/\/kind.ee\/wp-content\/uploads\/2023\/04\/O92002_WHI1-600x900.jpg","woocommerce_single-width":600,"woocommerce_single-height":900,"woocommerce_gallery_thumbnail":"https:\/\/kind.ee\/wp-content\/uploads\/2023\/04\/O92002_WHI1-100x100.jpg","woocommerce_gallery_thumbnail-width":100,"woocommerce_gallery_thumbnail-height":100}}],"varvikood":false,"varvid-native":false,"varvid-stedman":false,"varvikood-neutral":556,"varvid-sols":false,"midoceani_varvid":false,"purewaste":false,"beechfield-varvid":false,"bagbase":false,"mepal":false},{"pildid":[{"ID":9226,"id":9226,"title":"O92002_BLA","filename":"O92002_BLA-e1701170815679.jpg","filesize":166077,"url":"https:\/\/kind.ee\/wp-content\/uploads\/2023\/04\/O92002_BLA-e1701170815679.jpg","link":"https:\/\/kind.ee\/et\/?attachment_id=9226","alt":"","author":"1","description":"","caption":"","name":"o92002_bla","status":"inherit","uploaded_to":9223,"date":"2023-04-25 12:48:16","modified":"2023-11-28 11:27:00","menu_order":0,"mime_type":"image\/jpeg","type":"image","subtype":"jpeg","icon":"https:\/\/kind.ee\/wp-includes\/images\/media\/default.png","width":1600,"height":1924,"sizes":{"thumbnail":"https:\/\/kind.ee\/wp-content\/uploads\/2023\/04\/O92002_BLA-e1701170815679-150x150.jpg","thumbnail-width":150,"thumbnail-height":150,"medium":"https:\/\/kind.ee\/wp-content\/uploads\/2023\/04\/O92002_BLA-e1701170815679-249x300.jpg","medium-width":249,"medium-height":300,"medium_large":"https:\/\/kind.ee\/wp-content\/uploads\/2023\/04\/O92002_BLA-e1701170815679-768x924.jpg","medium_large-width":768,"medium_large-height":924,"large":"https:\/\/kind.ee\/wp-content\/uploads\/2023\/04\/O92002_BLA-e1701170815679-852x1024.jpg","large-width":852,"large-height":1024,"1536x1536":"https:\/\/kind.ee\/wp-content\/uploads\/2023\/04\/O92002_BLA-e1701170815679-1277x1536.jpg","1536x1536-width":1277,"1536x1536-height":1536,"2048x2048":"https:\/\/kind.ee\/wp-content\/uploads\/2023\/04\/O92002_BLA-e1701170815679.jpg","2048x2048-width":1600,"2048x2048-height":1924,"galerii_large":"https:\/\/kind.ee\/wp-content\/uploads\/2023\/04\/O92002_BLA-e1701170815679-800x962.jpg","galerii_large-width":800,"galerii_large-height":962,"galerii_large_retina":"https:\/\/kind.ee\/wp-content\/uploads\/2023\/04\/O92002_BLA-e1701170815679.jpg","galerii_large_retina-width":1600,"galerii_large_retina-height":1924,"woocommerce_thumbnail":"https:\/\/kind.ee\/wp-content\/uploads\/2023\/04\/O92002_BLA-e1701170815679-300x300.jpg","woocommerce_thumbnail-width":300,"woocommerce_thumbnail-height":300,"woocommerce_single":"https:\/\/kind.ee\/wp-content\/uploads\/2023\/04\/O92002_BLA-e1701170815679-600x722.jpg","woocommerce_single-width":600,"woocommerce_single-height":722,"woocommerce_gallery_thumbnail":"https:\/\/kind.ee\/wp-content\/uploads\/2023\/04\/O92002_BLA-e1701170815679-100x100.jpg","woocommerce_gallery_thumbnail-width":100,"woocommerce_gallery_thumbnail-height":100}},{"ID":9224,"id":9224,"title":"O92002_BLA(1)","filename":"O92002_BLA1.jpg","filesize":975463,"url":"https:\/\/kind.ee\/wp-content\/uploads\/2023\/04\/O92002_BLA1.jpg","link":"https:\/\/kind.ee\/et\/?attachment_id=9224","alt":"","author":"1","description":"","caption":"","name":"o92002_bla1","status":"inherit","uploaded_to":9223,"date":"2023-04-25 12:48:12","modified":"2023-04-25 12:55:09","menu_order":0,"mime_type":"image\/jpeg","type":"image","subtype":"jpeg","icon":"https:\/\/kind.ee\/wp-includes\/images\/media\/default.png","width":1600,"height":2400,"sizes":{"thumbnail":"https:\/\/kind.ee\/wp-content\/uploads\/2023\/04\/O92002_BLA1-150x150.jpg","thumbnail-width":150,"thumbnail-height":150,"medium":"https:\/\/kind.ee\/wp-content\/uploads\/2023\/04\/O92002_BLA1-200x300.jpg","medium-width":200,"medium-height":300,"medium_large":"https:\/\/kind.ee\/wp-content\/uploads\/2023\/04\/O92002_BLA1-768x1152.jpg","medium_large-width":768,"medium_large-height":1152,"large":"https:\/\/kind.ee\/wp-content\/uploads\/2023\/04\/O92002_BLA1-683x1024.jpg","large-width":683,"large-height":1024,"1536x1536":"https:\/\/kind.ee\/wp-content\/uploads\/2023\/04\/O92002_BLA1-1024x1536.jpg","1536x1536-width":1024,"1536x1536-height":1536,"2048x2048":"https:\/\/kind.ee\/wp-content\/uploads\/2023\/04\/O92002_BLA1-1365x2048.jpg","2048x2048-width":1365,"2048x2048-height":2048,"galerii_large":"https:\/\/kind.ee\/wp-content\/uploads\/2023\/04\/O92002_BLA1-800x1200.jpg","galerii_large-width":800,"galerii_large-height":1200,"galerii_large_retina":"https:\/\/kind.ee\/wp-content\/uploads\/2023\/04\/O92002_BLA1.jpg","galerii_large_retina-width":1600,"galerii_large_retina-height":2400,"woocommerce_thumbnail":"https:\/\/kind.ee\/wp-content\/uploads\/2023\/04\/O92002_BLA1-300x300.jpg","woocommerce_thumbnail-width":300,"woocommerce_thumbnail-height":300,"woocommerce_single":"https:\/\/kind.ee\/wp-content\/uploads\/2023\/04\/O92002_BLA1-600x900.jpg","woocommerce_single-width":600,"woocommerce_single-height":900,"woocommerce_gallery_thumbnail":"https:\/\/kind.ee\/wp-content\/uploads\/2023\/04\/O92002_BLA1-100x100.jpg","woocommerce_gallery_thumbnail-width":100,"woocommerce_gallery_thumbnail-height":100}}],"varvikood":false,"varvid-native":false,"varvid-stedman":false,"varvikood-neutral":581,"varvid-sols":false,"midoceani_varvid":false,"purewaste":false,"beechfield-varvid":false,"bagbase":false,"mepal":false}],"tooteinfo":"Vastupidavast materjalist p\u00f5ll, millel on \u00fcks k\u00fcljetasku. Suurust on lihtne reguleerida v\u00f6\u00f6kohal olevate paeltega.","mootmed":"","materjal":"","varvus":""},"_links":{"self":[{"href":"https:\/\/kind.ee\/et\/wp-json\/wp\/v2\/product\/9223","targetHints":{"allow":["GET"]}}],"collection":[{"href":"https:\/\/kind.ee\/et\/wp-json\/wp\/v2\/product"}],"about":[{"href":"https:\/\/kind.ee\/et\/wp-json\/wp\/v2\/types\/product"}],"wp:featuredmedia":[{"embeddable":true,"href":"https:\/\/kind.ee\/et\/wp-json\/wp\/v2\/media\/11040"}],"wp:attachment":[{"href":"https:\/\/kind.ee\/et\/wp-json\/wp\/v2\/media?parent=9223"}],"wp:term":[{"taxonomy":"product_brand","embeddable":true,"href":"https:\/\/kind.ee\/et\/wp-json\/wp\/v2\/product_brand?post=9223"},{"taxonomy":"product_cat","embeddable":true,"href":"https:\/\/kind.ee\/et\/wp-json\/wp\/v2\/product_cat?post=9223"},{"taxonomy":"product_tag","embeddable":true,"href":"https:\/\/kind.ee\/et\/wp-json\/wp\/v2\/product_tag?post=9223"}],"curies":[{"name":"wp","href":"https:\/\/api.w.org\/{rel}","templated":true}]}}