{"id":8782,"date":"2023-04-24T11:50:41","date_gmt":"2023-04-24T11:50:41","guid":{"rendered":"https:\/\/kind.ee\/?post_type=product&#038;p=8782"},"modified":"2026-02-25T20:36:57","modified_gmt":"2026-02-25T20:36:57","slug":"kuljetaskuga-puksid-native-spirit-2","status":"publish","type":"product","link":"https:\/\/kind.ee\/et\/toode\/kuljetaskuga-puksid-native-spirit-2\/","title":{"rendered":"k\u00fcljetaskuga p\u00fcksid Native Spirit"},"content":{"rendered":"","protected":false},"excerpt":{"rendered":"","protected":false},"featured_media":11046,"template":"","meta":[],"product_brand":[],"product_cat":[605,263],"product_tag":[],"class_list":{"0":"post-8782","1":"product","2":"type-product","3":"status-publish","4":"has-post-thumbnail","6":"product_cat-puksid","7":"product_cat-riided","9":"first","10":"instock","11":"shipping-taxable","12":"purchasable","13":"product-type-simple"},"acf":{"muugi_argumendid":["\u00f6kos\u00f5bralik","disaintoode"],"sertifikaadid":["Orgaaniline materjal","Vegan"],"season":["winter: S\u00fcgisest Talveni","summer: Suve hooaeg"],"loige":"Keskmine","suuruste_tabel":{"ID":8780,"id":8780,"title":"native_spirit_p\u00fcksid_suurused'","filename":"native_spirit_puksid_suurused.png","filesize":83475,"url":"https:\/\/kind.ee\/wp-content\/uploads\/2023\/04\/native_spirit_puksid_suurused.png","link":"https:\/\/kind.ee\/et\/?attachment_id=8780","alt":"","author":"1","description":"","caption":"","name":"native_spirit_puksid_suurused","status":"inherit","uploaded_to":8763,"date":"2023-04-24 09:41:29","modified":"2023-04-24 09:41:29","menu_order":0,"mime_type":"image\/png","type":"image","subtype":"png","icon":"https:\/\/kind.ee\/wp-includes\/images\/media\/default.png","width":1177,"height":832,"sizes":{"thumbnail":"https:\/\/kind.ee\/wp-content\/uploads\/2023\/04\/native_spirit_puksid_suurused-150x150.png","thumbnail-width":150,"thumbnail-height":150,"medium":"https:\/\/kind.ee\/wp-content\/uploads\/2023\/04\/native_spirit_puksid_suurused-300x212.png","medium-width":300,"medium-height":212,"medium_large":"https:\/\/kind.ee\/wp-content\/uploads\/2023\/04\/native_spirit_puksid_suurused-768x543.png","medium_large-width":768,"medium_large-height":543,"large":"https:\/\/kind.ee\/wp-content\/uploads\/2023\/04\/native_spirit_puksid_suurused-1024x724.png","large-width":1024,"large-height":724,"1536x1536":"https:\/\/kind.ee\/wp-content\/uploads\/2023\/04\/native_spirit_puksid_suurused.png","1536x1536-width":1177,"1536x1536-height":832,"2048x2048":"https:\/\/kind.ee\/wp-content\/uploads\/2023\/04\/native_spirit_puksid_suurused.png","2048x2048-width":1177,"2048x2048-height":832,"galerii_large":"https:\/\/kind.ee\/wp-content\/uploads\/2023\/04\/native_spirit_puksid_suurused-800x566.png","galerii_large-width":800,"galerii_large-height":566,"galerii_large_retina":"https:\/\/kind.ee\/wp-content\/uploads\/2023\/04\/native_spirit_puksid_suurused.png","galerii_large_retina-width":1177,"galerii_large_retina-height":832,"woocommerce_thumbnail":"https:\/\/kind.ee\/wp-content\/uploads\/2023\/04\/native_spirit_puksid_suurused-300x300.png","woocommerce_thumbnail-width":300,"woocommerce_thumbnail-height":300,"woocommerce_single":"https:\/\/kind.ee\/wp-content\/uploads\/2023\/04\/native_spirit_puksid_suurused-600x424.png","woocommerce_single-width":600,"woocommerce_single-height":424,"woocommerce_gallery_thumbnail":"https:\/\/kind.ee\/wp-content\/uploads\/2023\/04\/native_spirit_puksid_suurused-100x100.png","woocommerce_gallery_thumbnail-width":100,"woocommerce_gallery_thumbnail-height":100}},"paksus":"250","min_kogus":"5","kangas":"","kanga-info":"97% orgaaniline puuvill, 3% elastaan, kanga paksus 250 g\/m2","toote_pildid_varvide_kaupa":[{"pildid":[{"ID":12456,"id":12456,"title":"403512_5_1","filename":"403512_5_1-e1700577165953.jpeg","filesize":126820,"url":"https:\/\/kind.ee\/wp-content\/uploads\/2023\/04\/403512_5_1-e1700577165953.jpeg","link":"https:\/\/kind.ee\/et\/?attachment_id=12456","alt":"","author":"4","description":"","caption":"","name":"403512_5_1-2","status":"inherit","uploaded_to":8782,"date":"2023-11-01 18:36:42","modified":"2023-11-21 14:32:55","menu_order":0,"mime_type":"image\/jpeg","type":"image","subtype":"jpeg","icon":"https:\/\/kind.ee\/wp-includes\/images\/media\/default.png","width":1666,"height":1954,"sizes":{"thumbnail":"https:\/\/kind.ee\/wp-content\/uploads\/2023\/04\/403512_5_1-e1700577165953-150x150.jpeg","thumbnail-width":150,"thumbnail-height":150,"medium":"https:\/\/kind.ee\/wp-content\/uploads\/2023\/04\/403512_5_1-e1700577165953-256x300.jpeg","medium-width":256,"medium-height":300,"medium_large":"https:\/\/kind.ee\/wp-content\/uploads\/2023\/04\/403512_5_1-e1700577165953-768x901.jpeg","medium_large-width":768,"medium_large-height":901,"large":"https:\/\/kind.ee\/wp-content\/uploads\/2023\/04\/403512_5_1-e1700577165953-873x1024.jpeg","large-width":873,"large-height":1024,"1536x1536":"https:\/\/kind.ee\/wp-content\/uploads\/2023\/04\/403512_5_1-e1700577165953-1310x1536.jpeg","1536x1536-width":1310,"1536x1536-height":1536,"2048x2048":"https:\/\/kind.ee\/wp-content\/uploads\/2023\/04\/403512_5_1-e1700577165953.jpeg","2048x2048-width":1666,"2048x2048-height":1954,"galerii_large":"https:\/\/kind.ee\/wp-content\/uploads\/2023\/04\/403512_5_1-e1700577165953-800x938.jpeg","galerii_large-width":800,"galerii_large-height":938,"galerii_large_retina":"https:\/\/kind.ee\/wp-content\/uploads\/2023\/04\/403512_5_1-e1700577165953-1600x1877.jpeg","galerii_large_retina-width":1600,"galerii_large_retina-height":1877,"woocommerce_thumbnail":"https:\/\/kind.ee\/wp-content\/uploads\/2023\/04\/403512_5_1-e1700577165953-300x300.jpeg","woocommerce_thumbnail-width":300,"woocommerce_thumbnail-height":300,"woocommerce_single":"https:\/\/kind.ee\/wp-content\/uploads\/2023\/04\/403512_5_1-e1700577165953-600x704.jpeg","woocommerce_single-width":600,"woocommerce_single-height":704,"woocommerce_gallery_thumbnail":"https:\/\/kind.ee\/wp-content\/uploads\/2023\/04\/403512_5_1-e1700577165953-100x100.jpeg","woocommerce_gallery_thumbnail-width":100,"woocommerce_gallery_thumbnail-height":100}},{"ID":8791,"id":8791,"title":"402573_3","filename":"402573_3.jpg","filesize":913917,"url":"https:\/\/kind.ee\/wp-content\/uploads\/2023\/04\/402573_3.jpg","link":"https:\/\/kind.ee\/et\/?attachment_id=8791","alt":"","author":"1","description":"","caption":"","name":"402573_3","status":"inherit","uploaded_to":8782,"date":"2023-04-24 11:43:06","modified":"2023-04-24 11:43:06","menu_order":0,"mime_type":"image\/jpeg","type":"image","subtype":"jpeg","icon":"https:\/\/kind.ee\/wp-includes\/images\/media\/default.png","width":1666,"height":2500,"sizes":{"thumbnail":"https:\/\/kind.ee\/wp-content\/uploads\/2023\/04\/402573_3-150x150.jpg","thumbnail-width":150,"thumbnail-height":150,"medium":"https:\/\/kind.ee\/wp-content\/uploads\/2023\/04\/402573_3-200x300.jpg","medium-width":200,"medium-height":300,"medium_large":"https:\/\/kind.ee\/wp-content\/uploads\/2023\/04\/402573_3-768x1152.jpg","medium_large-width":768,"medium_large-height":1152,"large":"https:\/\/kind.ee\/wp-content\/uploads\/2023\/04\/402573_3-682x1024.jpg","large-width":682,"large-height":1024,"1536x1536":"https:\/\/kind.ee\/wp-content\/uploads\/2023\/04\/402573_3-1024x1536.jpg","1536x1536-width":1024,"1536x1536-height":1536,"2048x2048":"https:\/\/kind.ee\/wp-content\/uploads\/2023\/04\/402573_3-1365x2048.jpg","2048x2048-width":1365,"2048x2048-height":2048,"galerii_large":"https:\/\/kind.ee\/wp-content\/uploads\/2023\/04\/402573_3-800x1200.jpg","galerii_large-width":800,"galerii_large-height":1200,"galerii_large_retina":"https:\/\/kind.ee\/wp-content\/uploads\/2023\/04\/402573_3-1600x2401.jpg","galerii_large_retina-width":1600,"galerii_large_retina-height":2401,"woocommerce_thumbnail":"https:\/\/kind.ee\/wp-content\/uploads\/2023\/04\/402573_3-300x300.jpg","woocommerce_thumbnail-width":300,"woocommerce_thumbnail-height":300,"woocommerce_single":"https:\/\/kind.ee\/wp-content\/uploads\/2023\/04\/402573_3-600x900.jpg","woocommerce_single-width":600,"woocommerce_single-height":900,"woocommerce_gallery_thumbnail":"https:\/\/kind.ee\/wp-content\/uploads\/2023\/04\/402573_3-100x100.jpg","woocommerce_gallery_thumbnail-width":100,"woocommerce_gallery_thumbnail-height":100}},{"ID":8787,"id":8787,"title":"402568_2","filename":"402568_2.jpg","filesize":866207,"url":"https:\/\/kind.ee\/wp-content\/uploads\/2023\/04\/402568_2.jpg","link":"https:\/\/kind.ee\/et\/?attachment_id=8787","alt":"","author":"1","description":"","caption":"","name":"402568_2","status":"inherit","uploaded_to":8782,"date":"2023-04-24 11:42:58","modified":"2023-04-24 11:50:11","menu_order":0,"mime_type":"image\/jpeg","type":"image","subtype":"jpeg","icon":"https:\/\/kind.ee\/wp-includes\/images\/media\/default.png","width":1666,"height":2500,"sizes":{"thumbnail":"https:\/\/kind.ee\/wp-content\/uploads\/2023\/04\/402568_2-150x150.jpg","thumbnail-width":150,"thumbnail-height":150,"medium":"https:\/\/kind.ee\/wp-content\/uploads\/2023\/04\/402568_2-200x300.jpg","medium-width":200,"medium-height":300,"medium_large":"https:\/\/kind.ee\/wp-content\/uploads\/2023\/04\/402568_2-768x1152.jpg","medium_large-width":768,"medium_large-height":1152,"large":"https:\/\/kind.ee\/wp-content\/uploads\/2023\/04\/402568_2-682x1024.jpg","large-width":682,"large-height":1024,"1536x1536":"https:\/\/kind.ee\/wp-content\/uploads\/2023\/04\/402568_2-1024x1536.jpg","1536x1536-width":1024,"1536x1536-height":1536,"2048x2048":"https:\/\/kind.ee\/wp-content\/uploads\/2023\/04\/402568_2-1365x2048.jpg","2048x2048-width":1365,"2048x2048-height":2048,"galerii_large":"https:\/\/kind.ee\/wp-content\/uploads\/2023\/04\/402568_2-800x1200.jpg","galerii_large-width":800,"galerii_large-height":1200,"galerii_large_retina":"https:\/\/kind.ee\/wp-content\/uploads\/2023\/04\/402568_2-1600x2401.jpg","galerii_large_retina-width":1600,"galerii_large_retina-height":2401,"woocommerce_thumbnail":"https:\/\/kind.ee\/wp-content\/uploads\/2023\/04\/402568_2-300x300.jpg","woocommerce_thumbnail-width":300,"woocommerce_thumbnail-height":300,"woocommerce_single":"https:\/\/kind.ee\/wp-content\/uploads\/2023\/04\/402568_2-600x900.jpg","woocommerce_single-width":600,"woocommerce_single-height":900,"woocommerce_gallery_thumbnail":"https:\/\/kind.ee\/wp-content\/uploads\/2023\/04\/402568_2-100x100.jpg","woocommerce_gallery_thumbnail-width":100,"woocommerce_gallery_thumbnail-height":100}}],"varvikood":false,"varvid-native":454,"varvid-stedman":false,"varvikood-neutral":false,"varvid-sols":false,"midoceani_varvid":false,"purewaste":false,"beechfield-varvid":false,"bagbase":false,"mepal":false},{"pildid":[{"ID":8795,"id":8795,"title":"387909","filename":"387909.jpg","filesize":565203,"url":"https:\/\/kind.ee\/wp-content\/uploads\/2023\/04\/387909.jpg","link":"https:\/\/kind.ee\/et\/?attachment_id=8795","alt":"","author":"1","description":"","caption":"","name":"387909","status":"inherit","uploaded_to":8782,"date":"2023-04-24 11:43:15","modified":"2023-04-24 11:43:15","menu_order":0,"mime_type":"image\/jpeg","type":"image","subtype":"jpeg","icon":"https:\/\/kind.ee\/wp-includes\/images\/media\/default.png","width":1566,"height":2500,"sizes":{"thumbnail":"https:\/\/kind.ee\/wp-content\/uploads\/2023\/04\/387909-150x150.jpg","thumbnail-width":150,"thumbnail-height":150,"medium":"https:\/\/kind.ee\/wp-content\/uploads\/2023\/04\/387909-188x300.jpg","medium-width":188,"medium-height":300,"medium_large":"https:\/\/kind.ee\/wp-content\/uploads\/2023\/04\/387909-768x1226.jpg","medium_large-width":768,"medium_large-height":1226,"large":"https:\/\/kind.ee\/wp-content\/uploads\/2023\/04\/387909-641x1024.jpg","large-width":641,"large-height":1024,"1536x1536":"https:\/\/kind.ee\/wp-content\/uploads\/2023\/04\/387909-962x1536.jpg","1536x1536-width":962,"1536x1536-height":1536,"2048x2048":"https:\/\/kind.ee\/wp-content\/uploads\/2023\/04\/387909-1283x2048.jpg","2048x2048-width":1283,"2048x2048-height":2048,"galerii_large":"https:\/\/kind.ee\/wp-content\/uploads\/2023\/04\/387909-800x1277.jpg","galerii_large-width":800,"galerii_large-height":1277,"galerii_large_retina":"https:\/\/kind.ee\/wp-content\/uploads\/2023\/04\/387909.jpg","galerii_large_retina-width":1566,"galerii_large_retina-height":2500,"woocommerce_thumbnail":"https:\/\/kind.ee\/wp-content\/uploads\/2023\/04\/387909-300x300.jpg","woocommerce_thumbnail-width":300,"woocommerce_thumbnail-height":300,"woocommerce_single":"https:\/\/kind.ee\/wp-content\/uploads\/2023\/04\/387909-600x958.jpg","woocommerce_single-width":600,"woocommerce_single-height":958,"woocommerce_gallery_thumbnail":"https:\/\/kind.ee\/wp-content\/uploads\/2023\/04\/387909-100x100.jpg","woocommerce_gallery_thumbnail-width":100,"woocommerce_gallery_thumbnail-height":100}},{"ID":8793,"id":8793,"title":"387910","filename":"387910.jpg","filesize":504769,"url":"https:\/\/kind.ee\/wp-content\/uploads\/2023\/04\/387910.jpg","link":"https:\/\/kind.ee\/et\/?attachment_id=8793","alt":"","author":"1","description":"","caption":"","name":"387910","status":"inherit","uploaded_to":8782,"date":"2023-04-24 11:43:11","modified":"2023-04-24 11:49:52","menu_order":0,"mime_type":"image\/jpeg","type":"image","subtype":"jpeg","icon":"https:\/\/kind.ee\/wp-includes\/images\/media\/default.png","width":1615,"height":2500,"sizes":{"thumbnail":"https:\/\/kind.ee\/wp-content\/uploads\/2023\/04\/387910-150x150.jpg","thumbnail-width":150,"thumbnail-height":150,"medium":"https:\/\/kind.ee\/wp-content\/uploads\/2023\/04\/387910-194x300.jpg","medium-width":194,"medium-height":300,"medium_large":"https:\/\/kind.ee\/wp-content\/uploads\/2023\/04\/387910-768x1189.jpg","medium_large-width":768,"medium_large-height":1189,"large":"https:\/\/kind.ee\/wp-content\/uploads\/2023\/04\/387910-662x1024.jpg","large-width":662,"large-height":1024,"1536x1536":"https:\/\/kind.ee\/wp-content\/uploads\/2023\/04\/387910-992x1536.jpg","1536x1536-width":992,"1536x1536-height":1536,"2048x2048":"https:\/\/kind.ee\/wp-content\/uploads\/2023\/04\/387910-1323x2048.jpg","2048x2048-width":1323,"2048x2048-height":2048,"galerii_large":"https:\/\/kind.ee\/wp-content\/uploads\/2023\/04\/387910-800x1238.jpg","galerii_large-width":800,"galerii_large-height":1238,"galerii_large_retina":"https:\/\/kind.ee\/wp-content\/uploads\/2023\/04\/387910-1600x2477.jpg","galerii_large_retina-width":1600,"galerii_large_retina-height":2477,"woocommerce_thumbnail":"https:\/\/kind.ee\/wp-content\/uploads\/2023\/04\/387910-300x300.jpg","woocommerce_thumbnail-width":300,"woocommerce_thumbnail-height":300,"woocommerce_single":"https:\/\/kind.ee\/wp-content\/uploads\/2023\/04\/387910-600x929.jpg","woocommerce_single-width":600,"woocommerce_single-height":929,"woocommerce_gallery_thumbnail":"https:\/\/kind.ee\/wp-content\/uploads\/2023\/04\/387910-100x100.jpg","woocommerce_gallery_thumbnail-width":100,"woocommerce_gallery_thumbnail-height":100}}],"varvikood":false,"varvid-native":461,"varvid-stedman":false,"varvikood-neutral":false,"varvid-sols":false,"midoceani_varvid":false,"purewaste":false,"beechfield-varvid":false,"bagbase":false,"mepal":false},{"pildid":[{"ID":8785,"id":8785,"title":"381617(1)","filename":"3816171.webp","filesize":98694,"url":"https:\/\/kind.ee\/wp-content\/uploads\/2023\/04\/3816171.webp","link":"https:\/\/kind.ee\/et\/?attachment_id=8785","alt":"","author":"1","description":"","caption":"","name":"3816171","status":"inherit","uploaded_to":8782,"date":"2023-04-24 11:42:53","modified":"2023-04-24 11:42:53","menu_order":0,"mime_type":"image\/webp","type":"image","subtype":"webp","icon":"https:\/\/kind.ee\/wp-includes\/images\/media\/default.png","width":1566,"height":2500,"sizes":{"thumbnail":"https:\/\/kind.ee\/wp-content\/uploads\/2023\/04\/3816171-150x150.webp","thumbnail-width":150,"thumbnail-height":150,"medium":"https:\/\/kind.ee\/wp-content\/uploads\/2023\/04\/3816171-188x300.webp","medium-width":188,"medium-height":300,"medium_large":"https:\/\/kind.ee\/wp-content\/uploads\/2023\/04\/3816171-768x1226.webp","medium_large-width":768,"medium_large-height":1226,"large":"https:\/\/kind.ee\/wp-content\/uploads\/2023\/04\/3816171-641x1024.webp","large-width":641,"large-height":1024,"1536x1536":"https:\/\/kind.ee\/wp-content\/uploads\/2023\/04\/3816171-962x1536.webp","1536x1536-width":962,"1536x1536-height":1536,"2048x2048":"https:\/\/kind.ee\/wp-content\/uploads\/2023\/04\/3816171-1283x2048.webp","2048x2048-width":1283,"2048x2048-height":2048,"galerii_large":"https:\/\/kind.ee\/wp-content\/uploads\/2023\/04\/3816171-800x1277.webp","galerii_large-width":800,"galerii_large-height":1277,"galerii_large_retina":"https:\/\/kind.ee\/wp-content\/uploads\/2023\/04\/3816171.webp","galerii_large_retina-width":1566,"galerii_large_retina-height":2500,"woocommerce_thumbnail":"https:\/\/kind.ee\/wp-content\/uploads\/2023\/04\/3816171-300x300.webp","woocommerce_thumbnail-width":300,"woocommerce_thumbnail-height":300,"woocommerce_single":"https:\/\/kind.ee\/wp-content\/uploads\/2023\/04\/3816171-600x958.webp","woocommerce_single-width":600,"woocommerce_single-height":958,"woocommerce_gallery_thumbnail":"https:\/\/kind.ee\/wp-content\/uploads\/2023\/04\/3816171-100x100.webp","woocommerce_gallery_thumbnail-width":100,"woocommerce_gallery_thumbnail-height":100}},{"ID":8783,"id":8783,"title":"381615","filename":"381615.jpg","filesize":587203,"url":"https:\/\/kind.ee\/wp-content\/uploads\/2023\/04\/381615.jpg","link":"https:\/\/kind.ee\/et\/?attachment_id=8783","alt":"","author":"1","description":"","caption":"","name":"381615","status":"inherit","uploaded_to":8782,"date":"2023-04-24 11:42:49","modified":"2023-04-24 11:50:21","menu_order":0,"mime_type":"image\/jpeg","type":"image","subtype":"jpeg","icon":"https:\/\/kind.ee\/wp-includes\/images\/media\/default.png","width":1615,"height":2500,"sizes":{"thumbnail":"https:\/\/kind.ee\/wp-content\/uploads\/2023\/04\/381615-150x150.jpg","thumbnail-width":150,"thumbnail-height":150,"medium":"https:\/\/kind.ee\/wp-content\/uploads\/2023\/04\/381615-194x300.jpg","medium-width":194,"medium-height":300,"medium_large":"https:\/\/kind.ee\/wp-content\/uploads\/2023\/04\/381615-768x1189.jpg","medium_large-width":768,"medium_large-height":1189,"large":"https:\/\/kind.ee\/wp-content\/uploads\/2023\/04\/381615-662x1024.jpg","large-width":662,"large-height":1024,"1536x1536":"https:\/\/kind.ee\/wp-content\/uploads\/2023\/04\/381615-992x1536.jpg","1536x1536-width":992,"1536x1536-height":1536,"2048x2048":"https:\/\/kind.ee\/wp-content\/uploads\/2023\/04\/381615-1323x2048.jpg","2048x2048-width":1323,"2048x2048-height":2048,"galerii_large":"https:\/\/kind.ee\/wp-content\/uploads\/2023\/04\/381615-800x1238.jpg","galerii_large-width":800,"galerii_large-height":1238,"galerii_large_retina":"https:\/\/kind.ee\/wp-content\/uploads\/2023\/04\/381615-1600x2477.jpg","galerii_large_retina-width":1600,"galerii_large_retina-height":2477,"woocommerce_thumbnail":"https:\/\/kind.ee\/wp-content\/uploads\/2023\/04\/381615-300x300.jpg","woocommerce_thumbnail-width":300,"woocommerce_thumbnail-height":300,"woocommerce_single":"https:\/\/kind.ee\/wp-content\/uploads\/2023\/04\/381615-600x929.jpg","woocommerce_single-width":600,"woocommerce_single-height":929,"woocommerce_gallery_thumbnail":"https:\/\/kind.ee\/wp-content\/uploads\/2023\/04\/381615-100x100.jpg","woocommerce_gallery_thumbnail-width":100,"woocommerce_gallery_thumbnail-height":100}}],"varvikood":false,"varvid-native":447,"varvid-stedman":false,"varvikood-neutral":false,"varvid-sols":false,"midoceani_varvid":false,"purewaste":false,"beechfield-varvid":false,"bagbase":false,"mepal":false}],"tooteinfo":"Keskmise l\u00f5ikega meeste cargo-p\u00fcksid, mis on moodsad ja mugavad. Silt puudub ehk see on lihtsasti personaliseeritav.","mootmed":"","materjal":"","varvus":""},"_links":{"self":[{"href":"https:\/\/kind.ee\/et\/wp-json\/wp\/v2\/product\/8782","targetHints":{"allow":["GET"]}}],"collection":[{"href":"https:\/\/kind.ee\/et\/wp-json\/wp\/v2\/product"}],"about":[{"href":"https:\/\/kind.ee\/et\/wp-json\/wp\/v2\/types\/product"}],"wp:featuredmedia":[{"embeddable":true,"href":"https:\/\/kind.ee\/et\/wp-json\/wp\/v2\/media\/11046"}],"wp:attachment":[{"href":"https:\/\/kind.ee\/et\/wp-json\/wp\/v2\/media?parent=8782"}],"wp:term":[{"taxonomy":"product_brand","embeddable":true,"href":"https:\/\/kind.ee\/et\/wp-json\/wp\/v2\/product_brand?post=8782"},{"taxonomy":"product_cat","embeddable":true,"href":"https:\/\/kind.ee\/et\/wp-json\/wp\/v2\/product_cat?post=8782"},{"taxonomy":"product_tag","embeddable":true,"href":"https:\/\/kind.ee\/et\/wp-json\/wp\/v2\/product_tag?post=8782"}],"curies":[{"name":"wp","href":"https:\/\/api.w.org\/{rel}","templated":true}]}}