{"id":8013,"date":"2023-04-20T08:44:09","date_gmt":"2023-04-20T08:44:09","guid":{"rendered":"https:\/\/kind.ee\/?post_type=product&#038;p=8013"},"modified":"2026-02-26T22:47:02","modified_gmt":"2026-02-26T22:47:02","slug":"nokamuts-pure-waste","status":"publish","type":"product","link":"https:\/\/kind.ee\/et\/toode\/nokamuts-pure-waste\/","title":{"rendered":"nokam\u00fcts Pure Waste"},"content":{"rendered":"","protected":false},"excerpt":{"rendered":"","protected":false},"featured_media":11091,"template":"","meta":[],"product_brand":[],"product_cat":[599,263],"product_tag":[],"class_list":{"0":"post-8013","1":"product","2":"type-product","3":"status-publish","4":"has-post-thumbnail","6":"product_cat-mutsid","7":"product_cat-riided","9":"first","10":"instock","11":"shipping-taxable","12":"purchasable","13":"product-type-simple"},"acf":{"muugi_argumendid":["taaskasutatud materjalist","\u00f6kos\u00f5bralik"],"sertifikaadid":[],"season":["summer: Suve hooaeg"],"loige":"","suuruste_tabel":false,"paksus":"","min_kogus":"5","kangas":"","kanga-info":"60% taaskasutatud puuvill, 40% taaskasutatud pol\u00fcester","toote_pildid_varvide_kaupa":[{"pildid":[{"ID":8024,"id":8024,"title":"purewaste-cap-melange-grey-001-scaled","filename":"purewaste-cap-melange-grey-001-scaled-1.jpg","filesize":183538,"url":"https:\/\/kind.ee\/wp-content\/uploads\/2023\/04\/purewaste-cap-melange-grey-001-scaled-1.jpg","link":"https:\/\/kind.ee\/et\/?attachment_id=8024","alt":"","author":"1","description":"","caption":"","name":"purewaste-cap-melange-grey-001-scaled","status":"inherit","uploaded_to":8013,"date":"2023-04-20 08:33:35","modified":"2023-04-20 08:33:35","menu_order":0,"mime_type":"image\/jpeg","type":"image","subtype":"jpeg","icon":"https:\/\/kind.ee\/wp-includes\/images\/media\/default.png","width":1920,"height":2560,"sizes":{"thumbnail":"https:\/\/kind.ee\/wp-content\/uploads\/2023\/04\/purewaste-cap-melange-grey-001-scaled-1-150x150.jpg","thumbnail-width":150,"thumbnail-height":150,"medium":"https:\/\/kind.ee\/wp-content\/uploads\/2023\/04\/purewaste-cap-melange-grey-001-scaled-1-225x300.jpg","medium-width":225,"medium-height":300,"medium_large":"https:\/\/kind.ee\/wp-content\/uploads\/2023\/04\/purewaste-cap-melange-grey-001-scaled-1-768x1024.jpg","medium_large-width":768,"medium_large-height":1024,"large":"https:\/\/kind.ee\/wp-content\/uploads\/2023\/04\/purewaste-cap-melange-grey-001-scaled-1-768x1024.jpg","large-width":768,"large-height":1024,"1536x1536":"https:\/\/kind.ee\/wp-content\/uploads\/2023\/04\/purewaste-cap-melange-grey-001-scaled-1-1152x1536.jpg","1536x1536-width":1152,"1536x1536-height":1536,"2048x2048":"https:\/\/kind.ee\/wp-content\/uploads\/2023\/04\/purewaste-cap-melange-grey-001-scaled-1-1536x2048.jpg","2048x2048-width":1536,"2048x2048-height":2048,"galerii_large":"https:\/\/kind.ee\/wp-content\/uploads\/2023\/04\/purewaste-cap-melange-grey-001-scaled-1-800x1067.jpg","galerii_large-width":800,"galerii_large-height":1067,"galerii_large_retina":"https:\/\/kind.ee\/wp-content\/uploads\/2023\/04\/purewaste-cap-melange-grey-001-scaled-1-1600x2133.jpg","galerii_large_retina-width":1600,"galerii_large_retina-height":2133,"woocommerce_thumbnail":"https:\/\/kind.ee\/wp-content\/uploads\/2023\/04\/purewaste-cap-melange-grey-001-scaled-1-300x300.jpg","woocommerce_thumbnail-width":300,"woocommerce_thumbnail-height":300,"woocommerce_single":"https:\/\/kind.ee\/wp-content\/uploads\/2023\/04\/purewaste-cap-melange-grey-001-scaled-1-600x800.jpg","woocommerce_single-width":600,"woocommerce_single-height":800,"woocommerce_gallery_thumbnail":"https:\/\/kind.ee\/wp-content\/uploads\/2023\/04\/purewaste-cap-melange-grey-001-scaled-1-100x100.jpg","woocommerce_gallery_thumbnail-width":100,"woocommerce_gallery_thumbnail-height":100}},{"ID":8020,"id":8020,"title":"purewaste-cap-melange-grey-002-scaled","filename":"purewaste-cap-melange-grey-002-scaled-1.jpg","filesize":161039,"url":"https:\/\/kind.ee\/wp-content\/uploads\/2023\/04\/purewaste-cap-melange-grey-002-scaled-1.jpg","link":"https:\/\/kind.ee\/et\/?attachment_id=8020","alt":"","author":"1","description":"","caption":"","name":"purewaste-cap-melange-grey-002-scaled","status":"inherit","uploaded_to":8013,"date":"2023-04-20 08:33:27","modified":"2023-04-20 08:43:02","menu_order":0,"mime_type":"image\/jpeg","type":"image","subtype":"jpeg","icon":"https:\/\/kind.ee\/wp-includes\/images\/media\/default.png","width":1920,"height":2560,"sizes":{"thumbnail":"https:\/\/kind.ee\/wp-content\/uploads\/2023\/04\/purewaste-cap-melange-grey-002-scaled-1-150x150.jpg","thumbnail-width":150,"thumbnail-height":150,"medium":"https:\/\/kind.ee\/wp-content\/uploads\/2023\/04\/purewaste-cap-melange-grey-002-scaled-1-225x300.jpg","medium-width":225,"medium-height":300,"medium_large":"https:\/\/kind.ee\/wp-content\/uploads\/2023\/04\/purewaste-cap-melange-grey-002-scaled-1-768x1024.jpg","medium_large-width":768,"medium_large-height":1024,"large":"https:\/\/kind.ee\/wp-content\/uploads\/2023\/04\/purewaste-cap-melange-grey-002-scaled-1-768x1024.jpg","large-width":768,"large-height":1024,"1536x1536":"https:\/\/kind.ee\/wp-content\/uploads\/2023\/04\/purewaste-cap-melange-grey-002-scaled-1-1152x1536.jpg","1536x1536-width":1152,"1536x1536-height":1536,"2048x2048":"https:\/\/kind.ee\/wp-content\/uploads\/2023\/04\/purewaste-cap-melange-grey-002-scaled-1-1536x2048.jpg","2048x2048-width":1536,"2048x2048-height":2048,"galerii_large":"https:\/\/kind.ee\/wp-content\/uploads\/2023\/04\/purewaste-cap-melange-grey-002-scaled-1-800x1067.jpg","galerii_large-width":800,"galerii_large-height":1067,"galerii_large_retina":"https:\/\/kind.ee\/wp-content\/uploads\/2023\/04\/purewaste-cap-melange-grey-002-scaled-1-1600x2133.jpg","galerii_large_retina-width":1600,"galerii_large_retina-height":2133,"woocommerce_thumbnail":"https:\/\/kind.ee\/wp-content\/uploads\/2023\/04\/purewaste-cap-melange-grey-002-scaled-1-300x300.jpg","woocommerce_thumbnail-width":300,"woocommerce_thumbnail-height":300,"woocommerce_single":"https:\/\/kind.ee\/wp-content\/uploads\/2023\/04\/purewaste-cap-melange-grey-002-scaled-1-600x800.jpg","woocommerce_single-width":600,"woocommerce_single-height":800,"woocommerce_gallery_thumbnail":"https:\/\/kind.ee\/wp-content\/uploads\/2023\/04\/purewaste-cap-melange-grey-002-scaled-1-100x100.jpg","woocommerce_gallery_thumbnail-width":100,"woocommerce_gallery_thumbnail-height":100}},{"ID":8022,"id":8022,"title":"purewaste-cap-melange-grey-003_1-scaled","filename":"purewaste-cap-melange-grey-003_1-scaled-1.jpg","filesize":127929,"url":"https:\/\/kind.ee\/wp-content\/uploads\/2023\/04\/purewaste-cap-melange-grey-003_1-scaled-1.jpg","link":"https:\/\/kind.ee\/et\/?attachment_id=8022","alt":"","author":"1","description":"","caption":"","name":"purewaste-cap-melange-grey-003_1-scaled","status":"inherit","uploaded_to":8013,"date":"2023-04-20 08:33:31","modified":"2023-04-20 08:33:31","menu_order":0,"mime_type":"image\/jpeg","type":"image","subtype":"jpeg","icon":"https:\/\/kind.ee\/wp-includes\/images\/media\/default.png","width":1920,"height":2560,"sizes":{"thumbnail":"https:\/\/kind.ee\/wp-content\/uploads\/2023\/04\/purewaste-cap-melange-grey-003_1-scaled-1-150x150.jpg","thumbnail-width":150,"thumbnail-height":150,"medium":"https:\/\/kind.ee\/wp-content\/uploads\/2023\/04\/purewaste-cap-melange-grey-003_1-scaled-1-225x300.jpg","medium-width":225,"medium-height":300,"medium_large":"https:\/\/kind.ee\/wp-content\/uploads\/2023\/04\/purewaste-cap-melange-grey-003_1-scaled-1-768x1024.jpg","medium_large-width":768,"medium_large-height":1024,"large":"https:\/\/kind.ee\/wp-content\/uploads\/2023\/04\/purewaste-cap-melange-grey-003_1-scaled-1-768x1024.jpg","large-width":768,"large-height":1024,"1536x1536":"https:\/\/kind.ee\/wp-content\/uploads\/2023\/04\/purewaste-cap-melange-grey-003_1-scaled-1-1152x1536.jpg","1536x1536-width":1152,"1536x1536-height":1536,"2048x2048":"https:\/\/kind.ee\/wp-content\/uploads\/2023\/04\/purewaste-cap-melange-grey-003_1-scaled-1-1536x2048.jpg","2048x2048-width":1536,"2048x2048-height":2048,"galerii_large":"https:\/\/kind.ee\/wp-content\/uploads\/2023\/04\/purewaste-cap-melange-grey-003_1-scaled-1-800x1067.jpg","galerii_large-width":800,"galerii_large-height":1067,"galerii_large_retina":"https:\/\/kind.ee\/wp-content\/uploads\/2023\/04\/purewaste-cap-melange-grey-003_1-scaled-1-1600x2133.jpg","galerii_large_retina-width":1600,"galerii_large_retina-height":2133,"woocommerce_thumbnail":"https:\/\/kind.ee\/wp-content\/uploads\/2023\/04\/purewaste-cap-melange-grey-003_1-scaled-1-300x300.jpg","woocommerce_thumbnail-width":300,"woocommerce_thumbnail-height":300,"woocommerce_single":"https:\/\/kind.ee\/wp-content\/uploads\/2023\/04\/purewaste-cap-melange-grey-003_1-scaled-1-600x800.jpg","woocommerce_single-width":600,"woocommerce_single-height":800,"woocommerce_gallery_thumbnail":"https:\/\/kind.ee\/wp-content\/uploads\/2023\/04\/purewaste-cap-melange-grey-003_1-scaled-1-100x100.jpg","woocommerce_gallery_thumbnail-width":100,"woocommerce_gallery_thumbnail-height":100}}],"varvikood":false,"varvid-native":false,"varvid-stedman":false,"varvikood-neutral":553,"varvid-sols":false,"midoceani_varvid":false,"purewaste":false,"beechfield-varvid":false,"bagbase":false,"mepal":false},{"pildid":[{"ID":8030,"id":8030,"title":"purewaste-cap-black-001-scaled","filename":"purewaste-cap-black-001-scaled-1.jpg","filesize":37388,"url":"https:\/\/kind.ee\/wp-content\/uploads\/2023\/04\/purewaste-cap-black-001-scaled-1.jpg","link":"https:\/\/kind.ee\/et\/?attachment_id=8030","alt":"","author":"1","description":"","caption":"","name":"purewaste-cap-black-001-scaled","status":"inherit","uploaded_to":8013,"date":"2023-04-20 08:33:47","modified":"2023-04-20 08:33:47","menu_order":0,"mime_type":"image\/jpeg","type":"image","subtype":"jpeg","icon":"https:\/\/kind.ee\/wp-includes\/images\/media\/default.png","width":1920,"height":2560,"sizes":{"thumbnail":"https:\/\/kind.ee\/wp-content\/uploads\/2023\/04\/purewaste-cap-black-001-scaled-1-150x150.jpg","thumbnail-width":150,"thumbnail-height":150,"medium":"https:\/\/kind.ee\/wp-content\/uploads\/2023\/04\/purewaste-cap-black-001-scaled-1-225x300.jpg","medium-width":225,"medium-height":300,"medium_large":"https:\/\/kind.ee\/wp-content\/uploads\/2023\/04\/purewaste-cap-black-001-scaled-1-768x1024.jpg","medium_large-width":768,"medium_large-height":1024,"large":"https:\/\/kind.ee\/wp-content\/uploads\/2023\/04\/purewaste-cap-black-001-scaled-1-768x1024.jpg","large-width":768,"large-height":1024,"1536x1536":"https:\/\/kind.ee\/wp-content\/uploads\/2023\/04\/purewaste-cap-black-001-scaled-1-1152x1536.jpg","1536x1536-width":1152,"1536x1536-height":1536,"2048x2048":"https:\/\/kind.ee\/wp-content\/uploads\/2023\/04\/purewaste-cap-black-001-scaled-1-1536x2048.jpg","2048x2048-width":1536,"2048x2048-height":2048,"galerii_large":"https:\/\/kind.ee\/wp-content\/uploads\/2023\/04\/purewaste-cap-black-001-scaled-1-800x1067.jpg","galerii_large-width":800,"galerii_large-height":1067,"galerii_large_retina":"https:\/\/kind.ee\/wp-content\/uploads\/2023\/04\/purewaste-cap-black-001-scaled-1-1600x2133.jpg","galerii_large_retina-width":1600,"galerii_large_retina-height":2133,"woocommerce_thumbnail":"https:\/\/kind.ee\/wp-content\/uploads\/2023\/04\/purewaste-cap-black-001-scaled-1-300x300.jpg","woocommerce_thumbnail-width":300,"woocommerce_thumbnail-height":300,"woocommerce_single":"https:\/\/kind.ee\/wp-content\/uploads\/2023\/04\/purewaste-cap-black-001-scaled-1-600x800.jpg","woocommerce_single-width":600,"woocommerce_single-height":800,"woocommerce_gallery_thumbnail":"https:\/\/kind.ee\/wp-content\/uploads\/2023\/04\/purewaste-cap-black-001-scaled-1-100x100.jpg","woocommerce_gallery_thumbnail-width":100,"woocommerce_gallery_thumbnail-height":100}},{"ID":8026,"id":8026,"title":"purewaste-cap-black-002-scaled","filename":"purewaste-cap-black-002-scaled-1.jpg","filesize":32695,"url":"https:\/\/kind.ee\/wp-content\/uploads\/2023\/04\/purewaste-cap-black-002-scaled-1.jpg","link":"https:\/\/kind.ee\/et\/?attachment_id=8026","alt":"","author":"1","description":"","caption":"","name":"purewaste-cap-black-002-scaled","status":"inherit","uploaded_to":8013,"date":"2023-04-20 08:33:39","modified":"2023-04-20 08:43:17","menu_order":0,"mime_type":"image\/jpeg","type":"image","subtype":"jpeg","icon":"https:\/\/kind.ee\/wp-includes\/images\/media\/default.png","width":1920,"height":2560,"sizes":{"thumbnail":"https:\/\/kind.ee\/wp-content\/uploads\/2023\/04\/purewaste-cap-black-002-scaled-1-150x150.jpg","thumbnail-width":150,"thumbnail-height":150,"medium":"https:\/\/kind.ee\/wp-content\/uploads\/2023\/04\/purewaste-cap-black-002-scaled-1-225x300.jpg","medium-width":225,"medium-height":300,"medium_large":"https:\/\/kind.ee\/wp-content\/uploads\/2023\/04\/purewaste-cap-black-002-scaled-1-768x1024.jpg","medium_large-width":768,"medium_large-height":1024,"large":"https:\/\/kind.ee\/wp-content\/uploads\/2023\/04\/purewaste-cap-black-002-scaled-1-768x1024.jpg","large-width":768,"large-height":1024,"1536x1536":"https:\/\/kind.ee\/wp-content\/uploads\/2023\/04\/purewaste-cap-black-002-scaled-1-1152x1536.jpg","1536x1536-width":1152,"1536x1536-height":1536,"2048x2048":"https:\/\/kind.ee\/wp-content\/uploads\/2023\/04\/purewaste-cap-black-002-scaled-1-1536x2048.jpg","2048x2048-width":1536,"2048x2048-height":2048,"galerii_large":"https:\/\/kind.ee\/wp-content\/uploads\/2023\/04\/purewaste-cap-black-002-scaled-1-800x1067.jpg","galerii_large-width":800,"galerii_large-height":1067,"galerii_large_retina":"https:\/\/kind.ee\/wp-content\/uploads\/2023\/04\/purewaste-cap-black-002-scaled-1-1600x2133.jpg","galerii_large_retina-width":1600,"galerii_large_retina-height":2133,"woocommerce_thumbnail":"https:\/\/kind.ee\/wp-content\/uploads\/2023\/04\/purewaste-cap-black-002-scaled-1-300x300.jpg","woocommerce_thumbnail-width":300,"woocommerce_thumbnail-height":300,"woocommerce_single":"https:\/\/kind.ee\/wp-content\/uploads\/2023\/04\/purewaste-cap-black-002-scaled-1-600x800.jpg","woocommerce_single-width":600,"woocommerce_single-height":800,"woocommerce_gallery_thumbnail":"https:\/\/kind.ee\/wp-content\/uploads\/2023\/04\/purewaste-cap-black-002-scaled-1-100x100.jpg","woocommerce_gallery_thumbnail-width":100,"woocommerce_gallery_thumbnail-height":100}},{"ID":8028,"id":8028,"title":"purewaste-cap-black-003-scaled","filename":"purewaste-cap-black-003-scaled-1.jpg","filesize":34155,"url":"https:\/\/kind.ee\/wp-content\/uploads\/2023\/04\/purewaste-cap-black-003-scaled-1.jpg","link":"https:\/\/kind.ee\/et\/?attachment_id=8028","alt":"","author":"1","description":"","caption":"","name":"purewaste-cap-black-003-scaled","status":"inherit","uploaded_to":8013,"date":"2023-04-20 08:33:43","modified":"2023-04-20 08:33:43","menu_order":0,"mime_type":"image\/jpeg","type":"image","subtype":"jpeg","icon":"https:\/\/kind.ee\/wp-includes\/images\/media\/default.png","width":1920,"height":2560,"sizes":{"thumbnail":"https:\/\/kind.ee\/wp-content\/uploads\/2023\/04\/purewaste-cap-black-003-scaled-1-150x150.jpg","thumbnail-width":150,"thumbnail-height":150,"medium":"https:\/\/kind.ee\/wp-content\/uploads\/2023\/04\/purewaste-cap-black-003-scaled-1-225x300.jpg","medium-width":225,"medium-height":300,"medium_large":"https:\/\/kind.ee\/wp-content\/uploads\/2023\/04\/purewaste-cap-black-003-scaled-1-768x1024.jpg","medium_large-width":768,"medium_large-height":1024,"large":"https:\/\/kind.ee\/wp-content\/uploads\/2023\/04\/purewaste-cap-black-003-scaled-1-768x1024.jpg","large-width":768,"large-height":1024,"1536x1536":"https:\/\/kind.ee\/wp-content\/uploads\/2023\/04\/purewaste-cap-black-003-scaled-1-1152x1536.jpg","1536x1536-width":1152,"1536x1536-height":1536,"2048x2048":"https:\/\/kind.ee\/wp-content\/uploads\/2023\/04\/purewaste-cap-black-003-scaled-1-1536x2048.jpg","2048x2048-width":1536,"2048x2048-height":2048,"galerii_large":"https:\/\/kind.ee\/wp-content\/uploads\/2023\/04\/purewaste-cap-black-003-scaled-1-800x1067.jpg","galerii_large-width":800,"galerii_large-height":1067,"galerii_large_retina":"https:\/\/kind.ee\/wp-content\/uploads\/2023\/04\/purewaste-cap-black-003-scaled-1-1600x2133.jpg","galerii_large_retina-width":1600,"galerii_large_retina-height":2133,"woocommerce_thumbnail":"https:\/\/kind.ee\/wp-content\/uploads\/2023\/04\/purewaste-cap-black-003-scaled-1-300x300.jpg","woocommerce_thumbnail-width":300,"woocommerce_thumbnail-height":300,"woocommerce_single":"https:\/\/kind.ee\/wp-content\/uploads\/2023\/04\/purewaste-cap-black-003-scaled-1-600x800.jpg","woocommerce_single-width":600,"woocommerce_single-height":800,"woocommerce_gallery_thumbnail":"https:\/\/kind.ee\/wp-content\/uploads\/2023\/04\/purewaste-cap-black-003-scaled-1-100x100.jpg","woocommerce_gallery_thumbnail-width":100,"woocommerce_gallery_thumbnail-height":100}}],"varvikood":false,"varvid-native":false,"varvid-stedman":false,"varvikood-neutral":581,"varvid-sols":false,"midoceani_varvid":false,"purewaste":false,"beechfield-varvid":false,"bagbase":false,"mepal":false},{"pildid":[{"ID":8018,"id":8018,"title":"purewaste-cap-navy-001-scaled","filename":"purewaste-cap-navy-001-scaled-1.jpg","filesize":148005,"url":"https:\/\/kind.ee\/wp-content\/uploads\/2023\/04\/purewaste-cap-navy-001-scaled-1.jpg","link":"https:\/\/kind.ee\/et\/?attachment_id=8018","alt":"","author":"1","description":"","caption":"","name":"purewaste-cap-navy-001-scaled","status":"inherit","uploaded_to":8013,"date":"2023-04-20 08:33:23","modified":"2023-04-20 08:33:23","menu_order":0,"mime_type":"image\/jpeg","type":"image","subtype":"jpeg","icon":"https:\/\/kind.ee\/wp-includes\/images\/media\/default.png","width":1920,"height":2560,"sizes":{"thumbnail":"https:\/\/kind.ee\/wp-content\/uploads\/2023\/04\/purewaste-cap-navy-001-scaled-1-150x150.jpg","thumbnail-width":150,"thumbnail-height":150,"medium":"https:\/\/kind.ee\/wp-content\/uploads\/2023\/04\/purewaste-cap-navy-001-scaled-1-225x300.jpg","medium-width":225,"medium-height":300,"medium_large":"https:\/\/kind.ee\/wp-content\/uploads\/2023\/04\/purewaste-cap-navy-001-scaled-1-768x1024.jpg","medium_large-width":768,"medium_large-height":1024,"large":"https:\/\/kind.ee\/wp-content\/uploads\/2023\/04\/purewaste-cap-navy-001-scaled-1-768x1024.jpg","large-width":768,"large-height":1024,"1536x1536":"https:\/\/kind.ee\/wp-content\/uploads\/2023\/04\/purewaste-cap-navy-001-scaled-1-1152x1536.jpg","1536x1536-width":1152,"1536x1536-height":1536,"2048x2048":"https:\/\/kind.ee\/wp-content\/uploads\/2023\/04\/purewaste-cap-navy-001-scaled-1-1536x2048.jpg","2048x2048-width":1536,"2048x2048-height":2048,"galerii_large":"https:\/\/kind.ee\/wp-content\/uploads\/2023\/04\/purewaste-cap-navy-001-scaled-1-800x1067.jpg","galerii_large-width":800,"galerii_large-height":1067,"galerii_large_retina":"https:\/\/kind.ee\/wp-content\/uploads\/2023\/04\/purewaste-cap-navy-001-scaled-1-1600x2133.jpg","galerii_large_retina-width":1600,"galerii_large_retina-height":2133,"woocommerce_thumbnail":"https:\/\/kind.ee\/wp-content\/uploads\/2023\/04\/purewaste-cap-navy-001-scaled-1-300x300.jpg","woocommerce_thumbnail-width":300,"woocommerce_thumbnail-height":300,"woocommerce_single":"https:\/\/kind.ee\/wp-content\/uploads\/2023\/04\/purewaste-cap-navy-001-scaled-1-600x800.jpg","woocommerce_single-width":600,"woocommerce_single-height":800,"woocommerce_gallery_thumbnail":"https:\/\/kind.ee\/wp-content\/uploads\/2023\/04\/purewaste-cap-navy-001-scaled-1-100x100.jpg","woocommerce_gallery_thumbnail-width":100,"woocommerce_gallery_thumbnail-height":100}},{"ID":8014,"id":8014,"title":"purewaste-cap-navy-002-scaled","filename":"purewaste-cap-navy-002-scaled-1.jpg","filesize":137657,"url":"https:\/\/kind.ee\/wp-content\/uploads\/2023\/04\/purewaste-cap-navy-002-scaled-1.jpg","link":"https:\/\/kind.ee\/et\/?attachment_id=8014","alt":"","author":"1","description":"","caption":"","name":"purewaste-cap-navy-002-scaled","status":"inherit","uploaded_to":8013,"date":"2023-04-20 08:33:15","modified":"2023-04-20 08:43:30","menu_order":0,"mime_type":"image\/jpeg","type":"image","subtype":"jpeg","icon":"https:\/\/kind.ee\/wp-includes\/images\/media\/default.png","width":1920,"height":2560,"sizes":{"thumbnail":"https:\/\/kind.ee\/wp-content\/uploads\/2023\/04\/purewaste-cap-navy-002-scaled-1-150x150.jpg","thumbnail-width":150,"thumbnail-height":150,"medium":"https:\/\/kind.ee\/wp-content\/uploads\/2023\/04\/purewaste-cap-navy-002-scaled-1-225x300.jpg","medium-width":225,"medium-height":300,"medium_large":"https:\/\/kind.ee\/wp-content\/uploads\/2023\/04\/purewaste-cap-navy-002-scaled-1-768x1024.jpg","medium_large-width":768,"medium_large-height":1024,"large":"https:\/\/kind.ee\/wp-content\/uploads\/2023\/04\/purewaste-cap-navy-002-scaled-1-768x1024.jpg","large-width":768,"large-height":1024,"1536x1536":"https:\/\/kind.ee\/wp-content\/uploads\/2023\/04\/purewaste-cap-navy-002-scaled-1-1152x1536.jpg","1536x1536-width":1152,"1536x1536-height":1536,"2048x2048":"https:\/\/kind.ee\/wp-content\/uploads\/2023\/04\/purewaste-cap-navy-002-scaled-1-1536x2048.jpg","2048x2048-width":1536,"2048x2048-height":2048,"galerii_large":"https:\/\/kind.ee\/wp-content\/uploads\/2023\/04\/purewaste-cap-navy-002-scaled-1-800x1067.jpg","galerii_large-width":800,"galerii_large-height":1067,"galerii_large_retina":"https:\/\/kind.ee\/wp-content\/uploads\/2023\/04\/purewaste-cap-navy-002-scaled-1-1600x2133.jpg","galerii_large_retina-width":1600,"galerii_large_retina-height":2133,"woocommerce_thumbnail":"https:\/\/kind.ee\/wp-content\/uploads\/2023\/04\/purewaste-cap-navy-002-scaled-1-300x300.jpg","woocommerce_thumbnail-width":300,"woocommerce_thumbnail-height":300,"woocommerce_single":"https:\/\/kind.ee\/wp-content\/uploads\/2023\/04\/purewaste-cap-navy-002-scaled-1-600x800.jpg","woocommerce_single-width":600,"woocommerce_single-height":800,"woocommerce_gallery_thumbnail":"https:\/\/kind.ee\/wp-content\/uploads\/2023\/04\/purewaste-cap-navy-002-scaled-1-100x100.jpg","woocommerce_gallery_thumbnail-width":100,"woocommerce_gallery_thumbnail-height":100}},{"ID":8016,"id":8016,"title":"purewaste-cap-navy-003-scaled","filename":"purewaste-cap-navy-003-scaled-1.jpg","filesize":116822,"url":"https:\/\/kind.ee\/wp-content\/uploads\/2023\/04\/purewaste-cap-navy-003-scaled-1.jpg","link":"https:\/\/kind.ee\/et\/?attachment_id=8016","alt":"","author":"1","description":"","caption":"","name":"purewaste-cap-navy-003-scaled","status":"inherit","uploaded_to":8013,"date":"2023-04-20 08:33:19","modified":"2023-04-20 08:33:19","menu_order":0,"mime_type":"image\/jpeg","type":"image","subtype":"jpeg","icon":"https:\/\/kind.ee\/wp-includes\/images\/media\/default.png","width":1920,"height":2560,"sizes":{"thumbnail":"https:\/\/kind.ee\/wp-content\/uploads\/2023\/04\/purewaste-cap-navy-003-scaled-1-150x150.jpg","thumbnail-width":150,"thumbnail-height":150,"medium":"https:\/\/kind.ee\/wp-content\/uploads\/2023\/04\/purewaste-cap-navy-003-scaled-1-225x300.jpg","medium-width":225,"medium-height":300,"medium_large":"https:\/\/kind.ee\/wp-content\/uploads\/2023\/04\/purewaste-cap-navy-003-scaled-1-768x1024.jpg","medium_large-width":768,"medium_large-height":1024,"large":"https:\/\/kind.ee\/wp-content\/uploads\/2023\/04\/purewaste-cap-navy-003-scaled-1-768x1024.jpg","large-width":768,"large-height":1024,"1536x1536":"https:\/\/kind.ee\/wp-content\/uploads\/2023\/04\/purewaste-cap-navy-003-scaled-1-1152x1536.jpg","1536x1536-width":1152,"1536x1536-height":1536,"2048x2048":"https:\/\/kind.ee\/wp-content\/uploads\/2023\/04\/purewaste-cap-navy-003-scaled-1-1536x2048.jpg","2048x2048-width":1536,"2048x2048-height":2048,"galerii_large":"https:\/\/kind.ee\/wp-content\/uploads\/2023\/04\/purewaste-cap-navy-003-scaled-1-800x1067.jpg","galerii_large-width":800,"galerii_large-height":1067,"galerii_large_retina":"https:\/\/kind.ee\/wp-content\/uploads\/2023\/04\/purewaste-cap-navy-003-scaled-1-1600x2133.jpg","galerii_large_retina-width":1600,"galerii_large_retina-height":2133,"woocommerce_thumbnail":"https:\/\/kind.ee\/wp-content\/uploads\/2023\/04\/purewaste-cap-navy-003-scaled-1-300x300.jpg","woocommerce_thumbnail-width":300,"woocommerce_thumbnail-height":300,"woocommerce_single":"https:\/\/kind.ee\/wp-content\/uploads\/2023\/04\/purewaste-cap-navy-003-scaled-1-600x800.jpg","woocommerce_single-width":600,"woocommerce_single-height":800,"woocommerce_gallery_thumbnail":"https:\/\/kind.ee\/wp-content\/uploads\/2023\/04\/purewaste-cap-navy-003-scaled-1-100x100.jpg","woocommerce_gallery_thumbnail-width":100,"woocommerce_gallery_thumbnail-height":100}}],"varvikood":false,"varvid-native":false,"varvid-stedman":false,"varvikood-neutral":585,"varvid-sols":false,"midoceani_varvid":false,"purewaste":false,"beechfield-varvid":false,"bagbase":false,"mepal":false}],"tooteinfo":"Pehmest materjalist nokam\u00fcts, millel on kumer nokk ning taga pingutusn\u00f6\u00f6r, mis v\u00f5imaldab suurust reguleerida.","mootmed":"","materjal":"","varvus":""},"_links":{"self":[{"href":"https:\/\/kind.ee\/et\/wp-json\/wp\/v2\/product\/8013","targetHints":{"allow":["GET"]}}],"collection":[{"href":"https:\/\/kind.ee\/et\/wp-json\/wp\/v2\/product"}],"about":[{"href":"https:\/\/kind.ee\/et\/wp-json\/wp\/v2\/types\/product"}],"wp:featuredmedia":[{"embeddable":true,"href":"https:\/\/kind.ee\/et\/wp-json\/wp\/v2\/media\/11091"}],"wp:attachment":[{"href":"https:\/\/kind.ee\/et\/wp-json\/wp\/v2\/media?parent=8013"}],"wp:term":[{"taxonomy":"product_brand","embeddable":true,"href":"https:\/\/kind.ee\/et\/wp-json\/wp\/v2\/product_brand?post=8013"},{"taxonomy":"product_cat","embeddable":true,"href":"https:\/\/kind.ee\/et\/wp-json\/wp\/v2\/product_cat?post=8013"},{"taxonomy":"product_tag","embeddable":true,"href":"https:\/\/kind.ee\/et\/wp-json\/wp\/v2\/product_tag?post=8013"}],"curies":[{"name":"wp","href":"https:\/\/api.w.org\/{rel}","templated":true}]}}