{"id":7730,"date":"2023-04-19T11:30:10","date_gmt":"2023-04-19T11:30:10","guid":{"rendered":"https:\/\/kind.ee\/?post_type=product&#038;p=7730"},"modified":"2025-06-10T10:01:24","modified_gmt":"2025-06-10T10:01:24","slug":"varvikas-poekott","status":"publish","type":"product","link":"https:\/\/kind.ee\/et\/toode\/varvikas-poekott\/","title":{"rendered":"v\u00e4rvikas poekott"},"content":{"rendered":"","protected":false},"excerpt":{"rendered":"","protected":false},"featured_media":7739,"template":"","meta":[],"product_brand":[],"product_cat":[859,598],"product_tag":[],"class_list":{"0":"post-7730","1":"product","2":"type-product","3":"status-publish","4":"has-post-thumbnail","6":"product_cat-kangaskotid","7":"product_cat-kotid","9":"first","10":"instock","11":"shipping-taxable","12":"purchasable","13":"product-type-simple"},"acf":{"muugi_argumendid":["disaintoode","\u00f6kos\u00f5bralik"],"sertifikaadid":["OEKO-Tex","EU Ecolabel","Fairtrade","Orgaaniline materjal"],"season":[],"loige":"","suuruste_tabel":{"ID":7728,"id":7728,"title":"kott_suurus","filename":"kott_suurus.jpg","filesize":10423,"url":"https:\/\/kind.ee\/wp-content\/uploads\/2023\/04\/kott_suurus.jpg","link":"https:\/\/kind.ee\/et\/?attachment_id=7728","alt":"","author":"1","description":"","caption":"","name":"kott_suurus","status":"inherit","uploaded_to":7721,"date":"2023-04-19 10:50:29","modified":"2023-04-19 10:50:29","menu_order":0,"mime_type":"image\/jpeg","type":"image","subtype":"jpeg","icon":"https:\/\/kind.ee\/wp-includes\/images\/media\/default.png","width":500,"height":85,"sizes":{"thumbnail":"https:\/\/kind.ee\/wp-content\/uploads\/2023\/04\/kott_suurus-150x85.jpg","thumbnail-width":150,"thumbnail-height":85,"medium":"https:\/\/kind.ee\/wp-content\/uploads\/2023\/04\/kott_suurus-300x51.jpg","medium-width":300,"medium-height":51,"medium_large":"https:\/\/kind.ee\/wp-content\/uploads\/2023\/04\/kott_suurus.jpg","medium_large-width":500,"medium_large-height":85,"large":"https:\/\/kind.ee\/wp-content\/uploads\/2023\/04\/kott_suurus.jpg","large-width":500,"large-height":85,"1536x1536":"https:\/\/kind.ee\/wp-content\/uploads\/2023\/04\/kott_suurus.jpg","1536x1536-width":500,"1536x1536-height":85,"2048x2048":"https:\/\/kind.ee\/wp-content\/uploads\/2023\/04\/kott_suurus.jpg","2048x2048-width":500,"2048x2048-height":85,"galerii_large":"https:\/\/kind.ee\/wp-content\/uploads\/2023\/04\/kott_suurus.jpg","galerii_large-width":500,"galerii_large-height":85,"galerii_large_retina":"https:\/\/kind.ee\/wp-content\/uploads\/2023\/04\/kott_suurus.jpg","galerii_large_retina-width":500,"galerii_large_retina-height":85,"woocommerce_thumbnail":"https:\/\/kind.ee\/wp-content\/uploads\/2023\/04\/kott_suurus-300x85.jpg","woocommerce_thumbnail-width":300,"woocommerce_thumbnail-height":85,"woocommerce_single":"https:\/\/kind.ee\/wp-content\/uploads\/2023\/04\/kott_suurus.jpg","woocommerce_single-width":500,"woocommerce_single-height":85,"woocommerce_gallery_thumbnail":"https:\/\/kind.ee\/wp-content\/uploads\/2023\/04\/kott_suurus-100x85.jpg","woocommerce_gallery_thumbnail-width":100,"woocommerce_gallery_thumbnail-height":85}},"paksus":"210","min_kogus":"5","kangas":"Puuvill","kanga-info":"100% orgaaniline puuvill","toote_pildid_varvide_kaupa":[{"pildid":[{"ID":7731,"id":7731,"title":"O90002_BLA","filename":"O90002_BLA-scaled.jpg","filesize":117033,"url":"https:\/\/kind.ee\/wp-content\/uploads\/2023\/04\/O90002_BLA-scaled.jpg","link":"https:\/\/kind.ee\/et\/?attachment_id=7731","alt":"","author":"1","description":"","caption":"","name":"o90002_bla","status":"inherit","uploaded_to":7730,"date":"2023-04-19 11:23:51","modified":"2023-04-19 11:28:11","menu_order":0,"mime_type":"image\/jpeg","type":"image","subtype":"jpeg","icon":"https:\/\/kind.ee\/wp-includes\/images\/media\/default.png","width":1969,"height":2560,"sizes":{"thumbnail":"https:\/\/kind.ee\/wp-content\/uploads\/2023\/04\/O90002_BLA-150x150.jpg","thumbnail-width":150,"thumbnail-height":150,"medium":"https:\/\/kind.ee\/wp-content\/uploads\/2023\/04\/O90002_BLA-231x300.jpg","medium-width":231,"medium-height":300,"medium_large":"https:\/\/kind.ee\/wp-content\/uploads\/2023\/04\/O90002_BLA-768x998.jpg","medium_large-width":768,"medium_large-height":998,"large":"https:\/\/kind.ee\/wp-content\/uploads\/2023\/04\/O90002_BLA-788x1024.jpg","large-width":788,"large-height":1024,"1536x1536":"https:\/\/kind.ee\/wp-content\/uploads\/2023\/04\/O90002_BLA-1182x1536.jpg","1536x1536-width":1182,"1536x1536-height":1536,"2048x2048":"https:\/\/kind.ee\/wp-content\/uploads\/2023\/04\/O90002_BLA-1575x2048.jpg","2048x2048-width":1575,"2048x2048-height":2048,"galerii_large":"https:\/\/kind.ee\/wp-content\/uploads\/2023\/04\/O90002_BLA-800x1040.jpg","galerii_large-width":800,"galerii_large-height":1040,"galerii_large_retina":"https:\/\/kind.ee\/wp-content\/uploads\/2023\/04\/O90002_BLA-1600x2080.jpg","galerii_large_retina-width":1600,"galerii_large_retina-height":2080,"woocommerce_thumbnail":"https:\/\/kind.ee\/wp-content\/uploads\/2023\/04\/O90002_BLA-300x300.jpg","woocommerce_thumbnail-width":300,"woocommerce_thumbnail-height":300,"woocommerce_single":"https:\/\/kind.ee\/wp-content\/uploads\/2023\/04\/O90002_BLA-600x780.jpg","woocommerce_single-width":600,"woocommerce_single-height":780,"woocommerce_gallery_thumbnail":"https:\/\/kind.ee\/wp-content\/uploads\/2023\/04\/O90002_BLA-100x100.jpg","woocommerce_gallery_thumbnail-width":100,"woocommerce_gallery_thumbnail-height":100}}],"varvikood":false,"varvid-native":false,"varvid-stedman":false,"varvikood-neutral":581,"varvid-sols":false,"midoceani_varvid":false,"purewaste":false,"beechfield-varvid":false,"bagbase":false,"mepal":false},{"pildid":[{"ID":7737,"id":7737,"title":"O90002_NAV","filename":"O90002_NAV-scaled.jpg","filesize":117342,"url":"https:\/\/kind.ee\/wp-content\/uploads\/2023\/04\/O90002_NAV-scaled.jpg","link":"https:\/\/kind.ee\/et\/?attachment_id=7737","alt":"","author":"1","description":"","caption":"","name":"o90002_nav","status":"inherit","uploaded_to":7730,"date":"2023-04-19 11:24:11","modified":"2023-04-19 11:28:23","menu_order":0,"mime_type":"image\/jpeg","type":"image","subtype":"jpeg","icon":"https:\/\/kind.ee\/wp-includes\/images\/media\/default.png","width":1969,"height":2560,"sizes":{"thumbnail":"https:\/\/kind.ee\/wp-content\/uploads\/2023\/04\/O90002_NAV-150x150.jpg","thumbnail-width":150,"thumbnail-height":150,"medium":"https:\/\/kind.ee\/wp-content\/uploads\/2023\/04\/O90002_NAV-231x300.jpg","medium-width":231,"medium-height":300,"medium_large":"https:\/\/kind.ee\/wp-content\/uploads\/2023\/04\/O90002_NAV-768x998.jpg","medium_large-width":768,"medium_large-height":998,"large":"https:\/\/kind.ee\/wp-content\/uploads\/2023\/04\/O90002_NAV-788x1024.jpg","large-width":788,"large-height":1024,"1536x1536":"https:\/\/kind.ee\/wp-content\/uploads\/2023\/04\/O90002_NAV-1182x1536.jpg","1536x1536-width":1182,"1536x1536-height":1536,"2048x2048":"https:\/\/kind.ee\/wp-content\/uploads\/2023\/04\/O90002_NAV-1575x2048.jpg","2048x2048-width":1575,"2048x2048-height":2048,"galerii_large":"https:\/\/kind.ee\/wp-content\/uploads\/2023\/04\/O90002_NAV-800x1040.jpg","galerii_large-width":800,"galerii_large-height":1040,"galerii_large_retina":"https:\/\/kind.ee\/wp-content\/uploads\/2023\/04\/O90002_NAV-1600x2080.jpg","galerii_large_retina-width":1600,"galerii_large_retina-height":2080,"woocommerce_thumbnail":"https:\/\/kind.ee\/wp-content\/uploads\/2023\/04\/O90002_NAV-300x300.jpg","woocommerce_thumbnail-width":300,"woocommerce_thumbnail-height":300,"woocommerce_single":"https:\/\/kind.ee\/wp-content\/uploads\/2023\/04\/O90002_NAV-600x780.jpg","woocommerce_single-width":600,"woocommerce_single-height":780,"woocommerce_gallery_thumbnail":"https:\/\/kind.ee\/wp-content\/uploads\/2023\/04\/O90002_NAV-100x100.jpg","woocommerce_gallery_thumbnail-width":100,"woocommerce_gallery_thumbnail-height":100}}],"varvikood":false,"varvid-native":false,"varvid-stedman":false,"varvikood-neutral":585,"varvid-sols":false,"midoceani_varvid":false,"purewaste":false,"beechfield-varvid":false,"bagbase":false,"mepal":false},{"pildid":[{"ID":7735,"id":7735,"title":"O90002_MIL","filename":"O90002_MIL-scaled.jpg","filesize":120323,"url":"https:\/\/kind.ee\/wp-content\/uploads\/2023\/04\/O90002_MIL-scaled.jpg","link":"https:\/\/kind.ee\/et\/?attachment_id=7735","alt":"","author":"1","description":"","caption":"","name":"o90002_mil","status":"inherit","uploaded_to":7730,"date":"2023-04-19 11:24:03","modified":"2023-04-19 11:28:34","menu_order":0,"mime_type":"image\/jpeg","type":"image","subtype":"jpeg","icon":"https:\/\/kind.ee\/wp-includes\/images\/media\/default.png","width":1969,"height":2560,"sizes":{"thumbnail":"https:\/\/kind.ee\/wp-content\/uploads\/2023\/04\/O90002_MIL-150x150.jpg","thumbnail-width":150,"thumbnail-height":150,"medium":"https:\/\/kind.ee\/wp-content\/uploads\/2023\/04\/O90002_MIL-231x300.jpg","medium-width":231,"medium-height":300,"medium_large":"https:\/\/kind.ee\/wp-content\/uploads\/2023\/04\/O90002_MIL-768x998.jpg","medium_large-width":768,"medium_large-height":998,"large":"https:\/\/kind.ee\/wp-content\/uploads\/2023\/04\/O90002_MIL-788x1024.jpg","large-width":788,"large-height":1024,"1536x1536":"https:\/\/kind.ee\/wp-content\/uploads\/2023\/04\/O90002_MIL-1182x1536.jpg","1536x1536-width":1182,"1536x1536-height":1536,"2048x2048":"https:\/\/kind.ee\/wp-content\/uploads\/2023\/04\/O90002_MIL-1575x2048.jpg","2048x2048-width":1575,"2048x2048-height":2048,"galerii_large":"https:\/\/kind.ee\/wp-content\/uploads\/2023\/04\/O90002_MIL-800x1040.jpg","galerii_large-width":800,"galerii_large-height":1040,"galerii_large_retina":"https:\/\/kind.ee\/wp-content\/uploads\/2023\/04\/O90002_MIL-1600x2080.jpg","galerii_large_retina-width":1600,"galerii_large_retina-height":2080,"woocommerce_thumbnail":"https:\/\/kind.ee\/wp-content\/uploads\/2023\/04\/O90002_MIL-300x300.jpg","woocommerce_thumbnail-width":300,"woocommerce_thumbnail-height":300,"woocommerce_single":"https:\/\/kind.ee\/wp-content\/uploads\/2023\/04\/O90002_MIL-600x780.jpg","woocommerce_single-width":600,"woocommerce_single-height":780,"woocommerce_gallery_thumbnail":"https:\/\/kind.ee\/wp-content\/uploads\/2023\/04\/O90002_MIL-100x100.jpg","woocommerce_gallery_thumbnail-width":100,"woocommerce_gallery_thumbnail-height":100}}],"varvikood":false,"varvid-native":false,"varvid-stedman":false,"varvikood-neutral":579,"varvid-sols":false,"midoceani_varvid":false,"purewaste":false,"beechfield-varvid":false,"bagbase":false,"mepal":false},{"pildid":[{"ID":7733,"id":7733,"title":"O90002_BOR","filename":"O90002_BOR-scaled.jpg","filesize":118126,"url":"https:\/\/kind.ee\/wp-content\/uploads\/2023\/04\/O90002_BOR-scaled.jpg","link":"https:\/\/kind.ee\/et\/?attachment_id=7733","alt":"","author":"1","description":"","caption":"","name":"o90002_bor","status":"inherit","uploaded_to":7730,"date":"2023-04-19 11:23:56","modified":"2023-04-19 11:28:46","menu_order":0,"mime_type":"image\/jpeg","type":"image","subtype":"jpeg","icon":"https:\/\/kind.ee\/wp-includes\/images\/media\/default.png","width":1969,"height":2560,"sizes":{"thumbnail":"https:\/\/kind.ee\/wp-content\/uploads\/2023\/04\/O90002_BOR-150x150.jpg","thumbnail-width":150,"thumbnail-height":150,"medium":"https:\/\/kind.ee\/wp-content\/uploads\/2023\/04\/O90002_BOR-231x300.jpg","medium-width":231,"medium-height":300,"medium_large":"https:\/\/kind.ee\/wp-content\/uploads\/2023\/04\/O90002_BOR-768x998.jpg","medium_large-width":768,"medium_large-height":998,"large":"https:\/\/kind.ee\/wp-content\/uploads\/2023\/04\/O90002_BOR-788x1024.jpg","large-width":788,"large-height":1024,"1536x1536":"https:\/\/kind.ee\/wp-content\/uploads\/2023\/04\/O90002_BOR-1182x1536.jpg","1536x1536-width":1182,"1536x1536-height":1536,"2048x2048":"https:\/\/kind.ee\/wp-content\/uploads\/2023\/04\/O90002_BOR-1575x2048.jpg","2048x2048-width":1575,"2048x2048-height":2048,"galerii_large":"https:\/\/kind.ee\/wp-content\/uploads\/2023\/04\/O90002_BOR-800x1040.jpg","galerii_large-width":800,"galerii_large-height":1040,"galerii_large_retina":"https:\/\/kind.ee\/wp-content\/uploads\/2023\/04\/O90002_BOR-1600x2080.jpg","galerii_large_retina-width":1600,"galerii_large_retina-height":2080,"woocommerce_thumbnail":"https:\/\/kind.ee\/wp-content\/uploads\/2023\/04\/O90002_BOR-300x300.jpg","woocommerce_thumbnail-width":300,"woocommerce_thumbnail-height":300,"woocommerce_single":"https:\/\/kind.ee\/wp-content\/uploads\/2023\/04\/O90002_BOR-600x780.jpg","woocommerce_single-width":600,"woocommerce_single-height":780,"woocommerce_gallery_thumbnail":"https:\/\/kind.ee\/wp-content\/uploads\/2023\/04\/O90002_BOR-100x100.jpg","woocommerce_gallery_thumbnail-width":100,"woocommerce_gallery_thumbnail-height":100}}],"varvikood":false,"varvid-native":false,"varvid-stedman":false,"varvikood-neutral":583,"varvid-sols":false,"midoceani_varvid":false,"purewaste":false,"beechfield-varvid":false,"bagbase":false,"mepal":false},{"pildid":[{"ID":7741,"id":7741,"title":"O90002_RED","filename":"O90002_RED-scaled.jpg","filesize":147305,"url":"https:\/\/kind.ee\/wp-content\/uploads\/2023\/04\/O90002_RED-scaled.jpg","link":"https:\/\/kind.ee\/et\/?attachment_id=7741","alt":"","author":"1","description":"","caption":"","name":"o90002_red","status":"inherit","uploaded_to":7730,"date":"2023-04-19 11:24:26","modified":"2023-04-19 11:29:00","menu_order":0,"mime_type":"image\/jpeg","type":"image","subtype":"jpeg","icon":"https:\/\/kind.ee\/wp-includes\/images\/media\/default.png","width":1969,"height":2560,"sizes":{"thumbnail":"https:\/\/kind.ee\/wp-content\/uploads\/2023\/04\/O90002_RED-150x150.jpg","thumbnail-width":150,"thumbnail-height":150,"medium":"https:\/\/kind.ee\/wp-content\/uploads\/2023\/04\/O90002_RED-231x300.jpg","medium-width":231,"medium-height":300,"medium_large":"https:\/\/kind.ee\/wp-content\/uploads\/2023\/04\/O90002_RED-768x998.jpg","medium_large-width":768,"medium_large-height":998,"large":"https:\/\/kind.ee\/wp-content\/uploads\/2023\/04\/O90002_RED-788x1024.jpg","large-width":788,"large-height":1024,"1536x1536":"https:\/\/kind.ee\/wp-content\/uploads\/2023\/04\/O90002_RED-1182x1536.jpg","1536x1536-width":1182,"1536x1536-height":1536,"2048x2048":"https:\/\/kind.ee\/wp-content\/uploads\/2023\/04\/O90002_RED-1575x2048.jpg","2048x2048-width":1575,"2048x2048-height":2048,"galerii_large":"https:\/\/kind.ee\/wp-content\/uploads\/2023\/04\/O90002_RED-800x1040.jpg","galerii_large-width":800,"galerii_large-height":1040,"galerii_large_retina":"https:\/\/kind.ee\/wp-content\/uploads\/2023\/04\/O90002_RED-1600x2080.jpg","galerii_large_retina-width":1600,"galerii_large_retina-height":2080,"woocommerce_thumbnail":"https:\/\/kind.ee\/wp-content\/uploads\/2023\/04\/O90002_RED-300x300.jpg","woocommerce_thumbnail-width":300,"woocommerce_thumbnail-height":300,"woocommerce_single":"https:\/\/kind.ee\/wp-content\/uploads\/2023\/04\/O90002_RED-600x780.jpg","woocommerce_single-width":600,"woocommerce_single-height":780,"woocommerce_gallery_thumbnail":"https:\/\/kind.ee\/wp-content\/uploads\/2023\/04\/O90002_RED-100x100.jpg","woocommerce_gallery_thumbnail-width":100,"woocommerce_gallery_thumbnail-height":100}}],"varvikood":false,"varvid-native":false,"varvid-stedman":false,"varvikood-neutral":578,"varvid-sols":false,"midoceani_varvid":false,"purewaste":false,"beechfield-varvid":false,"bagbase":false,"mepal":false},{"pildid":[{"ID":7739,"id":7739,"title":"O90002_ORAN","filename":"O90002_ORAN-scaled-e1699022798661.jpg","filesize":140367,"url":"https:\/\/kind.ee\/wp-content\/uploads\/2023\/04\/O90002_ORAN-scaled-e1699022798661.jpg","link":"https:\/\/kind.ee\/et\/?attachment_id=7739","alt":"","author":"1","description":"","caption":"","name":"o90002_oran","status":"inherit","uploaded_to":7730,"date":"2023-04-19 11:24:19","modified":"2023-04-19 11:29:11","menu_order":0,"mime_type":"image\/jpeg","type":"image","subtype":"jpeg","icon":"https:\/\/kind.ee\/wp-includes\/images\/media\/default.png","width":1659,"height":2252,"sizes":{"thumbnail":"https:\/\/kind.ee\/wp-content\/uploads\/2023\/04\/O90002_ORAN-scaled-e1699022798661-150x150.jpg","thumbnail-width":150,"thumbnail-height":150,"medium":"https:\/\/kind.ee\/wp-content\/uploads\/2023\/04\/O90002_ORAN-scaled-e1699022798661-221x300.jpg","medium-width":221,"medium-height":300,"medium_large":"https:\/\/kind.ee\/wp-content\/uploads\/2023\/04\/O90002_ORAN-scaled-e1699022798661-768x1043.jpg","medium_large-width":768,"medium_large-height":1043,"large":"https:\/\/kind.ee\/wp-content\/uploads\/2023\/04\/O90002_ORAN-scaled-e1699022798661-754x1024.jpg","large-width":754,"large-height":1024,"1536x1536":"https:\/\/kind.ee\/wp-content\/uploads\/2023\/04\/O90002_ORAN-scaled-e1699022798661-1132x1536.jpg","1536x1536-width":1132,"1536x1536-height":1536,"2048x2048":"https:\/\/kind.ee\/wp-content\/uploads\/2023\/04\/O90002_ORAN-scaled-e1699022798661-1509x2048.jpg","2048x2048-width":1509,"2048x2048-height":2048,"galerii_large":"https:\/\/kind.ee\/wp-content\/uploads\/2023\/04\/O90002_ORAN-scaled-e1699022798661-800x1086.jpg","galerii_large-width":800,"galerii_large-height":1086,"galerii_large_retina":"https:\/\/kind.ee\/wp-content\/uploads\/2023\/04\/O90002_ORAN-scaled-e1699022798661-1600x2172.jpg","galerii_large_retina-width":1600,"galerii_large_retina-height":2172,"woocommerce_thumbnail":"https:\/\/kind.ee\/wp-content\/uploads\/2023\/04\/O90002_ORAN-scaled-e1699022798661-300x300.jpg","woocommerce_thumbnail-width":300,"woocommerce_thumbnail-height":300,"woocommerce_single":"https:\/\/kind.ee\/wp-content\/uploads\/2023\/04\/O90002_ORAN-scaled-e1699022798661-600x814.jpg","woocommerce_single-width":600,"woocommerce_single-height":814,"woocommerce_gallery_thumbnail":"https:\/\/kind.ee\/wp-content\/uploads\/2023\/04\/O90002_ORAN-scaled-e1699022798661-100x100.jpg","woocommerce_gallery_thumbnail-width":100,"woocommerce_gallery_thumbnail-height":100}}],"varvikood":false,"varvid-native":false,"varvid-stedman":false,"varvikood-neutral":573,"varvid-sols":false,"midoceani_varvid":false,"purewaste":false,"beechfield-varvid":false,"bagbase":false,"mepal":false},{"pildid":[{"ID":7743,"id":7743,"title":"O90002_YEL","filename":"O90002_YEL-scaled.jpg","filesize":161449,"url":"https:\/\/kind.ee\/wp-content\/uploads\/2023\/04\/O90002_YEL-scaled.jpg","link":"https:\/\/kind.ee\/et\/?attachment_id=7743","alt":"","author":"1","description":"","caption":"","name":"o90002_yel","status":"inherit","uploaded_to":7730,"date":"2023-04-19 11:24:34","modified":"2023-04-19 11:29:24","menu_order":0,"mime_type":"image\/jpeg","type":"image","subtype":"jpeg","icon":"https:\/\/kind.ee\/wp-includes\/images\/media\/default.png","width":1969,"height":2560,"sizes":{"thumbnail":"https:\/\/kind.ee\/wp-content\/uploads\/2023\/04\/O90002_YEL-150x150.jpg","thumbnail-width":150,"thumbnail-height":150,"medium":"https:\/\/kind.ee\/wp-content\/uploads\/2023\/04\/O90002_YEL-231x300.jpg","medium-width":231,"medium-height":300,"medium_large":"https:\/\/kind.ee\/wp-content\/uploads\/2023\/04\/O90002_YEL-768x998.jpg","medium_large-width":768,"medium_large-height":998,"large":"https:\/\/kind.ee\/wp-content\/uploads\/2023\/04\/O90002_YEL-788x1024.jpg","large-width":788,"large-height":1024,"1536x1536":"https:\/\/kind.ee\/wp-content\/uploads\/2023\/04\/O90002_YEL-1182x1536.jpg","1536x1536-width":1182,"1536x1536-height":1536,"2048x2048":"https:\/\/kind.ee\/wp-content\/uploads\/2023\/04\/O90002_YEL-1575x2048.jpg","2048x2048-width":1575,"2048x2048-height":2048,"galerii_large":"https:\/\/kind.ee\/wp-content\/uploads\/2023\/04\/O90002_YEL-800x1040.jpg","galerii_large-width":800,"galerii_large-height":1040,"galerii_large_retina":"https:\/\/kind.ee\/wp-content\/uploads\/2023\/04\/O90002_YEL-1600x2080.jpg","galerii_large_retina-width":1600,"galerii_large_retina-height":2080,"woocommerce_thumbnail":"https:\/\/kind.ee\/wp-content\/uploads\/2023\/04\/O90002_YEL-300x300.jpg","woocommerce_thumbnail-width":300,"woocommerce_thumbnail-height":300,"woocommerce_single":"https:\/\/kind.ee\/wp-content\/uploads\/2023\/04\/O90002_YEL-600x780.jpg","woocommerce_single-width":600,"woocommerce_single-height":780,"woocommerce_gallery_thumbnail":"https:\/\/kind.ee\/wp-content\/uploads\/2023\/04\/O90002_YEL-100x100.jpg","woocommerce_gallery_thumbnail-width":100,"woocommerce_gallery_thumbnail-height":100}}],"varvikood":false,"varvid-native":false,"varvid-stedman":false,"varvikood-neutral":563,"varvid-sols":false,"midoceani_varvid":false,"purewaste":false,"beechfield-varvid":false,"bagbase":false,"mepal":false}],"tooteinfo":"Mitmek\u00fclgne v\u00e4rviliste sangadega poekott, millele saab ise valida pilkup\u00fc\u00fcdvat v\u00e4rvi sangad, mis sobivad just Sinu br\u00e4ndiga. Kott on valmistatud tugevast materjalist, et see kestaks aastaid.","mootmed":"","materjal":"","varvus":""},"_links":{"self":[{"href":"https:\/\/kind.ee\/et\/wp-json\/wp\/v2\/product\/7730","targetHints":{"allow":["GET"]}}],"collection":[{"href":"https:\/\/kind.ee\/et\/wp-json\/wp\/v2\/product"}],"about":[{"href":"https:\/\/kind.ee\/et\/wp-json\/wp\/v2\/types\/product"}],"wp:featuredmedia":[{"embeddable":true,"href":"https:\/\/kind.ee\/et\/wp-json\/wp\/v2\/media\/7739"}],"wp:attachment":[{"href":"https:\/\/kind.ee\/et\/wp-json\/wp\/v2\/media?parent=7730"}],"wp:term":[{"taxonomy":"product_brand","embeddable":true,"href":"https:\/\/kind.ee\/et\/wp-json\/wp\/v2\/product_brand?post=7730"},{"taxonomy":"product_cat","embeddable":true,"href":"https:\/\/kind.ee\/et\/wp-json\/wp\/v2\/product_cat?post=7730"},{"taxonomy":"product_tag","embeddable":true,"href":"https:\/\/kind.ee\/et\/wp-json\/wp\/v2\/product_tag?post=7730"}],"curies":[{"name":"wp","href":"https:\/\/api.w.org\/{rel}","templated":true}]}}