{"id":4294,"date":"2023-04-12T14:04:52","date_gmt":"2023-04-12T14:04:52","guid":{"rendered":"https:\/\/kind.ee\/?post_type=product&#038;p=4294"},"modified":"2026-02-25T21:17:32","modified_gmt":"2026-02-25T21:17:32","slug":"lohva-t-sark-native-spirit","status":"publish","type":"product","link":"https:\/\/kind.ee\/et\/toode\/lohva-t-sark-native-spirit\/","title":{"rendered":"lohva t-s\u00e4rk Native Spirit"},"content":{"rendered":"","protected":false},"excerpt":{"rendered":"","protected":false},"featured_media":11056,"template":"","meta":[],"product_brand":[],"product_cat":[263,259],"product_tag":[],"class_list":{"0":"post-4294","1":"product","2":"type-product","3":"status-publish","4":"has-post-thumbnail","6":"product_cat-riided","7":"product_cat-t-sargid","9":"first","10":"instock","11":"shipping-taxable","12":"purchasable","13":"product-type-simple"},"acf":{"muugi_argumendid":["\u00f6kos\u00f5bralik"],"sertifikaadid":["OEKO-Tex","Vegan","Orgaaniline materjal"],"season":["summer: Suve hooaeg"],"loige":"Lohva","suuruste_tabel":{"ID":4223,"id":4223,"title":"native_spirit_suurused","filename":"native_spirit_suurused.png","filesize":13220,"url":"https:\/\/kind.ee\/wp-content\/uploads\/2023\/04\/native_spirit_suurused.png","link":"https:\/\/kind.ee\/et\/?attachment_id=4223","alt":"","author":"1","description":"","caption":"","name":"native_spirit_suurused","status":"inherit","uploaded_to":4222,"date":"2023-04-12 09:36:40","modified":"2023-04-12 09:36:40","menu_order":0,"mime_type":"image\/png","type":"image","subtype":"png","icon":"https:\/\/kind.ee\/wp-includes\/images\/media\/default.png","width":1180,"height":576,"sizes":{"thumbnail":"https:\/\/kind.ee\/wp-content\/uploads\/2023\/04\/native_spirit_suurused-150x150.png","thumbnail-width":150,"thumbnail-height":150,"medium":"https:\/\/kind.ee\/wp-content\/uploads\/2023\/04\/native_spirit_suurused-300x146.png","medium-width":300,"medium-height":146,"medium_large":"https:\/\/kind.ee\/wp-content\/uploads\/2023\/04\/native_spirit_suurused-768x375.png","medium_large-width":768,"medium_large-height":375,"large":"https:\/\/kind.ee\/wp-content\/uploads\/2023\/04\/native_spirit_suurused-1024x500.png","large-width":1024,"large-height":500,"1536x1536":"https:\/\/kind.ee\/wp-content\/uploads\/2023\/04\/native_spirit_suurused.png","1536x1536-width":1180,"1536x1536-height":576,"2048x2048":"https:\/\/kind.ee\/wp-content\/uploads\/2023\/04\/native_spirit_suurused.png","2048x2048-width":1180,"2048x2048-height":576,"galerii_large":"https:\/\/kind.ee\/wp-content\/uploads\/2023\/04\/native_spirit_suurused-800x391.png","galerii_large-width":800,"galerii_large-height":391,"galerii_large_retina":"https:\/\/kind.ee\/wp-content\/uploads\/2023\/04\/native_spirit_suurused.png","galerii_large_retina-width":1180,"galerii_large_retina-height":576,"woocommerce_thumbnail":"https:\/\/kind.ee\/wp-content\/uploads\/2023\/04\/native_spirit_suurused-300x300.png","woocommerce_thumbnail-width":300,"woocommerce_thumbnail-height":300,"woocommerce_single":"https:\/\/kind.ee\/wp-content\/uploads\/2023\/04\/native_spirit_suurused-600x293.png","woocommerce_single-width":600,"woocommerce_single-height":293,"woocommerce_gallery_thumbnail":"https:\/\/kind.ee\/wp-content\/uploads\/2023\/04\/native_spirit_suurused-100x100.png","woocommerce_gallery_thumbnail-width":100,"woocommerce_gallery_thumbnail-height":100}},"paksus":"180","min_kogus":"5","kangas":"","kanga-info":"100% orgaaniline puuvill, kanga paksus 180 g\/m2","toote_pildid_varvide_kaupa":[{"pildid":[{"ID":13056,"id":13056,"title":"370393","filename":"370393-e1700495352775.jpeg","filesize":513819,"url":"https:\/\/kind.ee\/wp-content\/uploads\/2023\/04\/370393-e1700495352775.jpeg","link":"https:\/\/kind.ee\/et\/?attachment_id=13056","alt":"","author":"4","description":"","caption":"","name":"370393-2","status":"inherit","uploaded_to":4294,"date":"2023-11-01 22:21:52","modified":"2026-02-25 21:09:28","menu_order":0,"mime_type":"image\/jpeg","type":"image","subtype":"jpeg","icon":"https:\/\/kind.ee\/wp-includes\/images\/media\/default.png","width":1666,"height":1811,"sizes":{"thumbnail":"https:\/\/kind.ee\/wp-content\/uploads\/2023\/04\/370393-e1700495352775-150x150.jpeg","thumbnail-width":150,"thumbnail-height":150,"medium":"https:\/\/kind.ee\/wp-content\/uploads\/2023\/04\/370393-e1700495352775-276x300.jpeg","medium-width":276,"medium-height":300,"medium_large":"https:\/\/kind.ee\/wp-content\/uploads\/2023\/04\/370393-e1700495352775-768x835.jpeg","medium_large-width":768,"medium_large-height":835,"large":"https:\/\/kind.ee\/wp-content\/uploads\/2023\/04\/370393-e1700495352775-942x1024.jpeg","large-width":942,"large-height":1024,"1536x1536":"https:\/\/kind.ee\/wp-content\/uploads\/2023\/04\/370393-e1700495352775-1413x1536.jpeg","1536x1536-width":1413,"1536x1536-height":1536,"2048x2048":"https:\/\/kind.ee\/wp-content\/uploads\/2023\/04\/370393-e1700495352775.jpeg","2048x2048-width":1666,"2048x2048-height":1811,"galerii_large":"https:\/\/kind.ee\/wp-content\/uploads\/2023\/04\/370393-e1700495352775-800x870.jpeg","galerii_large-width":800,"galerii_large-height":870,"galerii_large_retina":"https:\/\/kind.ee\/wp-content\/uploads\/2023\/04\/370393-e1700495352775-1600x1739.jpeg","galerii_large_retina-width":1600,"galerii_large_retina-height":1739,"woocommerce_thumbnail":"https:\/\/kind.ee\/wp-content\/uploads\/2023\/04\/370393-e1700495352775-300x300.jpeg","woocommerce_thumbnail-width":300,"woocommerce_thumbnail-height":300,"woocommerce_single":"https:\/\/kind.ee\/wp-content\/uploads\/2023\/04\/370393-e1700495352775-600x652.jpeg","woocommerce_single-width":600,"woocommerce_single-height":652,"woocommerce_gallery_thumbnail":"https:\/\/kind.ee\/wp-content\/uploads\/2023\/04\/370393-e1700495352775-100x100.jpeg","woocommerce_gallery_thumbnail-width":100,"woocommerce_gallery_thumbnail-height":100}},{"ID":4313,"id":4313,"title":"357391","filename":"357391-scaled.jpg","filesize":42807,"url":"https:\/\/kind.ee\/wp-content\/uploads\/2023\/04\/357391-scaled.jpg","link":"https:\/\/kind.ee\/et\/?attachment_id=4313","alt":"","author":"1","description":"","caption":"","name":"357391","status":"inherit","uploaded_to":4294,"date":"2023-04-12 13:58:36","modified":"2026-02-25 21:08:20","menu_order":0,"mime_type":"image\/jpeg","type":"image","subtype":"jpeg","icon":"https:\/\/kind.ee\/wp-includes\/images\/media\/default.png","width":2048,"height":1656,"sizes":{"thumbnail":"https:\/\/kind.ee\/wp-content\/uploads\/2023\/04\/357391-150x150.jpg","thumbnail-width":150,"thumbnail-height":150,"medium":"https:\/\/kind.ee\/wp-content\/uploads\/2023\/04\/357391-300x243.jpg","medium-width":300,"medium-height":243,"medium_large":"https:\/\/kind.ee\/wp-content\/uploads\/2023\/04\/357391-768x621.jpg","medium_large-width":768,"medium_large-height":621,"large":"https:\/\/kind.ee\/wp-content\/uploads\/2023\/04\/357391-1024x828.jpg","large-width":1024,"large-height":828,"1536x1536":"https:\/\/kind.ee\/wp-content\/uploads\/2023\/04\/357391-1536x1242.jpg","1536x1536-width":1536,"1536x1536-height":1242,"2048x2048":"https:\/\/kind.ee\/wp-content\/uploads\/2023\/04\/357391-2048x1656.jpg","2048x2048-width":2048,"2048x2048-height":1656,"galerii_large":"https:\/\/kind.ee\/wp-content\/uploads\/2023\/04\/357391-800x647.jpg","galerii_large-width":800,"galerii_large-height":647,"galerii_large_retina":"https:\/\/kind.ee\/wp-content\/uploads\/2023\/04\/357391-1600x1294.jpg","galerii_large_retina-width":1600,"galerii_large_retina-height":1294,"woocommerce_thumbnail":"https:\/\/kind.ee\/wp-content\/uploads\/2023\/04\/357391-300x300.jpg","woocommerce_thumbnail-width":300,"woocommerce_thumbnail-height":300,"woocommerce_single":"https:\/\/kind.ee\/wp-content\/uploads\/2023\/04\/357391-600x485.jpg","woocommerce_single-width":600,"woocommerce_single-height":485,"woocommerce_gallery_thumbnail":"https:\/\/kind.ee\/wp-content\/uploads\/2023\/04\/357391-100x100.jpg","woocommerce_gallery_thumbnail-width":100,"woocommerce_gallery_thumbnail-height":100}},{"ID":13065,"id":13065,"title":"357387","filename":"357387-scaled.jpeg","filesize":189140,"url":"https:\/\/kind.ee\/wp-content\/uploads\/2023\/04\/357387-scaled.jpeg","link":"https:\/\/kind.ee\/et\/?attachment_id=13065","alt":"","author":"4","description":"","caption":"","name":"357387-2","status":"inherit","uploaded_to":4294,"date":"2023-11-01 22:24:44","modified":"2023-11-01 22:24:54","menu_order":0,"mime_type":"image\/jpeg","type":"image","subtype":"jpeg","icon":"https:\/\/kind.ee\/wp-includes\/images\/media\/default.png","width":2560,"height":2071,"sizes":{"thumbnail":"https:\/\/kind.ee\/wp-content\/uploads\/2023\/04\/357387-150x150.jpeg","thumbnail-width":150,"thumbnail-height":150,"medium":"https:\/\/kind.ee\/wp-content\/uploads\/2023\/04\/357387-300x243.jpeg","medium-width":300,"medium-height":243,"medium_large":"https:\/\/kind.ee\/wp-content\/uploads\/2023\/04\/357387-768x621.jpeg","medium_large-width":768,"medium_large-height":621,"large":"https:\/\/kind.ee\/wp-content\/uploads\/2023\/04\/357387-1024x828.jpeg","large-width":1024,"large-height":828,"1536x1536":"https:\/\/kind.ee\/wp-content\/uploads\/2023\/04\/357387-1536x1243.jpeg","1536x1536-width":1536,"1536x1536-height":1243,"2048x2048":"https:\/\/kind.ee\/wp-content\/uploads\/2023\/04\/357387-2048x1657.jpeg","2048x2048-width":2048,"2048x2048-height":1657,"galerii_large":"https:\/\/kind.ee\/wp-content\/uploads\/2023\/04\/357387-800x647.jpeg","galerii_large-width":800,"galerii_large-height":647,"galerii_large_retina":"https:\/\/kind.ee\/wp-content\/uploads\/2023\/04\/357387-1600x1294.jpeg","galerii_large_retina-width":1600,"galerii_large_retina-height":1294,"woocommerce_thumbnail":"https:\/\/kind.ee\/wp-content\/uploads\/2023\/04\/357387-300x300.jpeg","woocommerce_thumbnail-width":300,"woocommerce_thumbnail-height":300,"woocommerce_single":"https:\/\/kind.ee\/wp-content\/uploads\/2023\/04\/357387-600x485.jpeg","woocommerce_single-width":600,"woocommerce_single-height":485,"woocommerce_gallery_thumbnail":"https:\/\/kind.ee\/wp-content\/uploads\/2023\/04\/357387-100x100.jpeg","woocommerce_gallery_thumbnail-width":100,"woocommerce_gallery_thumbnail-height":100}}],"varvikood":false,"varvid-native":430,"varvid-stedman":false,"varvikood-neutral":false,"varvid-sols":false,"midoceani_varvid":false,"purewaste":false,"beechfield-varvid":false,"bagbase":false,"mepal":false},{"pildid":[{"ID":4309,"id":4309,"title":"357389","filename":"357389-scaled.jpg","filesize":34105,"url":"https:\/\/kind.ee\/wp-content\/uploads\/2023\/04\/357389-scaled.jpg","link":"https:\/\/kind.ee\/et\/?attachment_id=4309","alt":"","author":"1","description":"","caption":"","name":"357389","status":"inherit","uploaded_to":4294,"date":"2023-04-12 13:58:21","modified":"2023-04-12 14:02:46","menu_order":0,"mime_type":"image\/jpeg","type":"image","subtype":"jpeg","icon":"https:\/\/kind.ee\/wp-includes\/images\/media\/default.png","width":2048,"height":1731,"sizes":{"thumbnail":"https:\/\/kind.ee\/wp-content\/uploads\/2023\/04\/357389-150x150.jpg","thumbnail-width":150,"thumbnail-height":150,"medium":"https:\/\/kind.ee\/wp-content\/uploads\/2023\/04\/357389-300x254.jpg","medium-width":300,"medium-height":254,"medium_large":"https:\/\/kind.ee\/wp-content\/uploads\/2023\/04\/357389-768x649.jpg","medium_large-width":768,"medium_large-height":649,"large":"https:\/\/kind.ee\/wp-content\/uploads\/2023\/04\/357389-1024x865.jpg","large-width":1024,"large-height":865,"1536x1536":"https:\/\/kind.ee\/wp-content\/uploads\/2023\/04\/357389-1536x1298.jpg","1536x1536-width":1536,"1536x1536-height":1298,"2048x2048":"https:\/\/kind.ee\/wp-content\/uploads\/2023\/04\/357389-2048x1731.jpg","2048x2048-width":2048,"2048x2048-height":1731,"galerii_large":"https:\/\/kind.ee\/wp-content\/uploads\/2023\/04\/357389-800x676.jpg","galerii_large-width":800,"galerii_large-height":676,"galerii_large_retina":"https:\/\/kind.ee\/wp-content\/uploads\/2023\/04\/357389-1600x1352.jpg","galerii_large_retina-width":1600,"galerii_large_retina-height":1352,"woocommerce_thumbnail":"https:\/\/kind.ee\/wp-content\/uploads\/2023\/04\/357389-300x300.jpg","woocommerce_thumbnail-width":300,"woocommerce_thumbnail-height":300,"woocommerce_single":"https:\/\/kind.ee\/wp-content\/uploads\/2023\/04\/357389-600x507.jpg","woocommerce_single-width":600,"woocommerce_single-height":507,"woocommerce_gallery_thumbnail":"https:\/\/kind.ee\/wp-content\/uploads\/2023\/04\/357389-100x100.jpg","woocommerce_gallery_thumbnail-width":100,"woocommerce_gallery_thumbnail-height":100}}],"varvikood":false,"varvid-native":364,"varvid-stedman":false,"varvikood-neutral":false,"varvid-sols":false,"midoceani_varvid":false,"purewaste":false,"beechfield-varvid":false,"bagbase":false,"mepal":false},{"pildid":[{"ID":13063,"id":13063,"title":"357392","filename":"357392-scaled.jpeg","filesize":352876,"url":"https:\/\/kind.ee\/wp-content\/uploads\/2023\/04\/357392-scaled.jpeg","link":"https:\/\/kind.ee\/et\/?attachment_id=13063","alt":"","author":"4","description":"","caption":"","name":"357392-2","status":"inherit","uploaded_to":4294,"date":"2023-11-01 22:23:30","modified":"2023-11-01 22:23:38","menu_order":0,"mime_type":"image\/jpeg","type":"image","subtype":"jpeg","icon":"https:\/\/kind.ee\/wp-includes\/images\/media\/default.png","width":2560,"height":2140,"sizes":{"thumbnail":"https:\/\/kind.ee\/wp-content\/uploads\/2023\/04\/357392-150x150.jpeg","thumbnail-width":150,"thumbnail-height":150,"medium":"https:\/\/kind.ee\/wp-content\/uploads\/2023\/04\/357392-300x251.jpeg","medium-width":300,"medium-height":251,"medium_large":"https:\/\/kind.ee\/wp-content\/uploads\/2023\/04\/357392-768x642.jpeg","medium_large-width":768,"medium_large-height":642,"large":"https:\/\/kind.ee\/wp-content\/uploads\/2023\/04\/357392-1024x856.jpeg","large-width":1024,"large-height":856,"1536x1536":"https:\/\/kind.ee\/wp-content\/uploads\/2023\/04\/357392-1536x1284.jpeg","1536x1536-width":1536,"1536x1536-height":1284,"2048x2048":"https:\/\/kind.ee\/wp-content\/uploads\/2023\/04\/357392-2048x1712.jpeg","2048x2048-width":2048,"2048x2048-height":1712,"galerii_large":"https:\/\/kind.ee\/wp-content\/uploads\/2023\/04\/357392-800x669.jpeg","galerii_large-width":800,"galerii_large-height":669,"galerii_large_retina":"https:\/\/kind.ee\/wp-content\/uploads\/2023\/04\/357392-1600x1338.jpeg","galerii_large_retina-width":1600,"galerii_large_retina-height":1338,"woocommerce_thumbnail":"https:\/\/kind.ee\/wp-content\/uploads\/2023\/04\/357392-300x300.jpeg","woocommerce_thumbnail-width":300,"woocommerce_thumbnail-height":300,"woocommerce_single":"https:\/\/kind.ee\/wp-content\/uploads\/2023\/04\/357392-600x502.jpeg","woocommerce_single-width":600,"woocommerce_single-height":502,"woocommerce_gallery_thumbnail":"https:\/\/kind.ee\/wp-content\/uploads\/2023\/04\/357392-100x100.jpeg","woocommerce_gallery_thumbnail-width":100,"woocommerce_gallery_thumbnail-height":100}}],"varvikood":false,"varvid-native":395,"varvid-stedman":false,"varvikood-neutral":false,"varvid-sols":false,"midoceani_varvid":false,"purewaste":false,"beechfield-varvid":false,"bagbase":false,"mepal":false},{"pildid":[{"ID":13061,"id":13061,"title":"357390","filename":"357390-scaled.jpeg","filesize":425985,"url":"https:\/\/kind.ee\/wp-content\/uploads\/2023\/04\/357390-scaled.jpeg","link":"https:\/\/kind.ee\/et\/?attachment_id=13061","alt":"","author":"4","description":"","caption":"","name":"357390-2","status":"inherit","uploaded_to":4294,"date":"2023-11-01 22:23:19","modified":"2023-11-01 22:23:44","menu_order":0,"mime_type":"image\/jpeg","type":"image","subtype":"jpeg","icon":"https:\/\/kind.ee\/wp-includes\/images\/media\/default.png","width":2560,"height":2108,"sizes":{"thumbnail":"https:\/\/kind.ee\/wp-content\/uploads\/2023\/04\/357390-150x150.jpeg","thumbnail-width":150,"thumbnail-height":150,"medium":"https:\/\/kind.ee\/wp-content\/uploads\/2023\/04\/357390-300x247.jpeg","medium-width":300,"medium-height":247,"medium_large":"https:\/\/kind.ee\/wp-content\/uploads\/2023\/04\/357390-768x632.jpeg","medium_large-width":768,"medium_large-height":632,"large":"https:\/\/kind.ee\/wp-content\/uploads\/2023\/04\/357390-1024x843.jpeg","large-width":1024,"large-height":843,"1536x1536":"https:\/\/kind.ee\/wp-content\/uploads\/2023\/04\/357390-1536x1265.jpeg","1536x1536-width":1536,"1536x1536-height":1265,"2048x2048":"https:\/\/kind.ee\/wp-content\/uploads\/2023\/04\/357390-2048x1686.jpeg","2048x2048-width":2048,"2048x2048-height":1686,"galerii_large":"https:\/\/kind.ee\/wp-content\/uploads\/2023\/04\/357390-800x659.jpeg","galerii_large-width":800,"galerii_large-height":659,"galerii_large_retina":"https:\/\/kind.ee\/wp-content\/uploads\/2023\/04\/357390-1600x1318.jpeg","galerii_large_retina-width":1600,"galerii_large_retina-height":1318,"woocommerce_thumbnail":"https:\/\/kind.ee\/wp-content\/uploads\/2023\/04\/357390-300x300.jpeg","woocommerce_thumbnail-width":300,"woocommerce_thumbnail-height":300,"woocommerce_single":"https:\/\/kind.ee\/wp-content\/uploads\/2023\/04\/357390-600x494.jpeg","woocommerce_single-width":600,"woocommerce_single-height":494,"woocommerce_gallery_thumbnail":"https:\/\/kind.ee\/wp-content\/uploads\/2023\/04\/357390-100x100.jpeg","woocommerce_gallery_thumbnail-width":100,"woocommerce_gallery_thumbnail-height":100}}],"varvikood":false,"varvid-native":378,"varvid-stedman":false,"varvikood-neutral":false,"varvid-sols":false,"midoceani_varvid":false,"purewaste":false,"beechfield-varvid":false,"bagbase":false,"mepal":false}],"tooteinfo":"Vabaaja stiilis lohva l\u00f5ikega naiste T-s\u00e4rk, millel puudub silt ehk seda on v\u00f5imalik lihtsalt personaliseerida.","mootmed":"","materjal":"","varvus":""},"_links":{"self":[{"href":"https:\/\/kind.ee\/et\/wp-json\/wp\/v2\/product\/4294","targetHints":{"allow":["GET"]}}],"collection":[{"href":"https:\/\/kind.ee\/et\/wp-json\/wp\/v2\/product"}],"about":[{"href":"https:\/\/kind.ee\/et\/wp-json\/wp\/v2\/types\/product"}],"wp:featuredmedia":[{"embeddable":true,"href":"https:\/\/kind.ee\/et\/wp-json\/wp\/v2\/media\/11056"}],"wp:attachment":[{"href":"https:\/\/kind.ee\/et\/wp-json\/wp\/v2\/media?parent=4294"}],"wp:term":[{"taxonomy":"product_brand","embeddable":true,"href":"https:\/\/kind.ee\/et\/wp-json\/wp\/v2\/product_brand?post=4294"},{"taxonomy":"product_cat","embeddable":true,"href":"https:\/\/kind.ee\/et\/wp-json\/wp\/v2\/product_cat?post=4294"},{"taxonomy":"product_tag","embeddable":true,"href":"https:\/\/kind.ee\/et\/wp-json\/wp\/v2\/product_tag?post=4294"}],"curies":[{"name":"wp","href":"https:\/\/api.w.org\/{rel}","templated":true}]}}