{"id":4283,"date":"2023-04-12T13:53:03","date_gmt":"2023-04-12T13:53:03","guid":{"rendered":"https:\/\/kind.ee\/?post_type=product&#038;p=4283"},"modified":"2026-03-04T12:46:25","modified_gmt":"2026-03-04T12:46:25","slug":"v-sark-neutral","status":"publish","type":"product","link":"https:\/\/kind.ee\/et\/toode\/v-sark-neutral\/","title":{"rendered":"meeste v-s\u00e4rk Neutral"},"content":{"rendered":"","protected":false},"excerpt":{"rendered":"","protected":false},"featured_media":11153,"template":"","meta":[],"product_brand":[],"product_cat":[263,259],"product_tag":[],"class_list":{"0":"post-4283","1":"product","2":"type-product","3":"status-publish","4":"has-post-thumbnail","6":"product_cat-riided","7":"product_cat-t-sargid","9":"first","10":"instock","11":"shipping-taxable","12":"purchasable","13":"product-type-simple"},"acf":{"muugi_argumendid":["ilma kaeluse sildita","\u00f6kos\u00f5bralik"],"sertifikaadid":["Fairtrade","OEKO-Tex","EU Ecolabel","Taastuvenergial toodetud"],"season":["summer: Suve hooaeg"],"loige":"Keskmine","suuruste_tabel":{"ID":4268,"id":4268,"title":"neutral_suurused","filename":"neutral_suurused.png","filesize":11807,"url":"https:\/\/kind.ee\/wp-content\/uploads\/2023\/04\/neutral_suurused.png","link":"https:\/\/kind.ee\/et\/?attachment_id=4268","alt":"","author":"1","description":"","caption":"","name":"neutral_suurused","status":"inherit","uploaded_to":4251,"date":"2023-04-12 13:13:48","modified":"2023-04-12 13:13:48","menu_order":0,"mime_type":"image\/png","type":"image","subtype":"png","icon":"https:\/\/kind.ee\/wp-includes\/images\/media\/default.png","width":793,"height":165,"sizes":{"thumbnail":"https:\/\/kind.ee\/wp-content\/uploads\/2023\/04\/neutral_suurused-150x150.png","thumbnail-width":150,"thumbnail-height":150,"medium":"https:\/\/kind.ee\/wp-content\/uploads\/2023\/04\/neutral_suurused-300x62.png","medium-width":300,"medium-height":62,"medium_large":"https:\/\/kind.ee\/wp-content\/uploads\/2023\/04\/neutral_suurused-768x160.png","medium_large-width":768,"medium_large-height":160,"large":"https:\/\/kind.ee\/wp-content\/uploads\/2023\/04\/neutral_suurused.png","large-width":793,"large-height":165,"1536x1536":"https:\/\/kind.ee\/wp-content\/uploads\/2023\/04\/neutral_suurused.png","1536x1536-width":793,"1536x1536-height":165,"2048x2048":"https:\/\/kind.ee\/wp-content\/uploads\/2023\/04\/neutral_suurused.png","2048x2048-width":793,"2048x2048-height":165,"galerii_large":"https:\/\/kind.ee\/wp-content\/uploads\/2023\/04\/neutral_suurused.png","galerii_large-width":793,"galerii_large-height":165,"galerii_large_retina":"https:\/\/kind.ee\/wp-content\/uploads\/2023\/04\/neutral_suurused.png","galerii_large_retina-width":793,"galerii_large_retina-height":165,"woocommerce_thumbnail":"https:\/\/kind.ee\/wp-content\/uploads\/2023\/04\/neutral_suurused-300x165.png","woocommerce_thumbnail-width":300,"woocommerce_thumbnail-height":165,"woocommerce_single":"https:\/\/kind.ee\/wp-content\/uploads\/2023\/04\/neutral_suurused-600x125.png","woocommerce_single-width":600,"woocommerce_single-height":125,"woocommerce_gallery_thumbnail":"https:\/\/kind.ee\/wp-content\/uploads\/2023\/04\/neutral_suurused-100x100.png","woocommerce_gallery_thumbnail-width":100,"woocommerce_gallery_thumbnail-height":100}},"paksus":"155","min_kogus":"5","kangas":"","kanga-info":"100% orgaaniline puuvill, kanga paksus 155 g\/m2","toote_pildid_varvide_kaupa":[{"pildid":[{"ID":17889,"id":17889,"title":"O61005MensV-NeckT-shirt_Black_1024x1024","filename":"O61005MensV-NeckT-shirt_Black_1024x1024-e1700495331505.webp","filesize":45134,"url":"https:\/\/kind.ee\/wp-content\/uploads\/2023\/04\/O61005MensV-NeckT-shirt_Black_1024x1024-e1700495331505.webp","link":"https:\/\/kind.ee\/et\/?attachment_id=17889","alt":"","author":"4","description":"","caption":"","name":"o61005mensv-neckt-shirt_black_1024x1024","status":"inherit","uploaded_to":4283,"date":"2023-11-16 08:50:50","modified":"2023-11-20 15:49:17","menu_order":0,"mime_type":"image\/webp","type":"image","subtype":"webp","icon":"https:\/\/kind.ee\/wp-includes\/images\/media\/default.png","width":815,"height":808,"sizes":{"thumbnail":"https:\/\/kind.ee\/wp-content\/uploads\/2023\/04\/O61005MensV-NeckT-shirt_Black_1024x1024-e1700495331505-150x150.webp","thumbnail-width":150,"thumbnail-height":150,"medium":"https:\/\/kind.ee\/wp-content\/uploads\/2023\/04\/O61005MensV-NeckT-shirt_Black_1024x1024-e1700495331505-300x297.webp","medium-width":300,"medium-height":297,"medium_large":"https:\/\/kind.ee\/wp-content\/uploads\/2023\/04\/O61005MensV-NeckT-shirt_Black_1024x1024-e1700495331505-768x761.webp","medium_large-width":768,"medium_large-height":761,"large":"https:\/\/kind.ee\/wp-content\/uploads\/2023\/04\/O61005MensV-NeckT-shirt_Black_1024x1024-e1700495331505.webp","large-width":815,"large-height":808,"1536x1536":"https:\/\/kind.ee\/wp-content\/uploads\/2023\/04\/O61005MensV-NeckT-shirt_Black_1024x1024-e1700495331505.webp","1536x1536-width":815,"1536x1536-height":808,"2048x2048":"https:\/\/kind.ee\/wp-content\/uploads\/2023\/04\/O61005MensV-NeckT-shirt_Black_1024x1024-e1700495331505.webp","2048x2048-width":815,"2048x2048-height":808,"galerii_large":"https:\/\/kind.ee\/wp-content\/uploads\/2023\/04\/O61005MensV-NeckT-shirt_Black_1024x1024-e1700495331505-800x793.webp","galerii_large-width":800,"galerii_large-height":793,"galerii_large_retina":"https:\/\/kind.ee\/wp-content\/uploads\/2023\/04\/O61005MensV-NeckT-shirt_Black_1024x1024-e1700495331505.webp","galerii_large_retina-width":815,"galerii_large_retina-height":808,"woocommerce_thumbnail":"https:\/\/kind.ee\/wp-content\/uploads\/2023\/04\/O61005MensV-NeckT-shirt_Black_1024x1024-e1700495331505-300x300.webp","woocommerce_thumbnail-width":300,"woocommerce_thumbnail-height":300,"woocommerce_single":"https:\/\/kind.ee\/wp-content\/uploads\/2023\/04\/O61005MensV-NeckT-shirt_Black_1024x1024-e1700495331505-600x595.webp","woocommerce_single-width":600,"woocommerce_single-height":595,"woocommerce_gallery_thumbnail":"https:\/\/kind.ee\/wp-content\/uploads\/2023\/04\/O61005MensV-NeckT-shirt_Black_1024x1024-e1700495331505-100x100.webp","woocommerce_gallery_thumbnail-width":100,"woocommerce_gallery_thumbnail-height":100}},{"ID":17885,"id":17885,"title":"3_676cce07-07c6-46af-91f7-e9dd64ae0b3f_1024x1024","filename":"3_676cce07-07c6-46af-91f7-e9dd64ae0b3f_1024x1024.webp","filesize":9918,"url":"https:\/\/kind.ee\/wp-content\/uploads\/2023\/04\/3_676cce07-07c6-46af-91f7-e9dd64ae0b3f_1024x1024.webp","link":"https:\/\/kind.ee\/et\/?attachment_id=17885","alt":"","author":"4","description":"","caption":"","name":"3_676cce07-07c6-46af-91f7-e9dd64ae0b3f_1024x1024","status":"inherit","uploaded_to":4283,"date":"2023-11-16 08:50:42","modified":"2023-11-16 08:54:00","menu_order":0,"mime_type":"image\/webp","type":"image","subtype":"webp","icon":"https:\/\/kind.ee\/wp-includes\/images\/media\/default.png","width":788,"height":1024,"sizes":{"thumbnail":"https:\/\/kind.ee\/wp-content\/uploads\/2023\/04\/3_676cce07-07c6-46af-91f7-e9dd64ae0b3f_1024x1024-150x150.webp","thumbnail-width":150,"thumbnail-height":150,"medium":"https:\/\/kind.ee\/wp-content\/uploads\/2023\/04\/3_676cce07-07c6-46af-91f7-e9dd64ae0b3f_1024x1024-231x300.webp","medium-width":231,"medium-height":300,"medium_large":"https:\/\/kind.ee\/wp-content\/uploads\/2023\/04\/3_676cce07-07c6-46af-91f7-e9dd64ae0b3f_1024x1024-768x998.webp","medium_large-width":768,"medium_large-height":998,"large":"https:\/\/kind.ee\/wp-content\/uploads\/2023\/04\/3_676cce07-07c6-46af-91f7-e9dd64ae0b3f_1024x1024.webp","large-width":788,"large-height":1024,"1536x1536":"https:\/\/kind.ee\/wp-content\/uploads\/2023\/04\/3_676cce07-07c6-46af-91f7-e9dd64ae0b3f_1024x1024.webp","1536x1536-width":788,"1536x1536-height":1024,"2048x2048":"https:\/\/kind.ee\/wp-content\/uploads\/2023\/04\/3_676cce07-07c6-46af-91f7-e9dd64ae0b3f_1024x1024.webp","2048x2048-width":788,"2048x2048-height":1024,"galerii_large":"https:\/\/kind.ee\/wp-content\/uploads\/2023\/04\/3_676cce07-07c6-46af-91f7-e9dd64ae0b3f_1024x1024.webp","galerii_large-width":788,"galerii_large-height":1024,"galerii_large_retina":"https:\/\/kind.ee\/wp-content\/uploads\/2023\/04\/3_676cce07-07c6-46af-91f7-e9dd64ae0b3f_1024x1024.webp","galerii_large_retina-width":788,"galerii_large_retina-height":1024,"woocommerce_thumbnail":"https:\/\/kind.ee\/wp-content\/uploads\/2023\/04\/3_676cce07-07c6-46af-91f7-e9dd64ae0b3f_1024x1024-300x300.webp","woocommerce_thumbnail-width":300,"woocommerce_thumbnail-height":300,"woocommerce_single":"https:\/\/kind.ee\/wp-content\/uploads\/2023\/04\/3_676cce07-07c6-46af-91f7-e9dd64ae0b3f_1024x1024-600x780.webp","woocommerce_single-width":600,"woocommerce_single-height":780,"woocommerce_gallery_thumbnail":"https:\/\/kind.ee\/wp-content\/uploads\/2023\/04\/3_676cce07-07c6-46af-91f7-e9dd64ae0b3f_1024x1024-100x100.webp","woocommerce_gallery_thumbnail-width":100,"woocommerce_gallery_thumbnail-height":100}}],"varvikood":false,"varvid-native":false,"varvid-stedman":false,"varvikood-neutral":581,"varvid-sols":false,"midoceani_varvid":false,"purewaste":false,"beechfield-varvid":false,"bagbase":false,"mepal":false},{"pildid":[{"ID":17881,"id":17881,"title":"1_52eba1c1-047b-4eef-805c-685d71593e68_1024x1024","filename":"1_52eba1c1-047b-4eef-805c-685d71593e68_1024x1024.webp","filesize":7456,"url":"https:\/\/kind.ee\/wp-content\/uploads\/2023\/04\/1_52eba1c1-047b-4eef-805c-685d71593e68_1024x1024.webp","link":"https:\/\/kind.ee\/et\/?attachment_id=17881","alt":"","author":"4","description":"","caption":"","name":"1_52eba1c1-047b-4eef-805c-685d71593e68_1024x1024","status":"inherit","uploaded_to":4283,"date":"2023-11-16 08:50:36","modified":"2023-11-16 08:53:46","menu_order":0,"mime_type":"image\/webp","type":"image","subtype":"webp","icon":"https:\/\/kind.ee\/wp-includes\/images\/media\/default.png","width":788,"height":1024,"sizes":{"thumbnail":"https:\/\/kind.ee\/wp-content\/uploads\/2023\/04\/1_52eba1c1-047b-4eef-805c-685d71593e68_1024x1024-150x150.webp","thumbnail-width":150,"thumbnail-height":150,"medium":"https:\/\/kind.ee\/wp-content\/uploads\/2023\/04\/1_52eba1c1-047b-4eef-805c-685d71593e68_1024x1024-231x300.webp","medium-width":231,"medium-height":300,"medium_large":"https:\/\/kind.ee\/wp-content\/uploads\/2023\/04\/1_52eba1c1-047b-4eef-805c-685d71593e68_1024x1024-768x998.webp","medium_large-width":768,"medium_large-height":998,"large":"https:\/\/kind.ee\/wp-content\/uploads\/2023\/04\/1_52eba1c1-047b-4eef-805c-685d71593e68_1024x1024.webp","large-width":788,"large-height":1024,"1536x1536":"https:\/\/kind.ee\/wp-content\/uploads\/2023\/04\/1_52eba1c1-047b-4eef-805c-685d71593e68_1024x1024.webp","1536x1536-width":788,"1536x1536-height":1024,"2048x2048":"https:\/\/kind.ee\/wp-content\/uploads\/2023\/04\/1_52eba1c1-047b-4eef-805c-685d71593e68_1024x1024.webp","2048x2048-width":788,"2048x2048-height":1024,"galerii_large":"https:\/\/kind.ee\/wp-content\/uploads\/2023\/04\/1_52eba1c1-047b-4eef-805c-685d71593e68_1024x1024.webp","galerii_large-width":788,"galerii_large-height":1024,"galerii_large_retina":"https:\/\/kind.ee\/wp-content\/uploads\/2023\/04\/1_52eba1c1-047b-4eef-805c-685d71593e68_1024x1024.webp","galerii_large_retina-width":788,"galerii_large_retina-height":1024,"woocommerce_thumbnail":"https:\/\/kind.ee\/wp-content\/uploads\/2023\/04\/1_52eba1c1-047b-4eef-805c-685d71593e68_1024x1024-300x300.webp","woocommerce_thumbnail-width":300,"woocommerce_thumbnail-height":300,"woocommerce_single":"https:\/\/kind.ee\/wp-content\/uploads\/2023\/04\/1_52eba1c1-047b-4eef-805c-685d71593e68_1024x1024-600x780.webp","woocommerce_single-width":600,"woocommerce_single-height":780,"woocommerce_gallery_thumbnail":"https:\/\/kind.ee\/wp-content\/uploads\/2023\/04\/1_52eba1c1-047b-4eef-805c-685d71593e68_1024x1024-100x100.webp","woocommerce_gallery_thumbnail-width":100,"woocommerce_gallery_thumbnail-height":100}}],"varvikood":false,"varvid-native":false,"varvid-stedman":false,"varvikood-neutral":556,"varvid-sols":false,"midoceani_varvid":false,"purewaste":false,"beechfield-varvid":false,"bagbase":false,"mepal":false},{"pildid":[{"ID":17883,"id":17883,"title":"2_35079a58-f008-4508-b28d-bd6095d35f9b_1024x1024","filename":"2_35079a58-f008-4508-b28d-bd6095d35f9b_1024x1024.webp","filesize":63152,"url":"https:\/\/kind.ee\/wp-content\/uploads\/2023\/04\/2_35079a58-f008-4508-b28d-bd6095d35f9b_1024x1024.webp","link":"https:\/\/kind.ee\/et\/?attachment_id=17883","alt":"","author":"4","description":"","caption":"","name":"2_35079a58-f008-4508-b28d-bd6095d35f9b_1024x1024","status":"inherit","uploaded_to":4283,"date":"2023-11-16 08:50:39","modified":"2023-11-16 08:53:52","menu_order":0,"mime_type":"image\/webp","type":"image","subtype":"webp","icon":"https:\/\/kind.ee\/wp-includes\/images\/media\/default.png","width":788,"height":1024,"sizes":{"thumbnail":"https:\/\/kind.ee\/wp-content\/uploads\/2023\/04\/2_35079a58-f008-4508-b28d-bd6095d35f9b_1024x1024-150x150.webp","thumbnail-width":150,"thumbnail-height":150,"medium":"https:\/\/kind.ee\/wp-content\/uploads\/2023\/04\/2_35079a58-f008-4508-b28d-bd6095d35f9b_1024x1024-231x300.webp","medium-width":231,"medium-height":300,"medium_large":"https:\/\/kind.ee\/wp-content\/uploads\/2023\/04\/2_35079a58-f008-4508-b28d-bd6095d35f9b_1024x1024-768x998.webp","medium_large-width":768,"medium_large-height":998,"large":"https:\/\/kind.ee\/wp-content\/uploads\/2023\/04\/2_35079a58-f008-4508-b28d-bd6095d35f9b_1024x1024.webp","large-width":788,"large-height":1024,"1536x1536":"https:\/\/kind.ee\/wp-content\/uploads\/2023\/04\/2_35079a58-f008-4508-b28d-bd6095d35f9b_1024x1024.webp","1536x1536-width":788,"1536x1536-height":1024,"2048x2048":"https:\/\/kind.ee\/wp-content\/uploads\/2023\/04\/2_35079a58-f008-4508-b28d-bd6095d35f9b_1024x1024.webp","2048x2048-width":788,"2048x2048-height":1024,"galerii_large":"https:\/\/kind.ee\/wp-content\/uploads\/2023\/04\/2_35079a58-f008-4508-b28d-bd6095d35f9b_1024x1024.webp","galerii_large-width":788,"galerii_large-height":1024,"galerii_large_retina":"https:\/\/kind.ee\/wp-content\/uploads\/2023\/04\/2_35079a58-f008-4508-b28d-bd6095d35f9b_1024x1024.webp","galerii_large_retina-width":788,"galerii_large_retina-height":1024,"woocommerce_thumbnail":"https:\/\/kind.ee\/wp-content\/uploads\/2023\/04\/2_35079a58-f008-4508-b28d-bd6095d35f9b_1024x1024-300x300.webp","woocommerce_thumbnail-width":300,"woocommerce_thumbnail-height":300,"woocommerce_single":"https:\/\/kind.ee\/wp-content\/uploads\/2023\/04\/2_35079a58-f008-4508-b28d-bd6095d35f9b_1024x1024-600x780.webp","woocommerce_single-width":600,"woocommerce_single-height":780,"woocommerce_gallery_thumbnail":"https:\/\/kind.ee\/wp-content\/uploads\/2023\/04\/2_35079a58-f008-4508-b28d-bd6095d35f9b_1024x1024-100x100.webp","woocommerce_gallery_thumbnail-width":100,"woocommerce_gallery_thumbnail-height":100}}],"varvikood":false,"varvid-native":false,"varvid-stedman":false,"varvikood-neutral":566,"varvid-sols":false,"midoceani_varvid":false,"purewaste":false,"beechfield-varvid":false,"bagbase":false,"mepal":false},{"pildid":[{"ID":17887,"id":17887,"title":"4_bd086100-a76c-4bb0-a5e2-ccc011bf56c7_1024x1024","filename":"4_bd086100-a76c-4bb0-a5e2-ccc011bf56c7_1024x1024.webp","filesize":11430,"url":"https:\/\/kind.ee\/wp-content\/uploads\/2023\/04\/4_bd086100-a76c-4bb0-a5e2-ccc011bf56c7_1024x1024.webp","link":"https:\/\/kind.ee\/et\/?attachment_id=17887","alt":"","author":"4","description":"","caption":"","name":"4_bd086100-a76c-4bb0-a5e2-ccc011bf56c7_1024x1024","status":"inherit","uploaded_to":4283,"date":"2023-11-16 08:50:46","modified":"2023-11-16 08:54:05","menu_order":0,"mime_type":"image\/webp","type":"image","subtype":"webp","icon":"https:\/\/kind.ee\/wp-includes\/images\/media\/default.png","width":788,"height":1024,"sizes":{"thumbnail":"https:\/\/kind.ee\/wp-content\/uploads\/2023\/04\/4_bd086100-a76c-4bb0-a5e2-ccc011bf56c7_1024x1024-150x150.webp","thumbnail-width":150,"thumbnail-height":150,"medium":"https:\/\/kind.ee\/wp-content\/uploads\/2023\/04\/4_bd086100-a76c-4bb0-a5e2-ccc011bf56c7_1024x1024-231x300.webp","medium-width":231,"medium-height":300,"medium_large":"https:\/\/kind.ee\/wp-content\/uploads\/2023\/04\/4_bd086100-a76c-4bb0-a5e2-ccc011bf56c7_1024x1024-768x998.webp","medium_large-width":768,"medium_large-height":998,"large":"https:\/\/kind.ee\/wp-content\/uploads\/2023\/04\/4_bd086100-a76c-4bb0-a5e2-ccc011bf56c7_1024x1024.webp","large-width":788,"large-height":1024,"1536x1536":"https:\/\/kind.ee\/wp-content\/uploads\/2023\/04\/4_bd086100-a76c-4bb0-a5e2-ccc011bf56c7_1024x1024.webp","1536x1536-width":788,"1536x1536-height":1024,"2048x2048":"https:\/\/kind.ee\/wp-content\/uploads\/2023\/04\/4_bd086100-a76c-4bb0-a5e2-ccc011bf56c7_1024x1024.webp","2048x2048-width":788,"2048x2048-height":1024,"galerii_large":"https:\/\/kind.ee\/wp-content\/uploads\/2023\/04\/4_bd086100-a76c-4bb0-a5e2-ccc011bf56c7_1024x1024.webp","galerii_large-width":788,"galerii_large-height":1024,"galerii_large_retina":"https:\/\/kind.ee\/wp-content\/uploads\/2023\/04\/4_bd086100-a76c-4bb0-a5e2-ccc011bf56c7_1024x1024.webp","galerii_large_retina-width":788,"galerii_large_retina-height":1024,"woocommerce_thumbnail":"https:\/\/kind.ee\/wp-content\/uploads\/2023\/04\/4_bd086100-a76c-4bb0-a5e2-ccc011bf56c7_1024x1024-300x300.webp","woocommerce_thumbnail-width":300,"woocommerce_thumbnail-height":300,"woocommerce_single":"https:\/\/kind.ee\/wp-content\/uploads\/2023\/04\/4_bd086100-a76c-4bb0-a5e2-ccc011bf56c7_1024x1024-600x780.webp","woocommerce_single-width":600,"woocommerce_single-height":780,"woocommerce_gallery_thumbnail":"https:\/\/kind.ee\/wp-content\/uploads\/2023\/04\/4_bd086100-a76c-4bb0-a5e2-ccc011bf56c7_1024x1024-100x100.webp","woocommerce_gallery_thumbnail-width":100,"woocommerce_gallery_thumbnail-height":100}}],"varvikood":false,"varvid-native":false,"varvid-stedman":false,"varvikood-neutral":585,"varvid-sols":false,"midoceani_varvid":false,"purewaste":false,"beechfield-varvid":false,"bagbase":false,"mepal":false}],"tooteinfo":"Keskmise l\u00f5ikega meeste V-kaelusega T-s\u00e4rk, mis istub l\u00f5ikelt rohkem kehasse ja on pehmest materjalist.","mootmed":"","materjal":"","varvus":""},"_links":{"self":[{"href":"https:\/\/kind.ee\/et\/wp-json\/wp\/v2\/product\/4283","targetHints":{"allow":["GET"]}}],"collection":[{"href":"https:\/\/kind.ee\/et\/wp-json\/wp\/v2\/product"}],"about":[{"href":"https:\/\/kind.ee\/et\/wp-json\/wp\/v2\/types\/product"}],"wp:featuredmedia":[{"embeddable":true,"href":"https:\/\/kind.ee\/et\/wp-json\/wp\/v2\/media\/11153"}],"wp:attachment":[{"href":"https:\/\/kind.ee\/et\/wp-json\/wp\/v2\/media?parent=4283"}],"wp:term":[{"taxonomy":"product_brand","embeddable":true,"href":"https:\/\/kind.ee\/et\/wp-json\/wp\/v2\/product_brand?post=4283"},{"taxonomy":"product_cat","embeddable":true,"href":"https:\/\/kind.ee\/et\/wp-json\/wp\/v2\/product_cat?post=4283"},{"taxonomy":"product_tag","embeddable":true,"href":"https:\/\/kind.ee\/et\/wp-json\/wp\/v2\/product_tag?post=4283"}],"curies":[{"name":"wp","href":"https:\/\/api.w.org\/{rel}","templated":true}]}}