{"id":4251,"date":"2023-04-12T13:09:30","date_gmt":"2023-04-12T13:09:30","guid":{"rendered":"https:\/\/kind.ee\/?post_type=product&#038;p=4251"},"modified":"2025-06-10T10:01:51","modified_gmt":"2025-06-10T10:01:51","slug":"toosark-neutral","status":"publish","type":"product","link":"https:\/\/kind.ee\/et\/toode\/toosark-neutral\/","title":{"rendered":"t\u00f6\u00f6s\u00e4rk Neutral"},"content":{"rendered":"","protected":false},"excerpt":{"rendered":"","protected":false},"featured_media":4276,"template":"","meta":[],"product_brand":[],"product_cat":[263,259],"product_tag":[],"class_list":{"0":"post-4251","1":"product","2":"type-product","3":"status-publish","4":"has-post-thumbnail","6":"product_cat-riided","7":"product_cat-t-sargid","9":"first","10":"instock","11":"shipping-taxable","12":"purchasable","13":"product-type-simple"},"acf":{"muugi_argumendid":["\u00f6kos\u00f5bralik","unisex stiilis"],"sertifikaadid":["EU Ecolabel","Fairtrade","Taastuvenergial toodetud","OEKO-Tex"],"season":["summer: Suve hooaeg"],"loige":"Keskmine","suuruste_tabel":{"ID":4268,"id":4268,"title":"neutral_suurused","filename":"neutral_suurused.png","filesize":11807,"url":"https:\/\/kind.ee\/wp-content\/uploads\/2023\/04\/neutral_suurused.png","link":"https:\/\/kind.ee\/et\/?attachment_id=4268","alt":"","author":"1","description":"","caption":"","name":"neutral_suurused","status":"inherit","uploaded_to":4251,"date":"2023-04-12 13:13:48","modified":"2023-04-12 13:13:48","menu_order":0,"mime_type":"image\/png","type":"image","subtype":"png","icon":"https:\/\/kind.ee\/wp-includes\/images\/media\/default.png","width":793,"height":165,"sizes":{"thumbnail":"https:\/\/kind.ee\/wp-content\/uploads\/2023\/04\/neutral_suurused-150x150.png","thumbnail-width":150,"thumbnail-height":150,"medium":"https:\/\/kind.ee\/wp-content\/uploads\/2023\/04\/neutral_suurused-300x62.png","medium-width":300,"medium-height":62,"medium_large":"https:\/\/kind.ee\/wp-content\/uploads\/2023\/04\/neutral_suurused-768x160.png","medium_large-width":768,"medium_large-height":160,"large":"https:\/\/kind.ee\/wp-content\/uploads\/2023\/04\/neutral_suurused.png","large-width":793,"large-height":165,"1536x1536":"https:\/\/kind.ee\/wp-content\/uploads\/2023\/04\/neutral_suurused.png","1536x1536-width":793,"1536x1536-height":165,"2048x2048":"https:\/\/kind.ee\/wp-content\/uploads\/2023\/04\/neutral_suurused.png","2048x2048-width":793,"2048x2048-height":165,"galerii_large":"https:\/\/kind.ee\/wp-content\/uploads\/2023\/04\/neutral_suurused.png","galerii_large-width":793,"galerii_large-height":165,"galerii_large_retina":"https:\/\/kind.ee\/wp-content\/uploads\/2023\/04\/neutral_suurused.png","galerii_large_retina-width":793,"galerii_large_retina-height":165,"woocommerce_thumbnail":"https:\/\/kind.ee\/wp-content\/uploads\/2023\/04\/neutral_suurused-300x165.png","woocommerce_thumbnail-width":300,"woocommerce_thumbnail-height":165,"woocommerce_single":"https:\/\/kind.ee\/wp-content\/uploads\/2023\/04\/neutral_suurused-600x125.png","woocommerce_single-width":600,"woocommerce_single-height":125,"woocommerce_gallery_thumbnail":"https:\/\/kind.ee\/wp-content\/uploads\/2023\/04\/neutral_suurused-100x100.png","woocommerce_gallery_thumbnail-width":100,"woocommerce_gallery_thumbnail-height":100}},"paksus":"155","min_kogus":"5","kangas":"","kanga-info":"80% orgaaniline puuvill, 20% taaskasutatud pol\u00fcester, kanga paksus 155 g\/m2","toote_pildid_varvide_kaupa":[{"pildid":[{"ID":13052,"id":13052,"title":"O69001UnisexWorkwearT-shirt_Black_Detail_1024x1024","filename":"O69001UnisexWorkwearT-shirt_Black_Detail_1024x1024-e1700495417442.webp","filesize":43436,"url":"https:\/\/kind.ee\/wp-content\/uploads\/2023\/04\/O69001UnisexWorkwearT-shirt_Black_Detail_1024x1024-e1700495417442.webp","link":"https:\/\/kind.ee\/et\/?attachment_id=13052","alt":"","author":"4","description":"","caption":"","name":"o69001unisexworkweart-shirt_black_detail_1024x1024","status":"inherit","uploaded_to":4251,"date":"2023-11-01 22:17:13","modified":"2023-11-20 15:50:36","menu_order":0,"mime_type":"image\/webp","type":"image","subtype":"webp","icon":"https:\/\/kind.ee\/wp-includes\/images\/media\/default.png","width":547,"height":537,"sizes":{"thumbnail":"https:\/\/kind.ee\/wp-content\/uploads\/2023\/04\/O69001UnisexWorkwearT-shirt_Black_Detail_1024x1024-e1700495417442-150x150.webp","thumbnail-width":150,"thumbnail-height":150,"medium":"https:\/\/kind.ee\/wp-content\/uploads\/2023\/04\/O69001UnisexWorkwearT-shirt_Black_Detail_1024x1024-e1700495417442-300x295.webp","medium-width":300,"medium-height":295,"medium_large":"https:\/\/kind.ee\/wp-content\/uploads\/2023\/04\/O69001UnisexWorkwearT-shirt_Black_Detail_1024x1024-e1700495417442.webp","medium_large-width":547,"medium_large-height":537,"large":"https:\/\/kind.ee\/wp-content\/uploads\/2023\/04\/O69001UnisexWorkwearT-shirt_Black_Detail_1024x1024-e1700495417442.webp","large-width":547,"large-height":537,"1536x1536":"https:\/\/kind.ee\/wp-content\/uploads\/2023\/04\/O69001UnisexWorkwearT-shirt_Black_Detail_1024x1024-e1700495417442.webp","1536x1536-width":547,"1536x1536-height":537,"2048x2048":"https:\/\/kind.ee\/wp-content\/uploads\/2023\/04\/O69001UnisexWorkwearT-shirt_Black_Detail_1024x1024-e1700495417442.webp","2048x2048-width":547,"2048x2048-height":537,"galerii_large":"https:\/\/kind.ee\/wp-content\/uploads\/2023\/04\/O69001UnisexWorkwearT-shirt_Black_Detail_1024x1024-e1700495417442.webp","galerii_large-width":547,"galerii_large-height":537,"galerii_large_retina":"https:\/\/kind.ee\/wp-content\/uploads\/2023\/04\/O69001UnisexWorkwearT-shirt_Black_Detail_1024x1024-e1700495417442.webp","galerii_large_retina-width":547,"galerii_large_retina-height":537,"woocommerce_thumbnail":"https:\/\/kind.ee\/wp-content\/uploads\/2023\/04\/O69001UnisexWorkwearT-shirt_Black_Detail_1024x1024-e1700495417442-300x300.webp","woocommerce_thumbnail-width":300,"woocommerce_thumbnail-height":300,"woocommerce_single":"https:\/\/kind.ee\/wp-content\/uploads\/2023\/04\/O69001UnisexWorkwearT-shirt_Black_Detail_1024x1024-e1700495417442.webp","woocommerce_single-width":547,"woocommerce_single-height":537,"woocommerce_gallery_thumbnail":"https:\/\/kind.ee\/wp-content\/uploads\/2023\/04\/O69001UnisexWorkwearT-shirt_Black_Detail_1024x1024-e1700495417442-100x100.webp","woocommerce_gallery_thumbnail-width":100,"woocommerce_gallery_thumbnail-height":100}},{"ID":11381,"id":11381,"title":"O69001_BLA","filename":"O69001_BLA-3.jpg","filesize":307144,"url":"https:\/\/kind.ee\/wp-content\/uploads\/2023\/04\/O69001_BLA-3.jpg","link":"https:\/\/kind.ee\/et\/?attachment_id=11381","alt":"","author":"1","description":"","caption":"","name":"o69001_bla-4","status":"inherit","uploaded_to":4251,"date":"2023-07-18 23:51:16","modified":"2023-07-18 23:51:34","menu_order":0,"mime_type":"image\/jpeg","type":"image","subtype":"jpeg","icon":"https:\/\/kind.ee\/wp-includes\/images\/media\/default.png","width":1600,"height":1939,"sizes":{"thumbnail":"https:\/\/kind.ee\/wp-content\/uploads\/2023\/04\/O69001_BLA-3-150x150.jpg","thumbnail-width":150,"thumbnail-height":150,"medium":"https:\/\/kind.ee\/wp-content\/uploads\/2023\/04\/O69001_BLA-3-248x300.jpg","medium-width":248,"medium-height":300,"medium_large":"https:\/\/kind.ee\/wp-content\/uploads\/2023\/04\/O69001_BLA-3-768x931.jpg","medium_large-width":768,"medium_large-height":931,"large":"https:\/\/kind.ee\/wp-content\/uploads\/2023\/04\/O69001_BLA-3-845x1024.jpg","large-width":845,"large-height":1024,"1536x1536":"https:\/\/kind.ee\/wp-content\/uploads\/2023\/04\/O69001_BLA-3-1267x1536.jpg","1536x1536-width":1267,"1536x1536-height":1536,"2048x2048":"https:\/\/kind.ee\/wp-content\/uploads\/2023\/04\/O69001_BLA-3.jpg","2048x2048-width":1600,"2048x2048-height":1939,"galerii_large":"https:\/\/kind.ee\/wp-content\/uploads\/2023\/04\/O69001_BLA-3-800x970.jpg","galerii_large-width":800,"galerii_large-height":970,"galerii_large_retina":"https:\/\/kind.ee\/wp-content\/uploads\/2023\/04\/O69001_BLA-3.jpg","galerii_large_retina-width":1600,"galerii_large_retina-height":1939,"woocommerce_thumbnail":"https:\/\/kind.ee\/wp-content\/uploads\/2023\/04\/O69001_BLA-3-300x300.jpg","woocommerce_thumbnail-width":300,"woocommerce_thumbnail-height":300,"woocommerce_single":"https:\/\/kind.ee\/wp-content\/uploads\/2023\/04\/O69001_BLA-3-600x727.jpg","woocommerce_single-width":600,"woocommerce_single-height":727,"woocommerce_gallery_thumbnail":"https:\/\/kind.ee\/wp-content\/uploads\/2023\/04\/O69001_BLA-3-100x100.jpg","woocommerce_gallery_thumbnail-width":100,"woocommerce_gallery_thumbnail-height":100}},{"ID":13050,"id":13050,"title":"1_1010ae87-220f-4c3f-9d92-7bf194f30c49_1024x1024","filename":"1_1010ae87-220f-4c3f-9d92-7bf194f30c49_1024x1024.webp","filesize":9250,"url":"https:\/\/kind.ee\/wp-content\/uploads\/2023\/04\/1_1010ae87-220f-4c3f-9d92-7bf194f30c49_1024x1024.webp","link":"https:\/\/kind.ee\/et\/?attachment_id=13050","alt":"","author":"4","description":"","caption":"","name":"1_1010ae87-220f-4c3f-9d92-7bf194f30c49_1024x1024","status":"inherit","uploaded_to":4251,"date":"2023-11-01 22:17:09","modified":"2023-11-01 22:17:16","menu_order":0,"mime_type":"image\/webp","type":"image","subtype":"webp","icon":"https:\/\/kind.ee\/wp-includes\/images\/media\/default.png","width":788,"height":1024,"sizes":{"thumbnail":"https:\/\/kind.ee\/wp-content\/uploads\/2023\/04\/1_1010ae87-220f-4c3f-9d92-7bf194f30c49_1024x1024-150x150.webp","thumbnail-width":150,"thumbnail-height":150,"medium":"https:\/\/kind.ee\/wp-content\/uploads\/2023\/04\/1_1010ae87-220f-4c3f-9d92-7bf194f30c49_1024x1024-231x300.webp","medium-width":231,"medium-height":300,"medium_large":"https:\/\/kind.ee\/wp-content\/uploads\/2023\/04\/1_1010ae87-220f-4c3f-9d92-7bf194f30c49_1024x1024-768x998.webp","medium_large-width":768,"medium_large-height":998,"large":"https:\/\/kind.ee\/wp-content\/uploads\/2023\/04\/1_1010ae87-220f-4c3f-9d92-7bf194f30c49_1024x1024.webp","large-width":788,"large-height":1024,"1536x1536":"https:\/\/kind.ee\/wp-content\/uploads\/2023\/04\/1_1010ae87-220f-4c3f-9d92-7bf194f30c49_1024x1024.webp","1536x1536-width":788,"1536x1536-height":1024,"2048x2048":"https:\/\/kind.ee\/wp-content\/uploads\/2023\/04\/1_1010ae87-220f-4c3f-9d92-7bf194f30c49_1024x1024.webp","2048x2048-width":788,"2048x2048-height":1024,"galerii_large":"https:\/\/kind.ee\/wp-content\/uploads\/2023\/04\/1_1010ae87-220f-4c3f-9d92-7bf194f30c49_1024x1024.webp","galerii_large-width":788,"galerii_large-height":1024,"galerii_large_retina":"https:\/\/kind.ee\/wp-content\/uploads\/2023\/04\/1_1010ae87-220f-4c3f-9d92-7bf194f30c49_1024x1024.webp","galerii_large_retina-width":788,"galerii_large_retina-height":1024,"woocommerce_thumbnail":"https:\/\/kind.ee\/wp-content\/uploads\/2023\/04\/1_1010ae87-220f-4c3f-9d92-7bf194f30c49_1024x1024-300x300.webp","woocommerce_thumbnail-width":300,"woocommerce_thumbnail-height":300,"woocommerce_single":"https:\/\/kind.ee\/wp-content\/uploads\/2023\/04\/1_1010ae87-220f-4c3f-9d92-7bf194f30c49_1024x1024-600x780.webp","woocommerce_single-width":600,"woocommerce_single-height":780,"woocommerce_gallery_thumbnail":"https:\/\/kind.ee\/wp-content\/uploads\/2023\/04\/1_1010ae87-220f-4c3f-9d92-7bf194f30c49_1024x1024-100x100.webp","woocommerce_gallery_thumbnail-width":100,"woocommerce_gallery_thumbnail-height":100}}],"varvikood":false,"varvid-native":false,"varvid-stedman":false,"varvikood-neutral":581,"varvid-sols":false,"midoceani_varvid":false,"purewaste":false,"beechfield-varvid":false,"bagbase":false,"mepal":false},{"pildid":[{"ID":13046,"id":13046,"title":"O69001UnisexWorkwearT-shirt_Navy_1024x1024","filename":"O69001UnisexWorkwearT-shirt_Navy_1024x1024-e1700495472518.webp","filesize":77166,"url":"https:\/\/kind.ee\/wp-content\/uploads\/2023\/04\/O69001UnisexWorkwearT-shirt_Navy_1024x1024-e1700495472518.webp","link":"https:\/\/kind.ee\/et\/?attachment_id=13046","alt":"","author":"4","description":"","caption":"","name":"o69001unisexworkweart-shirt_navy_1024x1024","status":"inherit","uploaded_to":4251,"date":"2023-11-01 22:16:15","modified":"2023-11-20 15:51:22","menu_order":0,"mime_type":"image\/webp","type":"image","subtype":"webp","icon":"https:\/\/kind.ee\/wp-includes\/images\/media\/default.png","width":682,"height":696,"sizes":{"thumbnail":"https:\/\/kind.ee\/wp-content\/uploads\/2023\/04\/O69001UnisexWorkwearT-shirt_Navy_1024x1024-e1700495472518-150x150.webp","thumbnail-width":150,"thumbnail-height":150,"medium":"https:\/\/kind.ee\/wp-content\/uploads\/2023\/04\/O69001UnisexWorkwearT-shirt_Navy_1024x1024-e1700495472518-294x300.webp","medium-width":294,"medium-height":300,"medium_large":"https:\/\/kind.ee\/wp-content\/uploads\/2023\/04\/O69001UnisexWorkwearT-shirt_Navy_1024x1024-e1700495472518.webp","medium_large-width":682,"medium_large-height":696,"large":"https:\/\/kind.ee\/wp-content\/uploads\/2023\/04\/O69001UnisexWorkwearT-shirt_Navy_1024x1024-e1700495472518.webp","large-width":682,"large-height":696,"1536x1536":"https:\/\/kind.ee\/wp-content\/uploads\/2023\/04\/O69001UnisexWorkwearT-shirt_Navy_1024x1024-e1700495472518.webp","1536x1536-width":682,"1536x1536-height":696,"2048x2048":"https:\/\/kind.ee\/wp-content\/uploads\/2023\/04\/O69001UnisexWorkwearT-shirt_Navy_1024x1024-e1700495472518.webp","2048x2048-width":682,"2048x2048-height":696,"galerii_large":"https:\/\/kind.ee\/wp-content\/uploads\/2023\/04\/O69001UnisexWorkwearT-shirt_Navy_1024x1024-e1700495472518.webp","galerii_large-width":682,"galerii_large-height":696,"galerii_large_retina":"https:\/\/kind.ee\/wp-content\/uploads\/2023\/04\/O69001UnisexWorkwearT-shirt_Navy_1024x1024-e1700495472518.webp","galerii_large_retina-width":682,"galerii_large_retina-height":696,"woocommerce_thumbnail":"https:\/\/kind.ee\/wp-content\/uploads\/2023\/04\/O69001UnisexWorkwearT-shirt_Navy_1024x1024-e1700495472518-300x300.webp","woocommerce_thumbnail-width":300,"woocommerce_thumbnail-height":300,"woocommerce_single":"https:\/\/kind.ee\/wp-content\/uploads\/2023\/04\/O69001UnisexWorkwearT-shirt_Navy_1024x1024-e1700495472518-600x612.webp","woocommerce_single-width":600,"woocommerce_single-height":612,"woocommerce_gallery_thumbnail":"https:\/\/kind.ee\/wp-content\/uploads\/2023\/04\/O69001UnisexWorkwearT-shirt_Navy_1024x1024-e1700495472518-100x100.webp","woocommerce_gallery_thumbnail-width":100,"woocommerce_gallery_thumbnail-height":100}},{"ID":11383,"id":11383,"title":"O69001_NAV","filename":"O69001_NAV-1.jpg","filesize":367238,"url":"https:\/\/kind.ee\/wp-content\/uploads\/2023\/04\/O69001_NAV-1.jpg","link":"https:\/\/kind.ee\/et\/?attachment_id=11383","alt":"","author":"1","description":"","caption":"","name":"o69001_nav-2","status":"inherit","uploaded_to":4251,"date":"2023-07-18 23:51:20","modified":"2023-07-18 23:51:38","menu_order":0,"mime_type":"image\/jpeg","type":"image","subtype":"jpeg","icon":"https:\/\/kind.ee\/wp-includes\/images\/media\/default.png","width":1600,"height":1936,"sizes":{"thumbnail":"https:\/\/kind.ee\/wp-content\/uploads\/2023\/04\/O69001_NAV-1-150x150.jpg","thumbnail-width":150,"thumbnail-height":150,"medium":"https:\/\/kind.ee\/wp-content\/uploads\/2023\/04\/O69001_NAV-1-248x300.jpg","medium-width":248,"medium-height":300,"medium_large":"https:\/\/kind.ee\/wp-content\/uploads\/2023\/04\/O69001_NAV-1-768x929.jpg","medium_large-width":768,"medium_large-height":929,"large":"https:\/\/kind.ee\/wp-content\/uploads\/2023\/04\/O69001_NAV-1-846x1024.jpg","large-width":846,"large-height":1024,"1536x1536":"https:\/\/kind.ee\/wp-content\/uploads\/2023\/04\/O69001_NAV-1-1269x1536.jpg","1536x1536-width":1269,"1536x1536-height":1536,"2048x2048":"https:\/\/kind.ee\/wp-content\/uploads\/2023\/04\/O69001_NAV-1.jpg","2048x2048-width":1600,"2048x2048-height":1936,"galerii_large":"https:\/\/kind.ee\/wp-content\/uploads\/2023\/04\/O69001_NAV-1-800x968.jpg","galerii_large-width":800,"galerii_large-height":968,"galerii_large_retina":"https:\/\/kind.ee\/wp-content\/uploads\/2023\/04\/O69001_NAV-1.jpg","galerii_large_retina-width":1600,"galerii_large_retina-height":1936,"woocommerce_thumbnail":"https:\/\/kind.ee\/wp-content\/uploads\/2023\/04\/O69001_NAV-1-300x300.jpg","woocommerce_thumbnail-width":300,"woocommerce_thumbnail-height":300,"woocommerce_single":"https:\/\/kind.ee\/wp-content\/uploads\/2023\/04\/O69001_NAV-1-600x726.jpg","woocommerce_single-width":600,"woocommerce_single-height":726,"woocommerce_gallery_thumbnail":"https:\/\/kind.ee\/wp-content\/uploads\/2023\/04\/O69001_NAV-1-100x100.jpg","woocommerce_gallery_thumbnail-width":100,"woocommerce_gallery_thumbnail-height":100}},{"ID":13048,"id":13048,"title":"2_04b1ef53-888e-4ffb-8d80-bb778c903c1e_1024x1024","filename":"2_04b1ef53-888e-4ffb-8d80-bb778c903c1e_1024x1024.webp","filesize":12198,"url":"https:\/\/kind.ee\/wp-content\/uploads\/2023\/04\/2_04b1ef53-888e-4ffb-8d80-bb778c903c1e_1024x1024.webp","link":"https:\/\/kind.ee\/et\/?attachment_id=13048","alt":"","author":"4","description":"","caption":"","name":"2_04b1ef53-888e-4ffb-8d80-bb778c903c1e_1024x1024","status":"inherit","uploaded_to":4251,"date":"2023-11-01 22:16:36","modified":"2023-11-01 22:16:39","menu_order":0,"mime_type":"image\/webp","type":"image","subtype":"webp","icon":"https:\/\/kind.ee\/wp-includes\/images\/media\/default.png","width":788,"height":1024,"sizes":{"thumbnail":"https:\/\/kind.ee\/wp-content\/uploads\/2023\/04\/2_04b1ef53-888e-4ffb-8d80-bb778c903c1e_1024x1024-150x150.webp","thumbnail-width":150,"thumbnail-height":150,"medium":"https:\/\/kind.ee\/wp-content\/uploads\/2023\/04\/2_04b1ef53-888e-4ffb-8d80-bb778c903c1e_1024x1024-231x300.webp","medium-width":231,"medium-height":300,"medium_large":"https:\/\/kind.ee\/wp-content\/uploads\/2023\/04\/2_04b1ef53-888e-4ffb-8d80-bb778c903c1e_1024x1024-768x998.webp","medium_large-width":768,"medium_large-height":998,"large":"https:\/\/kind.ee\/wp-content\/uploads\/2023\/04\/2_04b1ef53-888e-4ffb-8d80-bb778c903c1e_1024x1024.webp","large-width":788,"large-height":1024,"1536x1536":"https:\/\/kind.ee\/wp-content\/uploads\/2023\/04\/2_04b1ef53-888e-4ffb-8d80-bb778c903c1e_1024x1024.webp","1536x1536-width":788,"1536x1536-height":1024,"2048x2048":"https:\/\/kind.ee\/wp-content\/uploads\/2023\/04\/2_04b1ef53-888e-4ffb-8d80-bb778c903c1e_1024x1024.webp","2048x2048-width":788,"2048x2048-height":1024,"galerii_large":"https:\/\/kind.ee\/wp-content\/uploads\/2023\/04\/2_04b1ef53-888e-4ffb-8d80-bb778c903c1e_1024x1024.webp","galerii_large-width":788,"galerii_large-height":1024,"galerii_large_retina":"https:\/\/kind.ee\/wp-content\/uploads\/2023\/04\/2_04b1ef53-888e-4ffb-8d80-bb778c903c1e_1024x1024.webp","galerii_large_retina-width":788,"galerii_large_retina-height":1024,"woocommerce_thumbnail":"https:\/\/kind.ee\/wp-content\/uploads\/2023\/04\/2_04b1ef53-888e-4ffb-8d80-bb778c903c1e_1024x1024-300x300.webp","woocommerce_thumbnail-width":300,"woocommerce_thumbnail-height":300,"woocommerce_single":"https:\/\/kind.ee\/wp-content\/uploads\/2023\/04\/2_04b1ef53-888e-4ffb-8d80-bb778c903c1e_1024x1024-600x780.webp","woocommerce_single-width":600,"woocommerce_single-height":780,"woocommerce_gallery_thumbnail":"https:\/\/kind.ee\/wp-content\/uploads\/2023\/04\/2_04b1ef53-888e-4ffb-8d80-bb778c903c1e_1024x1024-100x100.webp","woocommerce_gallery_thumbnail-width":100,"woocommerce_gallery_thumbnail-height":100}}],"varvikood":false,"varvid-native":false,"varvid-stedman":false,"varvikood-neutral":585,"varvid-sols":false,"midoceani_varvid":false,"purewaste":false,"beechfield-varvid":false,"bagbase":false,"mepal":false}],"tooteinfo":"Vastupidavast materjalist keskmise l\u00f5ikega T-s\u00e4rk, mis sobib nii meestele kui naistele. S\u00e4rgil on \u00fcmmargune kaelus ja l\u00fchikesed varrukad.","mootmed":"","materjal":"","varvus":""},"_links":{"self":[{"href":"https:\/\/kind.ee\/et\/wp-json\/wp\/v2\/product\/4251","targetHints":{"allow":["GET"]}}],"collection":[{"href":"https:\/\/kind.ee\/et\/wp-json\/wp\/v2\/product"}],"about":[{"href":"https:\/\/kind.ee\/et\/wp-json\/wp\/v2\/types\/product"}],"wp:featuredmedia":[{"embeddable":true,"href":"https:\/\/kind.ee\/et\/wp-json\/wp\/v2\/media\/4276"}],"wp:attachment":[{"href":"https:\/\/kind.ee\/et\/wp-json\/wp\/v2\/media?parent=4251"}],"wp:term":[{"taxonomy":"product_brand","embeddable":true,"href":"https:\/\/kind.ee\/et\/wp-json\/wp\/v2\/product_brand?post=4251"},{"taxonomy":"product_cat","embeddable":true,"href":"https:\/\/kind.ee\/et\/wp-json\/wp\/v2\/product_cat?post=4251"},{"taxonomy":"product_tag","embeddable":true,"href":"https:\/\/kind.ee\/et\/wp-json\/wp\/v2\/product_tag?post=4251"}],"curies":[{"name":"wp","href":"https:\/\/api.w.org\/{rel}","templated":true}]}}