{"id":33598,"date":"2024-12-04T09:29:40","date_gmt":"2024-12-04T09:29:40","guid":{"rendered":"https:\/\/kind.ee\/?post_type=product&#038;p=33598"},"modified":"2026-03-09T22:52:35","modified_gmt":"2026-03-09T22:52:35","slug":"froteekangast-pusa-native-spirit","status":"publish","type":"product","link":"https:\/\/kind.ee\/et\/toode\/froteekangast-pusa-native-spirit\/","title":{"rendered":"froteekangast pusa Native Spirit"},"content":{"rendered":"","protected":false},"excerpt":{"rendered":"","protected":false},"featured_media":33599,"template":"","meta":[],"product_brand":[],"product_cat":[597,263],"product_tag":[],"class_list":{"0":"post-33598","1":"product","2":"type-product","3":"status-publish","4":"has-post-thumbnail","6":"product_cat-pusad","7":"product_cat-riided","9":"first","10":"instock","11":"shipping-taxable","12":"purchasable","13":"product-type-simple"},"acf":{"muugi_argumendid":[],"sertifikaadid":[],"season":[],"loige":"","suuruste_tabel":{"ID":33510,"id":33510,"title":"naiste-suurustabel","filename":"naiste-suurustabel-5.jpg","filesize":73432,"url":"https:\/\/kind.ee\/wp-content\/uploads\/2024\/11\/naiste-suurustabel-5.jpg","link":"https:\/\/kind.ee\/et\/?attachment_id=33510","alt":"","author":"4","description":"","caption":"","name":"naiste-suurustabel-6","status":"inherit","uploaded_to":33505,"date":"2024-11-22 12:39:50","modified":"2024-11-22 12:39:50","menu_order":0,"mime_type":"image\/jpeg","type":"image","subtype":"jpeg","icon":"https:\/\/kind.ee\/wp-includes\/images\/media\/default.png","width":1148,"height":704,"sizes":{"thumbnail":"https:\/\/kind.ee\/wp-content\/uploads\/2024\/11\/naiste-suurustabel-5-150x150.jpg","thumbnail-width":150,"thumbnail-height":150,"medium":"https:\/\/kind.ee\/wp-content\/uploads\/2024\/11\/naiste-suurustabel-5-300x184.jpg","medium-width":300,"medium-height":184,"medium_large":"https:\/\/kind.ee\/wp-content\/uploads\/2024\/11\/naiste-suurustabel-5-768x471.jpg","medium_large-width":768,"medium_large-height":471,"large":"https:\/\/kind.ee\/wp-content\/uploads\/2024\/11\/naiste-suurustabel-5-1024x628.jpg","large-width":1024,"large-height":628,"1536x1536":"https:\/\/kind.ee\/wp-content\/uploads\/2024\/11\/naiste-suurustabel-5.jpg","1536x1536-width":1148,"1536x1536-height":704,"2048x2048":"https:\/\/kind.ee\/wp-content\/uploads\/2024\/11\/naiste-suurustabel-5.jpg","2048x2048-width":1148,"2048x2048-height":704,"galerii_large":"https:\/\/kind.ee\/wp-content\/uploads\/2024\/11\/naiste-suurustabel-5-800x491.jpg","galerii_large-width":800,"galerii_large-height":491,"galerii_large_retina":"https:\/\/kind.ee\/wp-content\/uploads\/2024\/11\/naiste-suurustabel-5.jpg","galerii_large_retina-width":1148,"galerii_large_retina-height":704,"woocommerce_thumbnail":"https:\/\/kind.ee\/wp-content\/uploads\/2024\/11\/naiste-suurustabel-5-300x300.jpg","woocommerce_thumbnail-width":300,"woocommerce_thumbnail-height":300,"woocommerce_single":"https:\/\/kind.ee\/wp-content\/uploads\/2024\/11\/naiste-suurustabel-5-600x368.jpg","woocommerce_single-width":600,"woocommerce_single-height":368,"woocommerce_gallery_thumbnail":"https:\/\/kind.ee\/wp-content\/uploads\/2024\/11\/naiste-suurustabel-5-100x100.jpg","woocommerce_gallery_thumbnail-width":100,"woocommerce_gallery_thumbnail-height":100}},"paksus":"210","min_kogus":"5","kangas":"","kanga-info":"80% orgaaniline puuvill, 20% taaskasutatud pol\u00fcester","mootmed":"XS-XL","toote_pildid_varvide_kaupa":[{"pildid":[{"ID":33607,"id":33607,"title":"emo2_muut","filename":"emo2_muut-15.jpg","filesize":485333,"url":"https:\/\/kind.ee\/wp-content\/uploads\/2024\/11\/emo2_muut-15.jpg","link":"https:\/\/kind.ee\/et\/?attachment_id=33607","alt":"","author":"4","description":"","caption":"","name":"emo2_muut-16","status":"inherit","uploaded_to":33598,"date":"2024-11-24 09:04:17","modified":"2024-11-24 09:04:17","menu_order":0,"mime_type":"image\/jpeg","type":"image","subtype":"jpeg","icon":"https:\/\/kind.ee\/wp-includes\/images\/media\/default.png","width":1666,"height":1930,"sizes":{"thumbnail":"https:\/\/kind.ee\/wp-content\/uploads\/2024\/11\/emo2_muut-15-150x150.jpg","thumbnail-width":150,"thumbnail-height":150,"medium":"https:\/\/kind.ee\/wp-content\/uploads\/2024\/11\/emo2_muut-15-259x300.jpg","medium-width":259,"medium-height":300,"medium_large":"https:\/\/kind.ee\/wp-content\/uploads\/2024\/11\/emo2_muut-15-768x890.jpg","medium_large-width":768,"medium_large-height":890,"large":"https:\/\/kind.ee\/wp-content\/uploads\/2024\/11\/emo2_muut-15-884x1024.jpg","large-width":884,"large-height":1024,"1536x1536":"https:\/\/kind.ee\/wp-content\/uploads\/2024\/11\/emo2_muut-15-1326x1536.jpg","1536x1536-width":1326,"1536x1536-height":1536,"2048x2048":"https:\/\/kind.ee\/wp-content\/uploads\/2024\/11\/emo2_muut-15.jpg","2048x2048-width":1666,"2048x2048-height":1930,"galerii_large":"https:\/\/kind.ee\/wp-content\/uploads\/2024\/11\/emo2_muut-15-800x927.jpg","galerii_large-width":800,"galerii_large-height":927,"galerii_large_retina":"https:\/\/kind.ee\/wp-content\/uploads\/2024\/11\/emo2_muut-15-1600x1854.jpg","galerii_large_retina-width":1600,"galerii_large_retina-height":1854,"woocommerce_thumbnail":"https:\/\/kind.ee\/wp-content\/uploads\/2024\/11\/emo2_muut-15-300x300.jpg","woocommerce_thumbnail-width":300,"woocommerce_thumbnail-height":300,"woocommerce_single":"https:\/\/kind.ee\/wp-content\/uploads\/2024\/11\/emo2_muut-15-600x695.jpg","woocommerce_single-width":600,"woocommerce_single-height":695,"woocommerce_gallery_thumbnail":"https:\/\/kind.ee\/wp-content\/uploads\/2024\/11\/emo2_muut-15-100x100.jpg","woocommerce_gallery_thumbnail-width":100,"woocommerce_gallery_thumbnail-height":100}},{"ID":33605,"id":33605,"title":"emo1_muut","filename":"emo1_muut-12.jpg","filesize":436854,"url":"https:\/\/kind.ee\/wp-content\/uploads\/2024\/11\/emo1_muut-12.jpg","link":"https:\/\/kind.ee\/et\/?attachment_id=33605","alt":"","author":"4","description":"","caption":"","name":"emo1_muut-13","status":"inherit","uploaded_to":33598,"date":"2024-11-24 09:04:11","modified":"2024-11-24 09:04:11","menu_order":0,"mime_type":"image\/jpeg","type":"image","subtype":"jpeg","icon":"https:\/\/kind.ee\/wp-includes\/images\/media\/default.png","width":1546,"height":1882,"sizes":{"thumbnail":"https:\/\/kind.ee\/wp-content\/uploads\/2024\/11\/emo1_muut-12-150x150.jpg","thumbnail-width":150,"thumbnail-height":150,"medium":"https:\/\/kind.ee\/wp-content\/uploads\/2024\/11\/emo1_muut-12-246x300.jpg","medium-width":246,"medium-height":300,"medium_large":"https:\/\/kind.ee\/wp-content\/uploads\/2024\/11\/emo1_muut-12-768x935.jpg","medium_large-width":768,"medium_large-height":935,"large":"https:\/\/kind.ee\/wp-content\/uploads\/2024\/11\/emo1_muut-12-841x1024.jpg","large-width":841,"large-height":1024,"1536x1536":"https:\/\/kind.ee\/wp-content\/uploads\/2024\/11\/emo1_muut-12-1262x1536.jpg","1536x1536-width":1262,"1536x1536-height":1536,"2048x2048":"https:\/\/kind.ee\/wp-content\/uploads\/2024\/11\/emo1_muut-12.jpg","2048x2048-width":1546,"2048x2048-height":1882,"galerii_large":"https:\/\/kind.ee\/wp-content\/uploads\/2024\/11\/emo1_muut-12-800x974.jpg","galerii_large-width":800,"galerii_large-height":974,"galerii_large_retina":"https:\/\/kind.ee\/wp-content\/uploads\/2024\/11\/emo1_muut-12.jpg","galerii_large_retina-width":1546,"galerii_large_retina-height":1882,"woocommerce_thumbnail":"https:\/\/kind.ee\/wp-content\/uploads\/2024\/11\/emo1_muut-12-300x300.jpg","woocommerce_thumbnail-width":300,"woocommerce_thumbnail-height":300,"woocommerce_single":"https:\/\/kind.ee\/wp-content\/uploads\/2024\/11\/emo1_muut-12-600x730.jpg","woocommerce_single-width":600,"woocommerce_single-height":730,"woocommerce_gallery_thumbnail":"https:\/\/kind.ee\/wp-content\/uploads\/2024\/11\/emo1_muut-12-100x100.jpg","woocommerce_gallery_thumbnail-width":100,"woocommerce_gallery_thumbnail-height":100}},{"ID":33609,"id":33609,"title":"etail2","filename":"etail2.jpg","filesize":3297513,"url":"https:\/\/kind.ee\/wp-content\/uploads\/2024\/11\/etail2.jpg","link":"https:\/\/kind.ee\/et\/?attachment_id=33609","alt":"","author":"4","description":"","caption":"","name":"etail2","status":"inherit","uploaded_to":33598,"date":"2024-11-24 09:04:22","modified":"2024-11-24 09:04:22","menu_order":0,"mime_type":"image\/jpeg","type":"image","subtype":"jpeg","icon":"https:\/\/kind.ee\/wp-includes\/images\/media\/default.png","width":1666,"height":2499,"sizes":{"thumbnail":"https:\/\/kind.ee\/wp-content\/uploads\/2024\/11\/etail2-150x150.jpg","thumbnail-width":150,"thumbnail-height":150,"medium":"https:\/\/kind.ee\/wp-content\/uploads\/2024\/11\/etail2-200x300.jpg","medium-width":200,"medium-height":300,"medium_large":"https:\/\/kind.ee\/wp-content\/uploads\/2024\/11\/etail2-768x1152.jpg","medium_large-width":768,"medium_large-height":1152,"large":"https:\/\/kind.ee\/wp-content\/uploads\/2024\/11\/etail2-683x1024.jpg","large-width":683,"large-height":1024,"1536x1536":"https:\/\/kind.ee\/wp-content\/uploads\/2024\/11\/etail2-1024x1536.jpg","1536x1536-width":1024,"1536x1536-height":1536,"2048x2048":"https:\/\/kind.ee\/wp-content\/uploads\/2024\/11\/etail2-1365x2048.jpg","2048x2048-width":1365,"2048x2048-height":2048,"galerii_large":"https:\/\/kind.ee\/wp-content\/uploads\/2024\/11\/etail2-800x1200.jpg","galerii_large-width":800,"galerii_large-height":1200,"galerii_large_retina":"https:\/\/kind.ee\/wp-content\/uploads\/2024\/11\/etail2-1600x2400.jpg","galerii_large_retina-width":1600,"galerii_large_retina-height":2400,"woocommerce_thumbnail":"https:\/\/kind.ee\/wp-content\/uploads\/2024\/11\/etail2-300x300.jpg","woocommerce_thumbnail-width":300,"woocommerce_thumbnail-height":300,"woocommerce_single":"https:\/\/kind.ee\/wp-content\/uploads\/2024\/11\/etail2-600x900.jpg","woocommerce_single-width":600,"woocommerce_single-height":900,"woocommerce_gallery_thumbnail":"https:\/\/kind.ee\/wp-content\/uploads\/2024\/11\/etail2-100x100.jpg","woocommerce_gallery_thumbnail-width":100,"woocommerce_gallery_thumbnail-height":100}},{"ID":33601,"id":33601,"title":"detail1","filename":"detail1-14.jpg","filesize":4195531,"url":"https:\/\/kind.ee\/wp-content\/uploads\/2024\/11\/detail1-14.jpg","link":"https:\/\/kind.ee\/et\/?attachment_id=33601","alt":"","author":"4","description":"","caption":"","name":"detail1-16","status":"inherit","uploaded_to":33598,"date":"2024-11-24 09:03:56","modified":"2024-11-24 09:07:23","menu_order":0,"mime_type":"image\/jpeg","type":"image","subtype":"jpeg","icon":"https:\/\/kind.ee\/wp-includes\/images\/media\/default.png","width":1666,"height":2499,"sizes":{"thumbnail":"https:\/\/kind.ee\/wp-content\/uploads\/2024\/11\/detail1-14-150x150.jpg","thumbnail-width":150,"thumbnail-height":150,"medium":"https:\/\/kind.ee\/wp-content\/uploads\/2024\/11\/detail1-14-200x300.jpg","medium-width":200,"medium-height":300,"medium_large":"https:\/\/kind.ee\/wp-content\/uploads\/2024\/11\/detail1-14-768x1152.jpg","medium_large-width":768,"medium_large-height":1152,"large":"https:\/\/kind.ee\/wp-content\/uploads\/2024\/11\/detail1-14-683x1024.jpg","large-width":683,"large-height":1024,"1536x1536":"https:\/\/kind.ee\/wp-content\/uploads\/2024\/11\/detail1-14-1024x1536.jpg","1536x1536-width":1024,"1536x1536-height":1536,"2048x2048":"https:\/\/kind.ee\/wp-content\/uploads\/2024\/11\/detail1-14-1365x2048.jpg","2048x2048-width":1365,"2048x2048-height":2048,"galerii_large":"https:\/\/kind.ee\/wp-content\/uploads\/2024\/11\/detail1-14-800x1200.jpg","galerii_large-width":800,"galerii_large-height":1200,"galerii_large_retina":"https:\/\/kind.ee\/wp-content\/uploads\/2024\/11\/detail1-14-1600x2400.jpg","galerii_large_retina-width":1600,"galerii_large_retina-height":2400,"woocommerce_thumbnail":"https:\/\/kind.ee\/wp-content\/uploads\/2024\/11\/detail1-14-300x300.jpg","woocommerce_thumbnail-width":300,"woocommerce_thumbnail-height":300,"woocommerce_single":"https:\/\/kind.ee\/wp-content\/uploads\/2024\/11\/detail1-14-600x900.jpg","woocommerce_single-width":600,"woocommerce_single-height":900,"woocommerce_gallery_thumbnail":"https:\/\/kind.ee\/wp-content\/uploads\/2024\/11\/detail1-14-100x100.jpg","woocommerce_gallery_thumbnail-width":100,"woocommerce_gallery_thumbnail-height":100}}],"varvikood":false,"varvid-native":389,"varvid-stedman":false,"varvikood-neutral":false,"varvid-sols":false,"midoceani_varvid":false,"purewaste":false,"beechfield-varvid":false,"bagbase":false,"mepal":false},{"pildid":[{"ID":33611,"id":33611,"title":"kreem-ees","filename":"kreem-ees-7-scaled.jpg","filesize":223963,"url":"https:\/\/kind.ee\/wp-content\/uploads\/2024\/11\/kreem-ees-7-scaled.jpg","link":"https:\/\/kind.ee\/et\/?attachment_id=33611","alt":"","author":"4","description":"","caption":"","name":"kreem-ees-10","status":"inherit","uploaded_to":33598,"date":"2024-11-24 09:04:29","modified":"2024-11-24 09:04:29","menu_order":0,"mime_type":"image\/jpeg","type":"image","subtype":"jpeg","icon":"https:\/\/kind.ee\/wp-includes\/images\/media\/default.png","width":2560,"height":2148,"sizes":{"thumbnail":"https:\/\/kind.ee\/wp-content\/uploads\/2024\/11\/kreem-ees-7-150x150.jpg","thumbnail-width":150,"thumbnail-height":150,"medium":"https:\/\/kind.ee\/wp-content\/uploads\/2024\/11\/kreem-ees-7-300x252.jpg","medium-width":300,"medium-height":252,"medium_large":"https:\/\/kind.ee\/wp-content\/uploads\/2024\/11\/kreem-ees-7-768x644.jpg","medium_large-width":768,"medium_large-height":644,"large":"https:\/\/kind.ee\/wp-content\/uploads\/2024\/11\/kreem-ees-7-1024x859.jpg","large-width":1024,"large-height":859,"1536x1536":"https:\/\/kind.ee\/wp-content\/uploads\/2024\/11\/kreem-ees-7-1536x1289.jpg","1536x1536-width":1536,"1536x1536-height":1289,"2048x2048":"https:\/\/kind.ee\/wp-content\/uploads\/2024\/11\/kreem-ees-7-2048x1718.jpg","2048x2048-width":2048,"2048x2048-height":1718,"galerii_large":"https:\/\/kind.ee\/wp-content\/uploads\/2024\/11\/kreem-ees-7-800x671.jpg","galerii_large-width":800,"galerii_large-height":671,"galerii_large_retina":"https:\/\/kind.ee\/wp-content\/uploads\/2024\/11\/kreem-ees-7-1600x1342.jpg","galerii_large_retina-width":1600,"galerii_large_retina-height":1342,"woocommerce_thumbnail":"https:\/\/kind.ee\/wp-content\/uploads\/2024\/11\/kreem-ees-7-300x300.jpg","woocommerce_thumbnail-width":300,"woocommerce_thumbnail-height":300,"woocommerce_single":"https:\/\/kind.ee\/wp-content\/uploads\/2024\/11\/kreem-ees-7-600x503.jpg","woocommerce_single-width":600,"woocommerce_single-height":503,"woocommerce_gallery_thumbnail":"https:\/\/kind.ee\/wp-content\/uploads\/2024\/11\/kreem-ees-7-100x100.jpg","woocommerce_gallery_thumbnail-width":100,"woocommerce_gallery_thumbnail-height":100}},{"ID":33613,"id":33613,"title":"kreem-taga","filename":"kreem-taga-8-scaled.jpg","filesize":224306,"url":"https:\/\/kind.ee\/wp-content\/uploads\/2024\/11\/kreem-taga-8-scaled.jpg","link":"https:\/\/kind.ee\/et\/?attachment_id=33613","alt":"","author":"4","description":"","caption":"","name":"kreem-taga-9","status":"inherit","uploaded_to":33598,"date":"2024-11-24 09:04:38","modified":"2024-11-24 09:06:44","menu_order":0,"mime_type":"image\/jpeg","type":"image","subtype":"jpeg","icon":"https:\/\/kind.ee\/wp-includes\/images\/media\/default.png","width":2560,"height":2143,"sizes":{"thumbnail":"https:\/\/kind.ee\/wp-content\/uploads\/2024\/11\/kreem-taga-8-150x150.jpg","thumbnail-width":150,"thumbnail-height":150,"medium":"https:\/\/kind.ee\/wp-content\/uploads\/2024\/11\/kreem-taga-8-300x251.jpg","medium-width":300,"medium-height":251,"medium_large":"https:\/\/kind.ee\/wp-content\/uploads\/2024\/11\/kreem-taga-8-768x643.jpg","medium_large-width":768,"medium_large-height":643,"large":"https:\/\/kind.ee\/wp-content\/uploads\/2024\/11\/kreem-taga-8-1024x857.jpg","large-width":1024,"large-height":857,"1536x1536":"https:\/\/kind.ee\/wp-content\/uploads\/2024\/11\/kreem-taga-8-1536x1286.jpg","1536x1536-width":1536,"1536x1536-height":1286,"2048x2048":"https:\/\/kind.ee\/wp-content\/uploads\/2024\/11\/kreem-taga-8-2048x1714.jpg","2048x2048-width":2048,"2048x2048-height":1714,"galerii_large":"https:\/\/kind.ee\/wp-content\/uploads\/2024\/11\/kreem-taga-8-800x670.jpg","galerii_large-width":800,"galerii_large-height":670,"galerii_large_retina":"https:\/\/kind.ee\/wp-content\/uploads\/2024\/11\/kreem-taga-8-1600x1339.jpg","galerii_large_retina-width":1600,"galerii_large_retina-height":1339,"woocommerce_thumbnail":"https:\/\/kind.ee\/wp-content\/uploads\/2024\/11\/kreem-taga-8-300x300.jpg","woocommerce_thumbnail-width":300,"woocommerce_thumbnail-height":300,"woocommerce_single":"https:\/\/kind.ee\/wp-content\/uploads\/2024\/11\/kreem-taga-8-600x502.jpg","woocommerce_single-width":600,"woocommerce_single-height":502,"woocommerce_gallery_thumbnail":"https:\/\/kind.ee\/wp-content\/uploads\/2024\/11\/kreem-taga-8-100x100.jpg","woocommerce_gallery_thumbnail-width":100,"woocommerce_gallery_thumbnail-height":100}}],"varvikood":false,"varvid-native":365,"varvid-stedman":false,"varvikood-neutral":false,"varvid-sols":false,"midoceani_varvid":false,"purewaste":false,"beechfield-varvid":false,"bagbase":false,"mepal":false},{"pildid":[{"ID":33619,"id":33619,"title":"oranz-ees","filename":"oranz-ees-2-scaled.jpg","filesize":661305,"url":"https:\/\/kind.ee\/wp-content\/uploads\/2024\/11\/oranz-ees-2-scaled.jpg","link":"https:\/\/kind.ee\/et\/?attachment_id=33619","alt":"","author":"4","description":"","caption":"","name":"oranz-ees-5","status":"inherit","uploaded_to":33598,"date":"2024-11-24 09:05:06","modified":"2024-11-24 09:05:06","menu_order":0,"mime_type":"image\/jpeg","type":"image","subtype":"jpeg","icon":"https:\/\/kind.ee\/wp-includes\/images\/media\/default.png","width":2560,"height":2112,"sizes":{"thumbnail":"https:\/\/kind.ee\/wp-content\/uploads\/2024\/11\/oranz-ees-2-150x150.jpg","thumbnail-width":150,"thumbnail-height":150,"medium":"https:\/\/kind.ee\/wp-content\/uploads\/2024\/11\/oranz-ees-2-300x248.jpg","medium-width":300,"medium-height":248,"medium_large":"https:\/\/kind.ee\/wp-content\/uploads\/2024\/11\/oranz-ees-2-768x634.jpg","medium_large-width":768,"medium_large-height":634,"large":"https:\/\/kind.ee\/wp-content\/uploads\/2024\/11\/oranz-ees-2-1024x845.jpg","large-width":1024,"large-height":845,"1536x1536":"https:\/\/kind.ee\/wp-content\/uploads\/2024\/11\/oranz-ees-2-1536x1267.jpg","1536x1536-width":1536,"1536x1536-height":1267,"2048x2048":"https:\/\/kind.ee\/wp-content\/uploads\/2024\/11\/oranz-ees-2-2048x1690.jpg","2048x2048-width":2048,"2048x2048-height":1690,"galerii_large":"https:\/\/kind.ee\/wp-content\/uploads\/2024\/11\/oranz-ees-2-800x660.jpg","galerii_large-width":800,"galerii_large-height":660,"galerii_large_retina":"https:\/\/kind.ee\/wp-content\/uploads\/2024\/11\/oranz-ees-2-1600x1320.jpg","galerii_large_retina-width":1600,"galerii_large_retina-height":1320,"woocommerce_thumbnail":"https:\/\/kind.ee\/wp-content\/uploads\/2024\/11\/oranz-ees-2-300x300.jpg","woocommerce_thumbnail-width":300,"woocommerce_thumbnail-height":300,"woocommerce_single":"https:\/\/kind.ee\/wp-content\/uploads\/2024\/11\/oranz-ees-2-600x495.jpg","woocommerce_single-width":600,"woocommerce_single-height":495,"woocommerce_gallery_thumbnail":"https:\/\/kind.ee\/wp-content\/uploads\/2024\/11\/oranz-ees-2-100x100.jpg","woocommerce_gallery_thumbnail-width":100,"woocommerce_gallery_thumbnail-height":100}},{"ID":33621,"id":33621,"title":"oranz-taga","filename":"oranz-taga-2-scaled.jpg","filesize":646971,"url":"https:\/\/kind.ee\/wp-content\/uploads\/2024\/11\/oranz-taga-2-scaled.jpg","link":"https:\/\/kind.ee\/et\/?attachment_id=33621","alt":"","author":"4","description":"","caption":"","name":"oranz-taga-3","status":"inherit","uploaded_to":33598,"date":"2024-11-24 09:05:15","modified":"2024-11-24 09:06:09","menu_order":0,"mime_type":"image\/jpeg","type":"image","subtype":"jpeg","icon":"https:\/\/kind.ee\/wp-includes\/images\/media\/default.png","width":2560,"height":2120,"sizes":{"thumbnail":"https:\/\/kind.ee\/wp-content\/uploads\/2024\/11\/oranz-taga-2-150x150.jpg","thumbnail-width":150,"thumbnail-height":150,"medium":"https:\/\/kind.ee\/wp-content\/uploads\/2024\/11\/oranz-taga-2-300x248.jpg","medium-width":300,"medium-height":248,"medium_large":"https:\/\/kind.ee\/wp-content\/uploads\/2024\/11\/oranz-taga-2-768x636.jpg","medium_large-width":768,"medium_large-height":636,"large":"https:\/\/kind.ee\/wp-content\/uploads\/2024\/11\/oranz-taga-2-1024x848.jpg","large-width":1024,"large-height":848,"1536x1536":"https:\/\/kind.ee\/wp-content\/uploads\/2024\/11\/oranz-taga-2-1536x1272.jpg","1536x1536-width":1536,"1536x1536-height":1272,"2048x2048":"https:\/\/kind.ee\/wp-content\/uploads\/2024\/11\/oranz-taga-2-2048x1696.jpg","2048x2048-width":2048,"2048x2048-height":1696,"galerii_large":"https:\/\/kind.ee\/wp-content\/uploads\/2024\/11\/oranz-taga-2-800x662.jpg","galerii_large-width":800,"galerii_large-height":662,"galerii_large_retina":"https:\/\/kind.ee\/wp-content\/uploads\/2024\/11\/oranz-taga-2-1600x1325.jpg","galerii_large_retina-width":1600,"galerii_large_retina-height":1325,"woocommerce_thumbnail":"https:\/\/kind.ee\/wp-content\/uploads\/2024\/11\/oranz-taga-2-300x300.jpg","woocommerce_thumbnail-width":300,"woocommerce_thumbnail-height":300,"woocommerce_single":"https:\/\/kind.ee\/wp-content\/uploads\/2024\/11\/oranz-taga-2-600x497.jpg","woocommerce_single-width":600,"woocommerce_single-height":497,"woocommerce_gallery_thumbnail":"https:\/\/kind.ee\/wp-content\/uploads\/2024\/11\/oranz-taga-2-100x100.jpg","woocommerce_gallery_thumbnail-width":100,"woocommerce_gallery_thumbnail-height":100}}],"varvikood":false,"varvid-native":371,"varvid-stedman":false,"varvikood-neutral":false,"varvid-sols":false,"midoceani_varvid":false,"purewaste":false,"beechfield-varvid":false,"bagbase":false,"mepal":false}],"tooteinfo":"Portugalis valmistatud mugav hingavast materjalist pusa. Pusa on lohva l\u00f5ikega ja alt \u00e4\u00e4rest l\u00fchem. \r\nSoovitame personaliseeritud toodet pesta tagurpidi, ideaalis 30 kraadi juures, et s\u00e4ilitada v\u00e4rvide kvaliteet. Triikida tagurpidi, et kaitsta tr\u00fckist.\r\nToodet on v\u00f5imalik personaliseerida mitmel viisil: veep\u00f5histe v\u00e4rvidega tr\u00fckk, taaskasutatud niitidega tikand, \u00f5mmeldud kangas silt v\u00f5i riputatav pabersilt. \r\nVali oma tiimile see naiselik hingav pusa juba t\u00e4na.","materjal":"","varvus":""},"_links":{"self":[{"href":"https:\/\/kind.ee\/et\/wp-json\/wp\/v2\/product\/33598","targetHints":{"allow":["GET"]}}],"collection":[{"href":"https:\/\/kind.ee\/et\/wp-json\/wp\/v2\/product"}],"about":[{"href":"https:\/\/kind.ee\/et\/wp-json\/wp\/v2\/types\/product"}],"wp:featuredmedia":[{"embeddable":true,"href":"https:\/\/kind.ee\/et\/wp-json\/wp\/v2\/media\/33599"}],"wp:attachment":[{"href":"https:\/\/kind.ee\/et\/wp-json\/wp\/v2\/media?parent=33598"}],"wp:term":[{"taxonomy":"product_brand","embeddable":true,"href":"https:\/\/kind.ee\/et\/wp-json\/wp\/v2\/product_brand?post=33598"},{"taxonomy":"product_cat","embeddable":true,"href":"https:\/\/kind.ee\/et\/wp-json\/wp\/v2\/product_cat?post=33598"},{"taxonomy":"product_tag","embeddable":true,"href":"https:\/\/kind.ee\/et\/wp-json\/wp\/v2\/product_tag?post=33598"}],"curies":[{"name":"wp","href":"https:\/\/api.w.org\/{rel}","templated":true}]}}