{"id":32942,"date":"2024-12-04T06:33:28","date_gmt":"2024-12-04T06:33:28","guid":{"rendered":"https:\/\/kind.ee\/?post_type=product&#038;p=32942"},"modified":"2026-03-09T22:46:11","modified_gmt":"2026-03-09T22:46:11","slug":"meeste-lohva-t-sark-native-spirit-2","status":"publish","type":"product","link":"https:\/\/kind.ee\/et\/toode\/meeste-lohva-t-sark-native-spirit-2\/","title":{"rendered":"meeste lohva t-s\u00e4rk Native Spirit"},"content":{"rendered":"","protected":false},"excerpt":{"rendered":"","protected":false},"featured_media":32943,"template":"","meta":[],"product_brand":[],"product_cat":[263,259],"product_tag":[],"class_list":{"0":"post-32942","1":"product","2":"type-product","3":"status-publish","4":"has-post-thumbnail","6":"product_cat-riided","7":"product_cat-t-sargid","9":"first","10":"instock","11":"shipping-taxable","12":"purchasable","13":"product-type-simple"},"acf":{"muugi_argumendid":[],"sertifikaadid":[],"season":[],"loige":"","suuruste_tabel":{"ID":32785,"id":32785,"title":"meeste_unisex-suurustabel","filename":"meeste_unisex-suurustabel-4.jpg","filesize":87642,"url":"https:\/\/kind.ee\/wp-content\/uploads\/2024\/11\/meeste_unisex-suurustabel-4.jpg","link":"https:\/\/kind.ee\/et\/?attachment_id=32785","alt":"","author":"4","description":"","caption":"","name":"meeste_unisex-suurustabel-5","status":"inherit","uploaded_to":32942,"date":"2024-11-18 09:14:38","modified":"2026-03-09 22:46:11","menu_order":0,"mime_type":"image\/jpeg","type":"image","subtype":"jpeg","icon":"https:\/\/kind.ee\/wp-includes\/images\/media\/default.png","width":1099,"height":727,"sizes":{"thumbnail":"https:\/\/kind.ee\/wp-content\/uploads\/2024\/11\/meeste_unisex-suurustabel-4-150x150.jpg","thumbnail-width":150,"thumbnail-height":150,"medium":"https:\/\/kind.ee\/wp-content\/uploads\/2024\/11\/meeste_unisex-suurustabel-4-300x198.jpg","medium-width":300,"medium-height":198,"medium_large":"https:\/\/kind.ee\/wp-content\/uploads\/2024\/11\/meeste_unisex-suurustabel-4-768x508.jpg","medium_large-width":768,"medium_large-height":508,"large":"https:\/\/kind.ee\/wp-content\/uploads\/2024\/11\/meeste_unisex-suurustabel-4-1024x677.jpg","large-width":1024,"large-height":677,"1536x1536":"https:\/\/kind.ee\/wp-content\/uploads\/2024\/11\/meeste_unisex-suurustabel-4.jpg","1536x1536-width":1099,"1536x1536-height":727,"2048x2048":"https:\/\/kind.ee\/wp-content\/uploads\/2024\/11\/meeste_unisex-suurustabel-4.jpg","2048x2048-width":1099,"2048x2048-height":727,"galerii_large":"https:\/\/kind.ee\/wp-content\/uploads\/2024\/11\/meeste_unisex-suurustabel-4-800x529.jpg","galerii_large-width":800,"galerii_large-height":529,"galerii_large_retina":"https:\/\/kind.ee\/wp-content\/uploads\/2024\/11\/meeste_unisex-suurustabel-4.jpg","galerii_large_retina-width":1099,"galerii_large_retina-height":727,"woocommerce_thumbnail":"https:\/\/kind.ee\/wp-content\/uploads\/2024\/11\/meeste_unisex-suurustabel-4-300x300.jpg","woocommerce_thumbnail-width":300,"woocommerce_thumbnail-height":300,"woocommerce_single":"https:\/\/kind.ee\/wp-content\/uploads\/2024\/11\/meeste_unisex-suurustabel-4-600x397.jpg","woocommerce_single-width":600,"woocommerce_single-height":397,"woocommerce_gallery_thumbnail":"https:\/\/kind.ee\/wp-content\/uploads\/2024\/11\/meeste_unisex-suurustabel-4-100x100.jpg","woocommerce_gallery_thumbnail-width":100,"woocommerce_gallery_thumbnail-height":100}},"paksus":"220","min_kogus":"5","kangas":"","kanga-info":"100% orgaaniline puuvill","mootmed":"XXS-XXL","toote_pildid_varvide_kaupa":[{"pildid":[{"ID":40930,"id":40930,"title":"NS332-3_2023","filename":"NS332-3_2023-e1773096350664.avif","filesize":14754,"url":"https:\/\/kind.ee\/wp-content\/uploads\/2024\/12\/NS332-3_2023-e1773096350664.avif","link":"https:\/\/kind.ee\/et\/?attachment_id=40930","alt":"","author":"4","description":"","caption":"","name":"ns332-3_2023","status":"inherit","uploaded_to":32942,"date":"2026-03-09 22:45:43","modified":"2026-03-09 22:45:52","menu_order":0,"mime_type":"image\/avif","type":"image","subtype":"avif","icon":"https:\/\/kind.ee\/wp-includes\/images\/media\/default.png","width":736,"height":892,"sizes":{"thumbnail":"https:\/\/kind.ee\/wp-content\/uploads\/2024\/12\/NS332-3_2023-e1773096350664-150x150.avif","thumbnail-width":150,"thumbnail-height":150,"medium":"https:\/\/kind.ee\/wp-content\/uploads\/2024\/12\/NS332-3_2023-e1773096350664-248x300.avif","medium-width":248,"medium-height":300,"medium_large":"https:\/\/kind.ee\/wp-content\/uploads\/2024\/12\/NS332-3_2023-e1773096350664.avif","medium_large-width":736,"medium_large-height":892,"large":"https:\/\/kind.ee\/wp-content\/uploads\/2024\/12\/NS332-3_2023-683x1024.avif","large-width":683,"large-height":1024,"1536x1536":"https:\/\/kind.ee\/wp-content\/uploads\/2024\/12\/NS332-3_2023-e1773096350664.avif","1536x1536-width":736,"1536x1536-height":892,"2048x2048":"https:\/\/kind.ee\/wp-content\/uploads\/2024\/12\/NS332-3_2023-e1773096350664.avif","2048x2048-width":736,"2048x2048-height":892,"galerii_large":"https:\/\/kind.ee\/wp-content\/uploads\/2024\/12\/NS332-3_2023-e1773096350664.avif","galerii_large-width":736,"galerii_large-height":892,"galerii_large_retina":"https:\/\/kind.ee\/wp-content\/uploads\/2024\/12\/NS332-3_2023-e1773096350664.avif","galerii_large_retina-width":736,"galerii_large_retina-height":892,"woocommerce_thumbnail":"https:\/\/kind.ee\/wp-content\/uploads\/2024\/12\/NS332-3_2023-e1773096350664-300x300.avif","woocommerce_thumbnail-width":300,"woocommerce_thumbnail-height":300,"woocommerce_single":"https:\/\/kind.ee\/wp-content\/uploads\/2024\/12\/NS332-3_2023-e1773096350664-600x727.avif","woocommerce_single-width":600,"woocommerce_single-height":727,"woocommerce_gallery_thumbnail":"https:\/\/kind.ee\/wp-content\/uploads\/2024\/12\/NS332-3_2023-e1773096350664-100x100.avif","woocommerce_gallery_thumbnail-width":100,"woocommerce_gallery_thumbnail-height":100}},{"ID":32961,"id":32961,"title":"rohe-ees","filename":"rohe-ees-4.jpg","filesize":1221974,"url":"https:\/\/kind.ee\/wp-content\/uploads\/2024\/11\/rohe-ees-4.jpg","link":"https:\/\/kind.ee\/et\/?attachment_id=32961","alt":"","author":"4","description":"","caption":"","name":"rohe-ees-10","status":"inherit","uploaded_to":32942,"date":"2024-11-20 08:15:50","modified":"2024-11-20 08:15:50","menu_order":0,"mime_type":"image\/jpeg","type":"image","subtype":"jpeg","icon":"https:\/\/kind.ee\/wp-includes\/images\/media\/default.png","width":2362,"height":2362,"sizes":{"thumbnail":"https:\/\/kind.ee\/wp-content\/uploads\/2024\/11\/rohe-ees-4-150x150.jpg","thumbnail-width":150,"thumbnail-height":150,"medium":"https:\/\/kind.ee\/wp-content\/uploads\/2024\/11\/rohe-ees-4-300x300.jpg","medium-width":300,"medium-height":300,"medium_large":"https:\/\/kind.ee\/wp-content\/uploads\/2024\/11\/rohe-ees-4-768x768.jpg","medium_large-width":768,"medium_large-height":768,"large":"https:\/\/kind.ee\/wp-content\/uploads\/2024\/11\/rohe-ees-4-1024x1024.jpg","large-width":1024,"large-height":1024,"1536x1536":"https:\/\/kind.ee\/wp-content\/uploads\/2024\/11\/rohe-ees-4-1536x1536.jpg","1536x1536-width":1536,"1536x1536-height":1536,"2048x2048":"https:\/\/kind.ee\/wp-content\/uploads\/2024\/11\/rohe-ees-4-2048x2048.jpg","2048x2048-width":2048,"2048x2048-height":2048,"galerii_large":"https:\/\/kind.ee\/wp-content\/uploads\/2024\/11\/rohe-ees-4-800x800.jpg","galerii_large-width":800,"galerii_large-height":800,"galerii_large_retina":"https:\/\/kind.ee\/wp-content\/uploads\/2024\/11\/rohe-ees-4-1600x1600.jpg","galerii_large_retina-width":1600,"galerii_large_retina-height":1600,"woocommerce_thumbnail":"https:\/\/kind.ee\/wp-content\/uploads\/2024\/11\/rohe-ees-4-300x300.jpg","woocommerce_thumbnail-width":300,"woocommerce_thumbnail-height":300,"woocommerce_single":"https:\/\/kind.ee\/wp-content\/uploads\/2024\/11\/rohe-ees-4-600x600.jpg","woocommerce_single-width":600,"woocommerce_single-height":600,"woocommerce_gallery_thumbnail":"https:\/\/kind.ee\/wp-content\/uploads\/2024\/11\/rohe-ees-4-100x100.jpg","woocommerce_gallery_thumbnail-width":100,"woocommerce_gallery_thumbnail-height":100}},{"ID":32963,"id":32963,"title":"rohe-taga","filename":"rohe-taga-4.jpg","filesize":1205196,"url":"https:\/\/kind.ee\/wp-content\/uploads\/2024\/11\/rohe-taga-4.jpg","link":"https:\/\/kind.ee\/et\/?attachment_id=32963","alt":"","author":"4","description":"","caption":"","name":"rohe-taga-5","status":"inherit","uploaded_to":32942,"date":"2024-11-20 08:15:58","modified":"2024-11-20 08:30:48","menu_order":0,"mime_type":"image\/jpeg","type":"image","subtype":"jpeg","icon":"https:\/\/kind.ee\/wp-includes\/images\/media\/default.png","width":2362,"height":2362,"sizes":{"thumbnail":"https:\/\/kind.ee\/wp-content\/uploads\/2024\/11\/rohe-taga-4-150x150.jpg","thumbnail-width":150,"thumbnail-height":150,"medium":"https:\/\/kind.ee\/wp-content\/uploads\/2024\/11\/rohe-taga-4-300x300.jpg","medium-width":300,"medium-height":300,"medium_large":"https:\/\/kind.ee\/wp-content\/uploads\/2024\/11\/rohe-taga-4-768x768.jpg","medium_large-width":768,"medium_large-height":768,"large":"https:\/\/kind.ee\/wp-content\/uploads\/2024\/11\/rohe-taga-4-1024x1024.jpg","large-width":1024,"large-height":1024,"1536x1536":"https:\/\/kind.ee\/wp-content\/uploads\/2024\/11\/rohe-taga-4-1536x1536.jpg","1536x1536-width":1536,"1536x1536-height":1536,"2048x2048":"https:\/\/kind.ee\/wp-content\/uploads\/2024\/11\/rohe-taga-4-2048x2048.jpg","2048x2048-width":2048,"2048x2048-height":2048,"galerii_large":"https:\/\/kind.ee\/wp-content\/uploads\/2024\/11\/rohe-taga-4-800x800.jpg","galerii_large-width":800,"galerii_large-height":800,"galerii_large_retina":"https:\/\/kind.ee\/wp-content\/uploads\/2024\/11\/rohe-taga-4-1600x1600.jpg","galerii_large_retina-width":1600,"galerii_large_retina-height":1600,"woocommerce_thumbnail":"https:\/\/kind.ee\/wp-content\/uploads\/2024\/11\/rohe-taga-4-300x300.jpg","woocommerce_thumbnail-width":300,"woocommerce_thumbnail-height":300,"woocommerce_single":"https:\/\/kind.ee\/wp-content\/uploads\/2024\/11\/rohe-taga-4-600x600.jpg","woocommerce_single-width":600,"woocommerce_single-height":600,"woocommerce_gallery_thumbnail":"https:\/\/kind.ee\/wp-content\/uploads\/2024\/11\/rohe-taga-4-100x100.jpg","woocommerce_gallery_thumbnail-width":100,"woocommerce_gallery_thumbnail-height":100}}],"varvikood":false,"varvid-native":424,"varvid-stedman":false,"varvikood-neutral":false,"varvid-sols":false,"midoceani_varvid":false,"purewaste":false,"beechfield-varvid":false,"bagbase":false,"mepal":false},{"pildid":[{"ID":32953,"id":32953,"title":"hall-ees","filename":"hall-ees-2.jpg","filesize":1141428,"url":"https:\/\/kind.ee\/wp-content\/uploads\/2024\/11\/hall-ees-2.jpg","link":"https:\/\/kind.ee\/et\/?attachment_id=32953","alt":"","author":"4","description":"","caption":"","name":"hall-ees-3","status":"inherit","uploaded_to":32942,"date":"2024-11-20 08:15:18","modified":"2024-11-20 08:15:18","menu_order":0,"mime_type":"image\/jpeg","type":"image","subtype":"jpeg","icon":"https:\/\/kind.ee\/wp-includes\/images\/media\/default.png","width":2362,"height":2362,"sizes":{"thumbnail":"https:\/\/kind.ee\/wp-content\/uploads\/2024\/11\/hall-ees-2-150x150.jpg","thumbnail-width":150,"thumbnail-height":150,"medium":"https:\/\/kind.ee\/wp-content\/uploads\/2024\/11\/hall-ees-2-300x300.jpg","medium-width":300,"medium-height":300,"medium_large":"https:\/\/kind.ee\/wp-content\/uploads\/2024\/11\/hall-ees-2-768x768.jpg","medium_large-width":768,"medium_large-height":768,"large":"https:\/\/kind.ee\/wp-content\/uploads\/2024\/11\/hall-ees-2-1024x1024.jpg","large-width":1024,"large-height":1024,"1536x1536":"https:\/\/kind.ee\/wp-content\/uploads\/2024\/11\/hall-ees-2-1536x1536.jpg","1536x1536-width":1536,"1536x1536-height":1536,"2048x2048":"https:\/\/kind.ee\/wp-content\/uploads\/2024\/11\/hall-ees-2-2048x2048.jpg","2048x2048-width":2048,"2048x2048-height":2048,"galerii_large":"https:\/\/kind.ee\/wp-content\/uploads\/2024\/11\/hall-ees-2-800x800.jpg","galerii_large-width":800,"galerii_large-height":800,"galerii_large_retina":"https:\/\/kind.ee\/wp-content\/uploads\/2024\/11\/hall-ees-2-1600x1600.jpg","galerii_large_retina-width":1600,"galerii_large_retina-height":1600,"woocommerce_thumbnail":"https:\/\/kind.ee\/wp-content\/uploads\/2024\/11\/hall-ees-2-300x300.jpg","woocommerce_thumbnail-width":300,"woocommerce_thumbnail-height":300,"woocommerce_single":"https:\/\/kind.ee\/wp-content\/uploads\/2024\/11\/hall-ees-2-600x600.jpg","woocommerce_single-width":600,"woocommerce_single-height":600,"woocommerce_gallery_thumbnail":"https:\/\/kind.ee\/wp-content\/uploads\/2024\/11\/hall-ees-2-100x100.jpg","woocommerce_gallery_thumbnail-width":100,"woocommerce_gallery_thumbnail-height":100}},{"ID":32955,"id":32955,"title":"hall-taga","filename":"hall-taga-2.jpg","filesize":1140237,"url":"https:\/\/kind.ee\/wp-content\/uploads\/2024\/11\/hall-taga-2.jpg","link":"https:\/\/kind.ee\/et\/?attachment_id=32955","alt":"","author":"4","description":"","caption":"","name":"hall-taga-3","status":"inherit","uploaded_to":32942,"date":"2024-11-20 08:15:27","modified":"2024-11-20 08:31:24","menu_order":0,"mime_type":"image\/jpeg","type":"image","subtype":"jpeg","icon":"https:\/\/kind.ee\/wp-includes\/images\/media\/default.png","width":2362,"height":2362,"sizes":{"thumbnail":"https:\/\/kind.ee\/wp-content\/uploads\/2024\/11\/hall-taga-2-150x150.jpg","thumbnail-width":150,"thumbnail-height":150,"medium":"https:\/\/kind.ee\/wp-content\/uploads\/2024\/11\/hall-taga-2-300x300.jpg","medium-width":300,"medium-height":300,"medium_large":"https:\/\/kind.ee\/wp-content\/uploads\/2024\/11\/hall-taga-2-768x768.jpg","medium_large-width":768,"medium_large-height":768,"large":"https:\/\/kind.ee\/wp-content\/uploads\/2024\/11\/hall-taga-2-1024x1024.jpg","large-width":1024,"large-height":1024,"1536x1536":"https:\/\/kind.ee\/wp-content\/uploads\/2024\/11\/hall-taga-2-1536x1536.jpg","1536x1536-width":1536,"1536x1536-height":1536,"2048x2048":"https:\/\/kind.ee\/wp-content\/uploads\/2024\/11\/hall-taga-2-2048x2048.jpg","2048x2048-width":2048,"2048x2048-height":2048,"galerii_large":"https:\/\/kind.ee\/wp-content\/uploads\/2024\/11\/hall-taga-2-800x800.jpg","galerii_large-width":800,"galerii_large-height":800,"galerii_large_retina":"https:\/\/kind.ee\/wp-content\/uploads\/2024\/11\/hall-taga-2-1600x1600.jpg","galerii_large_retina-width":1600,"galerii_large_retina-height":1600,"woocommerce_thumbnail":"https:\/\/kind.ee\/wp-content\/uploads\/2024\/11\/hall-taga-2-300x300.jpg","woocommerce_thumbnail-width":300,"woocommerce_thumbnail-height":300,"woocommerce_single":"https:\/\/kind.ee\/wp-content\/uploads\/2024\/11\/hall-taga-2-600x600.jpg","woocommerce_single-width":600,"woocommerce_single-height":600,"woocommerce_gallery_thumbnail":"https:\/\/kind.ee\/wp-content\/uploads\/2024\/11\/hall-taga-2-100x100.jpg","woocommerce_gallery_thumbnail-width":100,"woocommerce_gallery_thumbnail-height":100}}],"varvikood":false,"varvid-native":428,"varvid-stedman":false,"varvikood-neutral":false,"varvid-sols":false,"midoceani_varvid":false,"purewaste":false,"beechfield-varvid":false,"bagbase":false,"mepal":false},{"pildid":[{"ID":32957,"id":32957,"title":"must-ees","filename":"must-ees-5.jpg","filesize":940037,"url":"https:\/\/kind.ee\/wp-content\/uploads\/2024\/11\/must-ees-5.jpg","link":"https:\/\/kind.ee\/et\/?attachment_id=32957","alt":"","author":"4","description":"","caption":"","name":"must-ees-7","status":"inherit","uploaded_to":32942,"date":"2024-11-20 08:15:35","modified":"2024-11-20 08:15:35","menu_order":0,"mime_type":"image\/jpeg","type":"image","subtype":"jpeg","icon":"https:\/\/kind.ee\/wp-includes\/images\/media\/default.png","width":2362,"height":2362,"sizes":{"thumbnail":"https:\/\/kind.ee\/wp-content\/uploads\/2024\/11\/must-ees-5-150x150.jpg","thumbnail-width":150,"thumbnail-height":150,"medium":"https:\/\/kind.ee\/wp-content\/uploads\/2024\/11\/must-ees-5-300x300.jpg","medium-width":300,"medium-height":300,"medium_large":"https:\/\/kind.ee\/wp-content\/uploads\/2024\/11\/must-ees-5-768x768.jpg","medium_large-width":768,"medium_large-height":768,"large":"https:\/\/kind.ee\/wp-content\/uploads\/2024\/11\/must-ees-5-1024x1024.jpg","large-width":1024,"large-height":1024,"1536x1536":"https:\/\/kind.ee\/wp-content\/uploads\/2024\/11\/must-ees-5-1536x1536.jpg","1536x1536-width":1536,"1536x1536-height":1536,"2048x2048":"https:\/\/kind.ee\/wp-content\/uploads\/2024\/11\/must-ees-5-2048x2048.jpg","2048x2048-width":2048,"2048x2048-height":2048,"galerii_large":"https:\/\/kind.ee\/wp-content\/uploads\/2024\/11\/must-ees-5-800x800.jpg","galerii_large-width":800,"galerii_large-height":800,"galerii_large_retina":"https:\/\/kind.ee\/wp-content\/uploads\/2024\/11\/must-ees-5-1600x1600.jpg","galerii_large_retina-width":1600,"galerii_large_retina-height":1600,"woocommerce_thumbnail":"https:\/\/kind.ee\/wp-content\/uploads\/2024\/11\/must-ees-5-300x300.jpg","woocommerce_thumbnail-width":300,"woocommerce_thumbnail-height":300,"woocommerce_single":"https:\/\/kind.ee\/wp-content\/uploads\/2024\/11\/must-ees-5-600x600.jpg","woocommerce_single-width":600,"woocommerce_single-height":600,"woocommerce_gallery_thumbnail":"https:\/\/kind.ee\/wp-content\/uploads\/2024\/11\/must-ees-5-100x100.jpg","woocommerce_gallery_thumbnail-width":100,"woocommerce_gallery_thumbnail-height":100}},{"ID":32959,"id":32959,"title":"must-taga","filename":"must-taga-6.jpg","filesize":1011914,"url":"https:\/\/kind.ee\/wp-content\/uploads\/2024\/11\/must-taga-6.jpg","link":"https:\/\/kind.ee\/et\/?attachment_id=32959","alt":"","author":"4","description":"","caption":"","name":"must-taga-7","status":"inherit","uploaded_to":32942,"date":"2024-11-20 08:15:43","modified":"2024-11-20 08:31:06","menu_order":0,"mime_type":"image\/jpeg","type":"image","subtype":"jpeg","icon":"https:\/\/kind.ee\/wp-includes\/images\/media\/default.png","width":2362,"height":2362,"sizes":{"thumbnail":"https:\/\/kind.ee\/wp-content\/uploads\/2024\/11\/must-taga-6-150x150.jpg","thumbnail-width":150,"thumbnail-height":150,"medium":"https:\/\/kind.ee\/wp-content\/uploads\/2024\/11\/must-taga-6-300x300.jpg","medium-width":300,"medium-height":300,"medium_large":"https:\/\/kind.ee\/wp-content\/uploads\/2024\/11\/must-taga-6-768x768.jpg","medium_large-width":768,"medium_large-height":768,"large":"https:\/\/kind.ee\/wp-content\/uploads\/2024\/11\/must-taga-6-1024x1024.jpg","large-width":1024,"large-height":1024,"1536x1536":"https:\/\/kind.ee\/wp-content\/uploads\/2024\/11\/must-taga-6-1536x1536.jpg","1536x1536-width":1536,"1536x1536-height":1536,"2048x2048":"https:\/\/kind.ee\/wp-content\/uploads\/2024\/11\/must-taga-6-2048x2048.jpg","2048x2048-width":2048,"2048x2048-height":2048,"galerii_large":"https:\/\/kind.ee\/wp-content\/uploads\/2024\/11\/must-taga-6-800x800.jpg","galerii_large-width":800,"galerii_large-height":800,"galerii_large_retina":"https:\/\/kind.ee\/wp-content\/uploads\/2024\/11\/must-taga-6-1600x1600.jpg","galerii_large_retina-width":1600,"galerii_large_retina-height":1600,"woocommerce_thumbnail":"https:\/\/kind.ee\/wp-content\/uploads\/2024\/11\/must-taga-6-300x300.jpg","woocommerce_thumbnail-width":300,"woocommerce_thumbnail-height":300,"woocommerce_single":"https:\/\/kind.ee\/wp-content\/uploads\/2024\/11\/must-taga-6-600x600.jpg","woocommerce_single-width":600,"woocommerce_single-height":600,"woocommerce_gallery_thumbnail":"https:\/\/kind.ee\/wp-content\/uploads\/2024\/11\/must-taga-6-100x100.jpg","woocommerce_gallery_thumbnail-width":100,"woocommerce_gallery_thumbnail-height":100}}],"varvikood":false,"varvid-native":430,"varvid-stedman":false,"varvikood-neutral":false,"varvid-sols":false,"midoceani_varvid":false,"purewaste":false,"beechfield-varvid":false,"bagbase":false,"mepal":false},{"pildid":[{"ID":32965,"id":32965,"title":"valge-ees","filename":"valge-ees-6-scaled.jpg","filesize":155479,"url":"https:\/\/kind.ee\/wp-content\/uploads\/2024\/11\/valge-ees-6-scaled.jpg","link":"https:\/\/kind.ee\/et\/?attachment_id=32965","alt":"","author":"4","description":"","caption":"","name":"valge-ees-7","status":"inherit","uploaded_to":32942,"date":"2024-11-20 08:16:06","modified":"2024-11-20 08:16:06","menu_order":0,"mime_type":"image\/jpeg","type":"image","subtype":"jpeg","icon":"https:\/\/kind.ee\/wp-includes\/images\/media\/default.png","width":2560,"height":2393,"sizes":{"thumbnail":"https:\/\/kind.ee\/wp-content\/uploads\/2024\/11\/valge-ees-6-150x150.jpg","thumbnail-width":150,"thumbnail-height":150,"medium":"https:\/\/kind.ee\/wp-content\/uploads\/2024\/11\/valge-ees-6-300x280.jpg","medium-width":300,"medium-height":280,"medium_large":"https:\/\/kind.ee\/wp-content\/uploads\/2024\/11\/valge-ees-6-768x718.jpg","medium_large-width":768,"medium_large-height":718,"large":"https:\/\/kind.ee\/wp-content\/uploads\/2024\/11\/valge-ees-6-1024x957.jpg","large-width":1024,"large-height":957,"1536x1536":"https:\/\/kind.ee\/wp-content\/uploads\/2024\/11\/valge-ees-6-1536x1436.jpg","1536x1536-width":1536,"1536x1536-height":1436,"2048x2048":"https:\/\/kind.ee\/wp-content\/uploads\/2024\/11\/valge-ees-6-2048x1914.jpg","2048x2048-width":2048,"2048x2048-height":1914,"galerii_large":"https:\/\/kind.ee\/wp-content\/uploads\/2024\/11\/valge-ees-6-800x748.jpg","galerii_large-width":800,"galerii_large-height":748,"galerii_large_retina":"https:\/\/kind.ee\/wp-content\/uploads\/2024\/11\/valge-ees-6-1600x1495.jpg","galerii_large_retina-width":1600,"galerii_large_retina-height":1495,"woocommerce_thumbnail":"https:\/\/kind.ee\/wp-content\/uploads\/2024\/11\/valge-ees-6-300x300.jpg","woocommerce_thumbnail-width":300,"woocommerce_thumbnail-height":300,"woocommerce_single":"https:\/\/kind.ee\/wp-content\/uploads\/2024\/11\/valge-ees-6-600x561.jpg","woocommerce_single-width":600,"woocommerce_single-height":561,"woocommerce_gallery_thumbnail":"https:\/\/kind.ee\/wp-content\/uploads\/2024\/11\/valge-ees-6-100x100.jpg","woocommerce_gallery_thumbnail-width":100,"woocommerce_gallery_thumbnail-height":100}},{"ID":32967,"id":32967,"title":"valge-taga","filename":"valge-taga-6-scaled.jpg","filesize":151320,"url":"https:\/\/kind.ee\/wp-content\/uploads\/2024\/11\/valge-taga-6-scaled.jpg","link":"https:\/\/kind.ee\/et\/?attachment_id=32967","alt":"","author":"4","description":"","caption":"","name":"valge-taga-7","status":"inherit","uploaded_to":32942,"date":"2024-11-20 08:16:15","modified":"2024-11-20 08:29:54","menu_order":0,"mime_type":"image\/jpeg","type":"image","subtype":"jpeg","icon":"https:\/\/kind.ee\/wp-includes\/images\/media\/default.png","width":2560,"height":2377,"sizes":{"thumbnail":"https:\/\/kind.ee\/wp-content\/uploads\/2024\/11\/valge-taga-6-150x150.jpg","thumbnail-width":150,"thumbnail-height":150,"medium":"https:\/\/kind.ee\/wp-content\/uploads\/2024\/11\/valge-taga-6-300x278.jpg","medium-width":300,"medium-height":278,"medium_large":"https:\/\/kind.ee\/wp-content\/uploads\/2024\/11\/valge-taga-6-768x713.jpg","medium_large-width":768,"medium_large-height":713,"large":"https:\/\/kind.ee\/wp-content\/uploads\/2024\/11\/valge-taga-6-1024x951.jpg","large-width":1024,"large-height":951,"1536x1536":"https:\/\/kind.ee\/wp-content\/uploads\/2024\/11\/valge-taga-6-1536x1426.jpg","1536x1536-width":1536,"1536x1536-height":1426,"2048x2048":"https:\/\/kind.ee\/wp-content\/uploads\/2024\/11\/valge-taga-6-2048x1901.jpg","2048x2048-width":2048,"2048x2048-height":1901,"galerii_large":"https:\/\/kind.ee\/wp-content\/uploads\/2024\/11\/valge-taga-6-800x743.jpg","galerii_large-width":800,"galerii_large-height":743,"galerii_large_retina":"https:\/\/kind.ee\/wp-content\/uploads\/2024\/11\/valge-taga-6-1600x1485.jpg","galerii_large_retina-width":1600,"galerii_large_retina-height":1485,"woocommerce_thumbnail":"https:\/\/kind.ee\/wp-content\/uploads\/2024\/11\/valge-taga-6-300x300.jpg","woocommerce_thumbnail-width":300,"woocommerce_thumbnail-height":300,"woocommerce_single":"https:\/\/kind.ee\/wp-content\/uploads\/2024\/11\/valge-taga-6-600x557.jpg","woocommerce_single-width":600,"woocommerce_single-height":557,"woocommerce_gallery_thumbnail":"https:\/\/kind.ee\/wp-content\/uploads\/2024\/11\/valge-taga-6-100x100.jpg","woocommerce_gallery_thumbnail-width":100,"woocommerce_gallery_thumbnail-height":100}}],"varvikood":false,"varvid-native":364,"varvid-stedman":false,"varvikood-neutral":false,"varvid-sols":false,"midoceani_varvid":false,"purewaste":false,"beechfield-varvid":false,"bagbase":false,"mepal":false}],"tooteinfo":"Lohva l\u00f5ikega meeste vabaaja T-s\u00e4rk. S\u00e4rk on keskmise l\u00f5ikega ja hea tihedusega(220g), mis tagab toote vastupidavuse.\r\nSoovitame personaliseeritud toodet pesta tagurpidi, ideaalis 30 kraadi juures, et s\u00e4ilitada v\u00e4rvide kvaliteet. Triikida tagurpidi, et kaitsta kujundust.\r\nTootel puudub silt, ehk seda on v\u00f5imalik lihtsalt personaliseerida. Toodet on v\u00f5imalik personaliseerida mitmel viisil: veep\u00f5histe v\u00e4rvidega tr\u00fckk, taaskasutatud niitidega tikand, \u00f5mmeldud kangas silt v\u00f5i riputatav pabersilt. \r\nTelli see mugav T-s\u00e4rk juba t\u00e4na ja lisa trendikust oma igap\u00e4eva.","materjal":"","varvus":""},"_links":{"self":[{"href":"https:\/\/kind.ee\/et\/wp-json\/wp\/v2\/product\/32942","targetHints":{"allow":["GET"]}}],"collection":[{"href":"https:\/\/kind.ee\/et\/wp-json\/wp\/v2\/product"}],"about":[{"href":"https:\/\/kind.ee\/et\/wp-json\/wp\/v2\/types\/product"}],"wp:featuredmedia":[{"embeddable":true,"href":"https:\/\/kind.ee\/et\/wp-json\/wp\/v2\/media\/32943"}],"wp:attachment":[{"href":"https:\/\/kind.ee\/et\/wp-json\/wp\/v2\/media?parent=32942"}],"wp:term":[{"taxonomy":"product_brand","embeddable":true,"href":"https:\/\/kind.ee\/et\/wp-json\/wp\/v2\/product_brand?post=32942"},{"taxonomy":"product_cat","embeddable":true,"href":"https:\/\/kind.ee\/et\/wp-json\/wp\/v2\/product_cat?post=32942"},{"taxonomy":"product_tag","embeddable":true,"href":"https:\/\/kind.ee\/et\/wp-json\/wp\/v2\/product_tag?post=32942"}],"curies":[{"name":"wp","href":"https:\/\/api.w.org\/{rel}","templated":true}]}}