{"id":32895,"date":"2024-12-04T09:03:52","date_gmt":"2024-12-04T09:03:52","guid":{"rendered":"https:\/\/kind.ee\/?post_type=product&#038;p=32895"},"modified":"2026-02-02T13:24:25","modified_gmt":"2026-02-02T13:24:25","slug":"mahutav-ostukott-native-spirit","status":"publish","type":"product","link":"https:\/\/kind.ee\/et\/toode\/mahutav-ostukott-native-spirit\/","title":{"rendered":"mahutav ostukott Native Spirit"},"content":{"rendered":"","protected":false},"excerpt":{"rendered":"","protected":false},"featured_media":32898,"template":"","meta":[],"product_brand":[],"product_cat":[598],"product_tag":[],"class_list":{"0":"post-32895","1":"product","2":"type-product","3":"status-publish","4":"has-post-thumbnail","6":"product_cat-kotid","8":"first","9":"instock","10":"shipping-taxable","11":"purchasable","12":"product-type-simple"},"acf":{"muugi_argumendid":[],"sertifikaadid":[],"season":[],"loige":"","suuruste_tabel":false,"paksus":"285","min_kogus":"","kangas":"","kanga-info":"80% puuvill, 20% pol\u00fcester","mootmed":"48L","toote_pildid_varvide_kaupa":[{"pildid":[{"ID":32904,"id":32904,"title":"peach","filename":"peach.jpg","filesize":2103783,"url":"https:\/\/kind.ee\/wp-content\/uploads\/2024\/11\/peach.jpg","link":"https:\/\/kind.ee\/et\/?attachment_id=32904","alt":"","author":"4","description":"","caption":"","name":"peach-2","status":"inherit","uploaded_to":32895,"date":"2024-11-19 13:15:35","modified":"2024-11-19 13:17:11","menu_order":0,"mime_type":"image\/jpeg","type":"image","subtype":"jpeg","icon":"https:\/\/kind.ee\/wp-includes\/images\/media\/default.png","width":2362,"height":2362,"sizes":{"thumbnail":"https:\/\/kind.ee\/wp-content\/uploads\/2024\/11\/peach-150x150.jpg","thumbnail-width":150,"thumbnail-height":150,"medium":"https:\/\/kind.ee\/wp-content\/uploads\/2024\/11\/peach-300x300.jpg","medium-width":300,"medium-height":300,"medium_large":"https:\/\/kind.ee\/wp-content\/uploads\/2024\/11\/peach-768x768.jpg","medium_large-width":768,"medium_large-height":768,"large":"https:\/\/kind.ee\/wp-content\/uploads\/2024\/11\/peach-1024x1024.jpg","large-width":1024,"large-height":1024,"1536x1536":"https:\/\/kind.ee\/wp-content\/uploads\/2024\/11\/peach-1536x1536.jpg","1536x1536-width":1536,"1536x1536-height":1536,"2048x2048":"https:\/\/kind.ee\/wp-content\/uploads\/2024\/11\/peach-2048x2048.jpg","2048x2048-width":2048,"2048x2048-height":2048,"galerii_large":"https:\/\/kind.ee\/wp-content\/uploads\/2024\/11\/peach-800x800.jpg","galerii_large-width":800,"galerii_large-height":800,"galerii_large_retina":"https:\/\/kind.ee\/wp-content\/uploads\/2024\/11\/peach-1600x1600.jpg","galerii_large_retina-width":1600,"galerii_large_retina-height":1600,"woocommerce_thumbnail":"https:\/\/kind.ee\/wp-content\/uploads\/2024\/11\/peach-300x300.jpg","woocommerce_thumbnail-width":300,"woocommerce_thumbnail-height":300,"woocommerce_single":"https:\/\/kind.ee\/wp-content\/uploads\/2024\/11\/peach-600x600.jpg","woocommerce_single-width":600,"woocommerce_single-height":600,"woocommerce_gallery_thumbnail":"https:\/\/kind.ee\/wp-content\/uploads\/2024\/11\/peach-100x100.jpg","woocommerce_gallery_thumbnail-width":100,"woocommerce_gallery_thumbnail-height":100}}],"varvikood":false,"varvid-native":false,"varvid-stedman":false,"varvikood-neutral":false,"varvid-sols":false,"midoceani_varvid":false,"purewaste":false,"beechfield-varvid":false,"bagbase":false,"mepal":false},{"pildid":[{"ID":32906,"id":32906,"title":"puna","filename":"puna.jpg","filesize":1571078,"url":"https:\/\/kind.ee\/wp-content\/uploads\/2024\/11\/puna.jpg","link":"https:\/\/kind.ee\/et\/?attachment_id=32906","alt":"","author":"4","description":"","caption":"","name":"puna-2","status":"inherit","uploaded_to":32895,"date":"2024-11-19 13:15:44","modified":"2024-11-19 13:17:02","menu_order":0,"mime_type":"image\/jpeg","type":"image","subtype":"jpeg","icon":"https:\/\/kind.ee\/wp-includes\/images\/media\/default.png","width":2362,"height":2362,"sizes":{"thumbnail":"https:\/\/kind.ee\/wp-content\/uploads\/2024\/11\/puna-150x150.jpg","thumbnail-width":150,"thumbnail-height":150,"medium":"https:\/\/kind.ee\/wp-content\/uploads\/2024\/11\/puna-300x300.jpg","medium-width":300,"medium-height":300,"medium_large":"https:\/\/kind.ee\/wp-content\/uploads\/2024\/11\/puna-768x768.jpg","medium_large-width":768,"medium_large-height":768,"large":"https:\/\/kind.ee\/wp-content\/uploads\/2024\/11\/puna-1024x1024.jpg","large-width":1024,"large-height":1024,"1536x1536":"https:\/\/kind.ee\/wp-content\/uploads\/2024\/11\/puna-1536x1536.jpg","1536x1536-width":1536,"1536x1536-height":1536,"2048x2048":"https:\/\/kind.ee\/wp-content\/uploads\/2024\/11\/puna-2048x2048.jpg","2048x2048-width":2048,"2048x2048-height":2048,"galerii_large":"https:\/\/kind.ee\/wp-content\/uploads\/2024\/11\/puna-800x800.jpg","galerii_large-width":800,"galerii_large-height":800,"galerii_large_retina":"https:\/\/kind.ee\/wp-content\/uploads\/2024\/11\/puna-1600x1600.jpg","galerii_large_retina-width":1600,"galerii_large_retina-height":1600,"woocommerce_thumbnail":"https:\/\/kind.ee\/wp-content\/uploads\/2024\/11\/puna-300x300.jpg","woocommerce_thumbnail-width":300,"woocommerce_thumbnail-height":300,"woocommerce_single":"https:\/\/kind.ee\/wp-content\/uploads\/2024\/11\/puna-600x600.jpg","woocommerce_single-width":600,"woocommerce_single-height":600,"woocommerce_gallery_thumbnail":"https:\/\/kind.ee\/wp-content\/uploads\/2024\/11\/puna-100x100.jpg","woocommerce_gallery_thumbnail-width":100,"woocommerce_gallery_thumbnail-height":100}}],"varvikood":false,"varvid-native":false,"varvid-stedman":false,"varvikood-neutral":false,"varvid-sols":false,"midoceani_varvid":false,"purewaste":false,"beechfield-varvid":false,"bagbase":false,"mepal":false},{"pildid":[{"ID":32910,"id":32910,"title":"rohesini","filename":"rohesini.jpg","filesize":1419292,"url":"https:\/\/kind.ee\/wp-content\/uploads\/2024\/11\/rohesini.jpg","link":"https:\/\/kind.ee\/et\/?attachment_id=32910","alt":"","author":"4","description":"","caption":"","name":"rohesini","status":"inherit","uploaded_to":32895,"date":"2024-11-19 13:16:06","modified":"2024-11-19 13:16:55","menu_order":0,"mime_type":"image\/jpeg","type":"image","subtype":"jpeg","icon":"https:\/\/kind.ee\/wp-includes\/images\/media\/default.png","width":2362,"height":2362,"sizes":{"thumbnail":"https:\/\/kind.ee\/wp-content\/uploads\/2024\/11\/rohesini-150x150.jpg","thumbnail-width":150,"thumbnail-height":150,"medium":"https:\/\/kind.ee\/wp-content\/uploads\/2024\/11\/rohesini-300x300.jpg","medium-width":300,"medium-height":300,"medium_large":"https:\/\/kind.ee\/wp-content\/uploads\/2024\/11\/rohesini-768x768.jpg","medium_large-width":768,"medium_large-height":768,"large":"https:\/\/kind.ee\/wp-content\/uploads\/2024\/11\/rohesini-1024x1024.jpg","large-width":1024,"large-height":1024,"1536x1536":"https:\/\/kind.ee\/wp-content\/uploads\/2024\/11\/rohesini-1536x1536.jpg","1536x1536-width":1536,"1536x1536-height":1536,"2048x2048":"https:\/\/kind.ee\/wp-content\/uploads\/2024\/11\/rohesini-2048x2048.jpg","2048x2048-width":2048,"2048x2048-height":2048,"galerii_large":"https:\/\/kind.ee\/wp-content\/uploads\/2024\/11\/rohesini-800x800.jpg","galerii_large-width":800,"galerii_large-height":800,"galerii_large_retina":"https:\/\/kind.ee\/wp-content\/uploads\/2024\/11\/rohesini-1600x1600.jpg","galerii_large_retina-width":1600,"galerii_large_retina-height":1600,"woocommerce_thumbnail":"https:\/\/kind.ee\/wp-content\/uploads\/2024\/11\/rohesini-300x300.jpg","woocommerce_thumbnail-width":300,"woocommerce_thumbnail-height":300,"woocommerce_single":"https:\/\/kind.ee\/wp-content\/uploads\/2024\/11\/rohesini-600x600.jpg","woocommerce_single-width":600,"woocommerce_single-height":600,"woocommerce_gallery_thumbnail":"https:\/\/kind.ee\/wp-content\/uploads\/2024\/11\/rohesini-100x100.jpg","woocommerce_gallery_thumbnail-width":100,"woocommerce_gallery_thumbnail-height":100}}],"varvikood":false,"varvid-native":false,"varvid-stedman":false,"varvikood-neutral":false,"varvid-sols":false,"midoceani_varvid":false,"purewaste":false,"beechfield-varvid":false,"bagbase":false,"mepal":false},{"pildid":[{"ID":32912,"id":32912,"title":"sini","filename":"sini-2.jpg","filesize":2267344,"url":"https:\/\/kind.ee\/wp-content\/uploads\/2024\/11\/sini-2.jpg","link":"https:\/\/kind.ee\/et\/?attachment_id=32912","alt":"","author":"4","description":"","caption":"","name":"sini-3","status":"inherit","uploaded_to":32895,"date":"2024-11-19 13:16:14","modified":"2024-11-19 13:16:47","menu_order":0,"mime_type":"image\/jpeg","type":"image","subtype":"jpeg","icon":"https:\/\/kind.ee\/wp-includes\/images\/media\/default.png","width":2362,"height":2362,"sizes":{"thumbnail":"https:\/\/kind.ee\/wp-content\/uploads\/2024\/11\/sini-2-150x150.jpg","thumbnail-width":150,"thumbnail-height":150,"medium":"https:\/\/kind.ee\/wp-content\/uploads\/2024\/11\/sini-2-300x300.jpg","medium-width":300,"medium-height":300,"medium_large":"https:\/\/kind.ee\/wp-content\/uploads\/2024\/11\/sini-2-768x768.jpg","medium_large-width":768,"medium_large-height":768,"large":"https:\/\/kind.ee\/wp-content\/uploads\/2024\/11\/sini-2-1024x1024.jpg","large-width":1024,"large-height":1024,"1536x1536":"https:\/\/kind.ee\/wp-content\/uploads\/2024\/11\/sini-2-1536x1536.jpg","1536x1536-width":1536,"1536x1536-height":1536,"2048x2048":"https:\/\/kind.ee\/wp-content\/uploads\/2024\/11\/sini-2-2048x2048.jpg","2048x2048-width":2048,"2048x2048-height":2048,"galerii_large":"https:\/\/kind.ee\/wp-content\/uploads\/2024\/11\/sini-2-800x800.jpg","galerii_large-width":800,"galerii_large-height":800,"galerii_large_retina":"https:\/\/kind.ee\/wp-content\/uploads\/2024\/11\/sini-2-1600x1600.jpg","galerii_large_retina-width":1600,"galerii_large_retina-height":1600,"woocommerce_thumbnail":"https:\/\/kind.ee\/wp-content\/uploads\/2024\/11\/sini-2-300x300.jpg","woocommerce_thumbnail-width":300,"woocommerce_thumbnail-height":300,"woocommerce_single":"https:\/\/kind.ee\/wp-content\/uploads\/2024\/11\/sini-2-600x600.jpg","woocommerce_single-width":600,"woocommerce_single-height":600,"woocommerce_gallery_thumbnail":"https:\/\/kind.ee\/wp-content\/uploads\/2024\/11\/sini-2-100x100.jpg","woocommerce_gallery_thumbnail-width":100,"woocommerce_gallery_thumbnail-height":100}}],"varvikood":false,"varvid-native":false,"varvid-stedman":false,"varvikood-neutral":false,"varvid-sols":false,"midoceani_varvid":false,"purewaste":false,"beechfield-varvid":false,"bagbase":false,"mepal":false}],"tooteinfo":"Suure mahutavusega \u00fcle\u00f5lakott. Kotil on laiad heledat v\u00e4rvi ja siniste triipudega sangad.\r\nSoovitame personaliseeritud toodet pesta tagurpidi, ideaalis 30 kraadi juures, et s\u00e4ilitada v\u00e4rvide kvaliteet. Triikida tagurpidi, et kaitsta tr\u00fckist.\r\nToodet on v\u00f5imalik personaliseerida mitmel viisil: veep\u00f5histe v\u00e4rvidega tr\u00fckk, taaskasutatud niitidega tikand, \u00f5mmeldud kangas silt v\u00f5i riputatav pabersilt. \r\nToo v\u00e4rvi oma igap\u00e4evasesse ellu selle mahuka kandekotiga, mis on ideaalne n\u00e4dalavahetuse tegevusteks\/reisideks. ","materjal":"","varvus":""},"_links":{"self":[{"href":"https:\/\/kind.ee\/et\/wp-json\/wp\/v2\/product\/32895","targetHints":{"allow":["GET"]}}],"collection":[{"href":"https:\/\/kind.ee\/et\/wp-json\/wp\/v2\/product"}],"about":[{"href":"https:\/\/kind.ee\/et\/wp-json\/wp\/v2\/types\/product"}],"wp:featuredmedia":[{"embeddable":true,"href":"https:\/\/kind.ee\/et\/wp-json\/wp\/v2\/media\/32898"}],"wp:attachment":[{"href":"https:\/\/kind.ee\/et\/wp-json\/wp\/v2\/media?parent=32895"}],"wp:term":[{"taxonomy":"product_brand","embeddable":true,"href":"https:\/\/kind.ee\/et\/wp-json\/wp\/v2\/product_brand?post=32895"},{"taxonomy":"product_cat","embeddable":true,"href":"https:\/\/kind.ee\/et\/wp-json\/wp\/v2\/product_cat?post=32895"},{"taxonomy":"product_tag","embeddable":true,"href":"https:\/\/kind.ee\/et\/wp-json\/wp\/v2\/product_tag?post=32895"}],"curies":[{"name":"wp","href":"https:\/\/api.w.org\/{rel}","templated":true}]}}