{"id":32876,"date":"2024-12-04T09:03:30","date_gmt":"2024-12-04T09:03:30","guid":{"rendered":"https:\/\/kind.ee\/?post_type=product&#038;p=32876"},"modified":"2026-02-02T12:25:18","modified_gmt":"2026-02-02T12:25:18","slug":"puuvillast-ostukott-native-spirit","status":"publish","type":"product","link":"https:\/\/kind.ee\/et\/toode\/puuvillast-ostukott-native-spirit\/","title":{"rendered":"puuvillast ostukott Native Spirit"},"content":{"rendered":"","protected":false},"excerpt":{"rendered":"","protected":false},"featured_media":32883,"template":"","meta":[],"product_brand":[],"product_cat":[598],"product_tag":[],"class_list":{"0":"post-32876","1":"product","2":"type-product","3":"status-publish","4":"has-post-thumbnail","6":"product_cat-kotid","8":"first","9":"instock","10":"shipping-taxable","11":"purchasable","12":"product-type-simple"},"acf":{"muugi_argumendid":[],"sertifikaadid":[],"season":[],"loige":"","suuruste_tabel":false,"paksus":"310","min_kogus":"5","kangas":"","kanga-info":"100% puuvill","mootmed":"22L","toote_pildid_varvide_kaupa":[{"pildid":[{"ID":32881,"id":32881,"title":"must1","filename":"must1.jpg","filesize":1235979,"url":"https:\/\/kind.ee\/wp-content\/uploads\/2024\/11\/must1.jpg","link":"https:\/\/kind.ee\/et\/?attachment_id=32881","alt":"","author":"4","description":"","caption":"","name":"must1","status":"inherit","uploaded_to":32876,"date":"2024-11-19 12:26:03","modified":"2024-11-19 12:26:03","menu_order":0,"mime_type":"image\/jpeg","type":"image","subtype":"jpeg","icon":"https:\/\/kind.ee\/wp-includes\/images\/media\/default.png","width":1862,"height":2500,"sizes":{"thumbnail":"https:\/\/kind.ee\/wp-content\/uploads\/2024\/11\/must1-150x150.jpg","thumbnail-width":150,"thumbnail-height":150,"medium":"https:\/\/kind.ee\/wp-content\/uploads\/2024\/11\/must1-223x300.jpg","medium-width":223,"medium-height":300,"medium_large":"https:\/\/kind.ee\/wp-content\/uploads\/2024\/11\/must1-768x1031.jpg","medium_large-width":768,"medium_large-height":1031,"large":"https:\/\/kind.ee\/wp-content\/uploads\/2024\/11\/must1-763x1024.jpg","large-width":763,"large-height":1024,"1536x1536":"https:\/\/kind.ee\/wp-content\/uploads\/2024\/11\/must1-1144x1536.jpg","1536x1536-width":1144,"1536x1536-height":1536,"2048x2048":"https:\/\/kind.ee\/wp-content\/uploads\/2024\/11\/must1-1525x2048.jpg","2048x2048-width":1525,"2048x2048-height":2048,"galerii_large":"https:\/\/kind.ee\/wp-content\/uploads\/2024\/11\/must1-800x1074.jpg","galerii_large-width":800,"galerii_large-height":1074,"galerii_large_retina":"https:\/\/kind.ee\/wp-content\/uploads\/2024\/11\/must1-1600x2148.jpg","galerii_large_retina-width":1600,"galerii_large_retina-height":2148,"woocommerce_thumbnail":"https:\/\/kind.ee\/wp-content\/uploads\/2024\/11\/must1-300x300.jpg","woocommerce_thumbnail-width":300,"woocommerce_thumbnail-height":300,"woocommerce_single":"https:\/\/kind.ee\/wp-content\/uploads\/2024\/11\/must1-600x806.jpg","woocommerce_single-width":600,"woocommerce_single-height":806,"woocommerce_gallery_thumbnail":"https:\/\/kind.ee\/wp-content\/uploads\/2024\/11\/must1-100x100.jpg","woocommerce_gallery_thumbnail-width":100,"woocommerce_gallery_thumbnail-height":100}}],"varvikood":false,"varvid-native":430,"varvid-stedman":false,"varvikood-neutral":false,"varvid-sols":false,"midoceani_varvid":false,"purewaste":false,"beechfield-varvid":false,"bagbase":false,"mepal":false},{"pildid":[{"ID":32887,"id":32887,"title":"sini1","filename":"sini1.jpg","filesize":1256065,"url":"https:\/\/kind.ee\/wp-content\/uploads\/2024\/11\/sini1.jpg","link":"https:\/\/kind.ee\/et\/?attachment_id=32887","alt":"","author":"4","description":"","caption":"","name":"sini1","status":"inherit","uploaded_to":32876,"date":"2024-11-19 12:26:32","modified":"2024-11-19 12:26:32","menu_order":0,"mime_type":"image\/jpeg","type":"image","subtype":"jpeg","icon":"https:\/\/kind.ee\/wp-includes\/images\/media\/default.png","width":1862,"height":2500,"sizes":{"thumbnail":"https:\/\/kind.ee\/wp-content\/uploads\/2024\/11\/sini1-150x150.jpg","thumbnail-width":150,"thumbnail-height":150,"medium":"https:\/\/kind.ee\/wp-content\/uploads\/2024\/11\/sini1-223x300.jpg","medium-width":223,"medium-height":300,"medium_large":"https:\/\/kind.ee\/wp-content\/uploads\/2024\/11\/sini1-768x1031.jpg","medium_large-width":768,"medium_large-height":1031,"large":"https:\/\/kind.ee\/wp-content\/uploads\/2024\/11\/sini1-763x1024.jpg","large-width":763,"large-height":1024,"1536x1536":"https:\/\/kind.ee\/wp-content\/uploads\/2024\/11\/sini1-1144x1536.jpg","1536x1536-width":1144,"1536x1536-height":1536,"2048x2048":"https:\/\/kind.ee\/wp-content\/uploads\/2024\/11\/sini1-1525x2048.jpg","2048x2048-width":1525,"2048x2048-height":2048,"galerii_large":"https:\/\/kind.ee\/wp-content\/uploads\/2024\/11\/sini1-800x1074.jpg","galerii_large-width":800,"galerii_large-height":1074,"galerii_large_retina":"https:\/\/kind.ee\/wp-content\/uploads\/2024\/11\/sini1-1600x2148.jpg","galerii_large_retina-width":1600,"galerii_large_retina-height":2148,"woocommerce_thumbnail":"https:\/\/kind.ee\/wp-content\/uploads\/2024\/11\/sini1-300x300.jpg","woocommerce_thumbnail-width":300,"woocommerce_thumbnail-height":300,"woocommerce_single":"https:\/\/kind.ee\/wp-content\/uploads\/2024\/11\/sini1-600x806.jpg","woocommerce_single-width":600,"woocommerce_single-height":806,"woocommerce_gallery_thumbnail":"https:\/\/kind.ee\/wp-content\/uploads\/2024\/11\/sini1-100x100.jpg","woocommerce_gallery_thumbnail-width":100,"woocommerce_gallery_thumbnail-height":100}}],"varvikood":false,"varvid-native":403,"varvid-stedman":false,"varvikood-neutral":false,"varvid-sols":false,"midoceani_varvid":false,"purewaste":false,"beechfield-varvid":false,"bagbase":false,"mepal":false},{"pildid":[{"ID":32891,"id":32891,"title":"valge1","filename":"valge1.jpg","filesize":687487,"url":"https:\/\/kind.ee\/wp-content\/uploads\/2024\/11\/valge1.jpg","link":"https:\/\/kind.ee\/et\/?attachment_id=32891","alt":"","author":"4","description":"","caption":"","name":"valge1","status":"inherit","uploaded_to":32876,"date":"2024-11-19 12:26:46","modified":"2024-11-19 12:35:05","menu_order":0,"mime_type":"image\/jpeg","type":"image","subtype":"jpeg","icon":"https:\/\/kind.ee\/wp-includes\/images\/media\/default.png","width":1899,"height":2500,"sizes":{"thumbnail":"https:\/\/kind.ee\/wp-content\/uploads\/2024\/11\/valge1-150x150.jpg","thumbnail-width":150,"thumbnail-height":150,"medium":"https:\/\/kind.ee\/wp-content\/uploads\/2024\/11\/valge1-228x300.jpg","medium-width":228,"medium-height":300,"medium_large":"https:\/\/kind.ee\/wp-content\/uploads\/2024\/11\/valge1-768x1011.jpg","medium_large-width":768,"medium_large-height":1011,"large":"https:\/\/kind.ee\/wp-content\/uploads\/2024\/11\/valge1-778x1024.jpg","large-width":778,"large-height":1024,"1536x1536":"https:\/\/kind.ee\/wp-content\/uploads\/2024\/11\/valge1-1167x1536.jpg","1536x1536-width":1167,"1536x1536-height":1536,"2048x2048":"https:\/\/kind.ee\/wp-content\/uploads\/2024\/11\/valge1-1556x2048.jpg","2048x2048-width":1556,"2048x2048-height":2048,"galerii_large":"https:\/\/kind.ee\/wp-content\/uploads\/2024\/11\/valge1-800x1053.jpg","galerii_large-width":800,"galerii_large-height":1053,"galerii_large_retina":"https:\/\/kind.ee\/wp-content\/uploads\/2024\/11\/valge1-1600x2106.jpg","galerii_large_retina-width":1600,"galerii_large_retina-height":2106,"woocommerce_thumbnail":"https:\/\/kind.ee\/wp-content\/uploads\/2024\/11\/valge1-300x300.jpg","woocommerce_thumbnail-width":300,"woocommerce_thumbnail-height":300,"woocommerce_single":"https:\/\/kind.ee\/wp-content\/uploads\/2024\/11\/valge1-600x790.jpg","woocommerce_single-width":600,"woocommerce_single-height":790,"woocommerce_gallery_thumbnail":"https:\/\/kind.ee\/wp-content\/uploads\/2024\/11\/valge1-100x100.jpg","woocommerce_gallery_thumbnail-width":100,"woocommerce_gallery_thumbnail-height":100}}],"varvikood":false,"varvid-native":364,"varvid-stedman":false,"varvikood-neutral":false,"varvid-sols":false,"midoceani_varvid":false,"purewaste":false,"beechfield-varvid":false,"bagbase":false,"mepal":false}],"tooteinfo":"Suure mahutavusega lihtne ostukott laiade sangadega.\r\nSoovitame personaliseeritud toodet pesta tagurpidi, ideaalis 30 kraadi juures, et s\u00e4ilitada v\u00e4rvide kvaliteet. Triikida tagurpidi, et kaitsta tr\u00fckist.\r\nTootel puudub silt, ehk seda on v\u00f5imalik lihtsalt personaliseerida. \r\nToodet on v\u00f5imalik personaliseerida mitmel viisil: veep\u00f5histe v\u00e4rvidega tr\u00fckk, taaskasutatud niitidega tikand, \u00f5mmeldud kangas silt v\u00f5i riputatav pabersilt. \r\nTelli see lihtne kandekott juba t\u00e4na ja ole stiilne k\u00f5ikjal, kuhu l\u00e4hed.","materjal":"","varvus":""},"_links":{"self":[{"href":"https:\/\/kind.ee\/et\/wp-json\/wp\/v2\/product\/32876","targetHints":{"allow":["GET"]}}],"collection":[{"href":"https:\/\/kind.ee\/et\/wp-json\/wp\/v2\/product"}],"about":[{"href":"https:\/\/kind.ee\/et\/wp-json\/wp\/v2\/types\/product"}],"wp:featuredmedia":[{"embeddable":true,"href":"https:\/\/kind.ee\/et\/wp-json\/wp\/v2\/media\/32883"}],"wp:attachment":[{"href":"https:\/\/kind.ee\/et\/wp-json\/wp\/v2\/media?parent=32876"}],"wp:term":[{"taxonomy":"product_brand","embeddable":true,"href":"https:\/\/kind.ee\/et\/wp-json\/wp\/v2\/product_brand?post=32876"},{"taxonomy":"product_cat","embeddable":true,"href":"https:\/\/kind.ee\/et\/wp-json\/wp\/v2\/product_cat?post=32876"},{"taxonomy":"product_tag","embeddable":true,"href":"https:\/\/kind.ee\/et\/wp-json\/wp\/v2\/product_tag?post=32876"}],"curies":[{"name":"wp","href":"https:\/\/api.w.org\/{rel}","templated":true}]}}