{"id":27067,"date":"2024-12-04T05:50:07","date_gmt":"2024-12-04T05:50:07","guid":{"rendered":"https:\/\/kind.ee\/?post_type=product&#038;p=27067"},"modified":"2026-03-09T22:20:41","modified_gmt":"2026-03-09T22:20:41","slug":"varvi-uleminekuga-t-sark-native-spirit","status":"publish","type":"product","link":"https:\/\/kind.ee\/et\/toode\/varvi-uleminekuga-t-sark-native-spirit\/","title":{"rendered":"v\u00e4rvi \u00fcleminekuga t-s\u00e4rk Native Spirit"},"content":{"rendered":"","protected":false},"excerpt":{"rendered":"","protected":false},"featured_media":27068,"template":"","meta":[],"product_brand":[],"product_cat":[263,259],"product_tag":[],"class_list":{"0":"post-27067","1":"product","2":"type-product","3":"status-publish","4":"has-post-thumbnail","6":"product_cat-riided","7":"product_cat-t-sargid","9":"first","10":"instock","11":"shipping-taxable","12":"purchasable","13":"product-type-simple"},"acf":{"muugi_argumendid":[],"sertifikaadid":[],"season":[],"loige":"","suuruste_tabel":{"ID":27070,"id":27070,"title":"meeste_unisex-suurustabel","filename":"meeste_unisex-suurustabel.jpg","filesize":87642,"url":"https:\/\/kind.ee\/wp-content\/uploads\/2024\/11\/meeste_unisex-suurustabel.jpg","link":"https:\/\/kind.ee\/et\/?attachment_id=27070","alt":"","author":"4","description":"","caption":"","name":"meeste_unisex-suurustabel","status":"inherit","uploaded_to":27067,"date":"2024-11-11 11:53:26","modified":"2024-11-11 11:53:26","menu_order":0,"mime_type":"image\/jpeg","type":"image","subtype":"jpeg","icon":"https:\/\/kind.ee\/wp-includes\/images\/media\/default.png","width":1099,"height":727,"sizes":{"thumbnail":"https:\/\/kind.ee\/wp-content\/uploads\/2024\/11\/meeste_unisex-suurustabel-150x150.jpg","thumbnail-width":150,"thumbnail-height":150,"medium":"https:\/\/kind.ee\/wp-content\/uploads\/2024\/11\/meeste_unisex-suurustabel-300x198.jpg","medium-width":300,"medium-height":198,"medium_large":"https:\/\/kind.ee\/wp-content\/uploads\/2024\/11\/meeste_unisex-suurustabel-768x508.jpg","medium_large-width":768,"medium_large-height":508,"large":"https:\/\/kind.ee\/wp-content\/uploads\/2024\/11\/meeste_unisex-suurustabel-1024x677.jpg","large-width":1024,"large-height":677,"1536x1536":"https:\/\/kind.ee\/wp-content\/uploads\/2024\/11\/meeste_unisex-suurustabel.jpg","1536x1536-width":1099,"1536x1536-height":727,"2048x2048":"https:\/\/kind.ee\/wp-content\/uploads\/2024\/11\/meeste_unisex-suurustabel.jpg","2048x2048-width":1099,"2048x2048-height":727,"galerii_large":"https:\/\/kind.ee\/wp-content\/uploads\/2024\/11\/meeste_unisex-suurustabel-800x529.jpg","galerii_large-width":800,"galerii_large-height":529,"galerii_large_retina":"https:\/\/kind.ee\/wp-content\/uploads\/2024\/11\/meeste_unisex-suurustabel.jpg","galerii_large_retina-width":1099,"galerii_large_retina-height":727,"woocommerce_thumbnail":"https:\/\/kind.ee\/wp-content\/uploads\/2024\/11\/meeste_unisex-suurustabel-300x300.jpg","woocommerce_thumbnail-width":300,"woocommerce_thumbnail-height":300,"woocommerce_single":"https:\/\/kind.ee\/wp-content\/uploads\/2024\/11\/meeste_unisex-suurustabel-600x397.jpg","woocommerce_single-width":600,"woocommerce_single-height":397,"woocommerce_gallery_thumbnail":"https:\/\/kind.ee\/wp-content\/uploads\/2024\/11\/meeste_unisex-suurustabel-100x100.jpg","woocommerce_gallery_thumbnail-width":100,"woocommerce_gallery_thumbnail-height":100}},"paksus":"180","min_kogus":"5","kangas":"","kanga-info":"100% orgaaniline puuvill","mootmed":"XXS-3XL","toote_pildid_varvide_kaupa":[{"pildid":[{"ID":40885,"id":40885,"title":"NS345-7_2023","filename":"NS345-7_2023-scaled-e1773094807722.avif","filesize":80614,"url":"https:\/\/kind.ee\/wp-content\/uploads\/2024\/12\/NS345-7_2023-scaled-e1773094807722.avif","link":"https:\/\/kind.ee\/et\/?attachment_id=40885","alt":"","author":"4","description":"","caption":"","name":"ns345-7_2023","status":"inherit","uploaded_to":27067,"date":"2026-03-09 22:19:53","modified":"2026-03-09 22:20:11","menu_order":0,"mime_type":"image\/avif","type":"image","subtype":"avif","icon":"https:\/\/kind.ee\/wp-includes\/images\/media\/default.png","width":1706,"height":2120,"sizes":{"thumbnail":"https:\/\/kind.ee\/wp-content\/uploads\/2024\/12\/NS345-7_2023-scaled-e1773094807722-150x150.avif","thumbnail-width":150,"thumbnail-height":150,"medium":"https:\/\/kind.ee\/wp-content\/uploads\/2024\/12\/NS345-7_2023-scaled-e1773094807722-241x300.avif","medium-width":241,"medium-height":300,"medium_large":"https:\/\/kind.ee\/wp-content\/uploads\/2024\/12\/NS345-7_2023-scaled-e1773094807722-768x954.avif","medium_large-width":768,"medium_large-height":954,"large":"https:\/\/kind.ee\/wp-content\/uploads\/2024\/12\/NS345-7_2023-scaled-e1773094807722-824x1024.avif","large-width":824,"large-height":1024,"1536x1536":"https:\/\/kind.ee\/wp-content\/uploads\/2024\/12\/NS345-7_2023-scaled-e1773094807722-1236x1536.avif","1536x1536-width":1236,"1536x1536-height":1536,"2048x2048":"https:\/\/kind.ee\/wp-content\/uploads\/2024\/12\/NS345-7_2023-scaled-e1773094807722-1648x2048.avif","2048x2048-width":1648,"2048x2048-height":2048,"galerii_large":"https:\/\/kind.ee\/wp-content\/uploads\/2024\/12\/NS345-7_2023-scaled-e1773094807722-800x994.avif","galerii_large-width":800,"galerii_large-height":994,"galerii_large_retina":"https:\/\/kind.ee\/wp-content\/uploads\/2024\/12\/NS345-7_2023-scaled-e1773094807722-1600x1988.avif","galerii_large_retina-width":1600,"galerii_large_retina-height":1988,"woocommerce_thumbnail":"https:\/\/kind.ee\/wp-content\/uploads\/2024\/12\/NS345-7_2023-scaled-e1773094807722-300x300.avif","woocommerce_thumbnail-width":300,"woocommerce_thumbnail-height":300,"woocommerce_single":"https:\/\/kind.ee\/wp-content\/uploads\/2024\/12\/NS345-7_2023-scaled-e1773094807722-600x746.avif","woocommerce_single-width":600,"woocommerce_single-height":746,"woocommerce_gallery_thumbnail":"https:\/\/kind.ee\/wp-content\/uploads\/2024\/12\/NS345-7_2023-scaled-e1773094807722-100x100.avif","woocommerce_gallery_thumbnail-width":100,"woocommerce_gallery_thumbnail-height":100}},{"ID":29483,"id":29483,"title":"t-sinine","filename":"t-sinine.jpg","filesize":742642,"url":"https:\/\/kind.ee\/wp-content\/uploads\/2024\/11\/t-sinine.jpg","link":"https:\/\/kind.ee\/et\/?attachment_id=29483","alt":"","author":"4","description":"","caption":"","name":"t-sinine-3","status":"inherit","uploaded_to":27067,"date":"2024-11-12 13:09:01","modified":"2024-11-12 13:09:01","menu_order":0,"mime_type":"image\/jpeg","type":"image","subtype":"jpeg","icon":"https:\/\/kind.ee\/wp-includes\/images\/media\/default.png","width":2279,"height":2500,"sizes":{"thumbnail":"https:\/\/kind.ee\/wp-content\/uploads\/2024\/11\/t-sinine-150x150.jpg","thumbnail-width":150,"thumbnail-height":150,"medium":"https:\/\/kind.ee\/wp-content\/uploads\/2024\/11\/t-sinine-273x300.jpg","medium-width":273,"medium-height":300,"medium_large":"https:\/\/kind.ee\/wp-content\/uploads\/2024\/11\/t-sinine-768x842.jpg","medium_large-width":768,"medium_large-height":842,"large":"https:\/\/kind.ee\/wp-content\/uploads\/2024\/11\/t-sinine-933x1024.jpg","large-width":933,"large-height":1024,"1536x1536":"https:\/\/kind.ee\/wp-content\/uploads\/2024\/11\/t-sinine-1400x1536.jpg","1536x1536-width":1400,"1536x1536-height":1536,"2048x2048":"https:\/\/kind.ee\/wp-content\/uploads\/2024\/11\/t-sinine-1867x2048.jpg","2048x2048-width":1867,"2048x2048-height":2048,"galerii_large":"https:\/\/kind.ee\/wp-content\/uploads\/2024\/11\/t-sinine-800x878.jpg","galerii_large-width":800,"galerii_large-height":878,"galerii_large_retina":"https:\/\/kind.ee\/wp-content\/uploads\/2024\/11\/t-sinine-1600x1755.jpg","galerii_large_retina-width":1600,"galerii_large_retina-height":1755,"woocommerce_thumbnail":"https:\/\/kind.ee\/wp-content\/uploads\/2024\/11\/t-sinine-300x300.jpg","woocommerce_thumbnail-width":300,"woocommerce_thumbnail-height":300,"woocommerce_single":"https:\/\/kind.ee\/wp-content\/uploads\/2024\/11\/t-sinine-600x658.jpg","woocommerce_single-width":600,"woocommerce_single-height":658,"woocommerce_gallery_thumbnail":"https:\/\/kind.ee\/wp-content\/uploads\/2024\/11\/t-sinine-100x100.jpg","woocommerce_gallery_thumbnail-width":100,"woocommerce_gallery_thumbnail-height":100}},{"ID":29485,"id":29485,"title":"t-sinine-taga","filename":"t-sinine-taga.jpg","filesize":710648,"url":"https:\/\/kind.ee\/wp-content\/uploads\/2024\/11\/t-sinine-taga.jpg","link":"https:\/\/kind.ee\/et\/?attachment_id=29485","alt":"","author":"4","description":"","caption":"","name":"t-sinine-taga-2","status":"inherit","uploaded_to":27067,"date":"2024-11-12 13:09:08","modified":"2024-11-12 13:10:33","menu_order":0,"mime_type":"image\/jpeg","type":"image","subtype":"jpeg","icon":"https:\/\/kind.ee\/wp-includes\/images\/media\/default.png","width":2277,"height":2500,"sizes":{"thumbnail":"https:\/\/kind.ee\/wp-content\/uploads\/2024\/11\/t-sinine-taga-150x150.jpg","thumbnail-width":150,"thumbnail-height":150,"medium":"https:\/\/kind.ee\/wp-content\/uploads\/2024\/11\/t-sinine-taga-273x300.jpg","medium-width":273,"medium-height":300,"medium_large":"https:\/\/kind.ee\/wp-content\/uploads\/2024\/11\/t-sinine-taga-768x843.jpg","medium_large-width":768,"medium_large-height":843,"large":"https:\/\/kind.ee\/wp-content\/uploads\/2024\/11\/t-sinine-taga-933x1024.jpg","large-width":933,"large-height":1024,"1536x1536":"https:\/\/kind.ee\/wp-content\/uploads\/2024\/11\/t-sinine-taga-1399x1536.jpg","1536x1536-width":1399,"1536x1536-height":1536,"2048x2048":"https:\/\/kind.ee\/wp-content\/uploads\/2024\/11\/t-sinine-taga-1865x2048.jpg","2048x2048-width":1865,"2048x2048-height":2048,"galerii_large":"https:\/\/kind.ee\/wp-content\/uploads\/2024\/11\/t-sinine-taga-800x878.jpg","galerii_large-width":800,"galerii_large-height":878,"galerii_large_retina":"https:\/\/kind.ee\/wp-content\/uploads\/2024\/11\/t-sinine-taga-1600x1757.jpg","galerii_large_retina-width":1600,"galerii_large_retina-height":1757,"woocommerce_thumbnail":"https:\/\/kind.ee\/wp-content\/uploads\/2024\/11\/t-sinine-taga-300x300.jpg","woocommerce_thumbnail-width":300,"woocommerce_thumbnail-height":300,"woocommerce_single":"https:\/\/kind.ee\/wp-content\/uploads\/2024\/11\/t-sinine-taga-600x659.jpg","woocommerce_single-width":600,"woocommerce_single-height":659,"woocommerce_gallery_thumbnail":"https:\/\/kind.ee\/wp-content\/uploads\/2024\/11\/t-sinine-taga-100x100.jpg","woocommerce_gallery_thumbnail-width":100,"woocommerce_gallery_thumbnail-height":100}}],"varvikood":false,"varvid-native":477,"varvid-stedman":false,"varvikood-neutral":false,"varvid-sols":false,"midoceani_varvid":false,"purewaste":false,"beechfield-varvid":false,"bagbase":false,"mepal":false},{"pildid":[{"ID":29477,"id":29477,"title":"t-roheline-taga","filename":"t-roheline-taga.jpg","filesize":855076,"url":"https:\/\/kind.ee\/wp-content\/uploads\/2024\/11\/t-roheline-taga.jpg","link":"https:\/\/kind.ee\/et\/?attachment_id=29477","alt":"","author":"4","description":"","caption":"","name":"t-roheline-taga-2","status":"inherit","uploaded_to":27067,"date":"2024-11-12 13:08:39","modified":"2024-11-12 13:08:39","menu_order":0,"mime_type":"image\/jpeg","type":"image","subtype":"jpeg","icon":"https:\/\/kind.ee\/wp-includes\/images\/media\/default.png","width":2438,"height":2500,"sizes":{"thumbnail":"https:\/\/kind.ee\/wp-content\/uploads\/2024\/11\/t-roheline-taga-150x150.jpg","thumbnail-width":150,"thumbnail-height":150,"medium":"https:\/\/kind.ee\/wp-content\/uploads\/2024\/11\/t-roheline-taga-293x300.jpg","medium-width":293,"medium-height":300,"medium_large":"https:\/\/kind.ee\/wp-content\/uploads\/2024\/11\/t-roheline-taga-768x788.jpg","medium_large-width":768,"medium_large-height":788,"large":"https:\/\/kind.ee\/wp-content\/uploads\/2024\/11\/t-roheline-taga-999x1024.jpg","large-width":999,"large-height":1024,"1536x1536":"https:\/\/kind.ee\/wp-content\/uploads\/2024\/11\/t-roheline-taga-1498x1536.jpg","1536x1536-width":1498,"1536x1536-height":1536,"2048x2048":"https:\/\/kind.ee\/wp-content\/uploads\/2024\/11\/t-roheline-taga-1997x2048.jpg","2048x2048-width":1997,"2048x2048-height":2048,"galerii_large":"https:\/\/kind.ee\/wp-content\/uploads\/2024\/11\/t-roheline-taga-800x820.jpg","galerii_large-width":800,"galerii_large-height":820,"galerii_large_retina":"https:\/\/kind.ee\/wp-content\/uploads\/2024\/11\/t-roheline-taga-1600x1641.jpg","galerii_large_retina-width":1600,"galerii_large_retina-height":1641,"woocommerce_thumbnail":"https:\/\/kind.ee\/wp-content\/uploads\/2024\/11\/t-roheline-taga-300x300.jpg","woocommerce_thumbnail-width":300,"woocommerce_thumbnail-height":300,"woocommerce_single":"https:\/\/kind.ee\/wp-content\/uploads\/2024\/11\/t-roheline-taga-600x615.jpg","woocommerce_single-width":600,"woocommerce_single-height":615,"woocommerce_gallery_thumbnail":"https:\/\/kind.ee\/wp-content\/uploads\/2024\/11\/t-roheline-taga-100x100.jpg","woocommerce_gallery_thumbnail-width":100,"woocommerce_gallery_thumbnail-height":100}},{"ID":29475,"id":29475,"title":"t-roheline","filename":"t-roheline.jpg","filesize":869667,"url":"https:\/\/kind.ee\/wp-content\/uploads\/2024\/11\/t-roheline.jpg","link":"https:\/\/kind.ee\/et\/?attachment_id=29475","alt":"","author":"4","description":"","caption":"","name":"t-roheline-2","status":"inherit","uploaded_to":27067,"date":"2024-11-12 13:08:32","modified":"2024-11-12 13:10:42","menu_order":0,"mime_type":"image\/jpeg","type":"image","subtype":"jpeg","icon":"https:\/\/kind.ee\/wp-includes\/images\/media\/default.png","width":2432,"height":2500,"sizes":{"thumbnail":"https:\/\/kind.ee\/wp-content\/uploads\/2024\/11\/t-roheline-150x150.jpg","thumbnail-width":150,"thumbnail-height":150,"medium":"https:\/\/kind.ee\/wp-content\/uploads\/2024\/11\/t-roheline-292x300.jpg","medium-width":292,"medium-height":300,"medium_large":"https:\/\/kind.ee\/wp-content\/uploads\/2024\/11\/t-roheline-768x789.jpg","medium_large-width":768,"medium_large-height":789,"large":"https:\/\/kind.ee\/wp-content\/uploads\/2024\/11\/t-roheline-996x1024.jpg","large-width":996,"large-height":1024,"1536x1536":"https:\/\/kind.ee\/wp-content\/uploads\/2024\/11\/t-roheline-1494x1536.jpg","1536x1536-width":1494,"1536x1536-height":1536,"2048x2048":"https:\/\/kind.ee\/wp-content\/uploads\/2024\/11\/t-roheline-1992x2048.jpg","2048x2048-width":1992,"2048x2048-height":2048,"galerii_large":"https:\/\/kind.ee\/wp-content\/uploads\/2024\/11\/t-roheline-800x822.jpg","galerii_large-width":800,"galerii_large-height":822,"galerii_large_retina":"https:\/\/kind.ee\/wp-content\/uploads\/2024\/11\/t-roheline-1600x1645.jpg","galerii_large_retina-width":1600,"galerii_large_retina-height":1645,"woocommerce_thumbnail":"https:\/\/kind.ee\/wp-content\/uploads\/2024\/11\/t-roheline-300x300.jpg","woocommerce_thumbnail-width":300,"woocommerce_thumbnail-height":300,"woocommerce_single":"https:\/\/kind.ee\/wp-content\/uploads\/2024\/11\/t-roheline-600x617.jpg","woocommerce_single-width":600,"woocommerce_single-height":617,"woocommerce_gallery_thumbnail":"https:\/\/kind.ee\/wp-content\/uploads\/2024\/11\/t-roheline-100x100.jpg","woocommerce_gallery_thumbnail-width":100,"woocommerce_gallery_thumbnail-height":100}}],"varvikood":false,"varvid-native":478,"varvid-stedman":false,"varvikood-neutral":false,"varvid-sols":false,"midoceani_varvid":false,"purewaste":false,"beechfield-varvid":false,"bagbase":false,"mepal":false},{"pildid":[{"ID":29479,"id":29479,"title":"t-roosa","filename":"t-roosa.jpg","filesize":1130697,"url":"https:\/\/kind.ee\/wp-content\/uploads\/2024\/11\/t-roosa.jpg","link":"https:\/\/kind.ee\/et\/?attachment_id=29479","alt":"","author":"4","description":"","caption":"","name":"t-roosa-2","status":"inherit","uploaded_to":27067,"date":"2024-11-12 13:08:46","modified":"2024-11-12 13:08:46","menu_order":0,"mime_type":"image\/jpeg","type":"image","subtype":"jpeg","icon":"https:\/\/kind.ee\/wp-includes\/images\/media\/default.png","width":2354,"height":2500,"sizes":{"thumbnail":"https:\/\/kind.ee\/wp-content\/uploads\/2024\/11\/t-roosa-150x150.jpg","thumbnail-width":150,"thumbnail-height":150,"medium":"https:\/\/kind.ee\/wp-content\/uploads\/2024\/11\/t-roosa-282x300.jpg","medium-width":282,"medium-height":300,"medium_large":"https:\/\/kind.ee\/wp-content\/uploads\/2024\/11\/t-roosa-768x816.jpg","medium_large-width":768,"medium_large-height":816,"large":"https:\/\/kind.ee\/wp-content\/uploads\/2024\/11\/t-roosa-964x1024.jpg","large-width":964,"large-height":1024,"1536x1536":"https:\/\/kind.ee\/wp-content\/uploads\/2024\/11\/t-roosa-1446x1536.jpg","1536x1536-width":1446,"1536x1536-height":1536,"2048x2048":"https:\/\/kind.ee\/wp-content\/uploads\/2024\/11\/t-roosa-1928x2048.jpg","2048x2048-width":1928,"2048x2048-height":2048,"galerii_large":"https:\/\/kind.ee\/wp-content\/uploads\/2024\/11\/t-roosa-800x850.jpg","galerii_large-width":800,"galerii_large-height":850,"galerii_large_retina":"https:\/\/kind.ee\/wp-content\/uploads\/2024\/11\/t-roosa-1600x1699.jpg","galerii_large_retina-width":1600,"galerii_large_retina-height":1699,"woocommerce_thumbnail":"https:\/\/kind.ee\/wp-content\/uploads\/2024\/11\/t-roosa-300x300.jpg","woocommerce_thumbnail-width":300,"woocommerce_thumbnail-height":300,"woocommerce_single":"https:\/\/kind.ee\/wp-content\/uploads\/2024\/11\/t-roosa-600x637.jpg","woocommerce_single-width":600,"woocommerce_single-height":637,"woocommerce_gallery_thumbnail":"https:\/\/kind.ee\/wp-content\/uploads\/2024\/11\/t-roosa-100x100.jpg","woocommerce_gallery_thumbnail-width":100,"woocommerce_gallery_thumbnail-height":100}},{"ID":29481,"id":29481,"title":"t-roosa-taga","filename":"t-roosa-taga.jpg","filesize":1095524,"url":"https:\/\/kind.ee\/wp-content\/uploads\/2024\/11\/t-roosa-taga.jpg","link":"https:\/\/kind.ee\/et\/?attachment_id=29481","alt":"","author":"4","description":"","caption":"","name":"t-roosa-taga-2","status":"inherit","uploaded_to":27067,"date":"2024-11-12 13:08:54","modified":"2024-11-12 13:10:52","menu_order":0,"mime_type":"image\/jpeg","type":"image","subtype":"jpeg","icon":"https:\/\/kind.ee\/wp-includes\/images\/media\/default.png","width":2362,"height":2500,"sizes":{"thumbnail":"https:\/\/kind.ee\/wp-content\/uploads\/2024\/11\/t-roosa-taga-150x150.jpg","thumbnail-width":150,"thumbnail-height":150,"medium":"https:\/\/kind.ee\/wp-content\/uploads\/2024\/11\/t-roosa-taga-283x300.jpg","medium-width":283,"medium-height":300,"medium_large":"https:\/\/kind.ee\/wp-content\/uploads\/2024\/11\/t-roosa-taga-768x813.jpg","medium_large-width":768,"medium_large-height":813,"large":"https:\/\/kind.ee\/wp-content\/uploads\/2024\/11\/t-roosa-taga-967x1024.jpg","large-width":967,"large-height":1024,"1536x1536":"https:\/\/kind.ee\/wp-content\/uploads\/2024\/11\/t-roosa-taga-1451x1536.jpg","1536x1536-width":1451,"1536x1536-height":1536,"2048x2048":"https:\/\/kind.ee\/wp-content\/uploads\/2024\/11\/t-roosa-taga-1935x2048.jpg","2048x2048-width":1935,"2048x2048-height":2048,"galerii_large":"https:\/\/kind.ee\/wp-content\/uploads\/2024\/11\/t-roosa-taga-800x847.jpg","galerii_large-width":800,"galerii_large-height":847,"galerii_large_retina":"https:\/\/kind.ee\/wp-content\/uploads\/2024\/11\/t-roosa-taga-1600x1693.jpg","galerii_large_retina-width":1600,"galerii_large_retina-height":1693,"woocommerce_thumbnail":"https:\/\/kind.ee\/wp-content\/uploads\/2024\/11\/t-roosa-taga-300x300.jpg","woocommerce_thumbnail-width":300,"woocommerce_thumbnail-height":300,"woocommerce_single":"https:\/\/kind.ee\/wp-content\/uploads\/2024\/11\/t-roosa-taga-600x635.jpg","woocommerce_single-width":600,"woocommerce_single-height":635,"woocommerce_gallery_thumbnail":"https:\/\/kind.ee\/wp-content\/uploads\/2024\/11\/t-roosa-taga-100x100.jpg","woocommerce_gallery_thumbnail-width":100,"woocommerce_gallery_thumbnail-height":100}}],"varvikood":false,"varvid-native":479,"varvid-stedman":false,"varvikood-neutral":false,"varvid-sols":false,"midoceani_varvid":false,"purewaste":false,"beechfield-varvid":false,"bagbase":false,"mepal":false},{"pildid":[{"ID":29471,"id":29471,"title":"t-pruun","filename":"t-pruun.jpg","filesize":1074019,"url":"https:\/\/kind.ee\/wp-content\/uploads\/2024\/11\/t-pruun.jpg","link":"https:\/\/kind.ee\/et\/?attachment_id=29471","alt":"","author":"4","description":"","caption":"","name":"t-pruun-2","status":"inherit","uploaded_to":27067,"date":"2024-11-12 13:08:17","modified":"2024-11-12 13:08:17","menu_order":0,"mime_type":"image\/jpeg","type":"image","subtype":"jpeg","icon":"https:\/\/kind.ee\/wp-includes\/images\/media\/default.png","width":2352,"height":2500,"sizes":{"thumbnail":"https:\/\/kind.ee\/wp-content\/uploads\/2024\/11\/t-pruun-150x150.jpg","thumbnail-width":150,"thumbnail-height":150,"medium":"https:\/\/kind.ee\/wp-content\/uploads\/2024\/11\/t-pruun-282x300.jpg","medium-width":282,"medium-height":300,"medium_large":"https:\/\/kind.ee\/wp-content\/uploads\/2024\/11\/t-pruun-768x816.jpg","medium_large-width":768,"medium_large-height":816,"large":"https:\/\/kind.ee\/wp-content\/uploads\/2024\/11\/t-pruun-963x1024.jpg","large-width":963,"large-height":1024,"1536x1536":"https:\/\/kind.ee\/wp-content\/uploads\/2024\/11\/t-pruun-1445x1536.jpg","1536x1536-width":1445,"1536x1536-height":1536,"2048x2048":"https:\/\/kind.ee\/wp-content\/uploads\/2024\/11\/t-pruun-1927x2048.jpg","2048x2048-width":1927,"2048x2048-height":2048,"galerii_large":"https:\/\/kind.ee\/wp-content\/uploads\/2024\/11\/t-pruun-800x850.jpg","galerii_large-width":800,"galerii_large-height":850,"galerii_large_retina":"https:\/\/kind.ee\/wp-content\/uploads\/2024\/11\/t-pruun-1600x1701.jpg","galerii_large_retina-width":1600,"galerii_large_retina-height":1701,"woocommerce_thumbnail":"https:\/\/kind.ee\/wp-content\/uploads\/2024\/11\/t-pruun-300x300.jpg","woocommerce_thumbnail-width":300,"woocommerce_thumbnail-height":300,"woocommerce_single":"https:\/\/kind.ee\/wp-content\/uploads\/2024\/11\/t-pruun-600x638.jpg","woocommerce_single-width":600,"woocommerce_single-height":638,"woocommerce_gallery_thumbnail":"https:\/\/kind.ee\/wp-content\/uploads\/2024\/11\/t-pruun-100x100.jpg","woocommerce_gallery_thumbnail-width":100,"woocommerce_gallery_thumbnail-height":100}},{"ID":29473,"id":29473,"title":"t-pruun-taga","filename":"t-pruun-taga.jpg","filesize":1043286,"url":"https:\/\/kind.ee\/wp-content\/uploads\/2024\/11\/t-pruun-taga.jpg","link":"https:\/\/kind.ee\/et\/?attachment_id=29473","alt":"","author":"4","description":"","caption":"","name":"t-pruun-taga-2","status":"inherit","uploaded_to":27067,"date":"2024-11-12 13:08:25","modified":"2024-11-12 13:11:01","menu_order":0,"mime_type":"image\/jpeg","type":"image","subtype":"jpeg","icon":"https:\/\/kind.ee\/wp-includes\/images\/media\/default.png","width":2358,"height":2500,"sizes":{"thumbnail":"https:\/\/kind.ee\/wp-content\/uploads\/2024\/11\/t-pruun-taga-150x150.jpg","thumbnail-width":150,"thumbnail-height":150,"medium":"https:\/\/kind.ee\/wp-content\/uploads\/2024\/11\/t-pruun-taga-283x300.jpg","medium-width":283,"medium-height":300,"medium_large":"https:\/\/kind.ee\/wp-content\/uploads\/2024\/11\/t-pruun-taga-768x814.jpg","medium_large-width":768,"medium_large-height":814,"large":"https:\/\/kind.ee\/wp-content\/uploads\/2024\/11\/t-pruun-taga-966x1024.jpg","large-width":966,"large-height":1024,"1536x1536":"https:\/\/kind.ee\/wp-content\/uploads\/2024\/11\/t-pruun-taga-1449x1536.jpg","1536x1536-width":1449,"1536x1536-height":1536,"2048x2048":"https:\/\/kind.ee\/wp-content\/uploads\/2024\/11\/t-pruun-taga-1932x2048.jpg","2048x2048-width":1932,"2048x2048-height":2048,"galerii_large":"https:\/\/kind.ee\/wp-content\/uploads\/2024\/11\/t-pruun-taga-800x848.jpg","galerii_large-width":800,"galerii_large-height":848,"galerii_large_retina":"https:\/\/kind.ee\/wp-content\/uploads\/2024\/11\/t-pruun-taga-1600x1696.jpg","galerii_large_retina-width":1600,"galerii_large_retina-height":1696,"woocommerce_thumbnail":"https:\/\/kind.ee\/wp-content\/uploads\/2024\/11\/t-pruun-taga-300x300.jpg","woocommerce_thumbnail-width":300,"woocommerce_thumbnail-height":300,"woocommerce_single":"https:\/\/kind.ee\/wp-content\/uploads\/2024\/11\/t-pruun-taga-600x636.jpg","woocommerce_single-width":600,"woocommerce_single-height":636,"woocommerce_gallery_thumbnail":"https:\/\/kind.ee\/wp-content\/uploads\/2024\/11\/t-pruun-taga-100x100.jpg","woocommerce_gallery_thumbnail-width":100,"woocommerce_gallery_thumbnail-height":100}}],"varvikood":false,"varvid-native":480,"varvid-stedman":false,"varvikood-neutral":false,"varvid-sols":false,"midoceani_varvid":false,"purewaste":false,"beechfield-varvid":false,"bagbase":false,"mepal":false}],"tooteinfo":"V\u00e4rvi \u00fcleminekuga unisex vabaaja T-s\u00e4rk. Keskmise laiusega ja hea tihedusega(180g), mis tagab toote vastupidavuse. S\u00e4rk on v\u00e4rvitud p\u00e4rast kokkupanekut. \r\n\r\nSoovitame personaliseeritud toodet pesta tagurpidi, ideaalis 30 kraadi juures, et s\u00e4ilitada v\u00e4rvide kvaliteet. Triikida tagurpidi, et kaitsta kujundust.\r\n\r\nTootel puudub silt, ehk seda on v\u00f5imalik lihtsalt personaliseerida. Toodet on v\u00f5imalik personaliseerida mitmel viisil: veep\u00f5histe v\u00e4rvidega tr\u00fckk, taaskasutatud niitidega tikand, \u00f5mmeldud kangas silt v\u00f5i riputatav pabersilt.\r\n\r\nIdeaalne nii igap\u00e4evaseks kandmiseks, sporditegevuseks kui ka s\u00f5pradega v\u00e4ljas k\u00e4imiseks. Telli see trendikas T-s\u00e4rk juba t\u00e4na ja lisa oma igap\u00e4eva ellu veidi v\u00e4rvi.","materjal":"","varvus":""},"_links":{"self":[{"href":"https:\/\/kind.ee\/et\/wp-json\/wp\/v2\/product\/27067","targetHints":{"allow":["GET"]}}],"collection":[{"href":"https:\/\/kind.ee\/et\/wp-json\/wp\/v2\/product"}],"about":[{"href":"https:\/\/kind.ee\/et\/wp-json\/wp\/v2\/types\/product"}],"wp:featuredmedia":[{"embeddable":true,"href":"https:\/\/kind.ee\/et\/wp-json\/wp\/v2\/media\/27068"}],"wp:attachment":[{"href":"https:\/\/kind.ee\/et\/wp-json\/wp\/v2\/media?parent=27067"}],"wp:term":[{"taxonomy":"product_brand","embeddable":true,"href":"https:\/\/kind.ee\/et\/wp-json\/wp\/v2\/product_brand?post=27067"},{"taxonomy":"product_cat","embeddable":true,"href":"https:\/\/kind.ee\/et\/wp-json\/wp\/v2\/product_cat?post=27067"},{"taxonomy":"product_tag","embeddable":true,"href":"https:\/\/kind.ee\/et\/wp-json\/wp\/v2\/product_tag?post=27067"}],"curies":[{"name":"wp","href":"https:\/\/api.w.org\/{rel}","templated":true}]}}