{"id":23406,"date":"2024-10-08T12:34:12","date_gmt":"2024-10-08T12:34:12","guid":{"rendered":"https:\/\/kind.ee\/?post_type=product&#038;p=23406"},"modified":"2025-07-22T12:18:30","modified_gmt":"2025-07-22T12:18:30","slug":"pvc-vaba-helkur-badge","status":"publish","type":"product","link":"https:\/\/kind.ee\/et\/toode\/pvc-vaba-helkur-badge\/","title":{"rendered":"PVC vaba helkur badge"},"content":{"rendered":"","protected":false},"excerpt":{"rendered":"","protected":false},"featured_media":23407,"template":"","meta":[],"product_brand":[],"product_cat":[858],"product_tag":[],"class_list":{"0":"post-23406","1":"product","2":"type-product","3":"status-publish","4":"has-post-thumbnail","6":"product_cat-helkurid","8":"first","9":"instock","10":"shipping-taxable","11":"purchasable","12":"product-type-simple"},"acf":{"muugi_argumendid":[],"sertifikaadid":[],"season":[],"loige":"","suuruste_tabel":false,"paksus":"","min_kogus":"100","kangas":"","kanga-info":"","mootmed":"pikkus 90mm, laius 30mm","toote_pildid_varvide_kaupa":[{"pildid":[{"ID":23407,"id":23407,"title":"10","filename":"10.png","filesize":513922,"url":"https:\/\/kind.ee\/wp-content\/uploads\/2024\/10\/10.png","link":"https:\/\/kind.ee\/et\/?attachment_id=23407","alt":"","author":"4","description":"","caption":"","name":"10","status":"inherit","uploaded_to":23406,"date":"2024-10-08 12:20:07","modified":"2024-10-08 12:20:07","menu_order":0,"mime_type":"image\/png","type":"image","subtype":"png","icon":"https:\/\/kind.ee\/wp-includes\/images\/media\/default.png","width":1536,"height":2048,"sizes":{"thumbnail":"https:\/\/kind.ee\/wp-content\/uploads\/2024\/10\/10-150x150.png","thumbnail-width":150,"thumbnail-height":150,"medium":"https:\/\/kind.ee\/wp-content\/uploads\/2024\/10\/10-225x300.png","medium-width":225,"medium-height":300,"medium_large":"https:\/\/kind.ee\/wp-content\/uploads\/2024\/10\/10-768x1024.png","medium_large-width":768,"medium_large-height":1024,"large":"https:\/\/kind.ee\/wp-content\/uploads\/2024\/10\/10-768x1024.png","large-width":768,"large-height":1024,"1536x1536":"https:\/\/kind.ee\/wp-content\/uploads\/2024\/10\/10-1152x1536.png","1536x1536-width":1152,"1536x1536-height":1536,"2048x2048":"https:\/\/kind.ee\/wp-content\/uploads\/2024\/10\/10.png","2048x2048-width":1536,"2048x2048-height":2048,"galerii_large":"https:\/\/kind.ee\/wp-content\/uploads\/2024\/10\/10-800x1067.png","galerii_large-width":800,"galerii_large-height":1067,"galerii_large_retina":"https:\/\/kind.ee\/wp-content\/uploads\/2024\/10\/10.png","galerii_large_retina-width":1536,"galerii_large_retina-height":2048,"woocommerce_thumbnail":"https:\/\/kind.ee\/wp-content\/uploads\/2024\/10\/10-300x300.png","woocommerce_thumbnail-width":300,"woocommerce_thumbnail-height":300,"woocommerce_single":"https:\/\/kind.ee\/wp-content\/uploads\/2024\/10\/10-600x800.png","woocommerce_single-width":600,"woocommerce_single-height":800,"woocommerce_gallery_thumbnail":"https:\/\/kind.ee\/wp-content\/uploads\/2024\/10\/10-100x100.png","woocommerce_gallery_thumbnail-width":100,"woocommerce_gallery_thumbnail-height":100}},{"ID":23411,"id":23411,"title":"TPU-011 Volvo NO ONLINE USE","filename":"TPU-011-Volvo-NO-ONLINE-USE--scaled.jpg","filesize":231900,"url":"https:\/\/kind.ee\/wp-content\/uploads\/2024\/10\/TPU-011-Volvo-NO-ONLINE-USE--scaled.jpg","link":"https:\/\/kind.ee\/et\/?attachment_id=23411","alt":"","author":"4","description":"","caption":"","name":"tpu-011-volvo-no-online-use","status":"inherit","uploaded_to":23406,"date":"2024-10-08 12:21:16","modified":"2024-10-08 12:22:30","menu_order":0,"mime_type":"image\/jpeg","type":"image","subtype":"jpeg","icon":"https:\/\/kind.ee\/wp-includes\/images\/media\/default.png","width":1774,"height":2048,"sizes":{"thumbnail":"https:\/\/kind.ee\/wp-content\/uploads\/2024\/10\/TPU-011-Volvo-NO-ONLINE-USE--150x150.jpg","thumbnail-width":150,"thumbnail-height":150,"medium":"https:\/\/kind.ee\/wp-content\/uploads\/2024\/10\/TPU-011-Volvo-NO-ONLINE-USE--260x300.jpg","medium-width":260,"medium-height":300,"medium_large":"https:\/\/kind.ee\/wp-content\/uploads\/2024\/10\/TPU-011-Volvo-NO-ONLINE-USE--768x887.jpg","medium_large-width":768,"medium_large-height":887,"large":"https:\/\/kind.ee\/wp-content\/uploads\/2024\/10\/TPU-011-Volvo-NO-ONLINE-USE--887x1024.jpg","large-width":887,"large-height":1024,"1536x1536":"https:\/\/kind.ee\/wp-content\/uploads\/2024\/10\/TPU-011-Volvo-NO-ONLINE-USE--1330x1536.jpg","1536x1536-width":1330,"1536x1536-height":1536,"2048x2048":"https:\/\/kind.ee\/wp-content\/uploads\/2024\/10\/TPU-011-Volvo-NO-ONLINE-USE--1773x2048.jpg","2048x2048-width":1773,"2048x2048-height":2048,"galerii_large":"https:\/\/kind.ee\/wp-content\/uploads\/2024\/10\/TPU-011-Volvo-NO-ONLINE-USE--800x924.jpg","galerii_large-width":800,"galerii_large-height":924,"galerii_large_retina":"https:\/\/kind.ee\/wp-content\/uploads\/2024\/10\/TPU-011-Volvo-NO-ONLINE-USE--1600x1848.jpg","galerii_large_retina-width":1600,"galerii_large_retina-height":1848,"woocommerce_thumbnail":"https:\/\/kind.ee\/wp-content\/uploads\/2024\/10\/TPU-011-Volvo-NO-ONLINE-USE--300x300.jpg","woocommerce_thumbnail-width":300,"woocommerce_thumbnail-height":300,"woocommerce_single":"https:\/\/kind.ee\/wp-content\/uploads\/2024\/10\/TPU-011-Volvo-NO-ONLINE-USE--600x693.jpg","woocommerce_single-width":600,"woocommerce_single-height":693,"woocommerce_gallery_thumbnail":"https:\/\/kind.ee\/wp-content\/uploads\/2024\/10\/TPU-011-Volvo-NO-ONLINE-USE--100x100.jpg","woocommerce_gallery_thumbnail-width":100,"woocommerce_gallery_thumbnail-height":100}}],"varvikood":269,"varvid-native":false,"varvid-stedman":false,"varvikood-neutral":false,"varvid-sols":false,"midoceani_varvid":false,"purewaste":false,"beechfield-varvid":false,"bagbase":false,"mepal":false}],"tooteinfo":"See rinnam\u00e4rke kujuline disain helkur omab Euroopa n\u00f5uetele vastavaid sertifikaate, t\u00e4nu millele oled 100% liikluses n\u00e4htav. PVC vaba Helkurile saab tellida kummpaelast v\u00f5i ketiga kinnituse, kus otsas on riputushaak. Helkurid tulevad koos aluspakendiga, mida on v\u00f5imalik ka oma kujundusega personaliseerida. Need keskkonnas\u00f5bralikud helkurid on toodetud Eestis PVC vabadest materjalidest, mis on keskkonnale oluliselt v\u00e4iksema jalaj\u00e4ljega.","materjal":"PVC vaba","varvus":""},"_links":{"self":[{"href":"https:\/\/kind.ee\/et\/wp-json\/wp\/v2\/product\/23406","targetHints":{"allow":["GET"]}}],"collection":[{"href":"https:\/\/kind.ee\/et\/wp-json\/wp\/v2\/product"}],"about":[{"href":"https:\/\/kind.ee\/et\/wp-json\/wp\/v2\/types\/product"}],"wp:featuredmedia":[{"embeddable":true,"href":"https:\/\/kind.ee\/et\/wp-json\/wp\/v2\/media\/23407"}],"wp:attachment":[{"href":"https:\/\/kind.ee\/et\/wp-json\/wp\/v2\/media?parent=23406"}],"wp:term":[{"taxonomy":"product_brand","embeddable":true,"href":"https:\/\/kind.ee\/et\/wp-json\/wp\/v2\/product_brand?post=23406"},{"taxonomy":"product_cat","embeddable":true,"href":"https:\/\/kind.ee\/et\/wp-json\/wp\/v2\/product_cat?post=23406"},{"taxonomy":"product_tag","embeddable":true,"href":"https:\/\/kind.ee\/et\/wp-json\/wp\/v2\/product_tag?post=23406"}],"curies":[{"name":"wp","href":"https:\/\/api.w.org\/{rel}","templated":true}]}}