{"id":23401,"date":"2024-10-08T12:17:24","date_gmt":"2024-10-08T12:17:24","guid":{"rendered":"https:\/\/kind.ee\/?post_type=product&#038;p=23401"},"modified":"2025-07-20T19:53:51","modified_gmt":"2025-07-20T19:53:51","slug":"pvc-vaba-helkur-heart-2","status":"publish","type":"product","link":"https:\/\/kind.ee\/et\/toode\/pvc-vaba-helkur-heart-2\/","title":{"rendered":"PVC vaba helkur heart"},"content":{"rendered":"","protected":false},"excerpt":{"rendered":"","protected":false},"featured_media":23438,"template":"","meta":[],"product_brand":[],"product_cat":[858],"product_tag":[],"class_list":{"0":"post-23401","1":"product","2":"type-product","3":"status-publish","4":"has-post-thumbnail","6":"product_cat-helkurid","8":"first","9":"instock","10":"shipping-taxable","11":"purchasable","12":"product-type-simple"},"acf":{"muugi_argumendid":[],"sertifikaadid":[],"season":[],"loige":"","suuruste_tabel":false,"paksus":"","min_kogus":"100","kangas":"","kanga-info":"","mootmed":"","toote_pildid_varvide_kaupa":[{"pildid":[{"ID":23402,"id":23402,"title":"Heart-2-TPU-010","filename":"Heart-2-TPU-010.jpg","filesize":654727,"url":"https:\/\/kind.ee\/wp-content\/uploads\/2024\/10\/Heart-2-TPU-010.jpg","link":"https:\/\/kind.ee\/et\/?attachment_id=23402","alt":"","author":"4","description":"","caption":"","name":"heart-2-tpu-010","status":"inherit","uploaded_to":23401,"date":"2024-10-08 12:15:00","modified":"2024-10-08 12:15:00","menu_order":0,"mime_type":"image\/jpeg","type":"image","subtype":"jpeg","icon":"https:\/\/kind.ee\/wp-includes\/images\/media\/default.png","width":1800,"height":1800,"sizes":{"thumbnail":"https:\/\/kind.ee\/wp-content\/uploads\/2024\/10\/Heart-2-TPU-010-150x150.jpg","thumbnail-width":150,"thumbnail-height":150,"medium":"https:\/\/kind.ee\/wp-content\/uploads\/2024\/10\/Heart-2-TPU-010-300x300.jpg","medium-width":300,"medium-height":300,"medium_large":"https:\/\/kind.ee\/wp-content\/uploads\/2024\/10\/Heart-2-TPU-010-768x768.jpg","medium_large-width":768,"medium_large-height":768,"large":"https:\/\/kind.ee\/wp-content\/uploads\/2024\/10\/Heart-2-TPU-010-1024x1024.jpg","large-width":1024,"large-height":1024,"1536x1536":"https:\/\/kind.ee\/wp-content\/uploads\/2024\/10\/Heart-2-TPU-010-1536x1536.jpg","1536x1536-width":1536,"1536x1536-height":1536,"2048x2048":"https:\/\/kind.ee\/wp-content\/uploads\/2024\/10\/Heart-2-TPU-010.jpg","2048x2048-width":1800,"2048x2048-height":1800,"galerii_large":"https:\/\/kind.ee\/wp-content\/uploads\/2024\/10\/Heart-2-TPU-010-800x800.jpg","galerii_large-width":800,"galerii_large-height":800,"galerii_large_retina":"https:\/\/kind.ee\/wp-content\/uploads\/2024\/10\/Heart-2-TPU-010-1600x1600.jpg","galerii_large_retina-width":1600,"galerii_large_retina-height":1600,"woocommerce_thumbnail":"https:\/\/kind.ee\/wp-content\/uploads\/2024\/10\/Heart-2-TPU-010-300x300.jpg","woocommerce_thumbnail-width":300,"woocommerce_thumbnail-height":300,"woocommerce_single":"https:\/\/kind.ee\/wp-content\/uploads\/2024\/10\/Heart-2-TPU-010-600x600.jpg","woocommerce_single-width":600,"woocommerce_single-height":600,"woocommerce_gallery_thumbnail":"https:\/\/kind.ee\/wp-content\/uploads\/2024\/10\/Heart-2-TPU-010-100x100.jpg","woocommerce_gallery_thumbnail-width":100,"woocommerce_gallery_thumbnail-height":100}},{"ID":23404,"id":23404,"title":"Herat 2 TPU-010","filename":"Herat-2-TPU-010.jpg","filesize":612164,"url":"https:\/\/kind.ee\/wp-content\/uploads\/2024\/10\/Herat-2-TPU-010.jpg","link":"https:\/\/kind.ee\/et\/?attachment_id=23404","alt":"","author":"4","description":"","caption":"","name":"herat-2-tpu-010","status":"inherit","uploaded_to":23401,"date":"2024-10-08 12:15:30","modified":"2024-10-08 12:16:39","menu_order":0,"mime_type":"image\/jpeg","type":"image","subtype":"jpeg","icon":"https:\/\/kind.ee\/wp-includes\/images\/media\/default.png","width":1800,"height":1800,"sizes":{"thumbnail":"https:\/\/kind.ee\/wp-content\/uploads\/2024\/10\/Herat-2-TPU-010-150x150.jpg","thumbnail-width":150,"thumbnail-height":150,"medium":"https:\/\/kind.ee\/wp-content\/uploads\/2024\/10\/Herat-2-TPU-010-300x300.jpg","medium-width":300,"medium-height":300,"medium_large":"https:\/\/kind.ee\/wp-content\/uploads\/2024\/10\/Herat-2-TPU-010-768x768.jpg","medium_large-width":768,"medium_large-height":768,"large":"https:\/\/kind.ee\/wp-content\/uploads\/2024\/10\/Herat-2-TPU-010-1024x1024.jpg","large-width":1024,"large-height":1024,"1536x1536":"https:\/\/kind.ee\/wp-content\/uploads\/2024\/10\/Herat-2-TPU-010-1536x1536.jpg","1536x1536-width":1536,"1536x1536-height":1536,"2048x2048":"https:\/\/kind.ee\/wp-content\/uploads\/2024\/10\/Herat-2-TPU-010.jpg","2048x2048-width":1800,"2048x2048-height":1800,"galerii_large":"https:\/\/kind.ee\/wp-content\/uploads\/2024\/10\/Herat-2-TPU-010-800x800.jpg","galerii_large-width":800,"galerii_large-height":800,"galerii_large_retina":"https:\/\/kind.ee\/wp-content\/uploads\/2024\/10\/Herat-2-TPU-010-1600x1600.jpg","galerii_large_retina-width":1600,"galerii_large_retina-height":1600,"woocommerce_thumbnail":"https:\/\/kind.ee\/wp-content\/uploads\/2024\/10\/Herat-2-TPU-010-300x300.jpg","woocommerce_thumbnail-width":300,"woocommerce_thumbnail-height":300,"woocommerce_single":"https:\/\/kind.ee\/wp-content\/uploads\/2024\/10\/Herat-2-TPU-010-600x600.jpg","woocommerce_single-width":600,"woocommerce_single-height":600,"woocommerce_gallery_thumbnail":"https:\/\/kind.ee\/wp-content\/uploads\/2024\/10\/Herat-2-TPU-010-100x100.jpg","woocommerce_gallery_thumbnail-width":100,"woocommerce_gallery_thumbnail-height":100}}],"varvikood":269,"varvid-native":false,"varvid-stedman":false,"varvikood-neutral":false,"varvid-sols":false,"midoceani_varvid":false,"purewaste":false,"beechfield-varvid":false,"bagbase":false,"mepal":false}],"tooteinfo":"See s\u00fcdame kujuline disain helkur omab Euroopa n\u00f5uetele vastavaid sertifikaate, t\u00e4nu millele oled 100% liikluses n\u00e4htav. PVC vaba Helkurile saab tellida kummpaelast v\u00f5i ketiga kinnituse, kus otsas on riputushaak. Helkurid tulevad koos aluspakendiga, mida on v\u00f5imalik ka oma kujundusega personaliseerida. Need keskkonnas\u00f5bralikud helkurid on toodetud Eestis PVC vabadest materjalidest, mis on keskkonnale oluliselt v\u00e4iksema jalaj\u00e4ljega.","materjal":"PVC vaba","varvus":""},"_links":{"self":[{"href":"https:\/\/kind.ee\/et\/wp-json\/wp\/v2\/product\/23401","targetHints":{"allow":["GET"]}}],"collection":[{"href":"https:\/\/kind.ee\/et\/wp-json\/wp\/v2\/product"}],"about":[{"href":"https:\/\/kind.ee\/et\/wp-json\/wp\/v2\/types\/product"}],"wp:featuredmedia":[{"embeddable":true,"href":"https:\/\/kind.ee\/et\/wp-json\/wp\/v2\/media\/23438"}],"wp:attachment":[{"href":"https:\/\/kind.ee\/et\/wp-json\/wp\/v2\/media?parent=23401"}],"wp:term":[{"taxonomy":"product_brand","embeddable":true,"href":"https:\/\/kind.ee\/et\/wp-json\/wp\/v2\/product_brand?post=23401"},{"taxonomy":"product_cat","embeddable":true,"href":"https:\/\/kind.ee\/et\/wp-json\/wp\/v2\/product_cat?post=23401"},{"taxonomy":"product_tag","embeddable":true,"href":"https:\/\/kind.ee\/et\/wp-json\/wp\/v2\/product_tag?post=23401"}],"curies":[{"name":"wp","href":"https:\/\/api.w.org\/{rel}","templated":true}]}}