{"id":23361,"date":"2024-10-08T11:29:41","date_gmt":"2024-10-08T11:29:41","guid":{"rendered":"https:\/\/kind.ee\/?post_type=product&#038;p=23361"},"modified":"2025-07-20T19:54:48","modified_gmt":"2025-07-20T19:54:48","slug":"pvc-vaba-helkur-flap","status":"publish","type":"product","link":"https:\/\/kind.ee\/et\/toode\/pvc-vaba-helkur-flap\/","title":{"rendered":"PVC vaba helkur flap"},"content":{"rendered":"","protected":false},"excerpt":{"rendered":"","protected":false},"featured_media":23421,"template":"","meta":[],"product_brand":[],"product_cat":[858],"product_tag":[],"class_list":{"0":"post-23361","1":"product","2":"type-product","3":"status-publish","4":"has-post-thumbnail","6":"product_cat-helkurid","8":"first","9":"instock","10":"shipping-taxable","11":"purchasable","12":"product-type-simple"},"acf":{"muugi_argumendid":[],"sertifikaadid":[],"season":[],"loige":"","suuruste_tabel":false,"paksus":"","min_kogus":"100","kangas":"","kanga-info":"","mootmed":"pikkus 107,5mm, laius 30mm","toote_pildid_varvide_kaupa":[{"pildid":[{"ID":23368,"id":23368,"title":"snapedit_1728386719694","filename":"snapedit_1728386719694.png","filesize":1641844,"url":"https:\/\/kind.ee\/wp-content\/uploads\/2024\/10\/snapedit_1728386719694.png","link":"https:\/\/kind.ee\/et\/?attachment_id=23368","alt":"","author":"4","description":"","caption":"","name":"snapedit_1728386719694","status":"inherit","uploaded_to":23361,"date":"2024-10-08 11:26:07","modified":"2024-10-08 11:26:07","menu_order":0,"mime_type":"image\/png","type":"image","subtype":"png","icon":"https:\/\/kind.ee\/wp-includes\/images\/media\/default.png","width":1600,"height":1600,"sizes":{"thumbnail":"https:\/\/kind.ee\/wp-content\/uploads\/2024\/10\/snapedit_1728386719694-150x150.png","thumbnail-width":150,"thumbnail-height":150,"medium":"https:\/\/kind.ee\/wp-content\/uploads\/2024\/10\/snapedit_1728386719694-300x300.png","medium-width":300,"medium-height":300,"medium_large":"https:\/\/kind.ee\/wp-content\/uploads\/2024\/10\/snapedit_1728386719694-768x768.png","medium_large-width":768,"medium_large-height":768,"large":"https:\/\/kind.ee\/wp-content\/uploads\/2024\/10\/snapedit_1728386719694-1024x1024.png","large-width":1024,"large-height":1024,"1536x1536":"https:\/\/kind.ee\/wp-content\/uploads\/2024\/10\/snapedit_1728386719694-1536x1536.png","1536x1536-width":1536,"1536x1536-height":1536,"2048x2048":"https:\/\/kind.ee\/wp-content\/uploads\/2024\/10\/snapedit_1728386719694.png","2048x2048-width":1600,"2048x2048-height":1600,"galerii_large":"https:\/\/kind.ee\/wp-content\/uploads\/2024\/10\/snapedit_1728386719694-800x800.png","galerii_large-width":800,"galerii_large-height":800,"galerii_large_retina":"https:\/\/kind.ee\/wp-content\/uploads\/2024\/10\/snapedit_1728386719694.png","galerii_large_retina-width":1600,"galerii_large_retina-height":1600,"woocommerce_thumbnail":"https:\/\/kind.ee\/wp-content\/uploads\/2024\/10\/snapedit_1728386719694-300x300.png","woocommerce_thumbnail-width":300,"woocommerce_thumbnail-height":300,"woocommerce_single":"https:\/\/kind.ee\/wp-content\/uploads\/2024\/10\/snapedit_1728386719694-600x600.png","woocommerce_single-width":600,"woocommerce_single-height":600,"woocommerce_gallery_thumbnail":"https:\/\/kind.ee\/wp-content\/uploads\/2024\/10\/snapedit_1728386719694-100x100.png","woocommerce_gallery_thumbnail-width":100,"woocommerce_gallery_thumbnail-height":100}},{"ID":23362,"id":23362,"title":"4","filename":"4.jpg","filesize":433747,"url":"https:\/\/kind.ee\/wp-content\/uploads\/2024\/10\/4.jpg","link":"https:\/\/kind.ee\/et\/?attachment_id=23362","alt":"","author":"4","description":"","caption":"","name":"4-8","status":"inherit","uploaded_to":23361,"date":"2024-10-08 11:14:44","modified":"2024-10-08 11:27:59","menu_order":0,"mime_type":"image\/jpeg","type":"image","subtype":"jpeg","icon":"https:\/\/kind.ee\/wp-includes\/images\/media\/default.png","width":1800,"height":1198,"sizes":{"thumbnail":"https:\/\/kind.ee\/wp-content\/uploads\/2024\/10\/4-150x150.jpg","thumbnail-width":150,"thumbnail-height":150,"medium":"https:\/\/kind.ee\/wp-content\/uploads\/2024\/10\/4-300x200.jpg","medium-width":300,"medium-height":200,"medium_large":"https:\/\/kind.ee\/wp-content\/uploads\/2024\/10\/4-768x511.jpg","medium_large-width":768,"medium_large-height":511,"large":"https:\/\/kind.ee\/wp-content\/uploads\/2024\/10\/4-1024x682.jpg","large-width":1024,"large-height":682,"1536x1536":"https:\/\/kind.ee\/wp-content\/uploads\/2024\/10\/4-1536x1022.jpg","1536x1536-width":1536,"1536x1536-height":1022,"2048x2048":"https:\/\/kind.ee\/wp-content\/uploads\/2024\/10\/4.jpg","2048x2048-width":1800,"2048x2048-height":1198,"galerii_large":"https:\/\/kind.ee\/wp-content\/uploads\/2024\/10\/4-800x532.jpg","galerii_large-width":800,"galerii_large-height":532,"galerii_large_retina":"https:\/\/kind.ee\/wp-content\/uploads\/2024\/10\/4-1600x1065.jpg","galerii_large_retina-width":1600,"galerii_large_retina-height":1065,"woocommerce_thumbnail":"https:\/\/kind.ee\/wp-content\/uploads\/2024\/10\/4-300x300.jpg","woocommerce_thumbnail-width":300,"woocommerce_thumbnail-height":300,"woocommerce_single":"https:\/\/kind.ee\/wp-content\/uploads\/2024\/10\/4-600x399.jpg","woocommerce_single-width":600,"woocommerce_single-height":399,"woocommerce_gallery_thumbnail":"https:\/\/kind.ee\/wp-content\/uploads\/2024\/10\/4-100x100.jpg","woocommerce_gallery_thumbnail-width":100,"woocommerce_gallery_thumbnail-height":100}}],"varvikood":269,"varvid-native":false,"varvid-stedman":false,"varvikood-neutral":false,"varvid-sols":false,"midoceani_varvid":false,"purewaste":false,"beechfield-varvid":false,"bagbase":false,"mepal":false}],"tooteinfo":"See lipukujuline disain helkur omab Euroopa n\u00f5uetele vastavaid sertifikaate, t\u00e4nu millele oled 100% liikluses n\u00e4htav. PVC vaba Helkurile saab tellida kummpaelast v\u00f5i ketiga kinnituse, kus otsas on riputushaak. Helkurid tulevad koos aluspakendiga, mida on v\u00f5imalik ka oma kujundusega personaliseerida. Need keskkonnas\u00f5bralikud helkurid on toodetud Eestis PVC vabadest materjalidest, mis on keskkonnale oluliselt v\u00e4iksema jalaj\u00e4ljega.","materjal":"PVC vaba","varvus":""},"_links":{"self":[{"href":"https:\/\/kind.ee\/et\/wp-json\/wp\/v2\/product\/23361","targetHints":{"allow":["GET"]}}],"collection":[{"href":"https:\/\/kind.ee\/et\/wp-json\/wp\/v2\/product"}],"about":[{"href":"https:\/\/kind.ee\/et\/wp-json\/wp\/v2\/types\/product"}],"wp:featuredmedia":[{"embeddable":true,"href":"https:\/\/kind.ee\/et\/wp-json\/wp\/v2\/media\/23421"}],"wp:attachment":[{"href":"https:\/\/kind.ee\/et\/wp-json\/wp\/v2\/media?parent=23361"}],"wp:term":[{"taxonomy":"product_brand","embeddable":true,"href":"https:\/\/kind.ee\/et\/wp-json\/wp\/v2\/product_brand?post=23361"},{"taxonomy":"product_cat","embeddable":true,"href":"https:\/\/kind.ee\/et\/wp-json\/wp\/v2\/product_cat?post=23361"},{"taxonomy":"product_tag","embeddable":true,"href":"https:\/\/kind.ee\/et\/wp-json\/wp\/v2\/product_tag?post=23361"}],"curies":[{"name":"wp","href":"https:\/\/api.w.org\/{rel}","templated":true}]}}