{"id":23165,"date":"2024-07-29T10:23:48","date_gmt":"2024-07-29T10:23:48","guid":{"rendered":"https:\/\/kind.ee\/?post_type=product&#038;p=23165"},"modified":"2025-06-15T17:27:06","modified_gmt":"2025-06-15T17:27:06","slug":"jahutus-seljakott-bagbase","status":"publish","type":"product","link":"https:\/\/kind.ee\/et\/toode\/jahutus-seljakott-bagbase\/","title":{"rendered":"jahutus seljakott BagBase"},"content":{"rendered":"","protected":false},"excerpt":{"rendered":"","protected":false},"featured_media":23168,"template":"","meta":[],"product_brand":[],"product_cat":[598,704],"product_tag":[],"class_list":{"0":"post-23165","1":"product","2":"type-product","3":"status-publish","4":"has-post-thumbnail","6":"product_cat-kotid","7":"product_cat-seljakotid","9":"first","10":"instock","11":"shipping-taxable","12":"purchasable","13":"product-type-simple"},"acf":{"muugi_argumendid":[],"sertifikaadid":["Recycled Material"],"season":[],"loige":"","suuruste_tabel":false,"paksus":"","min_kogus":"5","kangas":"","kanga-info":"","mootmed":"K\u00f5rgus 40 cm, pikkus 30 cm, laius 14 cm. Mahutavus 16 L","toote_pildid_varvide_kaupa":[{"pildid":[{"ID":23170,"id":23170,"title":"webimage-AAABCF4F-2131-4CE4-B0AEBF9528C4D792","filename":"webimage-AAABCF4F-2131-4CE4-B0AEBF9528C4D792.png","filesize":375360,"url":"https:\/\/kind.ee\/wp-content\/uploads\/2024\/07\/webimage-AAABCF4F-2131-4CE4-B0AEBF9528C4D792.png","link":"https:\/\/kind.ee\/et\/?attachment_id=23170","alt":"","author":"4","description":"","caption":"","name":"webimage-aaabcf4f-2131-4ce4-b0aebf9528c4d792","status":"inherit","uploaded_to":23165,"date":"2024-07-29 10:21:49","modified":"2024-07-29 10:21:49","menu_order":0,"mime_type":"image\/png","type":"image","subtype":"png","icon":"https:\/\/kind.ee\/wp-includes\/images\/media\/default.png","width":400,"height":600,"sizes":{"thumbnail":"https:\/\/kind.ee\/wp-content\/uploads\/2024\/07\/webimage-AAABCF4F-2131-4CE4-B0AEBF9528C4D792-150x150.png","thumbnail-width":150,"thumbnail-height":150,"medium":"https:\/\/kind.ee\/wp-content\/uploads\/2024\/07\/webimage-AAABCF4F-2131-4CE4-B0AEBF9528C4D792-200x300.png","medium-width":200,"medium-height":300,"medium_large":"https:\/\/kind.ee\/wp-content\/uploads\/2024\/07\/webimage-AAABCF4F-2131-4CE4-B0AEBF9528C4D792.png","medium_large-width":400,"medium_large-height":600,"large":"https:\/\/kind.ee\/wp-content\/uploads\/2024\/07\/webimage-AAABCF4F-2131-4CE4-B0AEBF9528C4D792.png","large-width":400,"large-height":600,"1536x1536":"https:\/\/kind.ee\/wp-content\/uploads\/2024\/07\/webimage-AAABCF4F-2131-4CE4-B0AEBF9528C4D792.png","1536x1536-width":400,"1536x1536-height":600,"2048x2048":"https:\/\/kind.ee\/wp-content\/uploads\/2024\/07\/webimage-AAABCF4F-2131-4CE4-B0AEBF9528C4D792.png","2048x2048-width":400,"2048x2048-height":600,"galerii_large":"https:\/\/kind.ee\/wp-content\/uploads\/2024\/07\/webimage-AAABCF4F-2131-4CE4-B0AEBF9528C4D792.png","galerii_large-width":400,"galerii_large-height":600,"galerii_large_retina":"https:\/\/kind.ee\/wp-content\/uploads\/2024\/07\/webimage-AAABCF4F-2131-4CE4-B0AEBF9528C4D792.png","galerii_large_retina-width":400,"galerii_large_retina-height":600,"woocommerce_thumbnail":"https:\/\/kind.ee\/wp-content\/uploads\/2024\/07\/webimage-AAABCF4F-2131-4CE4-B0AEBF9528C4D792-300x300.png","woocommerce_thumbnail-width":300,"woocommerce_thumbnail-height":300,"woocommerce_single":"https:\/\/kind.ee\/wp-content\/uploads\/2024\/07\/webimage-AAABCF4F-2131-4CE4-B0AEBF9528C4D792.png","woocommerce_single-width":400,"woocommerce_single-height":600,"woocommerce_gallery_thumbnail":"https:\/\/kind.ee\/wp-content\/uploads\/2024\/07\/webimage-AAABCF4F-2131-4CE4-B0AEBF9528C4D792-100x100.png","woocommerce_gallery_thumbnail-width":100,"woocommerce_gallery_thumbnail-height":100}},{"ID":23166,"id":23166,"title":"webimage-2169F56B-5F56-495F-84C94DBE6EA3D5B2","filename":"webimage-2169F56B-5F56-495F-84C94DBE6EA3D5B2.png","filesize":259427,"url":"https:\/\/kind.ee\/wp-content\/uploads\/2024\/07\/webimage-2169F56B-5F56-495F-84C94DBE6EA3D5B2.png","link":"https:\/\/kind.ee\/et\/?attachment_id=23166","alt":"","author":"4","description":"","caption":"","name":"webimage-2169f56b-5f56-495f-84c94dbe6ea3d5b2","status":"inherit","uploaded_to":23165,"date":"2024-07-29 10:21:41","modified":"2024-07-29 10:22:24","menu_order":0,"mime_type":"image\/png","type":"image","subtype":"png","icon":"https:\/\/kind.ee\/wp-includes\/images\/media\/default.png","width":400,"height":600,"sizes":{"thumbnail":"https:\/\/kind.ee\/wp-content\/uploads\/2024\/07\/webimage-2169F56B-5F56-495F-84C94DBE6EA3D5B2-150x150.png","thumbnail-width":150,"thumbnail-height":150,"medium":"https:\/\/kind.ee\/wp-content\/uploads\/2024\/07\/webimage-2169F56B-5F56-495F-84C94DBE6EA3D5B2-200x300.png","medium-width":200,"medium-height":300,"medium_large":"https:\/\/kind.ee\/wp-content\/uploads\/2024\/07\/webimage-2169F56B-5F56-495F-84C94DBE6EA3D5B2.png","medium_large-width":400,"medium_large-height":600,"large":"https:\/\/kind.ee\/wp-content\/uploads\/2024\/07\/webimage-2169F56B-5F56-495F-84C94DBE6EA3D5B2.png","large-width":400,"large-height":600,"1536x1536":"https:\/\/kind.ee\/wp-content\/uploads\/2024\/07\/webimage-2169F56B-5F56-495F-84C94DBE6EA3D5B2.png","1536x1536-width":400,"1536x1536-height":600,"2048x2048":"https:\/\/kind.ee\/wp-content\/uploads\/2024\/07\/webimage-2169F56B-5F56-495F-84C94DBE6EA3D5B2.png","2048x2048-width":400,"2048x2048-height":600,"galerii_large":"https:\/\/kind.ee\/wp-content\/uploads\/2024\/07\/webimage-2169F56B-5F56-495F-84C94DBE6EA3D5B2.png","galerii_large-width":400,"galerii_large-height":600,"galerii_large_retina":"https:\/\/kind.ee\/wp-content\/uploads\/2024\/07\/webimage-2169F56B-5F56-495F-84C94DBE6EA3D5B2.png","galerii_large_retina-width":400,"galerii_large_retina-height":600,"woocommerce_thumbnail":"https:\/\/kind.ee\/wp-content\/uploads\/2024\/07\/webimage-2169F56B-5F56-495F-84C94DBE6EA3D5B2-300x300.png","woocommerce_thumbnail-width":300,"woocommerce_thumbnail-height":300,"woocommerce_single":"https:\/\/kind.ee\/wp-content\/uploads\/2024\/07\/webimage-2169F56B-5F56-495F-84C94DBE6EA3D5B2.png","woocommerce_single-width":400,"woocommerce_single-height":600,"woocommerce_gallery_thumbnail":"https:\/\/kind.ee\/wp-content\/uploads\/2024\/07\/webimage-2169F56B-5F56-495F-84C94DBE6EA3D5B2-100x100.png","woocommerce_gallery_thumbnail-width":100,"woocommerce_gallery_thumbnail-height":100}},{"ID":23176,"id":23176,"title":"webimage-FDF918B1-18A5-4D23-A5E5FA83144DE68F","filename":"webimage-FDF918B1-18A5-4D23-A5E5FA83144DE68F.png","filesize":297861,"url":"https:\/\/kind.ee\/wp-content\/uploads\/2024\/07\/webimage-FDF918B1-18A5-4D23-A5E5FA83144DE68F.png","link":"https:\/\/kind.ee\/et\/?attachment_id=23176","alt":"","author":"4","description":"","caption":"","name":"webimage-fdf918b1-18a5-4d23-a5e5fa83144de68f","status":"inherit","uploaded_to":23165,"date":"2024-07-29 10:22:01","modified":"2024-07-29 10:22:01","menu_order":0,"mime_type":"image\/png","type":"image","subtype":"png","icon":"https:\/\/kind.ee\/wp-includes\/images\/media\/default.png","width":600,"height":600,"sizes":{"thumbnail":"https:\/\/kind.ee\/wp-content\/uploads\/2024\/07\/webimage-FDF918B1-18A5-4D23-A5E5FA83144DE68F-150x150.png","thumbnail-width":150,"thumbnail-height":150,"medium":"https:\/\/kind.ee\/wp-content\/uploads\/2024\/07\/webimage-FDF918B1-18A5-4D23-A5E5FA83144DE68F-300x300.png","medium-width":300,"medium-height":300,"medium_large":"https:\/\/kind.ee\/wp-content\/uploads\/2024\/07\/webimage-FDF918B1-18A5-4D23-A5E5FA83144DE68F.png","medium_large-width":600,"medium_large-height":600,"large":"https:\/\/kind.ee\/wp-content\/uploads\/2024\/07\/webimage-FDF918B1-18A5-4D23-A5E5FA83144DE68F.png","large-width":600,"large-height":600,"1536x1536":"https:\/\/kind.ee\/wp-content\/uploads\/2024\/07\/webimage-FDF918B1-18A5-4D23-A5E5FA83144DE68F.png","1536x1536-width":600,"1536x1536-height":600,"2048x2048":"https:\/\/kind.ee\/wp-content\/uploads\/2024\/07\/webimage-FDF918B1-18A5-4D23-A5E5FA83144DE68F.png","2048x2048-width":600,"2048x2048-height":600,"galerii_large":"https:\/\/kind.ee\/wp-content\/uploads\/2024\/07\/webimage-FDF918B1-18A5-4D23-A5E5FA83144DE68F.png","galerii_large-width":600,"galerii_large-height":600,"galerii_large_retina":"https:\/\/kind.ee\/wp-content\/uploads\/2024\/07\/webimage-FDF918B1-18A5-4D23-A5E5FA83144DE68F.png","galerii_large_retina-width":600,"galerii_large_retina-height":600,"woocommerce_thumbnail":"https:\/\/kind.ee\/wp-content\/uploads\/2024\/07\/webimage-FDF918B1-18A5-4D23-A5E5FA83144DE68F-300x300.png","woocommerce_thumbnail-width":300,"woocommerce_thumbnail-height":300,"woocommerce_single":"https:\/\/kind.ee\/wp-content\/uploads\/2024\/07\/webimage-FDF918B1-18A5-4D23-A5E5FA83144DE68F.png","woocommerce_single-width":600,"woocommerce_single-height":600,"woocommerce_gallery_thumbnail":"https:\/\/kind.ee\/wp-content\/uploads\/2024\/07\/webimage-FDF918B1-18A5-4D23-A5E5FA83144DE68F-100x100.png","woocommerce_gallery_thumbnail-width":100,"woocommerce_gallery_thumbnail-height":100}}],"varvikood":false,"varvid-native":false,"varvid-stedman":false,"varvikood-neutral":false,"varvid-sols":false,"midoceani_varvid":false,"purewaste":false,"beechfield-varvid":false,"bagbase":843,"mepal":false},{"pildid":[{"ID":23174,"id":23174,"title":"webimage-B7CFF8D5-DA30-4E8F-966A1FDAACC83297","filename":"webimage-B7CFF8D5-DA30-4E8F-966A1FDAACC83297.png","filesize":185349,"url":"https:\/\/kind.ee\/wp-content\/uploads\/2024\/07\/webimage-B7CFF8D5-DA30-4E8F-966A1FDAACC83297.png","link":"https:\/\/kind.ee\/et\/?attachment_id=23174","alt":"","author":"4","description":"","caption":"","name":"webimage-b7cff8d5-da30-4e8f-966a1fdaacc83297","status":"inherit","uploaded_to":23165,"date":"2024-07-29 10:21:57","modified":"2024-07-29 10:22:40","menu_order":0,"mime_type":"image\/png","type":"image","subtype":"png","icon":"https:\/\/kind.ee\/wp-includes\/images\/media\/default.png","width":600,"height":600,"sizes":{"thumbnail":"https:\/\/kind.ee\/wp-content\/uploads\/2024\/07\/webimage-B7CFF8D5-DA30-4E8F-966A1FDAACC83297-150x150.png","thumbnail-width":150,"thumbnail-height":150,"medium":"https:\/\/kind.ee\/wp-content\/uploads\/2024\/07\/webimage-B7CFF8D5-DA30-4E8F-966A1FDAACC83297-300x300.png","medium-width":300,"medium-height":300,"medium_large":"https:\/\/kind.ee\/wp-content\/uploads\/2024\/07\/webimage-B7CFF8D5-DA30-4E8F-966A1FDAACC83297.png","medium_large-width":600,"medium_large-height":600,"large":"https:\/\/kind.ee\/wp-content\/uploads\/2024\/07\/webimage-B7CFF8D5-DA30-4E8F-966A1FDAACC83297.png","large-width":600,"large-height":600,"1536x1536":"https:\/\/kind.ee\/wp-content\/uploads\/2024\/07\/webimage-B7CFF8D5-DA30-4E8F-966A1FDAACC83297.png","1536x1536-width":600,"1536x1536-height":600,"2048x2048":"https:\/\/kind.ee\/wp-content\/uploads\/2024\/07\/webimage-B7CFF8D5-DA30-4E8F-966A1FDAACC83297.png","2048x2048-width":600,"2048x2048-height":600,"galerii_large":"https:\/\/kind.ee\/wp-content\/uploads\/2024\/07\/webimage-B7CFF8D5-DA30-4E8F-966A1FDAACC83297.png","galerii_large-width":600,"galerii_large-height":600,"galerii_large_retina":"https:\/\/kind.ee\/wp-content\/uploads\/2024\/07\/webimage-B7CFF8D5-DA30-4E8F-966A1FDAACC83297.png","galerii_large_retina-width":600,"galerii_large_retina-height":600,"woocommerce_thumbnail":"https:\/\/kind.ee\/wp-content\/uploads\/2024\/07\/webimage-B7CFF8D5-DA30-4E8F-966A1FDAACC83297-300x300.png","woocommerce_thumbnail-width":300,"woocommerce_thumbnail-height":300,"woocommerce_single":"https:\/\/kind.ee\/wp-content\/uploads\/2024\/07\/webimage-B7CFF8D5-DA30-4E8F-966A1FDAACC83297.png","woocommerce_single-width":600,"woocommerce_single-height":600,"woocommerce_gallery_thumbnail":"https:\/\/kind.ee\/wp-content\/uploads\/2024\/07\/webimage-B7CFF8D5-DA30-4E8F-966A1FDAACC83297-100x100.png","woocommerce_gallery_thumbnail-width":100,"woocommerce_gallery_thumbnail-height":100}}],"varvikood":false,"varvid-native":false,"varvid-stedman":false,"varvikood-neutral":false,"varvid-sols":false,"midoceani_varvid":false,"purewaste":false,"beechfield-varvid":false,"bagbase":834,"mepal":false},{"pildid":[{"ID":23172,"id":23172,"title":"webimage-AE5B0B90-ADB5-444D-AE12AF969432D2E4","filename":"webimage-AE5B0B90-ADB5-444D-AE12AF969432D2E4.png","filesize":277247,"url":"https:\/\/kind.ee\/wp-content\/uploads\/2024\/07\/webimage-AE5B0B90-ADB5-444D-AE12AF969432D2E4.png","link":"https:\/\/kind.ee\/et\/?attachment_id=23172","alt":"","author":"4","description":"","caption":"","name":"webimage-ae5b0b90-adb5-444d-ae12af969432d2e4","status":"inherit","uploaded_to":23165,"date":"2024-07-29 10:21:53","modified":"2024-07-29 10:22:50","menu_order":0,"mime_type":"image\/png","type":"image","subtype":"png","icon":"https:\/\/kind.ee\/wp-includes\/images\/media\/default.png","width":600,"height":600,"sizes":{"thumbnail":"https:\/\/kind.ee\/wp-content\/uploads\/2024\/07\/webimage-AE5B0B90-ADB5-444D-AE12AF969432D2E4-150x150.png","thumbnail-width":150,"thumbnail-height":150,"medium":"https:\/\/kind.ee\/wp-content\/uploads\/2024\/07\/webimage-AE5B0B90-ADB5-444D-AE12AF969432D2E4-300x300.png","medium-width":300,"medium-height":300,"medium_large":"https:\/\/kind.ee\/wp-content\/uploads\/2024\/07\/webimage-AE5B0B90-ADB5-444D-AE12AF969432D2E4.png","medium_large-width":600,"medium_large-height":600,"large":"https:\/\/kind.ee\/wp-content\/uploads\/2024\/07\/webimage-AE5B0B90-ADB5-444D-AE12AF969432D2E4.png","large-width":600,"large-height":600,"1536x1536":"https:\/\/kind.ee\/wp-content\/uploads\/2024\/07\/webimage-AE5B0B90-ADB5-444D-AE12AF969432D2E4.png","1536x1536-width":600,"1536x1536-height":600,"2048x2048":"https:\/\/kind.ee\/wp-content\/uploads\/2024\/07\/webimage-AE5B0B90-ADB5-444D-AE12AF969432D2E4.png","2048x2048-width":600,"2048x2048-height":600,"galerii_large":"https:\/\/kind.ee\/wp-content\/uploads\/2024\/07\/webimage-AE5B0B90-ADB5-444D-AE12AF969432D2E4.png","galerii_large-width":600,"galerii_large-height":600,"galerii_large_retina":"https:\/\/kind.ee\/wp-content\/uploads\/2024\/07\/webimage-AE5B0B90-ADB5-444D-AE12AF969432D2E4.png","galerii_large_retina-width":600,"galerii_large_retina-height":600,"woocommerce_thumbnail":"https:\/\/kind.ee\/wp-content\/uploads\/2024\/07\/webimage-AE5B0B90-ADB5-444D-AE12AF969432D2E4-300x300.png","woocommerce_thumbnail-width":300,"woocommerce_thumbnail-height":300,"woocommerce_single":"https:\/\/kind.ee\/wp-content\/uploads\/2024\/07\/webimage-AE5B0B90-ADB5-444D-AE12AF969432D2E4.png","woocommerce_single-width":600,"woocommerce_single-height":600,"woocommerce_gallery_thumbnail":"https:\/\/kind.ee\/wp-content\/uploads\/2024\/07\/webimage-AE5B0B90-ADB5-444D-AE12AF969432D2E4-100x100.png","woocommerce_gallery_thumbnail-width":100,"woocommerce_gallery_thumbnail-height":100}}],"varvikood":false,"varvid-native":false,"varvid-stedman":false,"varvikood-neutral":false,"varvid-sols":false,"midoceani_varvid":false,"purewaste":false,"beechfield-varvid":false,"bagbase":846,"mepal":false},{"pildid":[{"ID":23168,"id":23168,"title":"webimage-80420418-490E-4041-B73CB1147679D999-2","filename":"webimage-80420418-490E-4041-B73CB1147679D999-2.png","filesize":292893,"url":"https:\/\/kind.ee\/wp-content\/uploads\/2024\/07\/webimage-80420418-490E-4041-B73CB1147679D999-2.png","link":"https:\/\/kind.ee\/et\/?attachment_id=23168","alt":"","author":"4","description":"","caption":"","name":"webimage-80420418-490e-4041-b73cb1147679d999-2","status":"inherit","uploaded_to":23165,"date":"2024-07-29 10:21:45","modified":"2024-07-29 10:23:05","menu_order":0,"mime_type":"image\/png","type":"image","subtype":"png","icon":"https:\/\/kind.ee\/wp-includes\/images\/media\/default.png","width":600,"height":600,"sizes":{"thumbnail":"https:\/\/kind.ee\/wp-content\/uploads\/2024\/07\/webimage-80420418-490E-4041-B73CB1147679D999-2-150x150.png","thumbnail-width":150,"thumbnail-height":150,"medium":"https:\/\/kind.ee\/wp-content\/uploads\/2024\/07\/webimage-80420418-490E-4041-B73CB1147679D999-2-300x300.png","medium-width":300,"medium-height":300,"medium_large":"https:\/\/kind.ee\/wp-content\/uploads\/2024\/07\/webimage-80420418-490E-4041-B73CB1147679D999-2.png","medium_large-width":600,"medium_large-height":600,"large":"https:\/\/kind.ee\/wp-content\/uploads\/2024\/07\/webimage-80420418-490E-4041-B73CB1147679D999-2.png","large-width":600,"large-height":600,"1536x1536":"https:\/\/kind.ee\/wp-content\/uploads\/2024\/07\/webimage-80420418-490E-4041-B73CB1147679D999-2.png","1536x1536-width":600,"1536x1536-height":600,"2048x2048":"https:\/\/kind.ee\/wp-content\/uploads\/2024\/07\/webimage-80420418-490E-4041-B73CB1147679D999-2.png","2048x2048-width":600,"2048x2048-height":600,"galerii_large":"https:\/\/kind.ee\/wp-content\/uploads\/2024\/07\/webimage-80420418-490E-4041-B73CB1147679D999-2.png","galerii_large-width":600,"galerii_large-height":600,"galerii_large_retina":"https:\/\/kind.ee\/wp-content\/uploads\/2024\/07\/webimage-80420418-490E-4041-B73CB1147679D999-2.png","galerii_large_retina-width":600,"galerii_large_retina-height":600,"woocommerce_thumbnail":"https:\/\/kind.ee\/wp-content\/uploads\/2024\/07\/webimage-80420418-490E-4041-B73CB1147679D999-2-300x300.png","woocommerce_thumbnail-width":300,"woocommerce_thumbnail-height":300,"woocommerce_single":"https:\/\/kind.ee\/wp-content\/uploads\/2024\/07\/webimage-80420418-490E-4041-B73CB1147679D999-2.png","woocommerce_single-width":600,"woocommerce_single-height":600,"woocommerce_gallery_thumbnail":"https:\/\/kind.ee\/wp-content\/uploads\/2024\/07\/webimage-80420418-490E-4041-B73CB1147679D999-2-100x100.png","woocommerce_gallery_thumbnail-width":100,"woocommerce_gallery_thumbnail-height":100}}],"varvikood":false,"varvid-native":false,"varvid-stedman":false,"varvikood-neutral":false,"varvid-sols":false,"midoceani_varvid":false,"purewaste":false,"beechfield-varvid":false,"bagbase":844,"mepal":false}],"tooteinfo":"See seljakott hoiab sinu joogid ja s\u00f6\u00f6gid v\u00e4rskena. T\u00e4ielikult isolatsiooniga p\u00f5hitasku ning lukuga esitasku. Pehmendatud reguleeritavad \u00f5larihmad tagavad mugava kandmise. Detailid t\u00f5mbelukkudel on valgust peegeldavad. Kott on kergesti niiske lapiga puhastatav.","materjal":"100% \u00fcmbert\u00f6\u00f6deldud pol\u00fcester, PEVA vooder BPA vaba ","varvus":""},"_links":{"self":[{"href":"https:\/\/kind.ee\/et\/wp-json\/wp\/v2\/product\/23165","targetHints":{"allow":["GET"]}}],"collection":[{"href":"https:\/\/kind.ee\/et\/wp-json\/wp\/v2\/product"}],"about":[{"href":"https:\/\/kind.ee\/et\/wp-json\/wp\/v2\/types\/product"}],"wp:featuredmedia":[{"embeddable":true,"href":"https:\/\/kind.ee\/et\/wp-json\/wp\/v2\/media\/23168"}],"wp:attachment":[{"href":"https:\/\/kind.ee\/et\/wp-json\/wp\/v2\/media?parent=23165"}],"wp:term":[{"taxonomy":"product_brand","embeddable":true,"href":"https:\/\/kind.ee\/et\/wp-json\/wp\/v2\/product_brand?post=23165"},{"taxonomy":"product_cat","embeddable":true,"href":"https:\/\/kind.ee\/et\/wp-json\/wp\/v2\/product_cat?post=23165"},{"taxonomy":"product_tag","embeddable":true,"href":"https:\/\/kind.ee\/et\/wp-json\/wp\/v2\/product_tag?post=23165"}],"curies":[{"name":"wp","href":"https:\/\/api.w.org\/{rel}","templated":true}]}}