{"id":22918,"date":"2024-07-17T07:36:59","date_gmt":"2024-07-17T07:36:59","guid":{"rendered":"https:\/\/kind.ee\/?post_type=product&#038;p=22918"},"modified":"2025-06-15T17:27:07","modified_gmt":"2025-06-15T17:27:07","slug":"mahukas-vookott-bagbase","status":"publish","type":"product","link":"https:\/\/kind.ee\/et\/toode\/mahukas-vookott-bagbase\/","title":{"rendered":"mahukas v\u00f6\u00f6kott BagBase"},"content":{"rendered":"","protected":false},"excerpt":{"rendered":"","protected":false},"featured_media":22929,"template":"","meta":[],"product_brand":[],"product_cat":[702,598],"product_tag":[],"class_list":{"0":"post-22918","1":"product","2":"type-product","3":"status-publish","4":"has-post-thumbnail","6":"product_cat-kohukotid","7":"product_cat-kotid","9":"first","10":"instock","11":"shipping-taxable","12":"purchasable","13":"product-type-simple"},"acf":{"muugi_argumendid":[],"sertifikaadid":["Recycled Material"],"season":[],"loige":"","suuruste_tabel":false,"paksus":"","min_kogus":"5","kangas":"","kanga-info":"","mootmed":"K\u00f5rgus 14 cm, pikkus 38 cm, laius 8 cm. Mahutavus 2,5 L.","toote_pildid_varvide_kaupa":[{"pildid":[{"ID":22935,"id":22935,"title":"BDE1DB5A","filename":"BDE1DB5A.png","filesize":378473,"url":"https:\/\/kind.ee\/wp-content\/uploads\/2024\/07\/BDE1DB5A.png","link":"https:\/\/kind.ee\/et\/?attachment_id=22935","alt":"","author":"4","description":"","caption":"","name":"bde1db5a","status":"inherit","uploaded_to":22918,"date":"2024-07-17 07:34:09","modified":"2024-07-17 07:34:22","menu_order":0,"mime_type":"image\/png","type":"image","subtype":"png","icon":"https:\/\/kind.ee\/wp-includes\/images\/media\/default.png","width":400,"height":600,"sizes":{"thumbnail":"https:\/\/kind.ee\/wp-content\/uploads\/2024\/07\/BDE1DB5A-150x150.png","thumbnail-width":150,"thumbnail-height":150,"medium":"https:\/\/kind.ee\/wp-content\/uploads\/2024\/07\/BDE1DB5A-200x300.png","medium-width":200,"medium-height":300,"medium_large":"https:\/\/kind.ee\/wp-content\/uploads\/2024\/07\/BDE1DB5A.png","medium_large-width":400,"medium_large-height":600,"large":"https:\/\/kind.ee\/wp-content\/uploads\/2024\/07\/BDE1DB5A.png","large-width":400,"large-height":600,"1536x1536":"https:\/\/kind.ee\/wp-content\/uploads\/2024\/07\/BDE1DB5A.png","1536x1536-width":400,"1536x1536-height":600,"2048x2048":"https:\/\/kind.ee\/wp-content\/uploads\/2024\/07\/BDE1DB5A.png","2048x2048-width":400,"2048x2048-height":600,"galerii_large":"https:\/\/kind.ee\/wp-content\/uploads\/2024\/07\/BDE1DB5A.png","galerii_large-width":400,"galerii_large-height":600,"galerii_large_retina":"https:\/\/kind.ee\/wp-content\/uploads\/2024\/07\/BDE1DB5A.png","galerii_large_retina-width":400,"galerii_large_retina-height":600,"woocommerce_thumbnail":"https:\/\/kind.ee\/wp-content\/uploads\/2024\/07\/BDE1DB5A-300x300.png","woocommerce_thumbnail-width":300,"woocommerce_thumbnail-height":300,"woocommerce_single":"https:\/\/kind.ee\/wp-content\/uploads\/2024\/07\/BDE1DB5A.png","woocommerce_single-width":400,"woocommerce_single-height":600,"woocommerce_gallery_thumbnail":"https:\/\/kind.ee\/wp-content\/uploads\/2024\/07\/BDE1DB5A-100x100.png","woocommerce_gallery_thumbnail-width":100,"woocommerce_gallery_thumbnail-height":100}},{"ID":22933,"id":22933,"title":"E4D98831","filename":"E4D98831.png","filesize":267614,"url":"https:\/\/kind.ee\/wp-content\/uploads\/2024\/07\/E4D98831.png","link":"https:\/\/kind.ee\/et\/?attachment_id=22933","alt":"","author":"4","description":"","caption":"","name":"e4d98831","status":"inherit","uploaded_to":22918,"date":"2024-07-17 07:34:05","modified":"2024-07-17 07:34:05","menu_order":0,"mime_type":"image\/png","type":"image","subtype":"png","icon":"https:\/\/kind.ee\/wp-includes\/images\/media\/default.png","width":400,"height":600,"sizes":{"thumbnail":"https:\/\/kind.ee\/wp-content\/uploads\/2024\/07\/E4D98831-150x150.png","thumbnail-width":150,"thumbnail-height":150,"medium":"https:\/\/kind.ee\/wp-content\/uploads\/2024\/07\/E4D98831-200x300.png","medium-width":200,"medium-height":300,"medium_large":"https:\/\/kind.ee\/wp-content\/uploads\/2024\/07\/E4D98831.png","medium_large-width":400,"medium_large-height":600,"large":"https:\/\/kind.ee\/wp-content\/uploads\/2024\/07\/E4D98831.png","large-width":400,"large-height":600,"1536x1536":"https:\/\/kind.ee\/wp-content\/uploads\/2024\/07\/E4D98831.png","1536x1536-width":400,"1536x1536-height":600,"2048x2048":"https:\/\/kind.ee\/wp-content\/uploads\/2024\/07\/E4D98831.png","2048x2048-width":400,"2048x2048-height":600,"galerii_large":"https:\/\/kind.ee\/wp-content\/uploads\/2024\/07\/E4D98831.png","galerii_large-width":400,"galerii_large-height":600,"galerii_large_retina":"https:\/\/kind.ee\/wp-content\/uploads\/2024\/07\/E4D98831.png","galerii_large_retina-width":400,"galerii_large_retina-height":600,"woocommerce_thumbnail":"https:\/\/kind.ee\/wp-content\/uploads\/2024\/07\/E4D98831-300x300.png","woocommerce_thumbnail-width":300,"woocommerce_thumbnail-height":300,"woocommerce_single":"https:\/\/kind.ee\/wp-content\/uploads\/2024\/07\/E4D98831.png","woocommerce_single-width":400,"woocommerce_single-height":600,"woocommerce_gallery_thumbnail":"https:\/\/kind.ee\/wp-content\/uploads\/2024\/07\/E4D98831-100x100.png","woocommerce_gallery_thumbnail-width":100,"woocommerce_gallery_thumbnail-height":100}},{"ID":22923,"id":22923,"title":"CBEDF211","filename":"CBEDF211.png","filesize":279124,"url":"https:\/\/kind.ee\/wp-content\/uploads\/2024\/07\/CBEDF211.png","link":"https:\/\/kind.ee\/et\/?attachment_id=22923","alt":"","author":"4","description":"","caption":"","name":"cbedf211","status":"inherit","uploaded_to":22918,"date":"2024-07-17 07:33:48","modified":"2024-07-17 07:33:48","menu_order":0,"mime_type":"image\/png","type":"image","subtype":"png","icon":"https:\/\/kind.ee\/wp-includes\/images\/media\/default.png","width":600,"height":600,"sizes":{"thumbnail":"https:\/\/kind.ee\/wp-content\/uploads\/2024\/07\/CBEDF211-150x150.png","thumbnail-width":150,"thumbnail-height":150,"medium":"https:\/\/kind.ee\/wp-content\/uploads\/2024\/07\/CBEDF211-300x300.png","medium-width":300,"medium-height":300,"medium_large":"https:\/\/kind.ee\/wp-content\/uploads\/2024\/07\/CBEDF211.png","medium_large-width":600,"medium_large-height":600,"large":"https:\/\/kind.ee\/wp-content\/uploads\/2024\/07\/CBEDF211.png","large-width":600,"large-height":600,"1536x1536":"https:\/\/kind.ee\/wp-content\/uploads\/2024\/07\/CBEDF211.png","1536x1536-width":600,"1536x1536-height":600,"2048x2048":"https:\/\/kind.ee\/wp-content\/uploads\/2024\/07\/CBEDF211.png","2048x2048-width":600,"2048x2048-height":600,"galerii_large":"https:\/\/kind.ee\/wp-content\/uploads\/2024\/07\/CBEDF211.png","galerii_large-width":600,"galerii_large-height":600,"galerii_large_retina":"https:\/\/kind.ee\/wp-content\/uploads\/2024\/07\/CBEDF211.png","galerii_large_retina-width":600,"galerii_large_retina-height":600,"woocommerce_thumbnail":"https:\/\/kind.ee\/wp-content\/uploads\/2024\/07\/CBEDF211-300x300.png","woocommerce_thumbnail-width":300,"woocommerce_thumbnail-height":300,"woocommerce_single":"https:\/\/kind.ee\/wp-content\/uploads\/2024\/07\/CBEDF211.png","woocommerce_single-width":600,"woocommerce_single-height":600,"woocommerce_gallery_thumbnail":"https:\/\/kind.ee\/wp-content\/uploads\/2024\/07\/CBEDF211-100x100.png","woocommerce_gallery_thumbnail-width":100,"woocommerce_gallery_thumbnail-height":100}}],"varvikood":false,"varvid-native":false,"varvid-stedman":false,"varvikood-neutral":false,"varvid-sols":false,"midoceani_varvid":false,"purewaste":false,"beechfield-varvid":false,"bagbase":851,"mepal":false},{"pildid":[{"ID":22931,"id":22931,"title":"000780BC","filename":"000780BC.png","filesize":271445,"url":"https:\/\/kind.ee\/wp-content\/uploads\/2024\/07\/000780BC.png","link":"https:\/\/kind.ee\/et\/?attachment_id=22931","alt":"","author":"4","description":"","caption":"","name":"000780bc","status":"inherit","uploaded_to":22918,"date":"2024-07-17 07:34:01","modified":"2024-07-17 07:34:39","menu_order":0,"mime_type":"image\/png","type":"image","subtype":"png","icon":"https:\/\/kind.ee\/wp-includes\/images\/media\/default.png","width":600,"height":600,"sizes":{"thumbnail":"https:\/\/kind.ee\/wp-content\/uploads\/2024\/07\/000780BC-150x150.png","thumbnail-width":150,"thumbnail-height":150,"medium":"https:\/\/kind.ee\/wp-content\/uploads\/2024\/07\/000780BC-300x300.png","medium-width":300,"medium-height":300,"medium_large":"https:\/\/kind.ee\/wp-content\/uploads\/2024\/07\/000780BC.png","medium_large-width":600,"medium_large-height":600,"large":"https:\/\/kind.ee\/wp-content\/uploads\/2024\/07\/000780BC.png","large-width":600,"large-height":600,"1536x1536":"https:\/\/kind.ee\/wp-content\/uploads\/2024\/07\/000780BC.png","1536x1536-width":600,"1536x1536-height":600,"2048x2048":"https:\/\/kind.ee\/wp-content\/uploads\/2024\/07\/000780BC.png","2048x2048-width":600,"2048x2048-height":600,"galerii_large":"https:\/\/kind.ee\/wp-content\/uploads\/2024\/07\/000780BC.png","galerii_large-width":600,"galerii_large-height":600,"galerii_large_retina":"https:\/\/kind.ee\/wp-content\/uploads\/2024\/07\/000780BC.png","galerii_large_retina-width":600,"galerii_large_retina-height":600,"woocommerce_thumbnail":"https:\/\/kind.ee\/wp-content\/uploads\/2024\/07\/000780BC-300x300.png","woocommerce_thumbnail-width":300,"woocommerce_thumbnail-height":300,"woocommerce_single":"https:\/\/kind.ee\/wp-content\/uploads\/2024\/07\/000780BC.png","woocommerce_single-width":600,"woocommerce_single-height":600,"woocommerce_gallery_thumbnail":"https:\/\/kind.ee\/wp-content\/uploads\/2024\/07\/000780BC-100x100.png","woocommerce_gallery_thumbnail-width":100,"woocommerce_gallery_thumbnail-height":100}}],"varvikood":false,"varvid-native":false,"varvid-stedman":false,"varvikood-neutral":false,"varvid-sols":false,"midoceani_varvid":false,"purewaste":false,"beechfield-varvid":false,"bagbase":846,"mepal":false},{"pildid":[{"ID":22929,"id":22929,"title":"A06F8ED4","filename":"A06F8ED4.png","filesize":291601,"url":"https:\/\/kind.ee\/wp-content\/uploads\/2024\/07\/A06F8ED4.png","link":"https:\/\/kind.ee\/et\/?attachment_id=22929","alt":"","author":"4","description":"","caption":"","name":"a06f8ed4","status":"inherit","uploaded_to":22918,"date":"2024-07-17 07:33:57","modified":"2024-07-17 07:34:56","menu_order":0,"mime_type":"image\/png","type":"image","subtype":"png","icon":"https:\/\/kind.ee\/wp-includes\/images\/media\/default.png","width":600,"height":600,"sizes":{"thumbnail":"https:\/\/kind.ee\/wp-content\/uploads\/2024\/07\/A06F8ED4-150x150.png","thumbnail-width":150,"thumbnail-height":150,"medium":"https:\/\/kind.ee\/wp-content\/uploads\/2024\/07\/A06F8ED4-300x300.png","medium-width":300,"medium-height":300,"medium_large":"https:\/\/kind.ee\/wp-content\/uploads\/2024\/07\/A06F8ED4.png","medium_large-width":600,"medium_large-height":600,"large":"https:\/\/kind.ee\/wp-content\/uploads\/2024\/07\/A06F8ED4.png","large-width":600,"large-height":600,"1536x1536":"https:\/\/kind.ee\/wp-content\/uploads\/2024\/07\/A06F8ED4.png","1536x1536-width":600,"1536x1536-height":600,"2048x2048":"https:\/\/kind.ee\/wp-content\/uploads\/2024\/07\/A06F8ED4.png","2048x2048-width":600,"2048x2048-height":600,"galerii_large":"https:\/\/kind.ee\/wp-content\/uploads\/2024\/07\/A06F8ED4.png","galerii_large-width":600,"galerii_large-height":600,"galerii_large_retina":"https:\/\/kind.ee\/wp-content\/uploads\/2024\/07\/A06F8ED4.png","galerii_large_retina-width":600,"galerii_large_retina-height":600,"woocommerce_thumbnail":"https:\/\/kind.ee\/wp-content\/uploads\/2024\/07\/A06F8ED4-300x300.png","woocommerce_thumbnail-width":300,"woocommerce_thumbnail-height":300,"woocommerce_single":"https:\/\/kind.ee\/wp-content\/uploads\/2024\/07\/A06F8ED4.png","woocommerce_single-width":600,"woocommerce_single-height":600,"woocommerce_gallery_thumbnail":"https:\/\/kind.ee\/wp-content\/uploads\/2024\/07\/A06F8ED4-100x100.png","woocommerce_gallery_thumbnail-width":100,"woocommerce_gallery_thumbnail-height":100}}],"varvikood":false,"varvid-native":false,"varvid-stedman":false,"varvikood-neutral":false,"varvid-sols":false,"midoceani_varvid":false,"purewaste":false,"beechfield-varvid":false,"bagbase":843,"mepal":false},{"pildid":[{"ID":22927,"id":22927,"title":"BBE5BB4B","filename":"BBE5BB4B.png","filesize":223940,"url":"https:\/\/kind.ee\/wp-content\/uploads\/2024\/07\/BBE5BB4B.png","link":"https:\/\/kind.ee\/et\/?attachment_id=22927","alt":"","author":"4","description":"","caption":"","name":"bbe5bb4b","status":"inherit","uploaded_to":22918,"date":"2024-07-17 07:33:54","modified":"2024-07-17 07:35:07","menu_order":0,"mime_type":"image\/png","type":"image","subtype":"png","icon":"https:\/\/kind.ee\/wp-includes\/images\/media\/default.png","width":600,"height":600,"sizes":{"thumbnail":"https:\/\/kind.ee\/wp-content\/uploads\/2024\/07\/BBE5BB4B-150x150.png","thumbnail-width":150,"thumbnail-height":150,"medium":"https:\/\/kind.ee\/wp-content\/uploads\/2024\/07\/BBE5BB4B-300x300.png","medium-width":300,"medium-height":300,"medium_large":"https:\/\/kind.ee\/wp-content\/uploads\/2024\/07\/BBE5BB4B.png","medium_large-width":600,"medium_large-height":600,"large":"https:\/\/kind.ee\/wp-content\/uploads\/2024\/07\/BBE5BB4B.png","large-width":600,"large-height":600,"1536x1536":"https:\/\/kind.ee\/wp-content\/uploads\/2024\/07\/BBE5BB4B.png","1536x1536-width":600,"1536x1536-height":600,"2048x2048":"https:\/\/kind.ee\/wp-content\/uploads\/2024\/07\/BBE5BB4B.png","2048x2048-width":600,"2048x2048-height":600,"galerii_large":"https:\/\/kind.ee\/wp-content\/uploads\/2024\/07\/BBE5BB4B.png","galerii_large-width":600,"galerii_large-height":600,"galerii_large_retina":"https:\/\/kind.ee\/wp-content\/uploads\/2024\/07\/BBE5BB4B.png","galerii_large_retina-width":600,"galerii_large_retina-height":600,"woocommerce_thumbnail":"https:\/\/kind.ee\/wp-content\/uploads\/2024\/07\/BBE5BB4B-300x300.png","woocommerce_thumbnail-width":300,"woocommerce_thumbnail-height":300,"woocommerce_single":"https:\/\/kind.ee\/wp-content\/uploads\/2024\/07\/BBE5BB4B.png","woocommerce_single-width":600,"woocommerce_single-height":600,"woocommerce_gallery_thumbnail":"https:\/\/kind.ee\/wp-content\/uploads\/2024\/07\/BBE5BB4B-100x100.png","woocommerce_gallery_thumbnail-width":100,"woocommerce_gallery_thumbnail-height":100}}],"varvikood":false,"varvid-native":false,"varvid-stedman":false,"varvikood-neutral":false,"varvid-sols":false,"midoceani_varvid":false,"purewaste":false,"beechfield-varvid":false,"bagbase":834,"mepal":false},{"pildid":[{"ID":22925,"id":22925,"title":"8FBC0A02","filename":"8FBC0A02.png","filesize":276796,"url":"https:\/\/kind.ee\/wp-content\/uploads\/2024\/07\/8FBC0A02.png","link":"https:\/\/kind.ee\/et\/?attachment_id=22925","alt":"","author":"4","description":"","caption":"","name":"8fbc0a02","status":"inherit","uploaded_to":22918,"date":"2024-07-17 07:33:51","modified":"2024-07-17 07:35:19","menu_order":0,"mime_type":"image\/png","type":"image","subtype":"png","icon":"https:\/\/kind.ee\/wp-includes\/images\/media\/default.png","width":600,"height":600,"sizes":{"thumbnail":"https:\/\/kind.ee\/wp-content\/uploads\/2024\/07\/8FBC0A02-150x150.png","thumbnail-width":150,"thumbnail-height":150,"medium":"https:\/\/kind.ee\/wp-content\/uploads\/2024\/07\/8FBC0A02-300x300.png","medium-width":300,"medium-height":300,"medium_large":"https:\/\/kind.ee\/wp-content\/uploads\/2024\/07\/8FBC0A02.png","medium_large-width":600,"medium_large-height":600,"large":"https:\/\/kind.ee\/wp-content\/uploads\/2024\/07\/8FBC0A02.png","large-width":600,"large-height":600,"1536x1536":"https:\/\/kind.ee\/wp-content\/uploads\/2024\/07\/8FBC0A02.png","1536x1536-width":600,"1536x1536-height":600,"2048x2048":"https:\/\/kind.ee\/wp-content\/uploads\/2024\/07\/8FBC0A02.png","2048x2048-width":600,"2048x2048-height":600,"galerii_large":"https:\/\/kind.ee\/wp-content\/uploads\/2024\/07\/8FBC0A02.png","galerii_large-width":600,"galerii_large-height":600,"galerii_large_retina":"https:\/\/kind.ee\/wp-content\/uploads\/2024\/07\/8FBC0A02.png","galerii_large_retina-width":600,"galerii_large_retina-height":600,"woocommerce_thumbnail":"https:\/\/kind.ee\/wp-content\/uploads\/2024\/07\/8FBC0A02-300x300.png","woocommerce_thumbnail-width":300,"woocommerce_thumbnail-height":300,"woocommerce_single":"https:\/\/kind.ee\/wp-content\/uploads\/2024\/07\/8FBC0A02.png","woocommerce_single-width":600,"woocommerce_single-height":600,"woocommerce_gallery_thumbnail":"https:\/\/kind.ee\/wp-content\/uploads\/2024\/07\/8FBC0A02-100x100.png","woocommerce_gallery_thumbnail-width":100,"woocommerce_gallery_thumbnail-height":100}}],"varvikood":false,"varvid-native":false,"varvid-stedman":false,"varvikood-neutral":false,"varvid-sols":false,"midoceani_varvid":false,"purewaste":false,"beechfield-varvid":false,"bagbase":853,"mepal":false},{"pildid":[{"ID":22921,"id":22921,"title":"22925B4F","filename":"22925B4F.png","filesize":276876,"url":"https:\/\/kind.ee\/wp-content\/uploads\/2024\/07\/22925B4F.png","link":"https:\/\/kind.ee\/et\/?attachment_id=22921","alt":"","author":"4","description":"","caption":"","name":"22925b4f","status":"inherit","uploaded_to":22918,"date":"2024-07-17 07:33:45","modified":"2024-07-17 07:35:35","menu_order":0,"mime_type":"image\/png","type":"image","subtype":"png","icon":"https:\/\/kind.ee\/wp-includes\/images\/media\/default.png","width":600,"height":600,"sizes":{"thumbnail":"https:\/\/kind.ee\/wp-content\/uploads\/2024\/07\/22925B4F-150x150.png","thumbnail-width":150,"thumbnail-height":150,"medium":"https:\/\/kind.ee\/wp-content\/uploads\/2024\/07\/22925B4F-300x300.png","medium-width":300,"medium-height":300,"medium_large":"https:\/\/kind.ee\/wp-content\/uploads\/2024\/07\/22925B4F.png","medium_large-width":600,"medium_large-height":600,"large":"https:\/\/kind.ee\/wp-content\/uploads\/2024\/07\/22925B4F.png","large-width":600,"large-height":600,"1536x1536":"https:\/\/kind.ee\/wp-content\/uploads\/2024\/07\/22925B4F.png","1536x1536-width":600,"1536x1536-height":600,"2048x2048":"https:\/\/kind.ee\/wp-content\/uploads\/2024\/07\/22925B4F.png","2048x2048-width":600,"2048x2048-height":600,"galerii_large":"https:\/\/kind.ee\/wp-content\/uploads\/2024\/07\/22925B4F.png","galerii_large-width":600,"galerii_large-height":600,"galerii_large_retina":"https:\/\/kind.ee\/wp-content\/uploads\/2024\/07\/22925B4F.png","galerii_large_retina-width":600,"galerii_large_retina-height":600,"woocommerce_thumbnail":"https:\/\/kind.ee\/wp-content\/uploads\/2024\/07\/22925B4F-300x300.png","woocommerce_thumbnail-width":300,"woocommerce_thumbnail-height":300,"woocommerce_single":"https:\/\/kind.ee\/wp-content\/uploads\/2024\/07\/22925B4F.png","woocommerce_single-width":600,"woocommerce_single-height":600,"woocommerce_gallery_thumbnail":"https:\/\/kind.ee\/wp-content\/uploads\/2024\/07\/22925B4F-100x100.png","woocommerce_gallery_thumbnail-width":100,"woocommerce_gallery_thumbnail-height":100}}],"varvikood":false,"varvid-native":false,"varvid-stedman":false,"varvikood-neutral":false,"varvid-sols":false,"midoceani_varvid":false,"purewaste":false,"beechfield-varvid":false,"bagbase":844,"mepal":false},{"pildid":[{"ID":22919,"id":22919,"title":"9CCB9609","filename":"9CCB9609.png","filesize":293303,"url":"https:\/\/kind.ee\/wp-content\/uploads\/2024\/07\/9CCB9609.png","link":"https:\/\/kind.ee\/et\/?attachment_id=22919","alt":"","author":"4","description":"","caption":"","name":"9ccb9609","status":"inherit","uploaded_to":22918,"date":"2024-07-17 07:33:42","modified":"2024-07-17 07:35:47","menu_order":0,"mime_type":"image\/png","type":"image","subtype":"png","icon":"https:\/\/kind.ee\/wp-includes\/images\/media\/default.png","width":600,"height":600,"sizes":{"thumbnail":"https:\/\/kind.ee\/wp-content\/uploads\/2024\/07\/9CCB9609-150x150.png","thumbnail-width":150,"thumbnail-height":150,"medium":"https:\/\/kind.ee\/wp-content\/uploads\/2024\/07\/9CCB9609-300x300.png","medium-width":300,"medium-height":300,"medium_large":"https:\/\/kind.ee\/wp-content\/uploads\/2024\/07\/9CCB9609.png","medium_large-width":600,"medium_large-height":600,"large":"https:\/\/kind.ee\/wp-content\/uploads\/2024\/07\/9CCB9609.png","large-width":600,"large-height":600,"1536x1536":"https:\/\/kind.ee\/wp-content\/uploads\/2024\/07\/9CCB9609.png","1536x1536-width":600,"1536x1536-height":600,"2048x2048":"https:\/\/kind.ee\/wp-content\/uploads\/2024\/07\/9CCB9609.png","2048x2048-width":600,"2048x2048-height":600,"galerii_large":"https:\/\/kind.ee\/wp-content\/uploads\/2024\/07\/9CCB9609.png","galerii_large-width":600,"galerii_large-height":600,"galerii_large_retina":"https:\/\/kind.ee\/wp-content\/uploads\/2024\/07\/9CCB9609.png","galerii_large_retina-width":600,"galerii_large_retina-height":600,"woocommerce_thumbnail":"https:\/\/kind.ee\/wp-content\/uploads\/2024\/07\/9CCB9609-300x300.png","woocommerce_thumbnail-width":300,"woocommerce_thumbnail-height":300,"woocommerce_single":"https:\/\/kind.ee\/wp-content\/uploads\/2024\/07\/9CCB9609.png","woocommerce_single-width":600,"woocommerce_single-height":600,"woocommerce_gallery_thumbnail":"https:\/\/kind.ee\/wp-content\/uploads\/2024\/07\/9CCB9609-100x100.png","woocommerce_gallery_thumbnail-width":100,"woocommerce_gallery_thumbnail-height":100}}],"varvikood":false,"varvid-native":false,"varvid-stedman":false,"varvikood-neutral":false,"varvid-sols":false,"midoceani_varvid":false,"purewaste":false,"beechfield-varvid":false,"bagbase":852,"mepal":false}],"tooteinfo":"Usaldusv\u00e4\u00e4rne valik aktiivse elustiili harrastajatele. Lisaks suurele p\u00f5hitaskule, mis mahutab palju esemeid, on kotil ka lukuga tagatasku, tagades kiire juurdep\u00e4\u00e4su v\u00e4iksematele esemetele. Reguleeritava rihmaga kotti saab kanda nii v\u00f6\u00f6l kui \u00fcle \u00f5la. T\u00f5mbluku n\u00f6\u00f6rid on helkur detailiga. Koti valmistamiseks on kasutatud ligikaudu kolme plastpudelist saadud plastikut.","materjal":"100% \u00fcmbert\u00f6\u00f6deldud 600D pol\u00fcester, PVC vaba","varvus":""},"_links":{"self":[{"href":"https:\/\/kind.ee\/et\/wp-json\/wp\/v2\/product\/22918","targetHints":{"allow":["GET"]}}],"collection":[{"href":"https:\/\/kind.ee\/et\/wp-json\/wp\/v2\/product"}],"about":[{"href":"https:\/\/kind.ee\/et\/wp-json\/wp\/v2\/types\/product"}],"wp:featuredmedia":[{"embeddable":true,"href":"https:\/\/kind.ee\/et\/wp-json\/wp\/v2\/media\/22929"}],"wp:attachment":[{"href":"https:\/\/kind.ee\/et\/wp-json\/wp\/v2\/media?parent=22918"}],"wp:term":[{"taxonomy":"product_brand","embeddable":true,"href":"https:\/\/kind.ee\/et\/wp-json\/wp\/v2\/product_brand?post=22918"},{"taxonomy":"product_cat","embeddable":true,"href":"https:\/\/kind.ee\/et\/wp-json\/wp\/v2\/product_cat?post=22918"},{"taxonomy":"product_tag","embeddable":true,"href":"https:\/\/kind.ee\/et\/wp-json\/wp\/v2\/product_tag?post=22918"}],"curies":[{"name":"wp","href":"https:\/\/api.w.org\/{rel}","templated":true}]}}