{"id":22872,"date":"2024-07-17T06:31:50","date_gmt":"2024-07-17T06:31:50","guid":{"rendered":"https:\/\/kind.ee\/?post_type=product&#038;p=22872"},"modified":"2025-06-15T17:27:07","modified_gmt":"2025-06-15T17:27:07","slug":"hugieenitarvete-kott-bagbase","status":"publish","type":"product","link":"https:\/\/kind.ee\/et\/toode\/hugieenitarvete-kott-bagbase\/","title":{"rendered":"h\u00fcgieenitarvete kott BagBase"},"content":{"rendered":"","protected":false},"excerpt":{"rendered":"","protected":false},"featured_media":22875,"template":"","meta":[],"product_brand":[],"product_cat":[598],"product_tag":[],"class_list":{"0":"post-22872","1":"product","2":"type-product","3":"status-publish","4":"has-post-thumbnail","6":"product_cat-kotid","8":"first","9":"instock","10":"shipping-taxable","11":"purchasable","12":"product-type-simple"},"acf":{"muugi_argumendid":[],"sertifikaadid":["Recycled Material"],"season":[],"loige":"","suuruste_tabel":false,"paksus":"","min_kogus":"5","kangas":"","kanga-info":"","mootmed":"K\u00f5rgus 17 cm, pikkus 24 cm, laius 9 cm. Mahutavus 3 L","toote_pildid_varvide_kaupa":[{"pildid":[{"ID":22883,"id":22883,"title":"3FC2A465","filename":"3FC2A465.png","filesize":209003,"url":"https:\/\/kind.ee\/wp-content\/uploads\/2024\/07\/3FC2A465.png","link":"https:\/\/kind.ee\/et\/?attachment_id=22883","alt":"","author":"4","description":"","caption":"","name":"3fc2a465","status":"inherit","uploaded_to":22872,"date":"2024-07-17 06:29:55","modified":"2024-07-17 06:29:55","menu_order":0,"mime_type":"image\/png","type":"image","subtype":"png","icon":"https:\/\/kind.ee\/wp-includes\/images\/media\/default.png","width":400,"height":600,"sizes":{"thumbnail":"https:\/\/kind.ee\/wp-content\/uploads\/2024\/07\/3FC2A465-150x150.png","thumbnail-width":150,"thumbnail-height":150,"medium":"https:\/\/kind.ee\/wp-content\/uploads\/2024\/07\/3FC2A465-200x300.png","medium-width":200,"medium-height":300,"medium_large":"https:\/\/kind.ee\/wp-content\/uploads\/2024\/07\/3FC2A465.png","medium_large-width":400,"medium_large-height":600,"large":"https:\/\/kind.ee\/wp-content\/uploads\/2024\/07\/3FC2A465.png","large-width":400,"large-height":600,"1536x1536":"https:\/\/kind.ee\/wp-content\/uploads\/2024\/07\/3FC2A465.png","1536x1536-width":400,"1536x1536-height":600,"2048x2048":"https:\/\/kind.ee\/wp-content\/uploads\/2024\/07\/3FC2A465.png","2048x2048-width":400,"2048x2048-height":600,"galerii_large":"https:\/\/kind.ee\/wp-content\/uploads\/2024\/07\/3FC2A465.png","galerii_large-width":400,"galerii_large-height":600,"galerii_large_retina":"https:\/\/kind.ee\/wp-content\/uploads\/2024\/07\/3FC2A465.png","galerii_large_retina-width":400,"galerii_large_retina-height":600,"woocommerce_thumbnail":"https:\/\/kind.ee\/wp-content\/uploads\/2024\/07\/3FC2A465-300x300.png","woocommerce_thumbnail-width":300,"woocommerce_thumbnail-height":300,"woocommerce_single":"https:\/\/kind.ee\/wp-content\/uploads\/2024\/07\/3FC2A465.png","woocommerce_single-width":400,"woocommerce_single-height":600,"woocommerce_gallery_thumbnail":"https:\/\/kind.ee\/wp-content\/uploads\/2024\/07\/3FC2A465-100x100.png","woocommerce_gallery_thumbnail-width":100,"woocommerce_gallery_thumbnail-height":100}},{"ID":22877,"id":22877,"title":"2845F2AA","filename":"2845F2AA.png","filesize":418336,"url":"https:\/\/kind.ee\/wp-content\/uploads\/2024\/07\/2845F2AA.png","link":"https:\/\/kind.ee\/et\/?attachment_id=22877","alt":"","author":"4","description":"","caption":"","name":"2845f2aa","status":"inherit","uploaded_to":22872,"date":"2024-07-17 06:29:44","modified":"2024-07-17 06:30:00","menu_order":0,"mime_type":"image\/png","type":"image","subtype":"png","icon":"https:\/\/kind.ee\/wp-includes\/images\/media\/default.png","width":600,"height":600,"sizes":{"thumbnail":"https:\/\/kind.ee\/wp-content\/uploads\/2024\/07\/2845F2AA-150x150.png","thumbnail-width":150,"thumbnail-height":150,"medium":"https:\/\/kind.ee\/wp-content\/uploads\/2024\/07\/2845F2AA-300x300.png","medium-width":300,"medium-height":300,"medium_large":"https:\/\/kind.ee\/wp-content\/uploads\/2024\/07\/2845F2AA.png","medium_large-width":600,"medium_large-height":600,"large":"https:\/\/kind.ee\/wp-content\/uploads\/2024\/07\/2845F2AA.png","large-width":600,"large-height":600,"1536x1536":"https:\/\/kind.ee\/wp-content\/uploads\/2024\/07\/2845F2AA.png","1536x1536-width":600,"1536x1536-height":600,"2048x2048":"https:\/\/kind.ee\/wp-content\/uploads\/2024\/07\/2845F2AA.png","2048x2048-width":600,"2048x2048-height":600,"galerii_large":"https:\/\/kind.ee\/wp-content\/uploads\/2024\/07\/2845F2AA.png","galerii_large-width":600,"galerii_large-height":600,"galerii_large_retina":"https:\/\/kind.ee\/wp-content\/uploads\/2024\/07\/2845F2AA.png","galerii_large_retina-width":600,"galerii_large_retina-height":600,"woocommerce_thumbnail":"https:\/\/kind.ee\/wp-content\/uploads\/2024\/07\/2845F2AA-300x300.png","woocommerce_thumbnail-width":300,"woocommerce_thumbnail-height":300,"woocommerce_single":"https:\/\/kind.ee\/wp-content\/uploads\/2024\/07\/2845F2AA.png","woocommerce_single-width":600,"woocommerce_single-height":600,"woocommerce_gallery_thumbnail":"https:\/\/kind.ee\/wp-content\/uploads\/2024\/07\/2845F2AA-100x100.png","woocommerce_gallery_thumbnail-width":100,"woocommerce_gallery_thumbnail-height":100}}],"varvikood":false,"varvid-native":false,"varvid-stedman":false,"varvikood-neutral":false,"varvid-sols":false,"midoceani_varvid":false,"purewaste":false,"beechfield-varvid":false,"bagbase":834,"mepal":false},{"pildid":[{"ID":22881,"id":22881,"title":"webimage-5EC5079A-5E31-4607-86A4C64E8931E621","filename":"webimage-5EC5079A-5E31-4607-86A4C64E8931E621.png","filesize":448146,"url":"https:\/\/kind.ee\/wp-content\/uploads\/2024\/07\/webimage-5EC5079A-5E31-4607-86A4C64E8931E621.png","link":"https:\/\/kind.ee\/et\/?attachment_id=22881","alt":"","author":"4","description":"","caption":"","name":"webimage-5ec5079a-5e31-4607-86a4c64e8931e621","status":"inherit","uploaded_to":22872,"date":"2024-07-17 06:29:51","modified":"2024-07-17 06:29:51","menu_order":0,"mime_type":"image\/png","type":"image","subtype":"png","icon":"https:\/\/kind.ee\/wp-includes\/images\/media\/default.png","width":600,"height":600,"sizes":{"thumbnail":"https:\/\/kind.ee\/wp-content\/uploads\/2024\/07\/webimage-5EC5079A-5E31-4607-86A4C64E8931E621-150x150.png","thumbnail-width":150,"thumbnail-height":150,"medium":"https:\/\/kind.ee\/wp-content\/uploads\/2024\/07\/webimage-5EC5079A-5E31-4607-86A4C64E8931E621-300x300.png","medium-width":300,"medium-height":300,"medium_large":"https:\/\/kind.ee\/wp-content\/uploads\/2024\/07\/webimage-5EC5079A-5E31-4607-86A4C64E8931E621.png","medium_large-width":600,"medium_large-height":600,"large":"https:\/\/kind.ee\/wp-content\/uploads\/2024\/07\/webimage-5EC5079A-5E31-4607-86A4C64E8931E621.png","large-width":600,"large-height":600,"1536x1536":"https:\/\/kind.ee\/wp-content\/uploads\/2024\/07\/webimage-5EC5079A-5E31-4607-86A4C64E8931E621.png","1536x1536-width":600,"1536x1536-height":600,"2048x2048":"https:\/\/kind.ee\/wp-content\/uploads\/2024\/07\/webimage-5EC5079A-5E31-4607-86A4C64E8931E621.png","2048x2048-width":600,"2048x2048-height":600,"galerii_large":"https:\/\/kind.ee\/wp-content\/uploads\/2024\/07\/webimage-5EC5079A-5E31-4607-86A4C64E8931E621.png","galerii_large-width":600,"galerii_large-height":600,"galerii_large_retina":"https:\/\/kind.ee\/wp-content\/uploads\/2024\/07\/webimage-5EC5079A-5E31-4607-86A4C64E8931E621.png","galerii_large_retina-width":600,"galerii_large_retina-height":600,"woocommerce_thumbnail":"https:\/\/kind.ee\/wp-content\/uploads\/2024\/07\/webimage-5EC5079A-5E31-4607-86A4C64E8931E621-300x300.png","woocommerce_thumbnail-width":300,"woocommerce_thumbnail-height":300,"woocommerce_single":"https:\/\/kind.ee\/wp-content\/uploads\/2024\/07\/webimage-5EC5079A-5E31-4607-86A4C64E8931E621.png","woocommerce_single-width":600,"woocommerce_single-height":600,"woocommerce_gallery_thumbnail":"https:\/\/kind.ee\/wp-content\/uploads\/2024\/07\/webimage-5EC5079A-5E31-4607-86A4C64E8931E621-100x100.png","woocommerce_gallery_thumbnail-width":100,"woocommerce_gallery_thumbnail-height":100}},{"ID":22879,"id":22879,"title":"511B0FC0","filename":"511B0FC0.png","filesize":754212,"url":"https:\/\/kind.ee\/wp-content\/uploads\/2024\/07\/511B0FC0.png","link":"https:\/\/kind.ee\/et\/?attachment_id=22879","alt":"","author":"4","description":"","caption":"","name":"511b0fc0","status":"inherit","uploaded_to":22872,"date":"2024-07-17 06:29:48","modified":"2024-07-17 06:30:13","menu_order":0,"mime_type":"image\/png","type":"image","subtype":"png","icon":"https:\/\/kind.ee\/wp-includes\/images\/media\/default.png","width":600,"height":600,"sizes":{"thumbnail":"https:\/\/kind.ee\/wp-content\/uploads\/2024\/07\/511B0FC0-150x150.png","thumbnail-width":150,"thumbnail-height":150,"medium":"https:\/\/kind.ee\/wp-content\/uploads\/2024\/07\/511B0FC0-300x300.png","medium-width":300,"medium-height":300,"medium_large":"https:\/\/kind.ee\/wp-content\/uploads\/2024\/07\/511B0FC0.png","medium_large-width":600,"medium_large-height":600,"large":"https:\/\/kind.ee\/wp-content\/uploads\/2024\/07\/511B0FC0.png","large-width":600,"large-height":600,"1536x1536":"https:\/\/kind.ee\/wp-content\/uploads\/2024\/07\/511B0FC0.png","1536x1536-width":600,"1536x1536-height":600,"2048x2048":"https:\/\/kind.ee\/wp-content\/uploads\/2024\/07\/511B0FC0.png","2048x2048-width":600,"2048x2048-height":600,"galerii_large":"https:\/\/kind.ee\/wp-content\/uploads\/2024\/07\/511B0FC0.png","galerii_large-width":600,"galerii_large-height":600,"galerii_large_retina":"https:\/\/kind.ee\/wp-content\/uploads\/2024\/07\/511B0FC0.png","galerii_large_retina-width":600,"galerii_large_retina-height":600,"woocommerce_thumbnail":"https:\/\/kind.ee\/wp-content\/uploads\/2024\/07\/511B0FC0-300x300.png","woocommerce_thumbnail-width":300,"woocommerce_thumbnail-height":300,"woocommerce_single":"https:\/\/kind.ee\/wp-content\/uploads\/2024\/07\/511B0FC0.png","woocommerce_single-width":600,"woocommerce_single-height":600,"woocommerce_gallery_thumbnail":"https:\/\/kind.ee\/wp-content\/uploads\/2024\/07\/511B0FC0-100x100.png","woocommerce_gallery_thumbnail-width":100,"woocommerce_gallery_thumbnail-height":100}}],"varvikood":false,"varvid-native":false,"varvid-stedman":false,"varvikood-neutral":false,"varvid-sols":false,"midoceani_varvid":false,"purewaste":false,"beechfield-varvid":false,"bagbase":848,"mepal":false},{"pildid":[{"ID":22875,"id":22875,"title":"78D3E9D7","filename":"78D3E9D7.png","filesize":436608,"url":"https:\/\/kind.ee\/wp-content\/uploads\/2024\/07\/78D3E9D7.png","link":"https:\/\/kind.ee\/et\/?attachment_id=22875","alt":"","author":"4","description":"","caption":"","name":"78d3e9d7","status":"inherit","uploaded_to":22872,"date":"2024-07-17 06:29:41","modified":"2024-07-17 06:30:29","menu_order":0,"mime_type":"image\/png","type":"image","subtype":"png","icon":"https:\/\/kind.ee\/wp-includes\/images\/media\/default.png","width":600,"height":600,"sizes":{"thumbnail":"https:\/\/kind.ee\/wp-content\/uploads\/2024\/07\/78D3E9D7-150x150.png","thumbnail-width":150,"thumbnail-height":150,"medium":"https:\/\/kind.ee\/wp-content\/uploads\/2024\/07\/78D3E9D7-300x300.png","medium-width":300,"medium-height":300,"medium_large":"https:\/\/kind.ee\/wp-content\/uploads\/2024\/07\/78D3E9D7.png","medium_large-width":600,"medium_large-height":600,"large":"https:\/\/kind.ee\/wp-content\/uploads\/2024\/07\/78D3E9D7.png","large-width":600,"large-height":600,"1536x1536":"https:\/\/kind.ee\/wp-content\/uploads\/2024\/07\/78D3E9D7.png","1536x1536-width":600,"1536x1536-height":600,"2048x2048":"https:\/\/kind.ee\/wp-content\/uploads\/2024\/07\/78D3E9D7.png","2048x2048-width":600,"2048x2048-height":600,"galerii_large":"https:\/\/kind.ee\/wp-content\/uploads\/2024\/07\/78D3E9D7.png","galerii_large-width":600,"galerii_large-height":600,"galerii_large_retina":"https:\/\/kind.ee\/wp-content\/uploads\/2024\/07\/78D3E9D7.png","galerii_large_retina-width":600,"galerii_large_retina-height":600,"woocommerce_thumbnail":"https:\/\/kind.ee\/wp-content\/uploads\/2024\/07\/78D3E9D7-300x300.png","woocommerce_thumbnail-width":300,"woocommerce_thumbnail-height":300,"woocommerce_single":"https:\/\/kind.ee\/wp-content\/uploads\/2024\/07\/78D3E9D7.png","woocommerce_single-width":600,"woocommerce_single-height":600,"woocommerce_gallery_thumbnail":"https:\/\/kind.ee\/wp-content\/uploads\/2024\/07\/78D3E9D7-100x100.png","woocommerce_gallery_thumbnail-width":100,"woocommerce_gallery_thumbnail-height":100}}],"varvikood":false,"varvid-native":false,"varvid-stedman":false,"varvikood-neutral":false,"varvid-sols":false,"midoceani_varvid":false,"purewaste":false,"beechfield-varvid":false,"bagbase":851,"mepal":false},{"pildid":[{"ID":22873,"id":22873,"title":"1D0345AC","filename":"1D0345AC.png","filesize":364204,"url":"https:\/\/kind.ee\/wp-content\/uploads\/2024\/07\/1D0345AC.png","link":"https:\/\/kind.ee\/et\/?attachment_id=22873","alt":"","author":"4","description":"","caption":"","name":"1d0345ac","status":"inherit","uploaded_to":22872,"date":"2024-07-17 06:29:37","modified":"2024-07-17 06:30:40","menu_order":0,"mime_type":"image\/png","type":"image","subtype":"png","icon":"https:\/\/kind.ee\/wp-includes\/images\/media\/default.png","width":600,"height":600,"sizes":{"thumbnail":"https:\/\/kind.ee\/wp-content\/uploads\/2024\/07\/1D0345AC-150x150.png","thumbnail-width":150,"thumbnail-height":150,"medium":"https:\/\/kind.ee\/wp-content\/uploads\/2024\/07\/1D0345AC-300x300.png","medium-width":300,"medium-height":300,"medium_large":"https:\/\/kind.ee\/wp-content\/uploads\/2024\/07\/1D0345AC.png","medium_large-width":600,"medium_large-height":600,"large":"https:\/\/kind.ee\/wp-content\/uploads\/2024\/07\/1D0345AC.png","large-width":600,"large-height":600,"1536x1536":"https:\/\/kind.ee\/wp-content\/uploads\/2024\/07\/1D0345AC.png","1536x1536-width":600,"1536x1536-height":600,"2048x2048":"https:\/\/kind.ee\/wp-content\/uploads\/2024\/07\/1D0345AC.png","2048x2048-width":600,"2048x2048-height":600,"galerii_large":"https:\/\/kind.ee\/wp-content\/uploads\/2024\/07\/1D0345AC.png","galerii_large-width":600,"galerii_large-height":600,"galerii_large_retina":"https:\/\/kind.ee\/wp-content\/uploads\/2024\/07\/1D0345AC.png","galerii_large_retina-width":600,"galerii_large_retina-height":600,"woocommerce_thumbnail":"https:\/\/kind.ee\/wp-content\/uploads\/2024\/07\/1D0345AC-300x300.png","woocommerce_thumbnail-width":300,"woocommerce_thumbnail-height":300,"woocommerce_single":"https:\/\/kind.ee\/wp-content\/uploads\/2024\/07\/1D0345AC.png","woocommerce_single-width":600,"woocommerce_single-height":600,"woocommerce_gallery_thumbnail":"https:\/\/kind.ee\/wp-content\/uploads\/2024\/07\/1D0345AC-100x100.png","woocommerce_gallery_thumbnail-width":100,"woocommerce_gallery_thumbnail-height":100}}],"varvikood":false,"varvid-native":false,"varvid-stedman":false,"varvikood-neutral":false,"varvid-sols":false,"midoceani_varvid":false,"purewaste":false,"beechfield-varvid":false,"bagbase":844,"mepal":false}],"tooteinfo":"Ideaalne pesemis- v\u00f5i kosmeetikatarvikute hoiustamiseks. Kotil on mitu sisetaskut ja h\u00f5lpsasti lapiga puhastatav sisemus. K\u00e4epide koti mugavaks kandmist. Koti tootmisel kasutatud materjal on v\u00f5rdne umbes nelja kasutatud plastpudeliga.","materjal":"100% \u00fcmbert\u00f6\u00f6deldud 600D pol\u00fcester, PVC vaba","varvus":""},"_links":{"self":[{"href":"https:\/\/kind.ee\/et\/wp-json\/wp\/v2\/product\/22872","targetHints":{"allow":["GET"]}}],"collection":[{"href":"https:\/\/kind.ee\/et\/wp-json\/wp\/v2\/product"}],"about":[{"href":"https:\/\/kind.ee\/et\/wp-json\/wp\/v2\/types\/product"}],"wp:featuredmedia":[{"embeddable":true,"href":"https:\/\/kind.ee\/et\/wp-json\/wp\/v2\/media\/22875"}],"wp:attachment":[{"href":"https:\/\/kind.ee\/et\/wp-json\/wp\/v2\/media?parent=22872"}],"wp:term":[{"taxonomy":"product_brand","embeddable":true,"href":"https:\/\/kind.ee\/et\/wp-json\/wp\/v2\/product_brand?post=22872"},{"taxonomy":"product_cat","embeddable":true,"href":"https:\/\/kind.ee\/et\/wp-json\/wp\/v2\/product_cat?post=22872"},{"taxonomy":"product_tag","embeddable":true,"href":"https:\/\/kind.ee\/et\/wp-json\/wp\/v2\/product_tag?post=22872"}],"curies":[{"name":"wp","href":"https:\/\/api.w.org\/{rel}","templated":true}]}}