{"id":22804,"date":"2024-07-16T13:00:24","date_gmt":"2024-07-16T13:00:24","guid":{"rendered":"https:\/\/kind.ee\/?post_type=product&#038;p=22804"},"modified":"2025-06-15T17:27:08","modified_gmt":"2025-06-15T17:27:08","slug":"mahukas-nodikott-bagbase","status":"publish","type":"product","link":"https:\/\/kind.ee\/et\/toode\/mahukas-nodikott-bagbase\/","title":{"rendered":"mahukas nodikott BagBase"},"content":{"rendered":"","protected":false},"excerpt":{"rendered":"","protected":false},"featured_media":22805,"template":"","meta":[],"product_brand":[],"product_cat":[598],"product_tag":[],"class_list":{"0":"post-22804","1":"product","2":"type-product","3":"status-publish","4":"has-post-thumbnail","6":"product_cat-kotid","8":"first","9":"instock","10":"shipping-taxable","11":"purchasable","12":"product-type-simple"},"acf":{"muugi_argumendid":[],"sertifikaadid":["Recycled Material"],"season":[],"loige":"","suuruste_tabel":false,"paksus":"","min_kogus":"5","kangas":"","kanga-info":"","mootmed":"K\u00f5rgus 18 cm, pikkus 35 cm, laius 13 cm. Mahutavus 8 L<br \/>\r\n","toote_pildid_varvide_kaupa":[{"pildid":[{"ID":22813,"id":22813,"title":"C9882A33","filename":"C9882A33.png","filesize":232475,"url":"https:\/\/kind.ee\/wp-content\/uploads\/2024\/07\/C9882A33.png","link":"https:\/\/kind.ee\/et\/?attachment_id=22813","alt":"","author":"4","description":"","caption":"","name":"c9882a33","status":"inherit","uploaded_to":22804,"date":"2024-07-16 12:59:17","modified":"2024-07-16 12:59:22","menu_order":0,"mime_type":"image\/png","type":"image","subtype":"png","icon":"https:\/\/kind.ee\/wp-includes\/images\/media\/default.png","width":480,"height":600,"sizes":{"thumbnail":"https:\/\/kind.ee\/wp-content\/uploads\/2024\/07\/C9882A33-150x150.png","thumbnail-width":150,"thumbnail-height":150,"medium":"https:\/\/kind.ee\/wp-content\/uploads\/2024\/07\/C9882A33-240x300.png","medium-width":240,"medium-height":300,"medium_large":"https:\/\/kind.ee\/wp-content\/uploads\/2024\/07\/C9882A33.png","medium_large-width":480,"medium_large-height":600,"large":"https:\/\/kind.ee\/wp-content\/uploads\/2024\/07\/C9882A33.png","large-width":480,"large-height":600,"1536x1536":"https:\/\/kind.ee\/wp-content\/uploads\/2024\/07\/C9882A33.png","1536x1536-width":480,"1536x1536-height":600,"2048x2048":"https:\/\/kind.ee\/wp-content\/uploads\/2024\/07\/C9882A33.png","2048x2048-width":480,"2048x2048-height":600,"galerii_large":"https:\/\/kind.ee\/wp-content\/uploads\/2024\/07\/C9882A33.png","galerii_large-width":480,"galerii_large-height":600,"galerii_large_retina":"https:\/\/kind.ee\/wp-content\/uploads\/2024\/07\/C9882A33.png","galerii_large_retina-width":480,"galerii_large_retina-height":600,"woocommerce_thumbnail":"https:\/\/kind.ee\/wp-content\/uploads\/2024\/07\/C9882A33-300x300.png","woocommerce_thumbnail-width":300,"woocommerce_thumbnail-height":300,"woocommerce_single":"https:\/\/kind.ee\/wp-content\/uploads\/2024\/07\/C9882A33.png","woocommerce_single-width":480,"woocommerce_single-height":600,"woocommerce_gallery_thumbnail":"https:\/\/kind.ee\/wp-content\/uploads\/2024\/07\/C9882A33-100x100.png","woocommerce_gallery_thumbnail-width":100,"woocommerce_gallery_thumbnail-height":100}},{"ID":22811,"id":22811,"title":"170F39BE","filename":"170F39BE.png","filesize":243150,"url":"https:\/\/kind.ee\/wp-content\/uploads\/2024\/07\/170F39BE.png","link":"https:\/\/kind.ee\/et\/?attachment_id=22811","alt":"","author":"4","description":"","caption":"","name":"170f39be","status":"inherit","uploaded_to":22804,"date":"2024-07-16 12:59:13","modified":"2024-07-16 12:59:13","menu_order":0,"mime_type":"image\/png","type":"image","subtype":"png","icon":"https:\/\/kind.ee\/wp-includes\/images\/media\/default.png","width":480,"height":600,"sizes":{"thumbnail":"https:\/\/kind.ee\/wp-content\/uploads\/2024\/07\/170F39BE-150x150.png","thumbnail-width":150,"thumbnail-height":150,"medium":"https:\/\/kind.ee\/wp-content\/uploads\/2024\/07\/170F39BE-240x300.png","medium-width":240,"medium-height":300,"medium_large":"https:\/\/kind.ee\/wp-content\/uploads\/2024\/07\/170F39BE.png","medium_large-width":480,"medium_large-height":600,"large":"https:\/\/kind.ee\/wp-content\/uploads\/2024\/07\/170F39BE.png","large-width":480,"large-height":600,"1536x1536":"https:\/\/kind.ee\/wp-content\/uploads\/2024\/07\/170F39BE.png","1536x1536-width":480,"1536x1536-height":600,"2048x2048":"https:\/\/kind.ee\/wp-content\/uploads\/2024\/07\/170F39BE.png","2048x2048-width":480,"2048x2048-height":600,"galerii_large":"https:\/\/kind.ee\/wp-content\/uploads\/2024\/07\/170F39BE.png","galerii_large-width":480,"galerii_large-height":600,"galerii_large_retina":"https:\/\/kind.ee\/wp-content\/uploads\/2024\/07\/170F39BE.png","galerii_large_retina-width":480,"galerii_large_retina-height":600,"woocommerce_thumbnail":"https:\/\/kind.ee\/wp-content\/uploads\/2024\/07\/170F39BE-300x300.png","woocommerce_thumbnail-width":300,"woocommerce_thumbnail-height":300,"woocommerce_single":"https:\/\/kind.ee\/wp-content\/uploads\/2024\/07\/170F39BE.png","woocommerce_single-width":480,"woocommerce_single-height":600,"woocommerce_gallery_thumbnail":"https:\/\/kind.ee\/wp-content\/uploads\/2024\/07\/170F39BE-100x100.png","woocommerce_gallery_thumbnail-width":100,"woocommerce_gallery_thumbnail-height":100}},{"ID":22807,"id":22807,"title":"webimage-E9D7F76E-03E2-409A-AC0F1D754D2F010F","filename":"webimage-E9D7F76E-03E2-409A-AC0F1D754D2F010F.png","filesize":177919,"url":"https:\/\/kind.ee\/wp-content\/uploads\/2024\/07\/webimage-E9D7F76E-03E2-409A-AC0F1D754D2F010F.png","link":"https:\/\/kind.ee\/et\/?attachment_id=22807","alt":"","author":"4","description":"","caption":"","name":"webimage-e9d7f76e-03e2-409a-ac0f1d754d2f010f","status":"inherit","uploaded_to":22804,"date":"2024-07-16 12:59:07","modified":"2024-07-16 12:59:07","menu_order":0,"mime_type":"image\/png","type":"image","subtype":"png","icon":"https:\/\/kind.ee\/wp-includes\/images\/media\/default.png","width":600,"height":600,"sizes":{"thumbnail":"https:\/\/kind.ee\/wp-content\/uploads\/2024\/07\/webimage-E9D7F76E-03E2-409A-AC0F1D754D2F010F-150x150.png","thumbnail-width":150,"thumbnail-height":150,"medium":"https:\/\/kind.ee\/wp-content\/uploads\/2024\/07\/webimage-E9D7F76E-03E2-409A-AC0F1D754D2F010F-300x300.png","medium-width":300,"medium-height":300,"medium_large":"https:\/\/kind.ee\/wp-content\/uploads\/2024\/07\/webimage-E9D7F76E-03E2-409A-AC0F1D754D2F010F.png","medium_large-width":600,"medium_large-height":600,"large":"https:\/\/kind.ee\/wp-content\/uploads\/2024\/07\/webimage-E9D7F76E-03E2-409A-AC0F1D754D2F010F.png","large-width":600,"large-height":600,"1536x1536":"https:\/\/kind.ee\/wp-content\/uploads\/2024\/07\/webimage-E9D7F76E-03E2-409A-AC0F1D754D2F010F.png","1536x1536-width":600,"1536x1536-height":600,"2048x2048":"https:\/\/kind.ee\/wp-content\/uploads\/2024\/07\/webimage-E9D7F76E-03E2-409A-AC0F1D754D2F010F.png","2048x2048-width":600,"2048x2048-height":600,"galerii_large":"https:\/\/kind.ee\/wp-content\/uploads\/2024\/07\/webimage-E9D7F76E-03E2-409A-AC0F1D754D2F010F.png","galerii_large-width":600,"galerii_large-height":600,"galerii_large_retina":"https:\/\/kind.ee\/wp-content\/uploads\/2024\/07\/webimage-E9D7F76E-03E2-409A-AC0F1D754D2F010F.png","galerii_large_retina-width":600,"galerii_large_retina-height":600,"woocommerce_thumbnail":"https:\/\/kind.ee\/wp-content\/uploads\/2024\/07\/webimage-E9D7F76E-03E2-409A-AC0F1D754D2F010F-300x300.png","woocommerce_thumbnail-width":300,"woocommerce_thumbnail-height":300,"woocommerce_single":"https:\/\/kind.ee\/wp-content\/uploads\/2024\/07\/webimage-E9D7F76E-03E2-409A-AC0F1D754D2F010F.png","woocommerce_single-width":600,"woocommerce_single-height":600,"woocommerce_gallery_thumbnail":"https:\/\/kind.ee\/wp-content\/uploads\/2024\/07\/webimage-E9D7F76E-03E2-409A-AC0F1D754D2F010F-100x100.png","woocommerce_gallery_thumbnail-width":100,"woocommerce_gallery_thumbnail-height":100}}],"varvikood":false,"varvid-native":false,"varvid-stedman":false,"varvikood-neutral":false,"varvid-sols":false,"midoceani_varvid":false,"purewaste":false,"beechfield-varvid":false,"bagbase":835,"mepal":false},{"pildid":[{"ID":22805,"id":22805,"title":"7ABB4D49","filename":"7ABB4D49.png","filesize":183455,"url":"https:\/\/kind.ee\/wp-content\/uploads\/2024\/07\/7ABB4D49.png","link":"https:\/\/kind.ee\/et\/?attachment_id=22805","alt":"","author":"4","description":"","caption":"","name":"7abb4d49","status":"inherit","uploaded_to":22804,"date":"2024-07-16 12:59:03","modified":"2024-07-16 12:59:38","menu_order":0,"mime_type":"image\/png","type":"image","subtype":"png","icon":"https:\/\/kind.ee\/wp-includes\/images\/media\/default.png","width":600,"height":600,"sizes":{"thumbnail":"https:\/\/kind.ee\/wp-content\/uploads\/2024\/07\/7ABB4D49-150x150.png","thumbnail-width":150,"thumbnail-height":150,"medium":"https:\/\/kind.ee\/wp-content\/uploads\/2024\/07\/7ABB4D49-300x300.png","medium-width":300,"medium-height":300,"medium_large":"https:\/\/kind.ee\/wp-content\/uploads\/2024\/07\/7ABB4D49.png","medium_large-width":600,"medium_large-height":600,"large":"https:\/\/kind.ee\/wp-content\/uploads\/2024\/07\/7ABB4D49.png","large-width":600,"large-height":600,"1536x1536":"https:\/\/kind.ee\/wp-content\/uploads\/2024\/07\/7ABB4D49.png","1536x1536-width":600,"1536x1536-height":600,"2048x2048":"https:\/\/kind.ee\/wp-content\/uploads\/2024\/07\/7ABB4D49.png","2048x2048-width":600,"2048x2048-height":600,"galerii_large":"https:\/\/kind.ee\/wp-content\/uploads\/2024\/07\/7ABB4D49.png","galerii_large-width":600,"galerii_large-height":600,"galerii_large_retina":"https:\/\/kind.ee\/wp-content\/uploads\/2024\/07\/7ABB4D49.png","galerii_large_retina-width":600,"galerii_large_retina-height":600,"woocommerce_thumbnail":"https:\/\/kind.ee\/wp-content\/uploads\/2024\/07\/7ABB4D49-300x300.png","woocommerce_thumbnail-width":300,"woocommerce_thumbnail-height":300,"woocommerce_single":"https:\/\/kind.ee\/wp-content\/uploads\/2024\/07\/7ABB4D49.png","woocommerce_single-width":600,"woocommerce_single-height":600,"woocommerce_gallery_thumbnail":"https:\/\/kind.ee\/wp-content\/uploads\/2024\/07\/7ABB4D49-100x100.png","woocommerce_gallery_thumbnail-width":100,"woocommerce_gallery_thumbnail-height":100}}],"varvikood":false,"varvid-native":false,"varvid-stedman":false,"varvikood-neutral":false,"varvid-sols":false,"midoceani_varvid":false,"purewaste":false,"beechfield-varvid":false,"bagbase":836,"mepal":false},{"pildid":[{"ID":22809,"id":22809,"title":"E0332DE6","filename":"E0332DE6.png","filesize":116180,"url":"https:\/\/kind.ee\/wp-content\/uploads\/2024\/07\/E0332DE6.png","link":"https:\/\/kind.ee\/et\/?attachment_id=22809","alt":"","author":"4","description":"","caption":"","name":"e0332de6","status":"inherit","uploaded_to":22804,"date":"2024-07-16 12:59:10","modified":"2024-07-16 12:59:51","menu_order":0,"mime_type":"image\/png","type":"image","subtype":"png","icon":"https:\/\/kind.ee\/wp-includes\/images\/media\/default.png","width":600,"height":600,"sizes":{"thumbnail":"https:\/\/kind.ee\/wp-content\/uploads\/2024\/07\/E0332DE6-150x150.png","thumbnail-width":150,"thumbnail-height":150,"medium":"https:\/\/kind.ee\/wp-content\/uploads\/2024\/07\/E0332DE6-300x300.png","medium-width":300,"medium-height":300,"medium_large":"https:\/\/kind.ee\/wp-content\/uploads\/2024\/07\/E0332DE6.png","medium_large-width":600,"medium_large-height":600,"large":"https:\/\/kind.ee\/wp-content\/uploads\/2024\/07\/E0332DE6.png","large-width":600,"large-height":600,"1536x1536":"https:\/\/kind.ee\/wp-content\/uploads\/2024\/07\/E0332DE6.png","1536x1536-width":600,"1536x1536-height":600,"2048x2048":"https:\/\/kind.ee\/wp-content\/uploads\/2024\/07\/E0332DE6.png","2048x2048-width":600,"2048x2048-height":600,"galerii_large":"https:\/\/kind.ee\/wp-content\/uploads\/2024\/07\/E0332DE6.png","galerii_large-width":600,"galerii_large-height":600,"galerii_large_retina":"https:\/\/kind.ee\/wp-content\/uploads\/2024\/07\/E0332DE6.png","galerii_large_retina-width":600,"galerii_large_retina-height":600,"woocommerce_thumbnail":"https:\/\/kind.ee\/wp-content\/uploads\/2024\/07\/E0332DE6-300x300.png","woocommerce_thumbnail-width":300,"woocommerce_thumbnail-height":300,"woocommerce_single":"https:\/\/kind.ee\/wp-content\/uploads\/2024\/07\/E0332DE6.png","woocommerce_single-width":600,"woocommerce_single-height":600,"woocommerce_gallery_thumbnail":"https:\/\/kind.ee\/wp-content\/uploads\/2024\/07\/E0332DE6-100x100.png","woocommerce_gallery_thumbnail-width":100,"woocommerce_gallery_thumbnail-height":100}}],"varvikood":false,"varvid-native":false,"varvid-stedman":false,"varvikood-neutral":false,"varvid-sols":false,"midoceani_varvid":false,"purewaste":false,"beechfield-varvid":false,"bagbase":834,"mepal":false}],"tooteinfo":"Minimaalne stiil ja \u00fcks p\u00f5hiosakond v\u00f5imaldavad mitmek\u00fclgset kasutamist, olgu selleks jalatsid v\u00f5i erinevad aksessuaarid. Mugav k\u00e4epide muudab kaasaskandmise h\u00f5lpsaks. Eriti pikk peatasku lukk tagab lihtsa ja mugava juurdep\u00e4\u00e4su koti sisule. H\u00f5lpsasti puhastatav vetth\u00fclgav materjal hoiab koti sisu kuivana. ","materjal":"100% \u00fcmbert\u00f6\u00f6deldud pol\u00fcester matt PU kattega, vetth\u00fclgav","varvus":""},"_links":{"self":[{"href":"https:\/\/kind.ee\/et\/wp-json\/wp\/v2\/product\/22804","targetHints":{"allow":["GET"]}}],"collection":[{"href":"https:\/\/kind.ee\/et\/wp-json\/wp\/v2\/product"}],"about":[{"href":"https:\/\/kind.ee\/et\/wp-json\/wp\/v2\/types\/product"}],"wp:featuredmedia":[{"embeddable":true,"href":"https:\/\/kind.ee\/et\/wp-json\/wp\/v2\/media\/22805"}],"wp:attachment":[{"href":"https:\/\/kind.ee\/et\/wp-json\/wp\/v2\/media?parent=22804"}],"wp:term":[{"taxonomy":"product_brand","embeddable":true,"href":"https:\/\/kind.ee\/et\/wp-json\/wp\/v2\/product_brand?post=22804"},{"taxonomy":"product_cat","embeddable":true,"href":"https:\/\/kind.ee\/et\/wp-json\/wp\/v2\/product_cat?post=22804"},{"taxonomy":"product_tag","embeddable":true,"href":"https:\/\/kind.ee\/et\/wp-json\/wp\/v2\/product_tag?post=22804"}],"curies":[{"name":"wp","href":"https:\/\/api.w.org\/{rel}","templated":true}]}}