{"id":22340,"date":"2024-07-12T10:24:33","date_gmt":"2024-07-12T10:24:33","guid":{"rendered":"https:\/\/kind.ee\/?post_type=product&#038;p=22340"},"modified":"2025-06-15T17:27:08","modified_gmt":"2025-06-15T17:27:08","slug":"kompaktne-trennikott-bagbase","status":"publish","type":"product","link":"https:\/\/kind.ee\/et\/toode\/kompaktne-trennikott-bagbase\/","title":{"rendered":"kompaktne trennikott BagBase"},"content":{"rendered":"","protected":false},"excerpt":{"rendered":"","protected":false},"featured_media":22355,"template":"","meta":[],"product_brand":[],"product_cat":[598,705],"product_tag":[],"class_list":{"0":"post-22340","1":"product","2":"type-product","3":"status-publish","4":"has-post-thumbnail","6":"product_cat-kotid","7":"product_cat-reisikotid","9":"first","10":"instock","11":"shipping-taxable","12":"purchasable","13":"product-type-simple"},"acf":{"muugi_argumendid":[],"sertifikaadid":["Recycled Material","Global Recycled Standard"],"season":[],"loige":"","suuruste_tabel":false,"paksus":"","min_kogus":"5","kangas":"","kanga-info":"","mootmed":"K\u00f5rgus 22 cm, pikkus 41 cm, laius 23cm. Mahutavus 20 L<br \/>\r\n","toote_pildid_varvide_kaupa":[{"pildid":[{"ID":22353,"id":22353,"title":"00D93F65","filename":"00D93F65.png","filesize":301557,"url":"https:\/\/kind.ee\/wp-content\/uploads\/2024\/07\/00D93F65.png","link":"https:\/\/kind.ee\/et\/?attachment_id=22353","alt":"","author":"4","description":"","caption":"","name":"00d93f65","status":"inherit","uploaded_to":22340,"date":"2024-07-12 10:13:12","modified":"2024-07-12 10:13:12","menu_order":0,"mime_type":"image\/png","type":"image","subtype":"png","icon":"https:\/\/kind.ee\/wp-includes\/images\/media\/default.png","width":400,"height":600,"sizes":{"thumbnail":"https:\/\/kind.ee\/wp-content\/uploads\/2024\/07\/00D93F65-150x150.png","thumbnail-width":150,"thumbnail-height":150,"medium":"https:\/\/kind.ee\/wp-content\/uploads\/2024\/07\/00D93F65-200x300.png","medium-width":200,"medium-height":300,"medium_large":"https:\/\/kind.ee\/wp-content\/uploads\/2024\/07\/00D93F65.png","medium_large-width":400,"medium_large-height":600,"large":"https:\/\/kind.ee\/wp-content\/uploads\/2024\/07\/00D93F65.png","large-width":400,"large-height":600,"1536x1536":"https:\/\/kind.ee\/wp-content\/uploads\/2024\/07\/00D93F65.png","1536x1536-width":400,"1536x1536-height":600,"2048x2048":"https:\/\/kind.ee\/wp-content\/uploads\/2024\/07\/00D93F65.png","2048x2048-width":400,"2048x2048-height":600,"galerii_large":"https:\/\/kind.ee\/wp-content\/uploads\/2024\/07\/00D93F65.png","galerii_large-width":400,"galerii_large-height":600,"galerii_large_retina":"https:\/\/kind.ee\/wp-content\/uploads\/2024\/07\/00D93F65.png","galerii_large_retina-width":400,"galerii_large_retina-height":600,"woocommerce_thumbnail":"https:\/\/kind.ee\/wp-content\/uploads\/2024\/07\/00D93F65-300x300.png","woocommerce_thumbnail-width":300,"woocommerce_thumbnail-height":300,"woocommerce_single":"https:\/\/kind.ee\/wp-content\/uploads\/2024\/07\/00D93F65.png","woocommerce_single-width":400,"woocommerce_single-height":600,"woocommerce_gallery_thumbnail":"https:\/\/kind.ee\/wp-content\/uploads\/2024\/07\/00D93F65-100x100.png","woocommerce_gallery_thumbnail-width":100,"woocommerce_gallery_thumbnail-height":100}},{"ID":22349,"id":22349,"title":"E7EBADD5","filename":"E7EBADD5.png","filesize":271074,"url":"https:\/\/kind.ee\/wp-content\/uploads\/2024\/07\/E7EBADD5.png","link":"https:\/\/kind.ee\/et\/?attachment_id=22349","alt":"","author":"4","description":"","caption":"","name":"e7ebadd5","status":"inherit","uploaded_to":22340,"date":"2024-07-12 10:13:04","modified":"2024-07-12 10:13:04","menu_order":0,"mime_type":"image\/png","type":"image","subtype":"png","icon":"https:\/\/kind.ee\/wp-includes\/images\/media\/default.png","width":400,"height":600,"sizes":{"thumbnail":"https:\/\/kind.ee\/wp-content\/uploads\/2024\/07\/E7EBADD5-150x150.png","thumbnail-width":150,"thumbnail-height":150,"medium":"https:\/\/kind.ee\/wp-content\/uploads\/2024\/07\/E7EBADD5-200x300.png","medium-width":200,"medium-height":300,"medium_large":"https:\/\/kind.ee\/wp-content\/uploads\/2024\/07\/E7EBADD5.png","medium_large-width":400,"medium_large-height":600,"large":"https:\/\/kind.ee\/wp-content\/uploads\/2024\/07\/E7EBADD5.png","large-width":400,"large-height":600,"1536x1536":"https:\/\/kind.ee\/wp-content\/uploads\/2024\/07\/E7EBADD5.png","1536x1536-width":400,"1536x1536-height":600,"2048x2048":"https:\/\/kind.ee\/wp-content\/uploads\/2024\/07\/E7EBADD5.png","2048x2048-width":400,"2048x2048-height":600,"galerii_large":"https:\/\/kind.ee\/wp-content\/uploads\/2024\/07\/E7EBADD5.png","galerii_large-width":400,"galerii_large-height":600,"galerii_large_retina":"https:\/\/kind.ee\/wp-content\/uploads\/2024\/07\/E7EBADD5.png","galerii_large_retina-width":400,"galerii_large_retina-height":600,"woocommerce_thumbnail":"https:\/\/kind.ee\/wp-content\/uploads\/2024\/07\/E7EBADD5-300x300.png","woocommerce_thumbnail-width":300,"woocommerce_thumbnail-height":300,"woocommerce_single":"https:\/\/kind.ee\/wp-content\/uploads\/2024\/07\/E7EBADD5.png","woocommerce_single-width":400,"woocommerce_single-height":600,"woocommerce_gallery_thumbnail":"https:\/\/kind.ee\/wp-content\/uploads\/2024\/07\/E7EBADD5-100x100.png","woocommerce_gallery_thumbnail-width":100,"woocommerce_gallery_thumbnail-height":100}},{"ID":22351,"id":22351,"title":"1A4BE186","filename":"1A4BE186.png","filesize":240400,"url":"https:\/\/kind.ee\/wp-content\/uploads\/2024\/07\/1A4BE186.png","link":"https:\/\/kind.ee\/et\/?attachment_id=22351","alt":"","author":"4","description":"","caption":"","name":"1a4be186","status":"inherit","uploaded_to":22340,"date":"2024-07-12 10:13:08","modified":"2024-07-12 10:13:08","menu_order":0,"mime_type":"image\/png","type":"image","subtype":"png","icon":"https:\/\/kind.ee\/wp-includes\/images\/media\/default.png","width":400,"height":600,"sizes":{"thumbnail":"https:\/\/kind.ee\/wp-content\/uploads\/2024\/07\/1A4BE186-150x150.png","thumbnail-width":150,"thumbnail-height":150,"medium":"https:\/\/kind.ee\/wp-content\/uploads\/2024\/07\/1A4BE186-200x300.png","medium-width":200,"medium-height":300,"medium_large":"https:\/\/kind.ee\/wp-content\/uploads\/2024\/07\/1A4BE186.png","medium_large-width":400,"medium_large-height":600,"large":"https:\/\/kind.ee\/wp-content\/uploads\/2024\/07\/1A4BE186.png","large-width":400,"large-height":600,"1536x1536":"https:\/\/kind.ee\/wp-content\/uploads\/2024\/07\/1A4BE186.png","1536x1536-width":400,"1536x1536-height":600,"2048x2048":"https:\/\/kind.ee\/wp-content\/uploads\/2024\/07\/1A4BE186.png","2048x2048-width":400,"2048x2048-height":600,"galerii_large":"https:\/\/kind.ee\/wp-content\/uploads\/2024\/07\/1A4BE186.png","galerii_large-width":400,"galerii_large-height":600,"galerii_large_retina":"https:\/\/kind.ee\/wp-content\/uploads\/2024\/07\/1A4BE186.png","galerii_large_retina-width":400,"galerii_large_retina-height":600,"woocommerce_thumbnail":"https:\/\/kind.ee\/wp-content\/uploads\/2024\/07\/1A4BE186-300x300.png","woocommerce_thumbnail-width":300,"woocommerce_thumbnail-height":300,"woocommerce_single":"https:\/\/kind.ee\/wp-content\/uploads\/2024\/07\/1A4BE186.png","woocommerce_single-width":400,"woocommerce_single-height":600,"woocommerce_gallery_thumbnail":"https:\/\/kind.ee\/wp-content\/uploads\/2024\/07\/1A4BE186-100x100.png","woocommerce_gallery_thumbnail-width":100,"woocommerce_gallery_thumbnail-height":100}},{"ID":22343,"id":22343,"title":"3BFBAFAB","filename":"3BFBAFAB.png","filesize":246570,"url":"https:\/\/kind.ee\/wp-content\/uploads\/2024\/07\/3BFBAFAB.png","link":"https:\/\/kind.ee\/et\/?attachment_id=22343","alt":"","author":"4","description":"","caption":"","name":"3bfbafab","status":"inherit","uploaded_to":22340,"date":"2024-07-12 10:12:53","modified":"2024-07-12 10:13:30","menu_order":0,"mime_type":"image\/png","type":"image","subtype":"png","icon":"https:\/\/kind.ee\/wp-includes\/images\/media\/default.png","width":600,"height":600,"sizes":{"thumbnail":"https:\/\/kind.ee\/wp-content\/uploads\/2024\/07\/3BFBAFAB-150x150.png","thumbnail-width":150,"thumbnail-height":150,"medium":"https:\/\/kind.ee\/wp-content\/uploads\/2024\/07\/3BFBAFAB-300x300.png","medium-width":300,"medium-height":300,"medium_large":"https:\/\/kind.ee\/wp-content\/uploads\/2024\/07\/3BFBAFAB.png","medium_large-width":600,"medium_large-height":600,"large":"https:\/\/kind.ee\/wp-content\/uploads\/2024\/07\/3BFBAFAB.png","large-width":600,"large-height":600,"1536x1536":"https:\/\/kind.ee\/wp-content\/uploads\/2024\/07\/3BFBAFAB.png","1536x1536-width":600,"1536x1536-height":600,"2048x2048":"https:\/\/kind.ee\/wp-content\/uploads\/2024\/07\/3BFBAFAB.png","2048x2048-width":600,"2048x2048-height":600,"galerii_large":"https:\/\/kind.ee\/wp-content\/uploads\/2024\/07\/3BFBAFAB.png","galerii_large-width":600,"galerii_large-height":600,"galerii_large_retina":"https:\/\/kind.ee\/wp-content\/uploads\/2024\/07\/3BFBAFAB.png","galerii_large_retina-width":600,"galerii_large_retina-height":600,"woocommerce_thumbnail":"https:\/\/kind.ee\/wp-content\/uploads\/2024\/07\/3BFBAFAB-300x300.png","woocommerce_thumbnail-width":300,"woocommerce_thumbnail-height":300,"woocommerce_single":"https:\/\/kind.ee\/wp-content\/uploads\/2024\/07\/3BFBAFAB.png","woocommerce_single-width":600,"woocommerce_single-height":600,"woocommerce_gallery_thumbnail":"https:\/\/kind.ee\/wp-content\/uploads\/2024\/07\/3BFBAFAB-100x100.png","woocommerce_gallery_thumbnail-width":100,"woocommerce_gallery_thumbnail-height":100}}],"varvikood":false,"varvid-native":false,"varvid-stedman":false,"varvikood-neutral":false,"varvid-sols":false,"midoceani_varvid":false,"purewaste":false,"beechfield-varvid":false,"bagbase":838,"mepal":false},{"pildid":[{"ID":22341,"id":22341,"title":"E0AD0DF5","filename":"E0AD0DF5.png","filesize":219336,"url":"https:\/\/kind.ee\/wp-content\/uploads\/2024\/07\/E0AD0DF5.png","link":"https:\/\/kind.ee\/et\/?attachment_id=22341","alt":"","author":"4","description":"","caption":"","name":"e0ad0df5","status":"inherit","uploaded_to":22340,"date":"2024-07-12 10:12:50","modified":"2024-07-12 10:13:54","menu_order":0,"mime_type":"image\/png","type":"image","subtype":"png","icon":"https:\/\/kind.ee\/wp-includes\/images\/media\/default.png","width":600,"height":600,"sizes":{"thumbnail":"https:\/\/kind.ee\/wp-content\/uploads\/2024\/07\/E0AD0DF5-150x150.png","thumbnail-width":150,"thumbnail-height":150,"medium":"https:\/\/kind.ee\/wp-content\/uploads\/2024\/07\/E0AD0DF5-300x300.png","medium-width":300,"medium-height":300,"medium_large":"https:\/\/kind.ee\/wp-content\/uploads\/2024\/07\/E0AD0DF5.png","medium_large-width":600,"medium_large-height":600,"large":"https:\/\/kind.ee\/wp-content\/uploads\/2024\/07\/E0AD0DF5.png","large-width":600,"large-height":600,"1536x1536":"https:\/\/kind.ee\/wp-content\/uploads\/2024\/07\/E0AD0DF5.png","1536x1536-width":600,"1536x1536-height":600,"2048x2048":"https:\/\/kind.ee\/wp-content\/uploads\/2024\/07\/E0AD0DF5.png","2048x2048-width":600,"2048x2048-height":600,"galerii_large":"https:\/\/kind.ee\/wp-content\/uploads\/2024\/07\/E0AD0DF5.png","galerii_large-width":600,"galerii_large-height":600,"galerii_large_retina":"https:\/\/kind.ee\/wp-content\/uploads\/2024\/07\/E0AD0DF5.png","galerii_large_retina-width":600,"galerii_large_retina-height":600,"woocommerce_thumbnail":"https:\/\/kind.ee\/wp-content\/uploads\/2024\/07\/E0AD0DF5-300x300.png","woocommerce_thumbnail-width":300,"woocommerce_thumbnail-height":300,"woocommerce_single":"https:\/\/kind.ee\/wp-content\/uploads\/2024\/07\/E0AD0DF5.png","woocommerce_single-width":600,"woocommerce_single-height":600,"woocommerce_gallery_thumbnail":"https:\/\/kind.ee\/wp-content\/uploads\/2024\/07\/E0AD0DF5-100x100.png","woocommerce_gallery_thumbnail-width":100,"woocommerce_gallery_thumbnail-height":100}}],"varvikood":false,"varvid-native":false,"varvid-stedman":false,"varvikood-neutral":false,"varvid-sols":false,"midoceani_varvid":false,"purewaste":false,"beechfield-varvid":false,"bagbase":839,"mepal":false},{"pildid":[{"ID":22345,"id":22345,"title":"1CB1D7F8","filename":"1CB1D7F8.png","filesize":260057,"url":"https:\/\/kind.ee\/wp-content\/uploads\/2024\/07\/1CB1D7F8.png","link":"https:\/\/kind.ee\/et\/?attachment_id=22345","alt":"","author":"4","description":"","caption":"","name":"1cb1d7f8","status":"inherit","uploaded_to":22340,"date":"2024-07-12 10:12:57","modified":"2024-07-12 10:14:09","menu_order":0,"mime_type":"image\/png","type":"image","subtype":"png","icon":"https:\/\/kind.ee\/wp-includes\/images\/media\/default.png","width":600,"height":600,"sizes":{"thumbnail":"https:\/\/kind.ee\/wp-content\/uploads\/2024\/07\/1CB1D7F8-150x150.png","thumbnail-width":150,"thumbnail-height":150,"medium":"https:\/\/kind.ee\/wp-content\/uploads\/2024\/07\/1CB1D7F8-300x300.png","medium-width":300,"medium-height":300,"medium_large":"https:\/\/kind.ee\/wp-content\/uploads\/2024\/07\/1CB1D7F8.png","medium_large-width":600,"medium_large-height":600,"large":"https:\/\/kind.ee\/wp-content\/uploads\/2024\/07\/1CB1D7F8.png","large-width":600,"large-height":600,"1536x1536":"https:\/\/kind.ee\/wp-content\/uploads\/2024\/07\/1CB1D7F8.png","1536x1536-width":600,"1536x1536-height":600,"2048x2048":"https:\/\/kind.ee\/wp-content\/uploads\/2024\/07\/1CB1D7F8.png","2048x2048-width":600,"2048x2048-height":600,"galerii_large":"https:\/\/kind.ee\/wp-content\/uploads\/2024\/07\/1CB1D7F8.png","galerii_large-width":600,"galerii_large-height":600,"galerii_large_retina":"https:\/\/kind.ee\/wp-content\/uploads\/2024\/07\/1CB1D7F8.png","galerii_large_retina-width":600,"galerii_large_retina-height":600,"woocommerce_thumbnail":"https:\/\/kind.ee\/wp-content\/uploads\/2024\/07\/1CB1D7F8-300x300.png","woocommerce_thumbnail-width":300,"woocommerce_thumbnail-height":300,"woocommerce_single":"https:\/\/kind.ee\/wp-content\/uploads\/2024\/07\/1CB1D7F8.png","woocommerce_single-width":600,"woocommerce_single-height":600,"woocommerce_gallery_thumbnail":"https:\/\/kind.ee\/wp-content\/uploads\/2024\/07\/1CB1D7F8-100x100.png","woocommerce_gallery_thumbnail-width":100,"woocommerce_gallery_thumbnail-height":100}}],"varvikood":false,"varvid-native":false,"varvid-stedman":false,"varvikood-neutral":false,"varvid-sols":false,"midoceani_varvid":false,"purewaste":false,"beechfield-varvid":false,"bagbase":837,"mepal":false},{"pildid":[{"ID":22347,"id":22347,"title":"1378EB67","filename":"1378EB67.png","filesize":239798,"url":"https:\/\/kind.ee\/wp-content\/uploads\/2024\/07\/1378EB67.png","link":"https:\/\/kind.ee\/et\/?attachment_id=22347","alt":"","author":"4","description":"","caption":"","name":"1378eb67","status":"inherit","uploaded_to":22340,"date":"2024-07-12 10:13:00","modified":"2024-07-12 10:14:21","menu_order":0,"mime_type":"image\/png","type":"image","subtype":"png","icon":"https:\/\/kind.ee\/wp-includes\/images\/media\/default.png","width":600,"height":600,"sizes":{"thumbnail":"https:\/\/kind.ee\/wp-content\/uploads\/2024\/07\/1378EB67-150x150.png","thumbnail-width":150,"thumbnail-height":150,"medium":"https:\/\/kind.ee\/wp-content\/uploads\/2024\/07\/1378EB67-300x300.png","medium-width":300,"medium-height":300,"medium_large":"https:\/\/kind.ee\/wp-content\/uploads\/2024\/07\/1378EB67.png","medium_large-width":600,"medium_large-height":600,"large":"https:\/\/kind.ee\/wp-content\/uploads\/2024\/07\/1378EB67.png","large-width":600,"large-height":600,"1536x1536":"https:\/\/kind.ee\/wp-content\/uploads\/2024\/07\/1378EB67.png","1536x1536-width":600,"1536x1536-height":600,"2048x2048":"https:\/\/kind.ee\/wp-content\/uploads\/2024\/07\/1378EB67.png","2048x2048-width":600,"2048x2048-height":600,"galerii_large":"https:\/\/kind.ee\/wp-content\/uploads\/2024\/07\/1378EB67.png","galerii_large-width":600,"galerii_large-height":600,"galerii_large_retina":"https:\/\/kind.ee\/wp-content\/uploads\/2024\/07\/1378EB67.png","galerii_large_retina-width":600,"galerii_large_retina-height":600,"woocommerce_thumbnail":"https:\/\/kind.ee\/wp-content\/uploads\/2024\/07\/1378EB67-300x300.png","woocommerce_thumbnail-width":300,"woocommerce_thumbnail-height":300,"woocommerce_single":"https:\/\/kind.ee\/wp-content\/uploads\/2024\/07\/1378EB67.png","woocommerce_single-width":600,"woocommerce_single-height":600,"woocommerce_gallery_thumbnail":"https:\/\/kind.ee\/wp-content\/uploads\/2024\/07\/1378EB67-100x100.png","woocommerce_gallery_thumbnail-width":100,"woocommerce_gallery_thumbnail-height":100}}],"varvikood":false,"varvid-native":false,"varvid-stedman":false,"varvikood-neutral":false,"varvid-sols":false,"midoceani_varvid":false,"purewaste":false,"beechfield-varvid":false,"bagbase":834,"mepal":false}],"tooteinfo":"See kompaktne trennikott hoiustab k\u00f5ik esmatarviliku. Kahe suunaga t\u00f5mblukk v\u00f5imaldab lihtsa juurdep\u00e4\u00e4su sisule. Kotil on eraldi tasku jalan\u00f5udele, lukuga esitasku ning v\u00e4line ja sisemine v\u00f5rktasku. Pehmendatud k\u00e4epide ja reguleeritav \u00f5larihm. \u00d5larihm on eemaldatav. ","materjal":"100% \u00fcmbert\u00f6\u00f6deldud pol\u00fcester","varvus":""},"_links":{"self":[{"href":"https:\/\/kind.ee\/et\/wp-json\/wp\/v2\/product\/22340","targetHints":{"allow":["GET"]}}],"collection":[{"href":"https:\/\/kind.ee\/et\/wp-json\/wp\/v2\/product"}],"about":[{"href":"https:\/\/kind.ee\/et\/wp-json\/wp\/v2\/types\/product"}],"wp:featuredmedia":[{"embeddable":true,"href":"https:\/\/kind.ee\/et\/wp-json\/wp\/v2\/media\/22355"}],"wp:attachment":[{"href":"https:\/\/kind.ee\/et\/wp-json\/wp\/v2\/media?parent=22340"}],"wp:term":[{"taxonomy":"product_brand","embeddable":true,"href":"https:\/\/kind.ee\/et\/wp-json\/wp\/v2\/product_brand?post=22340"},{"taxonomy":"product_cat","embeddable":true,"href":"https:\/\/kind.ee\/et\/wp-json\/wp\/v2\/product_cat?post=22340"},{"taxonomy":"product_tag","embeddable":true,"href":"https:\/\/kind.ee\/et\/wp-json\/wp\/v2\/product_tag?post=22340"}],"curies":[{"name":"wp","href":"https:\/\/api.w.org\/{rel}","templated":true}]}}