{"id":22267,"date":"2024-07-11T11:11:59","date_gmt":"2024-07-11T11:11:59","guid":{"rendered":"https:\/\/kind.ee\/?post_type=product&#038;p=22267"},"modified":"2025-06-18T18:12:16","modified_gmt":"2025-06-18T18:12:16","slug":"upf-kaitsega-unisex-muts","status":"publish","type":"product","link":"https:\/\/kind.ee\/et\/toode\/upf-kaitsega-unisex-muts\/","title":{"rendered":"UPF kaitsega unisex m\u00fcts"},"content":{"rendered":"","protected":false},"excerpt":{"rendered":"","protected":false},"featured_media":22274,"template":"","meta":[],"product_brand":[],"product_cat":[599,263],"product_tag":[],"class_list":{"0":"post-22267","1":"product","2":"type-product","3":"status-publish","4":"has-post-thumbnail","6":"product_cat-mutsid","7":"product_cat-riided","9":"first","10":"instock","11":"shipping-taxable","12":"purchasable","13":"product-type-simple"},"acf":{"muugi_argumendid":[],"sertifikaadid":[],"season":[],"loige":"","suuruste_tabel":false,"paksus":"","min_kogus":"5","kangas":"","kanga-info":"100% orgaaniline puuvill","mootmed":"S\/M (58cm) ja  L\/XL (60cm)","toote_pildid_varvide_kaupa":[{"pildid":[{"ID":22274,"id":22274,"title":"9EA85066","filename":"9EA85066.png","filesize":263657,"url":"https:\/\/kind.ee\/wp-content\/uploads\/2024\/07\/9EA85066.png","link":"https:\/\/kind.ee\/et\/?attachment_id=22274","alt":"","author":"4","description":"","caption":"","name":"9ea85066","status":"inherit","uploaded_to":22267,"date":"2024-07-11 11:10:31","modified":"2024-07-11 11:10:31","menu_order":0,"mime_type":"image\/png","type":"image","subtype":"png","icon":"https:\/\/kind.ee\/wp-includes\/images\/media\/default.png","width":600,"height":600,"sizes":{"thumbnail":"https:\/\/kind.ee\/wp-content\/uploads\/2024\/07\/9EA85066-150x150.png","thumbnail-width":150,"thumbnail-height":150,"medium":"https:\/\/kind.ee\/wp-content\/uploads\/2024\/07\/9EA85066-300x300.png","medium-width":300,"medium-height":300,"medium_large":"https:\/\/kind.ee\/wp-content\/uploads\/2024\/07\/9EA85066.png","medium_large-width":600,"medium_large-height":600,"large":"https:\/\/kind.ee\/wp-content\/uploads\/2024\/07\/9EA85066.png","large-width":600,"large-height":600,"1536x1536":"https:\/\/kind.ee\/wp-content\/uploads\/2024\/07\/9EA85066.png","1536x1536-width":600,"1536x1536-height":600,"2048x2048":"https:\/\/kind.ee\/wp-content\/uploads\/2024\/07\/9EA85066.png","2048x2048-width":600,"2048x2048-height":600,"galerii_large":"https:\/\/kind.ee\/wp-content\/uploads\/2024\/07\/9EA85066.png","galerii_large-width":600,"galerii_large-height":600,"galerii_large_retina":"https:\/\/kind.ee\/wp-content\/uploads\/2024\/07\/9EA85066.png","galerii_large_retina-width":600,"galerii_large_retina-height":600,"woocommerce_thumbnail":"https:\/\/kind.ee\/wp-content\/uploads\/2024\/07\/9EA85066-300x300.png","woocommerce_thumbnail-width":300,"woocommerce_thumbnail-height":300,"woocommerce_single":"https:\/\/kind.ee\/wp-content\/uploads\/2024\/07\/9EA85066.png","woocommerce_single-width":600,"woocommerce_single-height":600,"woocommerce_gallery_thumbnail":"https:\/\/kind.ee\/wp-content\/uploads\/2024\/07\/9EA85066-100x100.png","woocommerce_gallery_thumbnail-width":100,"woocommerce_gallery_thumbnail-height":100}},{"ID":22276,"id":22276,"title":"A9EAB726","filename":"A9EAB726.png","filesize":329253,"url":"https:\/\/kind.ee\/wp-content\/uploads\/2024\/07\/A9EAB726.png","link":"https:\/\/kind.ee\/et\/?attachment_id=22276","alt":"","author":"4","description":"","caption":"","name":"a9eab726","status":"inherit","uploaded_to":22267,"date":"2024-07-11 11:10:35","modified":"2024-07-11 11:10:38","menu_order":0,"mime_type":"image\/png","type":"image","subtype":"png","icon":"https:\/\/kind.ee\/wp-includes\/images\/media\/default.png","width":400,"height":600,"sizes":{"thumbnail":"https:\/\/kind.ee\/wp-content\/uploads\/2024\/07\/A9EAB726-150x150.png","thumbnail-width":150,"thumbnail-height":150,"medium":"https:\/\/kind.ee\/wp-content\/uploads\/2024\/07\/A9EAB726-200x300.png","medium-width":200,"medium-height":300,"medium_large":"https:\/\/kind.ee\/wp-content\/uploads\/2024\/07\/A9EAB726.png","medium_large-width":400,"medium_large-height":600,"large":"https:\/\/kind.ee\/wp-content\/uploads\/2024\/07\/A9EAB726.png","large-width":400,"large-height":600,"1536x1536":"https:\/\/kind.ee\/wp-content\/uploads\/2024\/07\/A9EAB726.png","1536x1536-width":400,"1536x1536-height":600,"2048x2048":"https:\/\/kind.ee\/wp-content\/uploads\/2024\/07\/A9EAB726.png","2048x2048-width":400,"2048x2048-height":600,"galerii_large":"https:\/\/kind.ee\/wp-content\/uploads\/2024\/07\/A9EAB726.png","galerii_large-width":400,"galerii_large-height":600,"galerii_large_retina":"https:\/\/kind.ee\/wp-content\/uploads\/2024\/07\/A9EAB726.png","galerii_large_retina-width":400,"galerii_large_retina-height":600,"woocommerce_thumbnail":"https:\/\/kind.ee\/wp-content\/uploads\/2024\/07\/A9EAB726-300x300.png","woocommerce_thumbnail-width":300,"woocommerce_thumbnail-height":300,"woocommerce_single":"https:\/\/kind.ee\/wp-content\/uploads\/2024\/07\/A9EAB726.png","woocommerce_single-width":400,"woocommerce_single-height":600,"woocommerce_gallery_thumbnail":"https:\/\/kind.ee\/wp-content\/uploads\/2024\/07\/A9EAB726-100x100.png","woocommerce_gallery_thumbnail-width":100,"woocommerce_gallery_thumbnail-height":100}}],"varvikood":false,"varvid-native":false,"varvid-stedman":false,"varvikood-neutral":false,"varvid-sols":false,"midoceani_varvid":false,"purewaste":false,"beechfield-varvid":777,"bagbase":false,"mepal":false},{"pildid":[{"ID":22272,"id":22272,"title":"B5B66B81","filename":"B5B66B81.png","filesize":371703,"url":"https:\/\/kind.ee\/wp-content\/uploads\/2024\/07\/B5B66B81.png","link":"https:\/\/kind.ee\/et\/?attachment_id=22272","alt":"","author":"4","description":"","caption":"","name":"b5b66b81","status":"inherit","uploaded_to":22267,"date":"2024-07-11 11:10:28","modified":"2024-07-11 11:10:56","menu_order":0,"mime_type":"image\/png","type":"image","subtype":"png","icon":"https:\/\/kind.ee\/wp-includes\/images\/media\/default.png","width":600,"height":600,"sizes":{"thumbnail":"https:\/\/kind.ee\/wp-content\/uploads\/2024\/07\/B5B66B81-150x150.png","thumbnail-width":150,"thumbnail-height":150,"medium":"https:\/\/kind.ee\/wp-content\/uploads\/2024\/07\/B5B66B81-300x300.png","medium-width":300,"medium-height":300,"medium_large":"https:\/\/kind.ee\/wp-content\/uploads\/2024\/07\/B5B66B81.png","medium_large-width":600,"medium_large-height":600,"large":"https:\/\/kind.ee\/wp-content\/uploads\/2024\/07\/B5B66B81.png","large-width":600,"large-height":600,"1536x1536":"https:\/\/kind.ee\/wp-content\/uploads\/2024\/07\/B5B66B81.png","1536x1536-width":600,"1536x1536-height":600,"2048x2048":"https:\/\/kind.ee\/wp-content\/uploads\/2024\/07\/B5B66B81.png","2048x2048-width":600,"2048x2048-height":600,"galerii_large":"https:\/\/kind.ee\/wp-content\/uploads\/2024\/07\/B5B66B81.png","galerii_large-width":600,"galerii_large-height":600,"galerii_large_retina":"https:\/\/kind.ee\/wp-content\/uploads\/2024\/07\/B5B66B81.png","galerii_large_retina-width":600,"galerii_large_retina-height":600,"woocommerce_thumbnail":"https:\/\/kind.ee\/wp-content\/uploads\/2024\/07\/B5B66B81-300x300.png","woocommerce_thumbnail-width":300,"woocommerce_thumbnail-height":300,"woocommerce_single":"https:\/\/kind.ee\/wp-content\/uploads\/2024\/07\/B5B66B81.png","woocommerce_single-width":600,"woocommerce_single-height":600,"woocommerce_gallery_thumbnail":"https:\/\/kind.ee\/wp-content\/uploads\/2024\/07\/B5B66B81-100x100.png","woocommerce_gallery_thumbnail-width":100,"woocommerce_gallery_thumbnail-height":100}}],"varvikood":false,"varvid-native":false,"varvid-stedman":false,"varvikood-neutral":false,"varvid-sols":false,"midoceani_varvid":false,"purewaste":false,"beechfield-varvid":778,"bagbase":false,"mepal":false},{"pildid":[{"ID":22270,"id":22270,"title":"6E0202AC","filename":"6E0202AC.png","filesize":404322,"url":"https:\/\/kind.ee\/wp-content\/uploads\/2024\/07\/6E0202AC.png","link":"https:\/\/kind.ee\/et\/?attachment_id=22270","alt":"","author":"4","description":"","caption":"","name":"6e0202ac","status":"inherit","uploaded_to":22267,"date":"2024-07-11 11:10:25","modified":"2024-07-11 11:11:08","menu_order":0,"mime_type":"image\/png","type":"image","subtype":"png","icon":"https:\/\/kind.ee\/wp-includes\/images\/media\/default.png","width":600,"height":600,"sizes":{"thumbnail":"https:\/\/kind.ee\/wp-content\/uploads\/2024\/07\/6E0202AC-150x150.png","thumbnail-width":150,"thumbnail-height":150,"medium":"https:\/\/kind.ee\/wp-content\/uploads\/2024\/07\/6E0202AC-300x300.png","medium-width":300,"medium-height":300,"medium_large":"https:\/\/kind.ee\/wp-content\/uploads\/2024\/07\/6E0202AC.png","medium_large-width":600,"medium_large-height":600,"large":"https:\/\/kind.ee\/wp-content\/uploads\/2024\/07\/6E0202AC.png","large-width":600,"large-height":600,"1536x1536":"https:\/\/kind.ee\/wp-content\/uploads\/2024\/07\/6E0202AC.png","1536x1536-width":600,"1536x1536-height":600,"2048x2048":"https:\/\/kind.ee\/wp-content\/uploads\/2024\/07\/6E0202AC.png","2048x2048-width":600,"2048x2048-height":600,"galerii_large":"https:\/\/kind.ee\/wp-content\/uploads\/2024\/07\/6E0202AC.png","galerii_large-width":600,"galerii_large-height":600,"galerii_large_retina":"https:\/\/kind.ee\/wp-content\/uploads\/2024\/07\/6E0202AC.png","galerii_large_retina-width":600,"galerii_large_retina-height":600,"woocommerce_thumbnail":"https:\/\/kind.ee\/wp-content\/uploads\/2024\/07\/6E0202AC-300x300.png","woocommerce_thumbnail-width":300,"woocommerce_thumbnail-height":300,"woocommerce_single":"https:\/\/kind.ee\/wp-content\/uploads\/2024\/07\/6E0202AC.png","woocommerce_single-width":600,"woocommerce_single-height":600,"woocommerce_gallery_thumbnail":"https:\/\/kind.ee\/wp-content\/uploads\/2024\/07\/6E0202AC-100x100.png","woocommerce_gallery_thumbnail-width":100,"woocommerce_gallery_thumbnail-height":100}}],"varvikood":false,"varvid-native":false,"varvid-stedman":false,"varvikood-neutral":false,"varvid-sols":false,"midoceani_varvid":false,"purewaste":false,"beechfield-varvid":776,"bagbase":false,"mepal":false},{"pildid":[{"ID":22268,"id":22268,"title":"2BAE20CB","filename":"2BAE20CB.png","filesize":370127,"url":"https:\/\/kind.ee\/wp-content\/uploads\/2024\/07\/2BAE20CB.png","link":"https:\/\/kind.ee\/et\/?attachment_id=22268","alt":"","author":"4","description":"","caption":"","name":"2bae20cb","status":"inherit","uploaded_to":22267,"date":"2024-07-11 11:10:21","modified":"2024-07-11 11:11:27","menu_order":0,"mime_type":"image\/png","type":"image","subtype":"png","icon":"https:\/\/kind.ee\/wp-includes\/images\/media\/default.png","width":600,"height":600,"sizes":{"thumbnail":"https:\/\/kind.ee\/wp-content\/uploads\/2024\/07\/2BAE20CB-150x150.png","thumbnail-width":150,"thumbnail-height":150,"medium":"https:\/\/kind.ee\/wp-content\/uploads\/2024\/07\/2BAE20CB-300x300.png","medium-width":300,"medium-height":300,"medium_large":"https:\/\/kind.ee\/wp-content\/uploads\/2024\/07\/2BAE20CB.png","medium_large-width":600,"medium_large-height":600,"large":"https:\/\/kind.ee\/wp-content\/uploads\/2024\/07\/2BAE20CB.png","large-width":600,"large-height":600,"1536x1536":"https:\/\/kind.ee\/wp-content\/uploads\/2024\/07\/2BAE20CB.png","1536x1536-width":600,"1536x1536-height":600,"2048x2048":"https:\/\/kind.ee\/wp-content\/uploads\/2024\/07\/2BAE20CB.png","2048x2048-width":600,"2048x2048-height":600,"galerii_large":"https:\/\/kind.ee\/wp-content\/uploads\/2024\/07\/2BAE20CB.png","galerii_large-width":600,"galerii_large-height":600,"galerii_large_retina":"https:\/\/kind.ee\/wp-content\/uploads\/2024\/07\/2BAE20CB.png","galerii_large_retina-width":600,"galerii_large_retina-height":600,"woocommerce_thumbnail":"https:\/\/kind.ee\/wp-content\/uploads\/2024\/07\/2BAE20CB-300x300.png","woocommerce_thumbnail-width":300,"woocommerce_thumbnail-height":300,"woocommerce_single":"https:\/\/kind.ee\/wp-content\/uploads\/2024\/07\/2BAE20CB.png","woocommerce_single-width":600,"woocommerce_single-height":600,"woocommerce_gallery_thumbnail":"https:\/\/kind.ee\/wp-content\/uploads\/2024\/07\/2BAE20CB-100x100.png","woocommerce_gallery_thumbnail-width":100,"woocommerce_gallery_thumbnail-height":100}}],"varvikood":false,"varvid-native":false,"varvid-stedman":false,"varvikood-neutral":false,"varvid-sols":false,"midoceani_varvid":false,"purewaste":false,"beechfield-varvid":832,"bagbase":false,"mepal":false}],"tooteinfo":"Trendikas ja ajatu disainiga m\u00fcts suveilmadeks. M\u00fctsil on UPF 50+ p\u00e4ikesekaitse. ","materjal":"","varvus":""},"_links":{"self":[{"href":"https:\/\/kind.ee\/et\/wp-json\/wp\/v2\/product\/22267","targetHints":{"allow":["GET"]}}],"collection":[{"href":"https:\/\/kind.ee\/et\/wp-json\/wp\/v2\/product"}],"about":[{"href":"https:\/\/kind.ee\/et\/wp-json\/wp\/v2\/types\/product"}],"wp:featuredmedia":[{"embeddable":true,"href":"https:\/\/kind.ee\/et\/wp-json\/wp\/v2\/media\/22274"}],"wp:attachment":[{"href":"https:\/\/kind.ee\/et\/wp-json\/wp\/v2\/media?parent=22267"}],"wp:term":[{"taxonomy":"product_brand","embeddable":true,"href":"https:\/\/kind.ee\/et\/wp-json\/wp\/v2\/product_brand?post=22267"},{"taxonomy":"product_cat","embeddable":true,"href":"https:\/\/kind.ee\/et\/wp-json\/wp\/v2\/product_cat?post=22267"},{"taxonomy":"product_tag","embeddable":true,"href":"https:\/\/kind.ee\/et\/wp-json\/wp\/v2\/product_tag?post=22267"}],"curies":[{"name":"wp","href":"https:\/\/api.w.org\/{rel}","templated":true}]}}