{"id":21715,"date":"2024-07-08T07:34:37","date_gmt":"2024-07-08T07:34:37","guid":{"rendered":"https:\/\/kind.ee\/?post_type=product&#038;p=21715"},"modified":"2025-06-15T17:27:07","modified_gmt":"2025-06-15T17:27:07","slug":"hingav-nokamuts-beechfield","status":"publish","type":"product","link":"https:\/\/kind.ee\/et\/toode\/hingav-nokamuts-beechfield\/","title":{"rendered":"hingav nokam\u00fcts Beechfield"},"content":{"rendered":"","protected":false},"excerpt":{"rendered":"","protected":false},"featured_media":21937,"template":"","meta":[],"product_brand":[],"product_cat":[599,263],"product_tag":[],"class_list":{"0":"post-21715","1":"product","2":"type-product","3":"status-publish","4":"has-post-thumbnail","6":"product_cat-mutsid","7":"product_cat-riided","9":"first","10":"instock","11":"shipping-taxable","12":"purchasable","13":"product-type-simple"},"acf":{"muugi_argumendid":[],"sertifikaadid":["Recycled Material","Global Recycled Standard"],"season":[],"loige":"","suuruste_tabel":false,"paksus":"","min_kogus":"5","kangas":"","kanga-info":"100% Ripstop taaskasutatud pol\u00fcester ","mootmed":"","toote_pildid_varvide_kaupa":[{"pildid":[{"ID":21718,"id":21718,"title":"webimage-CEC66AB5-3275-486E-820396E29D72F05D","filename":"webimage-CEC66AB5-3275-486E-820396E29D72F05D.png","filesize":149493,"url":"https:\/\/kind.ee\/wp-content\/uploads\/2024\/07\/webimage-CEC66AB5-3275-486E-820396E29D72F05D.png","link":"https:\/\/kind.ee\/et\/?attachment_id=21718","alt":"","author":"4","description":"","caption":"","name":"webimage-cec66ab5-3275-486e-820396e29d72f05d","status":"inherit","uploaded_to":21715,"date":"2024-07-08 07:18:27","modified":"2024-07-08 07:18:27","menu_order":0,"mime_type":"image\/png","type":"image","subtype":"png","icon":"https:\/\/kind.ee\/wp-includes\/images\/media\/default.png","width":800,"height":533,"sizes":{"thumbnail":"https:\/\/kind.ee\/wp-content\/uploads\/2024\/07\/webimage-CEC66AB5-3275-486E-820396E29D72F05D-150x150.png","thumbnail-width":150,"thumbnail-height":150,"medium":"https:\/\/kind.ee\/wp-content\/uploads\/2024\/07\/webimage-CEC66AB5-3275-486E-820396E29D72F05D-300x200.png","medium-width":300,"medium-height":200,"medium_large":"https:\/\/kind.ee\/wp-content\/uploads\/2024\/07\/webimage-CEC66AB5-3275-486E-820396E29D72F05D-768x512.png","medium_large-width":768,"medium_large-height":512,"large":"https:\/\/kind.ee\/wp-content\/uploads\/2024\/07\/webimage-CEC66AB5-3275-486E-820396E29D72F05D.png","large-width":800,"large-height":533,"1536x1536":"https:\/\/kind.ee\/wp-content\/uploads\/2024\/07\/webimage-CEC66AB5-3275-486E-820396E29D72F05D.png","1536x1536-width":800,"1536x1536-height":533,"2048x2048":"https:\/\/kind.ee\/wp-content\/uploads\/2024\/07\/webimage-CEC66AB5-3275-486E-820396E29D72F05D.png","2048x2048-width":800,"2048x2048-height":533,"galerii_large":"https:\/\/kind.ee\/wp-content\/uploads\/2024\/07\/webimage-CEC66AB5-3275-486E-820396E29D72F05D.png","galerii_large-width":800,"galerii_large-height":533,"galerii_large_retina":"https:\/\/kind.ee\/wp-content\/uploads\/2024\/07\/webimage-CEC66AB5-3275-486E-820396E29D72F05D.png","galerii_large_retina-width":800,"galerii_large_retina-height":533,"woocommerce_thumbnail":"https:\/\/kind.ee\/wp-content\/uploads\/2024\/07\/webimage-CEC66AB5-3275-486E-820396E29D72F05D-300x300.png","woocommerce_thumbnail-width":300,"woocommerce_thumbnail-height":300,"woocommerce_single":"https:\/\/kind.ee\/wp-content\/uploads\/2024\/07\/webimage-CEC66AB5-3275-486E-820396E29D72F05D-600x400.png","woocommerce_single-width":600,"woocommerce_single-height":400,"woocommerce_gallery_thumbnail":"https:\/\/kind.ee\/wp-content\/uploads\/2024\/07\/webimage-CEC66AB5-3275-486E-820396E29D72F05D-100x100.png","woocommerce_gallery_thumbnail-width":100,"woocommerce_gallery_thumbnail-height":100}},{"ID":21722,"id":21722,"title":"webimage-87FEE871-21F1-4781-8C246303E87AE618-2","filename":"webimage-87FEE871-21F1-4781-8C246303E87AE618-2.png","filesize":73685,"url":"https:\/\/kind.ee\/wp-content\/uploads\/2024\/07\/webimage-87FEE871-21F1-4781-8C246303E87AE618-2.png","link":"https:\/\/kind.ee\/et\/?attachment_id=21722","alt":"","author":"4","description":"","caption":"","name":"webimage-87fee871-21f1-4781-8c246303e87ae618-2","status":"inherit","uploaded_to":21715,"date":"2024-07-08 07:18:36","modified":"2024-07-08 07:18:36","menu_order":0,"mime_type":"image\/png","type":"image","subtype":"png","icon":"https:\/\/kind.ee\/wp-includes\/images\/media\/default.png","width":600,"height":600,"sizes":{"thumbnail":"https:\/\/kind.ee\/wp-content\/uploads\/2024\/07\/webimage-87FEE871-21F1-4781-8C246303E87AE618-2-150x150.png","thumbnail-width":150,"thumbnail-height":150,"medium":"https:\/\/kind.ee\/wp-content\/uploads\/2024\/07\/webimage-87FEE871-21F1-4781-8C246303E87AE618-2-300x300.png","medium-width":300,"medium-height":300,"medium_large":"https:\/\/kind.ee\/wp-content\/uploads\/2024\/07\/webimage-87FEE871-21F1-4781-8C246303E87AE618-2.png","medium_large-width":600,"medium_large-height":600,"large":"https:\/\/kind.ee\/wp-content\/uploads\/2024\/07\/webimage-87FEE871-21F1-4781-8C246303E87AE618-2.png","large-width":600,"large-height":600,"1536x1536":"https:\/\/kind.ee\/wp-content\/uploads\/2024\/07\/webimage-87FEE871-21F1-4781-8C246303E87AE618-2.png","1536x1536-width":600,"1536x1536-height":600,"2048x2048":"https:\/\/kind.ee\/wp-content\/uploads\/2024\/07\/webimage-87FEE871-21F1-4781-8C246303E87AE618-2.png","2048x2048-width":600,"2048x2048-height":600,"galerii_large":"https:\/\/kind.ee\/wp-content\/uploads\/2024\/07\/webimage-87FEE871-21F1-4781-8C246303E87AE618-2.png","galerii_large-width":600,"galerii_large-height":600,"galerii_large_retina":"https:\/\/kind.ee\/wp-content\/uploads\/2024\/07\/webimage-87FEE871-21F1-4781-8C246303E87AE618-2.png","galerii_large_retina-width":600,"galerii_large_retina-height":600,"woocommerce_thumbnail":"https:\/\/kind.ee\/wp-content\/uploads\/2024\/07\/webimage-87FEE871-21F1-4781-8C246303E87AE618-2-300x300.png","woocommerce_thumbnail-width":300,"woocommerce_thumbnail-height":300,"woocommerce_single":"https:\/\/kind.ee\/wp-content\/uploads\/2024\/07\/webimage-87FEE871-21F1-4781-8C246303E87AE618-2.png","woocommerce_single-width":600,"woocommerce_single-height":600,"woocommerce_gallery_thumbnail":"https:\/\/kind.ee\/wp-content\/uploads\/2024\/07\/webimage-87FEE871-21F1-4781-8C246303E87AE618-2-100x100.png","woocommerce_gallery_thumbnail-width":100,"woocommerce_gallery_thumbnail-height":100}},{"ID":21720,"id":21720,"title":"webimage-5AE63C97-0799-4A5B-A9B559F7044A1A6D","filename":"webimage-5AE63C97-0799-4A5B-A9B559F7044A1A6D.png","filesize":78507,"url":"https:\/\/kind.ee\/wp-content\/uploads\/2024\/07\/webimage-5AE63C97-0799-4A5B-A9B559F7044A1A6D.png","link":"https:\/\/kind.ee\/et\/?attachment_id=21720","alt":"","author":"4","description":"","caption":"","name":"webimage-5ae63c97-0799-4a5b-a9b559f7044a1a6d","status":"inherit","uploaded_to":21715,"date":"2024-07-08 07:18:33","modified":"2024-07-08 07:18:59","menu_order":0,"mime_type":"image\/png","type":"image","subtype":"png","icon":"https:\/\/kind.ee\/wp-includes\/images\/media\/default.png","width":600,"height":600,"sizes":{"thumbnail":"https:\/\/kind.ee\/wp-content\/uploads\/2024\/07\/webimage-5AE63C97-0799-4A5B-A9B559F7044A1A6D-150x150.png","thumbnail-width":150,"thumbnail-height":150,"medium":"https:\/\/kind.ee\/wp-content\/uploads\/2024\/07\/webimage-5AE63C97-0799-4A5B-A9B559F7044A1A6D-300x300.png","medium-width":300,"medium-height":300,"medium_large":"https:\/\/kind.ee\/wp-content\/uploads\/2024\/07\/webimage-5AE63C97-0799-4A5B-A9B559F7044A1A6D.png","medium_large-width":600,"medium_large-height":600,"large":"https:\/\/kind.ee\/wp-content\/uploads\/2024\/07\/webimage-5AE63C97-0799-4A5B-A9B559F7044A1A6D.png","large-width":600,"large-height":600,"1536x1536":"https:\/\/kind.ee\/wp-content\/uploads\/2024\/07\/webimage-5AE63C97-0799-4A5B-A9B559F7044A1A6D.png","1536x1536-width":600,"1536x1536-height":600,"2048x2048":"https:\/\/kind.ee\/wp-content\/uploads\/2024\/07\/webimage-5AE63C97-0799-4A5B-A9B559F7044A1A6D.png","2048x2048-width":600,"2048x2048-height":600,"galerii_large":"https:\/\/kind.ee\/wp-content\/uploads\/2024\/07\/webimage-5AE63C97-0799-4A5B-A9B559F7044A1A6D.png","galerii_large-width":600,"galerii_large-height":600,"galerii_large_retina":"https:\/\/kind.ee\/wp-content\/uploads\/2024\/07\/webimage-5AE63C97-0799-4A5B-A9B559F7044A1A6D.png","galerii_large_retina-width":600,"galerii_large_retina-height":600,"woocommerce_thumbnail":"https:\/\/kind.ee\/wp-content\/uploads\/2024\/07\/webimage-5AE63C97-0799-4A5B-A9B559F7044A1A6D-300x300.png","woocommerce_thumbnail-width":300,"woocommerce_thumbnail-height":300,"woocommerce_single":"https:\/\/kind.ee\/wp-content\/uploads\/2024\/07\/webimage-5AE63C97-0799-4A5B-A9B559F7044A1A6D.png","woocommerce_single-width":600,"woocommerce_single-height":600,"woocommerce_gallery_thumbnail":"https:\/\/kind.ee\/wp-content\/uploads\/2024\/07\/webimage-5AE63C97-0799-4A5B-A9B559F7044A1A6D-100x100.png","woocommerce_gallery_thumbnail-width":100,"woocommerce_gallery_thumbnail-height":100}}],"varvikood":false,"varvid-native":false,"varvid-stedman":false,"varvikood-neutral":false,"varvid-sols":false,"midoceani_varvid":false,"purewaste":false,"beechfield-varvid":782,"bagbase":false,"mepal":false},{"pildid":[{"ID":21724,"id":21724,"title":"webimage-408485E9-D201-48AC-BDDAF9FAE313076E","filename":"webimage-408485E9-D201-48AC-BDDAF9FAE313076E.png","filesize":60159,"url":"https:\/\/kind.ee\/wp-content\/uploads\/2024\/07\/webimage-408485E9-D201-48AC-BDDAF9FAE313076E.png","link":"https:\/\/kind.ee\/et\/?attachment_id=21724","alt":"","author":"4","description":"","caption":"","name":"webimage-408485e9-d201-48ac-bddaf9fae313076e","status":"inherit","uploaded_to":21715,"date":"2024-07-08 07:18:39","modified":"2024-07-08 07:19:32","menu_order":0,"mime_type":"image\/png","type":"image","subtype":"png","icon":"https:\/\/kind.ee\/wp-includes\/images\/media\/default.png","width":600,"height":600,"sizes":{"thumbnail":"https:\/\/kind.ee\/wp-content\/uploads\/2024\/07\/webimage-408485E9-D201-48AC-BDDAF9FAE313076E-150x150.png","thumbnail-width":150,"thumbnail-height":150,"medium":"https:\/\/kind.ee\/wp-content\/uploads\/2024\/07\/webimage-408485E9-D201-48AC-BDDAF9FAE313076E-300x300.png","medium-width":300,"medium-height":300,"medium_large":"https:\/\/kind.ee\/wp-content\/uploads\/2024\/07\/webimage-408485E9-D201-48AC-BDDAF9FAE313076E.png","medium_large-width":600,"medium_large-height":600,"large":"https:\/\/kind.ee\/wp-content\/uploads\/2024\/07\/webimage-408485E9-D201-48AC-BDDAF9FAE313076E.png","large-width":600,"large-height":600,"1536x1536":"https:\/\/kind.ee\/wp-content\/uploads\/2024\/07\/webimage-408485E9-D201-48AC-BDDAF9FAE313076E.png","1536x1536-width":600,"1536x1536-height":600,"2048x2048":"https:\/\/kind.ee\/wp-content\/uploads\/2024\/07\/webimage-408485E9-D201-48AC-BDDAF9FAE313076E.png","2048x2048-width":600,"2048x2048-height":600,"galerii_large":"https:\/\/kind.ee\/wp-content\/uploads\/2024\/07\/webimage-408485E9-D201-48AC-BDDAF9FAE313076E.png","galerii_large-width":600,"galerii_large-height":600,"galerii_large_retina":"https:\/\/kind.ee\/wp-content\/uploads\/2024\/07\/webimage-408485E9-D201-48AC-BDDAF9FAE313076E.png","galerii_large_retina-width":600,"galerii_large_retina-height":600,"woocommerce_thumbnail":"https:\/\/kind.ee\/wp-content\/uploads\/2024\/07\/webimage-408485E9-D201-48AC-BDDAF9FAE313076E-300x300.png","woocommerce_thumbnail-width":300,"woocommerce_thumbnail-height":300,"woocommerce_single":"https:\/\/kind.ee\/wp-content\/uploads\/2024\/07\/webimage-408485E9-D201-48AC-BDDAF9FAE313076E.png","woocommerce_single-width":600,"woocommerce_single-height":600,"woocommerce_gallery_thumbnail":"https:\/\/kind.ee\/wp-content\/uploads\/2024\/07\/webimage-408485E9-D201-48AC-BDDAF9FAE313076E-100x100.png","woocommerce_gallery_thumbnail-width":100,"woocommerce_gallery_thumbnail-height":100}}],"varvikood":false,"varvid-native":false,"varvid-stedman":false,"varvikood-neutral":false,"varvid-sols":false,"midoceani_varvid":false,"purewaste":false,"beechfield-varvid":777,"bagbase":false,"mepal":false},{"pildid":[{"ID":21716,"id":21716,"title":"webimage-2ED75292-2B4A-4F77-974CC9FF7D7BEDCD","filename":"webimage-2ED75292-2B4A-4F77-974CC9FF7D7BEDCD.png","filesize":91148,"url":"https:\/\/kind.ee\/wp-content\/uploads\/2024\/07\/webimage-2ED75292-2B4A-4F77-974CC9FF7D7BEDCD.png","link":"https:\/\/kind.ee\/et\/?attachment_id=21716","alt":"","author":"4","description":"","caption":"","name":"webimage-2ed75292-2b4a-4f77-974cc9ff7d7bedcd","status":"inherit","uploaded_to":21715,"date":"2024-07-08 07:18:24","modified":"2024-07-08 07:19:52","menu_order":0,"mime_type":"image\/png","type":"image","subtype":"png","icon":"https:\/\/kind.ee\/wp-includes\/images\/media\/default.png","width":600,"height":600,"sizes":{"thumbnail":"https:\/\/kind.ee\/wp-content\/uploads\/2024\/07\/webimage-2ED75292-2B4A-4F77-974CC9FF7D7BEDCD-150x150.png","thumbnail-width":150,"thumbnail-height":150,"medium":"https:\/\/kind.ee\/wp-content\/uploads\/2024\/07\/webimage-2ED75292-2B4A-4F77-974CC9FF7D7BEDCD-300x300.png","medium-width":300,"medium-height":300,"medium_large":"https:\/\/kind.ee\/wp-content\/uploads\/2024\/07\/webimage-2ED75292-2B4A-4F77-974CC9FF7D7BEDCD.png","medium_large-width":600,"medium_large-height":600,"large":"https:\/\/kind.ee\/wp-content\/uploads\/2024\/07\/webimage-2ED75292-2B4A-4F77-974CC9FF7D7BEDCD.png","large-width":600,"large-height":600,"1536x1536":"https:\/\/kind.ee\/wp-content\/uploads\/2024\/07\/webimage-2ED75292-2B4A-4F77-974CC9FF7D7BEDCD.png","1536x1536-width":600,"1536x1536-height":600,"2048x2048":"https:\/\/kind.ee\/wp-content\/uploads\/2024\/07\/webimage-2ED75292-2B4A-4F77-974CC9FF7D7BEDCD.png","2048x2048-width":600,"2048x2048-height":600,"galerii_large":"https:\/\/kind.ee\/wp-content\/uploads\/2024\/07\/webimage-2ED75292-2B4A-4F77-974CC9FF7D7BEDCD.png","galerii_large-width":600,"galerii_large-height":600,"galerii_large_retina":"https:\/\/kind.ee\/wp-content\/uploads\/2024\/07\/webimage-2ED75292-2B4A-4F77-974CC9FF7D7BEDCD.png","galerii_large_retina-width":600,"galerii_large_retina-height":600,"woocommerce_thumbnail":"https:\/\/kind.ee\/wp-content\/uploads\/2024\/07\/webimage-2ED75292-2B4A-4F77-974CC9FF7D7BEDCD-300x300.png","woocommerce_thumbnail-width":300,"woocommerce_thumbnail-height":300,"woocommerce_single":"https:\/\/kind.ee\/wp-content\/uploads\/2024\/07\/webimage-2ED75292-2B4A-4F77-974CC9FF7D7BEDCD.png","woocommerce_single-width":600,"woocommerce_single-height":600,"woocommerce_gallery_thumbnail":"https:\/\/kind.ee\/wp-content\/uploads\/2024\/07\/webimage-2ED75292-2B4A-4F77-974CC9FF7D7BEDCD-100x100.png","woocommerce_gallery_thumbnail-width":100,"woocommerce_gallery_thumbnail-height":100}}],"varvikood":false,"varvid-native":false,"varvid-stedman":false,"varvikood-neutral":false,"varvid-sols":false,"midoceani_varvid":false,"purewaste":false,"beechfield-varvid":776,"bagbase":false,"mepal":false}],"tooteinfo":"Ideaalne kerge m\u00fcts spordi tegemiseks. Laserl\u00f5ikega ventilatsioon parandab hingavust. Suurus on reguleeritav kl\u00f5psuga. ","materjal":"","varvus":""},"_links":{"self":[{"href":"https:\/\/kind.ee\/et\/wp-json\/wp\/v2\/product\/21715","targetHints":{"allow":["GET"]}}],"collection":[{"href":"https:\/\/kind.ee\/et\/wp-json\/wp\/v2\/product"}],"about":[{"href":"https:\/\/kind.ee\/et\/wp-json\/wp\/v2\/types\/product"}],"wp:featuredmedia":[{"embeddable":true,"href":"https:\/\/kind.ee\/et\/wp-json\/wp\/v2\/media\/21937"}],"wp:attachment":[{"href":"https:\/\/kind.ee\/et\/wp-json\/wp\/v2\/media?parent=21715"}],"wp:term":[{"taxonomy":"product_brand","embeddable":true,"href":"https:\/\/kind.ee\/et\/wp-json\/wp\/v2\/product_brand?post=21715"},{"taxonomy":"product_cat","embeddable":true,"href":"https:\/\/kind.ee\/et\/wp-json\/wp\/v2\/product_cat?post=21715"},{"taxonomy":"product_tag","embeddable":true,"href":"https:\/\/kind.ee\/et\/wp-json\/wp\/v2\/product_tag?post=21715"}],"curies":[{"name":"wp","href":"https:\/\/api.w.org\/{rel}","templated":true}]}}