{"id":21680,"date":"2024-07-02T12:20:58","date_gmt":"2024-07-02T12:20:58","guid":{"rendered":"https:\/\/kind.ee\/?post_type=product&#038;p=21680"},"modified":"2025-06-15T17:27:07","modified_gmt":"2025-06-15T17:27:07","slug":"patsiavaga-nokamuts-beechfield","status":"publish","type":"product","link":"https:\/\/kind.ee\/et\/toode\/patsiavaga-nokamuts-beechfield\/","title":{"rendered":"patsiavaga nokam\u00fcts Beechfield"},"content":{"rendered":"","protected":false},"excerpt":{"rendered":"","protected":false},"featured_media":21930,"template":"","meta":[],"product_brand":[],"product_cat":[599,263],"product_tag":[],"class_list":{"0":"post-21680","1":"product","2":"type-product","3":"status-publish","4":"has-post-thumbnail","6":"product_cat-mutsid","7":"product_cat-riided","9":"first","10":"instock","11":"shipping-taxable","12":"purchasable","13":"product-type-simple"},"acf":{"muugi_argumendid":[],"sertifikaadid":["Recycled Material","Global Recycled Standard"],"season":[],"loige":"","suuruste_tabel":false,"paksus":"","min_kogus":"","kangas":"","kanga-info":"100% taaskasutatud pol\u00fcester","mootmed":"","toote_pildid_varvide_kaupa":[{"pildid":[{"ID":21695,"id":21695,"title":"webimage-48E87504-C206-4678-9B5FFF412D60A44C","filename":"webimage-48E87504-C206-4678-9B5FFF412D60A44C.png","filesize":428665,"url":"https:\/\/kind.ee\/wp-content\/uploads\/2024\/06\/webimage-48E87504-C206-4678-9B5FFF412D60A44C.png","link":"https:\/\/kind.ee\/et\/?attachment_id=21695","alt":"","author":"4","description":"","caption":"","name":"webimage-48e87504-c206-4678-9b5fff412d60a44c","status":"inherit","uploaded_to":21680,"date":"2024-07-02 12:17:20","modified":"2024-07-02 12:26:18","menu_order":0,"mime_type":"image\/png","type":"image","subtype":"png","icon":"https:\/\/kind.ee\/wp-includes\/images\/media\/default.png","width":907,"height":1361,"sizes":{"thumbnail":"https:\/\/kind.ee\/wp-content\/uploads\/2024\/06\/webimage-48E87504-C206-4678-9B5FFF412D60A44C-150x150.png","thumbnail-width":150,"thumbnail-height":150,"medium":"https:\/\/kind.ee\/wp-content\/uploads\/2024\/06\/webimage-48E87504-C206-4678-9B5FFF412D60A44C-200x300.png","medium-width":200,"medium-height":300,"medium_large":"https:\/\/kind.ee\/wp-content\/uploads\/2024\/06\/webimage-48E87504-C206-4678-9B5FFF412D60A44C-768x1152.png","medium_large-width":768,"medium_large-height":1152,"large":"https:\/\/kind.ee\/wp-content\/uploads\/2024\/06\/webimage-48E87504-C206-4678-9B5FFF412D60A44C-682x1024.png","large-width":682,"large-height":1024,"1536x1536":"https:\/\/kind.ee\/wp-content\/uploads\/2024\/06\/webimage-48E87504-C206-4678-9B5FFF412D60A44C.png","1536x1536-width":907,"1536x1536-height":1361,"2048x2048":"https:\/\/kind.ee\/wp-content\/uploads\/2024\/06\/webimage-48E87504-C206-4678-9B5FFF412D60A44C.png","2048x2048-width":907,"2048x2048-height":1361,"galerii_large":"https:\/\/kind.ee\/wp-content\/uploads\/2024\/06\/webimage-48E87504-C206-4678-9B5FFF412D60A44C-800x1200.png","galerii_large-width":800,"galerii_large-height":1200,"galerii_large_retina":"https:\/\/kind.ee\/wp-content\/uploads\/2024\/06\/webimage-48E87504-C206-4678-9B5FFF412D60A44C.png","galerii_large_retina-width":907,"galerii_large_retina-height":1361,"woocommerce_thumbnail":"https:\/\/kind.ee\/wp-content\/uploads\/2024\/06\/webimage-48E87504-C206-4678-9B5FFF412D60A44C-300x300.png","woocommerce_thumbnail-width":300,"woocommerce_thumbnail-height":300,"woocommerce_single":"https:\/\/kind.ee\/wp-content\/uploads\/2024\/06\/webimage-48E87504-C206-4678-9B5FFF412D60A44C-600x900.png","woocommerce_single-width":600,"woocommerce_single-height":900,"woocommerce_gallery_thumbnail":"https:\/\/kind.ee\/wp-content\/uploads\/2024\/06\/webimage-48E87504-C206-4678-9B5FFF412D60A44C-100x100.png","woocommerce_gallery_thumbnail-width":100,"woocommerce_gallery_thumbnail-height":100}},{"ID":21689,"id":21689,"title":"webimage-D4AE118F-F0C5-4FFC-BE294793CBA2C67F-2","filename":"webimage-D4AE118F-F0C5-4FFC-BE294793CBA2C67F-2.png","filesize":70861,"url":"https:\/\/kind.ee\/wp-content\/uploads\/2024\/06\/webimage-D4AE118F-F0C5-4FFC-BE294793CBA2C67F-2.png","link":"https:\/\/kind.ee\/et\/?attachment_id=21689","alt":"","author":"4","description":"","caption":"","name":"webimage-d4ae118f-f0c5-4ffc-be294793cba2c67f-2","status":"inherit","uploaded_to":21680,"date":"2024-07-02 12:14:10","modified":"2024-07-02 12:14:10","menu_order":0,"mime_type":"image\/png","type":"image","subtype":"png","icon":"https:\/\/kind.ee\/wp-includes\/images\/media\/default.png","width":600,"height":600,"sizes":{"thumbnail":"https:\/\/kind.ee\/wp-content\/uploads\/2024\/06\/webimage-D4AE118F-F0C5-4FFC-BE294793CBA2C67F-2-150x150.png","thumbnail-width":150,"thumbnail-height":150,"medium":"https:\/\/kind.ee\/wp-content\/uploads\/2024\/06\/webimage-D4AE118F-F0C5-4FFC-BE294793CBA2C67F-2-300x300.png","medium-width":300,"medium-height":300,"medium_large":"https:\/\/kind.ee\/wp-content\/uploads\/2024\/06\/webimage-D4AE118F-F0C5-4FFC-BE294793CBA2C67F-2.png","medium_large-width":600,"medium_large-height":600,"large":"https:\/\/kind.ee\/wp-content\/uploads\/2024\/06\/webimage-D4AE118F-F0C5-4FFC-BE294793CBA2C67F-2.png","large-width":600,"large-height":600,"1536x1536":"https:\/\/kind.ee\/wp-content\/uploads\/2024\/06\/webimage-D4AE118F-F0C5-4FFC-BE294793CBA2C67F-2.png","1536x1536-width":600,"1536x1536-height":600,"2048x2048":"https:\/\/kind.ee\/wp-content\/uploads\/2024\/06\/webimage-D4AE118F-F0C5-4FFC-BE294793CBA2C67F-2.png","2048x2048-width":600,"2048x2048-height":600,"galerii_large":"https:\/\/kind.ee\/wp-content\/uploads\/2024\/06\/webimage-D4AE118F-F0C5-4FFC-BE294793CBA2C67F-2.png","galerii_large-width":600,"galerii_large-height":600,"galerii_large_retina":"https:\/\/kind.ee\/wp-content\/uploads\/2024\/06\/webimage-D4AE118F-F0C5-4FFC-BE294793CBA2C67F-2.png","galerii_large_retina-width":600,"galerii_large_retina-height":600,"woocommerce_thumbnail":"https:\/\/kind.ee\/wp-content\/uploads\/2024\/06\/webimage-D4AE118F-F0C5-4FFC-BE294793CBA2C67F-2-300x300.png","woocommerce_thumbnail-width":300,"woocommerce_thumbnail-height":300,"woocommerce_single":"https:\/\/kind.ee\/wp-content\/uploads\/2024\/06\/webimage-D4AE118F-F0C5-4FFC-BE294793CBA2C67F-2.png","woocommerce_single-width":600,"woocommerce_single-height":600,"woocommerce_gallery_thumbnail":"https:\/\/kind.ee\/wp-content\/uploads\/2024\/06\/webimage-D4AE118F-F0C5-4FFC-BE294793CBA2C67F-2-100x100.png","woocommerce_gallery_thumbnail-width":100,"woocommerce_gallery_thumbnail-height":100}},{"ID":21687,"id":21687,"title":"webimage-50FEC85A-7560-46FA-B17431F5D80F038E","filename":"webimage-50FEC85A-7560-46FA-B17431F5D80F038E.png","filesize":62221,"url":"https:\/\/kind.ee\/wp-content\/uploads\/2024\/06\/webimage-50FEC85A-7560-46FA-B17431F5D80F038E.png","link":"https:\/\/kind.ee\/et\/?attachment_id=21687","alt":"","author":"4","description":"","caption":"","name":"webimage-50fec85a-7560-46fa-b17431f5d80f038e","status":"inherit","uploaded_to":21680,"date":"2024-07-02 12:14:05","modified":"2024-07-02 12:17:40","menu_order":0,"mime_type":"image\/png","type":"image","subtype":"png","icon":"https:\/\/kind.ee\/wp-includes\/images\/media\/default.png","width":600,"height":600,"sizes":{"thumbnail":"https:\/\/kind.ee\/wp-content\/uploads\/2024\/06\/webimage-50FEC85A-7560-46FA-B17431F5D80F038E-150x150.png","thumbnail-width":150,"thumbnail-height":150,"medium":"https:\/\/kind.ee\/wp-content\/uploads\/2024\/06\/webimage-50FEC85A-7560-46FA-B17431F5D80F038E-300x300.png","medium-width":300,"medium-height":300,"medium_large":"https:\/\/kind.ee\/wp-content\/uploads\/2024\/06\/webimage-50FEC85A-7560-46FA-B17431F5D80F038E.png","medium_large-width":600,"medium_large-height":600,"large":"https:\/\/kind.ee\/wp-content\/uploads\/2024\/06\/webimage-50FEC85A-7560-46FA-B17431F5D80F038E.png","large-width":600,"large-height":600,"1536x1536":"https:\/\/kind.ee\/wp-content\/uploads\/2024\/06\/webimage-50FEC85A-7560-46FA-B17431F5D80F038E.png","1536x1536-width":600,"1536x1536-height":600,"2048x2048":"https:\/\/kind.ee\/wp-content\/uploads\/2024\/06\/webimage-50FEC85A-7560-46FA-B17431F5D80F038E.png","2048x2048-width":600,"2048x2048-height":600,"galerii_large":"https:\/\/kind.ee\/wp-content\/uploads\/2024\/06\/webimage-50FEC85A-7560-46FA-B17431F5D80F038E.png","galerii_large-width":600,"galerii_large-height":600,"galerii_large_retina":"https:\/\/kind.ee\/wp-content\/uploads\/2024\/06\/webimage-50FEC85A-7560-46FA-B17431F5D80F038E.png","galerii_large_retina-width":600,"galerii_large_retina-height":600,"woocommerce_thumbnail":"https:\/\/kind.ee\/wp-content\/uploads\/2024\/06\/webimage-50FEC85A-7560-46FA-B17431F5D80F038E-300x300.png","woocommerce_thumbnail-width":300,"woocommerce_thumbnail-height":300,"woocommerce_single":"https:\/\/kind.ee\/wp-content\/uploads\/2024\/06\/webimage-50FEC85A-7560-46FA-B17431F5D80F038E.png","woocommerce_single-width":600,"woocommerce_single-height":600,"woocommerce_gallery_thumbnail":"https:\/\/kind.ee\/wp-content\/uploads\/2024\/06\/webimage-50FEC85A-7560-46FA-B17431F5D80F038E-100x100.png","woocommerce_gallery_thumbnail-width":100,"woocommerce_gallery_thumbnail-height":100}}],"varvikood":false,"varvid-native":false,"varvid-stedman":false,"varvikood-neutral":false,"varvid-sols":false,"midoceani_varvid":false,"purewaste":false,"beechfield-varvid":777,"bagbase":false,"mepal":false},{"pildid":[{"ID":21693,"id":21693,"title":"webimage-392A18D7-E042-463C-9446C254ABE83C12","filename":"webimage-392A18D7-E042-463C-9446C254ABE83C12.png","filesize":75591,"url":"https:\/\/kind.ee\/wp-content\/uploads\/2024\/06\/webimage-392A18D7-E042-463C-9446C254ABE83C12.png","link":"https:\/\/kind.ee\/et\/?attachment_id=21693","alt":"","author":"4","description":"","caption":"","name":"webimage-392a18d7-e042-463c-9446c254abe83c12","status":"inherit","uploaded_to":21680,"date":"2024-07-02 12:14:19","modified":"2024-07-02 12:14:19","menu_order":0,"mime_type":"image\/png","type":"image","subtype":"png","icon":"https:\/\/kind.ee\/wp-includes\/images\/media\/default.png","width":600,"height":600,"sizes":{"thumbnail":"https:\/\/kind.ee\/wp-content\/uploads\/2024\/06\/webimage-392A18D7-E042-463C-9446C254ABE83C12-150x150.png","thumbnail-width":150,"thumbnail-height":150,"medium":"https:\/\/kind.ee\/wp-content\/uploads\/2024\/06\/webimage-392A18D7-E042-463C-9446C254ABE83C12-300x300.png","medium-width":300,"medium-height":300,"medium_large":"https:\/\/kind.ee\/wp-content\/uploads\/2024\/06\/webimage-392A18D7-E042-463C-9446C254ABE83C12.png","medium_large-width":600,"medium_large-height":600,"large":"https:\/\/kind.ee\/wp-content\/uploads\/2024\/06\/webimage-392A18D7-E042-463C-9446C254ABE83C12.png","large-width":600,"large-height":600,"1536x1536":"https:\/\/kind.ee\/wp-content\/uploads\/2024\/06\/webimage-392A18D7-E042-463C-9446C254ABE83C12.png","1536x1536-width":600,"1536x1536-height":600,"2048x2048":"https:\/\/kind.ee\/wp-content\/uploads\/2024\/06\/webimage-392A18D7-E042-463C-9446C254ABE83C12.png","2048x2048-width":600,"2048x2048-height":600,"galerii_large":"https:\/\/kind.ee\/wp-content\/uploads\/2024\/06\/webimage-392A18D7-E042-463C-9446C254ABE83C12.png","galerii_large-width":600,"galerii_large-height":600,"galerii_large_retina":"https:\/\/kind.ee\/wp-content\/uploads\/2024\/06\/webimage-392A18D7-E042-463C-9446C254ABE83C12.png","galerii_large_retina-width":600,"galerii_large_retina-height":600,"woocommerce_thumbnail":"https:\/\/kind.ee\/wp-content\/uploads\/2024\/06\/webimage-392A18D7-E042-463C-9446C254ABE83C12-300x300.png","woocommerce_thumbnail-width":300,"woocommerce_thumbnail-height":300,"woocommerce_single":"https:\/\/kind.ee\/wp-content\/uploads\/2024\/06\/webimage-392A18D7-E042-463C-9446C254ABE83C12.png","woocommerce_single-width":600,"woocommerce_single-height":600,"woocommerce_gallery_thumbnail":"https:\/\/kind.ee\/wp-content\/uploads\/2024\/06\/webimage-392A18D7-E042-463C-9446C254ABE83C12-100x100.png","woocommerce_gallery_thumbnail-width":100,"woocommerce_gallery_thumbnail-height":100}},{"ID":21691,"id":21691,"title":"webimage-B6AB7C61-DD75-4D3F-AF748A2AE6A5036F","filename":"webimage-B6AB7C61-DD75-4D3F-AF748A2AE6A5036F.png","filesize":80017,"url":"https:\/\/kind.ee\/wp-content\/uploads\/2024\/06\/webimage-B6AB7C61-DD75-4D3F-AF748A2AE6A5036F.png","link":"https:\/\/kind.ee\/et\/?attachment_id=21691","alt":"","author":"4","description":"","caption":"","name":"webimage-b6ab7c61-dd75-4d3f-af748a2ae6a5036f","status":"inherit","uploaded_to":21680,"date":"2024-07-02 12:14:16","modified":"2024-07-02 12:18:04","menu_order":0,"mime_type":"image\/png","type":"image","subtype":"png","icon":"https:\/\/kind.ee\/wp-includes\/images\/media\/default.png","width":600,"height":600,"sizes":{"thumbnail":"https:\/\/kind.ee\/wp-content\/uploads\/2024\/06\/webimage-B6AB7C61-DD75-4D3F-AF748A2AE6A5036F-150x150.png","thumbnail-width":150,"thumbnail-height":150,"medium":"https:\/\/kind.ee\/wp-content\/uploads\/2024\/06\/webimage-B6AB7C61-DD75-4D3F-AF748A2AE6A5036F-300x300.png","medium-width":300,"medium-height":300,"medium_large":"https:\/\/kind.ee\/wp-content\/uploads\/2024\/06\/webimage-B6AB7C61-DD75-4D3F-AF748A2AE6A5036F.png","medium_large-width":600,"medium_large-height":600,"large":"https:\/\/kind.ee\/wp-content\/uploads\/2024\/06\/webimage-B6AB7C61-DD75-4D3F-AF748A2AE6A5036F.png","large-width":600,"large-height":600,"1536x1536":"https:\/\/kind.ee\/wp-content\/uploads\/2024\/06\/webimage-B6AB7C61-DD75-4D3F-AF748A2AE6A5036F.png","1536x1536-width":600,"1536x1536-height":600,"2048x2048":"https:\/\/kind.ee\/wp-content\/uploads\/2024\/06\/webimage-B6AB7C61-DD75-4D3F-AF748A2AE6A5036F.png","2048x2048-width":600,"2048x2048-height":600,"galerii_large":"https:\/\/kind.ee\/wp-content\/uploads\/2024\/06\/webimage-B6AB7C61-DD75-4D3F-AF748A2AE6A5036F.png","galerii_large-width":600,"galerii_large-height":600,"galerii_large_retina":"https:\/\/kind.ee\/wp-content\/uploads\/2024\/06\/webimage-B6AB7C61-DD75-4D3F-AF748A2AE6A5036F.png","galerii_large_retina-width":600,"galerii_large_retina-height":600,"woocommerce_thumbnail":"https:\/\/kind.ee\/wp-content\/uploads\/2024\/06\/webimage-B6AB7C61-DD75-4D3F-AF748A2AE6A5036F-300x300.png","woocommerce_thumbnail-width":300,"woocommerce_thumbnail-height":300,"woocommerce_single":"https:\/\/kind.ee\/wp-content\/uploads\/2024\/06\/webimage-B6AB7C61-DD75-4D3F-AF748A2AE6A5036F.png","woocommerce_single-width":600,"woocommerce_single-height":600,"woocommerce_gallery_thumbnail":"https:\/\/kind.ee\/wp-content\/uploads\/2024\/06\/webimage-B6AB7C61-DD75-4D3F-AF748A2AE6A5036F-100x100.png","woocommerce_gallery_thumbnail-width":100,"woocommerce_gallery_thumbnail-height":100}}],"varvikood":false,"varvid-native":false,"varvid-stedman":false,"varvikood-neutral":false,"varvid-sols":false,"midoceani_varvid":false,"purewaste":false,"beechfield-varvid":780,"bagbase":false,"mepal":false}],"tooteinfo":"Pehmest ja hingavast materjalist nokam\u00fcts, mis on disainitud hobusesabaga kandmiseks. 100% Coolmax\u00ae pol\u00fcestrist higipael tagab mugava ja kuiva kandmise. M\u00fctsil on kumer nokk ning taga pingutusn\u00f6\u00f6r, mis v\u00f5imaldab suurust reguleerida.","materjal":"","varvus":""},"_links":{"self":[{"href":"https:\/\/kind.ee\/et\/wp-json\/wp\/v2\/product\/21680","targetHints":{"allow":["GET"]}}],"collection":[{"href":"https:\/\/kind.ee\/et\/wp-json\/wp\/v2\/product"}],"about":[{"href":"https:\/\/kind.ee\/et\/wp-json\/wp\/v2\/types\/product"}],"wp:featuredmedia":[{"embeddable":true,"href":"https:\/\/kind.ee\/et\/wp-json\/wp\/v2\/media\/21930"}],"wp:attachment":[{"href":"https:\/\/kind.ee\/et\/wp-json\/wp\/v2\/media?parent=21680"}],"wp:term":[{"taxonomy":"product_brand","embeddable":true,"href":"https:\/\/kind.ee\/et\/wp-json\/wp\/v2\/product_brand?post=21680"},{"taxonomy":"product_cat","embeddable":true,"href":"https:\/\/kind.ee\/et\/wp-json\/wp\/v2\/product_cat?post=21680"},{"taxonomy":"product_tag","embeddable":true,"href":"https:\/\/kind.ee\/et\/wp-json\/wp\/v2\/product_tag?post=21680"}],"curies":[{"name":"wp","href":"https:\/\/api.w.org\/{rel}","templated":true}]}}