{"id":20938,"date":"2025-06-15T17:31:33","date_gmt":"2025-06-15T17:31:33","guid":{"rendered":"https:\/\/kind.ee\/?post_type=product&#038;p=20938"},"modified":"2026-02-19T22:59:03","modified_gmt":"2026-02-19T22:59:03","slug":"sportlik-pikakaiseline-t-sark-neutral","status":"publish","type":"product","link":"https:\/\/kind.ee\/et\/toode\/sportlik-pikakaiseline-t-sark-neutral\/","title":{"rendered":"sportlik pikak\u00e4iseline t-s\u00e4rk Neutral"},"content":{"rendered":"","protected":false},"excerpt":{"rendered":"","protected":false},"featured_media":20949,"template":"","meta":[],"product_brand":[],"product_cat":[263,259],"product_tag":[],"class_list":{"0":"post-20938","1":"product","2":"type-product","3":"status-publish","4":"has-post-thumbnail","6":"product_cat-riided","7":"product_cat-t-sargid","9":"first","10":"instock","11":"shipping-taxable","12":"purchasable","13":"product-type-simple"},"acf":{"muugi_argumendid":["\u00f6kos\u00f5bralik","laos olemas","unisex stiilis"],"sertifikaadid":["Recycled Material","EU Ecolabel","OEKO-Tex"],"season":[],"loige":"","suuruste_tabel":{"ID":38570,"id":38570,"title":"meeste-suurustabel","filename":"meeste-suurustabel.jpg","filesize":22849,"url":"https:\/\/kind.ee\/wp-content\/uploads\/2025\/06\/meeste-suurustabel.jpg","link":"https:\/\/kind.ee\/et\/?attachment_id=38570","alt":"","author":"4","description":"","caption":"","name":"meeste-suurustabel","status":"inherit","uploaded_to":20938,"date":"2026-02-19 22:58:57","modified":"2026-02-19 22:58:57","menu_order":0,"mime_type":"image\/jpeg","type":"image","subtype":"jpeg","icon":"https:\/\/kind.ee\/wp-includes\/images\/media\/default.png","width":1024,"height":282,"sizes":{"thumbnail":"https:\/\/kind.ee\/wp-content\/uploads\/2025\/06\/meeste-suurustabel-150x150.jpg","thumbnail-width":150,"thumbnail-height":150,"medium":"https:\/\/kind.ee\/wp-content\/uploads\/2025\/06\/meeste-suurustabel-300x83.jpg","medium-width":300,"medium-height":83,"medium_large":"https:\/\/kind.ee\/wp-content\/uploads\/2025\/06\/meeste-suurustabel-768x212.jpg","medium_large-width":768,"medium_large-height":212,"large":"https:\/\/kind.ee\/wp-content\/uploads\/2025\/06\/meeste-suurustabel.jpg","large-width":1024,"large-height":282,"1536x1536":"https:\/\/kind.ee\/wp-content\/uploads\/2025\/06\/meeste-suurustabel.jpg","1536x1536-width":1024,"1536x1536-height":282,"2048x2048":"https:\/\/kind.ee\/wp-content\/uploads\/2025\/06\/meeste-suurustabel.jpg","2048x2048-width":1024,"2048x2048-height":282,"galerii_large":"https:\/\/kind.ee\/wp-content\/uploads\/2025\/06\/meeste-suurustabel-800x220.jpg","galerii_large-width":800,"galerii_large-height":220,"galerii_large_retina":"https:\/\/kind.ee\/wp-content\/uploads\/2025\/06\/meeste-suurustabel.jpg","galerii_large_retina-width":1024,"galerii_large_retina-height":282,"woocommerce_thumbnail":"https:\/\/kind.ee\/wp-content\/uploads\/2025\/06\/meeste-suurustabel-300x282.jpg","woocommerce_thumbnail-width":300,"woocommerce_thumbnail-height":282,"woocommerce_single":"https:\/\/kind.ee\/wp-content\/uploads\/2025\/06\/meeste-suurustabel-600x165.jpg","woocommerce_single-width":600,"woocommerce_single-height":165,"woocommerce_gallery_thumbnail":"https:\/\/kind.ee\/wp-content\/uploads\/2025\/06\/meeste-suurustabel-100x100.jpg","woocommerce_gallery_thumbnail-width":100,"woocommerce_gallery_thumbnail-height":100}},"paksus":"155","min_kogus":"5","kangas":"","kanga-info":"100% taaskasutatud pol\u00fcester, kanga paksus 155 g\/m2","mootmed":"","toote_pildid_varvide_kaupa":[{"pildid":[{"ID":20939,"id":20939,"title":"R61050_WHI_1024x1024","filename":"R61050_WHI_1024x1024.webp","filesize":9922,"url":"https:\/\/kind.ee\/wp-content\/uploads\/2024\/03\/R61050_WHI_1024x1024.webp","link":"https:\/\/kind.ee\/et\/?attachment_id=20939","alt":"","author":"1","description":"","caption":"","name":"r61050_whi_1024x1024","status":"inherit","uploaded_to":20938,"date":"2024-03-21 17:21:06","modified":"2024-03-21 17:21:10","menu_order":0,"mime_type":"image\/webp","type":"image","subtype":"webp","icon":"https:\/\/kind.ee\/wp-includes\/images\/media\/default.png","width":1024,"height":1024,"sizes":{"thumbnail":"https:\/\/kind.ee\/wp-content\/uploads\/2024\/03\/R61050_WHI_1024x1024-150x150.webp","thumbnail-width":150,"thumbnail-height":150,"medium":"https:\/\/kind.ee\/wp-content\/uploads\/2024\/03\/R61050_WHI_1024x1024-300x300.webp","medium-width":300,"medium-height":300,"medium_large":"https:\/\/kind.ee\/wp-content\/uploads\/2024\/03\/R61050_WHI_1024x1024-768x768.webp","medium_large-width":768,"medium_large-height":768,"large":"https:\/\/kind.ee\/wp-content\/uploads\/2024\/03\/R61050_WHI_1024x1024.webp","large-width":1024,"large-height":1024,"1536x1536":"https:\/\/kind.ee\/wp-content\/uploads\/2024\/03\/R61050_WHI_1024x1024.webp","1536x1536-width":1024,"1536x1536-height":1024,"2048x2048":"https:\/\/kind.ee\/wp-content\/uploads\/2024\/03\/R61050_WHI_1024x1024.webp","2048x2048-width":1024,"2048x2048-height":1024,"galerii_large":"https:\/\/kind.ee\/wp-content\/uploads\/2024\/03\/R61050_WHI_1024x1024-800x800.webp","galerii_large-width":800,"galerii_large-height":800,"galerii_large_retina":"https:\/\/kind.ee\/wp-content\/uploads\/2024\/03\/R61050_WHI_1024x1024.webp","galerii_large_retina-width":1024,"galerii_large_retina-height":1024,"woocommerce_thumbnail":"https:\/\/kind.ee\/wp-content\/uploads\/2024\/03\/R61050_WHI_1024x1024-300x300.webp","woocommerce_thumbnail-width":300,"woocommerce_thumbnail-height":300,"woocommerce_single":"https:\/\/kind.ee\/wp-content\/uploads\/2024\/03\/R61050_WHI_1024x1024-600x600.webp","woocommerce_single-width":600,"woocommerce_single-height":600,"woocommerce_gallery_thumbnail":"https:\/\/kind.ee\/wp-content\/uploads\/2024\/03\/R61050_WHI_1024x1024-100x100.webp","woocommerce_gallery_thumbnail-width":100,"woocommerce_gallery_thumbnail-height":100}}],"varvikood":false,"varvid-native":false,"varvid-stedman":false,"varvikood-neutral":556,"varvid-sols":false,"midoceani_varvid":false,"purewaste":false,"beechfield-varvid":false,"bagbase":false,"mepal":false},{"pildid":[{"ID":20941,"id":20941,"title":"R61050_BLA_1024x1024","filename":"R61050_BLA_1024x1024.webp","filesize":11978,"url":"https:\/\/kind.ee\/wp-content\/uploads\/2024\/03\/R61050_BLA_1024x1024.webp","link":"https:\/\/kind.ee\/et\/?attachment_id=20941","alt":"","author":"1","description":"","caption":"","name":"r61050_bla_1024x1024","status":"inherit","uploaded_to":20938,"date":"2024-03-21 17:21:16","modified":"2024-03-21 17:21:20","menu_order":0,"mime_type":"image\/webp","type":"image","subtype":"webp","icon":"https:\/\/kind.ee\/wp-includes\/images\/media\/default.png","width":1024,"height":1024,"sizes":{"thumbnail":"https:\/\/kind.ee\/wp-content\/uploads\/2024\/03\/R61050_BLA_1024x1024-150x150.webp","thumbnail-width":150,"thumbnail-height":150,"medium":"https:\/\/kind.ee\/wp-content\/uploads\/2024\/03\/R61050_BLA_1024x1024-300x300.webp","medium-width":300,"medium-height":300,"medium_large":"https:\/\/kind.ee\/wp-content\/uploads\/2024\/03\/R61050_BLA_1024x1024-768x768.webp","medium_large-width":768,"medium_large-height":768,"large":"https:\/\/kind.ee\/wp-content\/uploads\/2024\/03\/R61050_BLA_1024x1024.webp","large-width":1024,"large-height":1024,"1536x1536":"https:\/\/kind.ee\/wp-content\/uploads\/2024\/03\/R61050_BLA_1024x1024.webp","1536x1536-width":1024,"1536x1536-height":1024,"2048x2048":"https:\/\/kind.ee\/wp-content\/uploads\/2024\/03\/R61050_BLA_1024x1024.webp","2048x2048-width":1024,"2048x2048-height":1024,"galerii_large":"https:\/\/kind.ee\/wp-content\/uploads\/2024\/03\/R61050_BLA_1024x1024-800x800.webp","galerii_large-width":800,"galerii_large-height":800,"galerii_large_retina":"https:\/\/kind.ee\/wp-content\/uploads\/2024\/03\/R61050_BLA_1024x1024.webp","galerii_large_retina-width":1024,"galerii_large_retina-height":1024,"woocommerce_thumbnail":"https:\/\/kind.ee\/wp-content\/uploads\/2024\/03\/R61050_BLA_1024x1024-300x300.webp","woocommerce_thumbnail-width":300,"woocommerce_thumbnail-height":300,"woocommerce_single":"https:\/\/kind.ee\/wp-content\/uploads\/2024\/03\/R61050_BLA_1024x1024-600x600.webp","woocommerce_single-width":600,"woocommerce_single-height":600,"woocommerce_gallery_thumbnail":"https:\/\/kind.ee\/wp-content\/uploads\/2024\/03\/R61050_BLA_1024x1024-100x100.webp","woocommerce_gallery_thumbnail-width":100,"woocommerce_gallery_thumbnail-height":100}}],"varvikood":false,"varvid-native":false,"varvid-stedman":false,"varvikood-neutral":581,"varvid-sols":false,"midoceani_varvid":false,"purewaste":false,"beechfield-varvid":false,"bagbase":false,"mepal":false},{"pildid":[{"ID":20943,"id":20943,"title":"R61050_NAV_1024x1024","filename":"R61050_NAV_1024x1024.webp","filesize":12832,"url":"https:\/\/kind.ee\/wp-content\/uploads\/2024\/03\/R61050_NAV_1024x1024.webp","link":"https:\/\/kind.ee\/et\/?attachment_id=20943","alt":"","author":"1","description":"","caption":"","name":"r61050_nav_1024x1024","status":"inherit","uploaded_to":20938,"date":"2024-03-21 17:21:26","modified":"2024-03-21 17:21:31","menu_order":0,"mime_type":"image\/webp","type":"image","subtype":"webp","icon":"https:\/\/kind.ee\/wp-includes\/images\/media\/default.png","width":1024,"height":1024,"sizes":{"thumbnail":"https:\/\/kind.ee\/wp-content\/uploads\/2024\/03\/R61050_NAV_1024x1024-150x150.webp","thumbnail-width":150,"thumbnail-height":150,"medium":"https:\/\/kind.ee\/wp-content\/uploads\/2024\/03\/R61050_NAV_1024x1024-300x300.webp","medium-width":300,"medium-height":300,"medium_large":"https:\/\/kind.ee\/wp-content\/uploads\/2024\/03\/R61050_NAV_1024x1024-768x768.webp","medium_large-width":768,"medium_large-height":768,"large":"https:\/\/kind.ee\/wp-content\/uploads\/2024\/03\/R61050_NAV_1024x1024.webp","large-width":1024,"large-height":1024,"1536x1536":"https:\/\/kind.ee\/wp-content\/uploads\/2024\/03\/R61050_NAV_1024x1024.webp","1536x1536-width":1024,"1536x1536-height":1024,"2048x2048":"https:\/\/kind.ee\/wp-content\/uploads\/2024\/03\/R61050_NAV_1024x1024.webp","2048x2048-width":1024,"2048x2048-height":1024,"galerii_large":"https:\/\/kind.ee\/wp-content\/uploads\/2024\/03\/R61050_NAV_1024x1024-800x800.webp","galerii_large-width":800,"galerii_large-height":800,"galerii_large_retina":"https:\/\/kind.ee\/wp-content\/uploads\/2024\/03\/R61050_NAV_1024x1024.webp","galerii_large_retina-width":1024,"galerii_large_retina-height":1024,"woocommerce_thumbnail":"https:\/\/kind.ee\/wp-content\/uploads\/2024\/03\/R61050_NAV_1024x1024-300x300.webp","woocommerce_thumbnail-width":300,"woocommerce_thumbnail-height":300,"woocommerce_single":"https:\/\/kind.ee\/wp-content\/uploads\/2024\/03\/R61050_NAV_1024x1024-600x600.webp","woocommerce_single-width":600,"woocommerce_single-height":600,"woocommerce_gallery_thumbnail":"https:\/\/kind.ee\/wp-content\/uploads\/2024\/03\/R61050_NAV_1024x1024-100x100.webp","woocommerce_gallery_thumbnail-width":100,"woocommerce_gallery_thumbnail-height":100}}],"varvikood":false,"varvid-native":false,"varvid-stedman":false,"varvikood-neutral":585,"varvid-sols":false,"midoceani_varvid":false,"purewaste":false,"beechfield-varvid":false,"bagbase":false,"mepal":false},{"pildid":[{"ID":20945,"id":20945,"title":"R61050_DMINT_1024x1024","filename":"R61050_DMINT_1024x1024.webp","filesize":18632,"url":"https:\/\/kind.ee\/wp-content\/uploads\/2024\/03\/R61050_DMINT_1024x1024.webp","link":"https:\/\/kind.ee\/et\/?attachment_id=20945","alt":"","author":"1","description":"","caption":"","name":"r61050_dmint_1024x1024","status":"inherit","uploaded_to":20938,"date":"2024-03-21 17:21:38","modified":"2024-03-21 17:21:43","menu_order":0,"mime_type":"image\/webp","type":"image","subtype":"webp","icon":"https:\/\/kind.ee\/wp-includes\/images\/media\/default.png","width":1024,"height":1024,"sizes":{"thumbnail":"https:\/\/kind.ee\/wp-content\/uploads\/2024\/03\/R61050_DMINT_1024x1024-150x150.webp","thumbnail-width":150,"thumbnail-height":150,"medium":"https:\/\/kind.ee\/wp-content\/uploads\/2024\/03\/R61050_DMINT_1024x1024-300x300.webp","medium-width":300,"medium-height":300,"medium_large":"https:\/\/kind.ee\/wp-content\/uploads\/2024\/03\/R61050_DMINT_1024x1024-768x768.webp","medium_large-width":768,"medium_large-height":768,"large":"https:\/\/kind.ee\/wp-content\/uploads\/2024\/03\/R61050_DMINT_1024x1024.webp","large-width":1024,"large-height":1024,"1536x1536":"https:\/\/kind.ee\/wp-content\/uploads\/2024\/03\/R61050_DMINT_1024x1024.webp","1536x1536-width":1024,"1536x1536-height":1024,"2048x2048":"https:\/\/kind.ee\/wp-content\/uploads\/2024\/03\/R61050_DMINT_1024x1024.webp","2048x2048-width":1024,"2048x2048-height":1024,"galerii_large":"https:\/\/kind.ee\/wp-content\/uploads\/2024\/03\/R61050_DMINT_1024x1024-800x800.webp","galerii_large-width":800,"galerii_large-height":800,"galerii_large_retina":"https:\/\/kind.ee\/wp-content\/uploads\/2024\/03\/R61050_DMINT_1024x1024.webp","galerii_large_retina-width":1024,"galerii_large_retina-height":1024,"woocommerce_thumbnail":"https:\/\/kind.ee\/wp-content\/uploads\/2024\/03\/R61050_DMINT_1024x1024-300x300.webp","woocommerce_thumbnail-width":300,"woocommerce_thumbnail-height":300,"woocommerce_single":"https:\/\/kind.ee\/wp-content\/uploads\/2024\/03\/R61050_DMINT_1024x1024-600x600.webp","woocommerce_single-width":600,"woocommerce_single-height":600,"woocommerce_gallery_thumbnail":"https:\/\/kind.ee\/wp-content\/uploads\/2024\/03\/R61050_DMINT_1024x1024-100x100.webp","woocommerce_gallery_thumbnail-width":100,"woocommerce_gallery_thumbnail-height":100}}],"varvikood":false,"varvid-native":false,"varvid-stedman":false,"varvikood-neutral":559,"varvid-sols":false,"midoceani_varvid":false,"purewaste":false,"beechfield-varvid":false,"bagbase":false,"mepal":false},{"pildid":[{"ID":20947,"id":20947,"title":"R61050_LIME_1024x1024","filename":"R61050_LIME_1024x1024.webp","filesize":20150,"url":"https:\/\/kind.ee\/wp-content\/uploads\/2024\/03\/R61050_LIME_1024x1024.webp","link":"https:\/\/kind.ee\/et\/?attachment_id=20947","alt":"","author":"1","description":"","caption":"","name":"r61050_lime_1024x1024","status":"inherit","uploaded_to":20938,"date":"2024-03-21 17:21:50","modified":"2024-03-21 17:21:54","menu_order":0,"mime_type":"image\/webp","type":"image","subtype":"webp","icon":"https:\/\/kind.ee\/wp-includes\/images\/media\/default.png","width":1024,"height":1024,"sizes":{"thumbnail":"https:\/\/kind.ee\/wp-content\/uploads\/2024\/03\/R61050_LIME_1024x1024-150x150.webp","thumbnail-width":150,"thumbnail-height":150,"medium":"https:\/\/kind.ee\/wp-content\/uploads\/2024\/03\/R61050_LIME_1024x1024-300x300.webp","medium-width":300,"medium-height":300,"medium_large":"https:\/\/kind.ee\/wp-content\/uploads\/2024\/03\/R61050_LIME_1024x1024-768x768.webp","medium_large-width":768,"medium_large-height":768,"large":"https:\/\/kind.ee\/wp-content\/uploads\/2024\/03\/R61050_LIME_1024x1024.webp","large-width":1024,"large-height":1024,"1536x1536":"https:\/\/kind.ee\/wp-content\/uploads\/2024\/03\/R61050_LIME_1024x1024.webp","1536x1536-width":1024,"1536x1536-height":1024,"2048x2048":"https:\/\/kind.ee\/wp-content\/uploads\/2024\/03\/R61050_LIME_1024x1024.webp","2048x2048-width":1024,"2048x2048-height":1024,"galerii_large":"https:\/\/kind.ee\/wp-content\/uploads\/2024\/03\/R61050_LIME_1024x1024-800x800.webp","galerii_large-width":800,"galerii_large-height":800,"galerii_large_retina":"https:\/\/kind.ee\/wp-content\/uploads\/2024\/03\/R61050_LIME_1024x1024.webp","galerii_large_retina-width":1024,"galerii_large_retina-height":1024,"woocommerce_thumbnail":"https:\/\/kind.ee\/wp-content\/uploads\/2024\/03\/R61050_LIME_1024x1024-300x300.webp","woocommerce_thumbnail-width":300,"woocommerce_thumbnail-height":300,"woocommerce_single":"https:\/\/kind.ee\/wp-content\/uploads\/2024\/03\/R61050_LIME_1024x1024-600x600.webp","woocommerce_single-width":600,"woocommerce_single-height":600,"woocommerce_gallery_thumbnail":"https:\/\/kind.ee\/wp-content\/uploads\/2024\/03\/R61050_LIME_1024x1024-100x100.webp","woocommerce_gallery_thumbnail-width":100,"woocommerce_gallery_thumbnail-height":100}}],"varvikood":false,"varvid-native":false,"varvid-stedman":false,"varvikood-neutral":564,"varvid-sols":false,"midoceani_varvid":false,"purewaste":false,"beechfield-varvid":false,"bagbase":false,"mepal":false},{"pildid":[{"ID":20949,"id":20949,"title":"R61050_YEL_1024x1024","filename":"R61050_YEL_1024x1024.webp","filesize":19100,"url":"https:\/\/kind.ee\/wp-content\/uploads\/2024\/03\/R61050_YEL_1024x1024.webp","link":"https:\/\/kind.ee\/et\/?attachment_id=20949","alt":"","author":"1","description":"","caption":"","name":"r61050_yel_1024x1024","status":"inherit","uploaded_to":20938,"date":"2024-03-21 17:22:04","modified":"2024-03-21 17:22:07","menu_order":0,"mime_type":"image\/webp","type":"image","subtype":"webp","icon":"https:\/\/kind.ee\/wp-includes\/images\/media\/default.png","width":1024,"height":1024,"sizes":{"thumbnail":"https:\/\/kind.ee\/wp-content\/uploads\/2024\/03\/R61050_YEL_1024x1024-150x150.webp","thumbnail-width":150,"thumbnail-height":150,"medium":"https:\/\/kind.ee\/wp-content\/uploads\/2024\/03\/R61050_YEL_1024x1024-300x300.webp","medium-width":300,"medium-height":300,"medium_large":"https:\/\/kind.ee\/wp-content\/uploads\/2024\/03\/R61050_YEL_1024x1024-768x768.webp","medium_large-width":768,"medium_large-height":768,"large":"https:\/\/kind.ee\/wp-content\/uploads\/2024\/03\/R61050_YEL_1024x1024.webp","large-width":1024,"large-height":1024,"1536x1536":"https:\/\/kind.ee\/wp-content\/uploads\/2024\/03\/R61050_YEL_1024x1024.webp","1536x1536-width":1024,"1536x1536-height":1024,"2048x2048":"https:\/\/kind.ee\/wp-content\/uploads\/2024\/03\/R61050_YEL_1024x1024.webp","2048x2048-width":1024,"2048x2048-height":1024,"galerii_large":"https:\/\/kind.ee\/wp-content\/uploads\/2024\/03\/R61050_YEL_1024x1024-800x800.webp","galerii_large-width":800,"galerii_large-height":800,"galerii_large_retina":"https:\/\/kind.ee\/wp-content\/uploads\/2024\/03\/R61050_YEL_1024x1024.webp","galerii_large_retina-width":1024,"galerii_large_retina-height":1024,"woocommerce_thumbnail":"https:\/\/kind.ee\/wp-content\/uploads\/2024\/03\/R61050_YEL_1024x1024-300x300.webp","woocommerce_thumbnail-width":300,"woocommerce_thumbnail-height":300,"woocommerce_single":"https:\/\/kind.ee\/wp-content\/uploads\/2024\/03\/R61050_YEL_1024x1024-600x600.webp","woocommerce_single-width":600,"woocommerce_single-height":600,"woocommerce_gallery_thumbnail":"https:\/\/kind.ee\/wp-content\/uploads\/2024\/03\/R61050_YEL_1024x1024-100x100.webp","woocommerce_gallery_thumbnail-width":100,"woocommerce_gallery_thumbnail-height":100}}],"varvikood":false,"varvid-native":false,"varvid-stedman":false,"varvikood-neutral":563,"varvid-sols":false,"midoceani_varvid":false,"purewaste":false,"beechfield-varvid":false,"bagbase":false,"mepal":false}],"tooteinfo":"Pikkade varrukatega T-s\u00e4rk Quick Wick funktsiooniga. P\u00f6\u00f6rdkaelus kahekihilise elastaanribiga ja kaela sisek\u00fcljel teibiga. \u00d5lgadel, varrukatel ja all\u00e4\u00e4res on tasapinnalised \u00f5mblused, kerge.","materjal":"","varvus":""},"_links":{"self":[{"href":"https:\/\/kind.ee\/et\/wp-json\/wp\/v2\/product\/20938","targetHints":{"allow":["GET"]}}],"collection":[{"href":"https:\/\/kind.ee\/et\/wp-json\/wp\/v2\/product"}],"about":[{"href":"https:\/\/kind.ee\/et\/wp-json\/wp\/v2\/types\/product"}],"wp:featuredmedia":[{"embeddable":true,"href":"https:\/\/kind.ee\/et\/wp-json\/wp\/v2\/media\/20949"}],"wp:attachment":[{"href":"https:\/\/kind.ee\/et\/wp-json\/wp\/v2\/media?parent=20938"}],"wp:term":[{"taxonomy":"product_brand","embeddable":true,"href":"https:\/\/kind.ee\/et\/wp-json\/wp\/v2\/product_brand?post=20938"},{"taxonomy":"product_cat","embeddable":true,"href":"https:\/\/kind.ee\/et\/wp-json\/wp\/v2\/product_cat?post=20938"},{"taxonomy":"product_tag","embeddable":true,"href":"https:\/\/kind.ee\/et\/wp-json\/wp\/v2\/product_tag?post=20938"}],"curies":[{"name":"wp","href":"https:\/\/api.w.org\/{rel}","templated":true}]}}