{"id":20925,"date":"2025-06-15T17:31:33","date_gmt":"2025-06-15T17:31:33","guid":{"rendered":"https:\/\/kind.ee\/?post_type=product&#038;p=20925"},"modified":"2026-03-06T16:53:21","modified_gmt":"2026-03-06T16:53:21","slug":"laste-sportlik-t-sark-neutral","status":"publish","type":"product","link":"https:\/\/kind.ee\/et\/toode\/laste-sportlik-t-sark-neutral\/","title":{"rendered":"laste sportlik t-s\u00e4rk Neutral"},"content":{"rendered":"","protected":false},"excerpt":{"rendered":"","protected":false},"featured_media":20932,"template":"","meta":[],"product_brand":[],"product_cat":[263,259],"product_tag":[],"class_list":{"0":"post-20925","1":"product","2":"type-product","3":"status-publish","4":"has-post-thumbnail","6":"product_cat-riided","7":"product_cat-t-sargid","9":"first","10":"instock","11":"shipping-taxable","12":"purchasable","13":"product-type-simple"},"acf":{"muugi_argumendid":["unisex stiilis","laos olemas","taaskasutatud materjalist"],"sertifikaadid":["Recycled Material","EU Ecolabel","OEKO-Tex"],"season":[],"loige":"","suuruste_tabel":{"ID":38572,"id":38572,"title":"laste-suurustabel","filename":"laste-suurustabel-1.jpg","filesize":26068,"url":"https:\/\/kind.ee\/wp-content\/uploads\/2025\/06\/laste-suurustabel-1.jpg","link":"https:\/\/kind.ee\/et\/?attachment_id=38572","alt":"","author":"4","description":"","caption":"","name":"laste-suurustabel-6","status":"inherit","uploaded_to":20925,"date":"2026-02-19 23:13:45","modified":"2026-02-19 23:13:45","menu_order":0,"mime_type":"image\/jpeg","type":"image","subtype":"jpeg","icon":"https:\/\/kind.ee\/wp-includes\/images\/media\/default.png","width":1024,"height":279,"sizes":{"thumbnail":"https:\/\/kind.ee\/wp-content\/uploads\/2025\/06\/laste-suurustabel-1-150x150.jpg","thumbnail-width":150,"thumbnail-height":150,"medium":"https:\/\/kind.ee\/wp-content\/uploads\/2025\/06\/laste-suurustabel-1-300x82.jpg","medium-width":300,"medium-height":82,"medium_large":"https:\/\/kind.ee\/wp-content\/uploads\/2025\/06\/laste-suurustabel-1-768x209.jpg","medium_large-width":768,"medium_large-height":209,"large":"https:\/\/kind.ee\/wp-content\/uploads\/2025\/06\/laste-suurustabel-1.jpg","large-width":1024,"large-height":279,"1536x1536":"https:\/\/kind.ee\/wp-content\/uploads\/2025\/06\/laste-suurustabel-1.jpg","1536x1536-width":1024,"1536x1536-height":279,"2048x2048":"https:\/\/kind.ee\/wp-content\/uploads\/2025\/06\/laste-suurustabel-1.jpg","2048x2048-width":1024,"2048x2048-height":279,"galerii_large":"https:\/\/kind.ee\/wp-content\/uploads\/2025\/06\/laste-suurustabel-1-800x218.jpg","galerii_large-width":800,"galerii_large-height":218,"galerii_large_retina":"https:\/\/kind.ee\/wp-content\/uploads\/2025\/06\/laste-suurustabel-1.jpg","galerii_large_retina-width":1024,"galerii_large_retina-height":279,"woocommerce_thumbnail":"https:\/\/kind.ee\/wp-content\/uploads\/2025\/06\/laste-suurustabel-1-300x279.jpg","woocommerce_thumbnail-width":300,"woocommerce_thumbnail-height":279,"woocommerce_single":"https:\/\/kind.ee\/wp-content\/uploads\/2025\/06\/laste-suurustabel-1-600x163.jpg","woocommerce_single-width":600,"woocommerce_single-height":163,"woocommerce_gallery_thumbnail":"https:\/\/kind.ee\/wp-content\/uploads\/2025\/06\/laste-suurustabel-1-100x100.jpg","woocommerce_gallery_thumbnail-width":100,"woocommerce_gallery_thumbnail-height":100}},"paksus":"155","min_kogus":"5","kangas":"","kanga-info":"100% taaskasutatud pol\u00fcester, kanga paksus 155 g\/m2","mootmed":"","toote_pildid_varvide_kaupa":[{"pildid":[{"ID":39741,"id":39741,"title":"R30001_Recycled_Kids_Performance_T-shirt_0392_1024x1024","filename":"R30001_Recycled_Kids_Performance_T-shirt_0392_1024x1024-e1772815989176.webp","filesize":48976,"url":"https:\/\/kind.ee\/wp-content\/uploads\/2025\/06\/R30001_Recycled_Kids_Performance_T-shirt_0392_1024x1024-e1772815989176.webp","link":"https:\/\/kind.ee\/et\/?attachment_id=39741","alt":"","author":"4","description":"","caption":"","name":"r30001_recycled_kids_performance_t-shirt_0392_1024x1024","status":"inherit","uploaded_to":20925,"date":"2026-03-06 16:52:24","modified":"2026-03-06 16:53:11","menu_order":0,"mime_type":"image\/webp","type":"image","subtype":"webp","icon":"https:\/\/kind.ee\/wp-includes\/images\/media\/default.png","width":683,"height":715,"sizes":{"thumbnail":"https:\/\/kind.ee\/wp-content\/uploads\/2025\/06\/R30001_Recycled_Kids_Performance_T-shirt_0392_1024x1024-e1772815989176-150x150.webp","thumbnail-width":150,"thumbnail-height":150,"medium":"https:\/\/kind.ee\/wp-content\/uploads\/2025\/06\/R30001_Recycled_Kids_Performance_T-shirt_0392_1024x1024-e1772815989176-287x300.webp","medium-width":287,"medium-height":300,"medium_large":"https:\/\/kind.ee\/wp-content\/uploads\/2025\/06\/R30001_Recycled_Kids_Performance_T-shirt_0392_1024x1024-e1772815989176.webp","medium_large-width":683,"medium_large-height":715,"large":"https:\/\/kind.ee\/wp-content\/uploads\/2025\/06\/R30001_Recycled_Kids_Performance_T-shirt_0392_1024x1024-e1772815989176.webp","large-width":683,"large-height":715,"1536x1536":"https:\/\/kind.ee\/wp-content\/uploads\/2025\/06\/R30001_Recycled_Kids_Performance_T-shirt_0392_1024x1024-e1772815989176.webp","1536x1536-width":683,"1536x1536-height":715,"2048x2048":"https:\/\/kind.ee\/wp-content\/uploads\/2025\/06\/R30001_Recycled_Kids_Performance_T-shirt_0392_1024x1024-e1772815989176.webp","2048x2048-width":683,"2048x2048-height":715,"galerii_large":"https:\/\/kind.ee\/wp-content\/uploads\/2025\/06\/R30001_Recycled_Kids_Performance_T-shirt_0392_1024x1024-e1772815989176.webp","galerii_large-width":683,"galerii_large-height":715,"galerii_large_retina":"https:\/\/kind.ee\/wp-content\/uploads\/2025\/06\/R30001_Recycled_Kids_Performance_T-shirt_0392_1024x1024-e1772815989176.webp","galerii_large_retina-width":683,"galerii_large_retina-height":715,"woocommerce_thumbnail":"https:\/\/kind.ee\/wp-content\/uploads\/2025\/06\/R30001_Recycled_Kids_Performance_T-shirt_0392_1024x1024-e1772815989176-300x300.webp","woocommerce_thumbnail-width":300,"woocommerce_thumbnail-height":300,"woocommerce_single":"https:\/\/kind.ee\/wp-content\/uploads\/2025\/06\/R30001_Recycled_Kids_Performance_T-shirt_0392_1024x1024-e1772815989176-600x628.webp","woocommerce_single-width":600,"woocommerce_single-height":628,"woocommerce_gallery_thumbnail":"https:\/\/kind.ee\/wp-content\/uploads\/2025\/06\/R30001_Recycled_Kids_Performance_T-shirt_0392_1024x1024-e1772815989176-100x100.webp","woocommerce_gallery_thumbnail-width":100,"woocommerce_gallery_thumbnail-height":100}},{"ID":20926,"id":20926,"title":"R30001_WHI_1024x1024","filename":"R30001_WHI_1024x1024.webp","filesize":9348,"url":"https:\/\/kind.ee\/wp-content\/uploads\/2024\/03\/R30001_WHI_1024x1024.webp","link":"https:\/\/kind.ee\/et\/?attachment_id=20926","alt":"","author":"1","description":"","caption":"","name":"r30001_whi_1024x1024","status":"inherit","uploaded_to":20925,"date":"2024-03-21 17:12:02","modified":"2024-03-21 17:12:07","menu_order":0,"mime_type":"image\/webp","type":"image","subtype":"webp","icon":"https:\/\/kind.ee\/wp-includes\/images\/media\/default.png","width":1024,"height":1024,"sizes":{"thumbnail":"https:\/\/kind.ee\/wp-content\/uploads\/2024\/03\/R30001_WHI_1024x1024-150x150.webp","thumbnail-width":150,"thumbnail-height":150,"medium":"https:\/\/kind.ee\/wp-content\/uploads\/2024\/03\/R30001_WHI_1024x1024-300x300.webp","medium-width":300,"medium-height":300,"medium_large":"https:\/\/kind.ee\/wp-content\/uploads\/2024\/03\/R30001_WHI_1024x1024-768x768.webp","medium_large-width":768,"medium_large-height":768,"large":"https:\/\/kind.ee\/wp-content\/uploads\/2024\/03\/R30001_WHI_1024x1024.webp","large-width":1024,"large-height":1024,"1536x1536":"https:\/\/kind.ee\/wp-content\/uploads\/2024\/03\/R30001_WHI_1024x1024.webp","1536x1536-width":1024,"1536x1536-height":1024,"2048x2048":"https:\/\/kind.ee\/wp-content\/uploads\/2024\/03\/R30001_WHI_1024x1024.webp","2048x2048-width":1024,"2048x2048-height":1024,"galerii_large":"https:\/\/kind.ee\/wp-content\/uploads\/2024\/03\/R30001_WHI_1024x1024-800x800.webp","galerii_large-width":800,"galerii_large-height":800,"galerii_large_retina":"https:\/\/kind.ee\/wp-content\/uploads\/2024\/03\/R30001_WHI_1024x1024.webp","galerii_large_retina-width":1024,"galerii_large_retina-height":1024,"woocommerce_thumbnail":"https:\/\/kind.ee\/wp-content\/uploads\/2024\/03\/R30001_WHI_1024x1024-300x300.webp","woocommerce_thumbnail-width":300,"woocommerce_thumbnail-height":300,"woocommerce_single":"https:\/\/kind.ee\/wp-content\/uploads\/2024\/03\/R30001_WHI_1024x1024-600x600.webp","woocommerce_single-width":600,"woocommerce_single-height":600,"woocommerce_gallery_thumbnail":"https:\/\/kind.ee\/wp-content\/uploads\/2024\/03\/R30001_WHI_1024x1024-100x100.webp","woocommerce_gallery_thumbnail-width":100,"woocommerce_gallery_thumbnail-height":100}}],"varvikood":false,"varvid-native":false,"varvid-stedman":false,"varvikood-neutral":556,"varvid-sols":false,"midoceani_varvid":false,"purewaste":false,"beechfield-varvid":false,"bagbase":false,"mepal":false},{"pildid":[{"ID":20928,"id":20928,"title":"R30001_BLA_1024x1024","filename":"R30001_BLA_1024x1024.webp","filesize":9992,"url":"https:\/\/kind.ee\/wp-content\/uploads\/2024\/03\/R30001_BLA_1024x1024.webp","link":"https:\/\/kind.ee\/et\/?attachment_id=20928","alt":"","author":"1","description":"","caption":"","name":"r30001_bla_1024x1024","status":"inherit","uploaded_to":20925,"date":"2024-03-21 17:12:14","modified":"2024-03-21 17:12:18","menu_order":0,"mime_type":"image\/webp","type":"image","subtype":"webp","icon":"https:\/\/kind.ee\/wp-includes\/images\/media\/default.png","width":1024,"height":1024,"sizes":{"thumbnail":"https:\/\/kind.ee\/wp-content\/uploads\/2024\/03\/R30001_BLA_1024x1024-150x150.webp","thumbnail-width":150,"thumbnail-height":150,"medium":"https:\/\/kind.ee\/wp-content\/uploads\/2024\/03\/R30001_BLA_1024x1024-300x300.webp","medium-width":300,"medium-height":300,"medium_large":"https:\/\/kind.ee\/wp-content\/uploads\/2024\/03\/R30001_BLA_1024x1024-768x768.webp","medium_large-width":768,"medium_large-height":768,"large":"https:\/\/kind.ee\/wp-content\/uploads\/2024\/03\/R30001_BLA_1024x1024.webp","large-width":1024,"large-height":1024,"1536x1536":"https:\/\/kind.ee\/wp-content\/uploads\/2024\/03\/R30001_BLA_1024x1024.webp","1536x1536-width":1024,"1536x1536-height":1024,"2048x2048":"https:\/\/kind.ee\/wp-content\/uploads\/2024\/03\/R30001_BLA_1024x1024.webp","2048x2048-width":1024,"2048x2048-height":1024,"galerii_large":"https:\/\/kind.ee\/wp-content\/uploads\/2024\/03\/R30001_BLA_1024x1024-800x800.webp","galerii_large-width":800,"galerii_large-height":800,"galerii_large_retina":"https:\/\/kind.ee\/wp-content\/uploads\/2024\/03\/R30001_BLA_1024x1024.webp","galerii_large_retina-width":1024,"galerii_large_retina-height":1024,"woocommerce_thumbnail":"https:\/\/kind.ee\/wp-content\/uploads\/2024\/03\/R30001_BLA_1024x1024-300x300.webp","woocommerce_thumbnail-width":300,"woocommerce_thumbnail-height":300,"woocommerce_single":"https:\/\/kind.ee\/wp-content\/uploads\/2024\/03\/R30001_BLA_1024x1024-600x600.webp","woocommerce_single-width":600,"woocommerce_single-height":600,"woocommerce_gallery_thumbnail":"https:\/\/kind.ee\/wp-content\/uploads\/2024\/03\/R30001_BLA_1024x1024-100x100.webp","woocommerce_gallery_thumbnail-width":100,"woocommerce_gallery_thumbnail-height":100}}],"varvikood":false,"varvid-native":false,"varvid-stedman":false,"varvikood-neutral":581,"varvid-sols":false,"midoceani_varvid":false,"purewaste":false,"beechfield-varvid":false,"bagbase":false,"mepal":false},{"pildid":[{"ID":20930,"id":20930,"title":"R30001_NAV_1024x1024","filename":"R30001_NAV_1024x1024.webp","filesize":11036,"url":"https:\/\/kind.ee\/wp-content\/uploads\/2024\/03\/R30001_NAV_1024x1024.webp","link":"https:\/\/kind.ee\/et\/?attachment_id=20930","alt":"","author":"1","description":"","caption":"","name":"r30001_nav_1024x1024","status":"inherit","uploaded_to":20925,"date":"2024-03-21 17:12:25","modified":"2024-03-21 17:12:30","menu_order":0,"mime_type":"image\/webp","type":"image","subtype":"webp","icon":"https:\/\/kind.ee\/wp-includes\/images\/media\/default.png","width":1024,"height":1024,"sizes":{"thumbnail":"https:\/\/kind.ee\/wp-content\/uploads\/2024\/03\/R30001_NAV_1024x1024-150x150.webp","thumbnail-width":150,"thumbnail-height":150,"medium":"https:\/\/kind.ee\/wp-content\/uploads\/2024\/03\/R30001_NAV_1024x1024-300x300.webp","medium-width":300,"medium-height":300,"medium_large":"https:\/\/kind.ee\/wp-content\/uploads\/2024\/03\/R30001_NAV_1024x1024-768x768.webp","medium_large-width":768,"medium_large-height":768,"large":"https:\/\/kind.ee\/wp-content\/uploads\/2024\/03\/R30001_NAV_1024x1024.webp","large-width":1024,"large-height":1024,"1536x1536":"https:\/\/kind.ee\/wp-content\/uploads\/2024\/03\/R30001_NAV_1024x1024.webp","1536x1536-width":1024,"1536x1536-height":1024,"2048x2048":"https:\/\/kind.ee\/wp-content\/uploads\/2024\/03\/R30001_NAV_1024x1024.webp","2048x2048-width":1024,"2048x2048-height":1024,"galerii_large":"https:\/\/kind.ee\/wp-content\/uploads\/2024\/03\/R30001_NAV_1024x1024-800x800.webp","galerii_large-width":800,"galerii_large-height":800,"galerii_large_retina":"https:\/\/kind.ee\/wp-content\/uploads\/2024\/03\/R30001_NAV_1024x1024.webp","galerii_large_retina-width":1024,"galerii_large_retina-height":1024,"woocommerce_thumbnail":"https:\/\/kind.ee\/wp-content\/uploads\/2024\/03\/R30001_NAV_1024x1024-300x300.webp","woocommerce_thumbnail-width":300,"woocommerce_thumbnail-height":300,"woocommerce_single":"https:\/\/kind.ee\/wp-content\/uploads\/2024\/03\/R30001_NAV_1024x1024-600x600.webp","woocommerce_single-width":600,"woocommerce_single-height":600,"woocommerce_gallery_thumbnail":"https:\/\/kind.ee\/wp-content\/uploads\/2024\/03\/R30001_NAV_1024x1024-100x100.webp","woocommerce_gallery_thumbnail-width":100,"woocommerce_gallery_thumbnail-height":100}}],"varvikood":false,"varvid-native":false,"varvid-stedman":false,"varvikood-neutral":585,"varvid-sols":false,"midoceani_varvid":false,"purewaste":false,"beechfield-varvid":false,"bagbase":false,"mepal":false},{"pildid":[{"ID":20932,"id":20932,"title":"R30001_DMINT_1024x1024","filename":"R30001_DMINT_1024x1024.webp","filesize":18118,"url":"https:\/\/kind.ee\/wp-content\/uploads\/2024\/03\/R30001_DMINT_1024x1024.webp","link":"https:\/\/kind.ee\/et\/?attachment_id=20932","alt":"","author":"1","description":"","caption":"","name":"r30001_dmint_1024x1024","status":"inherit","uploaded_to":20925,"date":"2024-03-21 17:12:37","modified":"2024-03-21 17:12:42","menu_order":0,"mime_type":"image\/webp","type":"image","subtype":"webp","icon":"https:\/\/kind.ee\/wp-includes\/images\/media\/default.png","width":1024,"height":1024,"sizes":{"thumbnail":"https:\/\/kind.ee\/wp-content\/uploads\/2024\/03\/R30001_DMINT_1024x1024-150x150.webp","thumbnail-width":150,"thumbnail-height":150,"medium":"https:\/\/kind.ee\/wp-content\/uploads\/2024\/03\/R30001_DMINT_1024x1024-300x300.webp","medium-width":300,"medium-height":300,"medium_large":"https:\/\/kind.ee\/wp-content\/uploads\/2024\/03\/R30001_DMINT_1024x1024-768x768.webp","medium_large-width":768,"medium_large-height":768,"large":"https:\/\/kind.ee\/wp-content\/uploads\/2024\/03\/R30001_DMINT_1024x1024.webp","large-width":1024,"large-height":1024,"1536x1536":"https:\/\/kind.ee\/wp-content\/uploads\/2024\/03\/R30001_DMINT_1024x1024.webp","1536x1536-width":1024,"1536x1536-height":1024,"2048x2048":"https:\/\/kind.ee\/wp-content\/uploads\/2024\/03\/R30001_DMINT_1024x1024.webp","2048x2048-width":1024,"2048x2048-height":1024,"galerii_large":"https:\/\/kind.ee\/wp-content\/uploads\/2024\/03\/R30001_DMINT_1024x1024-800x800.webp","galerii_large-width":800,"galerii_large-height":800,"galerii_large_retina":"https:\/\/kind.ee\/wp-content\/uploads\/2024\/03\/R30001_DMINT_1024x1024.webp","galerii_large_retina-width":1024,"galerii_large_retina-height":1024,"woocommerce_thumbnail":"https:\/\/kind.ee\/wp-content\/uploads\/2024\/03\/R30001_DMINT_1024x1024-300x300.webp","woocommerce_thumbnail-width":300,"woocommerce_thumbnail-height":300,"woocommerce_single":"https:\/\/kind.ee\/wp-content\/uploads\/2024\/03\/R30001_DMINT_1024x1024-600x600.webp","woocommerce_single-width":600,"woocommerce_single-height":600,"woocommerce_gallery_thumbnail":"https:\/\/kind.ee\/wp-content\/uploads\/2024\/03\/R30001_DMINT_1024x1024-100x100.webp","woocommerce_gallery_thumbnail-width":100,"woocommerce_gallery_thumbnail-height":100}}],"varvikood":false,"varvid-native":false,"varvid-stedman":false,"varvikood-neutral":559,"varvid-sols":false,"midoceani_varvid":false,"purewaste":false,"beechfield-varvid":false,"bagbase":false,"mepal":false},{"pildid":[{"ID":20934,"id":20934,"title":"R30001_LIME_1024x1024","filename":"R30001_LIME_1024x1024.webp","filesize":19874,"url":"https:\/\/kind.ee\/wp-content\/uploads\/2024\/03\/R30001_LIME_1024x1024.webp","link":"https:\/\/kind.ee\/et\/?attachment_id=20934","alt":"","author":"1","description":"","caption":"","name":"r30001_lime_1024x1024","status":"inherit","uploaded_to":20925,"date":"2024-03-21 17:12:48","modified":"2024-03-21 17:13:01","menu_order":0,"mime_type":"image\/webp","type":"image","subtype":"webp","icon":"https:\/\/kind.ee\/wp-includes\/images\/media\/default.png","width":1024,"height":1024,"sizes":{"thumbnail":"https:\/\/kind.ee\/wp-content\/uploads\/2024\/03\/R30001_LIME_1024x1024-150x150.webp","thumbnail-width":150,"thumbnail-height":150,"medium":"https:\/\/kind.ee\/wp-content\/uploads\/2024\/03\/R30001_LIME_1024x1024-300x300.webp","medium-width":300,"medium-height":300,"medium_large":"https:\/\/kind.ee\/wp-content\/uploads\/2024\/03\/R30001_LIME_1024x1024-768x768.webp","medium_large-width":768,"medium_large-height":768,"large":"https:\/\/kind.ee\/wp-content\/uploads\/2024\/03\/R30001_LIME_1024x1024.webp","large-width":1024,"large-height":1024,"1536x1536":"https:\/\/kind.ee\/wp-content\/uploads\/2024\/03\/R30001_LIME_1024x1024.webp","1536x1536-width":1024,"1536x1536-height":1024,"2048x2048":"https:\/\/kind.ee\/wp-content\/uploads\/2024\/03\/R30001_LIME_1024x1024.webp","2048x2048-width":1024,"2048x2048-height":1024,"galerii_large":"https:\/\/kind.ee\/wp-content\/uploads\/2024\/03\/R30001_LIME_1024x1024-800x800.webp","galerii_large-width":800,"galerii_large-height":800,"galerii_large_retina":"https:\/\/kind.ee\/wp-content\/uploads\/2024\/03\/R30001_LIME_1024x1024.webp","galerii_large_retina-width":1024,"galerii_large_retina-height":1024,"woocommerce_thumbnail":"https:\/\/kind.ee\/wp-content\/uploads\/2024\/03\/R30001_LIME_1024x1024-300x300.webp","woocommerce_thumbnail-width":300,"woocommerce_thumbnail-height":300,"woocommerce_single":"https:\/\/kind.ee\/wp-content\/uploads\/2024\/03\/R30001_LIME_1024x1024-600x600.webp","woocommerce_single-width":600,"woocommerce_single-height":600,"woocommerce_gallery_thumbnail":"https:\/\/kind.ee\/wp-content\/uploads\/2024\/03\/R30001_LIME_1024x1024-100x100.webp","woocommerce_gallery_thumbnail-width":100,"woocommerce_gallery_thumbnail-height":100}}],"varvikood":false,"varvid-native":false,"varvid-stedman":false,"varvikood-neutral":564,"varvid-sols":false,"midoceani_varvid":false,"purewaste":false,"beechfield-varvid":false,"bagbase":false,"mepal":false},{"pildid":[{"ID":20936,"id":20936,"title":"R30001_YEL_1024x1024","filename":"R30001_YEL_1024x1024.webp","filesize":18208,"url":"https:\/\/kind.ee\/wp-content\/uploads\/2024\/03\/R30001_YEL_1024x1024.webp","link":"https:\/\/kind.ee\/et\/?attachment_id=20936","alt":"","author":"1","description":"","caption":"","name":"r30001_yel_1024x1024","status":"inherit","uploaded_to":20925,"date":"2024-03-21 17:13:13","modified":"2024-03-21 17:13:16","menu_order":0,"mime_type":"image\/webp","type":"image","subtype":"webp","icon":"https:\/\/kind.ee\/wp-includes\/images\/media\/default.png","width":1024,"height":1024,"sizes":{"thumbnail":"https:\/\/kind.ee\/wp-content\/uploads\/2024\/03\/R30001_YEL_1024x1024-150x150.webp","thumbnail-width":150,"thumbnail-height":150,"medium":"https:\/\/kind.ee\/wp-content\/uploads\/2024\/03\/R30001_YEL_1024x1024-300x300.webp","medium-width":300,"medium-height":300,"medium_large":"https:\/\/kind.ee\/wp-content\/uploads\/2024\/03\/R30001_YEL_1024x1024-768x768.webp","medium_large-width":768,"medium_large-height":768,"large":"https:\/\/kind.ee\/wp-content\/uploads\/2024\/03\/R30001_YEL_1024x1024.webp","large-width":1024,"large-height":1024,"1536x1536":"https:\/\/kind.ee\/wp-content\/uploads\/2024\/03\/R30001_YEL_1024x1024.webp","1536x1536-width":1024,"1536x1536-height":1024,"2048x2048":"https:\/\/kind.ee\/wp-content\/uploads\/2024\/03\/R30001_YEL_1024x1024.webp","2048x2048-width":1024,"2048x2048-height":1024,"galerii_large":"https:\/\/kind.ee\/wp-content\/uploads\/2024\/03\/R30001_YEL_1024x1024-800x800.webp","galerii_large-width":800,"galerii_large-height":800,"galerii_large_retina":"https:\/\/kind.ee\/wp-content\/uploads\/2024\/03\/R30001_YEL_1024x1024.webp","galerii_large_retina-width":1024,"galerii_large_retina-height":1024,"woocommerce_thumbnail":"https:\/\/kind.ee\/wp-content\/uploads\/2024\/03\/R30001_YEL_1024x1024-300x300.webp","woocommerce_thumbnail-width":300,"woocommerce_thumbnail-height":300,"woocommerce_single":"https:\/\/kind.ee\/wp-content\/uploads\/2024\/03\/R30001_YEL_1024x1024-600x600.webp","woocommerce_single-width":600,"woocommerce_single-height":600,"woocommerce_gallery_thumbnail":"https:\/\/kind.ee\/wp-content\/uploads\/2024\/03\/R30001_YEL_1024x1024-100x100.webp","woocommerce_gallery_thumbnail-width":100,"woocommerce_gallery_thumbnail-height":100}}],"varvikood":false,"varvid-native":false,"varvid-stedman":false,"varvikood-neutral":563,"varvid-sols":false,"midoceani_varvid":false,"purewaste":false,"beechfield-varvid":false,"bagbase":false,"mepal":false}],"tooteinfo":"Laste t-s\u00e4rk l\u00fchikeste varrukate ja \"Quick Wick\" funktsiooniga. P\u00f6\u00f6rdkaelus kahekihilise elastaanribiga ja kaela sisek\u00fcljel teibiga. \u00d5lgadel, varrukatel ja all\u00e4\u00e4res on tasapinnalised \u00f5mblused.","materjal":"","varvus":""},"_links":{"self":[{"href":"https:\/\/kind.ee\/et\/wp-json\/wp\/v2\/product\/20925","targetHints":{"allow":["GET"]}}],"collection":[{"href":"https:\/\/kind.ee\/et\/wp-json\/wp\/v2\/product"}],"about":[{"href":"https:\/\/kind.ee\/et\/wp-json\/wp\/v2\/types\/product"}],"wp:featuredmedia":[{"embeddable":true,"href":"https:\/\/kind.ee\/et\/wp-json\/wp\/v2\/media\/20932"}],"wp:attachment":[{"href":"https:\/\/kind.ee\/et\/wp-json\/wp\/v2\/media?parent=20925"}],"wp:term":[{"taxonomy":"product_brand","embeddable":true,"href":"https:\/\/kind.ee\/et\/wp-json\/wp\/v2\/product_brand?post=20925"},{"taxonomy":"product_cat","embeddable":true,"href":"https:\/\/kind.ee\/et\/wp-json\/wp\/v2\/product_cat?post=20925"},{"taxonomy":"product_tag","embeddable":true,"href":"https:\/\/kind.ee\/et\/wp-json\/wp\/v2\/product_tag?post=20925"}],"curies":[{"name":"wp","href":"https:\/\/api.w.org\/{rel}","templated":true}]}}