{"id":20908,"date":"2025-06-15T17:31:33","date_gmt":"2025-06-15T17:31:33","guid":{"rendered":"https:\/\/kind.ee\/?post_type=product&#038;p=20908"},"modified":"2026-02-19T23:19:57","modified_gmt":"2026-02-19T23:19:57","slug":"naiste-suur-kleit-t-sark-neutral","status":"publish","type":"product","link":"https:\/\/kind.ee\/et\/toode\/naiste-suur-kleit-t-sark-neutral\/","title":{"rendered":"naiste suur kleit t-s\u00e4rk Neutral"},"content":{"rendered":"","protected":false},"excerpt":{"rendered":"","protected":false},"featured_media":20913,"template":"","meta":[],"product_brand":[],"product_cat":[614,263],"product_tag":[],"class_list":{"0":"post-20908","1":"product","2":"type-product","3":"status-publish","4":"has-post-thumbnail","6":"product_cat-kleit","7":"product_cat-riided","9":"first","10":"instock","11":"shipping-taxable","12":"purchasable","13":"product-type-simple"},"acf":{"muugi_argumendid":["suur v\u00e4rvivalik","laos olemas","\u00f6kos\u00f5bralik"],"sertifikaadid":["Orgaaniline materjal","EU Ecolabel","Fairtrade","OEKO-Tex"],"season":[],"loige":"","suuruste_tabel":{"ID":38575,"id":38575,"title":"naiste-suurustabel","filename":"naiste-suurustabel-3.jpg","filesize":24576,"url":"https:\/\/kind.ee\/wp-content\/uploads\/2025\/06\/naiste-suurustabel-3.jpg","link":"https:\/\/kind.ee\/et\/?attachment_id=38575","alt":"","author":"4","description":"","caption":"","name":"naiste-suurustabel-10","status":"inherit","uploaded_to":20908,"date":"2026-02-19 23:19:53","modified":"2026-02-19 23:19:53","menu_order":0,"mime_type":"image\/jpeg","type":"image","subtype":"jpeg","icon":"https:\/\/kind.ee\/wp-includes\/images\/media\/default.png","width":1024,"height":295,"sizes":{"thumbnail":"https:\/\/kind.ee\/wp-content\/uploads\/2025\/06\/naiste-suurustabel-3-150x150.jpg","thumbnail-width":150,"thumbnail-height":150,"medium":"https:\/\/kind.ee\/wp-content\/uploads\/2025\/06\/naiste-suurustabel-3-300x86.jpg","medium-width":300,"medium-height":86,"medium_large":"https:\/\/kind.ee\/wp-content\/uploads\/2025\/06\/naiste-suurustabel-3-768x221.jpg","medium_large-width":768,"medium_large-height":221,"large":"https:\/\/kind.ee\/wp-content\/uploads\/2025\/06\/naiste-suurustabel-3.jpg","large-width":1024,"large-height":295,"1536x1536":"https:\/\/kind.ee\/wp-content\/uploads\/2025\/06\/naiste-suurustabel-3.jpg","1536x1536-width":1024,"1536x1536-height":295,"2048x2048":"https:\/\/kind.ee\/wp-content\/uploads\/2025\/06\/naiste-suurustabel-3.jpg","2048x2048-width":1024,"2048x2048-height":295,"galerii_large":"https:\/\/kind.ee\/wp-content\/uploads\/2025\/06\/naiste-suurustabel-3-800x230.jpg","galerii_large-width":800,"galerii_large-height":230,"galerii_large_retina":"https:\/\/kind.ee\/wp-content\/uploads\/2025\/06\/naiste-suurustabel-3.jpg","galerii_large_retina-width":1024,"galerii_large_retina-height":295,"woocommerce_thumbnail":"https:\/\/kind.ee\/wp-content\/uploads\/2025\/06\/naiste-suurustabel-3-300x295.jpg","woocommerce_thumbnail-width":300,"woocommerce_thumbnail-height":295,"woocommerce_single":"https:\/\/kind.ee\/wp-content\/uploads\/2025\/06\/naiste-suurustabel-3-600x173.jpg","woocommerce_single-width":600,"woocommerce_single-height":173,"woocommerce_gallery_thumbnail":"https:\/\/kind.ee\/wp-content\/uploads\/2025\/06\/naiste-suurustabel-3-100x100.jpg","woocommerce_gallery_thumbnail-width":100,"woocommerce_gallery_thumbnail-height":100}},"paksus":"155","min_kogus":"5","kangas":"","kanga-info":"100% orgaaniline puuvill, kanga paksus 155 g\/m2","mootmed":"","toote_pildid_varvide_kaupa":[{"pildid":[{"ID":20909,"id":20909,"title":"1_ca2fb21f-47bc-4f58-9220-91c5ca9381c6_1024x1024","filename":"1_ca2fb21f-47bc-4f58-9220-91c5ca9381c6_1024x1024.webp","filesize":7454,"url":"https:\/\/kind.ee\/wp-content\/uploads\/2024\/03\/1_ca2fb21f-47bc-4f58-9220-91c5ca9381c6_1024x1024.webp","link":"https:\/\/kind.ee\/et\/?attachment_id=20909","alt":"","author":"1","description":"","caption":"","name":"1_ca2fb21f-47bc-4f58-9220-91c5ca9381c6_1024x1024","status":"inherit","uploaded_to":20908,"date":"2024-03-21 17:04:09","modified":"2024-03-21 17:04:14","menu_order":0,"mime_type":"image\/webp","type":"image","subtype":"webp","icon":"https:\/\/kind.ee\/wp-includes\/images\/media\/default.png","width":788,"height":1024,"sizes":{"thumbnail":"https:\/\/kind.ee\/wp-content\/uploads\/2024\/03\/1_ca2fb21f-47bc-4f58-9220-91c5ca9381c6_1024x1024-150x150.webp","thumbnail-width":150,"thumbnail-height":150,"medium":"https:\/\/kind.ee\/wp-content\/uploads\/2024\/03\/1_ca2fb21f-47bc-4f58-9220-91c5ca9381c6_1024x1024-231x300.webp","medium-width":231,"medium-height":300,"medium_large":"https:\/\/kind.ee\/wp-content\/uploads\/2024\/03\/1_ca2fb21f-47bc-4f58-9220-91c5ca9381c6_1024x1024-768x998.webp","medium_large-width":768,"medium_large-height":998,"large":"https:\/\/kind.ee\/wp-content\/uploads\/2024\/03\/1_ca2fb21f-47bc-4f58-9220-91c5ca9381c6_1024x1024.webp","large-width":788,"large-height":1024,"1536x1536":"https:\/\/kind.ee\/wp-content\/uploads\/2024\/03\/1_ca2fb21f-47bc-4f58-9220-91c5ca9381c6_1024x1024.webp","1536x1536-width":788,"1536x1536-height":1024,"2048x2048":"https:\/\/kind.ee\/wp-content\/uploads\/2024\/03\/1_ca2fb21f-47bc-4f58-9220-91c5ca9381c6_1024x1024.webp","2048x2048-width":788,"2048x2048-height":1024,"galerii_large":"https:\/\/kind.ee\/wp-content\/uploads\/2024\/03\/1_ca2fb21f-47bc-4f58-9220-91c5ca9381c6_1024x1024.webp","galerii_large-width":788,"galerii_large-height":1024,"galerii_large_retina":"https:\/\/kind.ee\/wp-content\/uploads\/2024\/03\/1_ca2fb21f-47bc-4f58-9220-91c5ca9381c6_1024x1024.webp","galerii_large_retina-width":788,"galerii_large_retina-height":1024,"woocommerce_thumbnail":"https:\/\/kind.ee\/wp-content\/uploads\/2024\/03\/1_ca2fb21f-47bc-4f58-9220-91c5ca9381c6_1024x1024-300x300.webp","woocommerce_thumbnail-width":300,"woocommerce_thumbnail-height":300,"woocommerce_single":"https:\/\/kind.ee\/wp-content\/uploads\/2024\/03\/1_ca2fb21f-47bc-4f58-9220-91c5ca9381c6_1024x1024-600x780.webp","woocommerce_single-width":600,"woocommerce_single-height":780,"woocommerce_gallery_thumbnail":"https:\/\/kind.ee\/wp-content\/uploads\/2024\/03\/1_ca2fb21f-47bc-4f58-9220-91c5ca9381c6_1024x1024-100x100.webp","woocommerce_gallery_thumbnail-width":100,"woocommerce_gallery_thumbnail-height":100}}],"varvikood":false,"varvid-native":false,"varvid-stedman":false,"varvikood-neutral":556,"varvid-sols":false,"midoceani_varvid":false,"purewaste":false,"beechfield-varvid":false,"bagbase":false,"mepal":false},{"pildid":[{"ID":20911,"id":20911,"title":"2_0e0daa9c-298a-49df-ab6b-fa2bcf452df1_1024x1024","filename":"2_0e0daa9c-298a-49df-ab6b-fa2bcf452df1_1024x1024.webp","filesize":9140,"url":"https:\/\/kind.ee\/wp-content\/uploads\/2024\/03\/2_0e0daa9c-298a-49df-ab6b-fa2bcf452df1_1024x1024.webp","link":"https:\/\/kind.ee\/et\/?attachment_id=20911","alt":"","author":"1","description":"","caption":"","name":"2_0e0daa9c-298a-49df-ab6b-fa2bcf452df1_1024x1024","status":"inherit","uploaded_to":20908,"date":"2024-03-21 17:04:24","modified":"2024-03-21 17:04:37","menu_order":0,"mime_type":"image\/webp","type":"image","subtype":"webp","icon":"https:\/\/kind.ee\/wp-includes\/images\/media\/default.png","width":788,"height":1024,"sizes":{"thumbnail":"https:\/\/kind.ee\/wp-content\/uploads\/2024\/03\/2_0e0daa9c-298a-49df-ab6b-fa2bcf452df1_1024x1024-150x150.webp","thumbnail-width":150,"thumbnail-height":150,"medium":"https:\/\/kind.ee\/wp-content\/uploads\/2024\/03\/2_0e0daa9c-298a-49df-ab6b-fa2bcf452df1_1024x1024-231x300.webp","medium-width":231,"medium-height":300,"medium_large":"https:\/\/kind.ee\/wp-content\/uploads\/2024\/03\/2_0e0daa9c-298a-49df-ab6b-fa2bcf452df1_1024x1024-768x998.webp","medium_large-width":768,"medium_large-height":998,"large":"https:\/\/kind.ee\/wp-content\/uploads\/2024\/03\/2_0e0daa9c-298a-49df-ab6b-fa2bcf452df1_1024x1024.webp","large-width":788,"large-height":1024,"1536x1536":"https:\/\/kind.ee\/wp-content\/uploads\/2024\/03\/2_0e0daa9c-298a-49df-ab6b-fa2bcf452df1_1024x1024.webp","1536x1536-width":788,"1536x1536-height":1024,"2048x2048":"https:\/\/kind.ee\/wp-content\/uploads\/2024\/03\/2_0e0daa9c-298a-49df-ab6b-fa2bcf452df1_1024x1024.webp","2048x2048-width":788,"2048x2048-height":1024,"galerii_large":"https:\/\/kind.ee\/wp-content\/uploads\/2024\/03\/2_0e0daa9c-298a-49df-ab6b-fa2bcf452df1_1024x1024.webp","galerii_large-width":788,"galerii_large-height":1024,"galerii_large_retina":"https:\/\/kind.ee\/wp-content\/uploads\/2024\/03\/2_0e0daa9c-298a-49df-ab6b-fa2bcf452df1_1024x1024.webp","galerii_large_retina-width":788,"galerii_large_retina-height":1024,"woocommerce_thumbnail":"https:\/\/kind.ee\/wp-content\/uploads\/2024\/03\/2_0e0daa9c-298a-49df-ab6b-fa2bcf452df1_1024x1024-300x300.webp","woocommerce_thumbnail-width":300,"woocommerce_thumbnail-height":300,"woocommerce_single":"https:\/\/kind.ee\/wp-content\/uploads\/2024\/03\/2_0e0daa9c-298a-49df-ab6b-fa2bcf452df1_1024x1024-600x780.webp","woocommerce_single-width":600,"woocommerce_single-height":780,"woocommerce_gallery_thumbnail":"https:\/\/kind.ee\/wp-content\/uploads\/2024\/03\/2_0e0daa9c-298a-49df-ab6b-fa2bcf452df1_1024x1024-100x100.webp","woocommerce_gallery_thumbnail-width":100,"woocommerce_gallery_thumbnail-height":100}}],"varvikood":false,"varvid-native":false,"varvid-stedman":false,"varvikood-neutral":581,"varvid-sols":false,"midoceani_varvid":false,"purewaste":false,"beechfield-varvid":false,"bagbase":false,"mepal":false},{"pildid":[{"ID":20913,"id":20913,"title":"3_04493006-607f-4bda-bbc0-63ed33566375_1024x1024","filename":"3_04493006-607f-4bda-bbc0-63ed33566375_1024x1024.webp","filesize":9764,"url":"https:\/\/kind.ee\/wp-content\/uploads\/2024\/03\/3_04493006-607f-4bda-bbc0-63ed33566375_1024x1024.webp","link":"https:\/\/kind.ee\/et\/?attachment_id=20913","alt":"","author":"1","description":"","caption":"","name":"3_04493006-607f-4bda-bbc0-63ed33566375_1024x1024","status":"inherit","uploaded_to":20908,"date":"2024-03-21 17:04:45","modified":"2024-03-21 17:04:49","menu_order":0,"mime_type":"image\/webp","type":"image","subtype":"webp","icon":"https:\/\/kind.ee\/wp-includes\/images\/media\/default.png","width":788,"height":1024,"sizes":{"thumbnail":"https:\/\/kind.ee\/wp-content\/uploads\/2024\/03\/3_04493006-607f-4bda-bbc0-63ed33566375_1024x1024-150x150.webp","thumbnail-width":150,"thumbnail-height":150,"medium":"https:\/\/kind.ee\/wp-content\/uploads\/2024\/03\/3_04493006-607f-4bda-bbc0-63ed33566375_1024x1024-231x300.webp","medium-width":231,"medium-height":300,"medium_large":"https:\/\/kind.ee\/wp-content\/uploads\/2024\/03\/3_04493006-607f-4bda-bbc0-63ed33566375_1024x1024-768x998.webp","medium_large-width":768,"medium_large-height":998,"large":"https:\/\/kind.ee\/wp-content\/uploads\/2024\/03\/3_04493006-607f-4bda-bbc0-63ed33566375_1024x1024.webp","large-width":788,"large-height":1024,"1536x1536":"https:\/\/kind.ee\/wp-content\/uploads\/2024\/03\/3_04493006-607f-4bda-bbc0-63ed33566375_1024x1024.webp","1536x1536-width":788,"1536x1536-height":1024,"2048x2048":"https:\/\/kind.ee\/wp-content\/uploads\/2024\/03\/3_04493006-607f-4bda-bbc0-63ed33566375_1024x1024.webp","2048x2048-width":788,"2048x2048-height":1024,"galerii_large":"https:\/\/kind.ee\/wp-content\/uploads\/2024\/03\/3_04493006-607f-4bda-bbc0-63ed33566375_1024x1024.webp","galerii_large-width":788,"galerii_large-height":1024,"galerii_large_retina":"https:\/\/kind.ee\/wp-content\/uploads\/2024\/03\/3_04493006-607f-4bda-bbc0-63ed33566375_1024x1024.webp","galerii_large_retina-width":788,"galerii_large_retina-height":1024,"woocommerce_thumbnail":"https:\/\/kind.ee\/wp-content\/uploads\/2024\/03\/3_04493006-607f-4bda-bbc0-63ed33566375_1024x1024-300x300.webp","woocommerce_thumbnail-width":300,"woocommerce_thumbnail-height":300,"woocommerce_single":"https:\/\/kind.ee\/wp-content\/uploads\/2024\/03\/3_04493006-607f-4bda-bbc0-63ed33566375_1024x1024-600x780.webp","woocommerce_single-width":600,"woocommerce_single-height":780,"woocommerce_gallery_thumbnail":"https:\/\/kind.ee\/wp-content\/uploads\/2024\/03\/3_04493006-607f-4bda-bbc0-63ed33566375_1024x1024-100x100.webp","woocommerce_gallery_thumbnail-width":100,"woocommerce_gallery_thumbnail-height":100}}],"varvikood":false,"varvid-native":false,"varvid-stedman":false,"varvikood-neutral":585,"varvid-sols":false,"midoceani_varvid":false,"purewaste":false,"beechfield-varvid":false,"bagbase":false,"mepal":false},{"pildid":[{"ID":20915,"id":20915,"title":"O81020_RED_1024x1024","filename":"O81020_RED_1024x1024.webp","filesize":11624,"url":"https:\/\/kind.ee\/wp-content\/uploads\/2024\/03\/O81020_RED_1024x1024.webp","link":"https:\/\/kind.ee\/et\/?attachment_id=20915","alt":"","author":"1","description":"","caption":"","name":"o81020_red_1024x1024","status":"inherit","uploaded_to":20908,"date":"2024-03-21 17:04:55","modified":"2024-03-21 17:05:01","menu_order":0,"mime_type":"image\/webp","type":"image","subtype":"webp","icon":"https:\/\/kind.ee\/wp-includes\/images\/media\/default.png","width":788,"height":1024,"sizes":{"thumbnail":"https:\/\/kind.ee\/wp-content\/uploads\/2024\/03\/O81020_RED_1024x1024-150x150.webp","thumbnail-width":150,"thumbnail-height":150,"medium":"https:\/\/kind.ee\/wp-content\/uploads\/2024\/03\/O81020_RED_1024x1024-231x300.webp","medium-width":231,"medium-height":300,"medium_large":"https:\/\/kind.ee\/wp-content\/uploads\/2024\/03\/O81020_RED_1024x1024-768x998.webp","medium_large-width":768,"medium_large-height":998,"large":"https:\/\/kind.ee\/wp-content\/uploads\/2024\/03\/O81020_RED_1024x1024.webp","large-width":788,"large-height":1024,"1536x1536":"https:\/\/kind.ee\/wp-content\/uploads\/2024\/03\/O81020_RED_1024x1024.webp","1536x1536-width":788,"1536x1536-height":1024,"2048x2048":"https:\/\/kind.ee\/wp-content\/uploads\/2024\/03\/O81020_RED_1024x1024.webp","2048x2048-width":788,"2048x2048-height":1024,"galerii_large":"https:\/\/kind.ee\/wp-content\/uploads\/2024\/03\/O81020_RED_1024x1024.webp","galerii_large-width":788,"galerii_large-height":1024,"galerii_large_retina":"https:\/\/kind.ee\/wp-content\/uploads\/2024\/03\/O81020_RED_1024x1024.webp","galerii_large_retina-width":788,"galerii_large_retina-height":1024,"woocommerce_thumbnail":"https:\/\/kind.ee\/wp-content\/uploads\/2024\/03\/O81020_RED_1024x1024-300x300.webp","woocommerce_thumbnail-width":300,"woocommerce_thumbnail-height":300,"woocommerce_single":"https:\/\/kind.ee\/wp-content\/uploads\/2024\/03\/O81020_RED_1024x1024-600x780.webp","woocommerce_single-width":600,"woocommerce_single-height":780,"woocommerce_gallery_thumbnail":"https:\/\/kind.ee\/wp-content\/uploads\/2024\/03\/O81020_RED_1024x1024-100x100.webp","woocommerce_gallery_thumbnail-width":100,"woocommerce_gallery_thumbnail-height":100}}],"varvikood":false,"varvid-native":false,"varvid-stedman":false,"varvikood-neutral":578,"varvid-sols":false,"midoceani_varvid":false,"purewaste":false,"beechfield-varvid":false,"bagbase":false,"mepal":false},{"pildid":[{"ID":20917,"id":20917,"title":"O81020_MIL_1024x1024","filename":"O81020_MIL_1024x1024.webp","filesize":10500,"url":"https:\/\/kind.ee\/wp-content\/uploads\/2024\/03\/O81020_MIL_1024x1024.webp","link":"https:\/\/kind.ee\/et\/?attachment_id=20917","alt":"","author":"1","description":"","caption":"","name":"o81020_mil_1024x1024","status":"inherit","uploaded_to":20908,"date":"2024-03-21 17:05:07","modified":"2024-03-21 17:05:12","menu_order":0,"mime_type":"image\/webp","type":"image","subtype":"webp","icon":"https:\/\/kind.ee\/wp-includes\/images\/media\/default.png","width":788,"height":1024,"sizes":{"thumbnail":"https:\/\/kind.ee\/wp-content\/uploads\/2024\/03\/O81020_MIL_1024x1024-150x150.webp","thumbnail-width":150,"thumbnail-height":150,"medium":"https:\/\/kind.ee\/wp-content\/uploads\/2024\/03\/O81020_MIL_1024x1024-231x300.webp","medium-width":231,"medium-height":300,"medium_large":"https:\/\/kind.ee\/wp-content\/uploads\/2024\/03\/O81020_MIL_1024x1024-768x998.webp","medium_large-width":768,"medium_large-height":998,"large":"https:\/\/kind.ee\/wp-content\/uploads\/2024\/03\/O81020_MIL_1024x1024.webp","large-width":788,"large-height":1024,"1536x1536":"https:\/\/kind.ee\/wp-content\/uploads\/2024\/03\/O81020_MIL_1024x1024.webp","1536x1536-width":788,"1536x1536-height":1024,"2048x2048":"https:\/\/kind.ee\/wp-content\/uploads\/2024\/03\/O81020_MIL_1024x1024.webp","2048x2048-width":788,"2048x2048-height":1024,"galerii_large":"https:\/\/kind.ee\/wp-content\/uploads\/2024\/03\/O81020_MIL_1024x1024.webp","galerii_large-width":788,"galerii_large-height":1024,"galerii_large_retina":"https:\/\/kind.ee\/wp-content\/uploads\/2024\/03\/O81020_MIL_1024x1024.webp","galerii_large_retina-width":788,"galerii_large_retina-height":1024,"woocommerce_thumbnail":"https:\/\/kind.ee\/wp-content\/uploads\/2024\/03\/O81020_MIL_1024x1024-300x300.webp","woocommerce_thumbnail-width":300,"woocommerce_thumbnail-height":300,"woocommerce_single":"https:\/\/kind.ee\/wp-content\/uploads\/2024\/03\/O81020_MIL_1024x1024-600x780.webp","woocommerce_single-width":600,"woocommerce_single-height":780,"woocommerce_gallery_thumbnail":"https:\/\/kind.ee\/wp-content\/uploads\/2024\/03\/O81020_MIL_1024x1024-100x100.webp","woocommerce_gallery_thumbnail-width":100,"woocommerce_gallery_thumbnail-height":100}}],"varvikood":false,"varvid-native":false,"varvid-stedman":false,"varvikood-neutral":579,"varvid-sols":false,"midoceani_varvid":false,"purewaste":false,"beechfield-varvid":false,"bagbase":false,"mepal":false},{"pildid":[{"ID":20919,"id":20919,"title":"O81020_GREY_1024x1024","filename":"O81020_GREY_1024x1024.jpg","filesize":71645,"url":"https:\/\/kind.ee\/wp-content\/uploads\/2024\/03\/O81020_GREY_1024x1024.jpg","link":"https:\/\/kind.ee\/et\/?attachment_id=20919","alt":"","author":"1","description":"","caption":"","name":"o81020_grey_1024x1024","status":"inherit","uploaded_to":20908,"date":"2024-03-21 17:05:19","modified":"2024-03-21 17:05:25","menu_order":0,"mime_type":"image\/jpeg","type":"image","subtype":"jpeg","icon":"https:\/\/kind.ee\/wp-includes\/images\/media\/default.png","width":788,"height":1024,"sizes":{"thumbnail":"https:\/\/kind.ee\/wp-content\/uploads\/2024\/03\/O81020_GREY_1024x1024-150x150.jpg","thumbnail-width":150,"thumbnail-height":150,"medium":"https:\/\/kind.ee\/wp-content\/uploads\/2024\/03\/O81020_GREY_1024x1024-231x300.jpg","medium-width":231,"medium-height":300,"medium_large":"https:\/\/kind.ee\/wp-content\/uploads\/2024\/03\/O81020_GREY_1024x1024-768x998.jpg","medium_large-width":768,"medium_large-height":998,"large":"https:\/\/kind.ee\/wp-content\/uploads\/2024\/03\/O81020_GREY_1024x1024.jpg","large-width":788,"large-height":1024,"1536x1536":"https:\/\/kind.ee\/wp-content\/uploads\/2024\/03\/O81020_GREY_1024x1024.jpg","1536x1536-width":788,"1536x1536-height":1024,"2048x2048":"https:\/\/kind.ee\/wp-content\/uploads\/2024\/03\/O81020_GREY_1024x1024.jpg","2048x2048-width":788,"2048x2048-height":1024,"galerii_large":"https:\/\/kind.ee\/wp-content\/uploads\/2024\/03\/O81020_GREY_1024x1024.jpg","galerii_large-width":788,"galerii_large-height":1024,"galerii_large_retina":"https:\/\/kind.ee\/wp-content\/uploads\/2024\/03\/O81020_GREY_1024x1024.jpg","galerii_large_retina-width":788,"galerii_large_retina-height":1024,"woocommerce_thumbnail":"https:\/\/kind.ee\/wp-content\/uploads\/2024\/03\/O81020_GREY_1024x1024-300x300.jpg","woocommerce_thumbnail-width":300,"woocommerce_thumbnail-height":300,"woocommerce_single":"https:\/\/kind.ee\/wp-content\/uploads\/2024\/03\/O81020_GREY_1024x1024-600x780.jpg","woocommerce_single-width":600,"woocommerce_single-height":780,"woocommerce_gallery_thumbnail":"https:\/\/kind.ee\/wp-content\/uploads\/2024\/03\/O81020_GREY_1024x1024-100x100.jpg","woocommerce_gallery_thumbnail-width":100,"woocommerce_gallery_thumbnail-height":100}}],"varvikood":false,"varvid-native":false,"varvid-stedman":false,"varvikood-neutral":566,"varvid-sols":false,"midoceani_varvid":false,"purewaste":false,"beechfield-varvid":false,"bagbase":false,"mepal":false},{"pildid":[{"ID":20921,"id":20921,"title":"O81020_DMIN_1024x1024","filename":"O81020_DMIN_1024x1024.webp","filesize":9596,"url":"https:\/\/kind.ee\/wp-content\/uploads\/2024\/03\/O81020_DMIN_1024x1024.webp","link":"https:\/\/kind.ee\/et\/?attachment_id=20921","alt":"","author":"1","description":"","caption":"","name":"o81020_dmin_1024x1024","status":"inherit","uploaded_to":20908,"date":"2024-03-21 17:05:34","modified":"2024-03-21 17:05:42","menu_order":0,"mime_type":"image\/webp","type":"image","subtype":"webp","icon":"https:\/\/kind.ee\/wp-includes\/images\/media\/default.png","width":788,"height":1024,"sizes":{"thumbnail":"https:\/\/kind.ee\/wp-content\/uploads\/2024\/03\/O81020_DMIN_1024x1024-150x150.webp","thumbnail-width":150,"thumbnail-height":150,"medium":"https:\/\/kind.ee\/wp-content\/uploads\/2024\/03\/O81020_DMIN_1024x1024-231x300.webp","medium-width":231,"medium-height":300,"medium_large":"https:\/\/kind.ee\/wp-content\/uploads\/2024\/03\/O81020_DMIN_1024x1024-768x998.webp","medium_large-width":768,"medium_large-height":998,"large":"https:\/\/kind.ee\/wp-content\/uploads\/2024\/03\/O81020_DMIN_1024x1024.webp","large-width":788,"large-height":1024,"1536x1536":"https:\/\/kind.ee\/wp-content\/uploads\/2024\/03\/O81020_DMIN_1024x1024.webp","1536x1536-width":788,"1536x1536-height":1024,"2048x2048":"https:\/\/kind.ee\/wp-content\/uploads\/2024\/03\/O81020_DMIN_1024x1024.webp","2048x2048-width":788,"2048x2048-height":1024,"galerii_large":"https:\/\/kind.ee\/wp-content\/uploads\/2024\/03\/O81020_DMIN_1024x1024.webp","galerii_large-width":788,"galerii_large-height":1024,"galerii_large_retina":"https:\/\/kind.ee\/wp-content\/uploads\/2024\/03\/O81020_DMIN_1024x1024.webp","galerii_large_retina-width":788,"galerii_large_retina-height":1024,"woocommerce_thumbnail":"https:\/\/kind.ee\/wp-content\/uploads\/2024\/03\/O81020_DMIN_1024x1024-300x300.webp","woocommerce_thumbnail-width":300,"woocommerce_thumbnail-height":300,"woocommerce_single":"https:\/\/kind.ee\/wp-content\/uploads\/2024\/03\/O81020_DMIN_1024x1024-600x780.webp","woocommerce_single-width":600,"woocommerce_single-height":780,"woocommerce_gallery_thumbnail":"https:\/\/kind.ee\/wp-content\/uploads\/2024\/03\/O81020_DMIN_1024x1024-100x100.webp","woocommerce_gallery_thumbnail-width":100,"woocommerce_gallery_thumbnail-height":100}}],"varvikood":false,"varvid-native":false,"varvid-stedman":false,"varvikood-neutral":559,"varvid-sols":false,"midoceani_varvid":false,"purewaste":false,"beechfield-varvid":false,"bagbase":false,"mepal":false},{"pildid":[{"ID":20923,"id":20923,"title":"O81020_DIND_1024x1024","filename":"O81020_DIND_1024x1024.webp","filesize":9142,"url":"https:\/\/kind.ee\/wp-content\/uploads\/2024\/03\/O81020_DIND_1024x1024.webp","link":"https:\/\/kind.ee\/et\/?attachment_id=20923","alt":"","author":"1","description":"","caption":"","name":"o81020_dind_1024x1024","status":"inherit","uploaded_to":20908,"date":"2024-03-21 17:05:49","modified":"2024-03-21 17:05:53","menu_order":0,"mime_type":"image\/webp","type":"image","subtype":"webp","icon":"https:\/\/kind.ee\/wp-includes\/images\/media\/default.png","width":788,"height":1024,"sizes":{"thumbnail":"https:\/\/kind.ee\/wp-content\/uploads\/2024\/03\/O81020_DIND_1024x1024-150x150.webp","thumbnail-width":150,"thumbnail-height":150,"medium":"https:\/\/kind.ee\/wp-content\/uploads\/2024\/03\/O81020_DIND_1024x1024-231x300.webp","medium-width":231,"medium-height":300,"medium_large":"https:\/\/kind.ee\/wp-content\/uploads\/2024\/03\/O81020_DIND_1024x1024-768x998.webp","medium_large-width":768,"medium_large-height":998,"large":"https:\/\/kind.ee\/wp-content\/uploads\/2024\/03\/O81020_DIND_1024x1024.webp","large-width":788,"large-height":1024,"1536x1536":"https:\/\/kind.ee\/wp-content\/uploads\/2024\/03\/O81020_DIND_1024x1024.webp","1536x1536-width":788,"1536x1536-height":1024,"2048x2048":"https:\/\/kind.ee\/wp-content\/uploads\/2024\/03\/O81020_DIND_1024x1024.webp","2048x2048-width":788,"2048x2048-height":1024,"galerii_large":"https:\/\/kind.ee\/wp-content\/uploads\/2024\/03\/O81020_DIND_1024x1024.webp","galerii_large-width":788,"galerii_large-height":1024,"galerii_large_retina":"https:\/\/kind.ee\/wp-content\/uploads\/2024\/03\/O81020_DIND_1024x1024.webp","galerii_large_retina-width":788,"galerii_large_retina-height":1024,"woocommerce_thumbnail":"https:\/\/kind.ee\/wp-content\/uploads\/2024\/03\/O81020_DIND_1024x1024-300x300.webp","woocommerce_thumbnail-width":300,"woocommerce_thumbnail-height":300,"woocommerce_single":"https:\/\/kind.ee\/wp-content\/uploads\/2024\/03\/O81020_DIND_1024x1024-600x780.webp","woocommerce_single-width":600,"woocommerce_single-height":780,"woocommerce_gallery_thumbnail":"https:\/\/kind.ee\/wp-content\/uploads\/2024\/03\/O81020_DIND_1024x1024-100x100.webp","woocommerce_gallery_thumbnail-width":100,"woocommerce_gallery_thumbnail-height":100}}],"varvikood":false,"varvid-native":false,"varvid-stedman":false,"varvikood-neutral":570,"varvid-sols":false,"midoceani_varvid":false,"purewaste":false,"beechfield-varvid":false,"bagbase":false,"mepal":false}],"tooteinfo":"Avara l\u00f5ikega t-s\u00e4rk pika kleidi pikkusega. Kergelt langetatud \u00f5lad, tavalised l\u00fchikesed varrukad ja laiema \u00fcmara kaelusega. Kvaliteet on pehme ja kerge.","materjal":"","varvus":""},"_links":{"self":[{"href":"https:\/\/kind.ee\/et\/wp-json\/wp\/v2\/product\/20908","targetHints":{"allow":["GET"]}}],"collection":[{"href":"https:\/\/kind.ee\/et\/wp-json\/wp\/v2\/product"}],"about":[{"href":"https:\/\/kind.ee\/et\/wp-json\/wp\/v2\/types\/product"}],"wp:featuredmedia":[{"embeddable":true,"href":"https:\/\/kind.ee\/et\/wp-json\/wp\/v2\/media\/20913"}],"wp:attachment":[{"href":"https:\/\/kind.ee\/et\/wp-json\/wp\/v2\/media?parent=20908"}],"wp:term":[{"taxonomy":"product_brand","embeddable":true,"href":"https:\/\/kind.ee\/et\/wp-json\/wp\/v2\/product_brand?post=20908"},{"taxonomy":"product_cat","embeddable":true,"href":"https:\/\/kind.ee\/et\/wp-json\/wp\/v2\/product_cat?post=20908"},{"taxonomy":"product_tag","embeddable":true,"href":"https:\/\/kind.ee\/et\/wp-json\/wp\/v2\/product_tag?post=20908"}],"curies":[{"name":"wp","href":"https:\/\/api.w.org\/{rel}","templated":true}]}}