{"id":20895,"date":"2025-06-15T17:31:33","date_gmt":"2025-06-15T17:31:33","guid":{"rendered":"https:\/\/kind.ee\/?post_type=product&#038;p=20895"},"modified":"2026-02-19T23:22:17","modified_gmt":"2026-02-19T23:22:17","slug":"naiste-avar-t-sark-neutral","status":"publish","type":"product","link":"https:\/\/kind.ee\/et\/toode\/naiste-avar-t-sark-neutral\/","title":{"rendered":"naiste avar t-s\u00e4rk Neutral"},"content":{"rendered":"","protected":false},"excerpt":{"rendered":"","protected":false},"featured_media":20900,"template":"","meta":[],"product_brand":[],"product_cat":[263,259],"product_tag":[],"class_list":{"0":"post-20895","1":"product","2":"type-product","3":"status-publish","4":"has-post-thumbnail","6":"product_cat-riided","7":"product_cat-t-sargid","9":"first","10":"instock","11":"shipping-taxable","12":"purchasable","13":"product-type-simple"},"acf":{"muugi_argumendid":["\u00f6kos\u00f5bralik","laos olemas","kiire transport"],"sertifikaadid":["Orgaaniline materjal","EU Ecolabel","Fairtrade","OEKO-Tex"],"season":[],"loige":"","suuruste_tabel":{"ID":38577,"id":38577,"title":"naiste-suurustabel","filename":"naiste-suurustabel-4.jpg","filesize":24319,"url":"https:\/\/kind.ee\/wp-content\/uploads\/2025\/06\/naiste-suurustabel-4.jpg","link":"https:\/\/kind.ee\/et\/?attachment_id=38577","alt":"","author":"4","description":"","caption":"","name":"naiste-suurustabel-11","status":"inherit","uploaded_to":20895,"date":"2026-02-19 23:22:09","modified":"2026-02-19 23:22:09","menu_order":0,"mime_type":"image\/jpeg","type":"image","subtype":"jpeg","icon":"https:\/\/kind.ee\/wp-includes\/images\/media\/default.png","width":1024,"height":310,"sizes":{"thumbnail":"https:\/\/kind.ee\/wp-content\/uploads\/2025\/06\/naiste-suurustabel-4-150x150.jpg","thumbnail-width":150,"thumbnail-height":150,"medium":"https:\/\/kind.ee\/wp-content\/uploads\/2025\/06\/naiste-suurustabel-4-300x91.jpg","medium-width":300,"medium-height":91,"medium_large":"https:\/\/kind.ee\/wp-content\/uploads\/2025\/06\/naiste-suurustabel-4-768x233.jpg","medium_large-width":768,"medium_large-height":233,"large":"https:\/\/kind.ee\/wp-content\/uploads\/2025\/06\/naiste-suurustabel-4.jpg","large-width":1024,"large-height":310,"1536x1536":"https:\/\/kind.ee\/wp-content\/uploads\/2025\/06\/naiste-suurustabel-4.jpg","1536x1536-width":1024,"1536x1536-height":310,"2048x2048":"https:\/\/kind.ee\/wp-content\/uploads\/2025\/06\/naiste-suurustabel-4.jpg","2048x2048-width":1024,"2048x2048-height":310,"galerii_large":"https:\/\/kind.ee\/wp-content\/uploads\/2025\/06\/naiste-suurustabel-4-800x242.jpg","galerii_large-width":800,"galerii_large-height":242,"galerii_large_retina":"https:\/\/kind.ee\/wp-content\/uploads\/2025\/06\/naiste-suurustabel-4.jpg","galerii_large_retina-width":1024,"galerii_large_retina-height":310,"woocommerce_thumbnail":"https:\/\/kind.ee\/wp-content\/uploads\/2025\/06\/naiste-suurustabel-4-300x300.jpg","woocommerce_thumbnail-width":300,"woocommerce_thumbnail-height":300,"woocommerce_single":"https:\/\/kind.ee\/wp-content\/uploads\/2025\/06\/naiste-suurustabel-4-600x182.jpg","woocommerce_single-width":600,"woocommerce_single-height":182,"woocommerce_gallery_thumbnail":"https:\/\/kind.ee\/wp-content\/uploads\/2025\/06\/naiste-suurustabel-4-100x100.jpg","woocommerce_gallery_thumbnail-width":100,"woocommerce_gallery_thumbnail-height":100}},"paksus":"155","min_kogus":"5","kangas":"","kanga-info":"100% orgaaniline puuvill, kanga paksus 155 g\/m2","mootmed":"","toote_pildid_varvide_kaupa":[{"pildid":[{"ID":20896,"id":20896,"title":"1_8057a833-2b16-4189-9fae-837f6cce2258_1024x1024","filename":"1_8057a833-2b16-4189-9fae-837f6cce2258_1024x1024.webp","filesize":9124,"url":"https:\/\/kind.ee\/wp-content\/uploads\/2024\/03\/1_8057a833-2b16-4189-9fae-837f6cce2258_1024x1024.webp","link":"https:\/\/kind.ee\/et\/?attachment_id=20896","alt":"","author":"1","description":"","caption":"","name":"1_8057a833-2b16-4189-9fae-837f6cce2258_1024x1024","status":"inherit","uploaded_to":20895,"date":"2024-03-21 16:56:49","modified":"2024-03-21 16:56:53","menu_order":0,"mime_type":"image\/webp","type":"image","subtype":"webp","icon":"https:\/\/kind.ee\/wp-includes\/images\/media\/default.png","width":788,"height":1024,"sizes":{"thumbnail":"https:\/\/kind.ee\/wp-content\/uploads\/2024\/03\/1_8057a833-2b16-4189-9fae-837f6cce2258_1024x1024-150x150.webp","thumbnail-width":150,"thumbnail-height":150,"medium":"https:\/\/kind.ee\/wp-content\/uploads\/2024\/03\/1_8057a833-2b16-4189-9fae-837f6cce2258_1024x1024-231x300.webp","medium-width":231,"medium-height":300,"medium_large":"https:\/\/kind.ee\/wp-content\/uploads\/2024\/03\/1_8057a833-2b16-4189-9fae-837f6cce2258_1024x1024-768x998.webp","medium_large-width":768,"medium_large-height":998,"large":"https:\/\/kind.ee\/wp-content\/uploads\/2024\/03\/1_8057a833-2b16-4189-9fae-837f6cce2258_1024x1024.webp","large-width":788,"large-height":1024,"1536x1536":"https:\/\/kind.ee\/wp-content\/uploads\/2024\/03\/1_8057a833-2b16-4189-9fae-837f6cce2258_1024x1024.webp","1536x1536-width":788,"1536x1536-height":1024,"2048x2048":"https:\/\/kind.ee\/wp-content\/uploads\/2024\/03\/1_8057a833-2b16-4189-9fae-837f6cce2258_1024x1024.webp","2048x2048-width":788,"2048x2048-height":1024,"galerii_large":"https:\/\/kind.ee\/wp-content\/uploads\/2024\/03\/1_8057a833-2b16-4189-9fae-837f6cce2258_1024x1024.webp","galerii_large-width":788,"galerii_large-height":1024,"galerii_large_retina":"https:\/\/kind.ee\/wp-content\/uploads\/2024\/03\/1_8057a833-2b16-4189-9fae-837f6cce2258_1024x1024.webp","galerii_large_retina-width":788,"galerii_large_retina-height":1024,"woocommerce_thumbnail":"https:\/\/kind.ee\/wp-content\/uploads\/2024\/03\/1_8057a833-2b16-4189-9fae-837f6cce2258_1024x1024-300x300.webp","woocommerce_thumbnail-width":300,"woocommerce_thumbnail-height":300,"woocommerce_single":"https:\/\/kind.ee\/wp-content\/uploads\/2024\/03\/1_8057a833-2b16-4189-9fae-837f6cce2258_1024x1024-600x780.webp","woocommerce_single-width":600,"woocommerce_single-height":780,"woocommerce_gallery_thumbnail":"https:\/\/kind.ee\/wp-content\/uploads\/2024\/03\/1_8057a833-2b16-4189-9fae-837f6cce2258_1024x1024-100x100.webp","woocommerce_gallery_thumbnail-width":100,"woocommerce_gallery_thumbnail-height":100}}],"varvikood":false,"varvid-native":false,"varvid-stedman":false,"varvikood-neutral":556,"varvid-sols":false,"midoceani_varvid":false,"purewaste":false,"beechfield-varvid":false,"bagbase":false,"mepal":false},{"pildid":[{"ID":20898,"id":20898,"title":"2_80f90e5a-fc30-46a8-b8f1-2e08c41c809b_1024x1024","filename":"2_80f90e5a-fc30-46a8-b8f1-2e08c41c809b_1024x1024.webp","filesize":47084,"url":"https:\/\/kind.ee\/wp-content\/uploads\/2024\/03\/2_80f90e5a-fc30-46a8-b8f1-2e08c41c809b_1024x1024.webp","link":"https:\/\/kind.ee\/et\/?attachment_id=20898","alt":"","author":"1","description":"","caption":"","name":"2_80f90e5a-fc30-46a8-b8f1-2e08c41c809b_1024x1024","status":"inherit","uploaded_to":20895,"date":"2024-03-21 16:57:00","modified":"2024-03-21 16:57:05","menu_order":0,"mime_type":"image\/webp","type":"image","subtype":"webp","icon":"https:\/\/kind.ee\/wp-includes\/images\/media\/default.png","width":788,"height":1024,"sizes":{"thumbnail":"https:\/\/kind.ee\/wp-content\/uploads\/2024\/03\/2_80f90e5a-fc30-46a8-b8f1-2e08c41c809b_1024x1024-150x150.webp","thumbnail-width":150,"thumbnail-height":150,"medium":"https:\/\/kind.ee\/wp-content\/uploads\/2024\/03\/2_80f90e5a-fc30-46a8-b8f1-2e08c41c809b_1024x1024-231x300.webp","medium-width":231,"medium-height":300,"medium_large":"https:\/\/kind.ee\/wp-content\/uploads\/2024\/03\/2_80f90e5a-fc30-46a8-b8f1-2e08c41c809b_1024x1024-768x998.webp","medium_large-width":768,"medium_large-height":998,"large":"https:\/\/kind.ee\/wp-content\/uploads\/2024\/03\/2_80f90e5a-fc30-46a8-b8f1-2e08c41c809b_1024x1024.webp","large-width":788,"large-height":1024,"1536x1536":"https:\/\/kind.ee\/wp-content\/uploads\/2024\/03\/2_80f90e5a-fc30-46a8-b8f1-2e08c41c809b_1024x1024.webp","1536x1536-width":788,"1536x1536-height":1024,"2048x2048":"https:\/\/kind.ee\/wp-content\/uploads\/2024\/03\/2_80f90e5a-fc30-46a8-b8f1-2e08c41c809b_1024x1024.webp","2048x2048-width":788,"2048x2048-height":1024,"galerii_large":"https:\/\/kind.ee\/wp-content\/uploads\/2024\/03\/2_80f90e5a-fc30-46a8-b8f1-2e08c41c809b_1024x1024.webp","galerii_large-width":788,"galerii_large-height":1024,"galerii_large_retina":"https:\/\/kind.ee\/wp-content\/uploads\/2024\/03\/2_80f90e5a-fc30-46a8-b8f1-2e08c41c809b_1024x1024.webp","galerii_large_retina-width":788,"galerii_large_retina-height":1024,"woocommerce_thumbnail":"https:\/\/kind.ee\/wp-content\/uploads\/2024\/03\/2_80f90e5a-fc30-46a8-b8f1-2e08c41c809b_1024x1024-300x300.webp","woocommerce_thumbnail-width":300,"woocommerce_thumbnail-height":300,"woocommerce_single":"https:\/\/kind.ee\/wp-content\/uploads\/2024\/03\/2_80f90e5a-fc30-46a8-b8f1-2e08c41c809b_1024x1024-600x780.webp","woocommerce_single-width":600,"woocommerce_single-height":780,"woocommerce_gallery_thumbnail":"https:\/\/kind.ee\/wp-content\/uploads\/2024\/03\/2_80f90e5a-fc30-46a8-b8f1-2e08c41c809b_1024x1024-100x100.webp","woocommerce_gallery_thumbnail-width":100,"woocommerce_gallery_thumbnail-height":100}}],"varvikood":false,"varvid-native":false,"varvid-stedman":false,"varvikood-neutral":566,"varvid-sols":false,"midoceani_varvid":false,"purewaste":false,"beechfield-varvid":false,"bagbase":false,"mepal":false},{"pildid":[{"ID":20900,"id":20900,"title":"3_c3568250-f9ff-420f-b168-0323ad3afe92_1024x1024","filename":"3_c3568250-f9ff-420f-b168-0323ad3afe92_1024x1024.webp","filesize":11320,"url":"https:\/\/kind.ee\/wp-content\/uploads\/2024\/03\/3_c3568250-f9ff-420f-b168-0323ad3afe92_1024x1024.webp","link":"https:\/\/kind.ee\/et\/?attachment_id=20900","alt":"","author":"1","description":"","caption":"","name":"3_c3568250-f9ff-420f-b168-0323ad3afe92_1024x1024","status":"inherit","uploaded_to":20895,"date":"2024-03-21 16:57:11","modified":"2024-03-21 16:57:16","menu_order":0,"mime_type":"image\/webp","type":"image","subtype":"webp","icon":"https:\/\/kind.ee\/wp-includes\/images\/media\/default.png","width":788,"height":1024,"sizes":{"thumbnail":"https:\/\/kind.ee\/wp-content\/uploads\/2024\/03\/3_c3568250-f9ff-420f-b168-0323ad3afe92_1024x1024-150x150.webp","thumbnail-width":150,"thumbnail-height":150,"medium":"https:\/\/kind.ee\/wp-content\/uploads\/2024\/03\/3_c3568250-f9ff-420f-b168-0323ad3afe92_1024x1024-231x300.webp","medium-width":231,"medium-height":300,"medium_large":"https:\/\/kind.ee\/wp-content\/uploads\/2024\/03\/3_c3568250-f9ff-420f-b168-0323ad3afe92_1024x1024-768x998.webp","medium_large-width":768,"medium_large-height":998,"large":"https:\/\/kind.ee\/wp-content\/uploads\/2024\/03\/3_c3568250-f9ff-420f-b168-0323ad3afe92_1024x1024.webp","large-width":788,"large-height":1024,"1536x1536":"https:\/\/kind.ee\/wp-content\/uploads\/2024\/03\/3_c3568250-f9ff-420f-b168-0323ad3afe92_1024x1024.webp","1536x1536-width":788,"1536x1536-height":1024,"2048x2048":"https:\/\/kind.ee\/wp-content\/uploads\/2024\/03\/3_c3568250-f9ff-420f-b168-0323ad3afe92_1024x1024.webp","2048x2048-width":788,"2048x2048-height":1024,"galerii_large":"https:\/\/kind.ee\/wp-content\/uploads\/2024\/03\/3_c3568250-f9ff-420f-b168-0323ad3afe92_1024x1024.webp","galerii_large-width":788,"galerii_large-height":1024,"galerii_large_retina":"https:\/\/kind.ee\/wp-content\/uploads\/2024\/03\/3_c3568250-f9ff-420f-b168-0323ad3afe92_1024x1024.webp","galerii_large_retina-width":788,"galerii_large_retina-height":1024,"woocommerce_thumbnail":"https:\/\/kind.ee\/wp-content\/uploads\/2024\/03\/3_c3568250-f9ff-420f-b168-0323ad3afe92_1024x1024-300x300.webp","woocommerce_thumbnail-width":300,"woocommerce_thumbnail-height":300,"woocommerce_single":"https:\/\/kind.ee\/wp-content\/uploads\/2024\/03\/3_c3568250-f9ff-420f-b168-0323ad3afe92_1024x1024-600x780.webp","woocommerce_single-width":600,"woocommerce_single-height":780,"woocommerce_gallery_thumbnail":"https:\/\/kind.ee\/wp-content\/uploads\/2024\/03\/3_c3568250-f9ff-420f-b168-0323ad3afe92_1024x1024-100x100.webp","woocommerce_gallery_thumbnail-width":100,"woocommerce_gallery_thumbnail-height":100}}],"varvikood":false,"varvid-native":false,"varvid-stedman":false,"varvikood-neutral":581,"varvid-sols":false,"midoceani_varvid":false,"purewaste":false,"beechfield-varvid":false,"bagbase":false,"mepal":false},{"pildid":[{"ID":20902,"id":20902,"title":"4_84132874-4113-4249-a9e2-04aca07a4628_1024x1024","filename":"4_84132874-4113-4249-a9e2-04aca07a4628_1024x1024.webp","filesize":12264,"url":"https:\/\/kind.ee\/wp-content\/uploads\/2024\/03\/4_84132874-4113-4249-a9e2-04aca07a4628_1024x1024.webp","link":"https:\/\/kind.ee\/et\/?attachment_id=20902","alt":"","author":"1","description":"","caption":"","name":"4_84132874-4113-4249-a9e2-04aca07a4628_1024x1024","status":"inherit","uploaded_to":20895,"date":"2024-03-21 16:57:22","modified":"2024-03-21 16:57:27","menu_order":0,"mime_type":"image\/webp","type":"image","subtype":"webp","icon":"https:\/\/kind.ee\/wp-includes\/images\/media\/default.png","width":788,"height":1024,"sizes":{"thumbnail":"https:\/\/kind.ee\/wp-content\/uploads\/2024\/03\/4_84132874-4113-4249-a9e2-04aca07a4628_1024x1024-150x150.webp","thumbnail-width":150,"thumbnail-height":150,"medium":"https:\/\/kind.ee\/wp-content\/uploads\/2024\/03\/4_84132874-4113-4249-a9e2-04aca07a4628_1024x1024-231x300.webp","medium-width":231,"medium-height":300,"medium_large":"https:\/\/kind.ee\/wp-content\/uploads\/2024\/03\/4_84132874-4113-4249-a9e2-04aca07a4628_1024x1024-768x998.webp","medium_large-width":768,"medium_large-height":998,"large":"https:\/\/kind.ee\/wp-content\/uploads\/2024\/03\/4_84132874-4113-4249-a9e2-04aca07a4628_1024x1024.webp","large-width":788,"large-height":1024,"1536x1536":"https:\/\/kind.ee\/wp-content\/uploads\/2024\/03\/4_84132874-4113-4249-a9e2-04aca07a4628_1024x1024.webp","1536x1536-width":788,"1536x1536-height":1024,"2048x2048":"https:\/\/kind.ee\/wp-content\/uploads\/2024\/03\/4_84132874-4113-4249-a9e2-04aca07a4628_1024x1024.webp","2048x2048-width":788,"2048x2048-height":1024,"galerii_large":"https:\/\/kind.ee\/wp-content\/uploads\/2024\/03\/4_84132874-4113-4249-a9e2-04aca07a4628_1024x1024.webp","galerii_large-width":788,"galerii_large-height":1024,"galerii_large_retina":"https:\/\/kind.ee\/wp-content\/uploads\/2024\/03\/4_84132874-4113-4249-a9e2-04aca07a4628_1024x1024.webp","galerii_large_retina-width":788,"galerii_large_retina-height":1024,"woocommerce_thumbnail":"https:\/\/kind.ee\/wp-content\/uploads\/2024\/03\/4_84132874-4113-4249-a9e2-04aca07a4628_1024x1024-300x300.webp","woocommerce_thumbnail-width":300,"woocommerce_thumbnail-height":300,"woocommerce_single":"https:\/\/kind.ee\/wp-content\/uploads\/2024\/03\/4_84132874-4113-4249-a9e2-04aca07a4628_1024x1024-600x780.webp","woocommerce_single-width":600,"woocommerce_single-height":780,"woocommerce_gallery_thumbnail":"https:\/\/kind.ee\/wp-content\/uploads\/2024\/03\/4_84132874-4113-4249-a9e2-04aca07a4628_1024x1024-100x100.webp","woocommerce_gallery_thumbnail-width":100,"woocommerce_gallery_thumbnail-height":100}}],"varvikood":false,"varvid-native":false,"varvid-stedman":false,"varvikood-neutral":585,"varvid-sols":false,"midoceani_varvid":false,"purewaste":false,"beechfield-varvid":false,"bagbase":false,"mepal":false},{"pildid":[{"ID":20904,"id":20904,"title":"6_91e9c572-9502-408d-9ed8-1030ca985449_1024x1024","filename":"6_91e9c572-9502-408d-9ed8-1030ca985449_1024x1024.webp","filesize":13084,"url":"https:\/\/kind.ee\/wp-content\/uploads\/2024\/03\/6_91e9c572-9502-408d-9ed8-1030ca985449_1024x1024.webp","link":"https:\/\/kind.ee\/et\/?attachment_id=20904","alt":"","author":"1","description":"","caption":"","name":"6_91e9c572-9502-408d-9ed8-1030ca985449_1024x1024","status":"inherit","uploaded_to":20895,"date":"2024-03-21 16:57:45","modified":"2024-03-21 16:57:54","menu_order":0,"mime_type":"image\/webp","type":"image","subtype":"webp","icon":"https:\/\/kind.ee\/wp-includes\/images\/media\/default.png","width":788,"height":1024,"sizes":{"thumbnail":"https:\/\/kind.ee\/wp-content\/uploads\/2024\/03\/6_91e9c572-9502-408d-9ed8-1030ca985449_1024x1024-150x150.webp","thumbnail-width":150,"thumbnail-height":150,"medium":"https:\/\/kind.ee\/wp-content\/uploads\/2024\/03\/6_91e9c572-9502-408d-9ed8-1030ca985449_1024x1024-231x300.webp","medium-width":231,"medium-height":300,"medium_large":"https:\/\/kind.ee\/wp-content\/uploads\/2024\/03\/6_91e9c572-9502-408d-9ed8-1030ca985449_1024x1024-768x998.webp","medium_large-width":768,"medium_large-height":998,"large":"https:\/\/kind.ee\/wp-content\/uploads\/2024\/03\/6_91e9c572-9502-408d-9ed8-1030ca985449_1024x1024.webp","large-width":788,"large-height":1024,"1536x1536":"https:\/\/kind.ee\/wp-content\/uploads\/2024\/03\/6_91e9c572-9502-408d-9ed8-1030ca985449_1024x1024.webp","1536x1536-width":788,"1536x1536-height":1024,"2048x2048":"https:\/\/kind.ee\/wp-content\/uploads\/2024\/03\/6_91e9c572-9502-408d-9ed8-1030ca985449_1024x1024.webp","2048x2048-width":788,"2048x2048-height":1024,"galerii_large":"https:\/\/kind.ee\/wp-content\/uploads\/2024\/03\/6_91e9c572-9502-408d-9ed8-1030ca985449_1024x1024.webp","galerii_large-width":788,"galerii_large-height":1024,"galerii_large_retina":"https:\/\/kind.ee\/wp-content\/uploads\/2024\/03\/6_91e9c572-9502-408d-9ed8-1030ca985449_1024x1024.webp","galerii_large_retina-width":788,"galerii_large_retina-height":1024,"woocommerce_thumbnail":"https:\/\/kind.ee\/wp-content\/uploads\/2024\/03\/6_91e9c572-9502-408d-9ed8-1030ca985449_1024x1024-300x300.webp","woocommerce_thumbnail-width":300,"woocommerce_thumbnail-height":300,"woocommerce_single":"https:\/\/kind.ee\/wp-content\/uploads\/2024\/03\/6_91e9c572-9502-408d-9ed8-1030ca985449_1024x1024-600x780.webp","woocommerce_single-width":600,"woocommerce_single-height":780,"woocommerce_gallery_thumbnail":"https:\/\/kind.ee\/wp-content\/uploads\/2024\/03\/6_91e9c572-9502-408d-9ed8-1030ca985449_1024x1024-100x100.webp","woocommerce_gallery_thumbnail-width":100,"woocommerce_gallery_thumbnail-height":100}}],"varvikood":false,"varvid-native":false,"varvid-stedman":false,"varvikood-neutral":583,"varvid-sols":false,"midoceani_varvid":false,"purewaste":false,"beechfield-varvid":false,"bagbase":false,"mepal":false},{"pildid":[{"ID":20906,"id":20906,"title":"7_820c2980-3f97-4cfa-8128-adebeefc8677_1024x1024","filename":"7_820c2980-3f97-4cfa-8128-adebeefc8677_1024x1024.webp","filesize":16544,"url":"https:\/\/kind.ee\/wp-content\/uploads\/2024\/03\/7_820c2980-3f97-4cfa-8128-adebeefc8677_1024x1024.webp","link":"https:\/\/kind.ee\/et\/?attachment_id=20906","alt":"","author":"1","description":"","caption":"","name":"7_820c2980-3f97-4cfa-8128-adebeefc8677_1024x1024","status":"inherit","uploaded_to":20895,"date":"2024-03-21 16:58:00","modified":"2024-03-21 16:58:03","menu_order":0,"mime_type":"image\/webp","type":"image","subtype":"webp","icon":"https:\/\/kind.ee\/wp-includes\/images\/media\/default.png","width":788,"height":1024,"sizes":{"thumbnail":"https:\/\/kind.ee\/wp-content\/uploads\/2024\/03\/7_820c2980-3f97-4cfa-8128-adebeefc8677_1024x1024-150x150.webp","thumbnail-width":150,"thumbnail-height":150,"medium":"https:\/\/kind.ee\/wp-content\/uploads\/2024\/03\/7_820c2980-3f97-4cfa-8128-adebeefc8677_1024x1024-231x300.webp","medium-width":231,"medium-height":300,"medium_large":"https:\/\/kind.ee\/wp-content\/uploads\/2024\/03\/7_820c2980-3f97-4cfa-8128-adebeefc8677_1024x1024-768x998.webp","medium_large-width":768,"medium_large-height":998,"large":"https:\/\/kind.ee\/wp-content\/uploads\/2024\/03\/7_820c2980-3f97-4cfa-8128-adebeefc8677_1024x1024.webp","large-width":788,"large-height":1024,"1536x1536":"https:\/\/kind.ee\/wp-content\/uploads\/2024\/03\/7_820c2980-3f97-4cfa-8128-adebeefc8677_1024x1024.webp","1536x1536-width":788,"1536x1536-height":1024,"2048x2048":"https:\/\/kind.ee\/wp-content\/uploads\/2024\/03\/7_820c2980-3f97-4cfa-8128-adebeefc8677_1024x1024.webp","2048x2048-width":788,"2048x2048-height":1024,"galerii_large":"https:\/\/kind.ee\/wp-content\/uploads\/2024\/03\/7_820c2980-3f97-4cfa-8128-adebeefc8677_1024x1024.webp","galerii_large-width":788,"galerii_large-height":1024,"galerii_large_retina":"https:\/\/kind.ee\/wp-content\/uploads\/2024\/03\/7_820c2980-3f97-4cfa-8128-adebeefc8677_1024x1024.webp","galerii_large_retina-width":788,"galerii_large_retina-height":1024,"woocommerce_thumbnail":"https:\/\/kind.ee\/wp-content\/uploads\/2024\/03\/7_820c2980-3f97-4cfa-8128-adebeefc8677_1024x1024-300x300.webp","woocommerce_thumbnail-width":300,"woocommerce_thumbnail-height":300,"woocommerce_single":"https:\/\/kind.ee\/wp-content\/uploads\/2024\/03\/7_820c2980-3f97-4cfa-8128-adebeefc8677_1024x1024-600x780.webp","woocommerce_single-width":600,"woocommerce_single-height":780,"woocommerce_gallery_thumbnail":"https:\/\/kind.ee\/wp-content\/uploads\/2024\/03\/7_820c2980-3f97-4cfa-8128-adebeefc8677_1024x1024-100x100.webp","woocommerce_gallery_thumbnail-width":100,"woocommerce_gallery_thumbnail-height":100}}],"varvikood":false,"varvid-native":false,"varvid-stedman":false,"varvikood-neutral":578,"varvid-sols":false,"midoceani_varvid":false,"purewaste":false,"beechfield-varvid":false,"bagbase":false,"mepal":false}],"tooteinfo":"L\u00fchikeste tavaliste varrukatega avar t-s\u00e4rk. \u00dcmmargune k\u00fchvelkael elastaanribi ja siseteibiga. Pehme, kerge kvaliteet.","materjal":"","varvus":""},"_links":{"self":[{"href":"https:\/\/kind.ee\/et\/wp-json\/wp\/v2\/product\/20895","targetHints":{"allow":["GET"]}}],"collection":[{"href":"https:\/\/kind.ee\/et\/wp-json\/wp\/v2\/product"}],"about":[{"href":"https:\/\/kind.ee\/et\/wp-json\/wp\/v2\/types\/product"}],"wp:featuredmedia":[{"embeddable":true,"href":"https:\/\/kind.ee\/et\/wp-json\/wp\/v2\/media\/20900"}],"wp:attachment":[{"href":"https:\/\/kind.ee\/et\/wp-json\/wp\/v2\/media?parent=20895"}],"wp:term":[{"taxonomy":"product_brand","embeddable":true,"href":"https:\/\/kind.ee\/et\/wp-json\/wp\/v2\/product_brand?post=20895"},{"taxonomy":"product_cat","embeddable":true,"href":"https:\/\/kind.ee\/et\/wp-json\/wp\/v2\/product_cat?post=20895"},{"taxonomy":"product_tag","embeddable":true,"href":"https:\/\/kind.ee\/et\/wp-json\/wp\/v2\/product_tag?post=20895"}],"curies":[{"name":"wp","href":"https:\/\/api.w.org\/{rel}","templated":true}]}}