{"id":20538,"date":"2025-06-15T17:31:34","date_gmt":"2025-06-15T17:31:34","guid":{"rendered":"https:\/\/kind.ee\/?post_type=product&#038;p=20538"},"modified":"2026-04-14T19:27:48","modified_gmt":"2026-04-14T19:27:48","slug":"beebi-pudipoll-stanley-stella","status":"publish","type":"product","link":"https:\/\/kind.ee\/et\/toode\/beebi-pudipoll-stanley-stella\/","title":{"rendered":"beebi pudip\u00f5ll Stanley Stella"},"content":{"rendered":"","protected":false},"excerpt":{"rendered":"","protected":false},"featured_media":20539,"template":"","meta":[],"product_brand":[],"product_cat":[706,263],"product_tag":[],"class_list":{"0":"post-20538","1":"product","2":"type-product","3":"status-publish","4":"has-post-thumbnail","6":"product_cat-laste","7":"product_cat-riided","9":"first","10":"instock","11":"shipping-taxable","12":"purchasable","13":"product-type-simple"},"acf":{"muugi_argumendid":["\u00f6kos\u00f5bralik","kiire transport","laos olemas"],"sertifikaadid":["Fair Wear","Vegan","Orgaaniline materjal","OEKO-Tex"],"season":[],"loige":"","suuruste_tabel":false,"paksus":"210","min_kogus":"5","kangas":"","kanga-info":"100% orgaaniline puuvill, kanga paksus 210 g\/m2","mootmed":"","toote_pildid_varvide_kaupa":[{"pildid":[{"ID":20541,"id":20541,"title":"SFM0_STAU029_C001","filename":"SFM0_STAU029_C001.jpg","filesize":61667,"url":"https:\/\/kind.ee\/wp-content\/uploads\/2024\/03\/SFM0_STAU029_C001.jpg","link":"https:\/\/kind.ee\/et\/?attachment_id=20541","alt":"","author":"1","description":"mi-28","caption":"","name":"sfm0_stau029_c001","status":"inherit","uploaded_to":20538,"date":"2024-03-18 13:05:24","modified":"2025-10-22 13:57:00","menu_order":0,"mime_type":"image\/jpeg","type":"image","subtype":"jpeg","icon":"https:\/\/kind.ee\/wp-includes\/images\/media\/default.png","width":1200,"height":1500,"sizes":{"thumbnail":"https:\/\/kind.ee\/wp-content\/uploads\/2024\/03\/SFM0_STAU029_C001-150x150.jpg","thumbnail-width":150,"thumbnail-height":150,"medium":"https:\/\/kind.ee\/wp-content\/uploads\/2024\/03\/SFM0_STAU029_C001-240x300.jpg","medium-width":240,"medium-height":300,"medium_large":"https:\/\/kind.ee\/wp-content\/uploads\/2024\/03\/SFM0_STAU029_C001-768x960.jpg","medium_large-width":768,"medium_large-height":960,"large":"https:\/\/kind.ee\/wp-content\/uploads\/2024\/03\/SFM0_STAU029_C001-819x1024.jpg","large-width":819,"large-height":1024,"1536x1536":"https:\/\/kind.ee\/wp-content\/uploads\/2024\/03\/SFM0_STAU029_C001.jpg","1536x1536-width":1200,"1536x1536-height":1500,"2048x2048":"https:\/\/kind.ee\/wp-content\/uploads\/2024\/03\/SFM0_STAU029_C001.jpg","2048x2048-width":1200,"2048x2048-height":1500,"galerii_large":"https:\/\/kind.ee\/wp-content\/uploads\/2024\/03\/SFM0_STAU029_C001-800x1000.jpg","galerii_large-width":800,"galerii_large-height":1000,"galerii_large_retina":"https:\/\/kind.ee\/wp-content\/uploads\/2024\/03\/SFM0_STAU029_C001.jpg","galerii_large_retina-width":1200,"galerii_large_retina-height":1500,"woocommerce_thumbnail":"https:\/\/kind.ee\/wp-content\/uploads\/2024\/03\/SFM0_STAU029_C001-300x300.jpg","woocommerce_thumbnail-width":300,"woocommerce_thumbnail-height":300,"woocommerce_single":"https:\/\/kind.ee\/wp-content\/uploads\/2024\/03\/SFM0_STAU029_C001-600x750.jpg","woocommerce_single-width":600,"woocommerce_single-height":750,"woocommerce_gallery_thumbnail":"https:\/\/kind.ee\/wp-content\/uploads\/2024\/03\/SFM0_STAU029_C001-100x100.jpg","woocommerce_gallery_thumbnail-width":100,"woocommerce_gallery_thumbnail-height":100}},{"ID":20539,"id":20539,"title":"PBM0_STAU029_C001","filename":"PBM0_STAU029_C001.jpg","filesize":24342,"url":"https:\/\/kind.ee\/wp-content\/uploads\/2024\/03\/PBM0_STAU029_C001.jpg","link":"https:\/\/kind.ee\/et\/?attachment_id=20539","alt":"","author":"1","description":"","caption":"","name":"pbm0_stau029_c001","status":"inherit","uploaded_to":20538,"date":"2024-03-18 13:05:20","modified":"2024-03-18 13:05:42","menu_order":0,"mime_type":"image\/jpeg","type":"image","subtype":"jpeg","icon":"https:\/\/kind.ee\/wp-includes\/images\/media\/default.png","width":1200,"height":1500,"sizes":{"thumbnail":"https:\/\/kind.ee\/wp-content\/uploads\/2024\/03\/PBM0_STAU029_C001-150x150.jpg","thumbnail-width":150,"thumbnail-height":150,"medium":"https:\/\/kind.ee\/wp-content\/uploads\/2024\/03\/PBM0_STAU029_C001-240x300.jpg","medium-width":240,"medium-height":300,"medium_large":"https:\/\/kind.ee\/wp-content\/uploads\/2024\/03\/PBM0_STAU029_C001-768x960.jpg","medium_large-width":768,"medium_large-height":960,"large":"https:\/\/kind.ee\/wp-content\/uploads\/2024\/03\/PBM0_STAU029_C001-819x1024.jpg","large-width":819,"large-height":1024,"1536x1536":"https:\/\/kind.ee\/wp-content\/uploads\/2024\/03\/PBM0_STAU029_C001.jpg","1536x1536-width":1200,"1536x1536-height":1500,"2048x2048":"https:\/\/kind.ee\/wp-content\/uploads\/2024\/03\/PBM0_STAU029_C001.jpg","2048x2048-width":1200,"2048x2048-height":1500,"galerii_large":"https:\/\/kind.ee\/wp-content\/uploads\/2024\/03\/PBM0_STAU029_C001-800x1000.jpg","galerii_large-width":800,"galerii_large-height":1000,"galerii_large_retina":"https:\/\/kind.ee\/wp-content\/uploads\/2024\/03\/PBM0_STAU029_C001.jpg","galerii_large_retina-width":1200,"galerii_large_retina-height":1500,"woocommerce_thumbnail":"https:\/\/kind.ee\/wp-content\/uploads\/2024\/03\/PBM0_STAU029_C001-300x300.jpg","woocommerce_thumbnail-width":300,"woocommerce_thumbnail-height":300,"woocommerce_single":"https:\/\/kind.ee\/wp-content\/uploads\/2024\/03\/PBM0_STAU029_C001-600x750.jpg","woocommerce_single-width":600,"woocommerce_single-height":750,"woocommerce_gallery_thumbnail":"https:\/\/kind.ee\/wp-content\/uploads\/2024\/03\/PBM0_STAU029_C001-100x100.jpg","woocommerce_gallery_thumbnail-width":100,"woocommerce_gallery_thumbnail-height":100}}],"varvikood":269,"varvid-native":false,"varvid-stedman":false,"varvikood-neutral":false,"varvid-sols":false,"midoceani_varvid":false,"purewaste":false,"beechfield-varvid":false,"bagbase":false,"mepal":false},{"pildid":[{"ID":20543,"id":20543,"title":"PBM0_STAU029_C054","filename":"PBM0_STAU029_C054.jpg","filesize":54857,"url":"https:\/\/kind.ee\/wp-content\/uploads\/2024\/03\/PBM0_STAU029_C054.jpg","link":"https:\/\/kind.ee\/et\/?attachment_id=20543","alt":"","author":"1","description":"","caption":"","name":"pbm0_stau029_c054","status":"inherit","uploaded_to":20538,"date":"2024-03-18 13:06:41","modified":"2024-03-18 13:06:47","menu_order":0,"mime_type":"image\/jpeg","type":"image","subtype":"jpeg","icon":"https:\/\/kind.ee\/wp-includes\/images\/media\/default.png","width":1200,"height":1500,"sizes":{"thumbnail":"https:\/\/kind.ee\/wp-content\/uploads\/2024\/03\/PBM0_STAU029_C054-150x150.jpg","thumbnail-width":150,"thumbnail-height":150,"medium":"https:\/\/kind.ee\/wp-content\/uploads\/2024\/03\/PBM0_STAU029_C054-240x300.jpg","medium-width":240,"medium-height":300,"medium_large":"https:\/\/kind.ee\/wp-content\/uploads\/2024\/03\/PBM0_STAU029_C054-768x960.jpg","medium_large-width":768,"medium_large-height":960,"large":"https:\/\/kind.ee\/wp-content\/uploads\/2024\/03\/PBM0_STAU029_C054-819x1024.jpg","large-width":819,"large-height":1024,"1536x1536":"https:\/\/kind.ee\/wp-content\/uploads\/2024\/03\/PBM0_STAU029_C054.jpg","1536x1536-width":1200,"1536x1536-height":1500,"2048x2048":"https:\/\/kind.ee\/wp-content\/uploads\/2024\/03\/PBM0_STAU029_C054.jpg","2048x2048-width":1200,"2048x2048-height":1500,"galerii_large":"https:\/\/kind.ee\/wp-content\/uploads\/2024\/03\/PBM0_STAU029_C054-800x1000.jpg","galerii_large-width":800,"galerii_large-height":1000,"galerii_large_retina":"https:\/\/kind.ee\/wp-content\/uploads\/2024\/03\/PBM0_STAU029_C054.jpg","galerii_large_retina-width":1200,"galerii_large_retina-height":1500,"woocommerce_thumbnail":"https:\/\/kind.ee\/wp-content\/uploads\/2024\/03\/PBM0_STAU029_C054-300x300.jpg","woocommerce_thumbnail-width":300,"woocommerce_thumbnail-height":300,"woocommerce_single":"https:\/\/kind.ee\/wp-content\/uploads\/2024\/03\/PBM0_STAU029_C054-600x750.jpg","woocommerce_single-width":600,"woocommerce_single-height":750,"woocommerce_gallery_thumbnail":"https:\/\/kind.ee\/wp-content\/uploads\/2024\/03\/PBM0_STAU029_C054-100x100.jpg","woocommerce_gallery_thumbnail-width":100,"woocommerce_gallery_thumbnail-height":100}}],"varvikood":272,"varvid-native":false,"varvid-stedman":false,"varvikood-neutral":false,"varvid-sols":false,"midoceani_varvid":false,"purewaste":false,"beechfield-varvid":false,"bagbase":false,"mepal":false}],"tooteinfo":"Praktiline lisand s\u00f6\u00f6giaegadele. Kahekihilise blokeeringuga valmistatud pudip\u00f5ll, millel on isekangast rouleau k\u00f6ide ja kahekordse n\u00f6\u00f6pkinnituse suuruse reguleerimine tagakaelas,\r\n\r\n","materjal":"","varvus":""},"_links":{"self":[{"href":"https:\/\/kind.ee\/et\/wp-json\/wp\/v2\/product\/20538","targetHints":{"allow":["GET"]}}],"collection":[{"href":"https:\/\/kind.ee\/et\/wp-json\/wp\/v2\/product"}],"about":[{"href":"https:\/\/kind.ee\/et\/wp-json\/wp\/v2\/types\/product"}],"wp:featuredmedia":[{"embeddable":true,"href":"https:\/\/kind.ee\/et\/wp-json\/wp\/v2\/media\/20539"}],"wp:attachment":[{"href":"https:\/\/kind.ee\/et\/wp-json\/wp\/v2\/media?parent=20538"}],"wp:term":[{"taxonomy":"product_brand","embeddable":true,"href":"https:\/\/kind.ee\/et\/wp-json\/wp\/v2\/product_brand?post=20538"},{"taxonomy":"product_cat","embeddable":true,"href":"https:\/\/kind.ee\/et\/wp-json\/wp\/v2\/product_cat?post=20538"},{"taxonomy":"product_tag","embeddable":true,"href":"https:\/\/kind.ee\/et\/wp-json\/wp\/v2\/product_tag?post=20538"}],"curies":[{"name":"wp","href":"https:\/\/api.w.org\/{rel}","templated":true}]}}