{"id":15472,"date":"2023-11-04T10:47:13","date_gmt":"2023-11-04T10:47:13","guid":{"rendered":"https:\/\/kind.ee\/?post_type=product&#038;p=15472"},"modified":"2025-06-15T17:27:39","modified_gmt":"2025-06-15T17:27:39","slug":"naidikuga-termos-pole-2","status":"publish","type":"product","link":"https:\/\/kind.ee\/et\/toode\/naidikuga-termos-pole-2\/","title":{"rendered":"n\u00e4idikuga termos Pole"},"content":{"rendered":"","protected":false},"excerpt":{"rendered":"","protected":false},"featured_media":15475,"template":"","meta":[],"product_brand":[],"product_cat":[616,624],"product_tag":[],"class_list":{"0":"post-15472","1":"product","2":"type-product","3":"status-publish","4":"has-post-thumbnail","6":"product_cat-meened","7":"product_cat-noud","9":"first","10":"instock","11":"shipping-taxable","12":"purchasable","13":"product-type-simple"},"acf":{"muugi_argumendid":[],"sertifikaadid":[],"season":[],"loige":"","suuruste_tabel":false,"paksus":"","min_kogus":"5","kangas":"","kanga-info":"","mootmed":"Mahutavus: 390 ml<br \/>\r\nK\u00f5rgus: 23.5 cm<br \/>\r\nDiameeter: 6 cm<br \/>\r\nKaal: 466 g","toote_pildid_varvide_kaupa":[{"pildid":[{"ID":15475,"id":15475,"title":"mo6169-22","filename":"mo6169-22-e1699094819976.jpeg","filesize":19400,"url":"https:\/\/kind.ee\/wp-content\/uploads\/2023\/11\/mo6169-22-e1699094819976.jpeg","link":"https:\/\/kind.ee\/et\/?attachment_id=15475","alt":"","author":"4","description":"","caption":"","name":"mo6169-22","status":"inherit","uploaded_to":15472,"date":"2023-11-04 10:45:40","modified":"2023-11-04 10:45:40","menu_order":0,"mime_type":"image\/jpeg","type":"image","subtype":"jpeg","icon":"https:\/\/kind.ee\/wp-includes\/images\/media\/default.png","width":550,"height":623,"sizes":{"thumbnail":"https:\/\/kind.ee\/wp-content\/uploads\/2023\/11\/mo6169-22-e1699094819976-150x150.jpeg","thumbnail-width":150,"thumbnail-height":150,"medium":"https:\/\/kind.ee\/wp-content\/uploads\/2023\/11\/mo6169-22-e1699094819976-265x300.jpeg","medium-width":265,"medium-height":300,"medium_large":"https:\/\/kind.ee\/wp-content\/uploads\/2023\/11\/mo6169-22-e1699094819976.jpeg","medium_large-width":550,"medium_large-height":623,"large":"https:\/\/kind.ee\/wp-content\/uploads\/2023\/11\/mo6169-22-e1699094819976.jpeg","large-width":550,"large-height":623,"1536x1536":"https:\/\/kind.ee\/wp-content\/uploads\/2023\/11\/mo6169-22-e1699094819976.jpeg","1536x1536-width":550,"1536x1536-height":623,"2048x2048":"https:\/\/kind.ee\/wp-content\/uploads\/2023\/11\/mo6169-22-e1699094819976.jpeg","2048x2048-width":550,"2048x2048-height":623,"galerii_large":"https:\/\/kind.ee\/wp-content\/uploads\/2023\/11\/mo6169-22-e1699094819976.jpeg","galerii_large-width":550,"galerii_large-height":623,"galerii_large_retina":"https:\/\/kind.ee\/wp-content\/uploads\/2023\/11\/mo6169-22-e1699094819976.jpeg","galerii_large_retina-width":550,"galerii_large_retina-height":623,"woocommerce_thumbnail":"https:\/\/kind.ee\/wp-content\/uploads\/2023\/11\/mo6169-22-e1699094819976-300x300.jpeg","woocommerce_thumbnail-width":300,"woocommerce_thumbnail-height":300,"woocommerce_single":"https:\/\/kind.ee\/wp-content\/uploads\/2023\/11\/mo6169-22-e1699094819976.jpeg","woocommerce_single-width":550,"woocommerce_single-height":623,"woocommerce_gallery_thumbnail":"https:\/\/kind.ee\/wp-content\/uploads\/2023\/11\/mo6169-22-e1699094819976-100x100.jpeg","woocommerce_gallery_thumbnail-width":100,"woocommerce_gallery_thumbnail-height":100}},{"ID":15473,"id":15473,"title":"mo6169-22-open","filename":"mo6169-22-open.jpeg","filesize":16839,"url":"https:\/\/kind.ee\/wp-content\/uploads\/2023\/11\/mo6169-22-open.jpeg","link":"https:\/\/kind.ee\/et\/?attachment_id=15473","alt":"","author":"4","description":"","caption":"","name":"mo6169-22-open","status":"inherit","uploaded_to":15472,"date":"2023-11-04 10:45:36","modified":"2023-11-04 10:46:28","menu_order":0,"mime_type":"image\/jpeg","type":"image","subtype":"jpeg","icon":"https:\/\/kind.ee\/wp-includes\/images\/media\/default.png","width":700,"height":700,"sizes":{"thumbnail":"https:\/\/kind.ee\/wp-content\/uploads\/2023\/11\/mo6169-22-open-150x150.jpeg","thumbnail-width":150,"thumbnail-height":150,"medium":"https:\/\/kind.ee\/wp-content\/uploads\/2023\/11\/mo6169-22-open-300x300.jpeg","medium-width":300,"medium-height":300,"medium_large":"https:\/\/kind.ee\/wp-content\/uploads\/2023\/11\/mo6169-22-open.jpeg","medium_large-width":700,"medium_large-height":700,"large":"https:\/\/kind.ee\/wp-content\/uploads\/2023\/11\/mo6169-22-open.jpeg","large-width":700,"large-height":700,"1536x1536":"https:\/\/kind.ee\/wp-content\/uploads\/2023\/11\/mo6169-22-open.jpeg","1536x1536-width":700,"1536x1536-height":700,"2048x2048":"https:\/\/kind.ee\/wp-content\/uploads\/2023\/11\/mo6169-22-open.jpeg","2048x2048-width":700,"2048x2048-height":700,"galerii_large":"https:\/\/kind.ee\/wp-content\/uploads\/2023\/11\/mo6169-22-open.jpeg","galerii_large-width":700,"galerii_large-height":700,"galerii_large_retina":"https:\/\/kind.ee\/wp-content\/uploads\/2023\/11\/mo6169-22-open.jpeg","galerii_large_retina-width":700,"galerii_large_retina-height":700,"woocommerce_thumbnail":"https:\/\/kind.ee\/wp-content\/uploads\/2023\/11\/mo6169-22-open-300x300.jpeg","woocommerce_thumbnail-width":300,"woocommerce_thumbnail-height":300,"woocommerce_single":"https:\/\/kind.ee\/wp-content\/uploads\/2023\/11\/mo6169-22-open-600x600.jpeg","woocommerce_single-width":600,"woocommerce_single-height":600,"woocommerce_gallery_thumbnail":"https:\/\/kind.ee\/wp-content\/uploads\/2023\/11\/mo6169-22-open-100x100.jpeg","woocommerce_gallery_thumbnail-width":100,"woocommerce_gallery_thumbnail-height":100}}],"varvikood":false,"varvid-native":false,"varvid-stedman":false,"varvikood-neutral":false,"varvid-sols":false,"midoceani_varvid":false,"purewaste":false,"beechfield-varvid":false,"bagbase":false,"mepal":false}],"tooteinfo":"Kahekordse seinaga klaasist pudel, mis hoiab nii kuuma kui ka k\u00fclma jooki. Pudelil on tees\u00f5el ning korgil on puutetundlik temperatuurin\u00e4idik, mis n\u00e4itab sees oleva joogi hetketemperatuuri.","materjal":"Borosilikaat","varvus":""},"_links":{"self":[{"href":"https:\/\/kind.ee\/et\/wp-json\/wp\/v2\/product\/15472","targetHints":{"allow":["GET"]}}],"collection":[{"href":"https:\/\/kind.ee\/et\/wp-json\/wp\/v2\/product"}],"about":[{"href":"https:\/\/kind.ee\/et\/wp-json\/wp\/v2\/types\/product"}],"wp:featuredmedia":[{"embeddable":true,"href":"https:\/\/kind.ee\/et\/wp-json\/wp\/v2\/media\/15475"}],"wp:attachment":[{"href":"https:\/\/kind.ee\/et\/wp-json\/wp\/v2\/media?parent=15472"}],"wp:term":[{"taxonomy":"product_brand","embeddable":true,"href":"https:\/\/kind.ee\/et\/wp-json\/wp\/v2\/product_brand?post=15472"},{"taxonomy":"product_cat","embeddable":true,"href":"https:\/\/kind.ee\/et\/wp-json\/wp\/v2\/product_cat?post=15472"},{"taxonomy":"product_tag","embeddable":true,"href":"https:\/\/kind.ee\/et\/wp-json\/wp\/v2\/product_tag?post=15472"}],"curies":[{"name":"wp","href":"https:\/\/api.w.org\/{rel}","templated":true}]}}