{"id":15328,"date":"2023-11-04T00:34:04","date_gmt":"2023-11-04T00:34:04","guid":{"rendered":"https:\/\/kind.ee\/?post_type=product&#038;p=15328"},"modified":"2025-06-15T17:28:10","modified_gmt":"2025-06-15T17:28:10","slug":"pitsaloikur","status":"publish","type":"product","link":"https:\/\/kind.ee\/et\/toode\/pitsaloikur\/","title":{"rendered":"pitsal\u00f5ikur"},"content":{"rendered":"","protected":false},"excerpt":{"rendered":"","protected":false},"featured_media":15333,"template":"","meta":[],"product_brand":[],"product_cat":[619,616],"product_tag":[],"class_list":{"0":"post-15328","1":"product","2":"type-product","3":"status-publish","4":"has-post-thumbnail","6":"product_cat-kodu","7":"product_cat-meened","9":"first","10":"instock","11":"shipping-taxable","12":"purchasable","13":"product-type-simple"},"acf":{"muugi_argumendid":[],"sertifikaadid":[],"season":[],"loige":"","suuruste_tabel":false,"paksus":"","min_kogus":"5","kangas":"","kanga-info":"","mootmed":"K\u00f5rgus: 2 cm<br \/>\r\nPikkus: 22 cm<br \/>\r\nLaius: 10 cm<br \/>\r\nKaal: 64 g","toote_pildid_varvide_kaupa":[{"pildid":[{"ID":15329,"id":15329,"title":"mo6592-03-detail","filename":"mo6592-03-detail.jpeg","filesize":61450,"url":"https:\/\/kind.ee\/wp-content\/uploads\/2023\/11\/mo6592-03-detail.jpeg","link":"https:\/\/kind.ee\/et\/?attachment_id=15329","alt":"","author":"4","description":"","caption":"","name":"mo6592-03-detail","status":"inherit","uploaded_to":15328,"date":"2023-11-04 00:32:30","modified":"2023-11-04 00:33:45","menu_order":0,"mime_type":"image\/jpeg","type":"image","subtype":"jpeg","icon":"https:\/\/kind.ee\/wp-includes\/images\/media\/default.png","width":691,"height":428,"sizes":{"thumbnail":"https:\/\/kind.ee\/wp-content\/uploads\/2023\/11\/mo6592-03-detail-150x150.jpeg","thumbnail-width":150,"thumbnail-height":150,"medium":"https:\/\/kind.ee\/wp-content\/uploads\/2023\/11\/mo6592-03-detail-300x186.jpeg","medium-width":300,"medium-height":186,"medium_large":"https:\/\/kind.ee\/wp-content\/uploads\/2023\/11\/mo6592-03-detail.jpeg","medium_large-width":691,"medium_large-height":428,"large":"https:\/\/kind.ee\/wp-content\/uploads\/2023\/11\/mo6592-03-detail.jpeg","large-width":691,"large-height":428,"1536x1536":"https:\/\/kind.ee\/wp-content\/uploads\/2023\/11\/mo6592-03-detail.jpeg","1536x1536-width":691,"1536x1536-height":428,"2048x2048":"https:\/\/kind.ee\/wp-content\/uploads\/2023\/11\/mo6592-03-detail.jpeg","2048x2048-width":691,"2048x2048-height":428,"galerii_large":"https:\/\/kind.ee\/wp-content\/uploads\/2023\/11\/mo6592-03-detail.jpeg","galerii_large-width":691,"galerii_large-height":428,"galerii_large_retina":"https:\/\/kind.ee\/wp-content\/uploads\/2023\/11\/mo6592-03-detail.jpeg","galerii_large_retina-width":691,"galerii_large_retina-height":428,"woocommerce_thumbnail":"https:\/\/kind.ee\/wp-content\/uploads\/2023\/11\/mo6592-03-detail-300x300.jpeg","woocommerce_thumbnail-width":300,"woocommerce_thumbnail-height":300,"woocommerce_single":"https:\/\/kind.ee\/wp-content\/uploads\/2023\/11\/mo6592-03-detail-600x372.jpeg","woocommerce_single-width":600,"woocommerce_single-height":372,"woocommerce_gallery_thumbnail":"https:\/\/kind.ee\/wp-content\/uploads\/2023\/11\/mo6592-03-detail-100x100.jpeg","woocommerce_gallery_thumbnail-width":100,"woocommerce_gallery_thumbnail-height":100}},{"ID":15333,"id":15333,"title":"mo6592-03-side","filename":"mo6592-03-side.jpeg","filesize":15296,"url":"https:\/\/kind.ee\/wp-content\/uploads\/2023\/11\/mo6592-03-side.jpeg","link":"https:\/\/kind.ee\/et\/?attachment_id=15333","alt":"","author":"4","description":"","caption":"","name":"mo6592-03-side","status":"inherit","uploaded_to":15328,"date":"2023-11-04 00:32:38","modified":"2023-11-04 00:32:38","menu_order":0,"mime_type":"image\/jpeg","type":"image","subtype":"jpeg","icon":"https:\/\/kind.ee\/wp-includes\/images\/media\/default.png","width":700,"height":700,"sizes":{"thumbnail":"https:\/\/kind.ee\/wp-content\/uploads\/2023\/11\/mo6592-03-side-150x150.jpeg","thumbnail-width":150,"thumbnail-height":150,"medium":"https:\/\/kind.ee\/wp-content\/uploads\/2023\/11\/mo6592-03-side-300x300.jpeg","medium-width":300,"medium-height":300,"medium_large":"https:\/\/kind.ee\/wp-content\/uploads\/2023\/11\/mo6592-03-side.jpeg","medium_large-width":700,"medium_large-height":700,"large":"https:\/\/kind.ee\/wp-content\/uploads\/2023\/11\/mo6592-03-side.jpeg","large-width":700,"large-height":700,"1536x1536":"https:\/\/kind.ee\/wp-content\/uploads\/2023\/11\/mo6592-03-side.jpeg","1536x1536-width":700,"1536x1536-height":700,"2048x2048":"https:\/\/kind.ee\/wp-content\/uploads\/2023\/11\/mo6592-03-side.jpeg","2048x2048-width":700,"2048x2048-height":700,"galerii_large":"https:\/\/kind.ee\/wp-content\/uploads\/2023\/11\/mo6592-03-side.jpeg","galerii_large-width":700,"galerii_large-height":700,"galerii_large_retina":"https:\/\/kind.ee\/wp-content\/uploads\/2023\/11\/mo6592-03-side.jpeg","galerii_large_retina-width":700,"galerii_large_retina-height":700,"woocommerce_thumbnail":"https:\/\/kind.ee\/wp-content\/uploads\/2023\/11\/mo6592-03-side-300x300.jpeg","woocommerce_thumbnail-width":300,"woocommerce_thumbnail-height":300,"woocommerce_single":"https:\/\/kind.ee\/wp-content\/uploads\/2023\/11\/mo6592-03-side-600x600.jpeg","woocommerce_single-width":600,"woocommerce_single-height":600,"woocommerce_gallery_thumbnail":"https:\/\/kind.ee\/wp-content\/uploads\/2023\/11\/mo6592-03-side-100x100.jpeg","woocommerce_gallery_thumbnail-width":100,"woocommerce_gallery_thumbnail-height":100}}],"varvikood":false,"varvid-native":false,"varvid-stedman":false,"varvikood-neutral":false,"varvid-sols":false,"midoceani_varvid":false,"purewaste":false,"beechfield-varvid":false,"bagbase":false,"mepal":false}],"tooteinfo":"Kirvekujuline bambusest k\u00e4epidemega pitsal\u00f5ikur. Suurep\u00e4rane kingitus neile, kes armastavad humoorikaid, kuid praktilisi kingitusi.","materjal":"Bambus","varvus":""},"_links":{"self":[{"href":"https:\/\/kind.ee\/et\/wp-json\/wp\/v2\/product\/15328","targetHints":{"allow":["GET"]}}],"collection":[{"href":"https:\/\/kind.ee\/et\/wp-json\/wp\/v2\/product"}],"about":[{"href":"https:\/\/kind.ee\/et\/wp-json\/wp\/v2\/types\/product"}],"wp:featuredmedia":[{"embeddable":true,"href":"https:\/\/kind.ee\/et\/wp-json\/wp\/v2\/media\/15333"}],"wp:attachment":[{"href":"https:\/\/kind.ee\/et\/wp-json\/wp\/v2\/media?parent=15328"}],"wp:term":[{"taxonomy":"product_brand","embeddable":true,"href":"https:\/\/kind.ee\/et\/wp-json\/wp\/v2\/product_brand?post=15328"},{"taxonomy":"product_cat","embeddable":true,"href":"https:\/\/kind.ee\/et\/wp-json\/wp\/v2\/product_cat?post=15328"},{"taxonomy":"product_tag","embeddable":true,"href":"https:\/\/kind.ee\/et\/wp-json\/wp\/v2\/product_tag?post=15328"}],"curies":[{"name":"wp","href":"https:\/\/api.w.org\/{rel}","templated":true}]}}