{"id":15215,"date":"2023-11-03T23:42:19","date_gmt":"2023-11-03T23:42:19","guid":{"rendered":"https:\/\/kind.ee\/?post_type=product&#038;p=15215"},"modified":"2025-06-15T17:28:13","modified_gmt":"2025-06-15T17:28:13","slug":"terasest-termospudel","status":"publish","type":"product","link":"https:\/\/kind.ee\/et\/toode\/terasest-termospudel\/","title":{"rendered":"terasest termospudel"},"content":{"rendered":"","protected":false},"excerpt":{"rendered":"","protected":false},"featured_media":15220,"template":"","meta":[],"product_brand":[],"product_cat":[616,624],"product_tag":[],"class_list":{"0":"post-15215","1":"product","2":"type-product","3":"status-publish","4":"has-post-thumbnail","6":"product_cat-meened","7":"product_cat-noud","9":"first","10":"instock","11":"shipping-taxable","12":"purchasable","13":"product-type-simple"},"acf":{"muugi_argumendid":[],"sertifikaadid":[],"season":[],"loige":"","suuruste_tabel":false,"paksus":"","min_kogus":"5","kangas":"","kanga-info":"","mootmed":"Mahutavus: 500 ml<br \/>\r\nK\u00f5rgus: 24.5 cm<br \/>\r\nDiameeter: 6.5 cm<br \/>\r\nLaius: 6.5 cm<br \/>\r\nKaal: 315 g","toote_pildid_varvide_kaupa":[{"pildid":[{"ID":15220,"id":15220,"title":"terasest termospudel","filename":"mo2109-16-e1699054928360.jpeg","filesize":13250,"url":"https:\/\/kind.ee\/wp-content\/uploads\/2023\/11\/mo2109-16-e1699054928360.jpeg","link":"https:\/\/kind.ee\/et\/?attachment_id=15220","alt":"","author":"4","description":"https:\/\/kind.ee\/et\/pood\/terasest-termospudel\/?cat=noud","caption":"","name":"mo2109-16","status":"inherit","uploaded_to":15215,"date":"2023-11-03 23:40:08","modified":"2024-09-08 21:54:23","menu_order":0,"mime_type":"image\/jpeg","type":"image","subtype":"jpeg","icon":"https:\/\/kind.ee\/wp-includes\/images\/media\/default.png","width":483,"height":646,"sizes":{"thumbnail":"https:\/\/kind.ee\/wp-content\/uploads\/2023\/11\/mo2109-16-e1699054928360-150x150.jpeg","thumbnail-width":150,"thumbnail-height":150,"medium":"https:\/\/kind.ee\/wp-content\/uploads\/2023\/11\/mo2109-16-e1699054928360-224x300.jpeg","medium-width":224,"medium-height":300,"medium_large":"https:\/\/kind.ee\/wp-content\/uploads\/2023\/11\/mo2109-16-e1699054928360.jpeg","medium_large-width":483,"medium_large-height":646,"large":"https:\/\/kind.ee\/wp-content\/uploads\/2023\/11\/mo2109-16-e1699054928360.jpeg","large-width":483,"large-height":646,"1536x1536":"https:\/\/kind.ee\/wp-content\/uploads\/2023\/11\/mo2109-16-e1699054928360.jpeg","1536x1536-width":483,"1536x1536-height":646,"2048x2048":"https:\/\/kind.ee\/wp-content\/uploads\/2023\/11\/mo2109-16-e1699054928360.jpeg","2048x2048-width":483,"2048x2048-height":646,"galerii_large":"https:\/\/kind.ee\/wp-content\/uploads\/2023\/11\/mo2109-16-e1699054928360.jpeg","galerii_large-width":483,"galerii_large-height":646,"galerii_large_retina":"https:\/\/kind.ee\/wp-content\/uploads\/2023\/11\/mo2109-16-e1699054928360.jpeg","galerii_large_retina-width":483,"galerii_large_retina-height":646,"woocommerce_thumbnail":"https:\/\/kind.ee\/wp-content\/uploads\/2023\/11\/mo2109-16-e1699054928360-300x300.jpeg","woocommerce_thumbnail-width":300,"woocommerce_thumbnail-height":300,"woocommerce_single":"https:\/\/kind.ee\/wp-content\/uploads\/2023\/11\/mo2109-16-e1699054928360.jpeg","woocommerce_single-width":483,"woocommerce_single-height":646,"woocommerce_gallery_thumbnail":"https:\/\/kind.ee\/wp-content\/uploads\/2023\/11\/mo2109-16-e1699054928360-100x100.jpeg","woocommerce_gallery_thumbnail-width":100,"woocommerce_gallery_thumbnail-height":100}},{"ID":15216,"id":15216,"title":"mo2109-16-open","filename":"mo2109-16-open.jpeg","filesize":31091,"url":"https:\/\/kind.ee\/wp-content\/uploads\/2023\/11\/mo2109-16-open.jpeg","link":"https:\/\/kind.ee\/et\/?attachment_id=15216","alt":"","author":"4","description":"","caption":"","name":"mo2109-16-open","status":"inherit","uploaded_to":15215,"date":"2023-11-03 23:40:00","modified":"2023-11-03 23:40:00","menu_order":0,"mime_type":"image\/jpeg","type":"image","subtype":"jpeg","icon":"https:\/\/kind.ee\/wp-includes\/images\/media\/default.png","width":700,"height":700,"sizes":{"thumbnail":"https:\/\/kind.ee\/wp-content\/uploads\/2023\/11\/mo2109-16-open-150x150.jpeg","thumbnail-width":150,"thumbnail-height":150,"medium":"https:\/\/kind.ee\/wp-content\/uploads\/2023\/11\/mo2109-16-open-300x300.jpeg","medium-width":300,"medium-height":300,"medium_large":"https:\/\/kind.ee\/wp-content\/uploads\/2023\/11\/mo2109-16-open.jpeg","medium_large-width":700,"medium_large-height":700,"large":"https:\/\/kind.ee\/wp-content\/uploads\/2023\/11\/mo2109-16-open.jpeg","large-width":700,"large-height":700,"1536x1536":"https:\/\/kind.ee\/wp-content\/uploads\/2023\/11\/mo2109-16-open.jpeg","1536x1536-width":700,"1536x1536-height":700,"2048x2048":"https:\/\/kind.ee\/wp-content\/uploads\/2023\/11\/mo2109-16-open.jpeg","2048x2048-width":700,"2048x2048-height":700,"galerii_large":"https:\/\/kind.ee\/wp-content\/uploads\/2023\/11\/mo2109-16-open.jpeg","galerii_large-width":700,"galerii_large-height":700,"galerii_large_retina":"https:\/\/kind.ee\/wp-content\/uploads\/2023\/11\/mo2109-16-open.jpeg","galerii_large_retina-width":700,"galerii_large_retina-height":700,"woocommerce_thumbnail":"https:\/\/kind.ee\/wp-content\/uploads\/2023\/11\/mo2109-16-open-300x300.jpeg","woocommerce_thumbnail-width":300,"woocommerce_thumbnail-height":300,"woocommerce_single":"https:\/\/kind.ee\/wp-content\/uploads\/2023\/11\/mo2109-16-open-600x600.jpeg","woocommerce_single-width":600,"woocommerce_single-height":600,"woocommerce_gallery_thumbnail":"https:\/\/kind.ee\/wp-content\/uploads\/2023\/11\/mo2109-16-open-100x100.jpeg","woocommerce_gallery_thumbnail-width":100,"woocommerce_gallery_thumbnail-height":100}},{"ID":15218,"id":15218,"title":"mo2109-16-top","filename":"mo2109-16-top.jpeg","filesize":36993,"url":"https:\/\/kind.ee\/wp-content\/uploads\/2023\/11\/mo2109-16-top.jpeg","link":"https:\/\/kind.ee\/et\/?attachment_id=15218","alt":"","author":"4","description":"","caption":"","name":"mo2109-16-top","status":"inherit","uploaded_to":15215,"date":"2023-11-03 23:40:04","modified":"2023-11-03 23:41:17","menu_order":0,"mime_type":"image\/jpeg","type":"image","subtype":"jpeg","icon":"https:\/\/kind.ee\/wp-includes\/images\/media\/default.png","width":700,"height":700,"sizes":{"thumbnail":"https:\/\/kind.ee\/wp-content\/uploads\/2023\/11\/mo2109-16-top-150x150.jpeg","thumbnail-width":150,"thumbnail-height":150,"medium":"https:\/\/kind.ee\/wp-content\/uploads\/2023\/11\/mo2109-16-top-300x300.jpeg","medium-width":300,"medium-height":300,"medium_large":"https:\/\/kind.ee\/wp-content\/uploads\/2023\/11\/mo2109-16-top.jpeg","medium_large-width":700,"medium_large-height":700,"large":"https:\/\/kind.ee\/wp-content\/uploads\/2023\/11\/mo2109-16-top.jpeg","large-width":700,"large-height":700,"1536x1536":"https:\/\/kind.ee\/wp-content\/uploads\/2023\/11\/mo2109-16-top.jpeg","1536x1536-width":700,"1536x1536-height":700,"2048x2048":"https:\/\/kind.ee\/wp-content\/uploads\/2023\/11\/mo2109-16-top.jpeg","2048x2048-width":700,"2048x2048-height":700,"galerii_large":"https:\/\/kind.ee\/wp-content\/uploads\/2023\/11\/mo2109-16-top.jpeg","galerii_large-width":700,"galerii_large-height":700,"galerii_large_retina":"https:\/\/kind.ee\/wp-content\/uploads\/2023\/11\/mo2109-16-top.jpeg","galerii_large_retina-width":700,"galerii_large_retina-height":700,"woocommerce_thumbnail":"https:\/\/kind.ee\/wp-content\/uploads\/2023\/11\/mo2109-16-top-300x300.jpeg","woocommerce_thumbnail-width":300,"woocommerce_thumbnail-height":300,"woocommerce_single":"https:\/\/kind.ee\/wp-content\/uploads\/2023\/11\/mo2109-16-top-600x600.jpeg","woocommerce_single-width":600,"woocommerce_single-height":600,"woocommerce_gallery_thumbnail":"https:\/\/kind.ee\/wp-content\/uploads\/2023\/11\/mo2109-16-top-100x100.jpeg","woocommerce_gallery_thumbnail-width":100,"woocommerce_gallery_thumbnail-height":100}}],"varvikood":false,"varvid-native":false,"varvid-stedman":false,"varvikood-neutral":false,"varvid-sols":false,"midoceani_varvid":false,"purewaste":false,"beechfield-varvid":false,"bagbase":false,"mepal":false}],"tooteinfo":"Kahekordse seinaga roostevabast terasest termos, mida on hea v\u00e4ljas\u00f5itudele kaasa v\u00f5tta.","materjal":"Roostevaba teras","varvus":""},"_links":{"self":[{"href":"https:\/\/kind.ee\/et\/wp-json\/wp\/v2\/product\/15215","targetHints":{"allow":["GET"]}}],"collection":[{"href":"https:\/\/kind.ee\/et\/wp-json\/wp\/v2\/product"}],"about":[{"href":"https:\/\/kind.ee\/et\/wp-json\/wp\/v2\/types\/product"}],"wp:featuredmedia":[{"embeddable":true,"href":"https:\/\/kind.ee\/et\/wp-json\/wp\/v2\/media\/15220"}],"wp:attachment":[{"href":"https:\/\/kind.ee\/et\/wp-json\/wp\/v2\/media?parent=15215"}],"wp:term":[{"taxonomy":"product_brand","embeddable":true,"href":"https:\/\/kind.ee\/et\/wp-json\/wp\/v2\/product_brand?post=15215"},{"taxonomy":"product_cat","embeddable":true,"href":"https:\/\/kind.ee\/et\/wp-json\/wp\/v2\/product_cat?post=15215"},{"taxonomy":"product_tag","embeddable":true,"href":"https:\/\/kind.ee\/et\/wp-json\/wp\/v2\/product_tag?post=15215"}],"curies":[{"name":"wp","href":"https:\/\/api.w.org\/{rel}","templated":true}]}}