{"id":15206,"date":"2023-11-03T23:38:22","date_gmt":"2023-11-03T23:38:22","guid":{"rendered":"https:\/\/kind.ee\/?post_type=product&#038;p=15206"},"modified":"2025-06-15T17:28:13","modified_gmt":"2025-06-15T17:28:13","slug":"soogiriistadega-lounakarpide-komplekt","status":"publish","type":"product","link":"https:\/\/kind.ee\/et\/toode\/soogiriistadega-lounakarpide-komplekt\/","title":{"rendered":"s\u00f6\u00f6giriistadega l\u00f5unakarpide komplekt"},"content":{"rendered":"","protected":false},"excerpt":{"rendered":"","protected":false},"featured_media":15213,"template":"","meta":[],"product_brand":[],"product_cat":[616,624],"product_tag":[],"class_list":{"0":"post-15206","1":"product","2":"type-product","3":"status-publish","4":"has-post-thumbnail","6":"product_cat-meened","7":"product_cat-noud","9":"first","10":"instock","11":"shipping-taxable","12":"purchasable","13":"product-type-simple"},"acf":{"muugi_argumendid":[],"sertifikaadid":[],"season":[],"loige":"","suuruste_tabel":false,"paksus":"","min_kogus":"5","kangas":"","kanga-info":"","mootmed":"K\u00f5rgus: 9.5 cm<br \/>\r\nPikkus: 18 cm<br \/>\r\nLaius: 10 cm<br \/>\r\nKaal: 467 g","toote_pildid_varvide_kaupa":[{"pildid":[{"ID":15213,"id":15213,"title":"mo2088-06","filename":"mo2088-06-e1699054685871.jpeg","filesize":24393,"url":"https:\/\/kind.ee\/wp-content\/uploads\/2023\/11\/mo2088-06-e1699054685871.jpeg","link":"https:\/\/kind.ee\/et\/?attachment_id=15213","alt":"","author":"4","description":"","caption":"","name":"mo2088-06","status":"inherit","uploaded_to":15206,"date":"2023-11-03 23:35:23","modified":"2023-11-03 23:35:23","menu_order":0,"mime_type":"image\/jpeg","type":"image","subtype":"jpeg","icon":"https:\/\/kind.ee\/wp-includes\/images\/media\/default.png","width":626,"height":561,"sizes":{"thumbnail":"https:\/\/kind.ee\/wp-content\/uploads\/2023\/11\/mo2088-06-e1699054685871-150x150.jpeg","thumbnail-width":150,"thumbnail-height":150,"medium":"https:\/\/kind.ee\/wp-content\/uploads\/2023\/11\/mo2088-06-e1699054685871-300x269.jpeg","medium-width":300,"medium-height":269,"medium_large":"https:\/\/kind.ee\/wp-content\/uploads\/2023\/11\/mo2088-06-e1699054685871.jpeg","medium_large-width":626,"medium_large-height":561,"large":"https:\/\/kind.ee\/wp-content\/uploads\/2023\/11\/mo2088-06-e1699054685871.jpeg","large-width":626,"large-height":561,"1536x1536":"https:\/\/kind.ee\/wp-content\/uploads\/2023\/11\/mo2088-06-e1699054685871.jpeg","1536x1536-width":626,"1536x1536-height":561,"2048x2048":"https:\/\/kind.ee\/wp-content\/uploads\/2023\/11\/mo2088-06-e1699054685871.jpeg","2048x2048-width":626,"2048x2048-height":561,"galerii_large":"https:\/\/kind.ee\/wp-content\/uploads\/2023\/11\/mo2088-06-e1699054685871.jpeg","galerii_large-width":626,"galerii_large-height":561,"galerii_large_retina":"https:\/\/kind.ee\/wp-content\/uploads\/2023\/11\/mo2088-06-e1699054685871.jpeg","galerii_large_retina-width":626,"galerii_large_retina-height":561,"woocommerce_thumbnail":"https:\/\/kind.ee\/wp-content\/uploads\/2023\/11\/mo2088-06-e1699054685871-300x300.jpeg","woocommerce_thumbnail-width":300,"woocommerce_thumbnail-height":300,"woocommerce_single":"https:\/\/kind.ee\/wp-content\/uploads\/2023\/11\/mo2088-06-e1699054685871-600x538.jpeg","woocommerce_single-width":600,"woocommerce_single-height":538,"woocommerce_gallery_thumbnail":"https:\/\/kind.ee\/wp-content\/uploads\/2023\/11\/mo2088-06-e1699054685871-100x100.jpeg","woocommerce_gallery_thumbnail-width":100,"woocommerce_gallery_thumbnail-height":100}},{"ID":15211,"id":15211,"title":"mo2088-06-side","filename":"mo2088-06-side.jpeg","filesize":20468,"url":"https:\/\/kind.ee\/wp-content\/uploads\/2023\/11\/mo2088-06-side.jpeg","link":"https:\/\/kind.ee\/et\/?attachment_id=15211","alt":"","author":"4","description":"","caption":"","name":"mo2088-06-side","status":"inherit","uploaded_to":15206,"date":"2023-11-03 23:35:18","modified":"2023-11-03 23:36:16","menu_order":0,"mime_type":"image\/jpeg","type":"image","subtype":"jpeg","icon":"https:\/\/kind.ee\/wp-includes\/images\/media\/default.png","width":700,"height":700,"sizes":{"thumbnail":"https:\/\/kind.ee\/wp-content\/uploads\/2023\/11\/mo2088-06-side-150x150.jpeg","thumbnail-width":150,"thumbnail-height":150,"medium":"https:\/\/kind.ee\/wp-content\/uploads\/2023\/11\/mo2088-06-side-300x300.jpeg","medium-width":300,"medium-height":300,"medium_large":"https:\/\/kind.ee\/wp-content\/uploads\/2023\/11\/mo2088-06-side.jpeg","medium_large-width":700,"medium_large-height":700,"large":"https:\/\/kind.ee\/wp-content\/uploads\/2023\/11\/mo2088-06-side.jpeg","large-width":700,"large-height":700,"1536x1536":"https:\/\/kind.ee\/wp-content\/uploads\/2023\/11\/mo2088-06-side.jpeg","1536x1536-width":700,"1536x1536-height":700,"2048x2048":"https:\/\/kind.ee\/wp-content\/uploads\/2023\/11\/mo2088-06-side.jpeg","2048x2048-width":700,"2048x2048-height":700,"galerii_large":"https:\/\/kind.ee\/wp-content\/uploads\/2023\/11\/mo2088-06-side.jpeg","galerii_large-width":700,"galerii_large-height":700,"galerii_large_retina":"https:\/\/kind.ee\/wp-content\/uploads\/2023\/11\/mo2088-06-side.jpeg","galerii_large_retina-width":700,"galerii_large_retina-height":700,"woocommerce_thumbnail":"https:\/\/kind.ee\/wp-content\/uploads\/2023\/11\/mo2088-06-side-300x300.jpeg","woocommerce_thumbnail-width":300,"woocommerce_thumbnail-height":300,"woocommerce_single":"https:\/\/kind.ee\/wp-content\/uploads\/2023\/11\/mo2088-06-side-600x600.jpeg","woocommerce_single-width":600,"woocommerce_single-height":600,"woocommerce_gallery_thumbnail":"https:\/\/kind.ee\/wp-content\/uploads\/2023\/11\/mo2088-06-side-100x100.jpeg","woocommerce_gallery_thumbnail-width":100,"woocommerce_gallery_thumbnail-height":100}}],"varvikood":false,"varvid-native":false,"varvid-stedman":false,"varvikood-neutral":false,"varvid-sols":false,"midoceani_varvid":684,"purewaste":false,"beechfield-varvid":false,"bagbase":false,"mepal":false},{"pildid":[{"ID":15209,"id":15209,"title":"mo2088-03","filename":"mo2088-03.jpeg","filesize":25208,"url":"https:\/\/kind.ee\/wp-content\/uploads\/2023\/11\/mo2088-03.jpeg","link":"https:\/\/kind.ee\/et\/?attachment_id=15209","alt":"","author":"4","description":"","caption":"","name":"mo2088-03","status":"inherit","uploaded_to":15206,"date":"2023-11-03 23:35:09","modified":"2023-11-03 23:35:09","menu_order":0,"mime_type":"image\/jpeg","type":"image","subtype":"jpeg","icon":"https:\/\/kind.ee\/wp-includes\/images\/media\/default.png","width":700,"height":700,"sizes":{"thumbnail":"https:\/\/kind.ee\/wp-content\/uploads\/2023\/11\/mo2088-03-150x150.jpeg","thumbnail-width":150,"thumbnail-height":150,"medium":"https:\/\/kind.ee\/wp-content\/uploads\/2023\/11\/mo2088-03-300x300.jpeg","medium-width":300,"medium-height":300,"medium_large":"https:\/\/kind.ee\/wp-content\/uploads\/2023\/11\/mo2088-03.jpeg","medium_large-width":700,"medium_large-height":700,"large":"https:\/\/kind.ee\/wp-content\/uploads\/2023\/11\/mo2088-03.jpeg","large-width":700,"large-height":700,"1536x1536":"https:\/\/kind.ee\/wp-content\/uploads\/2023\/11\/mo2088-03.jpeg","1536x1536-width":700,"1536x1536-height":700,"2048x2048":"https:\/\/kind.ee\/wp-content\/uploads\/2023\/11\/mo2088-03.jpeg","2048x2048-width":700,"2048x2048-height":700,"galerii_large":"https:\/\/kind.ee\/wp-content\/uploads\/2023\/11\/mo2088-03.jpeg","galerii_large-width":700,"galerii_large-height":700,"galerii_large_retina":"https:\/\/kind.ee\/wp-content\/uploads\/2023\/11\/mo2088-03.jpeg","galerii_large_retina-width":700,"galerii_large_retina-height":700,"woocommerce_thumbnail":"https:\/\/kind.ee\/wp-content\/uploads\/2023\/11\/mo2088-03-300x300.jpeg","woocommerce_thumbnail-width":300,"woocommerce_thumbnail-height":300,"woocommerce_single":"https:\/\/kind.ee\/wp-content\/uploads\/2023\/11\/mo2088-03-600x600.jpeg","woocommerce_single-width":600,"woocommerce_single-height":600,"woocommerce_gallery_thumbnail":"https:\/\/kind.ee\/wp-content\/uploads\/2023\/11\/mo2088-03-100x100.jpeg","woocommerce_gallery_thumbnail-width":100,"woocommerce_gallery_thumbnail-height":100}},{"ID":15207,"id":15207,"title":"mo2088-03-side","filename":"mo2088-03-side.jpeg","filesize":20510,"url":"https:\/\/kind.ee\/wp-content\/uploads\/2023\/11\/mo2088-03-side.jpeg","link":"https:\/\/kind.ee\/et\/?attachment_id=15207","alt":"","author":"4","description":"","caption":"","name":"mo2088-03-side","status":"inherit","uploaded_to":15206,"date":"2023-11-03 23:35:06","modified":"2023-11-03 23:36:45","menu_order":0,"mime_type":"image\/jpeg","type":"image","subtype":"jpeg","icon":"https:\/\/kind.ee\/wp-includes\/images\/media\/default.png","width":700,"height":700,"sizes":{"thumbnail":"https:\/\/kind.ee\/wp-content\/uploads\/2023\/11\/mo2088-03-side-150x150.jpeg","thumbnail-width":150,"thumbnail-height":150,"medium":"https:\/\/kind.ee\/wp-content\/uploads\/2023\/11\/mo2088-03-side-300x300.jpeg","medium-width":300,"medium-height":300,"medium_large":"https:\/\/kind.ee\/wp-content\/uploads\/2023\/11\/mo2088-03-side.jpeg","medium_large-width":700,"medium_large-height":700,"large":"https:\/\/kind.ee\/wp-content\/uploads\/2023\/11\/mo2088-03-side.jpeg","large-width":700,"large-height":700,"1536x1536":"https:\/\/kind.ee\/wp-content\/uploads\/2023\/11\/mo2088-03-side.jpeg","1536x1536-width":700,"1536x1536-height":700,"2048x2048":"https:\/\/kind.ee\/wp-content\/uploads\/2023\/11\/mo2088-03-side.jpeg","2048x2048-width":700,"2048x2048-height":700,"galerii_large":"https:\/\/kind.ee\/wp-content\/uploads\/2023\/11\/mo2088-03-side.jpeg","galerii_large-width":700,"galerii_large-height":700,"galerii_large_retina":"https:\/\/kind.ee\/wp-content\/uploads\/2023\/11\/mo2088-03-side.jpeg","galerii_large_retina-width":700,"galerii_large_retina-height":700,"woocommerce_thumbnail":"https:\/\/kind.ee\/wp-content\/uploads\/2023\/11\/mo2088-03-side-300x300.jpeg","woocommerce_thumbnail-width":300,"woocommerce_thumbnail-height":300,"woocommerce_single":"https:\/\/kind.ee\/wp-content\/uploads\/2023\/11\/mo2088-03-side-600x600.jpeg","woocommerce_single-width":600,"woocommerce_single-height":600,"woocommerce_gallery_thumbnail":"https:\/\/kind.ee\/wp-content\/uploads\/2023\/11\/mo2088-03-side-100x100.jpeg","woocommerce_gallery_thumbnail-width":100,"woocommerce_gallery_thumbnail-height":100}}],"varvikood":false,"varvid-native":false,"varvid-stedman":false,"varvikood-neutral":false,"varvid-sols":false,"midoceani_varvid":682,"purewaste":false,"beechfield-varvid":false,"bagbase":false,"mepal":false}],"tooteinfo":"Kahekorruseline l\u00f5unakarpide komplekt koos s\u00f6\u00f6giriistadega. Kaanel on ka telefonialuse funktsionaalsus.","materjal":"Taaskasutatud pol\u00fcprop\u00fcleen","varvus":""},"_links":{"self":[{"href":"https:\/\/kind.ee\/et\/wp-json\/wp\/v2\/product\/15206","targetHints":{"allow":["GET"]}}],"collection":[{"href":"https:\/\/kind.ee\/et\/wp-json\/wp\/v2\/product"}],"about":[{"href":"https:\/\/kind.ee\/et\/wp-json\/wp\/v2\/types\/product"}],"wp:featuredmedia":[{"embeddable":true,"href":"https:\/\/kind.ee\/et\/wp-json\/wp\/v2\/media\/15213"}],"wp:attachment":[{"href":"https:\/\/kind.ee\/et\/wp-json\/wp\/v2\/media?parent=15206"}],"wp:term":[{"taxonomy":"product_brand","embeddable":true,"href":"https:\/\/kind.ee\/et\/wp-json\/wp\/v2\/product_brand?post=15206"},{"taxonomy":"product_cat","embeddable":true,"href":"https:\/\/kind.ee\/et\/wp-json\/wp\/v2\/product_cat?post=15206"},{"taxonomy":"product_tag","embeddable":true,"href":"https:\/\/kind.ee\/et\/wp-json\/wp\/v2\/product_tag?post=15206"}],"curies":[{"name":"wp","href":"https:\/\/api.w.org\/{rel}","templated":true}]}}